{"id":9622,"date":"2020-10-01T00:00:00","date_gmt":"2020-10-01T00:00:00","guid":{"rendered":"https:\/\/mack4seasons.com\/?post_type=product&#038;p=9622"},"modified":"2022-12-14T09:47:08","modified_gmt":"2022-12-14T09:47:08","slug":"pressostato-cod-70025303","status":"publish","type":"product","link":"https:\/\/mack4seasons.com\/fr\/negozio\/thermorossi\/caldaie-a-pellet-thermorossi\/compact-13-class-5\/pressostato-cod-70025303\/","title":{"rendered":"Pressostat pour po\u00eale \u00e0 pellets Thermorossi Code 70025303"},"content":{"rendered":"<hr \/>\n<h2>Pressostat pour po\u00eale \u00e0 pellets Thermorossi<\/h2>\n<p>Codice 70025303<br \/>\n<strong> Pour les mod\u00e8les de po\u00eales \u00e0 granules Thermorossi suivants\u00a0: <\/strong> Dorica, Mood, Monamour, Kokkola, Slimquadro 9, Dorica Supreme, Compact S24 Class 5, Compact S24 Evo, Compact 13 Class 5, Pidra Supreme, Pop<\/p>","protected":false},"excerpt":{"rendered":"<hr \/>\n<p>Compatible avec le code original Thermorossi <strong>Codice 70025303<\/strong><\/p>","protected":false},"featured_media":12720,"template":"","meta":[],"product_brand":[],"product_cat":[659,657,658,607,627,624,621,623,663,629,625,605],"product_tag":[],"class_list":{"0":"post-9622","1":"product","2":"type-product","3":"status-publish","4":"has-post-thumbnail","6":"product_cat-compact-13-class-5","7":"product_cat-compact-s24-class-5","8":"product_cat-compact-s24-evo","9":"product_cat-dorica","10":"product_cat-dorica-supreme","11":"product_cat-kokkola","12":"product_cat-monamour","13":"product_cat-mood","14":"product_cat-pidra-supreme","15":"product_cat-pop","16":"product_cat-slimquadro-9","17":"product_cat-thermorossi","18":"product_shipping_class-classe-di-spedizione-01","20":"first","21":"instock","22":"taxable","23":"shipping-taxable","24":"purchasable","25":"product-type-simple"},"yoast_head":"<!-- This site is optimized with the Yoast SEO plugin v26.3 - https:\/\/yoast.com\/wordpress\/plugins\/seo\/ -->\n<title>Pressostato per stufa a pellet Thermorossi - Mack4Season<\/title>\n<meta name=\"description\" content=\"Pressostato per stufa a pellet Thermorossi, Pressostato regolazione temperatura fumi per stufe e caldaie a pellet Thermorossi\" \/>\n<meta name=\"robots\" content=\"index, follow, max-snippet:-1, max-image-preview:large, max-video-preview:-1\" \/>\n<link rel=\"canonical\" href=\"https:\/\/mack4seasons.com\/fr\/negozio\/thermorossi\/caldaie-a-pellet-thermorossi\/compact-s24-class-5\/pressostato-cod-70025303\/\" \/>\n<meta property=\"og:locale\" content=\"fr_FR\" \/>\n<meta property=\"og:type\" content=\"article\" \/>\n<meta property=\"og:title\" content=\"Pressostato per stufa a pellet Thermorossi - Mack4Season\" \/>\n<meta property=\"og:description\" content=\"Pressostato per stufa a pellet Thermorossi, Pressostato regolazione temperatura fumi per stufe e caldaie a pellet Thermorossi\" \/>\n<meta property=\"og:url\" content=\"https:\/\/mack4seasons.com\/fr\/negozio\/thermorossi\/caldaie-a-pellet-thermorossi\/compact-s24-class-5\/pressostato-cod-70025303\/\" \/>\n<meta property=\"og:site_name\" content=\"Mack4Season\" \/>\n<meta property=\"article:publisher\" content=\"https:\/\/www.facebook.com\/profile.php?id=100075990468585\" \/>\n<meta property=\"article:modified_time\" content=\"2022-12-14T09:47:08+00:00\" \/>\n<meta property=\"og:image\" content=\"https:\/\/mack4seasons.com\/wp-content\/uploads\/2021\/09\/w-SITO-KAUSIFLAM-01-M.jpg\" \/>\n\t<meta property=\"og:image:width\" content=\"960\" \/>\n\t<meta property=\"og:image:height\" content=\"960\" \/>\n\t<meta property=\"og:image:type\" content=\"image\/jpeg\" \/>\n<meta name=\"twitter:card\" content=\"summary_large_image\" \/>\n<script type=\"application\/ld+json\" class=\"yoast-schema-graph\">{\"@context\":\"https:\/\/schema.org\",\"@graph\":[{\"@type\":\"WebPage\",\"@id\":\"https:\/\/mack4seasons.com\/negozio\/thermorossi\/caldaie-a-pellet-thermorossi\/compact-s24-class-5\/pressostato-cod-70025303\/\",\"url\":\"https:\/\/mack4seasons.com\/negozio\/thermorossi\/caldaie-a-pellet-thermorossi\/compact-s24-class-5\/pressostato-cod-70025303\/\",\"name\":\"Pressostato per stufa a pellet Thermorossi - Mack4Season\",\"isPartOf\":{\"@id\":\"https:\/\/mack4seasons.com\/#website\"},\"primaryImageOfPage\":{\"@id\":\"https:\/\/mack4seasons.com\/negozio\/thermorossi\/caldaie-a-pellet-thermorossi\/compact-s24-class-5\/pressostato-cod-70025303\/#primaryimage\"},\"image\":{\"@id\":\"https:\/\/mack4seasons.com\/negozio\/thermorossi\/caldaie-a-pellet-thermorossi\/compact-s24-class-5\/pressostato-cod-70025303\/#primaryimage\"},\"thumbnailUrl\":\"https:\/\/mack4seasons.com\/wp-content\/uploads\/2021\/09\/w-SITO-KAUSIFLAM-01-M.jpg\",\"datePublished\":\"2020-10-01T00:00:00+00:00\",\"dateModified\":\"2022-12-14T09:47:08+00:00\",\"description\":\"Pressostato per stufa a pellet Thermorossi, Pressostato regolazione temperatura fumi per stufe e caldaie a pellet Thermorossi\",\"breadcrumb\":{\"@id\":\"https:\/\/mack4seasons.com\/negozio\/thermorossi\/caldaie-a-pellet-thermorossi\/compact-s24-class-5\/pressostato-cod-70025303\/#breadcrumb\"},\"inLanguage\":\"fr-FR\",\"potentialAction\":[{\"@type\":\"ReadAction\",\"target\":[\"https:\/\/mack4seasons.com\/negozio\/thermorossi\/caldaie-a-pellet-thermorossi\/compact-s24-class-5\/pressostato-cod-70025303\/\"]}]},{\"@type\":\"ImageObject\",\"inLanguage\":\"fr-FR\",\"@id\":\"https:\/\/mack4seasons.com\/negozio\/thermorossi\/caldaie-a-pellet-thermorossi\/compact-s24-class-5\/pressostato-cod-70025303\/#primaryimage\",\"url\":\"https:\/\/mack4seasons.com\/wp-content\/uploads\/2021\/09\/w-SITO-KAUSIFLAM-01-M.jpg\",\"contentUrl\":\"https:\/\/mack4seasons.com\/wp-content\/uploads\/2021\/09\/w-SITO-KAUSIFLAM-01-M.jpg\",\"width\":960,\"height\":960},{\"@type\":\"BreadcrumbList\",\"@id\":\"https:\/\/mack4seasons.com\/negozio\/thermorossi\/caldaie-a-pellet-thermorossi\/compact-s24-class-5\/pressostato-cod-70025303\/#breadcrumb\",\"itemListElement\":[{\"@type\":\"ListItem\",\"position\":1,\"name\":\"Home\",\"item\":\"https:\/\/mack4seasons.com\/ricambi-accessori-stufe-e-caldaie-pellet\/\"},{\"@type\":\"ListItem\",\"position\":2,\"name\":\"Shop\",\"item\":\"https:\/\/mack4seasons.com\/negozio\/\"},{\"@type\":\"ListItem\",\"position\":3,\"name\":\"Pressostato per stufa a pellet Thermorossi Codice 70025303\"}]},{\"@type\":\"WebSite\",\"@id\":\"https:\/\/mack4seasons.com\/#website\",\"url\":\"https:\/\/mack4seasons.com\/\",\"name\":\"Mack4Season\",\"description\":\"Per il comfort termico della tua casa\",\"publisher\":{\"@id\":\"https:\/\/mack4seasons.com\/#organization\"},\"potentialAction\":[{\"@type\":\"SearchAction\",\"target\":{\"@type\":\"EntryPoint\",\"urlTemplate\":\"https:\/\/mack4seasons.com\/?s={search_term_string}\"},\"query-input\":{\"@type\":\"PropertyValueSpecification\",\"valueRequired\":true,\"valueName\":\"search_term_string\"}}],\"inLanguage\":\"fr-FR\"},{\"@type\":\"Organization\",\"@id\":\"https:\/\/mack4seasons.com\/#organization\",\"name\":\"Mack4Season\",\"url\":\"https:\/\/mack4seasons.com\/\",\"logo\":{\"@type\":\"ImageObject\",\"inLanguage\":\"fr-FR\",\"@id\":\"https:\/\/mack4seasons.com\/#\/schema\/logo\/image\/\",\"url\":\"https:\/\/mack4seasons.com\/wp-content\/uploads\/2021\/06\/w-MACK-logo-pantone-02A19E.png\",\"contentUrl\":\"https:\/\/mack4seasons.com\/wp-content\/uploads\/2021\/06\/w-MACK-logo-pantone-02A19E.png\",\"width\":809,\"height\":425,\"caption\":\"Mack4Season\"},\"image\":{\"@id\":\"https:\/\/mack4seasons.com\/#\/schema\/logo\/image\/\"},\"sameAs\":[\"https:\/\/www.facebook.com\/profile.php?id=100075990468585\"]}]}<\/script>\n<!-- \/ Yoast SEO plugin. -->","yoast_head_json":{"title":"Thermorossi po\u00eale \u00e0 pellets pressostat - Mack4Season","description":"Pressostato per stufa a pellet Thermorossi, Pressostato regolazione temperatura fumi per stufe e caldaie a pellet Thermorossi","robots":{"index":"index","follow":"follow","max-snippet":"max-snippet:-1","max-image-preview":"max-image-preview:large","max-video-preview":"max-video-preview:-1"},"canonical":"https:\/\/mack4seasons.com\/fr\/negozio\/thermorossi\/caldaie-a-pellet-thermorossi\/compact-s24-class-5\/pressostato-cod-70025303\/","og_locale":"fr_FR","og_type":"article","og_title":"Pressostato per stufa a pellet Thermorossi - Mack4Season","og_description":"Pressostato per stufa a pellet Thermorossi, Pressostato regolazione temperatura fumi per stufe e caldaie a pellet Thermorossi","og_url":"https:\/\/mack4seasons.com\/fr\/negozio\/thermorossi\/caldaie-a-pellet-thermorossi\/compact-s24-class-5\/pressostato-cod-70025303\/","og_site_name":"Mack4Season","article_publisher":"https:\/\/www.facebook.com\/profile.php?id=100075990468585","article_modified_time":"2022-12-14T09:47:08+00:00","og_image":[{"width":960,"height":960,"url":"https:\/\/mack4seasons.com\/wp-content\/uploads\/2021\/09\/w-SITO-KAUSIFLAM-01-M.jpg","type":"image\/jpeg"}],"twitter_card":"summary_large_image","schema":{"@context":"https:\/\/schema.org","@graph":[{"@type":"WebPage","@id":"https:\/\/mack4seasons.com\/negozio\/thermorossi\/caldaie-a-pellet-thermorossi\/compact-s24-class-5\/pressostato-cod-70025303\/","url":"https:\/\/mack4seasons.com\/negozio\/thermorossi\/caldaie-a-pellet-thermorossi\/compact-s24-class-5\/pressostato-cod-70025303\/","name":"Thermorossi po\u00eale \u00e0 pellets pressostat - Mack4Season","isPartOf":{"@id":"https:\/\/mack4seasons.com\/#website"},"primaryImageOfPage":{"@id":"https:\/\/mack4seasons.com\/negozio\/thermorossi\/caldaie-a-pellet-thermorossi\/compact-s24-class-5\/pressostato-cod-70025303\/#primaryimage"},"image":{"@id":"https:\/\/mack4seasons.com\/negozio\/thermorossi\/caldaie-a-pellet-thermorossi\/compact-s24-class-5\/pressostato-cod-70025303\/#primaryimage"},"thumbnailUrl":"https:\/\/mack4seasons.com\/wp-content\/uploads\/2021\/09\/w-SITO-KAUSIFLAM-01-M.jpg","datePublished":"2020-10-01T00:00:00+00:00","dateModified":"2022-12-14T09:47:08+00:00","description":"Pressostato per stufa a pellet Thermorossi, Pressostato regolazione temperatura fumi per stufe e caldaie a pellet Thermorossi","breadcrumb":{"@id":"https:\/\/mack4seasons.com\/negozio\/thermorossi\/caldaie-a-pellet-thermorossi\/compact-s24-class-5\/pressostato-cod-70025303\/#breadcrumb"},"inLanguage":"fr-FR","potentialAction":[{"@type":"ReadAction","target":["https:\/\/mack4seasons.com\/negozio\/thermorossi\/caldaie-a-pellet-thermorossi\/compact-s24-class-5\/pressostato-cod-70025303\/"]}]},{"@type":"ImageObject","inLanguage":"fr-FR","@id":"https:\/\/mack4seasons.com\/negozio\/thermorossi\/caldaie-a-pellet-thermorossi\/compact-s24-class-5\/pressostato-cod-70025303\/#primaryimage","url":"https:\/\/mack4seasons.com\/wp-content\/uploads\/2021\/09\/w-SITO-KAUSIFLAM-01-M.jpg","contentUrl":"https:\/\/mack4seasons.com\/wp-content\/uploads\/2021\/09\/w-SITO-KAUSIFLAM-01-M.jpg","width":960,"height":960},{"@type":"BreadcrumbList","@id":"https:\/\/mack4seasons.com\/negozio\/thermorossi\/caldaie-a-pellet-thermorossi\/compact-s24-class-5\/pressostato-cod-70025303\/#breadcrumb","itemListElement":[{"@type":"ListItem","position":1,"name":"Home","item":"https:\/\/mack4seasons.com\/ricambi-accessori-stufe-e-caldaie-pellet\/"},{"@type":"ListItem","position":2,"name":"Shop","item":"https:\/\/mack4seasons.com\/negozio\/"},{"@type":"ListItem","position":3,"name":"Pressostato per stufa a pellet Thermorossi Codice 70025303"}]},{"@type":"WebSite","@id":"https:\/\/mack4seasons.com\/#website","url":"https:\/\/mack4seasons.com\/","name":"Mack4Season","description":"Pour le confort thermique de votre maison","publisher":{"@id":"https:\/\/mack4seasons.com\/#organization"},"potentialAction":[{"@type":"SearchAction","target":{"@type":"EntryPoint","urlTemplate":"https:\/\/mack4seasons.com\/?s={search_term_string}"},"query-input":{"@type":"PropertyValueSpecification","valueRequired":true,"valueName":"search_term_string"}}],"inLanguage":"fr-FR"},{"@type":"Organization","@id":"https:\/\/mack4seasons.com\/#organization","name":"Mack4Season","url":"https:\/\/mack4seasons.com\/","logo":{"@type":"ImageObject","inLanguage":"fr-FR","@id":"https:\/\/mack4seasons.com\/#\/schema\/logo\/image\/","url":"https:\/\/mack4seasons.com\/wp-content\/uploads\/2021\/06\/w-MACK-logo-pantone-02A19E.png","contentUrl":"https:\/\/mack4seasons.com\/wp-content\/uploads\/2021\/06\/w-MACK-logo-pantone-02A19E.png","width":809,"height":425,"caption":"Mack4Season"},"image":{"@id":"https:\/\/mack4seasons.com\/#\/schema\/logo\/image\/"},"sameAs":["https:\/\/www.facebook.com\/profile.php?id=100075990468585"]}]}},"_links":{"self":[{"href":"https:\/\/mack4seasons.com\/fr\/wp-json\/wp\/v2\/product\/9622","targetHints":{"allow":["GET"]}}],"collection":[{"href":"https:\/\/mack4seasons.com\/fr\/wp-json\/wp\/v2\/product"}],"about":[{"href":"https:\/\/mack4seasons.com\/fr\/wp-json\/wp\/v2\/types\/product"}],"wp:featuredmedia":[{"embeddable":true,"href":"https:\/\/mack4seasons.com\/fr\/wp-json\/wp\/v2\/media\/12720"}],"wp:attachment":[{"href":"https:\/\/mack4seasons.com\/fr\/wp-json\/wp\/v2\/media?parent=9622"}],"wp:term":[{"taxonomy":"product_brand","embeddable":true,"href":"https:\/\/mack4seasons.com\/fr\/wp-json\/wp\/v2\/product_brand?post=9622"},{"taxonomy":"product_cat","embeddable":true,"href":"https:\/\/mack4seasons.com\/fr\/wp-json\/wp\/v2\/product_cat?post=9622"},{"taxonomy":"product_tag","embeddable":true,"href":"https:\/\/mack4seasons.com\/fr\/wp-json\/wp\/v2\/product_tag?post=9622"}],"curies":[{"name":"wp","href":"https:\/\/api.w.org\/{rel}","templated":true}]}}