{"id":9614,"date":"2020-10-01T00:00:00","date_gmt":"2020-10-01T00:00:00","guid":{"rendered":"https:\/\/mack4seasons.com\/?post_type=product&#038;p=9614"},"modified":"2022-12-14T09:47:05","modified_gmt":"2022-12-14T09:47:05","slug":"ventilatore-centrifugo-cod-60013149","status":"publish","type":"product","link":"https:\/\/mack4seasons.com\/fr\/negozio\/thermorossi\/stufe-a-pellet-thermorossi\/3001\/ventilatore-centrifugo-cod-60013149\/","title":{"rendered":"Ventilateur centrifuge pour po\u00eale \u00e0 pellets Thermorossi Code 60013149"},"content":{"rendered":"<hr \/>\n<h2>Ventilateur centrifuge pour po\u00eale \u00e0 pellets Thermorossi<\/h2>\n<p>Codice 60013149<br \/>\n<strong> Pour les mod\u00e8les de po\u00eales \u00e0 granules Thermorossi suivants\u00a0: <\/strong> 3001, 5000, 7000, Insert 49, Insert 60<\/p>","protected":false},"excerpt":{"rendered":"<hr \/>\n<p>Compatible avec le code original Thermorossi <strong>Codice 60013149<\/strong><\/p>","protected":false},"featured_media":12764,"template":"","meta":[],"product_brand":[],"product_cat":[612,613,633,615,634,605],"product_tag":[],"class_list":{"0":"post-9614","1":"product","2":"type-product","3":"status-publish","4":"has-post-thumbnail","6":"product_cat-612","7":"product_cat-613","8":"product_cat-633","9":"product_cat-insert-49","10":"product_cat-insert-60","11":"product_cat-thermorossi","12":"product_shipping_class-classe-di-spedizione-01","14":"first","15":"instock","16":"taxable","17":"shipping-taxable","18":"purchasable","19":"product-type-simple"},"yoast_head":"<!-- This site is optimized with the Yoast SEO plugin v26.3 - https:\/\/yoast.com\/wordpress\/plugins\/seo\/ -->\n<title>Ventilatore centrifugo per stufa a pellet Thermorossi - Mack4Season<\/title>\n<meta name=\"description\" content=\"Ventilatore ambiente per stufa a pellet Thermorossi, Ventilatore centrifugo per stufe e caldaie a pellet Thermorossi\" \/>\n<meta name=\"robots\" content=\"index, follow, max-snippet:-1, max-image-preview:large, max-video-preview:-1\" \/>\n<link rel=\"canonical\" href=\"https:\/\/mack4seasons.com\/fr\/negozio\/thermorossi\/stufe-a-pellet-thermorossi\/3001\/ventilatore-centrifugo-cod-60013149\/\" \/>\n<meta property=\"og:locale\" content=\"fr_FR\" \/>\n<meta property=\"og:type\" content=\"article\" \/>\n<meta property=\"og:title\" content=\"Ventilatore centrifugo per stufa a pellet Thermorossi - Mack4Season\" \/>\n<meta property=\"og:description\" content=\"Ventilatore ambiente per stufa a pellet Thermorossi, Ventilatore centrifugo per stufe e caldaie a pellet Thermorossi\" \/>\n<meta property=\"og:url\" content=\"https:\/\/mack4seasons.com\/fr\/negozio\/thermorossi\/stufe-a-pellet-thermorossi\/3001\/ventilatore-centrifugo-cod-60013149\/\" \/>\n<meta property=\"og:site_name\" content=\"Mack4Season\" \/>\n<meta property=\"article:publisher\" content=\"https:\/\/www.facebook.com\/profile.php?id=100075990468585\" \/>\n<meta property=\"article:modified_time\" content=\"2022-12-14T09:47:05+00:00\" \/>\n<meta property=\"og:image\" content=\"https:\/\/mack4seasons.com\/wp-content\/uploads\/2021\/09\/w-SITO-PAG-24-M.jpg\" \/>\n\t<meta property=\"og:image:width\" content=\"960\" \/>\n\t<meta property=\"og:image:height\" content=\"960\" \/>\n\t<meta property=\"og:image:type\" content=\"image\/jpeg\" \/>\n<meta name=\"twitter:card\" content=\"summary_large_image\" \/>\n<script type=\"application\/ld+json\" class=\"yoast-schema-graph\">{\"@context\":\"https:\/\/schema.org\",\"@graph\":[{\"@type\":\"WebPage\",\"@id\":\"https:\/\/mack4seasons.com\/negozio\/thermorossi\/stufe-a-pellet-thermorossi\/3001\/ventilatore-centrifugo-cod-60013149\/\",\"url\":\"https:\/\/mack4seasons.com\/negozio\/thermorossi\/stufe-a-pellet-thermorossi\/3001\/ventilatore-centrifugo-cod-60013149\/\",\"name\":\"Ventilatore centrifugo per stufa a pellet Thermorossi - Mack4Season\",\"isPartOf\":{\"@id\":\"https:\/\/mack4seasons.com\/#website\"},\"primaryImageOfPage\":{\"@id\":\"https:\/\/mack4seasons.com\/negozio\/thermorossi\/stufe-a-pellet-thermorossi\/3001\/ventilatore-centrifugo-cod-60013149\/#primaryimage\"},\"image\":{\"@id\":\"https:\/\/mack4seasons.com\/negozio\/thermorossi\/stufe-a-pellet-thermorossi\/3001\/ventilatore-centrifugo-cod-60013149\/#primaryimage\"},\"thumbnailUrl\":\"https:\/\/mack4seasons.com\/wp-content\/uploads\/2021\/09\/w-SITO-PAG-24-M.jpg\",\"datePublished\":\"2020-10-01T00:00:00+00:00\",\"dateModified\":\"2022-12-14T09:47:05+00:00\",\"description\":\"Ventilatore ambiente per stufa a pellet Thermorossi, Ventilatore centrifugo per stufe e caldaie a pellet Thermorossi\",\"breadcrumb\":{\"@id\":\"https:\/\/mack4seasons.com\/negozio\/thermorossi\/stufe-a-pellet-thermorossi\/3001\/ventilatore-centrifugo-cod-60013149\/#breadcrumb\"},\"inLanguage\":\"fr-FR\",\"potentialAction\":[{\"@type\":\"ReadAction\",\"target\":[\"https:\/\/mack4seasons.com\/negozio\/thermorossi\/stufe-a-pellet-thermorossi\/3001\/ventilatore-centrifugo-cod-60013149\/\"]}]},{\"@type\":\"ImageObject\",\"inLanguage\":\"fr-FR\",\"@id\":\"https:\/\/mack4seasons.com\/negozio\/thermorossi\/stufe-a-pellet-thermorossi\/3001\/ventilatore-centrifugo-cod-60013149\/#primaryimage\",\"url\":\"https:\/\/mack4seasons.com\/wp-content\/uploads\/2021\/09\/w-SITO-PAG-24-M.jpg\",\"contentUrl\":\"https:\/\/mack4seasons.com\/wp-content\/uploads\/2021\/09\/w-SITO-PAG-24-M.jpg\",\"width\":960,\"height\":960},{\"@type\":\"BreadcrumbList\",\"@id\":\"https:\/\/mack4seasons.com\/negozio\/thermorossi\/stufe-a-pellet-thermorossi\/3001\/ventilatore-centrifugo-cod-60013149\/#breadcrumb\",\"itemListElement\":[{\"@type\":\"ListItem\",\"position\":1,\"name\":\"Home\",\"item\":\"https:\/\/mack4seasons.com\/ricambi-accessori-stufe-e-caldaie-pellet\/\"},{\"@type\":\"ListItem\",\"position\":2,\"name\":\"Shop\",\"item\":\"https:\/\/mack4seasons.com\/negozio\/\"},{\"@type\":\"ListItem\",\"position\":3,\"name\":\"Ventilatore centrifugo per stufa a pellet Thermorossi Codice 60013149\"}]},{\"@type\":\"WebSite\",\"@id\":\"https:\/\/mack4seasons.com\/#website\",\"url\":\"https:\/\/mack4seasons.com\/\",\"name\":\"Mack4Season\",\"description\":\"Per il comfort termico della tua casa\",\"publisher\":{\"@id\":\"https:\/\/mack4seasons.com\/#organization\"},\"potentialAction\":[{\"@type\":\"SearchAction\",\"target\":{\"@type\":\"EntryPoint\",\"urlTemplate\":\"https:\/\/mack4seasons.com\/?s={search_term_string}\"},\"query-input\":{\"@type\":\"PropertyValueSpecification\",\"valueRequired\":true,\"valueName\":\"search_term_string\"}}],\"inLanguage\":\"fr-FR\"},{\"@type\":\"Organization\",\"@id\":\"https:\/\/mack4seasons.com\/#organization\",\"name\":\"Mack4Season\",\"url\":\"https:\/\/mack4seasons.com\/\",\"logo\":{\"@type\":\"ImageObject\",\"inLanguage\":\"fr-FR\",\"@id\":\"https:\/\/mack4seasons.com\/#\/schema\/logo\/image\/\",\"url\":\"https:\/\/mack4seasons.com\/wp-content\/uploads\/2021\/06\/w-MACK-logo-pantone-02A19E.png\",\"contentUrl\":\"https:\/\/mack4seasons.com\/wp-content\/uploads\/2021\/06\/w-MACK-logo-pantone-02A19E.png\",\"width\":809,\"height\":425,\"caption\":\"Mack4Season\"},\"image\":{\"@id\":\"https:\/\/mack4seasons.com\/#\/schema\/logo\/image\/\"},\"sameAs\":[\"https:\/\/www.facebook.com\/profile.php?id=100075990468585\"]}]}<\/script>\n<!-- \/ Yoast SEO plugin. -->","yoast_head_json":{"title":"Ventilatore centrifugo per stufa a pellet Thermorossi - Mack4Season","description":"Ventilatore ambiente per stufa a pellet Thermorossi, Ventilatore centrifugo per stufe e caldaie a pellet Thermorossi","robots":{"index":"index","follow":"follow","max-snippet":"max-snippet:-1","max-image-preview":"max-image-preview:large","max-video-preview":"max-video-preview:-1"},"canonical":"https:\/\/mack4seasons.com\/fr\/negozio\/thermorossi\/stufe-a-pellet-thermorossi\/3001\/ventilatore-centrifugo-cod-60013149\/","og_locale":"fr_FR","og_type":"article","og_title":"Ventilatore centrifugo per stufa a pellet Thermorossi - Mack4Season","og_description":"Ventilatore ambiente per stufa a pellet Thermorossi, Ventilatore centrifugo per stufe e caldaie a pellet Thermorossi","og_url":"https:\/\/mack4seasons.com\/fr\/negozio\/thermorossi\/stufe-a-pellet-thermorossi\/3001\/ventilatore-centrifugo-cod-60013149\/","og_site_name":"Mack4Season","article_publisher":"https:\/\/www.facebook.com\/profile.php?id=100075990468585","article_modified_time":"2022-12-14T09:47:05+00:00","og_image":[{"width":960,"height":960,"url":"https:\/\/mack4seasons.com\/wp-content\/uploads\/2021\/09\/w-SITO-PAG-24-M.jpg","type":"image\/jpeg"}],"twitter_card":"summary_large_image","schema":{"@context":"https:\/\/schema.org","@graph":[{"@type":"WebPage","@id":"https:\/\/mack4seasons.com\/negozio\/thermorossi\/stufe-a-pellet-thermorossi\/3001\/ventilatore-centrifugo-cod-60013149\/","url":"https:\/\/mack4seasons.com\/negozio\/thermorossi\/stufe-a-pellet-thermorossi\/3001\/ventilatore-centrifugo-cod-60013149\/","name":"Ventilatore centrifugo per stufa a pellet Thermorossi - Mack4Season","isPartOf":{"@id":"https:\/\/mack4seasons.com\/#website"},"primaryImageOfPage":{"@id":"https:\/\/mack4seasons.com\/negozio\/thermorossi\/stufe-a-pellet-thermorossi\/3001\/ventilatore-centrifugo-cod-60013149\/#primaryimage"},"image":{"@id":"https:\/\/mack4seasons.com\/negozio\/thermorossi\/stufe-a-pellet-thermorossi\/3001\/ventilatore-centrifugo-cod-60013149\/#primaryimage"},"thumbnailUrl":"https:\/\/mack4seasons.com\/wp-content\/uploads\/2021\/09\/w-SITO-PAG-24-M.jpg","datePublished":"2020-10-01T00:00:00+00:00","dateModified":"2022-12-14T09:47:05+00:00","description":"Ventilatore ambiente per stufa a pellet Thermorossi, Ventilatore centrifugo per stufe e caldaie a pellet Thermorossi","breadcrumb":{"@id":"https:\/\/mack4seasons.com\/negozio\/thermorossi\/stufe-a-pellet-thermorossi\/3001\/ventilatore-centrifugo-cod-60013149\/#breadcrumb"},"inLanguage":"fr-FR","potentialAction":[{"@type":"ReadAction","target":["https:\/\/mack4seasons.com\/negozio\/thermorossi\/stufe-a-pellet-thermorossi\/3001\/ventilatore-centrifugo-cod-60013149\/"]}]},{"@type":"ImageObject","inLanguage":"fr-FR","@id":"https:\/\/mack4seasons.com\/negozio\/thermorossi\/stufe-a-pellet-thermorossi\/3001\/ventilatore-centrifugo-cod-60013149\/#primaryimage","url":"https:\/\/mack4seasons.com\/wp-content\/uploads\/2021\/09\/w-SITO-PAG-24-M.jpg","contentUrl":"https:\/\/mack4seasons.com\/wp-content\/uploads\/2021\/09\/w-SITO-PAG-24-M.jpg","width":960,"height":960},{"@type":"BreadcrumbList","@id":"https:\/\/mack4seasons.com\/negozio\/thermorossi\/stufe-a-pellet-thermorossi\/3001\/ventilatore-centrifugo-cod-60013149\/#breadcrumb","itemListElement":[{"@type":"ListItem","position":1,"name":"Home","item":"https:\/\/mack4seasons.com\/ricambi-accessori-stufe-e-caldaie-pellet\/"},{"@type":"ListItem","position":2,"name":"Shop","item":"https:\/\/mack4seasons.com\/negozio\/"},{"@type":"ListItem","position":3,"name":"Ventilatore centrifugo per stufa a pellet Thermorossi Codice 60013149"}]},{"@type":"WebSite","@id":"https:\/\/mack4seasons.com\/#website","url":"https:\/\/mack4seasons.com\/","name":"Mack4Season","description":"Pour le confort thermique de votre maison","publisher":{"@id":"https:\/\/mack4seasons.com\/#organization"},"potentialAction":[{"@type":"SearchAction","target":{"@type":"EntryPoint","urlTemplate":"https:\/\/mack4seasons.com\/?s={search_term_string}"},"query-input":{"@type":"PropertyValueSpecification","valueRequired":true,"valueName":"search_term_string"}}],"inLanguage":"fr-FR"},{"@type":"Organization","@id":"https:\/\/mack4seasons.com\/#organization","name":"Mack4Season","url":"https:\/\/mack4seasons.com\/","logo":{"@type":"ImageObject","inLanguage":"fr-FR","@id":"https:\/\/mack4seasons.com\/#\/schema\/logo\/image\/","url":"https:\/\/mack4seasons.com\/wp-content\/uploads\/2021\/06\/w-MACK-logo-pantone-02A19E.png","contentUrl":"https:\/\/mack4seasons.com\/wp-content\/uploads\/2021\/06\/w-MACK-logo-pantone-02A19E.png","width":809,"height":425,"caption":"Mack4Season"},"image":{"@id":"https:\/\/mack4seasons.com\/#\/schema\/logo\/image\/"},"sameAs":["https:\/\/www.facebook.com\/profile.php?id=100075990468585"]}]}},"_links":{"self":[{"href":"https:\/\/mack4seasons.com\/fr\/wp-json\/wp\/v2\/product\/9614","targetHints":{"allow":["GET"]}}],"collection":[{"href":"https:\/\/mack4seasons.com\/fr\/wp-json\/wp\/v2\/product"}],"about":[{"href":"https:\/\/mack4seasons.com\/fr\/wp-json\/wp\/v2\/types\/product"}],"wp:featuredmedia":[{"embeddable":true,"href":"https:\/\/mack4seasons.com\/fr\/wp-json\/wp\/v2\/media\/12764"}],"wp:attachment":[{"href":"https:\/\/mack4seasons.com\/fr\/wp-json\/wp\/v2\/media?parent=9614"}],"wp:term":[{"taxonomy":"product_brand","embeddable":true,"href":"https:\/\/mack4seasons.com\/fr\/wp-json\/wp\/v2\/product_brand?post=9614"},{"taxonomy":"product_cat","embeddable":true,"href":"https:\/\/mack4seasons.com\/fr\/wp-json\/wp\/v2\/product_cat?post=9614"},{"taxonomy":"product_tag","embeddable":true,"href":"https:\/\/mack4seasons.com\/fr\/wp-json\/wp\/v2\/product_tag?post=9614"}],"curies":[{"name":"wp","href":"https:\/\/api.w.org\/{rel}","templated":true}]}}