{"id":9613,"date":"2020-10-01T00:00:00","date_gmt":"2020-10-01T00:00:00","guid":{"rendered":"https:\/\/mack4seasons.com\/?post_type=product&#038;p=9613"},"modified":"2022-12-14T09:47:04","modified_gmt":"2022-12-14T09:47:04","slug":"pressostato-cod-60013559","status":"publish","type":"product","link":"https:\/\/mack4seasons.com\/fr\/negozio\/thermorossi\/stufe-a-pellet-thermorossi\/1000\/pressostato-cod-60013559\/","title":{"rendered":"Pressostat pour po\u00eale \u00e0 pellets Thermorossi Code 60013559"},"content":{"rendered":"<hr \/>\n<h2>Pressostat pour po\u00eale \u00e0 pellets Thermorossi<\/h2>\n<p>Code 60013559<br \/>\n<strong> Pour les mod\u00e8les de po\u00eales \u00e0 granules Thermorossi suivants\u00a0: <\/strong> Slimquadro 11, Scuba, Bellavista round, Aromy, St Moritz, 8000, 1000, 2000, 3001, 5000, 6000, 7000, Ciao, Cuba 10, Insert 49, Insert 60, Seven hundred, 1500, Insertline 490, Insertline 600, Cuba 12, Pidra 13, H2o 18<\/p>","protected":false},"excerpt":{"rendered":"<hr \/>\n<p>Compatible avec le code original Thermorossi <strong>Code 60013559<\/strong><\/p>","protected":false},"featured_media":12823,"template":"","meta":[],"product_brand":[],"product_cat":[611,616,619,612,613,632,633,631,609,622,620,614,638,642,615,634,636,637,639,608,635,618,610,605],"product_tag":[],"class_list":{"0":"post-9613","1":"product","2":"type-product","3":"status-publish","4":"has-post-thumbnail","6":"product_cat-611","7":"product_cat-616","8":"product_cat-619","9":"product_cat-612","10":"product_cat-613","11":"product_cat-632","12":"product_cat-633","13":"product_cat-631","14":"product_cat-aromy","15":"product_cat-bellavista-round","16":"product_cat-ciao","17":"product_cat-cuba-10","18":"product_cat-cuba-12","19":"product_cat-h2o-18","20":"product_cat-insert-49","21":"product_cat-insert-60","22":"product_cat-insertline-490","23":"product_cat-insertline-600","24":"product_cat-pidra-13","25":"product_cat-scuba","26":"product_cat-settecento","27":"product_cat-slimquadro-11","28":"product_cat-st-moritz","29":"product_cat-thermorossi","30":"product_shipping_class-classe-di-spedizione-01","32":"first","33":"instock","34":"taxable","35":"shipping-taxable","36":"purchasable","37":"product-type-simple"},"yoast_head":"<!-- This site is optimized with the Yoast SEO plugin v26.3 - https:\/\/yoast.com\/wordpress\/plugins\/seo\/ -->\n<title>Pressostato per stufa a pellet Thermorossi - Mack4Season<\/title>\n<meta name=\"description\" content=\"Pressostato sicurezza per stufa a pellet Thermorossi, Pressostato per stufe e caldaie Thermorossi, Pressostato per stufa a pellet Thermorossi\" \/>\n<meta name=\"robots\" content=\"index, follow, max-snippet:-1, max-image-preview:large, max-video-preview:-1\" \/>\n<link rel=\"canonical\" href=\"https:\/\/mack4seasons.com\/fr\/negozio\/thermorossi\/termoprodotti-a-pellet-thermorossi\/h2o-18\/pressostato-cod-60013559\/\" \/>\n<meta property=\"og:locale\" content=\"fr_FR\" \/>\n<meta property=\"og:type\" content=\"article\" \/>\n<meta property=\"og:title\" content=\"Pressostato per stufa a pellet Thermorossi - Mack4Season\" \/>\n<meta property=\"og:description\" content=\"Pressostato sicurezza per stufa a pellet Thermorossi, Pressostato per stufe e caldaie Thermorossi, Pressostato per stufa a pellet Thermorossi\" \/>\n<meta property=\"og:url\" content=\"https:\/\/mack4seasons.com\/fr\/negozio\/thermorossi\/termoprodotti-a-pellet-thermorossi\/h2o-18\/pressostato-cod-60013559\/\" \/>\n<meta property=\"og:site_name\" content=\"Mack4Season\" \/>\n<meta property=\"article:publisher\" content=\"https:\/\/www.facebook.com\/profile.php?id=100075990468585\" \/>\n<meta property=\"article:modified_time\" content=\"2022-12-14T09:47:04+00:00\" \/>\n<meta property=\"og:image\" content=\"https:\/\/mack4seasons.com\/wp-content\/uploads\/2021\/09\/IMG-5080-Pressostato.jpg\" \/>\n\t<meta property=\"og:image:width\" content=\"960\" \/>\n\t<meta property=\"og:image:height\" content=\"960\" \/>\n\t<meta property=\"og:image:type\" content=\"image\/jpeg\" \/>\n<meta name=\"twitter:card\" content=\"summary_large_image\" \/>\n<script type=\"application\/ld+json\" class=\"yoast-schema-graph\">{\"@context\":\"https:\/\/schema.org\",\"@graph\":[{\"@type\":\"WebPage\",\"@id\":\"https:\/\/mack4seasons.com\/negozio\/thermorossi\/termoprodotti-a-pellet-thermorossi\/h2o-18\/pressostato-cod-60013559\/\",\"url\":\"https:\/\/mack4seasons.com\/negozio\/thermorossi\/termoprodotti-a-pellet-thermorossi\/h2o-18\/pressostato-cod-60013559\/\",\"name\":\"Pressostato per stufa a pellet Thermorossi - Mack4Season\",\"isPartOf\":{\"@id\":\"https:\/\/mack4seasons.com\/#website\"},\"primaryImageOfPage\":{\"@id\":\"https:\/\/mack4seasons.com\/negozio\/thermorossi\/termoprodotti-a-pellet-thermorossi\/h2o-18\/pressostato-cod-60013559\/#primaryimage\"},\"image\":{\"@id\":\"https:\/\/mack4seasons.com\/negozio\/thermorossi\/termoprodotti-a-pellet-thermorossi\/h2o-18\/pressostato-cod-60013559\/#primaryimage\"},\"thumbnailUrl\":\"https:\/\/mack4seasons.com\/wp-content\/uploads\/2021\/09\/IMG-5080-Pressostato.jpg\",\"datePublished\":\"2020-10-01T00:00:00+00:00\",\"dateModified\":\"2022-12-14T09:47:04+00:00\",\"description\":\"Pressostato sicurezza per stufa a pellet Thermorossi, Pressostato per stufe e caldaie Thermorossi, Pressostato per stufa a pellet Thermorossi\",\"breadcrumb\":{\"@id\":\"https:\/\/mack4seasons.com\/negozio\/thermorossi\/termoprodotti-a-pellet-thermorossi\/h2o-18\/pressostato-cod-60013559\/#breadcrumb\"},\"inLanguage\":\"fr-FR\",\"potentialAction\":[{\"@type\":\"ReadAction\",\"target\":[\"https:\/\/mack4seasons.com\/negozio\/thermorossi\/termoprodotti-a-pellet-thermorossi\/h2o-18\/pressostato-cod-60013559\/\"]}]},{\"@type\":\"ImageObject\",\"inLanguage\":\"fr-FR\",\"@id\":\"https:\/\/mack4seasons.com\/negozio\/thermorossi\/termoprodotti-a-pellet-thermorossi\/h2o-18\/pressostato-cod-60013559\/#primaryimage\",\"url\":\"https:\/\/mack4seasons.com\/wp-content\/uploads\/2021\/09\/IMG-5080-Pressostato.jpg\",\"contentUrl\":\"https:\/\/mack4seasons.com\/wp-content\/uploads\/2021\/09\/IMG-5080-Pressostato.jpg\",\"width\":960,\"height\":960},{\"@type\":\"BreadcrumbList\",\"@id\":\"https:\/\/mack4seasons.com\/negozio\/thermorossi\/termoprodotti-a-pellet-thermorossi\/h2o-18\/pressostato-cod-60013559\/#breadcrumb\",\"itemListElement\":[{\"@type\":\"ListItem\",\"position\":1,\"name\":\"Home\",\"item\":\"https:\/\/mack4seasons.com\/ricambi-accessori-stufe-e-caldaie-pellet\/\"},{\"@type\":\"ListItem\",\"position\":2,\"name\":\"Shop\",\"item\":\"https:\/\/mack4seasons.com\/negozio\/\"},{\"@type\":\"ListItem\",\"position\":3,\"name\":\"Pressostato per stufa a pellet Thermorossi Codice 60013559\"}]},{\"@type\":\"WebSite\",\"@id\":\"https:\/\/mack4seasons.com\/#website\",\"url\":\"https:\/\/mack4seasons.com\/\",\"name\":\"Mack4Season\",\"description\":\"Per il comfort termico della tua casa\",\"publisher\":{\"@id\":\"https:\/\/mack4seasons.com\/#organization\"},\"potentialAction\":[{\"@type\":\"SearchAction\",\"target\":{\"@type\":\"EntryPoint\",\"urlTemplate\":\"https:\/\/mack4seasons.com\/?s={search_term_string}\"},\"query-input\":{\"@type\":\"PropertyValueSpecification\",\"valueRequired\":true,\"valueName\":\"search_term_string\"}}],\"inLanguage\":\"fr-FR\"},{\"@type\":\"Organization\",\"@id\":\"https:\/\/mack4seasons.com\/#organization\",\"name\":\"Mack4Season\",\"url\":\"https:\/\/mack4seasons.com\/\",\"logo\":{\"@type\":\"ImageObject\",\"inLanguage\":\"fr-FR\",\"@id\":\"https:\/\/mack4seasons.com\/#\/schema\/logo\/image\/\",\"url\":\"https:\/\/mack4seasons.com\/wp-content\/uploads\/2021\/06\/w-MACK-logo-pantone-02A19E.png\",\"contentUrl\":\"https:\/\/mack4seasons.com\/wp-content\/uploads\/2021\/06\/w-MACK-logo-pantone-02A19E.png\",\"width\":809,\"height\":425,\"caption\":\"Mack4Season\"},\"image\":{\"@id\":\"https:\/\/mack4seasons.com\/#\/schema\/logo\/image\/\"},\"sameAs\":[\"https:\/\/www.facebook.com\/profile.php?id=100075990468585\"]}]}<\/script>\n<!-- \/ Yoast SEO plugin. -->","yoast_head_json":{"title":"Thermorossi po\u00eale \u00e0 pellets pressostat - Mack4Season","description":"Thermorossi pellet stove safety pressure switch, Thermorossi stove and boiler pressure switch, Thermorossi pellet stove pressure switch","robots":{"index":"index","follow":"follow","max-snippet":"max-snippet:-1","max-image-preview":"max-image-preview:large","max-video-preview":"max-video-preview:-1"},"canonical":"https:\/\/mack4seasons.com\/fr\/negozio\/thermorossi\/termoprodotti-a-pellet-thermorossi\/h2o-18\/pressostato-cod-60013559\/","og_locale":"fr_FR","og_type":"article","og_title":"Pressostato per stufa a pellet Thermorossi - Mack4Season","og_description":"Pressostato sicurezza per stufa a pellet Thermorossi, Pressostato per stufe e caldaie Thermorossi, Pressostato per stufa a pellet Thermorossi","og_url":"https:\/\/mack4seasons.com\/fr\/negozio\/thermorossi\/termoprodotti-a-pellet-thermorossi\/h2o-18\/pressostato-cod-60013559\/","og_site_name":"Mack4Season","article_publisher":"https:\/\/www.facebook.com\/profile.php?id=100075990468585","article_modified_time":"2022-12-14T09:47:04+00:00","og_image":[{"width":960,"height":960,"url":"https:\/\/mack4seasons.com\/wp-content\/uploads\/2021\/09\/IMG-5080-Pressostato.jpg","type":"image\/jpeg"}],"twitter_card":"summary_large_image","schema":{"@context":"https:\/\/schema.org","@graph":[{"@type":"WebPage","@id":"https:\/\/mack4seasons.com\/negozio\/thermorossi\/termoprodotti-a-pellet-thermorossi\/h2o-18\/pressostato-cod-60013559\/","url":"https:\/\/mack4seasons.com\/negozio\/thermorossi\/termoprodotti-a-pellet-thermorossi\/h2o-18\/pressostato-cod-60013559\/","name":"Thermorossi po\u00eale \u00e0 pellets pressostat - Mack4Season","isPartOf":{"@id":"https:\/\/mack4seasons.com\/#website"},"primaryImageOfPage":{"@id":"https:\/\/mack4seasons.com\/negozio\/thermorossi\/termoprodotti-a-pellet-thermorossi\/h2o-18\/pressostato-cod-60013559\/#primaryimage"},"image":{"@id":"https:\/\/mack4seasons.com\/negozio\/thermorossi\/termoprodotti-a-pellet-thermorossi\/h2o-18\/pressostato-cod-60013559\/#primaryimage"},"thumbnailUrl":"https:\/\/mack4seasons.com\/wp-content\/uploads\/2021\/09\/IMG-5080-Pressostato.jpg","datePublished":"2020-10-01T00:00:00+00:00","dateModified":"2022-12-14T09:47:04+00:00","description":"Thermorossi pellet stove safety pressure switch, Thermorossi stove and boiler pressure switch, Thermorossi pellet stove pressure switch","breadcrumb":{"@id":"https:\/\/mack4seasons.com\/negozio\/thermorossi\/termoprodotti-a-pellet-thermorossi\/h2o-18\/pressostato-cod-60013559\/#breadcrumb"},"inLanguage":"fr-FR","potentialAction":[{"@type":"ReadAction","target":["https:\/\/mack4seasons.com\/negozio\/thermorossi\/termoprodotti-a-pellet-thermorossi\/h2o-18\/pressostato-cod-60013559\/"]}]},{"@type":"ImageObject","inLanguage":"fr-FR","@id":"https:\/\/mack4seasons.com\/negozio\/thermorossi\/termoprodotti-a-pellet-thermorossi\/h2o-18\/pressostato-cod-60013559\/#primaryimage","url":"https:\/\/mack4seasons.com\/wp-content\/uploads\/2021\/09\/IMG-5080-Pressostato.jpg","contentUrl":"https:\/\/mack4seasons.com\/wp-content\/uploads\/2021\/09\/IMG-5080-Pressostato.jpg","width":960,"height":960},{"@type":"BreadcrumbList","@id":"https:\/\/mack4seasons.com\/negozio\/thermorossi\/termoprodotti-a-pellet-thermorossi\/h2o-18\/pressostato-cod-60013559\/#breadcrumb","itemListElement":[{"@type":"ListItem","position":1,"name":"Home","item":"https:\/\/mack4seasons.com\/ricambi-accessori-stufe-e-caldaie-pellet\/"},{"@type":"ListItem","position":2,"name":"Shop","item":"https:\/\/mack4seasons.com\/negozio\/"},{"@type":"ListItem","position":3,"name":"Pressostato per stufa a pellet Thermorossi Codice 60013559"}]},{"@type":"WebSite","@id":"https:\/\/mack4seasons.com\/#website","url":"https:\/\/mack4seasons.com\/","name":"Mack4Season","description":"Pour le confort thermique de votre maison","publisher":{"@id":"https:\/\/mack4seasons.com\/#organization"},"potentialAction":[{"@type":"SearchAction","target":{"@type":"EntryPoint","urlTemplate":"https:\/\/mack4seasons.com\/?s={search_term_string}"},"query-input":{"@type":"PropertyValueSpecification","valueRequired":true,"valueName":"search_term_string"}}],"inLanguage":"fr-FR"},{"@type":"Organization","@id":"https:\/\/mack4seasons.com\/#organization","name":"Mack4Season","url":"https:\/\/mack4seasons.com\/","logo":{"@type":"ImageObject","inLanguage":"fr-FR","@id":"https:\/\/mack4seasons.com\/#\/schema\/logo\/image\/","url":"https:\/\/mack4seasons.com\/wp-content\/uploads\/2021\/06\/w-MACK-logo-pantone-02A19E.png","contentUrl":"https:\/\/mack4seasons.com\/wp-content\/uploads\/2021\/06\/w-MACK-logo-pantone-02A19E.png","width":809,"height":425,"caption":"Mack4Season"},"image":{"@id":"https:\/\/mack4seasons.com\/#\/schema\/logo\/image\/"},"sameAs":["https:\/\/www.facebook.com\/profile.php?id=100075990468585"]}]}},"_links":{"self":[{"href":"https:\/\/mack4seasons.com\/fr\/wp-json\/wp\/v2\/product\/9613","targetHints":{"allow":["GET"]}}],"collection":[{"href":"https:\/\/mack4seasons.com\/fr\/wp-json\/wp\/v2\/product"}],"about":[{"href":"https:\/\/mack4seasons.com\/fr\/wp-json\/wp\/v2\/types\/product"}],"wp:featuredmedia":[{"embeddable":true,"href":"https:\/\/mack4seasons.com\/fr\/wp-json\/wp\/v2\/media\/12823"}],"wp:attachment":[{"href":"https:\/\/mack4seasons.com\/fr\/wp-json\/wp\/v2\/media?parent=9613"}],"wp:term":[{"taxonomy":"product_brand","embeddable":true,"href":"https:\/\/mack4seasons.com\/fr\/wp-json\/wp\/v2\/product_brand?post=9613"},{"taxonomy":"product_cat","embeddable":true,"href":"https:\/\/mack4seasons.com\/fr\/wp-json\/wp\/v2\/product_cat?post=9613"},{"taxonomy":"product_tag","embeddable":true,"href":"https:\/\/mack4seasons.com\/fr\/wp-json\/wp\/v2\/product_tag?post=9613"}],"curies":[{"name":"wp","href":"https:\/\/api.w.org\/{rel}","templated":true}]}}