{"id":9561,"date":"2020-01-10T00:00:00","date_gmt":"2020-01-10T00:00:00","guid":{"rendered":"https:\/\/mack4seasons.com\/?post_type=product&#038;p=9561"},"modified":"2022-12-14T13:45:17","modified_gmt":"2022-12-14T13:45:17","slug":"candeletta-cod-r264050ic","status":"publish","type":"product","link":"https:\/\/mack4seasons.com\/fr\/negozio\/italiana-camini\/stufe-a-pellet-italiana-camini\/classica\/candeletta-cod-r264050ic\/","title":{"rendered":"Bougie pour po\u00eale \u00e0 pellets italiana Camini Code R264050IC"},"content":{"rendered":"<hr>\n<h2>Bougie pour po\u00eale \u00e0 pellets italiana Camini <\/h2>\n<p> Codice R264050IC<br \/>\n<strong> Pour les mod\u00e8les de po\u00eales \u00e0 granules Italiana Camini suivants\u00a0: <\/strong> Classica Plus, Classica, Classica 2, Dida Plus, Dida, Idropolis, Junior, Idropoint, Micron, Nelly, Nelly Pi\u00c3\u00b9, Piro, Piro 2, Point, Point 2, Prima, Prima 2, Simpli, Ten, Ten Plus<\/p>","protected":false},"excerpt":{"rendered":"<hr>\n<p>Compatible avec le code original Italiana Camini <strong>Codice R264050<\/strong><\/p>","protected":false},"featured_media":12661,"template":"","meta":[],"product_brand":[],"product_cat":[598,599,577,579,578,595,584,575,580,587,586,986,588,589,590,591,592,593,594,581,582],"product_tag":[],"class_list":{"0":"post-9561","1":"product","2":"type-product","3":"status-publish","4":"has-post-thumbnail","6":"product_cat-classica","7":"product_cat-classica-2","8":"product_cat-classica-plus","9":"product_cat-dida","10":"product_cat-dida-plus","11":"product_cat-idropoint","12":"product_cat-idropolis","13":"product_cat-italiana-camini","14":"product_cat-junior","15":"product_cat-micron","16":"product_cat-nelly","17":"product_cat-nelly-pia","18":"product_cat-piro","19":"product_cat-piro-2","20":"product_cat-point","21":"product_cat-point-2","22":"product_cat-prima","23":"product_cat-prima-2","24":"product_cat-simpli","25":"product_cat-ten","26":"product_cat-ten-plus","27":"product_shipping_class-classe-di-spedizione-01","29":"first","30":"instock","31":"taxable","32":"shipping-taxable","33":"purchasable","34":"product-type-simple"},"yoast_head":"<!-- This site is optimized with the Yoast SEO plugin v26.3 - https:\/\/yoast.com\/wordpress\/plugins\/seo\/ -->\n<title>Candeletta per stufa a pellet Italiana Camini Codice R264050IC - Mack4Season<\/title>\n<meta name=\"robots\" content=\"index, follow, max-snippet:-1, max-image-preview:large, max-video-preview:-1\" \/>\n<link rel=\"canonical\" href=\"https:\/\/mack4seasons.com\/fr\/negozio\/italiana-camini\/termoprodotti-a-pellet-italiana-camini\/idropolis\/candeletta-cod-r264050ic\/\" \/>\n<meta property=\"og:locale\" content=\"fr_FR\" \/>\n<meta property=\"og:type\" content=\"article\" \/>\n<meta property=\"og:title\" content=\"Candeletta per stufa a pellet Italiana Camini Codice R264050IC - Mack4Season\" \/>\n<meta property=\"og:description\" content=\"Compatibile con il codice originale Italiana Camini Codice R264050\" \/>\n<meta property=\"og:url\" content=\"https:\/\/mack4seasons.com\/fr\/negozio\/italiana-camini\/termoprodotti-a-pellet-italiana-camini\/idropolis\/candeletta-cod-r264050ic\/\" \/>\n<meta property=\"og:site_name\" content=\"Mack4Season\" \/>\n<meta property=\"article:publisher\" content=\"https:\/\/www.facebook.com\/profile.php?id=100075990468585\" \/>\n<meta property=\"article:modified_time\" content=\"2022-12-14T13:45:17+00:00\" \/>\n<meta property=\"og:image\" content=\"https:\/\/mack4seasons.com\/wp-content\/uploads\/2021\/09\/w-SITO-CANDELETTE-10.jpg\" \/>\n\t<meta property=\"og:image:width\" content=\"960\" \/>\n\t<meta property=\"og:image:height\" content=\"960\" \/>\n\t<meta property=\"og:image:type\" content=\"image\/jpeg\" \/>\n<meta name=\"twitter:card\" content=\"summary_large_image\" \/>\n<script type=\"application\/ld+json\" class=\"yoast-schema-graph\">{\"@context\":\"https:\/\/schema.org\",\"@graph\":[{\"@type\":\"WebPage\",\"@id\":\"https:\/\/mack4seasons.com\/negozio\/italiana-camini\/termoprodotti-a-pellet-italiana-camini\/idropolis\/candeletta-cod-r264050ic\/\",\"url\":\"https:\/\/mack4seasons.com\/negozio\/italiana-camini\/termoprodotti-a-pellet-italiana-camini\/idropolis\/candeletta-cod-r264050ic\/\",\"name\":\"Candeletta per stufa a pellet Italiana Camini Codice R264050IC - Mack4Season\",\"isPartOf\":{\"@id\":\"https:\/\/mack4seasons.com\/#website\"},\"primaryImageOfPage\":{\"@id\":\"https:\/\/mack4seasons.com\/negozio\/italiana-camini\/termoprodotti-a-pellet-italiana-camini\/idropolis\/candeletta-cod-r264050ic\/#primaryimage\"},\"image\":{\"@id\":\"https:\/\/mack4seasons.com\/negozio\/italiana-camini\/termoprodotti-a-pellet-italiana-camini\/idropolis\/candeletta-cod-r264050ic\/#primaryimage\"},\"thumbnailUrl\":\"https:\/\/mack4seasons.com\/wp-content\/uploads\/2021\/09\/w-SITO-CANDELETTE-10.jpg\",\"datePublished\":\"2020-01-10T00:00:00+00:00\",\"dateModified\":\"2022-12-14T13:45:17+00:00\",\"breadcrumb\":{\"@id\":\"https:\/\/mack4seasons.com\/negozio\/italiana-camini\/termoprodotti-a-pellet-italiana-camini\/idropolis\/candeletta-cod-r264050ic\/#breadcrumb\"},\"inLanguage\":\"fr-FR\",\"potentialAction\":[{\"@type\":\"ReadAction\",\"target\":[\"https:\/\/mack4seasons.com\/negozio\/italiana-camini\/termoprodotti-a-pellet-italiana-camini\/idropolis\/candeletta-cod-r264050ic\/\"]}]},{\"@type\":\"ImageObject\",\"inLanguage\":\"fr-FR\",\"@id\":\"https:\/\/mack4seasons.com\/negozio\/italiana-camini\/termoprodotti-a-pellet-italiana-camini\/idropolis\/candeletta-cod-r264050ic\/#primaryimage\",\"url\":\"https:\/\/mack4seasons.com\/wp-content\/uploads\/2021\/09\/w-SITO-CANDELETTE-10.jpg\",\"contentUrl\":\"https:\/\/mack4seasons.com\/wp-content\/uploads\/2021\/09\/w-SITO-CANDELETTE-10.jpg\",\"width\":960,\"height\":960},{\"@type\":\"BreadcrumbList\",\"@id\":\"https:\/\/mack4seasons.com\/negozio\/italiana-camini\/termoprodotti-a-pellet-italiana-camini\/idropolis\/candeletta-cod-r264050ic\/#breadcrumb\",\"itemListElement\":[{\"@type\":\"ListItem\",\"position\":1,\"name\":\"Home\",\"item\":\"https:\/\/mack4seasons.com\/ricambi-accessori-stufe-e-caldaie-pellet\/\"},{\"@type\":\"ListItem\",\"position\":2,\"name\":\"Shop\",\"item\":\"https:\/\/mack4seasons.com\/negozio\/\"},{\"@type\":\"ListItem\",\"position\":3,\"name\":\"Candeletta per stufa a pellet Italiana Camini Codice R264050IC\"}]},{\"@type\":\"WebSite\",\"@id\":\"https:\/\/mack4seasons.com\/#website\",\"url\":\"https:\/\/mack4seasons.com\/\",\"name\":\"Mack4Season\",\"description\":\"Per il comfort termico della tua casa\",\"publisher\":{\"@id\":\"https:\/\/mack4seasons.com\/#organization\"},\"potentialAction\":[{\"@type\":\"SearchAction\",\"target\":{\"@type\":\"EntryPoint\",\"urlTemplate\":\"https:\/\/mack4seasons.com\/?s={search_term_string}\"},\"query-input\":{\"@type\":\"PropertyValueSpecification\",\"valueRequired\":true,\"valueName\":\"search_term_string\"}}],\"inLanguage\":\"fr-FR\"},{\"@type\":\"Organization\",\"@id\":\"https:\/\/mack4seasons.com\/#organization\",\"name\":\"Mack4Season\",\"url\":\"https:\/\/mack4seasons.com\/\",\"logo\":{\"@type\":\"ImageObject\",\"inLanguage\":\"fr-FR\",\"@id\":\"https:\/\/mack4seasons.com\/#\/schema\/logo\/image\/\",\"url\":\"https:\/\/mack4seasons.com\/wp-content\/uploads\/2021\/06\/w-MACK-logo-pantone-02A19E.png\",\"contentUrl\":\"https:\/\/mack4seasons.com\/wp-content\/uploads\/2021\/06\/w-MACK-logo-pantone-02A19E.png\",\"width\":809,\"height\":425,\"caption\":\"Mack4Season\"},\"image\":{\"@id\":\"https:\/\/mack4seasons.com\/#\/schema\/logo\/image\/\"},\"sameAs\":[\"https:\/\/www.facebook.com\/profile.php?id=100075990468585\"]}]}<\/script>\n<!-- \/ Yoast SEO plugin. -->","yoast_head_json":{"title":"Candeletta per stufa a pellet Italiana Camini Codice R264050IC - Mack4Season","robots":{"index":"index","follow":"follow","max-snippet":"max-snippet:-1","max-image-preview":"max-image-preview:large","max-video-preview":"max-video-preview:-1"},"canonical":"https:\/\/mack4seasons.com\/fr\/negozio\/italiana-camini\/termoprodotti-a-pellet-italiana-camini\/idropolis\/candeletta-cod-r264050ic\/","og_locale":"fr_FR","og_type":"article","og_title":"Candeletta per stufa a pellet Italiana Camini Codice R264050IC - Mack4Season","og_description":"Compatibile con il codice originale Italiana Camini Codice R264050","og_url":"https:\/\/mack4seasons.com\/fr\/negozio\/italiana-camini\/termoprodotti-a-pellet-italiana-camini\/idropolis\/candeletta-cod-r264050ic\/","og_site_name":"Mack4Season","article_publisher":"https:\/\/www.facebook.com\/profile.php?id=100075990468585","article_modified_time":"2022-12-14T13:45:17+00:00","og_image":[{"width":960,"height":960,"url":"https:\/\/mack4seasons.com\/wp-content\/uploads\/2021\/09\/w-SITO-CANDELETTE-10.jpg","type":"image\/jpeg"}],"twitter_card":"summary_large_image","schema":{"@context":"https:\/\/schema.org","@graph":[{"@type":"WebPage","@id":"https:\/\/mack4seasons.com\/negozio\/italiana-camini\/termoprodotti-a-pellet-italiana-camini\/idropolis\/candeletta-cod-r264050ic\/","url":"https:\/\/mack4seasons.com\/negozio\/italiana-camini\/termoprodotti-a-pellet-italiana-camini\/idropolis\/candeletta-cod-r264050ic\/","name":"Candeletta per stufa a pellet Italiana Camini Codice R264050IC - Mack4Season","isPartOf":{"@id":"https:\/\/mack4seasons.com\/#website"},"primaryImageOfPage":{"@id":"https:\/\/mack4seasons.com\/negozio\/italiana-camini\/termoprodotti-a-pellet-italiana-camini\/idropolis\/candeletta-cod-r264050ic\/#primaryimage"},"image":{"@id":"https:\/\/mack4seasons.com\/negozio\/italiana-camini\/termoprodotti-a-pellet-italiana-camini\/idropolis\/candeletta-cod-r264050ic\/#primaryimage"},"thumbnailUrl":"https:\/\/mack4seasons.com\/wp-content\/uploads\/2021\/09\/w-SITO-CANDELETTE-10.jpg","datePublished":"2020-01-10T00:00:00+00:00","dateModified":"2022-12-14T13:45:17+00:00","breadcrumb":{"@id":"https:\/\/mack4seasons.com\/negozio\/italiana-camini\/termoprodotti-a-pellet-italiana-camini\/idropolis\/candeletta-cod-r264050ic\/#breadcrumb"},"inLanguage":"fr-FR","potentialAction":[{"@type":"ReadAction","target":["https:\/\/mack4seasons.com\/negozio\/italiana-camini\/termoprodotti-a-pellet-italiana-camini\/idropolis\/candeletta-cod-r264050ic\/"]}]},{"@type":"ImageObject","inLanguage":"fr-FR","@id":"https:\/\/mack4seasons.com\/negozio\/italiana-camini\/termoprodotti-a-pellet-italiana-camini\/idropolis\/candeletta-cod-r264050ic\/#primaryimage","url":"https:\/\/mack4seasons.com\/wp-content\/uploads\/2021\/09\/w-SITO-CANDELETTE-10.jpg","contentUrl":"https:\/\/mack4seasons.com\/wp-content\/uploads\/2021\/09\/w-SITO-CANDELETTE-10.jpg","width":960,"height":960},{"@type":"BreadcrumbList","@id":"https:\/\/mack4seasons.com\/negozio\/italiana-camini\/termoprodotti-a-pellet-italiana-camini\/idropolis\/candeletta-cod-r264050ic\/#breadcrumb","itemListElement":[{"@type":"ListItem","position":1,"name":"Home","item":"https:\/\/mack4seasons.com\/ricambi-accessori-stufe-e-caldaie-pellet\/"},{"@type":"ListItem","position":2,"name":"Shop","item":"https:\/\/mack4seasons.com\/negozio\/"},{"@type":"ListItem","position":3,"name":"Candeletta per stufa a pellet Italiana Camini Codice R264050IC"}]},{"@type":"WebSite","@id":"https:\/\/mack4seasons.com\/#website","url":"https:\/\/mack4seasons.com\/","name":"Mack4Season","description":"Pour le confort thermique de votre maison","publisher":{"@id":"https:\/\/mack4seasons.com\/#organization"},"potentialAction":[{"@type":"SearchAction","target":{"@type":"EntryPoint","urlTemplate":"https:\/\/mack4seasons.com\/?s={search_term_string}"},"query-input":{"@type":"PropertyValueSpecification","valueRequired":true,"valueName":"search_term_string"}}],"inLanguage":"fr-FR"},{"@type":"Organization","@id":"https:\/\/mack4seasons.com\/#organization","name":"Mack4Season","url":"https:\/\/mack4seasons.com\/","logo":{"@type":"ImageObject","inLanguage":"fr-FR","@id":"https:\/\/mack4seasons.com\/#\/schema\/logo\/image\/","url":"https:\/\/mack4seasons.com\/wp-content\/uploads\/2021\/06\/w-MACK-logo-pantone-02A19E.png","contentUrl":"https:\/\/mack4seasons.com\/wp-content\/uploads\/2021\/06\/w-MACK-logo-pantone-02A19E.png","width":809,"height":425,"caption":"Mack4Season"},"image":{"@id":"https:\/\/mack4seasons.com\/#\/schema\/logo\/image\/"},"sameAs":["https:\/\/www.facebook.com\/profile.php?id=100075990468585"]}]}},"_links":{"self":[{"href":"https:\/\/mack4seasons.com\/fr\/wp-json\/wp\/v2\/product\/9561","targetHints":{"allow":["GET"]}}],"collection":[{"href":"https:\/\/mack4seasons.com\/fr\/wp-json\/wp\/v2\/product"}],"about":[{"href":"https:\/\/mack4seasons.com\/fr\/wp-json\/wp\/v2\/types\/product"}],"wp:featuredmedia":[{"embeddable":true,"href":"https:\/\/mack4seasons.com\/fr\/wp-json\/wp\/v2\/media\/12661"}],"wp:attachment":[{"href":"https:\/\/mack4seasons.com\/fr\/wp-json\/wp\/v2\/media?parent=9561"}],"wp:term":[{"taxonomy":"product_brand","embeddable":true,"href":"https:\/\/mack4seasons.com\/fr\/wp-json\/wp\/v2\/product_brand?post=9561"},{"taxonomy":"product_cat","embeddable":true,"href":"https:\/\/mack4seasons.com\/fr\/wp-json\/wp\/v2\/product_cat?post=9561"},{"taxonomy":"product_tag","embeddable":true,"href":"https:\/\/mack4seasons.com\/fr\/wp-json\/wp\/v2\/product_tag?post=9561"}],"curies":[{"name":"wp","href":"https:\/\/api.w.org\/{rel}","templated":true}]}}