{"id":9371,"date":"1970-01-01T00:00:00","date_gmt":"1970-01-01T00:00:00","guid":{"rendered":"https:\/\/mack4seasons.com\/?post_type=product&#038;p=9371"},"modified":"2022-10-03T08:25:13","modified_gmt":"2022-10-03T08:25:13","slug":"deflettore-fumi-cod-evc156-per-i-modelli-linda-laura-barbara-fiamma-paola-diana-rosy-maria-mary-elisa-new-laila-bolonia-martina-stella-luana-alyssa-evelyn-cloe-nicole-zoe-gem","status":"publish","type":"product","link":"https:\/\/mack4seasons.com\/fr\/negozio\/evacalor\/stufe-a-pellet-evacalor\/adria\/deflettore-fumi-cod-evc156-per-i-modelli-linda-laura-barbara-fiamma-paola-diana-rosy-maria-mary-elisa-new-laila-bolonia-martina-stella-luana-alyssa-evelyn-cloe-nicole-zoe-gem\/","title":{"rendered":"Deflettore fumi &#8211; Codice EVC156"},"content":{"rendered":"<hr>\n<h2>   Deflettore fumi <\/h2>\n<p>Codice EVC156<\/p>\n<p><strong> Pour les mod\u00e8les de po\u00eales \u00e0 granules Nordica Extraflame suivants : <\/strong> Linda, Laura, Barbara, Fiamma, Paola, Diana, Rosy, Maria, Mary, Elisa new, Laila, Bolonia, Martina, Stella, Luana, Alyssa, Evelyn, Cloe, Nicole, Zoe, Gemma, Beatrice, Deborah, Adria, Veronica, Lidia, Sara, Elisa, Paola<\/p>","protected":false},"excerpt":{"rendered":"<p>Deflettore fumi Codice EVC156 Per i seguenti modelli di stufa a pellet Nordica Extraflame: Linda, Laura, Barbara, Fiamma, Paola, Diana, Rosy, Maria, Mary, Elisa new, Laila, Bolonia, Martina, Stella, Luana, Alyssa, Evelyn, Cloe, Nicole, Zoe, Gemma, Beatrice, Deborah, Adria, Veronica, Lidia, Sara, Elisa, Paola<\/p>","protected":false},"featured_media":0,"template":"","meta":[],"product_brand":[],"product_cat":[415,423,494,495,429,497,435,499,442,405,501,444,504,451,513,455,457,459,517,464,465,472,520,524,477,481,406,488,531],"product_tag":[],"class_list":{"0":"post-9371","1":"product","2":"type-product","3":"status-publish","5":"product_cat-adria","6":"product_cat-alyssa","7":"product_cat-barbara","8":"product_cat-beatrice","9":"product_cat-bolonia","10":"product_cat-cloe-stufe-a-pellet-evacalor","11":"product_cat-deborah","12":"product_cat-diana-stufe-a-pellet-evacalor","13":"product_cat-elisa-new","14":"product_cat-evacalor","15":"product_cat-evelyn","16":"product_cat-fiamma","17":"product_cat-gemma","18":"product_cat-laila","19":"product_cat-laura","20":"product_cat-lidia","21":"product_cat-linda","22":"product_cat-luana","23":"product_cat-maria","24":"product_cat-martina-stufe-a-pellet-evacalor","25":"product_cat-mary","26":"product_cat-nicole","27":"product_cat-paola-new","28":"product_cat-rosy-stufe-a-pellet-evacalor","29":"product_cat-sara","30":"product_cat-stella","31":"product_cat-stufe-a-pellet-evacalor","32":"product_cat-veronica","33":"product_cat-zoe","34":"product_shipping_class-classe-di-spedizione-02","36":"first","37":"instock","38":"taxable","39":"shipping-taxable","40":"purchasable","41":"product-type-simple"},"yoast_head":"<!-- This site is optimized with the Yoast SEO plugin v26.3 - https:\/\/yoast.com\/wordpress\/plugins\/seo\/ -->\n<title>Deflettore fumi - Codice EVC156 - Mack4Season<\/title>\n<meta name=\"robots\" content=\"index, follow, max-snippet:-1, max-image-preview:large, max-video-preview:-1\" \/>\n<link rel=\"canonical\" href=\"https:\/\/mack4seasons.com\/fr\/negozio\/evacalor\/stufe-a-pellet-evacalor\/adria\/deflettore-fumi-cod-evc156-per-i-modelli-linda-laura-barbara-fiamma-paola-diana-rosy-maria-mary-elisa-new-laila-bolonia-martina-stella-luana-alyssa-evelyn-cloe-nicole-zoe-gem\/\" \/>\n<meta property=\"og:locale\" content=\"fr_FR\" \/>\n<meta property=\"og:type\" content=\"article\" \/>\n<meta property=\"og:title\" content=\"Deflettore fumi - Codice EVC156 - Mack4Season\" \/>\n<meta property=\"og:description\" content=\"Deflettore fumi Codice EVC156 Per i seguenti modelli di stufa a pellet Nordica Extraflame: Linda, Laura, Barbara, Fiamma, Paola, Diana, Rosy, Maria, Mary, Elisa new, Laila, Bolonia, Martina, Stella, Luana, Alyssa, Evelyn, Cloe, Nicole, Zoe, Gemma, Beatrice, Deborah, Adria, Veronica, Lidia, Sara, Elisa, Paola\" \/>\n<meta property=\"og:url\" content=\"https:\/\/mack4seasons.com\/fr\/negozio\/evacalor\/stufe-a-pellet-evacalor\/adria\/deflettore-fumi-cod-evc156-per-i-modelli-linda-laura-barbara-fiamma-paola-diana-rosy-maria-mary-elisa-new-laila-bolonia-martina-stella-luana-alyssa-evelyn-cloe-nicole-zoe-gem\/\" \/>\n<meta property=\"og:site_name\" content=\"Mack4Season\" \/>\n<meta property=\"article:publisher\" content=\"https:\/\/www.facebook.com\/profile.php?id=100075990468585\" \/>\n<meta property=\"article:modified_time\" content=\"2022-10-03T08:25:13+00:00\" \/>\n<meta name=\"twitter:card\" content=\"summary_large_image\" \/>\n<script type=\"application\/ld+json\" class=\"yoast-schema-graph\">{\"@context\":\"https:\/\/schema.org\",\"@graph\":[{\"@type\":\"WebPage\",\"@id\":\"https:\/\/mack4seasons.com\/negozio\/evacalor\/stufe-a-pellet-evacalor\/adria\/deflettore-fumi-cod-evc156-per-i-modelli-linda-laura-barbara-fiamma-paola-diana-rosy-maria-mary-elisa-new-laila-bolonia-martina-stella-luana-alyssa-evelyn-cloe-nicole-zoe-gem\/\",\"url\":\"https:\/\/mack4seasons.com\/negozio\/evacalor\/stufe-a-pellet-evacalor\/adria\/deflettore-fumi-cod-evc156-per-i-modelli-linda-laura-barbara-fiamma-paola-diana-rosy-maria-mary-elisa-new-laila-bolonia-martina-stella-luana-alyssa-evelyn-cloe-nicole-zoe-gem\/\",\"name\":\"Deflettore fumi - Codice EVC156 - Mack4Season\",\"isPartOf\":{\"@id\":\"https:\/\/mack4seasons.com\/#website\"},\"datePublished\":\"1970-01-01T00:00:00+00:00\",\"dateModified\":\"2022-10-03T08:25:13+00:00\",\"breadcrumb\":{\"@id\":\"https:\/\/mack4seasons.com\/negozio\/evacalor\/stufe-a-pellet-evacalor\/adria\/deflettore-fumi-cod-evc156-per-i-modelli-linda-laura-barbara-fiamma-paola-diana-rosy-maria-mary-elisa-new-laila-bolonia-martina-stella-luana-alyssa-evelyn-cloe-nicole-zoe-gem\/#breadcrumb\"},\"inLanguage\":\"fr-FR\",\"potentialAction\":[{\"@type\":\"ReadAction\",\"target\":[\"https:\/\/mack4seasons.com\/negozio\/evacalor\/stufe-a-pellet-evacalor\/adria\/deflettore-fumi-cod-evc156-per-i-modelli-linda-laura-barbara-fiamma-paola-diana-rosy-maria-mary-elisa-new-laila-bolonia-martina-stella-luana-alyssa-evelyn-cloe-nicole-zoe-gem\/\"]}]},{\"@type\":\"BreadcrumbList\",\"@id\":\"https:\/\/mack4seasons.com\/negozio\/evacalor\/stufe-a-pellet-evacalor\/adria\/deflettore-fumi-cod-evc156-per-i-modelli-linda-laura-barbara-fiamma-paola-diana-rosy-maria-mary-elisa-new-laila-bolonia-martina-stella-luana-alyssa-evelyn-cloe-nicole-zoe-gem\/#breadcrumb\",\"itemListElement\":[{\"@type\":\"ListItem\",\"position\":1,\"name\":\"Home\",\"item\":\"https:\/\/mack4seasons.com\/ricambi-accessori-stufe-e-caldaie-pellet\/\"},{\"@type\":\"ListItem\",\"position\":2,\"name\":\"Shop\",\"item\":\"https:\/\/mack4seasons.com\/negozio\/\"},{\"@type\":\"ListItem\",\"position\":3,\"name\":\"Deflettore fumi &#8211; Codice EVC156\"}]},{\"@type\":\"WebSite\",\"@id\":\"https:\/\/mack4seasons.com\/#website\",\"url\":\"https:\/\/mack4seasons.com\/\",\"name\":\"Mack4Season\",\"description\":\"Per il comfort termico della tua casa\",\"publisher\":{\"@id\":\"https:\/\/mack4seasons.com\/#organization\"},\"potentialAction\":[{\"@type\":\"SearchAction\",\"target\":{\"@type\":\"EntryPoint\",\"urlTemplate\":\"https:\/\/mack4seasons.com\/?s={search_term_string}\"},\"query-input\":{\"@type\":\"PropertyValueSpecification\",\"valueRequired\":true,\"valueName\":\"search_term_string\"}}],\"inLanguage\":\"fr-FR\"},{\"@type\":\"Organization\",\"@id\":\"https:\/\/mack4seasons.com\/#organization\",\"name\":\"Mack4Season\",\"url\":\"https:\/\/mack4seasons.com\/\",\"logo\":{\"@type\":\"ImageObject\",\"inLanguage\":\"fr-FR\",\"@id\":\"https:\/\/mack4seasons.com\/#\/schema\/logo\/image\/\",\"url\":\"https:\/\/mack4seasons.com\/wp-content\/uploads\/2021\/06\/w-MACK-logo-pantone-02A19E.png\",\"contentUrl\":\"https:\/\/mack4seasons.com\/wp-content\/uploads\/2021\/06\/w-MACK-logo-pantone-02A19E.png\",\"width\":809,\"height\":425,\"caption\":\"Mack4Season\"},\"image\":{\"@id\":\"https:\/\/mack4seasons.com\/#\/schema\/logo\/image\/\"},\"sameAs\":[\"https:\/\/www.facebook.com\/profile.php?id=100075990468585\"]}]}<\/script>\n<!-- \/ Yoast SEO plugin. -->","yoast_head_json":{"title":"Deflettore fumi - Codice EVC156 - Mack4Season","robots":{"index":"index","follow":"follow","max-snippet":"max-snippet:-1","max-image-preview":"max-image-preview:large","max-video-preview":"max-video-preview:-1"},"canonical":"https:\/\/mack4seasons.com\/fr\/negozio\/evacalor\/stufe-a-pellet-evacalor\/adria\/deflettore-fumi-cod-evc156-per-i-modelli-linda-laura-barbara-fiamma-paola-diana-rosy-maria-mary-elisa-new-laila-bolonia-martina-stella-luana-alyssa-evelyn-cloe-nicole-zoe-gem\/","og_locale":"fr_FR","og_type":"article","og_title":"Deflettore fumi - Codice EVC156 - Mack4Season","og_description":"Deflettore fumi Codice EVC156 Per i seguenti modelli di stufa a pellet Nordica Extraflame: Linda, Laura, Barbara, Fiamma, Paola, Diana, Rosy, Maria, Mary, Elisa new, Laila, Bolonia, Martina, Stella, Luana, Alyssa, Evelyn, Cloe, Nicole, Zoe, Gemma, Beatrice, Deborah, Adria, Veronica, Lidia, Sara, Elisa, Paola","og_url":"https:\/\/mack4seasons.com\/fr\/negozio\/evacalor\/stufe-a-pellet-evacalor\/adria\/deflettore-fumi-cod-evc156-per-i-modelli-linda-laura-barbara-fiamma-paola-diana-rosy-maria-mary-elisa-new-laila-bolonia-martina-stella-luana-alyssa-evelyn-cloe-nicole-zoe-gem\/","og_site_name":"Mack4Season","article_publisher":"https:\/\/www.facebook.com\/profile.php?id=100075990468585","article_modified_time":"2022-10-03T08:25:13+00:00","twitter_card":"summary_large_image","schema":{"@context":"https:\/\/schema.org","@graph":[{"@type":"WebPage","@id":"https:\/\/mack4seasons.com\/negozio\/evacalor\/stufe-a-pellet-evacalor\/adria\/deflettore-fumi-cod-evc156-per-i-modelli-linda-laura-barbara-fiamma-paola-diana-rosy-maria-mary-elisa-new-laila-bolonia-martina-stella-luana-alyssa-evelyn-cloe-nicole-zoe-gem\/","url":"https:\/\/mack4seasons.com\/negozio\/evacalor\/stufe-a-pellet-evacalor\/adria\/deflettore-fumi-cod-evc156-per-i-modelli-linda-laura-barbara-fiamma-paola-diana-rosy-maria-mary-elisa-new-laila-bolonia-martina-stella-luana-alyssa-evelyn-cloe-nicole-zoe-gem\/","name":"Deflettore fumi - Codice EVC156 - Mack4Season","isPartOf":{"@id":"https:\/\/mack4seasons.com\/#website"},"datePublished":"1970-01-01T00:00:00+00:00","dateModified":"2022-10-03T08:25:13+00:00","breadcrumb":{"@id":"https:\/\/mack4seasons.com\/negozio\/evacalor\/stufe-a-pellet-evacalor\/adria\/deflettore-fumi-cod-evc156-per-i-modelli-linda-laura-barbara-fiamma-paola-diana-rosy-maria-mary-elisa-new-laila-bolonia-martina-stella-luana-alyssa-evelyn-cloe-nicole-zoe-gem\/#breadcrumb"},"inLanguage":"fr-FR","potentialAction":[{"@type":"ReadAction","target":["https:\/\/mack4seasons.com\/negozio\/evacalor\/stufe-a-pellet-evacalor\/adria\/deflettore-fumi-cod-evc156-per-i-modelli-linda-laura-barbara-fiamma-paola-diana-rosy-maria-mary-elisa-new-laila-bolonia-martina-stella-luana-alyssa-evelyn-cloe-nicole-zoe-gem\/"]}]},{"@type":"BreadcrumbList","@id":"https:\/\/mack4seasons.com\/negozio\/evacalor\/stufe-a-pellet-evacalor\/adria\/deflettore-fumi-cod-evc156-per-i-modelli-linda-laura-barbara-fiamma-paola-diana-rosy-maria-mary-elisa-new-laila-bolonia-martina-stella-luana-alyssa-evelyn-cloe-nicole-zoe-gem\/#breadcrumb","itemListElement":[{"@type":"ListItem","position":1,"name":"Home","item":"https:\/\/mack4seasons.com\/ricambi-accessori-stufe-e-caldaie-pellet\/"},{"@type":"ListItem","position":2,"name":"Shop","item":"https:\/\/mack4seasons.com\/negozio\/"},{"@type":"ListItem","position":3,"name":"Deflettore fumi &#8211; Codice EVC156"}]},{"@type":"WebSite","@id":"https:\/\/mack4seasons.com\/#website","url":"https:\/\/mack4seasons.com\/","name":"Mack4Season","description":"Pour le confort thermique de votre maison","publisher":{"@id":"https:\/\/mack4seasons.com\/#organization"},"potentialAction":[{"@type":"SearchAction","target":{"@type":"EntryPoint","urlTemplate":"https:\/\/mack4seasons.com\/?s={search_term_string}"},"query-input":{"@type":"PropertyValueSpecification","valueRequired":true,"valueName":"search_term_string"}}],"inLanguage":"fr-FR"},{"@type":"Organization","@id":"https:\/\/mack4seasons.com\/#organization","name":"Mack4Season","url":"https:\/\/mack4seasons.com\/","logo":{"@type":"ImageObject","inLanguage":"fr-FR","@id":"https:\/\/mack4seasons.com\/#\/schema\/logo\/image\/","url":"https:\/\/mack4seasons.com\/wp-content\/uploads\/2021\/06\/w-MACK-logo-pantone-02A19E.png","contentUrl":"https:\/\/mack4seasons.com\/wp-content\/uploads\/2021\/06\/w-MACK-logo-pantone-02A19E.png","width":809,"height":425,"caption":"Mack4Season"},"image":{"@id":"https:\/\/mack4seasons.com\/#\/schema\/logo\/image\/"},"sameAs":["https:\/\/www.facebook.com\/profile.php?id=100075990468585"]}]}},"_links":{"self":[{"href":"https:\/\/mack4seasons.com\/fr\/wp-json\/wp\/v2\/product\/9371","targetHints":{"allow":["GET"]}}],"collection":[{"href":"https:\/\/mack4seasons.com\/fr\/wp-json\/wp\/v2\/product"}],"about":[{"href":"https:\/\/mack4seasons.com\/fr\/wp-json\/wp\/v2\/types\/product"}],"wp:attachment":[{"href":"https:\/\/mack4seasons.com\/fr\/wp-json\/wp\/v2\/media?parent=9371"}],"wp:term":[{"taxonomy":"product_brand","embeddable":true,"href":"https:\/\/mack4seasons.com\/fr\/wp-json\/wp\/v2\/product_brand?post=9371"},{"taxonomy":"product_cat","embeddable":true,"href":"https:\/\/mack4seasons.com\/fr\/wp-json\/wp\/v2\/product_cat?post=9371"},{"taxonomy":"product_tag","embeddable":true,"href":"https:\/\/mack4seasons.com\/fr\/wp-json\/wp\/v2\/product_tag?post=9371"}],"curies":[{"name":"wp","href":"https:\/\/api.w.org\/{rel}","templated":true}]}}