{"id":9368,"date":"1970-01-01T00:00:00","date_gmt":"1970-01-01T00:00:00","guid":{"rendered":"https:\/\/mack4seasons.com\/?post_type=product&#038;p=9368"},"modified":"2022-10-03T08:25:11","modified_gmt":"2022-10-03T08:25:11","slug":"display-cod-evc153-per-i-modelli-linda-laura-barbara-fiamma-paola-diana-rosy-maria-mary-elisa-new-laila-bolonia-martina-stella-luana-alyssa-ines-milly-cloe-nicole-zoe-gemma","status":"publish","type":"product","link":"https:\/\/mack4seasons.com\/fr\/negozio\/evacalor\/stufe-a-pellet-evacalor\/adria\/display-cod-evc153-per-i-modelli-linda-laura-barbara-fiamma-paola-diana-rosy-maria-mary-elisa-new-laila-bolonia-martina-stella-luana-alyssa-ines-milly-cloe-nicole-zoe-gemma\/","title":{"rendered":"Display &#8211; Codice EVC153"},"content":{"rendered":"<hr>\n<h2>   Afficheur <\/h2>\n<p>Codice EVC153<\/p>\n<p> <strong> Pour les mod\u00e8les de po\u00eales \u00e0 granules Nordica Extraflame suivants : <\/strong> Linda, Laura, Barbara, Fiamma, Paola, Diana, Rosy, Maria, Mary, Elisa new, Laila, Bolonia, Martina, Stella, Luana, Alyssa, Ines, Milly, Cloe, Nicole, Zoe, Gemma, Beatrice, Deborah, Adria, Veronica, Lidia, Nia, Isotta, Frida 13 kw, Luisa 13 kw, Venere 13 kw, Frida 17 kw, Ilaria 17 kw, Venere 17 kw, Stufa hydro 15 &#8211; 18 &#8211; 24 &#8211; 27 kw, Stufa hydro 20 &#8211; 24 kw, Inserto hydro 18 &#8211; 24 kw, Marcus, Saturno, Giove<\/p>","protected":false},"excerpt":{"rendered":"<p>Display Codice EVC153 Per i seguenti modelli di stufa a pellet Nordica Extraflame: Linda, Laura, Barbara, Fiamma, Paola, Diana, Rosy, Maria, Mary, Elisa new, Laila, Bolonia, Martina, Stella, Luana, Alyssa, Ines, Milly, Cloe, Nicole, Zoe, Gemma, Beatrice, Deborah, Adria, Veronica, Lidia, Nia, Isotta, Frida 13 kw, Luisa 13 kw, Venere 13 kw, Frida 17 kw, [&hellip;]<\/p>\n","protected":false},"featured_media":0,"template":"","meta":[],"product_brand":[],"product_cat":[415,423,494,495,429,430,497,435,499,442,405,444,502,503,504,506,448,567,449,510,451,513,455,457,459,461,516,517,464,465,568,471,472,520,524,525,481,482,566,406,528,529,488,531],"product_tag":[],"class_list":{"0":"post-9368","1":"product","2":"type-product","3":"status-publish","5":"product_cat-adria","6":"product_cat-alyssa","7":"product_cat-barbara","8":"product_cat-beatrice","9":"product_cat-bolonia","10":"product_cat-caldaie-termostufe-e-termocucine-a-pellet-evacalor","11":"product_cat-cloe-stufe-a-pellet-evacalor","12":"product_cat-deborah","13":"product_cat-diana-stufe-a-pellet-evacalor","14":"product_cat-elisa-new","15":"product_cat-evacalor","16":"product_cat-fiamma","17":"product_cat-frida-13-kw","18":"product_cat-frida-17-kw","19":"product_cat-gemma","20":"product_cat-giove","21":"product_cat-ilaria-17-kw","22":"product_cat-ines","23":"product_cat-inserto-hydro-18-24-kw","24":"product_cat-isotta","25":"product_cat-laila","26":"product_cat-laura","27":"product_cat-lidia","28":"product_cat-linda","29":"product_cat-luana","30":"product_cat-luisa-13-kw","31":"product_cat-marcus","32":"product_cat-maria","33":"product_cat-martina-stufe-a-pellet-evacalor","34":"product_cat-mary","35":"product_cat-milly","36":"product_cat-nia","37":"product_cat-nicole","38":"product_cat-paola-new","39":"product_cat-rosy-stufe-a-pellet-evacalor","40":"product_cat-saturno","41":"product_cat-stella","42":"product_cat-stufa-hydro-15-18-24-27-kw","43":"product_cat-stufa-hydro-20-24-kw","44":"product_cat-stufe-a-pellet-evacalor","45":"product_cat-venere-13-kw","46":"product_cat-venere-17-kw","47":"product_cat-veronica","48":"product_cat-zoe","49":"product_shipping_class-classe-di-spedizione-02","51":"first","52":"instock","53":"taxable","54":"shipping-taxable","55":"purchasable","56":"product-type-simple"},"yoast_head":"<!-- This site is optimized with the Yoast SEO plugin v26.3 - https:\/\/yoast.com\/wordpress\/plugins\/seo\/ -->\n<title>Display - Codice EVC153 - Mack4Season<\/title>\n<meta name=\"robots\" content=\"index, follow, max-snippet:-1, max-image-preview:large, max-video-preview:-1\" \/>\n<link rel=\"canonical\" href=\"https:\/\/mack4seasons.com\/fr\/negozio\/evacalor\/caldaie-termostufe-e-termocucine-a-pellet-evacalor\/ilaria-17-kw\/display-cod-evc153-per-i-modelli-linda-laura-barbara-fiamma-paola-diana-rosy-maria-mary-elisa-new-laila-bolonia-martina-stella-luana-alyssa-ines-milly-cloe-nicole-zoe-gemma\/\" \/>\n<meta property=\"og:locale\" content=\"fr_FR\" \/>\n<meta property=\"og:type\" content=\"article\" \/>\n<meta property=\"og:title\" content=\"Display - Codice EVC153 - Mack4Season\" \/>\n<meta property=\"og:description\" content=\"Display Codice EVC153 Per i seguenti modelli di stufa a pellet Nordica Extraflame: Linda, Laura, Barbara, Fiamma, Paola, Diana, Rosy, Maria, Mary, Elisa new, Laila, Bolonia, Martina, Stella, Luana, Alyssa, Ines, Milly, Cloe, Nicole, Zoe, Gemma, Beatrice, Deborah, Adria, Veronica, Lidia, Nia, Isotta, Frida 13 kw, Luisa 13 kw, Venere 13 kw, Frida 17 kw, [&hellip;]\" \/>\n<meta property=\"og:url\" content=\"https:\/\/mack4seasons.com\/fr\/negozio\/evacalor\/caldaie-termostufe-e-termocucine-a-pellet-evacalor\/ilaria-17-kw\/display-cod-evc153-per-i-modelli-linda-laura-barbara-fiamma-paola-diana-rosy-maria-mary-elisa-new-laila-bolonia-martina-stella-luana-alyssa-ines-milly-cloe-nicole-zoe-gemma\/\" \/>\n<meta property=\"og:site_name\" content=\"Mack4Season\" \/>\n<meta property=\"article:publisher\" content=\"https:\/\/www.facebook.com\/profile.php?id=100075990468585\" \/>\n<meta property=\"article:modified_time\" content=\"2022-10-03T08:25:11+00:00\" \/>\n<meta name=\"twitter:card\" content=\"summary_large_image\" \/>\n<script type=\"application\/ld+json\" class=\"yoast-schema-graph\">{\"@context\":\"https:\/\/schema.org\",\"@graph\":[{\"@type\":\"WebPage\",\"@id\":\"https:\/\/mack4seasons.com\/negozio\/evacalor\/caldaie-termostufe-e-termocucine-a-pellet-evacalor\/ilaria-17-kw\/display-cod-evc153-per-i-modelli-linda-laura-barbara-fiamma-paola-diana-rosy-maria-mary-elisa-new-laila-bolonia-martina-stella-luana-alyssa-ines-milly-cloe-nicole-zoe-gemma\/\",\"url\":\"https:\/\/mack4seasons.com\/negozio\/evacalor\/caldaie-termostufe-e-termocucine-a-pellet-evacalor\/ilaria-17-kw\/display-cod-evc153-per-i-modelli-linda-laura-barbara-fiamma-paola-diana-rosy-maria-mary-elisa-new-laila-bolonia-martina-stella-luana-alyssa-ines-milly-cloe-nicole-zoe-gemma\/\",\"name\":\"Display - Codice EVC153 - Mack4Season\",\"isPartOf\":{\"@id\":\"https:\/\/mack4seasons.com\/#website\"},\"datePublished\":\"1970-01-01T00:00:00+00:00\",\"dateModified\":\"2022-10-03T08:25:11+00:00\",\"breadcrumb\":{\"@id\":\"https:\/\/mack4seasons.com\/negozio\/evacalor\/caldaie-termostufe-e-termocucine-a-pellet-evacalor\/ilaria-17-kw\/display-cod-evc153-per-i-modelli-linda-laura-barbara-fiamma-paola-diana-rosy-maria-mary-elisa-new-laila-bolonia-martina-stella-luana-alyssa-ines-milly-cloe-nicole-zoe-gemma\/#breadcrumb\"},\"inLanguage\":\"fr-FR\",\"potentialAction\":[{\"@type\":\"ReadAction\",\"target\":[\"https:\/\/mack4seasons.com\/negozio\/evacalor\/caldaie-termostufe-e-termocucine-a-pellet-evacalor\/ilaria-17-kw\/display-cod-evc153-per-i-modelli-linda-laura-barbara-fiamma-paola-diana-rosy-maria-mary-elisa-new-laila-bolonia-martina-stella-luana-alyssa-ines-milly-cloe-nicole-zoe-gemma\/\"]}]},{\"@type\":\"BreadcrumbList\",\"@id\":\"https:\/\/mack4seasons.com\/negozio\/evacalor\/caldaie-termostufe-e-termocucine-a-pellet-evacalor\/ilaria-17-kw\/display-cod-evc153-per-i-modelli-linda-laura-barbara-fiamma-paola-diana-rosy-maria-mary-elisa-new-laila-bolonia-martina-stella-luana-alyssa-ines-milly-cloe-nicole-zoe-gemma\/#breadcrumb\",\"itemListElement\":[{\"@type\":\"ListItem\",\"position\":1,\"name\":\"Home\",\"item\":\"https:\/\/mack4seasons.com\/ricambi-accessori-stufe-e-caldaie-pellet\/\"},{\"@type\":\"ListItem\",\"position\":2,\"name\":\"Shop\",\"item\":\"https:\/\/mack4seasons.com\/negozio\/\"},{\"@type\":\"ListItem\",\"position\":3,\"name\":\"Display &#8211; Codice EVC153\"}]},{\"@type\":\"WebSite\",\"@id\":\"https:\/\/mack4seasons.com\/#website\",\"url\":\"https:\/\/mack4seasons.com\/\",\"name\":\"Mack4Season\",\"description\":\"Per il comfort termico della tua casa\",\"publisher\":{\"@id\":\"https:\/\/mack4seasons.com\/#organization\"},\"potentialAction\":[{\"@type\":\"SearchAction\",\"target\":{\"@type\":\"EntryPoint\",\"urlTemplate\":\"https:\/\/mack4seasons.com\/?s={search_term_string}\"},\"query-input\":{\"@type\":\"PropertyValueSpecification\",\"valueRequired\":true,\"valueName\":\"search_term_string\"}}],\"inLanguage\":\"fr-FR\"},{\"@type\":\"Organization\",\"@id\":\"https:\/\/mack4seasons.com\/#organization\",\"name\":\"Mack4Season\",\"url\":\"https:\/\/mack4seasons.com\/\",\"logo\":{\"@type\":\"ImageObject\",\"inLanguage\":\"fr-FR\",\"@id\":\"https:\/\/mack4seasons.com\/#\/schema\/logo\/image\/\",\"url\":\"https:\/\/mack4seasons.com\/wp-content\/uploads\/2021\/06\/w-MACK-logo-pantone-02A19E.png\",\"contentUrl\":\"https:\/\/mack4seasons.com\/wp-content\/uploads\/2021\/06\/w-MACK-logo-pantone-02A19E.png\",\"width\":809,\"height\":425,\"caption\":\"Mack4Season\"},\"image\":{\"@id\":\"https:\/\/mack4seasons.com\/#\/schema\/logo\/image\/\"},\"sameAs\":[\"https:\/\/www.facebook.com\/profile.php?id=100075990468585\"]}]}<\/script>\n<!-- \/ Yoast SEO plugin. -->","yoast_head_json":{"title":"Display - Codice EVC153 - Mack4Season","robots":{"index":"index","follow":"follow","max-snippet":"max-snippet:-1","max-image-preview":"max-image-preview:large","max-video-preview":"max-video-preview:-1"},"canonical":"https:\/\/mack4seasons.com\/fr\/negozio\/evacalor\/caldaie-termostufe-e-termocucine-a-pellet-evacalor\/ilaria-17-kw\/display-cod-evc153-per-i-modelli-linda-laura-barbara-fiamma-paola-diana-rosy-maria-mary-elisa-new-laila-bolonia-martina-stella-luana-alyssa-ines-milly-cloe-nicole-zoe-gemma\/","og_locale":"fr_FR","og_type":"article","og_title":"Display - Codice EVC153 - Mack4Season","og_description":"Display Codice EVC153 Per i seguenti modelli di stufa a pellet Nordica Extraflame: Linda, Laura, Barbara, Fiamma, Paola, Diana, Rosy, Maria, Mary, Elisa new, Laila, Bolonia, Martina, Stella, Luana, Alyssa, Ines, Milly, Cloe, Nicole, Zoe, Gemma, Beatrice, Deborah, Adria, Veronica, Lidia, Nia, Isotta, Frida 13 kw, Luisa 13 kw, Venere 13 kw, Frida 17 kw, [&hellip;]","og_url":"https:\/\/mack4seasons.com\/fr\/negozio\/evacalor\/caldaie-termostufe-e-termocucine-a-pellet-evacalor\/ilaria-17-kw\/display-cod-evc153-per-i-modelli-linda-laura-barbara-fiamma-paola-diana-rosy-maria-mary-elisa-new-laila-bolonia-martina-stella-luana-alyssa-ines-milly-cloe-nicole-zoe-gemma\/","og_site_name":"Mack4Season","article_publisher":"https:\/\/www.facebook.com\/profile.php?id=100075990468585","article_modified_time":"2022-10-03T08:25:11+00:00","twitter_card":"summary_large_image","schema":{"@context":"https:\/\/schema.org","@graph":[{"@type":"WebPage","@id":"https:\/\/mack4seasons.com\/negozio\/evacalor\/caldaie-termostufe-e-termocucine-a-pellet-evacalor\/ilaria-17-kw\/display-cod-evc153-per-i-modelli-linda-laura-barbara-fiamma-paola-diana-rosy-maria-mary-elisa-new-laila-bolonia-martina-stella-luana-alyssa-ines-milly-cloe-nicole-zoe-gemma\/","url":"https:\/\/mack4seasons.com\/negozio\/evacalor\/caldaie-termostufe-e-termocucine-a-pellet-evacalor\/ilaria-17-kw\/display-cod-evc153-per-i-modelli-linda-laura-barbara-fiamma-paola-diana-rosy-maria-mary-elisa-new-laila-bolonia-martina-stella-luana-alyssa-ines-milly-cloe-nicole-zoe-gemma\/","name":"Display - Codice EVC153 - Mack4Season","isPartOf":{"@id":"https:\/\/mack4seasons.com\/#website"},"datePublished":"1970-01-01T00:00:00+00:00","dateModified":"2022-10-03T08:25:11+00:00","breadcrumb":{"@id":"https:\/\/mack4seasons.com\/negozio\/evacalor\/caldaie-termostufe-e-termocucine-a-pellet-evacalor\/ilaria-17-kw\/display-cod-evc153-per-i-modelli-linda-laura-barbara-fiamma-paola-diana-rosy-maria-mary-elisa-new-laila-bolonia-martina-stella-luana-alyssa-ines-milly-cloe-nicole-zoe-gemma\/#breadcrumb"},"inLanguage":"fr-FR","potentialAction":[{"@type":"ReadAction","target":["https:\/\/mack4seasons.com\/negozio\/evacalor\/caldaie-termostufe-e-termocucine-a-pellet-evacalor\/ilaria-17-kw\/display-cod-evc153-per-i-modelli-linda-laura-barbara-fiamma-paola-diana-rosy-maria-mary-elisa-new-laila-bolonia-martina-stella-luana-alyssa-ines-milly-cloe-nicole-zoe-gemma\/"]}]},{"@type":"BreadcrumbList","@id":"https:\/\/mack4seasons.com\/negozio\/evacalor\/caldaie-termostufe-e-termocucine-a-pellet-evacalor\/ilaria-17-kw\/display-cod-evc153-per-i-modelli-linda-laura-barbara-fiamma-paola-diana-rosy-maria-mary-elisa-new-laila-bolonia-martina-stella-luana-alyssa-ines-milly-cloe-nicole-zoe-gemma\/#breadcrumb","itemListElement":[{"@type":"ListItem","position":1,"name":"Home","item":"https:\/\/mack4seasons.com\/ricambi-accessori-stufe-e-caldaie-pellet\/"},{"@type":"ListItem","position":2,"name":"Shop","item":"https:\/\/mack4seasons.com\/negozio\/"},{"@type":"ListItem","position":3,"name":"Display &#8211; Codice EVC153"}]},{"@type":"WebSite","@id":"https:\/\/mack4seasons.com\/#website","url":"https:\/\/mack4seasons.com\/","name":"Mack4Season","description":"Pour le confort thermique de votre maison","publisher":{"@id":"https:\/\/mack4seasons.com\/#organization"},"potentialAction":[{"@type":"SearchAction","target":{"@type":"EntryPoint","urlTemplate":"https:\/\/mack4seasons.com\/?s={search_term_string}"},"query-input":{"@type":"PropertyValueSpecification","valueRequired":true,"valueName":"search_term_string"}}],"inLanguage":"fr-FR"},{"@type":"Organization","@id":"https:\/\/mack4seasons.com\/#organization","name":"Mack4Season","url":"https:\/\/mack4seasons.com\/","logo":{"@type":"ImageObject","inLanguage":"fr-FR","@id":"https:\/\/mack4seasons.com\/#\/schema\/logo\/image\/","url":"https:\/\/mack4seasons.com\/wp-content\/uploads\/2021\/06\/w-MACK-logo-pantone-02A19E.png","contentUrl":"https:\/\/mack4seasons.com\/wp-content\/uploads\/2021\/06\/w-MACK-logo-pantone-02A19E.png","width":809,"height":425,"caption":"Mack4Season"},"image":{"@id":"https:\/\/mack4seasons.com\/#\/schema\/logo\/image\/"},"sameAs":["https:\/\/www.facebook.com\/profile.php?id=100075990468585"]}]}},"_links":{"self":[{"href":"https:\/\/mack4seasons.com\/fr\/wp-json\/wp\/v2\/product\/9368","targetHints":{"allow":["GET"]}}],"collection":[{"href":"https:\/\/mack4seasons.com\/fr\/wp-json\/wp\/v2\/product"}],"about":[{"href":"https:\/\/mack4seasons.com\/fr\/wp-json\/wp\/v2\/types\/product"}],"wp:attachment":[{"href":"https:\/\/mack4seasons.com\/fr\/wp-json\/wp\/v2\/media?parent=9368"}],"wp:term":[{"taxonomy":"product_brand","embeddable":true,"href":"https:\/\/mack4seasons.com\/fr\/wp-json\/wp\/v2\/product_brand?post=9368"},{"taxonomy":"product_cat","embeddable":true,"href":"https:\/\/mack4seasons.com\/fr\/wp-json\/wp\/v2\/product_cat?post=9368"},{"taxonomy":"product_tag","embeddable":true,"href":"https:\/\/mack4seasons.com\/fr\/wp-json\/wp\/v2\/product_tag?post=9368"}],"curies":[{"name":"wp","href":"https:\/\/api.w.org\/{rel}","templated":true}]}}