{"id":9342,"date":"1970-01-01T00:00:00","date_gmt":"1970-01-01T00:00:00","guid":{"rendered":"https:\/\/mack4seasons.com\/?post_type=product&#038;p=9342"},"modified":"2022-10-03T08:25:04","modified_gmt":"2022-10-03T08:25:04","slug":"braciere-cod-evc128-per-i-modelli-trevisi-silence-9-11-kw-ermetica","status":"publish","type":"product","link":"https:\/\/mack4seasons.com\/fr\/negozio\/evacalor\/stufe-a-convezione-naturale-evacalor\/silence-9-11-kw-ermetica\/braciere-cod-evc128-per-i-modelli-trevisi-silence-9-11-kw-ermetica\/","title":{"rendered":"Braciere &#8211; Codice EVC128"},"content":{"rendered":"<hr>\n<h2>   Braciere<\/h2>\n<p>Codice EVC128<\/p>\n<p><strong> Pour les mod\u00e8les de po\u00eales \u00e0 granules Nordica Extraflame suivants : <\/strong> Trevisi, Silence 9 &#8211; 11 kw Ermetica<\/p>","protected":false},"excerpt":{"rendered":"<p>Braciere Codice EVC128 Per i seguenti modelli di stufa a pellet Nordica Extraflame: Trevisi, Silence 9 &#8211; 11 kw Ermetica<\/p>","protected":false},"featured_media":0,"template":"","meta":[],"product_brand":[],"product_cat":[405,554,544,406,539],"product_tag":[],"class_list":{"0":"post-9342","1":"product","2":"type-product","3":"status-publish","5":"product_cat-evacalor","6":"product_cat-silence-9-11-kw-ermetica","7":"product_cat-stufe-a-convezione-naturale-evacalor","8":"product_cat-stufe-a-pellet-evacalor","9":"product_cat-trevisi","10":"product_shipping_class-classe-di-spedizione-02","12":"first","13":"instock","14":"taxable","15":"shipping-taxable","16":"purchasable","17":"product-type-simple"},"yoast_head":"<!-- This site is optimized with the Yoast SEO plugin v26.3 - https:\/\/yoast.com\/wordpress\/plugins\/seo\/ -->\n<title>Braciere - Codice EVC128 - Mack4Season<\/title>\n<meta name=\"robots\" content=\"index, follow, max-snippet:-1, max-image-preview:large, max-video-preview:-1\" \/>\n<link rel=\"canonical\" href=\"https:\/\/mack4seasons.com\/fr\/negozio\/evacalor\/stufe-a-convezione-naturale-evacalor\/silence-9-11-kw-ermetica\/braciere-cod-evc128-per-i-modelli-trevisi-silence-9-11-kw-ermetica\/\" \/>\n<meta property=\"og:locale\" content=\"fr_FR\" \/>\n<meta property=\"og:type\" content=\"article\" \/>\n<meta property=\"og:title\" content=\"Braciere - Codice EVC128 - Mack4Season\" \/>\n<meta property=\"og:description\" content=\"Braciere Codice EVC128 Per i seguenti modelli di stufa a pellet Nordica Extraflame: Trevisi, Silence 9 &#8211; 11 kw Ermetica\" \/>\n<meta property=\"og:url\" content=\"https:\/\/mack4seasons.com\/fr\/negozio\/evacalor\/stufe-a-convezione-naturale-evacalor\/silence-9-11-kw-ermetica\/braciere-cod-evc128-per-i-modelli-trevisi-silence-9-11-kw-ermetica\/\" \/>\n<meta property=\"og:site_name\" content=\"Mack4Season\" \/>\n<meta property=\"article:publisher\" content=\"https:\/\/www.facebook.com\/profile.php?id=100075990468585\" \/>\n<meta property=\"article:modified_time\" content=\"2022-10-03T08:25:04+00:00\" \/>\n<meta name=\"twitter:card\" content=\"summary_large_image\" \/>\n<script type=\"application\/ld+json\" class=\"yoast-schema-graph\">{\"@context\":\"https:\/\/schema.org\",\"@graph\":[{\"@type\":\"WebPage\",\"@id\":\"https:\/\/mack4seasons.com\/negozio\/evacalor\/stufe-a-convezione-naturale-evacalor\/silence-9-11-kw-ermetica\/braciere-cod-evc128-per-i-modelli-trevisi-silence-9-11-kw-ermetica\/\",\"url\":\"https:\/\/mack4seasons.com\/negozio\/evacalor\/stufe-a-convezione-naturale-evacalor\/silence-9-11-kw-ermetica\/braciere-cod-evc128-per-i-modelli-trevisi-silence-9-11-kw-ermetica\/\",\"name\":\"Braciere - Codice EVC128 - Mack4Season\",\"isPartOf\":{\"@id\":\"https:\/\/mack4seasons.com\/#website\"},\"datePublished\":\"1970-01-01T00:00:00+00:00\",\"dateModified\":\"2022-10-03T08:25:04+00:00\",\"breadcrumb\":{\"@id\":\"https:\/\/mack4seasons.com\/negozio\/evacalor\/stufe-a-convezione-naturale-evacalor\/silence-9-11-kw-ermetica\/braciere-cod-evc128-per-i-modelli-trevisi-silence-9-11-kw-ermetica\/#breadcrumb\"},\"inLanguage\":\"fr-FR\",\"potentialAction\":[{\"@type\":\"ReadAction\",\"target\":[\"https:\/\/mack4seasons.com\/negozio\/evacalor\/stufe-a-convezione-naturale-evacalor\/silence-9-11-kw-ermetica\/braciere-cod-evc128-per-i-modelli-trevisi-silence-9-11-kw-ermetica\/\"]}]},{\"@type\":\"BreadcrumbList\",\"@id\":\"https:\/\/mack4seasons.com\/negozio\/evacalor\/stufe-a-convezione-naturale-evacalor\/silence-9-11-kw-ermetica\/braciere-cod-evc128-per-i-modelli-trevisi-silence-9-11-kw-ermetica\/#breadcrumb\",\"itemListElement\":[{\"@type\":\"ListItem\",\"position\":1,\"name\":\"Home\",\"item\":\"https:\/\/mack4seasons.com\/ricambi-accessori-stufe-e-caldaie-pellet\/\"},{\"@type\":\"ListItem\",\"position\":2,\"name\":\"Shop\",\"item\":\"https:\/\/mack4seasons.com\/negozio\/\"},{\"@type\":\"ListItem\",\"position\":3,\"name\":\"Braciere &#8211; Codice EVC128\"}]},{\"@type\":\"WebSite\",\"@id\":\"https:\/\/mack4seasons.com\/#website\",\"url\":\"https:\/\/mack4seasons.com\/\",\"name\":\"Mack4Season\",\"description\":\"Per il comfort termico della tua casa\",\"publisher\":{\"@id\":\"https:\/\/mack4seasons.com\/#organization\"},\"potentialAction\":[{\"@type\":\"SearchAction\",\"target\":{\"@type\":\"EntryPoint\",\"urlTemplate\":\"https:\/\/mack4seasons.com\/?s={search_term_string}\"},\"query-input\":{\"@type\":\"PropertyValueSpecification\",\"valueRequired\":true,\"valueName\":\"search_term_string\"}}],\"inLanguage\":\"fr-FR\"},{\"@type\":\"Organization\",\"@id\":\"https:\/\/mack4seasons.com\/#organization\",\"name\":\"Mack4Season\",\"url\":\"https:\/\/mack4seasons.com\/\",\"logo\":{\"@type\":\"ImageObject\",\"inLanguage\":\"fr-FR\",\"@id\":\"https:\/\/mack4seasons.com\/#\/schema\/logo\/image\/\",\"url\":\"https:\/\/mack4seasons.com\/wp-content\/uploads\/2021\/06\/w-MACK-logo-pantone-02A19E.png\",\"contentUrl\":\"https:\/\/mack4seasons.com\/wp-content\/uploads\/2021\/06\/w-MACK-logo-pantone-02A19E.png\",\"width\":809,\"height\":425,\"caption\":\"Mack4Season\"},\"image\":{\"@id\":\"https:\/\/mack4seasons.com\/#\/schema\/logo\/image\/\"},\"sameAs\":[\"https:\/\/www.facebook.com\/profile.php?id=100075990468585\"]}]}<\/script>\n<!-- \/ Yoast SEO plugin. -->","yoast_head_json":{"title":"Braciere - Codice EVC128 - Mack4Season","robots":{"index":"index","follow":"follow","max-snippet":"max-snippet:-1","max-image-preview":"max-image-preview:large","max-video-preview":"max-video-preview:-1"},"canonical":"https:\/\/mack4seasons.com\/fr\/negozio\/evacalor\/stufe-a-convezione-naturale-evacalor\/silence-9-11-kw-ermetica\/braciere-cod-evc128-per-i-modelli-trevisi-silence-9-11-kw-ermetica\/","og_locale":"fr_FR","og_type":"article","og_title":"Braciere - Codice EVC128 - Mack4Season","og_description":"Braciere Codice EVC128 Per i seguenti modelli di stufa a pellet Nordica Extraflame: Trevisi, Silence 9 &#8211; 11 kw Ermetica","og_url":"https:\/\/mack4seasons.com\/fr\/negozio\/evacalor\/stufe-a-convezione-naturale-evacalor\/silence-9-11-kw-ermetica\/braciere-cod-evc128-per-i-modelli-trevisi-silence-9-11-kw-ermetica\/","og_site_name":"Mack4Season","article_publisher":"https:\/\/www.facebook.com\/profile.php?id=100075990468585","article_modified_time":"2022-10-03T08:25:04+00:00","twitter_card":"summary_large_image","schema":{"@context":"https:\/\/schema.org","@graph":[{"@type":"WebPage","@id":"https:\/\/mack4seasons.com\/negozio\/evacalor\/stufe-a-convezione-naturale-evacalor\/silence-9-11-kw-ermetica\/braciere-cod-evc128-per-i-modelli-trevisi-silence-9-11-kw-ermetica\/","url":"https:\/\/mack4seasons.com\/negozio\/evacalor\/stufe-a-convezione-naturale-evacalor\/silence-9-11-kw-ermetica\/braciere-cod-evc128-per-i-modelli-trevisi-silence-9-11-kw-ermetica\/","name":"Braciere - Codice EVC128 - Mack4Season","isPartOf":{"@id":"https:\/\/mack4seasons.com\/#website"},"datePublished":"1970-01-01T00:00:00+00:00","dateModified":"2022-10-03T08:25:04+00:00","breadcrumb":{"@id":"https:\/\/mack4seasons.com\/negozio\/evacalor\/stufe-a-convezione-naturale-evacalor\/silence-9-11-kw-ermetica\/braciere-cod-evc128-per-i-modelli-trevisi-silence-9-11-kw-ermetica\/#breadcrumb"},"inLanguage":"fr-FR","potentialAction":[{"@type":"ReadAction","target":["https:\/\/mack4seasons.com\/negozio\/evacalor\/stufe-a-convezione-naturale-evacalor\/silence-9-11-kw-ermetica\/braciere-cod-evc128-per-i-modelli-trevisi-silence-9-11-kw-ermetica\/"]}]},{"@type":"BreadcrumbList","@id":"https:\/\/mack4seasons.com\/negozio\/evacalor\/stufe-a-convezione-naturale-evacalor\/silence-9-11-kw-ermetica\/braciere-cod-evc128-per-i-modelli-trevisi-silence-9-11-kw-ermetica\/#breadcrumb","itemListElement":[{"@type":"ListItem","position":1,"name":"Home","item":"https:\/\/mack4seasons.com\/ricambi-accessori-stufe-e-caldaie-pellet\/"},{"@type":"ListItem","position":2,"name":"Shop","item":"https:\/\/mack4seasons.com\/negozio\/"},{"@type":"ListItem","position":3,"name":"Braciere &#8211; Codice EVC128"}]},{"@type":"WebSite","@id":"https:\/\/mack4seasons.com\/#website","url":"https:\/\/mack4seasons.com\/","name":"Mack4Season","description":"Pour le confort thermique de votre maison","publisher":{"@id":"https:\/\/mack4seasons.com\/#organization"},"potentialAction":[{"@type":"SearchAction","target":{"@type":"EntryPoint","urlTemplate":"https:\/\/mack4seasons.com\/?s={search_term_string}"},"query-input":{"@type":"PropertyValueSpecification","valueRequired":true,"valueName":"search_term_string"}}],"inLanguage":"fr-FR"},{"@type":"Organization","@id":"https:\/\/mack4seasons.com\/#organization","name":"Mack4Season","url":"https:\/\/mack4seasons.com\/","logo":{"@type":"ImageObject","inLanguage":"fr-FR","@id":"https:\/\/mack4seasons.com\/#\/schema\/logo\/image\/","url":"https:\/\/mack4seasons.com\/wp-content\/uploads\/2021\/06\/w-MACK-logo-pantone-02A19E.png","contentUrl":"https:\/\/mack4seasons.com\/wp-content\/uploads\/2021\/06\/w-MACK-logo-pantone-02A19E.png","width":809,"height":425,"caption":"Mack4Season"},"image":{"@id":"https:\/\/mack4seasons.com\/#\/schema\/logo\/image\/"},"sameAs":["https:\/\/www.facebook.com\/profile.php?id=100075990468585"]}]}},"_links":{"self":[{"href":"https:\/\/mack4seasons.com\/fr\/wp-json\/wp\/v2\/product\/9342","targetHints":{"allow":["GET"]}}],"collection":[{"href":"https:\/\/mack4seasons.com\/fr\/wp-json\/wp\/v2\/product"}],"about":[{"href":"https:\/\/mack4seasons.com\/fr\/wp-json\/wp\/v2\/types\/product"}],"wp:attachment":[{"href":"https:\/\/mack4seasons.com\/fr\/wp-json\/wp\/v2\/media?parent=9342"}],"wp:term":[{"taxonomy":"product_brand","embeddable":true,"href":"https:\/\/mack4seasons.com\/fr\/wp-json\/wp\/v2\/product_brand?post=9342"},{"taxonomy":"product_cat","embeddable":true,"href":"https:\/\/mack4seasons.com\/fr\/wp-json\/wp\/v2\/product_cat?post=9342"},{"taxonomy":"product_tag","embeddable":true,"href":"https:\/\/mack4seasons.com\/fr\/wp-json\/wp\/v2\/product_tag?post=9342"}],"curies":[{"name":"wp","href":"https:\/\/api.w.org\/{rel}","templated":true}]}}