{"id":9302,"date":"1970-01-01T00:00:00","date_gmt":"1970-01-01T00:00:00","guid":{"rendered":"https:\/\/mack4seasons.com\/?post_type=product&#038;p=9302"},"modified":"2022-10-03T08:24:51","modified_gmt":"2022-10-03T08:24:51","slug":"estrattore-fumi-cod-evc091-per-i-modelli-nora-diletta-clara-diva-cecilia-trevisi-silence-9-11-kw-ermetica-duna-futura-15-futura-19-ivy-caldaia-sb-80-kw","status":"publish","type":"product","link":"https:\/\/mack4seasons.com\/fr\/negozio\/evacalor\/caldaie-termostufe-e-termocucine-a-pellet-evacalor\/caldaia-sb-80-kw\/estrattore-fumi-cod-evc091-per-i-modelli-nora-diletta-clara-diva-cecilia-trevisi-silence-9-11-kw-ermetica-duna-futura-15-futura-19-ivy-caldaia-sb-80-kw\/","title":{"rendered":"Extracteur de fum\u00e9e - Code EVC091"},"content":{"rendered":"<hr>\n<h2>   Extracteur fum\u00e9e<\/h2>\n<p>Codice EVC091<\/p>\n<p><strong> Pour les mod\u00e8les de po\u00eales \u00e0 granules Nordica Extraflame suivants : <\/strong> Nora, Diletta, Clara, Diva, Cecilia, Trevisi, Silence 9 &#8211; 11 kw Ermetica, Duna, Futura 15 , Futura 19, Ivy, Caldaia Sb 80 kw<\/p>","protected":false},"excerpt":{"rendered":"<p>Estrattore fumi Codice EVC091 Per i seguenti modelli di stufa a pellet Nordica Extraflame: Nora, Diletta, Clara, Diva, Cecilia, Trevisi, Silence 9 &#8211; 11 kw Ermetica, Duna, Futura 15 , Futura 19, Ivy, Caldaia Sb 80 kw<\/p>","protected":false},"featured_media":0,"template":"","meta":[],"product_brand":[],"product_cat":[548,430,541,540,542,543,551,405,501,552,553,549,550,538,554,544,406,426],"product_tag":[],"class_list":{"0":"post-9302","1":"product","2":"type-product","3":"status-publish","5":"product_cat-caldaia-sb-80-kw","6":"product_cat-caldaie-termostufe-e-termocucine-a-pellet-evacalor","7":"product_cat-cecilia","8":"product_cat-clara","9":"product_cat-diletta","10":"product_cat-diva","11":"product_cat-duna","12":"product_cat-evacalor","13":"product_cat-evelyn","14":"product_cat-futura-15","15":"product_cat-futura-19","16":"product_cat-generatori-e-caldaie-ad-aria-evacalor","17":"product_cat-ivy","18":"product_cat-nora","19":"product_cat-silence-9-11-kw-ermetica","20":"product_cat-stufe-a-convezione-naturale-evacalor","21":"product_cat-stufe-a-pellet-evacalor","22":"product_cat-stufe-a-pellet-slim-evacalor","23":"product_shipping_class-classe-di-spedizione-02","25":"first","26":"instock","27":"taxable","28":"shipping-taxable","29":"purchasable","30":"product-type-simple"},"yoast_head":"<!-- This site is optimized with the Yoast SEO plugin v26.3 - https:\/\/yoast.com\/wordpress\/plugins\/seo\/ -->\n<title>Estrattore fumi - Codice EVC091 - Mack4Season<\/title>\n<meta name=\"robots\" content=\"index, follow, max-snippet:-1, max-image-preview:large, max-video-preview:-1\" \/>\n<link rel=\"canonical\" href=\"https:\/\/mack4seasons.com\/fr\/negozio\/evacalor\/generatori-e-caldaie-ad-aria-evacalor\/ivy\/estrattore-fumi-cod-evc091-per-i-modelli-nora-diletta-clara-diva-cecilia-trevisi-silence-9-11-kw-ermetica-duna-futura-15-futura-19-ivy-caldaia-sb-80-kw\/\" \/>\n<meta property=\"og:locale\" content=\"fr_FR\" \/>\n<meta property=\"og:type\" content=\"article\" \/>\n<meta property=\"og:title\" content=\"Estrattore fumi - Codice EVC091 - Mack4Season\" \/>\n<meta property=\"og:description\" content=\"Estrattore fumi Codice EVC091 Per i seguenti modelli di stufa a pellet Nordica Extraflame: Nora, Diletta, Clara, Diva, Cecilia, Trevisi, Silence 9 &#8211; 11 kw Ermetica, Duna, Futura 15 , Futura 19, Ivy, Caldaia Sb 80 kw\" \/>\n<meta property=\"og:url\" content=\"https:\/\/mack4seasons.com\/fr\/negozio\/evacalor\/generatori-e-caldaie-ad-aria-evacalor\/ivy\/estrattore-fumi-cod-evc091-per-i-modelli-nora-diletta-clara-diva-cecilia-trevisi-silence-9-11-kw-ermetica-duna-futura-15-futura-19-ivy-caldaia-sb-80-kw\/\" \/>\n<meta property=\"og:site_name\" content=\"Mack4Season\" \/>\n<meta property=\"article:publisher\" content=\"https:\/\/www.facebook.com\/profile.php?id=100075990468585\" \/>\n<meta property=\"article:modified_time\" content=\"2022-10-03T08:24:51+00:00\" \/>\n<meta name=\"twitter:card\" content=\"summary_large_image\" \/>\n<script type=\"application\/ld+json\" class=\"yoast-schema-graph\">{\"@context\":\"https:\/\/schema.org\",\"@graph\":[{\"@type\":\"WebPage\",\"@id\":\"https:\/\/mack4seasons.com\/negozio\/evacalor\/generatori-e-caldaie-ad-aria-evacalor\/ivy\/estrattore-fumi-cod-evc091-per-i-modelli-nora-diletta-clara-diva-cecilia-trevisi-silence-9-11-kw-ermetica-duna-futura-15-futura-19-ivy-caldaia-sb-80-kw\/\",\"url\":\"https:\/\/mack4seasons.com\/negozio\/evacalor\/generatori-e-caldaie-ad-aria-evacalor\/ivy\/estrattore-fumi-cod-evc091-per-i-modelli-nora-diletta-clara-diva-cecilia-trevisi-silence-9-11-kw-ermetica-duna-futura-15-futura-19-ivy-caldaia-sb-80-kw\/\",\"name\":\"Estrattore fumi - Codice EVC091 - Mack4Season\",\"isPartOf\":{\"@id\":\"https:\/\/mack4seasons.com\/#website\"},\"datePublished\":\"1970-01-01T00:00:00+00:00\",\"dateModified\":\"2022-10-03T08:24:51+00:00\",\"breadcrumb\":{\"@id\":\"https:\/\/mack4seasons.com\/negozio\/evacalor\/generatori-e-caldaie-ad-aria-evacalor\/ivy\/estrattore-fumi-cod-evc091-per-i-modelli-nora-diletta-clara-diva-cecilia-trevisi-silence-9-11-kw-ermetica-duna-futura-15-futura-19-ivy-caldaia-sb-80-kw\/#breadcrumb\"},\"inLanguage\":\"fr-FR\",\"potentialAction\":[{\"@type\":\"ReadAction\",\"target\":[\"https:\/\/mack4seasons.com\/negozio\/evacalor\/generatori-e-caldaie-ad-aria-evacalor\/ivy\/estrattore-fumi-cod-evc091-per-i-modelli-nora-diletta-clara-diva-cecilia-trevisi-silence-9-11-kw-ermetica-duna-futura-15-futura-19-ivy-caldaia-sb-80-kw\/\"]}]},{\"@type\":\"BreadcrumbList\",\"@id\":\"https:\/\/mack4seasons.com\/negozio\/evacalor\/generatori-e-caldaie-ad-aria-evacalor\/ivy\/estrattore-fumi-cod-evc091-per-i-modelli-nora-diletta-clara-diva-cecilia-trevisi-silence-9-11-kw-ermetica-duna-futura-15-futura-19-ivy-caldaia-sb-80-kw\/#breadcrumb\",\"itemListElement\":[{\"@type\":\"ListItem\",\"position\":1,\"name\":\"Home\",\"item\":\"https:\/\/mack4seasons.com\/ricambi-accessori-stufe-e-caldaie-pellet\/\"},{\"@type\":\"ListItem\",\"position\":2,\"name\":\"Shop\",\"item\":\"https:\/\/mack4seasons.com\/negozio\/\"},{\"@type\":\"ListItem\",\"position\":3,\"name\":\"Estrattore fumi &#8211; Codice EVC091\"}]},{\"@type\":\"WebSite\",\"@id\":\"https:\/\/mack4seasons.com\/#website\",\"url\":\"https:\/\/mack4seasons.com\/\",\"name\":\"Mack4Season\",\"description\":\"Per il comfort termico della tua casa\",\"publisher\":{\"@id\":\"https:\/\/mack4seasons.com\/#organization\"},\"potentialAction\":[{\"@type\":\"SearchAction\",\"target\":{\"@type\":\"EntryPoint\",\"urlTemplate\":\"https:\/\/mack4seasons.com\/?s={search_term_string}\"},\"query-input\":{\"@type\":\"PropertyValueSpecification\",\"valueRequired\":true,\"valueName\":\"search_term_string\"}}],\"inLanguage\":\"fr-FR\"},{\"@type\":\"Organization\",\"@id\":\"https:\/\/mack4seasons.com\/#organization\",\"name\":\"Mack4Season\",\"url\":\"https:\/\/mack4seasons.com\/\",\"logo\":{\"@type\":\"ImageObject\",\"inLanguage\":\"fr-FR\",\"@id\":\"https:\/\/mack4seasons.com\/#\/schema\/logo\/image\/\",\"url\":\"https:\/\/mack4seasons.com\/wp-content\/uploads\/2021\/06\/w-MACK-logo-pantone-02A19E.png\",\"contentUrl\":\"https:\/\/mack4seasons.com\/wp-content\/uploads\/2021\/06\/w-MACK-logo-pantone-02A19E.png\",\"width\":809,\"height\":425,\"caption\":\"Mack4Season\"},\"image\":{\"@id\":\"https:\/\/mack4seasons.com\/#\/schema\/logo\/image\/\"},\"sameAs\":[\"https:\/\/www.facebook.com\/profile.php?id=100075990468585\"]}]}<\/script>\n<!-- \/ Yoast SEO plugin. -->","yoast_head_json":{"title":"Estrattore fumi - Codice EVC091 - Mack4Season","robots":{"index":"index","follow":"follow","max-snippet":"max-snippet:-1","max-image-preview":"max-image-preview:large","max-video-preview":"max-video-preview:-1"},"canonical":"https:\/\/mack4seasons.com\/fr\/negozio\/evacalor\/generatori-e-caldaie-ad-aria-evacalor\/ivy\/estrattore-fumi-cod-evc091-per-i-modelli-nora-diletta-clara-diva-cecilia-trevisi-silence-9-11-kw-ermetica-duna-futura-15-futura-19-ivy-caldaia-sb-80-kw\/","og_locale":"fr_FR","og_type":"article","og_title":"Estrattore fumi - Codice EVC091 - Mack4Season","og_description":"Estrattore fumi Codice EVC091 Per i seguenti modelli di stufa a pellet Nordica Extraflame: Nora, Diletta, Clara, Diva, Cecilia, Trevisi, Silence 9 &#8211; 11 kw Ermetica, Duna, Futura 15 , Futura 19, Ivy, Caldaia Sb 80 kw","og_url":"https:\/\/mack4seasons.com\/fr\/negozio\/evacalor\/generatori-e-caldaie-ad-aria-evacalor\/ivy\/estrattore-fumi-cod-evc091-per-i-modelli-nora-diletta-clara-diva-cecilia-trevisi-silence-9-11-kw-ermetica-duna-futura-15-futura-19-ivy-caldaia-sb-80-kw\/","og_site_name":"Mack4Season","article_publisher":"https:\/\/www.facebook.com\/profile.php?id=100075990468585","article_modified_time":"2022-10-03T08:24:51+00:00","twitter_card":"summary_large_image","schema":{"@context":"https:\/\/schema.org","@graph":[{"@type":"WebPage","@id":"https:\/\/mack4seasons.com\/negozio\/evacalor\/generatori-e-caldaie-ad-aria-evacalor\/ivy\/estrattore-fumi-cod-evc091-per-i-modelli-nora-diletta-clara-diva-cecilia-trevisi-silence-9-11-kw-ermetica-duna-futura-15-futura-19-ivy-caldaia-sb-80-kw\/","url":"https:\/\/mack4seasons.com\/negozio\/evacalor\/generatori-e-caldaie-ad-aria-evacalor\/ivy\/estrattore-fumi-cod-evc091-per-i-modelli-nora-diletta-clara-diva-cecilia-trevisi-silence-9-11-kw-ermetica-duna-futura-15-futura-19-ivy-caldaia-sb-80-kw\/","name":"Estrattore fumi - Codice EVC091 - Mack4Season","isPartOf":{"@id":"https:\/\/mack4seasons.com\/#website"},"datePublished":"1970-01-01T00:00:00+00:00","dateModified":"2022-10-03T08:24:51+00:00","breadcrumb":{"@id":"https:\/\/mack4seasons.com\/negozio\/evacalor\/generatori-e-caldaie-ad-aria-evacalor\/ivy\/estrattore-fumi-cod-evc091-per-i-modelli-nora-diletta-clara-diva-cecilia-trevisi-silence-9-11-kw-ermetica-duna-futura-15-futura-19-ivy-caldaia-sb-80-kw\/#breadcrumb"},"inLanguage":"fr-FR","potentialAction":[{"@type":"ReadAction","target":["https:\/\/mack4seasons.com\/negozio\/evacalor\/generatori-e-caldaie-ad-aria-evacalor\/ivy\/estrattore-fumi-cod-evc091-per-i-modelli-nora-diletta-clara-diva-cecilia-trevisi-silence-9-11-kw-ermetica-duna-futura-15-futura-19-ivy-caldaia-sb-80-kw\/"]}]},{"@type":"BreadcrumbList","@id":"https:\/\/mack4seasons.com\/negozio\/evacalor\/generatori-e-caldaie-ad-aria-evacalor\/ivy\/estrattore-fumi-cod-evc091-per-i-modelli-nora-diletta-clara-diva-cecilia-trevisi-silence-9-11-kw-ermetica-duna-futura-15-futura-19-ivy-caldaia-sb-80-kw\/#breadcrumb","itemListElement":[{"@type":"ListItem","position":1,"name":"Home","item":"https:\/\/mack4seasons.com\/ricambi-accessori-stufe-e-caldaie-pellet\/"},{"@type":"ListItem","position":2,"name":"Shop","item":"https:\/\/mack4seasons.com\/negozio\/"},{"@type":"ListItem","position":3,"name":"Estrattore fumi &#8211; Codice EVC091"}]},{"@type":"WebSite","@id":"https:\/\/mack4seasons.com\/#website","url":"https:\/\/mack4seasons.com\/","name":"Mack4Season","description":"Pour le confort thermique de votre maison","publisher":{"@id":"https:\/\/mack4seasons.com\/#organization"},"potentialAction":[{"@type":"SearchAction","target":{"@type":"EntryPoint","urlTemplate":"https:\/\/mack4seasons.com\/?s={search_term_string}"},"query-input":{"@type":"PropertyValueSpecification","valueRequired":true,"valueName":"search_term_string"}}],"inLanguage":"fr-FR"},{"@type":"Organization","@id":"https:\/\/mack4seasons.com\/#organization","name":"Mack4Season","url":"https:\/\/mack4seasons.com\/","logo":{"@type":"ImageObject","inLanguage":"fr-FR","@id":"https:\/\/mack4seasons.com\/#\/schema\/logo\/image\/","url":"https:\/\/mack4seasons.com\/wp-content\/uploads\/2021\/06\/w-MACK-logo-pantone-02A19E.png","contentUrl":"https:\/\/mack4seasons.com\/wp-content\/uploads\/2021\/06\/w-MACK-logo-pantone-02A19E.png","width":809,"height":425,"caption":"Mack4Season"},"image":{"@id":"https:\/\/mack4seasons.com\/#\/schema\/logo\/image\/"},"sameAs":["https:\/\/www.facebook.com\/profile.php?id=100075990468585"]}]}},"_links":{"self":[{"href":"https:\/\/mack4seasons.com\/fr\/wp-json\/wp\/v2\/product\/9302","targetHints":{"allow":["GET"]}}],"collection":[{"href":"https:\/\/mack4seasons.com\/fr\/wp-json\/wp\/v2\/product"}],"about":[{"href":"https:\/\/mack4seasons.com\/fr\/wp-json\/wp\/v2\/types\/product"}],"wp:attachment":[{"href":"https:\/\/mack4seasons.com\/fr\/wp-json\/wp\/v2\/media?parent=9302"}],"wp:term":[{"taxonomy":"product_brand","embeddable":true,"href":"https:\/\/mack4seasons.com\/fr\/wp-json\/wp\/v2\/product_brand?post=9302"},{"taxonomy":"product_cat","embeddable":true,"href":"https:\/\/mack4seasons.com\/fr\/wp-json\/wp\/v2\/product_cat?post=9302"},{"taxonomy":"product_tag","embeddable":true,"href":"https:\/\/mack4seasons.com\/fr\/wp-json\/wp\/v2\/product_tag?post=9302"}],"curies":[{"name":"wp","href":"https:\/\/api.w.org\/{rel}","templated":true}]}}