{"id":9055,"date":"2021-01-07T12:43:00","date_gmt":"2021-01-07T12:43:00","guid":{"rendered":"https:\/\/mack4seasons.com\/?post_type=product&#038;p=9055"},"modified":"2022-12-14T09:32:25","modified_gmt":"2022-12-14T09:32:25","slug":"sonda-ambiente-cod-2000569","status":"publish","type":"product","link":"https:\/\/mack4seasons.com\/fr\/negozio\/extraflame\/apparecchi-hydro-extraflame\/comfort-idro\/sonda-ambiente-cod-2000569\/","title":{"rendered":"Sonde d\u2019ambiance pour po\u00eale \u00e0 pellets Nordica Extraflame Code 2000569"},"content":{"rendered":"<hr>\n<h2>Sonde d\u2019ambiance pour po\u00eale \u00e0 pellets Nordica Extraflame<\/h2>\n<p> Codice 2000569<br \/>\n<strong> Pour les mod\u00e8les de po\u00eales \u00e0 granules Nordica Extraflame suivants : <\/strong> Esmeralda, Esmeralda Crystal, Graziosa Lux, Graziosa Steel, Irina, Comfort Idro, Diadema Idro, Diadema ACS Idro, Duchessa Idro, Duchessa Idro Steel, Ecologica Idro, Elisir Idro, Fiandra Idro, Iside Idro, Liliana Idro, Lucrezia Idro, Melinda Idro, Melinda Idro 2.0, Melinda Idro Steel, Melinda Idro Steel 2.0, HP 15, HP 15 Evo, HP 22, HP 22 Evo, LP 14, LP 20, TC 30, TP 30<\/p>","protected":false},"excerpt":{"rendered":"<hr>\n<p>Compatible avec le code original Nordica Extraflame <strong>Codice 2000569<\/strong><\/p>","protected":false},"featured_media":12740,"template":"","meta":[],"product_brand":[],"product_cat":[185,189,260,206,205,261,262,290,264,228,229,177,291,234,236,296,210,297,190,239,266,207,294,295,292,269,208,270,209,178,299,300],"product_tag":[],"class_list":{"0":"post-9055","1":"product","2":"type-product","3":"status-publish","4":"has-post-thumbnail","6":"product_cat-apparecchi-hydro-extraflame","7":"product_cat-caldaie-extraflame","8":"product_cat-comfort-idro","9":"product_cat-diadema-acs-idro","10":"product_cat-diadema-idro","11":"product_cat-duchessa-idro","12":"product_cat-duchessa-idro-steel","13":"product_cat-ecologica-idro","14":"product_cat-elisir-idro","15":"product_cat-esmeralda","16":"product_cat-esmeralda-crystal","17":"product_cat-extraflame","18":"product_cat-fiandra-idro","19":"product_cat-graziosa-lux","20":"product_cat-graziosa-steel","21":"product_cat-hp-15","22":"product_cat-hp-15-evo","23":"product_cat-hp-22","24":"product_cat-hp-22-evo","25":"product_cat-irina","26":"product_cat-iside-idro","27":"product_cat-liliana-idro","28":"product_cat-lp-14","29":"product_cat-lp-20","30":"product_cat-lucrezia-idro","31":"product_cat-melinda-idro","32":"product_cat-melinda-idro-2-0","33":"product_cat-melinda-idro-steel","34":"product_cat-melinda-idro-steel-2-0","35":"product_cat-stufe-a-pellet-extraflame","36":"product_cat-tc-30","37":"product_cat-tp-30","38":"product_shipping_class-classe-di-spedizione-01","40":"first","41":"instock","42":"taxable","43":"shipping-taxable","44":"purchasable","45":"product-type-simple"},"yoast_head":"<!-- This site is optimized with the Yoast SEO plugin v26.3 - https:\/\/yoast.com\/wordpress\/plugins\/seo\/ -->\n<title>Sonda ambiente per stufa a pellet Nordica Extraflame Codice 2000569 - Mack4Season<\/title>\n<meta name=\"robots\" content=\"index, follow, max-snippet:-1, max-image-preview:large, max-video-preview:-1\" \/>\n<link rel=\"canonical\" href=\"https:\/\/mack4seasons.com\/fr\/negozio\/extraflame\/caldaie-extraflame\/hp-22-evo\/sonda-ambiente-cod-2000569\/\" \/>\n<meta property=\"og:locale\" content=\"fr_FR\" \/>\n<meta property=\"og:type\" content=\"article\" \/>\n<meta property=\"og:title\" content=\"Sonda ambiente per stufa a pellet Nordica Extraflame Codice 2000569 - Mack4Season\" \/>\n<meta property=\"og:description\" content=\"Compatibile con il codice originale Nordica Extraflame Codice 2000569\" \/>\n<meta property=\"og:url\" content=\"https:\/\/mack4seasons.com\/fr\/negozio\/extraflame\/caldaie-extraflame\/hp-22-evo\/sonda-ambiente-cod-2000569\/\" \/>\n<meta property=\"og:site_name\" content=\"Mack4Season\" \/>\n<meta property=\"article:publisher\" content=\"https:\/\/www.facebook.com\/profile.php?id=100075990468585\" \/>\n<meta property=\"article:modified_time\" content=\"2022-12-14T09:32:25+00:00\" \/>\n<meta property=\"og:image\" content=\"https:\/\/mack4seasons.com\/wp-content\/uploads\/2021\/09\/w-SITO-SONDE-AMB-01-M.jpg\" \/>\n\t<meta property=\"og:image:width\" content=\"960\" \/>\n\t<meta property=\"og:image:height\" content=\"960\" \/>\n\t<meta property=\"og:image:type\" content=\"image\/jpeg\" \/>\n<meta name=\"twitter:card\" content=\"summary_large_image\" \/>\n<script type=\"application\/ld+json\" class=\"yoast-schema-graph\">{\"@context\":\"https:\/\/schema.org\",\"@graph\":[{\"@type\":\"WebPage\",\"@id\":\"https:\/\/mack4seasons.com\/negozio\/extraflame\/caldaie-extraflame\/hp-22-evo\/sonda-ambiente-cod-2000569\/\",\"url\":\"https:\/\/mack4seasons.com\/negozio\/extraflame\/caldaie-extraflame\/hp-22-evo\/sonda-ambiente-cod-2000569\/\",\"name\":\"Sonda ambiente per stufa a pellet Nordica Extraflame Codice 2000569 - Mack4Season\",\"isPartOf\":{\"@id\":\"https:\/\/mack4seasons.com\/#website\"},\"primaryImageOfPage\":{\"@id\":\"https:\/\/mack4seasons.com\/negozio\/extraflame\/caldaie-extraflame\/hp-22-evo\/sonda-ambiente-cod-2000569\/#primaryimage\"},\"image\":{\"@id\":\"https:\/\/mack4seasons.com\/negozio\/extraflame\/caldaie-extraflame\/hp-22-evo\/sonda-ambiente-cod-2000569\/#primaryimage\"},\"thumbnailUrl\":\"https:\/\/mack4seasons.com\/wp-content\/uploads\/2021\/09\/w-SITO-SONDE-AMB-01-M.jpg\",\"datePublished\":\"2021-01-07T12:43:00+00:00\",\"dateModified\":\"2022-12-14T09:32:25+00:00\",\"breadcrumb\":{\"@id\":\"https:\/\/mack4seasons.com\/negozio\/extraflame\/caldaie-extraflame\/hp-22-evo\/sonda-ambiente-cod-2000569\/#breadcrumb\"},\"inLanguage\":\"fr-FR\",\"potentialAction\":[{\"@type\":\"ReadAction\",\"target\":[\"https:\/\/mack4seasons.com\/negozio\/extraflame\/caldaie-extraflame\/hp-22-evo\/sonda-ambiente-cod-2000569\/\"]}]},{\"@type\":\"ImageObject\",\"inLanguage\":\"fr-FR\",\"@id\":\"https:\/\/mack4seasons.com\/negozio\/extraflame\/caldaie-extraflame\/hp-22-evo\/sonda-ambiente-cod-2000569\/#primaryimage\",\"url\":\"https:\/\/mack4seasons.com\/wp-content\/uploads\/2021\/09\/w-SITO-SONDE-AMB-01-M.jpg\",\"contentUrl\":\"https:\/\/mack4seasons.com\/wp-content\/uploads\/2021\/09\/w-SITO-SONDE-AMB-01-M.jpg\",\"width\":960,\"height\":960},{\"@type\":\"BreadcrumbList\",\"@id\":\"https:\/\/mack4seasons.com\/negozio\/extraflame\/caldaie-extraflame\/hp-22-evo\/sonda-ambiente-cod-2000569\/#breadcrumb\",\"itemListElement\":[{\"@type\":\"ListItem\",\"position\":1,\"name\":\"Home\",\"item\":\"https:\/\/mack4seasons.com\/ricambi-accessori-stufe-e-caldaie-pellet\/\"},{\"@type\":\"ListItem\",\"position\":2,\"name\":\"Shop\",\"item\":\"https:\/\/mack4seasons.com\/negozio\/\"},{\"@type\":\"ListItem\",\"position\":3,\"name\":\"Sonda ambiente per stufa a pellet Nordica Extraflame Codice 2000569\"}]},{\"@type\":\"WebSite\",\"@id\":\"https:\/\/mack4seasons.com\/#website\",\"url\":\"https:\/\/mack4seasons.com\/\",\"name\":\"Mack4Season\",\"description\":\"Per il comfort termico della tua casa\",\"publisher\":{\"@id\":\"https:\/\/mack4seasons.com\/#organization\"},\"potentialAction\":[{\"@type\":\"SearchAction\",\"target\":{\"@type\":\"EntryPoint\",\"urlTemplate\":\"https:\/\/mack4seasons.com\/?s={search_term_string}\"},\"query-input\":{\"@type\":\"PropertyValueSpecification\",\"valueRequired\":true,\"valueName\":\"search_term_string\"}}],\"inLanguage\":\"fr-FR\"},{\"@type\":\"Organization\",\"@id\":\"https:\/\/mack4seasons.com\/#organization\",\"name\":\"Mack4Season\",\"url\":\"https:\/\/mack4seasons.com\/\",\"logo\":{\"@type\":\"ImageObject\",\"inLanguage\":\"fr-FR\",\"@id\":\"https:\/\/mack4seasons.com\/#\/schema\/logo\/image\/\",\"url\":\"https:\/\/mack4seasons.com\/wp-content\/uploads\/2021\/06\/w-MACK-logo-pantone-02A19E.png\",\"contentUrl\":\"https:\/\/mack4seasons.com\/wp-content\/uploads\/2021\/06\/w-MACK-logo-pantone-02A19E.png\",\"width\":809,\"height\":425,\"caption\":\"Mack4Season\"},\"image\":{\"@id\":\"https:\/\/mack4seasons.com\/#\/schema\/logo\/image\/\"},\"sameAs\":[\"https:\/\/www.facebook.com\/profile.php?id=100075990468585\"]}]}<\/script>\n<!-- \/ Yoast SEO plugin. -->","yoast_head_json":{"title":"Sonda ambiente per stufa a pellet Nordica Extraflame Codice 2000569 - Mack4Season","robots":{"index":"index","follow":"follow","max-snippet":"max-snippet:-1","max-image-preview":"max-image-preview:large","max-video-preview":"max-video-preview:-1"},"canonical":"https:\/\/mack4seasons.com\/fr\/negozio\/extraflame\/caldaie-extraflame\/hp-22-evo\/sonda-ambiente-cod-2000569\/","og_locale":"fr_FR","og_type":"article","og_title":"Sonda ambiente per stufa a pellet Nordica Extraflame Codice 2000569 - Mack4Season","og_description":"Compatibile con il codice originale Nordica Extraflame Codice 2000569","og_url":"https:\/\/mack4seasons.com\/fr\/negozio\/extraflame\/caldaie-extraflame\/hp-22-evo\/sonda-ambiente-cod-2000569\/","og_site_name":"Mack4Season","article_publisher":"https:\/\/www.facebook.com\/profile.php?id=100075990468585","article_modified_time":"2022-12-14T09:32:25+00:00","og_image":[{"width":960,"height":960,"url":"https:\/\/mack4seasons.com\/wp-content\/uploads\/2021\/09\/w-SITO-SONDE-AMB-01-M.jpg","type":"image\/jpeg"}],"twitter_card":"summary_large_image","schema":{"@context":"https:\/\/schema.org","@graph":[{"@type":"WebPage","@id":"https:\/\/mack4seasons.com\/negozio\/extraflame\/caldaie-extraflame\/hp-22-evo\/sonda-ambiente-cod-2000569\/","url":"https:\/\/mack4seasons.com\/negozio\/extraflame\/caldaie-extraflame\/hp-22-evo\/sonda-ambiente-cod-2000569\/","name":"Sonda ambiente per stufa a pellet Nordica Extraflame Codice 2000569 - Mack4Season","isPartOf":{"@id":"https:\/\/mack4seasons.com\/#website"},"primaryImageOfPage":{"@id":"https:\/\/mack4seasons.com\/negozio\/extraflame\/caldaie-extraflame\/hp-22-evo\/sonda-ambiente-cod-2000569\/#primaryimage"},"image":{"@id":"https:\/\/mack4seasons.com\/negozio\/extraflame\/caldaie-extraflame\/hp-22-evo\/sonda-ambiente-cod-2000569\/#primaryimage"},"thumbnailUrl":"https:\/\/mack4seasons.com\/wp-content\/uploads\/2021\/09\/w-SITO-SONDE-AMB-01-M.jpg","datePublished":"2021-01-07T12:43:00+00:00","dateModified":"2022-12-14T09:32:25+00:00","breadcrumb":{"@id":"https:\/\/mack4seasons.com\/negozio\/extraflame\/caldaie-extraflame\/hp-22-evo\/sonda-ambiente-cod-2000569\/#breadcrumb"},"inLanguage":"fr-FR","potentialAction":[{"@type":"ReadAction","target":["https:\/\/mack4seasons.com\/negozio\/extraflame\/caldaie-extraflame\/hp-22-evo\/sonda-ambiente-cod-2000569\/"]}]},{"@type":"ImageObject","inLanguage":"fr-FR","@id":"https:\/\/mack4seasons.com\/negozio\/extraflame\/caldaie-extraflame\/hp-22-evo\/sonda-ambiente-cod-2000569\/#primaryimage","url":"https:\/\/mack4seasons.com\/wp-content\/uploads\/2021\/09\/w-SITO-SONDE-AMB-01-M.jpg","contentUrl":"https:\/\/mack4seasons.com\/wp-content\/uploads\/2021\/09\/w-SITO-SONDE-AMB-01-M.jpg","width":960,"height":960},{"@type":"BreadcrumbList","@id":"https:\/\/mack4seasons.com\/negozio\/extraflame\/caldaie-extraflame\/hp-22-evo\/sonda-ambiente-cod-2000569\/#breadcrumb","itemListElement":[{"@type":"ListItem","position":1,"name":"Home","item":"https:\/\/mack4seasons.com\/ricambi-accessori-stufe-e-caldaie-pellet\/"},{"@type":"ListItem","position":2,"name":"Shop","item":"https:\/\/mack4seasons.com\/negozio\/"},{"@type":"ListItem","position":3,"name":"Sonda ambiente per stufa a pellet Nordica Extraflame Codice 2000569"}]},{"@type":"WebSite","@id":"https:\/\/mack4seasons.com\/#website","url":"https:\/\/mack4seasons.com\/","name":"Mack4Season","description":"Pour le confort thermique de votre maison","publisher":{"@id":"https:\/\/mack4seasons.com\/#organization"},"potentialAction":[{"@type":"SearchAction","target":{"@type":"EntryPoint","urlTemplate":"https:\/\/mack4seasons.com\/?s={search_term_string}"},"query-input":{"@type":"PropertyValueSpecification","valueRequired":true,"valueName":"search_term_string"}}],"inLanguage":"fr-FR"},{"@type":"Organization","@id":"https:\/\/mack4seasons.com\/#organization","name":"Mack4Season","url":"https:\/\/mack4seasons.com\/","logo":{"@type":"ImageObject","inLanguage":"fr-FR","@id":"https:\/\/mack4seasons.com\/#\/schema\/logo\/image\/","url":"https:\/\/mack4seasons.com\/wp-content\/uploads\/2021\/06\/w-MACK-logo-pantone-02A19E.png","contentUrl":"https:\/\/mack4seasons.com\/wp-content\/uploads\/2021\/06\/w-MACK-logo-pantone-02A19E.png","width":809,"height":425,"caption":"Mack4Season"},"image":{"@id":"https:\/\/mack4seasons.com\/#\/schema\/logo\/image\/"},"sameAs":["https:\/\/www.facebook.com\/profile.php?id=100075990468585"]}]}},"_links":{"self":[{"href":"https:\/\/mack4seasons.com\/fr\/wp-json\/wp\/v2\/product\/9055","targetHints":{"allow":["GET"]}}],"collection":[{"href":"https:\/\/mack4seasons.com\/fr\/wp-json\/wp\/v2\/product"}],"about":[{"href":"https:\/\/mack4seasons.com\/fr\/wp-json\/wp\/v2\/types\/product"}],"wp:featuredmedia":[{"embeddable":true,"href":"https:\/\/mack4seasons.com\/fr\/wp-json\/wp\/v2\/media\/12740"}],"wp:attachment":[{"href":"https:\/\/mack4seasons.com\/fr\/wp-json\/wp\/v2\/media?parent=9055"}],"wp:term":[{"taxonomy":"product_brand","embeddable":true,"href":"https:\/\/mack4seasons.com\/fr\/wp-json\/wp\/v2\/product_brand?post=9055"},{"taxonomy":"product_cat","embeddable":true,"href":"https:\/\/mack4seasons.com\/fr\/wp-json\/wp\/v2\/product_cat?post=9055"},{"taxonomy":"product_tag","embeddable":true,"href":"https:\/\/mack4seasons.com\/fr\/wp-json\/wp\/v2\/product_tag?post=9055"}],"curies":[{"name":"wp","href":"https:\/\/api.w.org\/{rel}","templated":true}]}}