{"id":9053,"date":"2021-01-07T12:43:00","date_gmt":"2021-01-07T12:43:00","guid":{"rendered":"https:\/\/mack4seasons.com\/?post_type=product&#038;p=9053"},"modified":"2024-02-08T15:03:59","modified_gmt":"2024-02-08T15:03:59","slug":"candeletta-cod-2271030","status":"publish","type":"product","link":"https:\/\/mack4seasons.com\/fr\/negozio\/extraflame\/apparecchi-hydro-extraflame\/duchessa-idro\/candeletta-cod-2271030\/","title":{"rendered":"Bougie pour po\u00eale \u00e0 pellets Nordica Extraflame Code 2271030"},"content":{"rendered":"<hr \/>\n<h2>Bougie pour po\u00eale \u00e0 pellets Nordica Extraflame<\/h2>\n<p>Codice 2271030<br \/>\n<strong> Pour les mod\u00e8les de po\u00eales \u00e0 granules Nordica Extraflame suivants : <\/strong> Emma, Esmeralda 2010, Esmeralda 2011, Esmeralda Crystal 2010, Esmeralda Crystal 2011, Falo 1 Xlp 2010, Falo 1 Xlp 2011, Falo Cp 2010, Falo Cp 2011, Teodora 2011, Tosca Plus 2011, Duchessa Idro 2010, Duchessa Idro 2011, Duchessa Idro Steel 2009, Duchessa Idro Steel 2010, Duchessa Idro Steel 2011, Iside Idro 2010, Iside Idro 2011, Melinda Idro 2010, Melinda Idro 2011, Melinda Idro Steel 2010, Melinda Idro Steel 2011<\/p>","protected":false},"excerpt":{"rendered":"<hr \/>\n<p>Compatible avec le code original Nordica Extraflame <strong>Codice 2271030<\/strong><\/p>","protected":false},"featured_media":17520,"template":"","meta":[],"product_brand":[],"product_cat":[185,261,262,226,228,229,177,230,231,266,269,270,178,256,257],"product_tag":[],"class_list":{"0":"post-9053","1":"product","2":"type-product","3":"status-publish","4":"has-post-thumbnail","6":"product_cat-apparecchi-hydro-extraflame","7":"product_cat-duchessa-idro","8":"product_cat-duchessa-idro-steel","9":"product_cat-emma","10":"product_cat-esmeralda","11":"product_cat-esmeralda-crystal","12":"product_cat-extraflame","13":"product_cat-falo-1-xlp","14":"product_cat-falo-cp","15":"product_cat-iside-idro","16":"product_cat-melinda-idro","17":"product_cat-melinda-idro-steel","18":"product_cat-stufe-a-pellet-extraflame","19":"product_cat-teodora","20":"product_cat-tosca-plus","21":"product_shipping_class-classe-di-spedizione-01","23":"first","24":"instock","25":"taxable","26":"shipping-taxable","27":"purchasable","28":"product-type-simple"},"yoast_head":"<!-- This site is optimized with the Yoast SEO plugin v26.3 - https:\/\/yoast.com\/wordpress\/plugins\/seo\/ -->\n<title>Candeletta per stufa a pellet Nordica Extraflame - Mack4Season<\/title>\n<meta name=\"description\" content=\"Candeletta per stufa a pellet Nordica Extraflame, Resistenza per stufa a pellet Nordica , Cartuccia accensione per stufe Nordica Extraflame\" \/>\n<meta name=\"robots\" content=\"index, follow, max-snippet:-1, max-image-preview:large, max-video-preview:-1\" \/>\n<link rel=\"canonical\" href=\"https:\/\/mack4seasons.com\/fr\/negozio\/extraflame\/apparecchi-hydro-extraflame\/duchessa-idro\/candeletta-cod-2271030\/\" \/>\n<meta property=\"og:locale\" content=\"fr_FR\" \/>\n<meta property=\"og:type\" content=\"article\" \/>\n<meta property=\"og:title\" content=\"Candeletta per stufa a pellet Nordica Extraflame - Mack4Season\" \/>\n<meta property=\"og:description\" content=\"Candeletta per stufa a pellet Nordica Extraflame, Resistenza per stufa a pellet Nordica , Cartuccia accensione per stufe Nordica Extraflame\" \/>\n<meta property=\"og:url\" content=\"https:\/\/mack4seasons.com\/fr\/negozio\/extraflame\/apparecchi-hydro-extraflame\/duchessa-idro\/candeletta-cod-2271030\/\" \/>\n<meta property=\"og:site_name\" content=\"Mack4Season\" \/>\n<meta property=\"article:publisher\" content=\"https:\/\/www.facebook.com\/profile.php?id=100075990468585\" \/>\n<meta property=\"article:modified_time\" content=\"2024-02-08T15:03:59+00:00\" \/>\n<meta property=\"og:image\" content=\"https:\/\/mack4seasons.com\/wp-content\/uploads\/2020\/01\/MS-ELK60022.jpg\" \/>\n\t<meta property=\"og:image:width\" content=\"960\" \/>\n\t<meta property=\"og:image:height\" content=\"960\" \/>\n\t<meta property=\"og:image:type\" content=\"image\/jpeg\" \/>\n<meta name=\"twitter:card\" content=\"summary_large_image\" \/>\n<meta name=\"twitter:label1\" content=\"Dur\u00e9e de lecture estim\u00e9e\" \/>\n\t<meta name=\"twitter:data1\" content=\"1 minute\" \/>\n<script type=\"application\/ld+json\" class=\"yoast-schema-graph\">{\"@context\":\"https:\/\/schema.org\",\"@graph\":[{\"@type\":\"WebPage\",\"@id\":\"https:\/\/mack4seasons.com\/negozio\/extraflame\/apparecchi-hydro-extraflame\/duchessa-idro\/candeletta-cod-2271030\/\",\"url\":\"https:\/\/mack4seasons.com\/negozio\/extraflame\/apparecchi-hydro-extraflame\/duchessa-idro\/candeletta-cod-2271030\/\",\"name\":\"Candeletta per stufa a pellet Nordica Extraflame - Mack4Season\",\"isPartOf\":{\"@id\":\"https:\/\/mack4seasons.com\/#website\"},\"primaryImageOfPage\":{\"@id\":\"https:\/\/mack4seasons.com\/negozio\/extraflame\/apparecchi-hydro-extraflame\/duchessa-idro\/candeletta-cod-2271030\/#primaryimage\"},\"image\":{\"@id\":\"https:\/\/mack4seasons.com\/negozio\/extraflame\/apparecchi-hydro-extraflame\/duchessa-idro\/candeletta-cod-2271030\/#primaryimage\"},\"thumbnailUrl\":\"https:\/\/mack4seasons.com\/wp-content\/uploads\/2020\/01\/MS-ELK60022.jpg\",\"datePublished\":\"2021-01-07T12:43:00+00:00\",\"dateModified\":\"2024-02-08T15:03:59+00:00\",\"description\":\"Candeletta per stufa a pellet Nordica Extraflame, Resistenza per stufa a pellet Nordica , Cartuccia accensione per stufe Nordica Extraflame\",\"breadcrumb\":{\"@id\":\"https:\/\/mack4seasons.com\/negozio\/extraflame\/apparecchi-hydro-extraflame\/duchessa-idro\/candeletta-cod-2271030\/#breadcrumb\"},\"inLanguage\":\"fr-FR\",\"potentialAction\":[{\"@type\":\"ReadAction\",\"target\":[\"https:\/\/mack4seasons.com\/negozio\/extraflame\/apparecchi-hydro-extraflame\/duchessa-idro\/candeletta-cod-2271030\/\"]}]},{\"@type\":\"ImageObject\",\"inLanguage\":\"fr-FR\",\"@id\":\"https:\/\/mack4seasons.com\/negozio\/extraflame\/apparecchi-hydro-extraflame\/duchessa-idro\/candeletta-cod-2271030\/#primaryimage\",\"url\":\"https:\/\/mack4seasons.com\/wp-content\/uploads\/2020\/01\/MS-ELK60022.jpg\",\"contentUrl\":\"https:\/\/mack4seasons.com\/wp-content\/uploads\/2020\/01\/MS-ELK60022.jpg\",\"width\":960,\"height\":960,\"caption\":\"Candeletta speciale per stufe e caldaie a pellet \u2013 Codice ELK60022 \u2013 \u00f8 Tubo 20 mm \u2013 \u00f8 candeletta 9,9 mm \u2013 300 Watt \u2013 Lunghezza tubo 170 mm \u2013 Lunghezza candeletta 170 mm \u2013 Lunghezza cavi 500 mm\"},{\"@type\":\"BreadcrumbList\",\"@id\":\"https:\/\/mack4seasons.com\/negozio\/extraflame\/apparecchi-hydro-extraflame\/duchessa-idro\/candeletta-cod-2271030\/#breadcrumb\",\"itemListElement\":[{\"@type\":\"ListItem\",\"position\":1,\"name\":\"Home\",\"item\":\"https:\/\/mack4seasons.com\/ricambi-accessori-stufe-e-caldaie-pellet\/\"},{\"@type\":\"ListItem\",\"position\":2,\"name\":\"Shop\",\"item\":\"https:\/\/mack4seasons.com\/negozio\/\"},{\"@type\":\"ListItem\",\"position\":3,\"name\":\"Candeletta per stufa a pellet Nordica Extraflame Codice 2271030\"}]},{\"@type\":\"WebSite\",\"@id\":\"https:\/\/mack4seasons.com\/#website\",\"url\":\"https:\/\/mack4seasons.com\/\",\"name\":\"Mack4Season\",\"description\":\"Per il comfort termico della tua casa\",\"publisher\":{\"@id\":\"https:\/\/mack4seasons.com\/#organization\"},\"potentialAction\":[{\"@type\":\"SearchAction\",\"target\":{\"@type\":\"EntryPoint\",\"urlTemplate\":\"https:\/\/mack4seasons.com\/?s={search_term_string}\"},\"query-input\":{\"@type\":\"PropertyValueSpecification\",\"valueRequired\":true,\"valueName\":\"search_term_string\"}}],\"inLanguage\":\"fr-FR\"},{\"@type\":\"Organization\",\"@id\":\"https:\/\/mack4seasons.com\/#organization\",\"name\":\"Mack4Season\",\"url\":\"https:\/\/mack4seasons.com\/\",\"logo\":{\"@type\":\"ImageObject\",\"inLanguage\":\"fr-FR\",\"@id\":\"https:\/\/mack4seasons.com\/#\/schema\/logo\/image\/\",\"url\":\"https:\/\/mack4seasons.com\/wp-content\/uploads\/2021\/06\/w-MACK-logo-pantone-02A19E.png\",\"contentUrl\":\"https:\/\/mack4seasons.com\/wp-content\/uploads\/2021\/06\/w-MACK-logo-pantone-02A19E.png\",\"width\":809,\"height\":425,\"caption\":\"Mack4Season\"},\"image\":{\"@id\":\"https:\/\/mack4seasons.com\/#\/schema\/logo\/image\/\"},\"sameAs\":[\"https:\/\/www.facebook.com\/profile.php?id=100075990468585\"]}]}<\/script>\n<!-- \/ Yoast SEO plugin. -->","yoast_head_json":{"title":"Bougie de pr\u00e9chauffage pour po\u00eale \u00e0 granul\u00e9s Nordica Extraflame - Mack4Season","description":"Candeletta per stufa a pellet Nordica Extraflame, Resistenza per stufa a pellet Nordica , Cartuccia accensione per stufe Nordica Extraflame","robots":{"index":"index","follow":"follow","max-snippet":"max-snippet:-1","max-image-preview":"max-image-preview:large","max-video-preview":"max-video-preview:-1"},"canonical":"https:\/\/mack4seasons.com\/fr\/negozio\/extraflame\/apparecchi-hydro-extraflame\/duchessa-idro\/candeletta-cod-2271030\/","og_locale":"fr_FR","og_type":"article","og_title":"Candeletta per stufa a pellet Nordica Extraflame - Mack4Season","og_description":"Candeletta per stufa a pellet Nordica Extraflame, Resistenza per stufa a pellet Nordica , Cartuccia accensione per stufe Nordica Extraflame","og_url":"https:\/\/mack4seasons.com\/fr\/negozio\/extraflame\/apparecchi-hydro-extraflame\/duchessa-idro\/candeletta-cod-2271030\/","og_site_name":"Mack4Season","article_publisher":"https:\/\/www.facebook.com\/profile.php?id=100075990468585","article_modified_time":"2024-02-08T15:03:59+00:00","og_image":[{"width":960,"height":960,"url":"https:\/\/mack4seasons.com\/wp-content\/uploads\/2020\/01\/MS-ELK60022.jpg","type":"image\/jpeg"}],"twitter_card":"summary_large_image","twitter_misc":{"Dur\u00e9e de lecture estim\u00e9e":"1 minute"},"schema":{"@context":"https:\/\/schema.org","@graph":[{"@type":"WebPage","@id":"https:\/\/mack4seasons.com\/negozio\/extraflame\/apparecchi-hydro-extraflame\/duchessa-idro\/candeletta-cod-2271030\/","url":"https:\/\/mack4seasons.com\/negozio\/extraflame\/apparecchi-hydro-extraflame\/duchessa-idro\/candeletta-cod-2271030\/","name":"Bougie de pr\u00e9chauffage pour po\u00eale \u00e0 granul\u00e9s Nordica Extraflame - Mack4Season","isPartOf":{"@id":"https:\/\/mack4seasons.com\/#website"},"primaryImageOfPage":{"@id":"https:\/\/mack4seasons.com\/negozio\/extraflame\/apparecchi-hydro-extraflame\/duchessa-idro\/candeletta-cod-2271030\/#primaryimage"},"image":{"@id":"https:\/\/mack4seasons.com\/negozio\/extraflame\/apparecchi-hydro-extraflame\/duchessa-idro\/candeletta-cod-2271030\/#primaryimage"},"thumbnailUrl":"https:\/\/mack4seasons.com\/wp-content\/uploads\/2020\/01\/MS-ELK60022.jpg","datePublished":"2021-01-07T12:43:00+00:00","dateModified":"2024-02-08T15:03:59+00:00","description":"Candeletta per stufa a pellet Nordica Extraflame, Resistenza per stufa a pellet Nordica , Cartuccia accensione per stufe Nordica Extraflame","breadcrumb":{"@id":"https:\/\/mack4seasons.com\/negozio\/extraflame\/apparecchi-hydro-extraflame\/duchessa-idro\/candeletta-cod-2271030\/#breadcrumb"},"inLanguage":"fr-FR","potentialAction":[{"@type":"ReadAction","target":["https:\/\/mack4seasons.com\/negozio\/extraflame\/apparecchi-hydro-extraflame\/duchessa-idro\/candeletta-cod-2271030\/"]}]},{"@type":"ImageObject","inLanguage":"fr-FR","@id":"https:\/\/mack4seasons.com\/negozio\/extraflame\/apparecchi-hydro-extraflame\/duchessa-idro\/candeletta-cod-2271030\/#primaryimage","url":"https:\/\/mack4seasons.com\/wp-content\/uploads\/2020\/01\/MS-ELK60022.jpg","contentUrl":"https:\/\/mack4seasons.com\/wp-content\/uploads\/2020\/01\/MS-ELK60022.jpg","width":960,"height":960,"caption":"Candeletta speciale per stufe e caldaie a pellet \u2013 Codice ELK60022 \u2013 \u00f8 Tubo 20 mm \u2013 \u00f8 candeletta 9,9 mm \u2013 300 Watt \u2013 Lunghezza tubo 170 mm \u2013 Lunghezza candeletta 170 mm \u2013 Lunghezza cavi 500 mm"},{"@type":"BreadcrumbList","@id":"https:\/\/mack4seasons.com\/negozio\/extraflame\/apparecchi-hydro-extraflame\/duchessa-idro\/candeletta-cod-2271030\/#breadcrumb","itemListElement":[{"@type":"ListItem","position":1,"name":"Home","item":"https:\/\/mack4seasons.com\/ricambi-accessori-stufe-e-caldaie-pellet\/"},{"@type":"ListItem","position":2,"name":"Shop","item":"https:\/\/mack4seasons.com\/negozio\/"},{"@type":"ListItem","position":3,"name":"Candeletta per stufa a pellet Nordica Extraflame Codice 2271030"}]},{"@type":"WebSite","@id":"https:\/\/mack4seasons.com\/#website","url":"https:\/\/mack4seasons.com\/","name":"Mack4Season","description":"Pour le confort thermique de votre maison","publisher":{"@id":"https:\/\/mack4seasons.com\/#organization"},"potentialAction":[{"@type":"SearchAction","target":{"@type":"EntryPoint","urlTemplate":"https:\/\/mack4seasons.com\/?s={search_term_string}"},"query-input":{"@type":"PropertyValueSpecification","valueRequired":true,"valueName":"search_term_string"}}],"inLanguage":"fr-FR"},{"@type":"Organization","@id":"https:\/\/mack4seasons.com\/#organization","name":"Mack4Season","url":"https:\/\/mack4seasons.com\/","logo":{"@type":"ImageObject","inLanguage":"fr-FR","@id":"https:\/\/mack4seasons.com\/#\/schema\/logo\/image\/","url":"https:\/\/mack4seasons.com\/wp-content\/uploads\/2021\/06\/w-MACK-logo-pantone-02A19E.png","contentUrl":"https:\/\/mack4seasons.com\/wp-content\/uploads\/2021\/06\/w-MACK-logo-pantone-02A19E.png","width":809,"height":425,"caption":"Mack4Season"},"image":{"@id":"https:\/\/mack4seasons.com\/#\/schema\/logo\/image\/"},"sameAs":["https:\/\/www.facebook.com\/profile.php?id=100075990468585"]}]}},"_links":{"self":[{"href":"https:\/\/mack4seasons.com\/fr\/wp-json\/wp\/v2\/product\/9053","targetHints":{"allow":["GET"]}}],"collection":[{"href":"https:\/\/mack4seasons.com\/fr\/wp-json\/wp\/v2\/product"}],"about":[{"href":"https:\/\/mack4seasons.com\/fr\/wp-json\/wp\/v2\/types\/product"}],"wp:featuredmedia":[{"embeddable":true,"href":"https:\/\/mack4seasons.com\/fr\/wp-json\/wp\/v2\/media\/17520"}],"wp:attachment":[{"href":"https:\/\/mack4seasons.com\/fr\/wp-json\/wp\/v2\/media?parent=9053"}],"wp:term":[{"taxonomy":"product_brand","embeddable":true,"href":"https:\/\/mack4seasons.com\/fr\/wp-json\/wp\/v2\/product_brand?post=9053"},{"taxonomy":"product_cat","embeddable":true,"href":"https:\/\/mack4seasons.com\/fr\/wp-json\/wp\/v2\/product_cat?post=9053"},{"taxonomy":"product_tag","embeddable":true,"href":"https:\/\/mack4seasons.com\/fr\/wp-json\/wp\/v2\/product_tag?post=9053"}],"curies":[{"name":"wp","href":"https:\/\/api.w.org\/{rel}","templated":true}]}}