{"id":9050,"date":"2021-01-07T12:43:00","date_gmt":"2021-01-07T12:43:00","guid":{"rendered":"https:\/\/mack4seasons.com\/?post_type=product&#038;p=9050"},"modified":"2025-01-17T09:09:25","modified_gmt":"2025-01-17T09:09:25","slug":"estrattore-fumi-cod-2271084","status":"publish","type":"product","link":"https:\/\/mack4seasons.com\/fr\/negozio\/extraflame\/stufe-a-pellet-extraflame\/ella\/estrattore-fumi-cod-2271084\/","title":{"rendered":"Extracteur fum\u00e9e pour po\u00eale \u00e0 pellets Nordica Extraflame Code 2271084"},"content":{"rendered":"<hr \/>\n<h2>Extracteur fum\u00e9e pour po\u00eale \u00e0 pellets Nordica Extraflame<\/h2>\n<p>Codice 2271084<br \/>\n<strong> Pour les mod\u00e8les de po\u00eales \u00e0 granules Nordica Extraflame suivants : <\/strong> Ella, Mietta, Wendy<\/p>","protected":false},"excerpt":{"rendered":"<hr \/>\n<p>Compatible avec le code original Nordica Extraflame <strong>Codice 2271084<\/strong><\/p>","protected":false},"featured_media":12812,"template":"","meta":[],"product_brand":[],"product_cat":[281,177,285,178,289],"product_tag":[],"class_list":{"0":"post-9050","1":"product","2":"type-product","3":"status-publish","4":"has-post-thumbnail","6":"product_cat-ella","7":"product_cat-extraflame","8":"product_cat-mietta","9":"product_cat-stufe-a-pellet-extraflame","10":"product_cat-wendy","11":"product_shipping_class-classe-di-spedizione-02","13":"first","14":"instock","15":"taxable","16":"shipping-taxable","17":"purchasable","18":"product-type-simple"},"yoast_head":"<!-- This site is optimized with the Yoast SEO plugin v26.3 - https:\/\/yoast.com\/wordpress\/plugins\/seo\/ -->\n<title>Estrattore fumi per stufa a pellet Nordica Extraflame - Mack4Season<\/title>\n<meta name=\"description\" content=\"Estrattore fumi per stufe e caldaie a pellet Nordica Extraflame, Ventilatore fumi per stufa a pellet Nordica Extraflame\" \/>\n<meta name=\"robots\" content=\"index, follow, max-snippet:-1, max-image-preview:large, max-video-preview:-1\" \/>\n<link rel=\"canonical\" href=\"https:\/\/mack4seasons.com\/fr\/negozio\/extraflame\/stufe-a-pellet-extraflame\/ella\/estrattore-fumi-cod-2271084\/\" \/>\n<meta property=\"og:locale\" content=\"fr_FR\" \/>\n<meta property=\"og:type\" content=\"article\" \/>\n<meta property=\"og:title\" content=\"Estrattore fumi per stufa a pellet Nordica Extraflame - Mack4Season\" \/>\n<meta property=\"og:description\" content=\"Estrattore fumi per stufe e caldaie a pellet Nordica Extraflame, Ventilatore fumi per stufa a pellet Nordica Extraflame\" \/>\n<meta property=\"og:url\" content=\"https:\/\/mack4seasons.com\/fr\/negozio\/extraflame\/stufe-a-pellet-extraflame\/ella\/estrattore-fumi-cod-2271084\/\" \/>\n<meta property=\"og:site_name\" content=\"Mack4Season\" \/>\n<meta property=\"article:publisher\" content=\"https:\/\/www.facebook.com\/profile.php?id=100075990468585\" \/>\n<meta property=\"article:modified_time\" content=\"2025-01-17T09:09:25+00:00\" \/>\n<meta property=\"og:image\" content=\"https:\/\/mack4seasons.com\/wp-content\/uploads\/2021\/09\/w-SITO-SIT-931-300-172-M.jpg\" \/>\n\t<meta property=\"og:image:width\" content=\"960\" \/>\n\t<meta property=\"og:image:height\" content=\"960\" \/>\n\t<meta property=\"og:image:type\" content=\"image\/jpeg\" \/>\n<meta name=\"twitter:card\" content=\"summary_large_image\" \/>\n<meta name=\"twitter:label1\" content=\"Dur\u00e9e de lecture estim\u00e9e\" \/>\n\t<meta name=\"twitter:data1\" content=\"1 minute\" \/>\n<script type=\"application\/ld+json\" class=\"yoast-schema-graph\">{\"@context\":\"https:\/\/schema.org\",\"@graph\":[{\"@type\":\"WebPage\",\"@id\":\"https:\/\/mack4seasons.com\/negozio\/extraflame\/stufe-a-pellet-extraflame\/ella\/estrattore-fumi-cod-2271084\/\",\"url\":\"https:\/\/mack4seasons.com\/negozio\/extraflame\/stufe-a-pellet-extraflame\/ella\/estrattore-fumi-cod-2271084\/\",\"name\":\"Estrattore fumi per stufa a pellet Nordica Extraflame - Mack4Season\",\"isPartOf\":{\"@id\":\"https:\/\/mack4seasons.com\/#website\"},\"primaryImageOfPage\":{\"@id\":\"https:\/\/mack4seasons.com\/negozio\/extraflame\/stufe-a-pellet-extraflame\/ella\/estrattore-fumi-cod-2271084\/#primaryimage\"},\"image\":{\"@id\":\"https:\/\/mack4seasons.com\/negozio\/extraflame\/stufe-a-pellet-extraflame\/ella\/estrattore-fumi-cod-2271084\/#primaryimage\"},\"thumbnailUrl\":\"https:\/\/mack4seasons.com\/wp-content\/uploads\/2021\/09\/w-SITO-SIT-931-300-172-M.jpg\",\"datePublished\":\"2021-01-07T12:43:00+00:00\",\"dateModified\":\"2025-01-17T09:09:25+00:00\",\"description\":\"Estrattore fumi per stufe e caldaie a pellet Nordica Extraflame, Ventilatore fumi per stufa a pellet Nordica Extraflame\",\"breadcrumb\":{\"@id\":\"https:\/\/mack4seasons.com\/negozio\/extraflame\/stufe-a-pellet-extraflame\/ella\/estrattore-fumi-cod-2271084\/#breadcrumb\"},\"inLanguage\":\"fr-FR\",\"potentialAction\":[{\"@type\":\"ReadAction\",\"target\":[\"https:\/\/mack4seasons.com\/negozio\/extraflame\/stufe-a-pellet-extraflame\/ella\/estrattore-fumi-cod-2271084\/\"]}]},{\"@type\":\"ImageObject\",\"inLanguage\":\"fr-FR\",\"@id\":\"https:\/\/mack4seasons.com\/negozio\/extraflame\/stufe-a-pellet-extraflame\/ella\/estrattore-fumi-cod-2271084\/#primaryimage\",\"url\":\"https:\/\/mack4seasons.com\/wp-content\/uploads\/2021\/09\/w-SITO-SIT-931-300-172-M.jpg\",\"contentUrl\":\"https:\/\/mack4seasons.com\/wp-content\/uploads\/2021\/09\/w-SITO-SIT-931-300-172-M.jpg\",\"width\":960,\"height\":960},{\"@type\":\"BreadcrumbList\",\"@id\":\"https:\/\/mack4seasons.com\/negozio\/extraflame\/stufe-a-pellet-extraflame\/ella\/estrattore-fumi-cod-2271084\/#breadcrumb\",\"itemListElement\":[{\"@type\":\"ListItem\",\"position\":1,\"name\":\"Home\",\"item\":\"https:\/\/mack4seasons.com\/ricambi-accessori-stufe-e-caldaie-pellet\/\"},{\"@type\":\"ListItem\",\"position\":2,\"name\":\"Shop\",\"item\":\"https:\/\/mack4seasons.com\/negozio\/\"},{\"@type\":\"ListItem\",\"position\":3,\"name\":\"Estrattore fumi per stufa a pellet Nordica Extraflame Codice 2271084\"}]},{\"@type\":\"WebSite\",\"@id\":\"https:\/\/mack4seasons.com\/#website\",\"url\":\"https:\/\/mack4seasons.com\/\",\"name\":\"Mack4Season\",\"description\":\"Per il comfort termico della tua casa\",\"publisher\":{\"@id\":\"https:\/\/mack4seasons.com\/#organization\"},\"potentialAction\":[{\"@type\":\"SearchAction\",\"target\":{\"@type\":\"EntryPoint\",\"urlTemplate\":\"https:\/\/mack4seasons.com\/?s={search_term_string}\"},\"query-input\":{\"@type\":\"PropertyValueSpecification\",\"valueRequired\":true,\"valueName\":\"search_term_string\"}}],\"inLanguage\":\"fr-FR\"},{\"@type\":\"Organization\",\"@id\":\"https:\/\/mack4seasons.com\/#organization\",\"name\":\"Mack4Season\",\"url\":\"https:\/\/mack4seasons.com\/\",\"logo\":{\"@type\":\"ImageObject\",\"inLanguage\":\"fr-FR\",\"@id\":\"https:\/\/mack4seasons.com\/#\/schema\/logo\/image\/\",\"url\":\"https:\/\/mack4seasons.com\/wp-content\/uploads\/2021\/06\/w-MACK-logo-pantone-02A19E.png\",\"contentUrl\":\"https:\/\/mack4seasons.com\/wp-content\/uploads\/2021\/06\/w-MACK-logo-pantone-02A19E.png\",\"width\":809,\"height\":425,\"caption\":\"Mack4Season\"},\"image\":{\"@id\":\"https:\/\/mack4seasons.com\/#\/schema\/logo\/image\/\"},\"sameAs\":[\"https:\/\/www.facebook.com\/profile.php?id=100075990468585\"]}]}<\/script>\n<!-- \/ Yoast SEO plugin. -->","yoast_head_json":{"title":"Estrattore fumi per stufa a pellet Nordica Extraflame - Mack4Season","description":"Estrattore fumi per stufe e caldaie a pellet Nordica Extraflame, Ventilatore fumi per stufa a pellet Nordica Extraflame","robots":{"index":"index","follow":"follow","max-snippet":"max-snippet:-1","max-image-preview":"max-image-preview:large","max-video-preview":"max-video-preview:-1"},"canonical":"https:\/\/mack4seasons.com\/fr\/negozio\/extraflame\/stufe-a-pellet-extraflame\/ella\/estrattore-fumi-cod-2271084\/","og_locale":"fr_FR","og_type":"article","og_title":"Estrattore fumi per stufa a pellet Nordica Extraflame - Mack4Season","og_description":"Estrattore fumi per stufe e caldaie a pellet Nordica Extraflame, Ventilatore fumi per stufa a pellet Nordica Extraflame","og_url":"https:\/\/mack4seasons.com\/fr\/negozio\/extraflame\/stufe-a-pellet-extraflame\/ella\/estrattore-fumi-cod-2271084\/","og_site_name":"Mack4Season","article_publisher":"https:\/\/www.facebook.com\/profile.php?id=100075990468585","article_modified_time":"2025-01-17T09:09:25+00:00","og_image":[{"width":960,"height":960,"url":"https:\/\/mack4seasons.com\/wp-content\/uploads\/2021\/09\/w-SITO-SIT-931-300-172-M.jpg","type":"image\/jpeg"}],"twitter_card":"summary_large_image","twitter_misc":{"Dur\u00e9e de lecture estim\u00e9e":"1 minute"},"schema":{"@context":"https:\/\/schema.org","@graph":[{"@type":"WebPage","@id":"https:\/\/mack4seasons.com\/negozio\/extraflame\/stufe-a-pellet-extraflame\/ella\/estrattore-fumi-cod-2271084\/","url":"https:\/\/mack4seasons.com\/negozio\/extraflame\/stufe-a-pellet-extraflame\/ella\/estrattore-fumi-cod-2271084\/","name":"Estrattore fumi per stufa a pellet Nordica Extraflame - Mack4Season","isPartOf":{"@id":"https:\/\/mack4seasons.com\/#website"},"primaryImageOfPage":{"@id":"https:\/\/mack4seasons.com\/negozio\/extraflame\/stufe-a-pellet-extraflame\/ella\/estrattore-fumi-cod-2271084\/#primaryimage"},"image":{"@id":"https:\/\/mack4seasons.com\/negozio\/extraflame\/stufe-a-pellet-extraflame\/ella\/estrattore-fumi-cod-2271084\/#primaryimage"},"thumbnailUrl":"https:\/\/mack4seasons.com\/wp-content\/uploads\/2021\/09\/w-SITO-SIT-931-300-172-M.jpg","datePublished":"2021-01-07T12:43:00+00:00","dateModified":"2025-01-17T09:09:25+00:00","description":"Estrattore fumi per stufe e caldaie a pellet Nordica Extraflame, Ventilatore fumi per stufa a pellet Nordica Extraflame","breadcrumb":{"@id":"https:\/\/mack4seasons.com\/negozio\/extraflame\/stufe-a-pellet-extraflame\/ella\/estrattore-fumi-cod-2271084\/#breadcrumb"},"inLanguage":"fr-FR","potentialAction":[{"@type":"ReadAction","target":["https:\/\/mack4seasons.com\/negozio\/extraflame\/stufe-a-pellet-extraflame\/ella\/estrattore-fumi-cod-2271084\/"]}]},{"@type":"ImageObject","inLanguage":"fr-FR","@id":"https:\/\/mack4seasons.com\/negozio\/extraflame\/stufe-a-pellet-extraflame\/ella\/estrattore-fumi-cod-2271084\/#primaryimage","url":"https:\/\/mack4seasons.com\/wp-content\/uploads\/2021\/09\/w-SITO-SIT-931-300-172-M.jpg","contentUrl":"https:\/\/mack4seasons.com\/wp-content\/uploads\/2021\/09\/w-SITO-SIT-931-300-172-M.jpg","width":960,"height":960},{"@type":"BreadcrumbList","@id":"https:\/\/mack4seasons.com\/negozio\/extraflame\/stufe-a-pellet-extraflame\/ella\/estrattore-fumi-cod-2271084\/#breadcrumb","itemListElement":[{"@type":"ListItem","position":1,"name":"Home","item":"https:\/\/mack4seasons.com\/ricambi-accessori-stufe-e-caldaie-pellet\/"},{"@type":"ListItem","position":2,"name":"Shop","item":"https:\/\/mack4seasons.com\/negozio\/"},{"@type":"ListItem","position":3,"name":"Estrattore fumi per stufa a pellet Nordica Extraflame Codice 2271084"}]},{"@type":"WebSite","@id":"https:\/\/mack4seasons.com\/#website","url":"https:\/\/mack4seasons.com\/","name":"Mack4Season","description":"Pour le confort thermique de votre maison","publisher":{"@id":"https:\/\/mack4seasons.com\/#organization"},"potentialAction":[{"@type":"SearchAction","target":{"@type":"EntryPoint","urlTemplate":"https:\/\/mack4seasons.com\/?s={search_term_string}"},"query-input":{"@type":"PropertyValueSpecification","valueRequired":true,"valueName":"search_term_string"}}],"inLanguage":"fr-FR"},{"@type":"Organization","@id":"https:\/\/mack4seasons.com\/#organization","name":"Mack4Season","url":"https:\/\/mack4seasons.com\/","logo":{"@type":"ImageObject","inLanguage":"fr-FR","@id":"https:\/\/mack4seasons.com\/#\/schema\/logo\/image\/","url":"https:\/\/mack4seasons.com\/wp-content\/uploads\/2021\/06\/w-MACK-logo-pantone-02A19E.png","contentUrl":"https:\/\/mack4seasons.com\/wp-content\/uploads\/2021\/06\/w-MACK-logo-pantone-02A19E.png","width":809,"height":425,"caption":"Mack4Season"},"image":{"@id":"https:\/\/mack4seasons.com\/#\/schema\/logo\/image\/"},"sameAs":["https:\/\/www.facebook.com\/profile.php?id=100075990468585"]}]}},"_links":{"self":[{"href":"https:\/\/mack4seasons.com\/fr\/wp-json\/wp\/v2\/product\/9050","targetHints":{"allow":["GET"]}}],"collection":[{"href":"https:\/\/mack4seasons.com\/fr\/wp-json\/wp\/v2\/product"}],"about":[{"href":"https:\/\/mack4seasons.com\/fr\/wp-json\/wp\/v2\/types\/product"}],"wp:featuredmedia":[{"embeddable":true,"href":"https:\/\/mack4seasons.com\/fr\/wp-json\/wp\/v2\/media\/12812"}],"wp:attachment":[{"href":"https:\/\/mack4seasons.com\/fr\/wp-json\/wp\/v2\/media?parent=9050"}],"wp:term":[{"taxonomy":"product_brand","embeddable":true,"href":"https:\/\/mack4seasons.com\/fr\/wp-json\/wp\/v2\/product_brand?post=9050"},{"taxonomy":"product_cat","embeddable":true,"href":"https:\/\/mack4seasons.com\/fr\/wp-json\/wp\/v2\/product_cat?post=9050"},{"taxonomy":"product_tag","embeddable":true,"href":"https:\/\/mack4seasons.com\/fr\/wp-json\/wp\/v2\/product_tag?post=9050"}],"curies":[{"name":"wp","href":"https:\/\/api.w.org\/{rel}","templated":true}]}}