{"id":9037,"date":"2021-01-07T12:43:00","date_gmt":"2021-01-07T12:43:00","guid":{"rendered":"https:\/\/mack4seasons.com\/?post_type=product&#038;p=9037"},"modified":"2022-12-14T09:32:19","modified_gmt":"2022-12-14T09:32:19","slug":"estrattore-fumi-cod-2271023","status":"publish","type":"product","link":"https:\/\/mack4seasons.com\/fr\/negozio\/extraflame\/stufe-a-pellet-extraflame\/clementina\/estrattore-fumi-cod-2271023\/","title":{"rendered":"Extracteur fum\u00e9e pour po\u00eale \u00e0 pellets Nordica Extraflame Code 2271023"},"content":{"rendered":"<hr \/>\n<h2>Extracteur fum\u00e9e pour po\u00eale \u00e0 pellets Nordica Extraflame<\/h2>\n<p>Codice 2271023<br \/>\n<strong> Pour les mod\u00e8les de po\u00eales \u00e0 granules Nordica Extraflame suivants : <\/strong> Clementina 2010, Divina 2010, Divina 2011, Divina 2012, Duchessa, Duchessa Steel 2010, Duchessa Steel 2011, Duchessa Steel 2012, Ecologica 2010, Ecologica 2011, Ecologica 2012, Elisir 2010, Elisir 2011, Elisir 2012, Elisir Crystal, Emma, Emma Plus, Esmeralda 2010, Esmeralda 2011, Esmeralda 2012, Esmeralda Crystal 2010, Esmeralda Crystal 2011, Esmeralda Crystal 2012, Falo 1 Xlp 2010, Falo 1 Xlp 2011, Falo 1 Xlp 2012, Falo Cp 2010, Falo Cp 2011, Falo Cp 2012, Graziosa Lux 2010, Graziosa Lux Plus 2011, Graziosa Steel Plus 2011, Irina 2010, Irina 2011, Irina 2012, Isabella 2011, Preziosa Steel 2010, Preziosa Steel 2011, Rosy 2010, Rosy 2011, Teodora 2012, Teodora 2016, Teodora 2018, Tosca Plus 2011, Tosca Plus 2012, Tosca Plus 2016, Comfort Idro, Duchessa Idro 2010, Duchessa Idro 2011, Duchessa Idro 2012, Giordana Idro, Iside Idro 2010, Iside Idro 2012, Iside Idro 2014, Iside Idro 2.0, Melinda Idro 2010, Melinda Idro 2011, Melinda Idro 2012, Melinda Idro Steel 2010, Melinda Idro Steel 2011, Melinda Idro Steel 2012, Raffaella Idro, Raffaella Idro 2.0<\/p>","protected":false},"excerpt":{"rendered":"<hr \/>\n<p>Compatible avec le code original Nordica Extraflame <strong>Codice 2271023<\/strong><\/p>","protected":false},"featured_media":12725,"template":"","meta":[],"product_brand":[],"product_cat":[185,217,260,218,221,261,262,222,223,224,225,264,226,227,228,229,177,230,231,265,234,235,237,239,283,266,267,269,270,287,271,272,250,178,256,257],"product_tag":[],"class_list":{"0":"post-9037","1":"product","2":"type-product","3":"status-publish","4":"has-post-thumbnail","6":"product_cat-apparecchi-hydro-extraflame","7":"product_cat-clementina","8":"product_cat-comfort-idro","9":"product_cat-divina","10":"product_cat-duchessa","11":"product_cat-duchessa-idro","12":"product_cat-duchessa-idro-steel","13":"product_cat-duchessa-steel","14":"product_cat-ecologica","15":"product_cat-elisir","16":"product_cat-elisir-crystal","17":"product_cat-elisir-idro","18":"product_cat-emma","19":"product_cat-emma-plus","20":"product_cat-esmeralda","21":"product_cat-esmeralda-crystal","22":"product_cat-extraflame","23":"product_cat-falo-1-xlp","24":"product_cat-falo-cp","25":"product_cat-giordana-idro","26":"product_cat-graziosa-lux","27":"product_cat-graziosa-lux-plus","28":"product_cat-graziosa-steel-plus","29":"product_cat-irina","30":"product_cat-isabella","31":"product_cat-iside-idro","32":"product_cat-iside-idro-2-0","33":"product_cat-melinda-idro","34":"product_cat-melinda-idro-steel","35":"product_cat-preziosa-steel","36":"product_cat-raffaella-idro","37":"product_cat-raffaella-idro-2-0","38":"product_cat-rosy","39":"product_cat-stufe-a-pellet-extraflame","40":"product_cat-teodora","41":"product_cat-tosca-plus","42":"product_shipping_class-classe-di-spedizione-02","44":"first","45":"instock","46":"taxable","47":"shipping-taxable","48":"purchasable","49":"product-type-simple"},"yoast_head":"<!-- This site is optimized with the Yoast SEO plugin v26.3 - https:\/\/yoast.com\/wordpress\/plugins\/seo\/ -->\n<title>Estrattore fumi per stufa a pellet Nordica Extraflame - Mack4Season<\/title>\n<meta name=\"description\" content=\"Estrattore fumi per stufe Nordica , Ventilatore fumi per caldaie a pellet, Ventola estrazzione fumi per stufe termostufe Nordica\" \/>\n<meta name=\"robots\" content=\"index, follow, max-snippet:-1, max-image-preview:large, max-video-preview:-1\" \/>\n<link rel=\"canonical\" href=\"https:\/\/mack4seasons.com\/fr\/negozio\/extraflame\/apparecchi-hydro-extraflame\/comfort-idro\/estrattore-fumi-cod-2271023\/\" \/>\n<meta property=\"og:locale\" content=\"fr_FR\" \/>\n<meta property=\"og:type\" content=\"article\" \/>\n<meta property=\"og:title\" content=\"Estrattore fumi per stufa a pellet Nordica Extraflame - Mack4Season\" \/>\n<meta property=\"og:description\" content=\"Estrattore fumi per stufe Nordica , Ventilatore fumi per caldaie a pellet, Ventola estrazzione fumi per stufe termostufe Nordica\" \/>\n<meta property=\"og:url\" content=\"https:\/\/mack4seasons.com\/fr\/negozio\/extraflame\/apparecchi-hydro-extraflame\/comfort-idro\/estrattore-fumi-cod-2271023\/\" \/>\n<meta property=\"og:site_name\" content=\"Mack4Season\" \/>\n<meta property=\"article:publisher\" content=\"https:\/\/www.facebook.com\/profile.php?id=100075990468585\" \/>\n<meta property=\"article:modified_time\" content=\"2022-12-14T09:32:19+00:00\" \/>\n<meta property=\"og:image\" content=\"https:\/\/mack4seasons.com\/wp-content\/uploads\/2021\/09\/w-SITO-VENT-CENT-02-M.jpg\" \/>\n\t<meta property=\"og:image:width\" content=\"960\" \/>\n\t<meta property=\"og:image:height\" content=\"960\" \/>\n\t<meta property=\"og:image:type\" content=\"image\/jpeg\" \/>\n<meta name=\"twitter:card\" content=\"summary_large_image\" \/>\n<meta name=\"twitter:label1\" content=\"Dur\u00e9e de lecture estim\u00e9e\" \/>\n\t<meta name=\"twitter:data1\" content=\"1 minute\" \/>\n<script type=\"application\/ld+json\" class=\"yoast-schema-graph\">{\"@context\":\"https:\/\/schema.org\",\"@graph\":[{\"@type\":\"WebPage\",\"@id\":\"https:\/\/mack4seasons.com\/negozio\/extraflame\/apparecchi-hydro-extraflame\/comfort-idro\/estrattore-fumi-cod-2271023\/\",\"url\":\"https:\/\/mack4seasons.com\/negozio\/extraflame\/apparecchi-hydro-extraflame\/comfort-idro\/estrattore-fumi-cod-2271023\/\",\"name\":\"Estrattore fumi per stufa a pellet Nordica Extraflame - Mack4Season\",\"isPartOf\":{\"@id\":\"https:\/\/mack4seasons.com\/#website\"},\"primaryImageOfPage\":{\"@id\":\"https:\/\/mack4seasons.com\/negozio\/extraflame\/apparecchi-hydro-extraflame\/comfort-idro\/estrattore-fumi-cod-2271023\/#primaryimage\"},\"image\":{\"@id\":\"https:\/\/mack4seasons.com\/negozio\/extraflame\/apparecchi-hydro-extraflame\/comfort-idro\/estrattore-fumi-cod-2271023\/#primaryimage\"},\"thumbnailUrl\":\"https:\/\/mack4seasons.com\/wp-content\/uploads\/2021\/09\/w-SITO-VENT-CENT-02-M.jpg\",\"datePublished\":\"2021-01-07T12:43:00+00:00\",\"dateModified\":\"2022-12-14T09:32:19+00:00\",\"description\":\"Estrattore fumi per stufe Nordica , Ventilatore fumi per caldaie a pellet, Ventola estrazzione fumi per stufe termostufe Nordica\",\"breadcrumb\":{\"@id\":\"https:\/\/mack4seasons.com\/negozio\/extraflame\/apparecchi-hydro-extraflame\/comfort-idro\/estrattore-fumi-cod-2271023\/#breadcrumb\"},\"inLanguage\":\"fr-FR\",\"potentialAction\":[{\"@type\":\"ReadAction\",\"target\":[\"https:\/\/mack4seasons.com\/negozio\/extraflame\/apparecchi-hydro-extraflame\/comfort-idro\/estrattore-fumi-cod-2271023\/\"]}]},{\"@type\":\"ImageObject\",\"inLanguage\":\"fr-FR\",\"@id\":\"https:\/\/mack4seasons.com\/negozio\/extraflame\/apparecchi-hydro-extraflame\/comfort-idro\/estrattore-fumi-cod-2271023\/#primaryimage\",\"url\":\"https:\/\/mack4seasons.com\/wp-content\/uploads\/2021\/09\/w-SITO-VENT-CENT-02-M.jpg\",\"contentUrl\":\"https:\/\/mack4seasons.com\/wp-content\/uploads\/2021\/09\/w-SITO-VENT-CENT-02-M.jpg\",\"width\":960,\"height\":960},{\"@type\":\"BreadcrumbList\",\"@id\":\"https:\/\/mack4seasons.com\/negozio\/extraflame\/apparecchi-hydro-extraflame\/comfort-idro\/estrattore-fumi-cod-2271023\/#breadcrumb\",\"itemListElement\":[{\"@type\":\"ListItem\",\"position\":1,\"name\":\"Home\",\"item\":\"https:\/\/mack4seasons.com\/ricambi-accessori-stufe-e-caldaie-pellet\/\"},{\"@type\":\"ListItem\",\"position\":2,\"name\":\"Shop\",\"item\":\"https:\/\/mack4seasons.com\/negozio\/\"},{\"@type\":\"ListItem\",\"position\":3,\"name\":\"Estrattore fumi per stufa a pellet Nordica Extraflame Codice 2271023\"}]},{\"@type\":\"WebSite\",\"@id\":\"https:\/\/mack4seasons.com\/#website\",\"url\":\"https:\/\/mack4seasons.com\/\",\"name\":\"Mack4Season\",\"description\":\"Per il comfort termico della tua casa\",\"publisher\":{\"@id\":\"https:\/\/mack4seasons.com\/#organization\"},\"potentialAction\":[{\"@type\":\"SearchAction\",\"target\":{\"@type\":\"EntryPoint\",\"urlTemplate\":\"https:\/\/mack4seasons.com\/?s={search_term_string}\"},\"query-input\":{\"@type\":\"PropertyValueSpecification\",\"valueRequired\":true,\"valueName\":\"search_term_string\"}}],\"inLanguage\":\"fr-FR\"},{\"@type\":\"Organization\",\"@id\":\"https:\/\/mack4seasons.com\/#organization\",\"name\":\"Mack4Season\",\"url\":\"https:\/\/mack4seasons.com\/\",\"logo\":{\"@type\":\"ImageObject\",\"inLanguage\":\"fr-FR\",\"@id\":\"https:\/\/mack4seasons.com\/#\/schema\/logo\/image\/\",\"url\":\"https:\/\/mack4seasons.com\/wp-content\/uploads\/2021\/06\/w-MACK-logo-pantone-02A19E.png\",\"contentUrl\":\"https:\/\/mack4seasons.com\/wp-content\/uploads\/2021\/06\/w-MACK-logo-pantone-02A19E.png\",\"width\":809,\"height\":425,\"caption\":\"Mack4Season\"},\"image\":{\"@id\":\"https:\/\/mack4seasons.com\/#\/schema\/logo\/image\/\"},\"sameAs\":[\"https:\/\/www.facebook.com\/profile.php?id=100075990468585\"]}]}<\/script>\n<!-- \/ Yoast SEO plugin. -->","yoast_head_json":{"title":"Estrattore fumi per stufa a pellet Nordica Extraflame - Mack4Season","description":"Estrattore fumi per stufe Nordica , Ventilatore fumi per caldaie a pellet, Ventola estrazzione fumi per stufe termostufe Nordica","robots":{"index":"index","follow":"follow","max-snippet":"max-snippet:-1","max-image-preview":"max-image-preview:large","max-video-preview":"max-video-preview:-1"},"canonical":"https:\/\/mack4seasons.com\/fr\/negozio\/extraflame\/apparecchi-hydro-extraflame\/comfort-idro\/estrattore-fumi-cod-2271023\/","og_locale":"fr_FR","og_type":"article","og_title":"Estrattore fumi per stufa a pellet Nordica Extraflame - Mack4Season","og_description":"Estrattore fumi per stufe Nordica , Ventilatore fumi per caldaie a pellet, Ventola estrazzione fumi per stufe termostufe Nordica","og_url":"https:\/\/mack4seasons.com\/fr\/negozio\/extraflame\/apparecchi-hydro-extraflame\/comfort-idro\/estrattore-fumi-cod-2271023\/","og_site_name":"Mack4Season","article_publisher":"https:\/\/www.facebook.com\/profile.php?id=100075990468585","article_modified_time":"2022-12-14T09:32:19+00:00","og_image":[{"width":960,"height":960,"url":"https:\/\/mack4seasons.com\/wp-content\/uploads\/2021\/09\/w-SITO-VENT-CENT-02-M.jpg","type":"image\/jpeg"}],"twitter_card":"summary_large_image","twitter_misc":{"Dur\u00e9e de lecture estim\u00e9e":"1 minute"},"schema":{"@context":"https:\/\/schema.org","@graph":[{"@type":"WebPage","@id":"https:\/\/mack4seasons.com\/negozio\/extraflame\/apparecchi-hydro-extraflame\/comfort-idro\/estrattore-fumi-cod-2271023\/","url":"https:\/\/mack4seasons.com\/negozio\/extraflame\/apparecchi-hydro-extraflame\/comfort-idro\/estrattore-fumi-cod-2271023\/","name":"Estrattore fumi per stufa a pellet Nordica Extraflame - Mack4Season","isPartOf":{"@id":"https:\/\/mack4seasons.com\/#website"},"primaryImageOfPage":{"@id":"https:\/\/mack4seasons.com\/negozio\/extraflame\/apparecchi-hydro-extraflame\/comfort-idro\/estrattore-fumi-cod-2271023\/#primaryimage"},"image":{"@id":"https:\/\/mack4seasons.com\/negozio\/extraflame\/apparecchi-hydro-extraflame\/comfort-idro\/estrattore-fumi-cod-2271023\/#primaryimage"},"thumbnailUrl":"https:\/\/mack4seasons.com\/wp-content\/uploads\/2021\/09\/w-SITO-VENT-CENT-02-M.jpg","datePublished":"2021-01-07T12:43:00+00:00","dateModified":"2022-12-14T09:32:19+00:00","description":"Estrattore fumi per stufe Nordica , Ventilatore fumi per caldaie a pellet, Ventola estrazzione fumi per stufe termostufe Nordica","breadcrumb":{"@id":"https:\/\/mack4seasons.com\/negozio\/extraflame\/apparecchi-hydro-extraflame\/comfort-idro\/estrattore-fumi-cod-2271023\/#breadcrumb"},"inLanguage":"fr-FR","potentialAction":[{"@type":"ReadAction","target":["https:\/\/mack4seasons.com\/negozio\/extraflame\/apparecchi-hydro-extraflame\/comfort-idro\/estrattore-fumi-cod-2271023\/"]}]},{"@type":"ImageObject","inLanguage":"fr-FR","@id":"https:\/\/mack4seasons.com\/negozio\/extraflame\/apparecchi-hydro-extraflame\/comfort-idro\/estrattore-fumi-cod-2271023\/#primaryimage","url":"https:\/\/mack4seasons.com\/wp-content\/uploads\/2021\/09\/w-SITO-VENT-CENT-02-M.jpg","contentUrl":"https:\/\/mack4seasons.com\/wp-content\/uploads\/2021\/09\/w-SITO-VENT-CENT-02-M.jpg","width":960,"height":960},{"@type":"BreadcrumbList","@id":"https:\/\/mack4seasons.com\/negozio\/extraflame\/apparecchi-hydro-extraflame\/comfort-idro\/estrattore-fumi-cod-2271023\/#breadcrumb","itemListElement":[{"@type":"ListItem","position":1,"name":"Home","item":"https:\/\/mack4seasons.com\/ricambi-accessori-stufe-e-caldaie-pellet\/"},{"@type":"ListItem","position":2,"name":"Shop","item":"https:\/\/mack4seasons.com\/negozio\/"},{"@type":"ListItem","position":3,"name":"Estrattore fumi per stufa a pellet Nordica Extraflame Codice 2271023"}]},{"@type":"WebSite","@id":"https:\/\/mack4seasons.com\/#website","url":"https:\/\/mack4seasons.com\/","name":"Mack4Season","description":"Pour le confort thermique de votre maison","publisher":{"@id":"https:\/\/mack4seasons.com\/#organization"},"potentialAction":[{"@type":"SearchAction","target":{"@type":"EntryPoint","urlTemplate":"https:\/\/mack4seasons.com\/?s={search_term_string}"},"query-input":{"@type":"PropertyValueSpecification","valueRequired":true,"valueName":"search_term_string"}}],"inLanguage":"fr-FR"},{"@type":"Organization","@id":"https:\/\/mack4seasons.com\/#organization","name":"Mack4Season","url":"https:\/\/mack4seasons.com\/","logo":{"@type":"ImageObject","inLanguage":"fr-FR","@id":"https:\/\/mack4seasons.com\/#\/schema\/logo\/image\/","url":"https:\/\/mack4seasons.com\/wp-content\/uploads\/2021\/06\/w-MACK-logo-pantone-02A19E.png","contentUrl":"https:\/\/mack4seasons.com\/wp-content\/uploads\/2021\/06\/w-MACK-logo-pantone-02A19E.png","width":809,"height":425,"caption":"Mack4Season"},"image":{"@id":"https:\/\/mack4seasons.com\/#\/schema\/logo\/image\/"},"sameAs":["https:\/\/www.facebook.com\/profile.php?id=100075990468585"]}]}},"_links":{"self":[{"href":"https:\/\/mack4seasons.com\/fr\/wp-json\/wp\/v2\/product\/9037","targetHints":{"allow":["GET"]}}],"collection":[{"href":"https:\/\/mack4seasons.com\/fr\/wp-json\/wp\/v2\/product"}],"about":[{"href":"https:\/\/mack4seasons.com\/fr\/wp-json\/wp\/v2\/types\/product"}],"wp:featuredmedia":[{"embeddable":true,"href":"https:\/\/mack4seasons.com\/fr\/wp-json\/wp\/v2\/media\/12725"}],"wp:attachment":[{"href":"https:\/\/mack4seasons.com\/fr\/wp-json\/wp\/v2\/media?parent=9037"}],"wp:term":[{"taxonomy":"product_brand","embeddable":true,"href":"https:\/\/mack4seasons.com\/fr\/wp-json\/wp\/v2\/product_brand?post=9037"},{"taxonomy":"product_cat","embeddable":true,"href":"https:\/\/mack4seasons.com\/fr\/wp-json\/wp\/v2\/product_cat?post=9037"},{"taxonomy":"product_tag","embeddable":true,"href":"https:\/\/mack4seasons.com\/fr\/wp-json\/wp\/v2\/product_tag?post=9037"}],"curies":[{"name":"wp","href":"https:\/\/api.w.org\/{rel}","templated":true}]}}