{"id":9028,"date":"2021-01-07T12:43:00","date_gmt":"2021-01-07T12:43:00","guid":{"rendered":"https:\/\/mack4seasons.com\/?post_type=product&#038;p=9028"},"modified":"2022-12-14T09:32:15","modified_gmt":"2022-12-14T09:32:15","slug":"ventilatore-tangenziale-cod-2271003","status":"publish","type":"product","link":"https:\/\/mack4seasons.com\/fr\/negozio\/extraflame\/stufe-a-pellet-extraflame\/babyfiamma\/ventilatore-tangenziale-cod-2271003\/","title":{"rendered":"Ventilateur tangentiel pour po\u00eale \u00e0 pellets Nordica Extraflame Code 2271003"},"content":{"rendered":"<hr>\n<h2>Ventilateur tangentiel pour po\u00eale \u00e0 pellets Nordica Extraflame<\/h2>\n<p> Codice 2271003<br \/>\n<strong> Pour les mod\u00e8les de po\u00eales \u00e0 granules Nordica Extraflame suivants : <\/strong> Babyfiamma, Dorina, Ella, Giusy, Giusy Plus, Giusy Plus Evo, Glenda, Graziosa Lux, Graziosa Lux Plus, Graziosa Steel, Graziosa Steel Plus, Irma Plus, Isabella, Karolina, Karolina Steel, Ketty, Mietta, Novella Plus Evo, Preziosa, Preziosa Steel, Rosy, Viviana Plus, Viviana Plus Evo, Wendy, Ecologica Idro, Ecologica Idro Steel, Evelyne Idro, Giordana Idro, Iside Idro, Iside Idro 2.0, Melinda Idro, Melinda Idro 2.0, Melinda Idro Steel, Melinda Idro Steel 2.0, Raffaella Idro, Raffaella Idro 2.0<\/p>","protected":false},"excerpt":{"rendered":"<hr>\n<p>Compatible avec le code original Nordica Extraflame <strong>Codice 2271003<\/strong><\/p>","protected":false},"featured_media":12807,"template":"","meta":[],"product_brand":[],"product_cat":[185,273,219,290,263,281,187,177,265,232,233,183,282,234,235,236,237,241,283,266,267,284,242,243,269,208,270,209,285,249,286,287,271,272,250,178,288,303,289],"product_tag":[],"class_list":{"0":"post-9028","1":"product","2":"type-product","3":"status-publish","4":"has-post-thumbnail","6":"product_cat-apparecchi-hydro-extraflame","7":"product_cat-babyfiamma","8":"product_cat-dorina","9":"product_cat-ecologica-idro","10":"product_cat-ecologica-idro-steel","11":"product_cat-ella","12":"product_cat-evelyne-idro","13":"product_cat-extraflame","14":"product_cat-giordana-idro","15":"product_cat-giusy","16":"product_cat-giusy-plus","17":"product_cat-giusy-plus-evo","18":"product_cat-glenda","19":"product_cat-graziosa-lux","20":"product_cat-graziosa-lux-plus","21":"product_cat-graziosa-steel","22":"product_cat-graziosa-steel-plus","23":"product_cat-irma-plus","24":"product_cat-isabella","25":"product_cat-iside-idro","26":"product_cat-iside-idro-2-0","27":"product_cat-karolina","28":"product_cat-karolina-steel","29":"product_cat-ketty","30":"product_cat-melinda-idro","31":"product_cat-melinda-idro-2-0","32":"product_cat-melinda-idro-steel","33":"product_cat-melinda-idro-steel-2-0","34":"product_cat-mietta","35":"product_cat-novella-plus-evo","36":"product_cat-preziosa","37":"product_cat-preziosa-steel","38":"product_cat-raffaella-idro","39":"product_cat-raffaella-idro-2-0","40":"product_cat-rosy","41":"product_cat-stufe-a-pellet-extraflame","42":"product_cat-viviana-plus","43":"product_cat-viviana-plus-evo","44":"product_cat-wendy","45":"product_shipping_class-classe-di-spedizione-02","47":"first","48":"instock","49":"taxable","50":"shipping-taxable","51":"purchasable","52":"product-type-simple"},"yoast_head":"<!-- This site is optimized with the Yoast SEO plugin v26.3 - https:\/\/yoast.com\/wordpress\/plugins\/seo\/ -->\n<title>Ventilatore tangenziale per stufa a pellet Nordica Extraflame Codice 2271003 - Mack4Season<\/title>\n<meta name=\"robots\" content=\"index, follow, max-snippet:-1, max-image-preview:large, max-video-preview:-1\" \/>\n<link rel=\"canonical\" href=\"https:\/\/mack4seasons.com\/fr\/negozio\/extraflame\/apparecchi-hydro-extraflame\/evelyne-idro\/ventilatore-tangenziale-cod-2271003\/\" \/>\n<meta property=\"og:locale\" content=\"fr_FR\" \/>\n<meta property=\"og:type\" content=\"article\" \/>\n<meta property=\"og:title\" content=\"Ventilatore tangenziale per stufa a pellet Nordica Extraflame Codice 2271003 - Mack4Season\" \/>\n<meta property=\"og:description\" content=\"Compatibile con il codice originale Nordica Extraflame Codice 2271003\" \/>\n<meta property=\"og:url\" content=\"https:\/\/mack4seasons.com\/fr\/negozio\/extraflame\/apparecchi-hydro-extraflame\/evelyne-idro\/ventilatore-tangenziale-cod-2271003\/\" \/>\n<meta property=\"og:site_name\" content=\"Mack4Season\" \/>\n<meta property=\"article:publisher\" content=\"https:\/\/www.facebook.com\/profile.php?id=100075990468585\" \/>\n<meta property=\"article:modified_time\" content=\"2022-12-14T09:32:15+00:00\" \/>\n<meta property=\"og:image\" content=\"https:\/\/mack4seasons.com\/wp-content\/uploads\/2021\/09\/w-SITO-FERGAS-02-M-1.jpg\" \/>\n\t<meta property=\"og:image:width\" content=\"960\" \/>\n\t<meta property=\"og:image:height\" content=\"960\" \/>\n\t<meta property=\"og:image:type\" content=\"image\/jpeg\" \/>\n<meta name=\"twitter:card\" content=\"summary_large_image\" \/>\n<script type=\"application\/ld+json\" class=\"yoast-schema-graph\">{\"@context\":\"https:\/\/schema.org\",\"@graph\":[{\"@type\":\"WebPage\",\"@id\":\"https:\/\/mack4seasons.com\/negozio\/extraflame\/apparecchi-hydro-extraflame\/evelyne-idro\/ventilatore-tangenziale-cod-2271003\/\",\"url\":\"https:\/\/mack4seasons.com\/negozio\/extraflame\/apparecchi-hydro-extraflame\/evelyne-idro\/ventilatore-tangenziale-cod-2271003\/\",\"name\":\"Ventilatore tangenziale per stufa a pellet Nordica Extraflame Codice 2271003 - Mack4Season\",\"isPartOf\":{\"@id\":\"https:\/\/mack4seasons.com\/#website\"},\"primaryImageOfPage\":{\"@id\":\"https:\/\/mack4seasons.com\/negozio\/extraflame\/apparecchi-hydro-extraflame\/evelyne-idro\/ventilatore-tangenziale-cod-2271003\/#primaryimage\"},\"image\":{\"@id\":\"https:\/\/mack4seasons.com\/negozio\/extraflame\/apparecchi-hydro-extraflame\/evelyne-idro\/ventilatore-tangenziale-cod-2271003\/#primaryimage\"},\"thumbnailUrl\":\"https:\/\/mack4seasons.com\/wp-content\/uploads\/2021\/09\/w-SITO-FERGAS-02-M-1.jpg\",\"datePublished\":\"2021-01-07T12:43:00+00:00\",\"dateModified\":\"2022-12-14T09:32:15+00:00\",\"breadcrumb\":{\"@id\":\"https:\/\/mack4seasons.com\/negozio\/extraflame\/apparecchi-hydro-extraflame\/evelyne-idro\/ventilatore-tangenziale-cod-2271003\/#breadcrumb\"},\"inLanguage\":\"fr-FR\",\"potentialAction\":[{\"@type\":\"ReadAction\",\"target\":[\"https:\/\/mack4seasons.com\/negozio\/extraflame\/apparecchi-hydro-extraflame\/evelyne-idro\/ventilatore-tangenziale-cod-2271003\/\"]}]},{\"@type\":\"ImageObject\",\"inLanguage\":\"fr-FR\",\"@id\":\"https:\/\/mack4seasons.com\/negozio\/extraflame\/apparecchi-hydro-extraflame\/evelyne-idro\/ventilatore-tangenziale-cod-2271003\/#primaryimage\",\"url\":\"https:\/\/mack4seasons.com\/wp-content\/uploads\/2021\/09\/w-SITO-FERGAS-02-M-1.jpg\",\"contentUrl\":\"https:\/\/mack4seasons.com\/wp-content\/uploads\/2021\/09\/w-SITO-FERGAS-02-M-1.jpg\",\"width\":960,\"height\":960},{\"@type\":\"BreadcrumbList\",\"@id\":\"https:\/\/mack4seasons.com\/negozio\/extraflame\/apparecchi-hydro-extraflame\/evelyne-idro\/ventilatore-tangenziale-cod-2271003\/#breadcrumb\",\"itemListElement\":[{\"@type\":\"ListItem\",\"position\":1,\"name\":\"Home\",\"item\":\"https:\/\/mack4seasons.com\/ricambi-accessori-stufe-e-caldaie-pellet\/\"},{\"@type\":\"ListItem\",\"position\":2,\"name\":\"Shop\",\"item\":\"https:\/\/mack4seasons.com\/negozio\/\"},{\"@type\":\"ListItem\",\"position\":3,\"name\":\"Ventilatore tangenziale per stufa a pellet Nordica Extraflame Codice 2271003\"}]},{\"@type\":\"WebSite\",\"@id\":\"https:\/\/mack4seasons.com\/#website\",\"url\":\"https:\/\/mack4seasons.com\/\",\"name\":\"Mack4Season\",\"description\":\"Per il comfort termico della tua casa\",\"publisher\":{\"@id\":\"https:\/\/mack4seasons.com\/#organization\"},\"potentialAction\":[{\"@type\":\"SearchAction\",\"target\":{\"@type\":\"EntryPoint\",\"urlTemplate\":\"https:\/\/mack4seasons.com\/?s={search_term_string}\"},\"query-input\":{\"@type\":\"PropertyValueSpecification\",\"valueRequired\":true,\"valueName\":\"search_term_string\"}}],\"inLanguage\":\"fr-FR\"},{\"@type\":\"Organization\",\"@id\":\"https:\/\/mack4seasons.com\/#organization\",\"name\":\"Mack4Season\",\"url\":\"https:\/\/mack4seasons.com\/\",\"logo\":{\"@type\":\"ImageObject\",\"inLanguage\":\"fr-FR\",\"@id\":\"https:\/\/mack4seasons.com\/#\/schema\/logo\/image\/\",\"url\":\"https:\/\/mack4seasons.com\/wp-content\/uploads\/2021\/06\/w-MACK-logo-pantone-02A19E.png\",\"contentUrl\":\"https:\/\/mack4seasons.com\/wp-content\/uploads\/2021\/06\/w-MACK-logo-pantone-02A19E.png\",\"width\":809,\"height\":425,\"caption\":\"Mack4Season\"},\"image\":{\"@id\":\"https:\/\/mack4seasons.com\/#\/schema\/logo\/image\/\"},\"sameAs\":[\"https:\/\/www.facebook.com\/profile.php?id=100075990468585\"]}]}<\/script>\n<!-- \/ Yoast SEO plugin. -->","yoast_head_json":{"title":"Ventilatore tangenziale per stufa a pellet Nordica Extraflame Codice 2271003 - Mack4Season","robots":{"index":"index","follow":"follow","max-snippet":"max-snippet:-1","max-image-preview":"max-image-preview:large","max-video-preview":"max-video-preview:-1"},"canonical":"https:\/\/mack4seasons.com\/fr\/negozio\/extraflame\/apparecchi-hydro-extraflame\/evelyne-idro\/ventilatore-tangenziale-cod-2271003\/","og_locale":"fr_FR","og_type":"article","og_title":"Ventilatore tangenziale per stufa a pellet Nordica Extraflame Codice 2271003 - Mack4Season","og_description":"Compatibile con il codice originale Nordica Extraflame Codice 2271003","og_url":"https:\/\/mack4seasons.com\/fr\/negozio\/extraflame\/apparecchi-hydro-extraflame\/evelyne-idro\/ventilatore-tangenziale-cod-2271003\/","og_site_name":"Mack4Season","article_publisher":"https:\/\/www.facebook.com\/profile.php?id=100075990468585","article_modified_time":"2022-12-14T09:32:15+00:00","og_image":[{"width":960,"height":960,"url":"https:\/\/mack4seasons.com\/wp-content\/uploads\/2021\/09\/w-SITO-FERGAS-02-M-1.jpg","type":"image\/jpeg"}],"twitter_card":"summary_large_image","schema":{"@context":"https:\/\/schema.org","@graph":[{"@type":"WebPage","@id":"https:\/\/mack4seasons.com\/negozio\/extraflame\/apparecchi-hydro-extraflame\/evelyne-idro\/ventilatore-tangenziale-cod-2271003\/","url":"https:\/\/mack4seasons.com\/negozio\/extraflame\/apparecchi-hydro-extraflame\/evelyne-idro\/ventilatore-tangenziale-cod-2271003\/","name":"Ventilatore tangenziale per stufa a pellet Nordica Extraflame Codice 2271003 - Mack4Season","isPartOf":{"@id":"https:\/\/mack4seasons.com\/#website"},"primaryImageOfPage":{"@id":"https:\/\/mack4seasons.com\/negozio\/extraflame\/apparecchi-hydro-extraflame\/evelyne-idro\/ventilatore-tangenziale-cod-2271003\/#primaryimage"},"image":{"@id":"https:\/\/mack4seasons.com\/negozio\/extraflame\/apparecchi-hydro-extraflame\/evelyne-idro\/ventilatore-tangenziale-cod-2271003\/#primaryimage"},"thumbnailUrl":"https:\/\/mack4seasons.com\/wp-content\/uploads\/2021\/09\/w-SITO-FERGAS-02-M-1.jpg","datePublished":"2021-01-07T12:43:00+00:00","dateModified":"2022-12-14T09:32:15+00:00","breadcrumb":{"@id":"https:\/\/mack4seasons.com\/negozio\/extraflame\/apparecchi-hydro-extraflame\/evelyne-idro\/ventilatore-tangenziale-cod-2271003\/#breadcrumb"},"inLanguage":"fr-FR","potentialAction":[{"@type":"ReadAction","target":["https:\/\/mack4seasons.com\/negozio\/extraflame\/apparecchi-hydro-extraflame\/evelyne-idro\/ventilatore-tangenziale-cod-2271003\/"]}]},{"@type":"ImageObject","inLanguage":"fr-FR","@id":"https:\/\/mack4seasons.com\/negozio\/extraflame\/apparecchi-hydro-extraflame\/evelyne-idro\/ventilatore-tangenziale-cod-2271003\/#primaryimage","url":"https:\/\/mack4seasons.com\/wp-content\/uploads\/2021\/09\/w-SITO-FERGAS-02-M-1.jpg","contentUrl":"https:\/\/mack4seasons.com\/wp-content\/uploads\/2021\/09\/w-SITO-FERGAS-02-M-1.jpg","width":960,"height":960},{"@type":"BreadcrumbList","@id":"https:\/\/mack4seasons.com\/negozio\/extraflame\/apparecchi-hydro-extraflame\/evelyne-idro\/ventilatore-tangenziale-cod-2271003\/#breadcrumb","itemListElement":[{"@type":"ListItem","position":1,"name":"Home","item":"https:\/\/mack4seasons.com\/ricambi-accessori-stufe-e-caldaie-pellet\/"},{"@type":"ListItem","position":2,"name":"Shop","item":"https:\/\/mack4seasons.com\/negozio\/"},{"@type":"ListItem","position":3,"name":"Ventilatore tangenziale per stufa a pellet Nordica Extraflame Codice 2271003"}]},{"@type":"WebSite","@id":"https:\/\/mack4seasons.com\/#website","url":"https:\/\/mack4seasons.com\/","name":"Mack4Season","description":"Pour le confort thermique de votre maison","publisher":{"@id":"https:\/\/mack4seasons.com\/#organization"},"potentialAction":[{"@type":"SearchAction","target":{"@type":"EntryPoint","urlTemplate":"https:\/\/mack4seasons.com\/?s={search_term_string}"},"query-input":{"@type":"PropertyValueSpecification","valueRequired":true,"valueName":"search_term_string"}}],"inLanguage":"fr-FR"},{"@type":"Organization","@id":"https:\/\/mack4seasons.com\/#organization","name":"Mack4Season","url":"https:\/\/mack4seasons.com\/","logo":{"@type":"ImageObject","inLanguage":"fr-FR","@id":"https:\/\/mack4seasons.com\/#\/schema\/logo\/image\/","url":"https:\/\/mack4seasons.com\/wp-content\/uploads\/2021\/06\/w-MACK-logo-pantone-02A19E.png","contentUrl":"https:\/\/mack4seasons.com\/wp-content\/uploads\/2021\/06\/w-MACK-logo-pantone-02A19E.png","width":809,"height":425,"caption":"Mack4Season"},"image":{"@id":"https:\/\/mack4seasons.com\/#\/schema\/logo\/image\/"},"sameAs":["https:\/\/www.facebook.com\/profile.php?id=100075990468585"]}]}},"_links":{"self":[{"href":"https:\/\/mack4seasons.com\/fr\/wp-json\/wp\/v2\/product\/9028","targetHints":{"allow":["GET"]}}],"collection":[{"href":"https:\/\/mack4seasons.com\/fr\/wp-json\/wp\/v2\/product"}],"about":[{"href":"https:\/\/mack4seasons.com\/fr\/wp-json\/wp\/v2\/types\/product"}],"wp:featuredmedia":[{"embeddable":true,"href":"https:\/\/mack4seasons.com\/fr\/wp-json\/wp\/v2\/media\/12807"}],"wp:attachment":[{"href":"https:\/\/mack4seasons.com\/fr\/wp-json\/wp\/v2\/media?parent=9028"}],"wp:term":[{"taxonomy":"product_brand","embeddable":true,"href":"https:\/\/mack4seasons.com\/fr\/wp-json\/wp\/v2\/product_brand?post=9028"},{"taxonomy":"product_cat","embeddable":true,"href":"https:\/\/mack4seasons.com\/fr\/wp-json\/wp\/v2\/product_cat?post=9028"},{"taxonomy":"product_tag","embeddable":true,"href":"https:\/\/mack4seasons.com\/fr\/wp-json\/wp\/v2\/product_tag?post=9028"}],"curies":[{"name":"wp","href":"https:\/\/api.w.org\/{rel}","templated":true}]}}