{"id":9027,"date":"2021-01-07T12:43:00","date_gmt":"2021-01-07T12:43:00","guid":{"rendered":"https:\/\/mack4seasons.com\/?post_type=product&#038;p=9027"},"modified":"2022-12-14T09:32:15","modified_gmt":"2022-12-14T09:32:15","slug":"estrattore-fumi-cod-2271001","status":"publish","type":"product","link":"https:\/\/mack4seasons.com\/fr\/negozio\/extraflame\/stufe-a-pellet-extraflame\/babyfiamma\/estrattore-fumi-cod-2271001\/","title":{"rendered":"Extracteur fum\u00e9e pour po\u00eale \u00e0 pellets Nordica Extraflame Code 2271001"},"content":{"rendered":"<hr \/>\n<h2>Extracteur fum\u00e9e pour po\u00eale \u00e0 pellets Nordica Extraflame<\/h2>\n<p>Codice 2271001<br \/>\n<strong> Pour les mod\u00e8les de po\u00eales \u00e0 granules Nordica Extraflame suivants : <\/strong> Babyfiamma, Bella, Bella Lux, Clementina 2007, Clementina 2009, Contessa, Delizia Forno, Divina 2003, Divina 2004, Divina 2005, Divina 2006, Divina 2007, Divina 2008, Divina Plus 2004, Divina Plus 2004, Divina Plus 2005, Divina Plus 2006, Divina Plus 2007, Divina Plus 2008, Divina Steel 2007, Divina Steel 2008, Duchessa Steel 2007, Duchessa Steel 2008, Ecofiamma, Ecologica 2003, Ecologica 2005, Ecologica 2006, Ecologica 2007, Ecologica 2008, Esmeralda 2007, Esmeralda 2008, Esmeralda Crystal 2007, Falo 1 Xlp 2006, Falo 1 Xlp 2007, Falo 1 Xlp 2008, Falo Cp 2005, Falo Cp 2006, Falo Cp 2007, Falo Cp 2008, Irina 2008, Isabella 2006, Isabella 2007, Isabella 2008, Karolina, Preziosa, Preziosa Steel 2008, Preziosa Steel 2009, Rosy 2009, Comfort Idro 2008, Comfort Idro 2009, Duchessa Idro Steel 2009, Ecologica Idro<\/p>","protected":false},"excerpt":{"rendered":"<hr \/>\n<p>Compatible avec le code original Nordica Extraflame <strong>Codice 2271001<\/strong><\/p>","protected":false},"featured_media":12725,"template":"","meta":[],"product_brand":[],"product_cat":[185,273,274,275,217,260,276,277,218,278,279,262,222,280,223,290,228,229,177,230,231,239,283,284,286,287,250,178],"product_tag":[],"class_list":{"0":"post-9027","1":"product","2":"type-product","3":"status-publish","4":"has-post-thumbnail","6":"product_cat-apparecchi-hydro-extraflame","7":"product_cat-babyfiamma","8":"product_cat-bella","9":"product_cat-bella-lux","10":"product_cat-clementina","11":"product_cat-comfort-idro","12":"product_cat-contessa","13":"product_cat-delizia-forno","14":"product_cat-divina","15":"product_cat-divina-plus","16":"product_cat-divina-steel","17":"product_cat-duchessa-idro-steel","18":"product_cat-duchessa-steel","19":"product_cat-ecofiamma","20":"product_cat-ecologica","21":"product_cat-ecologica-idro","22":"product_cat-esmeralda","23":"product_cat-esmeralda-crystal","24":"product_cat-extraflame","25":"product_cat-falo-1-xlp","26":"product_cat-falo-cp","27":"product_cat-irina","28":"product_cat-isabella","29":"product_cat-karolina","30":"product_cat-preziosa","31":"product_cat-preziosa-steel","32":"product_cat-rosy","33":"product_cat-stufe-a-pellet-extraflame","34":"product_shipping_class-classe-di-spedizione-02","36":"first","37":"instock","38":"taxable","39":"shipping-taxable","40":"purchasable","41":"product-type-simple"},"yoast_head":"<!-- This site is optimized with the Yoast SEO plugin v26.3 - https:\/\/yoast.com\/wordpress\/plugins\/seo\/ -->\n<title>Estrattore fumi per stufa a pellet Nordica Extraflame - Mack4Season<\/title>\n<meta name=\"description\" content=\"Estrattore fumi per stufa a pellet Nordica Extraflame, Ventilatore fumi per stufe e caldaie a pellet Nordica Extraflame\" \/>\n<meta name=\"robots\" content=\"index, follow, max-snippet:-1, max-image-preview:large, max-video-preview:-1\" \/>\n<link rel=\"canonical\" href=\"https:\/\/mack4seasons.com\/fr\/negozio\/extraflame\/apparecchi-hydro-extraflame\/comfort-idro\/estrattore-fumi-cod-2271001\/\" \/>\n<meta property=\"og:locale\" content=\"fr_FR\" \/>\n<meta property=\"og:type\" content=\"article\" \/>\n<meta property=\"og:title\" content=\"Estrattore fumi per stufa a pellet Nordica Extraflame - Mack4Season\" \/>\n<meta property=\"og:description\" content=\"Estrattore fumi per stufa a pellet Nordica Extraflame, Ventilatore fumi per stufe e caldaie a pellet Nordica Extraflame\" \/>\n<meta property=\"og:url\" content=\"https:\/\/mack4seasons.com\/fr\/negozio\/extraflame\/apparecchi-hydro-extraflame\/comfort-idro\/estrattore-fumi-cod-2271001\/\" \/>\n<meta property=\"og:site_name\" content=\"Mack4Season\" \/>\n<meta property=\"article:publisher\" content=\"https:\/\/www.facebook.com\/profile.php?id=100075990468585\" \/>\n<meta property=\"article:modified_time\" content=\"2022-12-14T09:32:15+00:00\" \/>\n<meta property=\"og:image\" content=\"https:\/\/mack4seasons.com\/wp-content\/uploads\/2021\/09\/w-SITO-VENT-CENT-02-M.jpg\" \/>\n\t<meta property=\"og:image:width\" content=\"960\" \/>\n\t<meta property=\"og:image:height\" content=\"960\" \/>\n\t<meta property=\"og:image:type\" content=\"image\/jpeg\" \/>\n<meta name=\"twitter:card\" content=\"summary_large_image\" \/>\n<script type=\"application\/ld+json\" class=\"yoast-schema-graph\">{\"@context\":\"https:\/\/schema.org\",\"@graph\":[{\"@type\":\"WebPage\",\"@id\":\"https:\/\/mack4seasons.com\/negozio\/extraflame\/apparecchi-hydro-extraflame\/comfort-idro\/estrattore-fumi-cod-2271001\/\",\"url\":\"https:\/\/mack4seasons.com\/negozio\/extraflame\/apparecchi-hydro-extraflame\/comfort-idro\/estrattore-fumi-cod-2271001\/\",\"name\":\"Estrattore fumi per stufa a pellet Nordica Extraflame - Mack4Season\",\"isPartOf\":{\"@id\":\"https:\/\/mack4seasons.com\/#website\"},\"primaryImageOfPage\":{\"@id\":\"https:\/\/mack4seasons.com\/negozio\/extraflame\/apparecchi-hydro-extraflame\/comfort-idro\/estrattore-fumi-cod-2271001\/#primaryimage\"},\"image\":{\"@id\":\"https:\/\/mack4seasons.com\/negozio\/extraflame\/apparecchi-hydro-extraflame\/comfort-idro\/estrattore-fumi-cod-2271001\/#primaryimage\"},\"thumbnailUrl\":\"https:\/\/mack4seasons.com\/wp-content\/uploads\/2021\/09\/w-SITO-VENT-CENT-02-M.jpg\",\"datePublished\":\"2021-01-07T12:43:00+00:00\",\"dateModified\":\"2022-12-14T09:32:15+00:00\",\"description\":\"Estrattore fumi per stufa a pellet Nordica Extraflame, Ventilatore fumi per stufe e caldaie a pellet Nordica Extraflame\",\"breadcrumb\":{\"@id\":\"https:\/\/mack4seasons.com\/negozio\/extraflame\/apparecchi-hydro-extraflame\/comfort-idro\/estrattore-fumi-cod-2271001\/#breadcrumb\"},\"inLanguage\":\"fr-FR\",\"potentialAction\":[{\"@type\":\"ReadAction\",\"target\":[\"https:\/\/mack4seasons.com\/negozio\/extraflame\/apparecchi-hydro-extraflame\/comfort-idro\/estrattore-fumi-cod-2271001\/\"]}]},{\"@type\":\"ImageObject\",\"inLanguage\":\"fr-FR\",\"@id\":\"https:\/\/mack4seasons.com\/negozio\/extraflame\/apparecchi-hydro-extraflame\/comfort-idro\/estrattore-fumi-cod-2271001\/#primaryimage\",\"url\":\"https:\/\/mack4seasons.com\/wp-content\/uploads\/2021\/09\/w-SITO-VENT-CENT-02-M.jpg\",\"contentUrl\":\"https:\/\/mack4seasons.com\/wp-content\/uploads\/2021\/09\/w-SITO-VENT-CENT-02-M.jpg\",\"width\":960,\"height\":960},{\"@type\":\"BreadcrumbList\",\"@id\":\"https:\/\/mack4seasons.com\/negozio\/extraflame\/apparecchi-hydro-extraflame\/comfort-idro\/estrattore-fumi-cod-2271001\/#breadcrumb\",\"itemListElement\":[{\"@type\":\"ListItem\",\"position\":1,\"name\":\"Home\",\"item\":\"https:\/\/mack4seasons.com\/ricambi-accessori-stufe-e-caldaie-pellet\/\"},{\"@type\":\"ListItem\",\"position\":2,\"name\":\"Shop\",\"item\":\"https:\/\/mack4seasons.com\/negozio\/\"},{\"@type\":\"ListItem\",\"position\":3,\"name\":\"Estrattore fumi per stufa a pellet Nordica Extraflame Codice 2271001\"}]},{\"@type\":\"WebSite\",\"@id\":\"https:\/\/mack4seasons.com\/#website\",\"url\":\"https:\/\/mack4seasons.com\/\",\"name\":\"Mack4Season\",\"description\":\"Per il comfort termico della tua casa\",\"publisher\":{\"@id\":\"https:\/\/mack4seasons.com\/#organization\"},\"potentialAction\":[{\"@type\":\"SearchAction\",\"target\":{\"@type\":\"EntryPoint\",\"urlTemplate\":\"https:\/\/mack4seasons.com\/?s={search_term_string}\"},\"query-input\":{\"@type\":\"PropertyValueSpecification\",\"valueRequired\":true,\"valueName\":\"search_term_string\"}}],\"inLanguage\":\"fr-FR\"},{\"@type\":\"Organization\",\"@id\":\"https:\/\/mack4seasons.com\/#organization\",\"name\":\"Mack4Season\",\"url\":\"https:\/\/mack4seasons.com\/\",\"logo\":{\"@type\":\"ImageObject\",\"inLanguage\":\"fr-FR\",\"@id\":\"https:\/\/mack4seasons.com\/#\/schema\/logo\/image\/\",\"url\":\"https:\/\/mack4seasons.com\/wp-content\/uploads\/2021\/06\/w-MACK-logo-pantone-02A19E.png\",\"contentUrl\":\"https:\/\/mack4seasons.com\/wp-content\/uploads\/2021\/06\/w-MACK-logo-pantone-02A19E.png\",\"width\":809,\"height\":425,\"caption\":\"Mack4Season\"},\"image\":{\"@id\":\"https:\/\/mack4seasons.com\/#\/schema\/logo\/image\/\"},\"sameAs\":[\"https:\/\/www.facebook.com\/profile.php?id=100075990468585\"]}]}<\/script>\n<!-- \/ Yoast SEO plugin. -->","yoast_head_json":{"title":"Estrattore fumi per stufa a pellet Nordica Extraflame - Mack4Season","description":"Estrattore fumi per stufa a pellet Nordica Extraflame, Ventilatore fumi per stufe e caldaie a pellet Nordica Extraflame","robots":{"index":"index","follow":"follow","max-snippet":"max-snippet:-1","max-image-preview":"max-image-preview:large","max-video-preview":"max-video-preview:-1"},"canonical":"https:\/\/mack4seasons.com\/fr\/negozio\/extraflame\/apparecchi-hydro-extraflame\/comfort-idro\/estrattore-fumi-cod-2271001\/","og_locale":"fr_FR","og_type":"article","og_title":"Estrattore fumi per stufa a pellet Nordica Extraflame - Mack4Season","og_description":"Estrattore fumi per stufa a pellet Nordica Extraflame, Ventilatore fumi per stufe e caldaie a pellet Nordica Extraflame","og_url":"https:\/\/mack4seasons.com\/fr\/negozio\/extraflame\/apparecchi-hydro-extraflame\/comfort-idro\/estrattore-fumi-cod-2271001\/","og_site_name":"Mack4Season","article_publisher":"https:\/\/www.facebook.com\/profile.php?id=100075990468585","article_modified_time":"2022-12-14T09:32:15+00:00","og_image":[{"width":960,"height":960,"url":"https:\/\/mack4seasons.com\/wp-content\/uploads\/2021\/09\/w-SITO-VENT-CENT-02-M.jpg","type":"image\/jpeg"}],"twitter_card":"summary_large_image","schema":{"@context":"https:\/\/schema.org","@graph":[{"@type":"WebPage","@id":"https:\/\/mack4seasons.com\/negozio\/extraflame\/apparecchi-hydro-extraflame\/comfort-idro\/estrattore-fumi-cod-2271001\/","url":"https:\/\/mack4seasons.com\/negozio\/extraflame\/apparecchi-hydro-extraflame\/comfort-idro\/estrattore-fumi-cod-2271001\/","name":"Estrattore fumi per stufa a pellet Nordica Extraflame - Mack4Season","isPartOf":{"@id":"https:\/\/mack4seasons.com\/#website"},"primaryImageOfPage":{"@id":"https:\/\/mack4seasons.com\/negozio\/extraflame\/apparecchi-hydro-extraflame\/comfort-idro\/estrattore-fumi-cod-2271001\/#primaryimage"},"image":{"@id":"https:\/\/mack4seasons.com\/negozio\/extraflame\/apparecchi-hydro-extraflame\/comfort-idro\/estrattore-fumi-cod-2271001\/#primaryimage"},"thumbnailUrl":"https:\/\/mack4seasons.com\/wp-content\/uploads\/2021\/09\/w-SITO-VENT-CENT-02-M.jpg","datePublished":"2021-01-07T12:43:00+00:00","dateModified":"2022-12-14T09:32:15+00:00","description":"Estrattore fumi per stufa a pellet Nordica Extraflame, Ventilatore fumi per stufe e caldaie a pellet Nordica Extraflame","breadcrumb":{"@id":"https:\/\/mack4seasons.com\/negozio\/extraflame\/apparecchi-hydro-extraflame\/comfort-idro\/estrattore-fumi-cod-2271001\/#breadcrumb"},"inLanguage":"fr-FR","potentialAction":[{"@type":"ReadAction","target":["https:\/\/mack4seasons.com\/negozio\/extraflame\/apparecchi-hydro-extraflame\/comfort-idro\/estrattore-fumi-cod-2271001\/"]}]},{"@type":"ImageObject","inLanguage":"fr-FR","@id":"https:\/\/mack4seasons.com\/negozio\/extraflame\/apparecchi-hydro-extraflame\/comfort-idro\/estrattore-fumi-cod-2271001\/#primaryimage","url":"https:\/\/mack4seasons.com\/wp-content\/uploads\/2021\/09\/w-SITO-VENT-CENT-02-M.jpg","contentUrl":"https:\/\/mack4seasons.com\/wp-content\/uploads\/2021\/09\/w-SITO-VENT-CENT-02-M.jpg","width":960,"height":960},{"@type":"BreadcrumbList","@id":"https:\/\/mack4seasons.com\/negozio\/extraflame\/apparecchi-hydro-extraflame\/comfort-idro\/estrattore-fumi-cod-2271001\/#breadcrumb","itemListElement":[{"@type":"ListItem","position":1,"name":"Home","item":"https:\/\/mack4seasons.com\/ricambi-accessori-stufe-e-caldaie-pellet\/"},{"@type":"ListItem","position":2,"name":"Shop","item":"https:\/\/mack4seasons.com\/negozio\/"},{"@type":"ListItem","position":3,"name":"Estrattore fumi per stufa a pellet Nordica Extraflame Codice 2271001"}]},{"@type":"WebSite","@id":"https:\/\/mack4seasons.com\/#website","url":"https:\/\/mack4seasons.com\/","name":"Mack4Season","description":"Pour le confort thermique de votre maison","publisher":{"@id":"https:\/\/mack4seasons.com\/#organization"},"potentialAction":[{"@type":"SearchAction","target":{"@type":"EntryPoint","urlTemplate":"https:\/\/mack4seasons.com\/?s={search_term_string}"},"query-input":{"@type":"PropertyValueSpecification","valueRequired":true,"valueName":"search_term_string"}}],"inLanguage":"fr-FR"},{"@type":"Organization","@id":"https:\/\/mack4seasons.com\/#organization","name":"Mack4Season","url":"https:\/\/mack4seasons.com\/","logo":{"@type":"ImageObject","inLanguage":"fr-FR","@id":"https:\/\/mack4seasons.com\/#\/schema\/logo\/image\/","url":"https:\/\/mack4seasons.com\/wp-content\/uploads\/2021\/06\/w-MACK-logo-pantone-02A19E.png","contentUrl":"https:\/\/mack4seasons.com\/wp-content\/uploads\/2021\/06\/w-MACK-logo-pantone-02A19E.png","width":809,"height":425,"caption":"Mack4Season"},"image":{"@id":"https:\/\/mack4seasons.com\/#\/schema\/logo\/image\/"},"sameAs":["https:\/\/www.facebook.com\/profile.php?id=100075990468585"]}]}},"_links":{"self":[{"href":"https:\/\/mack4seasons.com\/fr\/wp-json\/wp\/v2\/product\/9027","targetHints":{"allow":["GET"]}}],"collection":[{"href":"https:\/\/mack4seasons.com\/fr\/wp-json\/wp\/v2\/product"}],"about":[{"href":"https:\/\/mack4seasons.com\/fr\/wp-json\/wp\/v2\/types\/product"}],"wp:featuredmedia":[{"embeddable":true,"href":"https:\/\/mack4seasons.com\/fr\/wp-json\/wp\/v2\/media\/12725"}],"wp:attachment":[{"href":"https:\/\/mack4seasons.com\/fr\/wp-json\/wp\/v2\/media?parent=9027"}],"wp:term":[{"taxonomy":"product_brand","embeddable":true,"href":"https:\/\/mack4seasons.com\/fr\/wp-json\/wp\/v2\/product_brand?post=9027"},{"taxonomy":"product_cat","embeddable":true,"href":"https:\/\/mack4seasons.com\/fr\/wp-json\/wp\/v2\/product_cat?post=9027"},{"taxonomy":"product_tag","embeddable":true,"href":"https:\/\/mack4seasons.com\/fr\/wp-json\/wp\/v2\/product_tag?post=9027"}],"curies":[{"name":"wp","href":"https:\/\/api.w.org\/{rel}","templated":true}]}}