{"id":9026,"date":"2021-01-07T12:43:00","date_gmt":"2021-01-07T12:43:00","guid":{"rendered":"https:\/\/mack4seasons.com\/?post_type=product&#038;p=9026"},"modified":"2022-12-14T09:32:13","modified_gmt":"2022-12-14T09:32:13","slug":"sonda-ambiente-cod-2000570","status":"publish","type":"product","link":"https:\/\/mack4seasons.com\/fr\/negozio\/extraflame\/stufe-a-pellet-extraflame\/amika\/sonda-ambiente-cod-2000570\/","title":{"rendered":"Sonde d\u2019ambiance pour po\u00eale \u00e0 pellets Nordica Extraflame Code 2000570"},"content":{"rendered":"<hr \/>\n<h2>Sonde d\u2019ambiance pour po\u00eale \u00e0 pellets Nordica Extraflame<\/h2>\n<p>Codice 2000570<br \/>\n<strong> Pour les mod\u00e8les de po\u00eales \u00e0 granules Nordica Extraflame suivants : <\/strong>Amika, Annabella, Babyfiamma, Bella, Bella Lux, Clementina, Contessa, Delizia Forno, Divina , Divina Plus, Dorina, Dorothy, Duchessa, Duchessa Steel, Ecologica, Elisir, Elisir Crystal, Emma, Emma Plus, Esmeralda, Esmeralda Crystal, Falo 1 Xlp, Falo Cp, Giusy, Giusy Evo, Giusy Plus, Giusy Plus Evo, Glenda, Graziosa Lux, Graziosa Lux Plus, Graziosa Steel, Graziosa Steel Plus, Ilenia, Irina, Isabella, Karolina, Karolina Steel, Ketty, Ketty Evo, Lucia, Melinda Steel Air, Preziosa, Preziosa Steel, Rosy, Sibilia, Sibilia Plus, Souvenir Lux, Souvenir Steel, Teodora, Tosca Plus, Viviana, Viviana Plus, Ecologica Idro, Ecologica Idro, Ecologica Idro, Ecologica Idro, Ecologica Idro, Ecologica Idro, Ecologica Idro Steel, Giordana Idro, Iside Idro, Iside Idro 2.0, Melinda Idro, Melinda Idro, Melinda Idro, Melinda Idro Steel, Melinda Idro Steel, Melinda Idro Steel 2.0, Raffaella Idro, Raffaella Idro 2.0<\/p>","protected":false},"excerpt":{"rendered":"<hr \/>\n<p>Compatible avec le code original Nordica Extraflame <strong>Codice 2000570<\/strong><\/p>","protected":false},"featured_media":12739,"template":"","meta":[],"product_brand":[],"product_cat":[179,216,185,273,274,275,217,276,277,218,278,279,219,220,221,222,223,290,263,224,225,226,227,228,229,177,230,231,265,232,182,233,183,282,234,235,236,237,238,239,283,266,267,284,242,243,184,244,269,270,209,246,286,287,271,272,250,252,253,254,255,178,256,257,258,288],"product_tag":[],"class_list":{"0":"post-9026","1":"product","2":"type-product","3":"status-publish","4":"has-post-thumbnail","6":"product_cat-amika","7":"product_cat-annabella","8":"product_cat-apparecchi-hydro-extraflame","9":"product_cat-babyfiamma","10":"product_cat-bella","11":"product_cat-bella-lux","12":"product_cat-clementina","13":"product_cat-contessa","14":"product_cat-delizia-forno","15":"product_cat-divina","16":"product_cat-divina-plus","17":"product_cat-divina-steel","18":"product_cat-dorina","19":"product_cat-doroty","20":"product_cat-duchessa","21":"product_cat-duchessa-steel","22":"product_cat-ecologica","23":"product_cat-ecologica-idro","24":"product_cat-ecologica-idro-steel","25":"product_cat-elisir","26":"product_cat-elisir-crystal","27":"product_cat-emma","28":"product_cat-emma-plus","29":"product_cat-esmeralda","30":"product_cat-esmeralda-crystal","31":"product_cat-extraflame","32":"product_cat-falo-1-xlp","33":"product_cat-falo-cp","34":"product_cat-giordana-idro","35":"product_cat-giusy","36":"product_cat-giusy-evo","37":"product_cat-giusy-plus","38":"product_cat-giusy-plus-evo","39":"product_cat-glenda","40":"product_cat-graziosa-lux","41":"product_cat-graziosa-lux-plus","42":"product_cat-graziosa-steel","43":"product_cat-graziosa-steel-plus","44":"product_cat-ilenia","45":"product_cat-irina","46":"product_cat-isabella","47":"product_cat-iside-idro","48":"product_cat-iside-idro-2-0","49":"product_cat-karolina","50":"product_cat-karolina-steel","51":"product_cat-ketty","52":"product_cat-ketty-evo","53":"product_cat-lucia","54":"product_cat-melinda-idro","55":"product_cat-melinda-idro-steel","56":"product_cat-melinda-idro-steel-2-0","57":"product_cat-melinda-steel-air","58":"product_cat-preziosa","59":"product_cat-preziosa-steel","60":"product_cat-raffaella-idro","61":"product_cat-raffaella-idro-2-0","62":"product_cat-rosy","63":"product_cat-sibilia","64":"product_cat-sibilia-plus","65":"product_cat-souvenir-lux","66":"product_cat-souvenir-steel","67":"product_cat-stufe-a-pellet-extraflame","68":"product_cat-teodora","69":"product_cat-tosca-plus","70":"product_cat-viviana","71":"product_cat-viviana-plus","72":"product_shipping_class-classe-di-spedizione-01","74":"first","75":"instock","76":"taxable","77":"shipping-taxable","78":"purchasable","79":"product-type-simple"},"yoast_head":"<!-- This site is optimized with the Yoast SEO plugin v26.3 - https:\/\/yoast.com\/wordpress\/plugins\/seo\/ -->\n<title>Sonda ambiente per stufa a pellet Nordica Extraflame - Mack4Season<\/title>\n<meta name=\"description\" content=\"Sonda ambiente per stufe e caldaie a pellet Extraflame, Sonda termica per stufa a pellet Nordica Extraflame, Sonda aria per stufa a pellet\" \/>\n<meta name=\"robots\" content=\"index, follow, max-snippet:-1, max-image-preview:large, max-video-preview:-1\" \/>\n<link rel=\"canonical\" href=\"https:\/\/mack4seasons.com\/fr\/negozio\/extraflame\/apparecchi-hydro-extraflame\/melinda-idro-steel-2-0\/sonda-ambiente-cod-2000570\/\" \/>\n<meta property=\"og:locale\" content=\"fr_FR\" \/>\n<meta property=\"og:type\" content=\"article\" \/>\n<meta property=\"og:title\" content=\"Sonda ambiente per stufa a pellet Nordica Extraflame - Mack4Season\" \/>\n<meta property=\"og:description\" content=\"Sonda ambiente per stufe e caldaie a pellet Extraflame, Sonda termica per stufa a pellet Nordica Extraflame, Sonda aria per stufa a pellet\" \/>\n<meta property=\"og:url\" content=\"https:\/\/mack4seasons.com\/fr\/negozio\/extraflame\/apparecchi-hydro-extraflame\/melinda-idro-steel-2-0\/sonda-ambiente-cod-2000570\/\" \/>\n<meta property=\"og:site_name\" content=\"Mack4Season\" \/>\n<meta property=\"article:publisher\" content=\"https:\/\/www.facebook.com\/profile.php?id=100075990468585\" \/>\n<meta property=\"article:modified_time\" content=\"2022-12-14T09:32:13+00:00\" \/>\n<meta property=\"og:image\" content=\"https:\/\/mack4seasons.com\/wp-content\/uploads\/2021\/09\/w-SITO-SONDE-AMB-03-M.jpg\" \/>\n\t<meta property=\"og:image:width\" content=\"960\" \/>\n\t<meta property=\"og:image:height\" content=\"960\" \/>\n\t<meta property=\"og:image:type\" content=\"image\/jpeg\" \/>\n<meta name=\"twitter:card\" content=\"summary_large_image\" \/>\n<meta name=\"twitter:label1\" content=\"Dur\u00e9e de lecture estim\u00e9e\" \/>\n\t<meta name=\"twitter:data1\" content=\"1 minute\" \/>\n<script type=\"application\/ld+json\" class=\"yoast-schema-graph\">{\"@context\":\"https:\/\/schema.org\",\"@graph\":[{\"@type\":\"WebPage\",\"@id\":\"https:\/\/mack4seasons.com\/negozio\/extraflame\/apparecchi-hydro-extraflame\/melinda-idro-steel-2-0\/sonda-ambiente-cod-2000570\/\",\"url\":\"https:\/\/mack4seasons.com\/negozio\/extraflame\/apparecchi-hydro-extraflame\/melinda-idro-steel-2-0\/sonda-ambiente-cod-2000570\/\",\"name\":\"Sonda ambiente per stufa a pellet Nordica Extraflame - Mack4Season\",\"isPartOf\":{\"@id\":\"https:\/\/mack4seasons.com\/#website\"},\"primaryImageOfPage\":{\"@id\":\"https:\/\/mack4seasons.com\/negozio\/extraflame\/apparecchi-hydro-extraflame\/melinda-idro-steel-2-0\/sonda-ambiente-cod-2000570\/#primaryimage\"},\"image\":{\"@id\":\"https:\/\/mack4seasons.com\/negozio\/extraflame\/apparecchi-hydro-extraflame\/melinda-idro-steel-2-0\/sonda-ambiente-cod-2000570\/#primaryimage\"},\"thumbnailUrl\":\"https:\/\/mack4seasons.com\/wp-content\/uploads\/2021\/09\/w-SITO-SONDE-AMB-03-M.jpg\",\"datePublished\":\"2021-01-07T12:43:00+00:00\",\"dateModified\":\"2022-12-14T09:32:13+00:00\",\"description\":\"Sonda ambiente per stufe e caldaie a pellet Extraflame, Sonda termica per stufa a pellet Nordica Extraflame, Sonda aria per stufa a pellet\",\"breadcrumb\":{\"@id\":\"https:\/\/mack4seasons.com\/negozio\/extraflame\/apparecchi-hydro-extraflame\/melinda-idro-steel-2-0\/sonda-ambiente-cod-2000570\/#breadcrumb\"},\"inLanguage\":\"fr-FR\",\"potentialAction\":[{\"@type\":\"ReadAction\",\"target\":[\"https:\/\/mack4seasons.com\/negozio\/extraflame\/apparecchi-hydro-extraflame\/melinda-idro-steel-2-0\/sonda-ambiente-cod-2000570\/\"]}]},{\"@type\":\"ImageObject\",\"inLanguage\":\"fr-FR\",\"@id\":\"https:\/\/mack4seasons.com\/negozio\/extraflame\/apparecchi-hydro-extraflame\/melinda-idro-steel-2-0\/sonda-ambiente-cod-2000570\/#primaryimage\",\"url\":\"https:\/\/mack4seasons.com\/wp-content\/uploads\/2021\/09\/w-SITO-SONDE-AMB-03-M.jpg\",\"contentUrl\":\"https:\/\/mack4seasons.com\/wp-content\/uploads\/2021\/09\/w-SITO-SONDE-AMB-03-M.jpg\",\"width\":960,\"height\":960},{\"@type\":\"BreadcrumbList\",\"@id\":\"https:\/\/mack4seasons.com\/negozio\/extraflame\/apparecchi-hydro-extraflame\/melinda-idro-steel-2-0\/sonda-ambiente-cod-2000570\/#breadcrumb\",\"itemListElement\":[{\"@type\":\"ListItem\",\"position\":1,\"name\":\"Home\",\"item\":\"https:\/\/mack4seasons.com\/ricambi-accessori-stufe-e-caldaie-pellet\/\"},{\"@type\":\"ListItem\",\"position\":2,\"name\":\"Shop\",\"item\":\"https:\/\/mack4seasons.com\/negozio\/\"},{\"@type\":\"ListItem\",\"position\":3,\"name\":\"Sonda ambiente per stufa a pellet Nordica Extraflame Codice 2000570\"}]},{\"@type\":\"WebSite\",\"@id\":\"https:\/\/mack4seasons.com\/#website\",\"url\":\"https:\/\/mack4seasons.com\/\",\"name\":\"Mack4Season\",\"description\":\"Per il comfort termico della tua casa\",\"publisher\":{\"@id\":\"https:\/\/mack4seasons.com\/#organization\"},\"potentialAction\":[{\"@type\":\"SearchAction\",\"target\":{\"@type\":\"EntryPoint\",\"urlTemplate\":\"https:\/\/mack4seasons.com\/?s={search_term_string}\"},\"query-input\":{\"@type\":\"PropertyValueSpecification\",\"valueRequired\":true,\"valueName\":\"search_term_string\"}}],\"inLanguage\":\"fr-FR\"},{\"@type\":\"Organization\",\"@id\":\"https:\/\/mack4seasons.com\/#organization\",\"name\":\"Mack4Season\",\"url\":\"https:\/\/mack4seasons.com\/\",\"logo\":{\"@type\":\"ImageObject\",\"inLanguage\":\"fr-FR\",\"@id\":\"https:\/\/mack4seasons.com\/#\/schema\/logo\/image\/\",\"url\":\"https:\/\/mack4seasons.com\/wp-content\/uploads\/2021\/06\/w-MACK-logo-pantone-02A19E.png\",\"contentUrl\":\"https:\/\/mack4seasons.com\/wp-content\/uploads\/2021\/06\/w-MACK-logo-pantone-02A19E.png\",\"width\":809,\"height\":425,\"caption\":\"Mack4Season\"},\"image\":{\"@id\":\"https:\/\/mack4seasons.com\/#\/schema\/logo\/image\/\"},\"sameAs\":[\"https:\/\/www.facebook.com\/profile.php?id=100075990468585\"]}]}<\/script>\n<!-- \/ Yoast SEO plugin. -->","yoast_head_json":{"title":"Sonda ambiente per stufa a pellet Nordica Extraflame - Mack4Season","description":"Sonda ambiente per stufe e caldaie a pellet Extraflame, Sonda termica per stufa a pellet Nordica Extraflame, Sonda aria per stufa a pellet","robots":{"index":"index","follow":"follow","max-snippet":"max-snippet:-1","max-image-preview":"max-image-preview:large","max-video-preview":"max-video-preview:-1"},"canonical":"https:\/\/mack4seasons.com\/fr\/negozio\/extraflame\/apparecchi-hydro-extraflame\/melinda-idro-steel-2-0\/sonda-ambiente-cod-2000570\/","og_locale":"fr_FR","og_type":"article","og_title":"Sonda ambiente per stufa a pellet Nordica Extraflame - Mack4Season","og_description":"Sonda ambiente per stufe e caldaie a pellet Extraflame, Sonda termica per stufa a pellet Nordica Extraflame, Sonda aria per stufa a pellet","og_url":"https:\/\/mack4seasons.com\/fr\/negozio\/extraflame\/apparecchi-hydro-extraflame\/melinda-idro-steel-2-0\/sonda-ambiente-cod-2000570\/","og_site_name":"Mack4Season","article_publisher":"https:\/\/www.facebook.com\/profile.php?id=100075990468585","article_modified_time":"2022-12-14T09:32:13+00:00","og_image":[{"width":960,"height":960,"url":"https:\/\/mack4seasons.com\/wp-content\/uploads\/2021\/09\/w-SITO-SONDE-AMB-03-M.jpg","type":"image\/jpeg"}],"twitter_card":"summary_large_image","twitter_misc":{"Dur\u00e9e de lecture estim\u00e9e":"1 minute"},"schema":{"@context":"https:\/\/schema.org","@graph":[{"@type":"WebPage","@id":"https:\/\/mack4seasons.com\/negozio\/extraflame\/apparecchi-hydro-extraflame\/melinda-idro-steel-2-0\/sonda-ambiente-cod-2000570\/","url":"https:\/\/mack4seasons.com\/negozio\/extraflame\/apparecchi-hydro-extraflame\/melinda-idro-steel-2-0\/sonda-ambiente-cod-2000570\/","name":"Sonda ambiente per stufa a pellet Nordica Extraflame - Mack4Season","isPartOf":{"@id":"https:\/\/mack4seasons.com\/#website"},"primaryImageOfPage":{"@id":"https:\/\/mack4seasons.com\/negozio\/extraflame\/apparecchi-hydro-extraflame\/melinda-idro-steel-2-0\/sonda-ambiente-cod-2000570\/#primaryimage"},"image":{"@id":"https:\/\/mack4seasons.com\/negozio\/extraflame\/apparecchi-hydro-extraflame\/melinda-idro-steel-2-0\/sonda-ambiente-cod-2000570\/#primaryimage"},"thumbnailUrl":"https:\/\/mack4seasons.com\/wp-content\/uploads\/2021\/09\/w-SITO-SONDE-AMB-03-M.jpg","datePublished":"2021-01-07T12:43:00+00:00","dateModified":"2022-12-14T09:32:13+00:00","description":"Sonda ambiente per stufe e caldaie a pellet Extraflame, Sonda termica per stufa a pellet Nordica Extraflame, Sonda aria per stufa a pellet","breadcrumb":{"@id":"https:\/\/mack4seasons.com\/negozio\/extraflame\/apparecchi-hydro-extraflame\/melinda-idro-steel-2-0\/sonda-ambiente-cod-2000570\/#breadcrumb"},"inLanguage":"fr-FR","potentialAction":[{"@type":"ReadAction","target":["https:\/\/mack4seasons.com\/negozio\/extraflame\/apparecchi-hydro-extraflame\/melinda-idro-steel-2-0\/sonda-ambiente-cod-2000570\/"]}]},{"@type":"ImageObject","inLanguage":"fr-FR","@id":"https:\/\/mack4seasons.com\/negozio\/extraflame\/apparecchi-hydro-extraflame\/melinda-idro-steel-2-0\/sonda-ambiente-cod-2000570\/#primaryimage","url":"https:\/\/mack4seasons.com\/wp-content\/uploads\/2021\/09\/w-SITO-SONDE-AMB-03-M.jpg","contentUrl":"https:\/\/mack4seasons.com\/wp-content\/uploads\/2021\/09\/w-SITO-SONDE-AMB-03-M.jpg","width":960,"height":960},{"@type":"BreadcrumbList","@id":"https:\/\/mack4seasons.com\/negozio\/extraflame\/apparecchi-hydro-extraflame\/melinda-idro-steel-2-0\/sonda-ambiente-cod-2000570\/#breadcrumb","itemListElement":[{"@type":"ListItem","position":1,"name":"Home","item":"https:\/\/mack4seasons.com\/ricambi-accessori-stufe-e-caldaie-pellet\/"},{"@type":"ListItem","position":2,"name":"Shop","item":"https:\/\/mack4seasons.com\/negozio\/"},{"@type":"ListItem","position":3,"name":"Sonda ambiente per stufa a pellet Nordica Extraflame Codice 2000570"}]},{"@type":"WebSite","@id":"https:\/\/mack4seasons.com\/#website","url":"https:\/\/mack4seasons.com\/","name":"Mack4Season","description":"Pour le confort thermique de votre maison","publisher":{"@id":"https:\/\/mack4seasons.com\/#organization"},"potentialAction":[{"@type":"SearchAction","target":{"@type":"EntryPoint","urlTemplate":"https:\/\/mack4seasons.com\/?s={search_term_string}"},"query-input":{"@type":"PropertyValueSpecification","valueRequired":true,"valueName":"search_term_string"}}],"inLanguage":"fr-FR"},{"@type":"Organization","@id":"https:\/\/mack4seasons.com\/#organization","name":"Mack4Season","url":"https:\/\/mack4seasons.com\/","logo":{"@type":"ImageObject","inLanguage":"fr-FR","@id":"https:\/\/mack4seasons.com\/#\/schema\/logo\/image\/","url":"https:\/\/mack4seasons.com\/wp-content\/uploads\/2021\/06\/w-MACK-logo-pantone-02A19E.png","contentUrl":"https:\/\/mack4seasons.com\/wp-content\/uploads\/2021\/06\/w-MACK-logo-pantone-02A19E.png","width":809,"height":425,"caption":"Mack4Season"},"image":{"@id":"https:\/\/mack4seasons.com\/#\/schema\/logo\/image\/"},"sameAs":["https:\/\/www.facebook.com\/profile.php?id=100075990468585"]}]}},"_links":{"self":[{"href":"https:\/\/mack4seasons.com\/fr\/wp-json\/wp\/v2\/product\/9026","targetHints":{"allow":["GET"]}}],"collection":[{"href":"https:\/\/mack4seasons.com\/fr\/wp-json\/wp\/v2\/product"}],"about":[{"href":"https:\/\/mack4seasons.com\/fr\/wp-json\/wp\/v2\/types\/product"}],"wp:featuredmedia":[{"embeddable":true,"href":"https:\/\/mack4seasons.com\/fr\/wp-json\/wp\/v2\/media\/12739"}],"wp:attachment":[{"href":"https:\/\/mack4seasons.com\/fr\/wp-json\/wp\/v2\/media?parent=9026"}],"wp:term":[{"taxonomy":"product_brand","embeddable":true,"href":"https:\/\/mack4seasons.com\/fr\/wp-json\/wp\/v2\/product_brand?post=9026"},{"taxonomy":"product_cat","embeddable":true,"href":"https:\/\/mack4seasons.com\/fr\/wp-json\/wp\/v2\/product_cat?post=9026"},{"taxonomy":"product_tag","embeddable":true,"href":"https:\/\/mack4seasons.com\/fr\/wp-json\/wp\/v2\/product_tag?post=9026"}],"curies":[{"name":"wp","href":"https:\/\/api.w.org\/{rel}","templated":true}]}}