{"id":9013,"date":"2021-01-07T12:42:00","date_gmt":"2021-01-07T12:42:00","guid":{"rendered":"https:\/\/mack4seasons.com\/?post_type=product&#038;p=9013"},"modified":"2022-12-14T09:32:06","modified_gmt":"2022-12-14T09:32:06","slug":"cavo-alimentazione-cod-2270002","status":"publish","type":"product","link":"https:\/\/mack4seasons.com\/fr\/negozio\/extraflame\/stufe-a-pellet-extraflame\/angela\/cavo-alimentazione-cod-2270002\/","title":{"rendered":"C\u00e2ble d\u2019alimentation pour po\u00eale \u00e0 pellets Nordica Extraflame code 2270002"},"content":{"rendered":"<hr \/>\n<h2>C\u00e2ble d\u2019alimentation pour po\u00eale \u00e0 pellets Nordica Extraflame<\/h2>\n<p>Codice 2270002<br \/>\n<strong> Pour les mod\u00e8les de po\u00eales \u00e0 granules Nordica Extraflame suivants : <\/strong> Angela, Angela Plus, Angela Plus Sp, Angela Plus Evo, Babyfiamma, Bella, Bella Lux, Clementina, Contessa, Debby Cx, Divina, Divina Plus, Divina Steel, Dorina, Doroty, Duchessa, Duchessa Steel, Ecologica, Elisir, Elisir Crystal, Emma, Emma Plus, Esmeralda, Esmeralda Crystal, Falo 1 Xlp, Falo Cp, Giusy, Giusy Plus, Graziosa Lux, Graziosa Lux Plus, Graziosa Steel, Graziosa Steel Plus, Irina, Irma, Isabella, Karolina, Ketty, Lucia Plus, Melinda Steel Air, Preziosa, Preziosa Steel, Rosy, Souvenir Lux, Souvenir Steel, Teodora, Tosca Plus, Viviana, Viviana Plus, Comfort Idro, Diadema Idro, Diadema ACS Idro, Duchessa Idro, Duchessa Idro Steel, Ecologica Idro, Ecologica Idro Steel, Elisir Idro, Fiandra Idro, Giordana Idro, Iside Idro, Liliana Idro, Lucrezia Idro, HP 15, HP 22, HP 30, LP 14, LP 20, LP 30<\/p>","protected":false},"excerpt":{"rendered":"<hr \/>\n<p>Compatible avec le code original Nordica Extraflame <strong>Codice 2270002<\/strong><\/p>","protected":false},"featured_media":12806,"template":"","meta":[],"product_brand":[],"product_cat":[194,196,199,197,185,273,274,275,189,217,260,276,181,206,205,218,278,279,219,220,221,261,262,222,223,290,263,224,225,226,227,228,229,177,230,231,291,265,232,233,234,235,236,237,296,297,191,239,240,283,266,284,243,207,294,295,298,213,292,246,286,287,250,254,255,178,256,257,258,288],"product_tag":[],"class_list":{"0":"post-9013","1":"product","2":"type-product","3":"status-publish","4":"has-post-thumbnail","6":"product_cat-angela","7":"product_cat-angela-plus","8":"product_cat-angela-plus-evo","9":"product_cat-angela-plus-sp","10":"product_cat-apparecchi-hydro-extraflame","11":"product_cat-babyfiamma","12":"product_cat-bella","13":"product_cat-bella-lux","14":"product_cat-caldaie-extraflame","15":"product_cat-clementina","16":"product_cat-comfort-idro","17":"product_cat-contessa","18":"product_cat-debby-cx","19":"product_cat-diadema-acs-idro","20":"product_cat-diadema-idro","21":"product_cat-divina","22":"product_cat-divina-plus","23":"product_cat-divina-steel","24":"product_cat-dorina","25":"product_cat-doroty","26":"product_cat-duchessa","27":"product_cat-duchessa-idro","28":"product_cat-duchessa-idro-steel","29":"product_cat-duchessa-steel","30":"product_cat-ecologica","31":"product_cat-ecologica-idro","32":"product_cat-ecologica-idro-steel","33":"product_cat-elisir","34":"product_cat-elisir-crystal","35":"product_cat-emma","36":"product_cat-emma-plus","37":"product_cat-esmeralda","38":"product_cat-esmeralda-crystal","39":"product_cat-extraflame","40":"product_cat-falo-1-xlp","41":"product_cat-falo-cp","42":"product_cat-fiandra-idro","43":"product_cat-giordana-idro","44":"product_cat-giusy","45":"product_cat-giusy-plus","46":"product_cat-graziosa-lux","47":"product_cat-graziosa-lux-plus","48":"product_cat-graziosa-steel","49":"product_cat-graziosa-steel-plus","50":"product_cat-hp-15","51":"product_cat-hp-22","52":"product_cat-hp-30","53":"product_cat-irina","54":"product_cat-irma","55":"product_cat-isabella","56":"product_cat-iside-idro","57":"product_cat-karolina","58":"product_cat-ketty","59":"product_cat-liliana-idro","60":"product_cat-lp-14","61":"product_cat-lp-20","62":"product_cat-lp-30","63":"product_cat-lucia-plus","64":"product_cat-lucrezia-idro","65":"product_cat-melinda-steel-air","66":"product_cat-preziosa","67":"product_cat-preziosa-steel","68":"product_cat-rosy","69":"product_cat-souvenir-lux","70":"product_cat-souvenir-steel","71":"product_cat-stufe-a-pellet-extraflame","72":"product_cat-teodora","73":"product_cat-tosca-plus","74":"product_cat-viviana","75":"product_cat-viviana-plus","76":"product_shipping_class-classe-di-spedizione-01","78":"first","79":"instock","80":"taxable","81":"shipping-taxable","82":"purchasable","83":"product-type-simple"},"yoast_head":"<!-- This site is optimized with the Yoast SEO plugin v26.3 - https:\/\/yoast.com\/wordpress\/plugins\/seo\/ -->\n<title>Cavo alimentazione per stufa a pellet Nordica Extraflame - Mack4Season<\/title>\n<meta name=\"description\" content=\"Cavo alimentazione per stufe e termosufe a pellet Nordica , Cavo elettrico con spina schuko per stufe e caldaie a pellet Nordica Extraflame\" \/>\n<meta name=\"robots\" content=\"index, follow, max-snippet:-1, max-image-preview:large, max-video-preview:-1\" \/>\n<link rel=\"canonical\" href=\"https:\/\/mack4seasons.com\/fr\/negozio\/extraflame\/caldaie-extraflame\/hp-30\/cavo-alimentazione-cod-2270002\/\" \/>\n<meta property=\"og:locale\" content=\"fr_FR\" \/>\n<meta property=\"og:type\" content=\"article\" \/>\n<meta property=\"og:title\" content=\"Cavo alimentazione per stufa a pellet Nordica Extraflame - Mack4Season\" \/>\n<meta property=\"og:description\" content=\"Cavo alimentazione per stufe e termosufe a pellet Nordica , Cavo elettrico con spina schuko per stufe e caldaie a pellet Nordica Extraflame\" \/>\n<meta property=\"og:url\" content=\"https:\/\/mack4seasons.com\/fr\/negozio\/extraflame\/caldaie-extraflame\/hp-30\/cavo-alimentazione-cod-2270002\/\" \/>\n<meta property=\"og:site_name\" content=\"Mack4Season\" \/>\n<meta property=\"article:publisher\" content=\"https:\/\/www.facebook.com\/profile.php?id=100075990468585\" \/>\n<meta property=\"article:modified_time\" content=\"2022-12-14T09:32:06+00:00\" \/>\n<meta property=\"og:image\" content=\"https:\/\/mack4seasons.com\/wp-content\/uploads\/2021\/09\/w-SITO-MINERA-03-M.jpg\" \/>\n\t<meta property=\"og:image:width\" content=\"960\" \/>\n\t<meta property=\"og:image:height\" content=\"960\" \/>\n\t<meta property=\"og:image:type\" content=\"image\/jpeg\" \/>\n<meta name=\"twitter:card\" content=\"summary_large_image\" \/>\n<meta name=\"twitter:label1\" content=\"Dur\u00e9e de lecture estim\u00e9e\" \/>\n\t<meta name=\"twitter:data1\" content=\"1 minute\" \/>\n<script type=\"application\/ld+json\" class=\"yoast-schema-graph\">{\"@context\":\"https:\/\/schema.org\",\"@graph\":[{\"@type\":\"WebPage\",\"@id\":\"https:\/\/mack4seasons.com\/negozio\/extraflame\/caldaie-extraflame\/hp-30\/cavo-alimentazione-cod-2270002\/\",\"url\":\"https:\/\/mack4seasons.com\/negozio\/extraflame\/caldaie-extraflame\/hp-30\/cavo-alimentazione-cod-2270002\/\",\"name\":\"Cavo alimentazione per stufa a pellet Nordica Extraflame - Mack4Season\",\"isPartOf\":{\"@id\":\"https:\/\/mack4seasons.com\/#website\"},\"primaryImageOfPage\":{\"@id\":\"https:\/\/mack4seasons.com\/negozio\/extraflame\/caldaie-extraflame\/hp-30\/cavo-alimentazione-cod-2270002\/#primaryimage\"},\"image\":{\"@id\":\"https:\/\/mack4seasons.com\/negozio\/extraflame\/caldaie-extraflame\/hp-30\/cavo-alimentazione-cod-2270002\/#primaryimage\"},\"thumbnailUrl\":\"https:\/\/mack4seasons.com\/wp-content\/uploads\/2021\/09\/w-SITO-MINERA-03-M.jpg\",\"datePublished\":\"2021-01-07T12:42:00+00:00\",\"dateModified\":\"2022-12-14T09:32:06+00:00\",\"description\":\"Cavo alimentazione per stufe e termosufe a pellet Nordica , Cavo elettrico con spina schuko per stufe e caldaie a pellet Nordica Extraflame\",\"breadcrumb\":{\"@id\":\"https:\/\/mack4seasons.com\/negozio\/extraflame\/caldaie-extraflame\/hp-30\/cavo-alimentazione-cod-2270002\/#breadcrumb\"},\"inLanguage\":\"fr-FR\",\"potentialAction\":[{\"@type\":\"ReadAction\",\"target\":[\"https:\/\/mack4seasons.com\/negozio\/extraflame\/caldaie-extraflame\/hp-30\/cavo-alimentazione-cod-2270002\/\"]}]},{\"@type\":\"ImageObject\",\"inLanguage\":\"fr-FR\",\"@id\":\"https:\/\/mack4seasons.com\/negozio\/extraflame\/caldaie-extraflame\/hp-30\/cavo-alimentazione-cod-2270002\/#primaryimage\",\"url\":\"https:\/\/mack4seasons.com\/wp-content\/uploads\/2021\/09\/w-SITO-MINERA-03-M.jpg\",\"contentUrl\":\"https:\/\/mack4seasons.com\/wp-content\/uploads\/2021\/09\/w-SITO-MINERA-03-M.jpg\",\"width\":960,\"height\":960},{\"@type\":\"BreadcrumbList\",\"@id\":\"https:\/\/mack4seasons.com\/negozio\/extraflame\/caldaie-extraflame\/hp-30\/cavo-alimentazione-cod-2270002\/#breadcrumb\",\"itemListElement\":[{\"@type\":\"ListItem\",\"position\":1,\"name\":\"Home\",\"item\":\"https:\/\/mack4seasons.com\/ricambi-accessori-stufe-e-caldaie-pellet\/\"},{\"@type\":\"ListItem\",\"position\":2,\"name\":\"Shop\",\"item\":\"https:\/\/mack4seasons.com\/negozio\/\"},{\"@type\":\"ListItem\",\"position\":3,\"name\":\"Cavo alimentazione per stufa a pellet Nordica Extraflame Codice 2270002\"}]},{\"@type\":\"WebSite\",\"@id\":\"https:\/\/mack4seasons.com\/#website\",\"url\":\"https:\/\/mack4seasons.com\/\",\"name\":\"Mack4Season\",\"description\":\"Per il comfort termico della tua casa\",\"publisher\":{\"@id\":\"https:\/\/mack4seasons.com\/#organization\"},\"potentialAction\":[{\"@type\":\"SearchAction\",\"target\":{\"@type\":\"EntryPoint\",\"urlTemplate\":\"https:\/\/mack4seasons.com\/?s={search_term_string}\"},\"query-input\":{\"@type\":\"PropertyValueSpecification\",\"valueRequired\":true,\"valueName\":\"search_term_string\"}}],\"inLanguage\":\"fr-FR\"},{\"@type\":\"Organization\",\"@id\":\"https:\/\/mack4seasons.com\/#organization\",\"name\":\"Mack4Season\",\"url\":\"https:\/\/mack4seasons.com\/\",\"logo\":{\"@type\":\"ImageObject\",\"inLanguage\":\"fr-FR\",\"@id\":\"https:\/\/mack4seasons.com\/#\/schema\/logo\/image\/\",\"url\":\"https:\/\/mack4seasons.com\/wp-content\/uploads\/2021\/06\/w-MACK-logo-pantone-02A19E.png\",\"contentUrl\":\"https:\/\/mack4seasons.com\/wp-content\/uploads\/2021\/06\/w-MACK-logo-pantone-02A19E.png\",\"width\":809,\"height\":425,\"caption\":\"Mack4Season\"},\"image\":{\"@id\":\"https:\/\/mack4seasons.com\/#\/schema\/logo\/image\/\"},\"sameAs\":[\"https:\/\/www.facebook.com\/profile.php?id=100075990468585\"]}]}<\/script>\n<!-- \/ Yoast SEO plugin. -->","yoast_head_json":{"title":"Cavo alimentazione per stufa a pellet Nordica Extraflame - Mack4Season","description":"Cavo alimentazione per stufe e termosufe a pellet Nordica , Cavo elettrico con spina schuko per stufe e caldaie a pellet Nordica Extraflame","robots":{"index":"index","follow":"follow","max-snippet":"max-snippet:-1","max-image-preview":"max-image-preview:large","max-video-preview":"max-video-preview:-1"},"canonical":"https:\/\/mack4seasons.com\/fr\/negozio\/extraflame\/caldaie-extraflame\/hp-30\/cavo-alimentazione-cod-2270002\/","og_locale":"fr_FR","og_type":"article","og_title":"Cavo alimentazione per stufa a pellet Nordica Extraflame - Mack4Season","og_description":"Cavo alimentazione per stufe e termosufe a pellet Nordica , Cavo elettrico con spina schuko per stufe e caldaie a pellet Nordica Extraflame","og_url":"https:\/\/mack4seasons.com\/fr\/negozio\/extraflame\/caldaie-extraflame\/hp-30\/cavo-alimentazione-cod-2270002\/","og_site_name":"Mack4Season","article_publisher":"https:\/\/www.facebook.com\/profile.php?id=100075990468585","article_modified_time":"2022-12-14T09:32:06+00:00","og_image":[{"width":960,"height":960,"url":"https:\/\/mack4seasons.com\/wp-content\/uploads\/2021\/09\/w-SITO-MINERA-03-M.jpg","type":"image\/jpeg"}],"twitter_card":"summary_large_image","twitter_misc":{"Dur\u00e9e de lecture estim\u00e9e":"1 minute"},"schema":{"@context":"https:\/\/schema.org","@graph":[{"@type":"WebPage","@id":"https:\/\/mack4seasons.com\/negozio\/extraflame\/caldaie-extraflame\/hp-30\/cavo-alimentazione-cod-2270002\/","url":"https:\/\/mack4seasons.com\/negozio\/extraflame\/caldaie-extraflame\/hp-30\/cavo-alimentazione-cod-2270002\/","name":"Cavo alimentazione per stufa a pellet Nordica Extraflame - Mack4Season","isPartOf":{"@id":"https:\/\/mack4seasons.com\/#website"},"primaryImageOfPage":{"@id":"https:\/\/mack4seasons.com\/negozio\/extraflame\/caldaie-extraflame\/hp-30\/cavo-alimentazione-cod-2270002\/#primaryimage"},"image":{"@id":"https:\/\/mack4seasons.com\/negozio\/extraflame\/caldaie-extraflame\/hp-30\/cavo-alimentazione-cod-2270002\/#primaryimage"},"thumbnailUrl":"https:\/\/mack4seasons.com\/wp-content\/uploads\/2021\/09\/w-SITO-MINERA-03-M.jpg","datePublished":"2021-01-07T12:42:00+00:00","dateModified":"2022-12-14T09:32:06+00:00","description":"Cavo alimentazione per stufe e termosufe a pellet Nordica , Cavo elettrico con spina schuko per stufe e caldaie a pellet Nordica Extraflame","breadcrumb":{"@id":"https:\/\/mack4seasons.com\/negozio\/extraflame\/caldaie-extraflame\/hp-30\/cavo-alimentazione-cod-2270002\/#breadcrumb"},"inLanguage":"fr-FR","potentialAction":[{"@type":"ReadAction","target":["https:\/\/mack4seasons.com\/negozio\/extraflame\/caldaie-extraflame\/hp-30\/cavo-alimentazione-cod-2270002\/"]}]},{"@type":"ImageObject","inLanguage":"fr-FR","@id":"https:\/\/mack4seasons.com\/negozio\/extraflame\/caldaie-extraflame\/hp-30\/cavo-alimentazione-cod-2270002\/#primaryimage","url":"https:\/\/mack4seasons.com\/wp-content\/uploads\/2021\/09\/w-SITO-MINERA-03-M.jpg","contentUrl":"https:\/\/mack4seasons.com\/wp-content\/uploads\/2021\/09\/w-SITO-MINERA-03-M.jpg","width":960,"height":960},{"@type":"BreadcrumbList","@id":"https:\/\/mack4seasons.com\/negozio\/extraflame\/caldaie-extraflame\/hp-30\/cavo-alimentazione-cod-2270002\/#breadcrumb","itemListElement":[{"@type":"ListItem","position":1,"name":"Home","item":"https:\/\/mack4seasons.com\/ricambi-accessori-stufe-e-caldaie-pellet\/"},{"@type":"ListItem","position":2,"name":"Shop","item":"https:\/\/mack4seasons.com\/negozio\/"},{"@type":"ListItem","position":3,"name":"Cavo alimentazione per stufa a pellet Nordica Extraflame Codice 2270002"}]},{"@type":"WebSite","@id":"https:\/\/mack4seasons.com\/#website","url":"https:\/\/mack4seasons.com\/","name":"Mack4Season","description":"Pour le confort thermique de votre maison","publisher":{"@id":"https:\/\/mack4seasons.com\/#organization"},"potentialAction":[{"@type":"SearchAction","target":{"@type":"EntryPoint","urlTemplate":"https:\/\/mack4seasons.com\/?s={search_term_string}"},"query-input":{"@type":"PropertyValueSpecification","valueRequired":true,"valueName":"search_term_string"}}],"inLanguage":"fr-FR"},{"@type":"Organization","@id":"https:\/\/mack4seasons.com\/#organization","name":"Mack4Season","url":"https:\/\/mack4seasons.com\/","logo":{"@type":"ImageObject","inLanguage":"fr-FR","@id":"https:\/\/mack4seasons.com\/#\/schema\/logo\/image\/","url":"https:\/\/mack4seasons.com\/wp-content\/uploads\/2021\/06\/w-MACK-logo-pantone-02A19E.png","contentUrl":"https:\/\/mack4seasons.com\/wp-content\/uploads\/2021\/06\/w-MACK-logo-pantone-02A19E.png","width":809,"height":425,"caption":"Mack4Season"},"image":{"@id":"https:\/\/mack4seasons.com\/#\/schema\/logo\/image\/"},"sameAs":["https:\/\/www.facebook.com\/profile.php?id=100075990468585"]}]}},"_links":{"self":[{"href":"https:\/\/mack4seasons.com\/fr\/wp-json\/wp\/v2\/product\/9013","targetHints":{"allow":["GET"]}}],"collection":[{"href":"https:\/\/mack4seasons.com\/fr\/wp-json\/wp\/v2\/product"}],"about":[{"href":"https:\/\/mack4seasons.com\/fr\/wp-json\/wp\/v2\/types\/product"}],"wp:featuredmedia":[{"embeddable":true,"href":"https:\/\/mack4seasons.com\/fr\/wp-json\/wp\/v2\/media\/12806"}],"wp:attachment":[{"href":"https:\/\/mack4seasons.com\/fr\/wp-json\/wp\/v2\/media?parent=9013"}],"wp:term":[{"taxonomy":"product_brand","embeddable":true,"href":"https:\/\/mack4seasons.com\/fr\/wp-json\/wp\/v2\/product_brand?post=9013"},{"taxonomy":"product_cat","embeddable":true,"href":"https:\/\/mack4seasons.com\/fr\/wp-json\/wp\/v2\/product_cat?post=9013"},{"taxonomy":"product_tag","embeddable":true,"href":"https:\/\/mack4seasons.com\/fr\/wp-json\/wp\/v2\/product_tag?post=9013"}],"curies":[{"name":"wp","href":"https:\/\/api.w.org\/{rel}","templated":true}]}}