{"id":9007,"date":"2021-01-07T12:42:00","date_gmt":"2021-01-07T12:42:00","guid":{"rendered":"https:\/\/mack4seasons.com\/?post_type=product&#038;p=9007"},"modified":"2022-12-14T09:32:03","modified_gmt":"2022-12-14T09:32:03","slug":"pressostato-cod-2000589","status":"publish","type":"product","link":"https:\/\/mack4seasons.com\/fr\/negozio\/extraflame\/stufe-a-pellet-extraflame\/anastasia-plus\/pressostato-cod-2000589\/","title":{"rendered":"Pressostat pour po\u00eale \u00e0 pellets Nordica Extraflame Code 2000589"},"content":{"rendered":"<hr \/>\n<h2>Pressostat pour po\u00eale \u00e0 pellets Nordica Extraflame<\/h2>\n<p>Codice 2000589<br \/>\n<strong> Pour les mod\u00e8les de po\u00eales \u00e0 granules Nordica Extraflame suivants : <\/strong> Anastasia Plus, Angela, Angela Sp, Angela Plus, Angela Plus Sp, Angela Evo, Angela Plus Evo, Annabella, Dorina, Doroty, Ella, Emma 2016, Emma Plus 2016, Esmeralda, Esmeralda Crystal, Falo 1 Xlp, Falo Cp, Giusy, Giusy Plus, Glenda, Graziosa Lux, Graziosa Lux Plus, Graziosa Steel, Graziosa Steel Plus, Ilenia, Irma, Irma Plus, Ketty, Lucia, Lucia Plus, Novella, Rosy 2012, Serafina 2015, erafina 2016, Sibilia, Sibilia Plus, Souvenir Lux, Souvenir Steel, Teodora, Viviana, Viviana Plus, Comfort Idro, Diadema Idro, Diadema ACS Idro, Duchessa Idro, Duchessa Idro Steel, Ecologica Idro Steel, Elisir Idro, Fiandra Idro, Giordana Idro, Iside Idro, Iside Idro 2.0, Liliana Idro, Melinda Idro Steel 2.0, Raffaella Idro, Raffaella Idro 2.0, Virna Idro, HP 15, HP 22, HP 30<\/p>","protected":false},"excerpt":{"rendered":"<hr \/>\n<p>Compatible avec le code original Nordica Extraflame <strong>Codice 2000589<\/strong><\/p>","protected":false},"featured_media":12720,"template":"","meta":[],"product_brand":[],"product_cat":[212,194,198,196,199,197,195,216,185,189,260,206,205,219,220,261,262,263,264,281,226,227,228,229,177,230,231,291,265,232,233,282,234,235,236,237,296,297,191,238,240,241,266,267,243,207,244,213,209,247,271,272,250,251,252,253,254,255,178,256,188,258,288],"product_tag":[],"class_list":{"0":"post-9007","1":"product","2":"type-product","3":"status-publish","4":"has-post-thumbnail","6":"product_cat-anastasia-plus","7":"product_cat-angela","8":"product_cat-angela-evo","9":"product_cat-angela-plus","10":"product_cat-angela-plus-evo","11":"product_cat-angela-plus-sp","12":"product_cat-angela-sp","13":"product_cat-annabella","14":"product_cat-apparecchi-hydro-extraflame","15":"product_cat-caldaie-extraflame","16":"product_cat-comfort-idro","17":"product_cat-diadema-acs-idro","18":"product_cat-diadema-idro","19":"product_cat-dorina","20":"product_cat-doroty","21":"product_cat-duchessa-idro","22":"product_cat-duchessa-idro-steel","23":"product_cat-ecologica-idro-steel","24":"product_cat-elisir-idro","25":"product_cat-ella","26":"product_cat-emma","27":"product_cat-emma-plus","28":"product_cat-esmeralda","29":"product_cat-esmeralda-crystal","30":"product_cat-extraflame","31":"product_cat-falo-1-xlp","32":"product_cat-falo-cp","33":"product_cat-fiandra-idro","34":"product_cat-giordana-idro","35":"product_cat-giusy","36":"product_cat-giusy-plus","37":"product_cat-glenda","38":"product_cat-graziosa-lux","39":"product_cat-graziosa-lux-plus","40":"product_cat-graziosa-steel","41":"product_cat-graziosa-steel-plus","42":"product_cat-hp-15","43":"product_cat-hp-22","44":"product_cat-hp-30","45":"product_cat-ilenia","46":"product_cat-irma","47":"product_cat-irma-plus","48":"product_cat-iside-idro","49":"product_cat-iside-idro-2-0","50":"product_cat-ketty","51":"product_cat-liliana-idro","52":"product_cat-lucia","53":"product_cat-lucia-plus","54":"product_cat-melinda-idro-steel-2-0","55":"product_cat-novella","56":"product_cat-raffaella-idro","57":"product_cat-raffaella-idro-2-0","58":"product_cat-rosy","59":"product_cat-serafina","60":"product_cat-sibilia","61":"product_cat-sibilia-plus","62":"product_cat-souvenir-lux","63":"product_cat-souvenir-steel","64":"product_cat-stufe-a-pellet-extraflame","65":"product_cat-teodora","66":"product_cat-virna-idro","67":"product_cat-viviana","68":"product_cat-viviana-plus","69":"product_shipping_class-classe-di-spedizione-01","71":"first","72":"instock","73":"taxable","74":"shipping-taxable","75":"purchasable","76":"product-type-simple"},"yoast_head":"<!-- This site is optimized with the Yoast SEO plugin v26.3 - https:\/\/yoast.com\/wordpress\/plugins\/seo\/ -->\n<title>Pressostato per stufa a pellet Nordica Extraflame - Mack4Season<\/title>\n<meta name=\"description\" content=\"Pressostato sicurezza fumi per stufe e caldaie a pellet Nordica Extraflame,Pressostato controllo fumi per stufe e termostufe a pellet Nordica\" \/>\n<meta name=\"robots\" content=\"index, follow, max-snippet:-1, max-image-preview:large, max-video-preview:-1\" \/>\n<link rel=\"canonical\" href=\"https:\/\/mack4seasons.com\/fr\/negozio\/extraflame\/caldaie-extraflame\/hp-30\/pressostato-cod-2000589\/\" \/>\n<meta property=\"og:locale\" content=\"fr_FR\" \/>\n<meta property=\"og:type\" content=\"article\" \/>\n<meta property=\"og:title\" content=\"Pressostato per stufa a pellet Nordica Extraflame - Mack4Season\" \/>\n<meta property=\"og:description\" content=\"Pressostato sicurezza fumi per stufe e caldaie a pellet Nordica Extraflame,Pressostato controllo fumi per stufe e termostufe a pellet Nordica\" \/>\n<meta property=\"og:url\" content=\"https:\/\/mack4seasons.com\/fr\/negozio\/extraflame\/caldaie-extraflame\/hp-30\/pressostato-cod-2000589\/\" \/>\n<meta property=\"og:site_name\" content=\"Mack4Season\" \/>\n<meta property=\"article:publisher\" content=\"https:\/\/www.facebook.com\/profile.php?id=100075990468585\" \/>\n<meta property=\"article:modified_time\" content=\"2022-12-14T09:32:03+00:00\" \/>\n<meta property=\"og:image\" content=\"https:\/\/mack4seasons.com\/wp-content\/uploads\/2021\/09\/w-SITO-KAUSIFLAM-01-M.jpg\" \/>\n\t<meta property=\"og:image:width\" content=\"960\" \/>\n\t<meta property=\"og:image:height\" content=\"960\" \/>\n\t<meta property=\"og:image:type\" content=\"image\/jpeg\" \/>\n<meta name=\"twitter:card\" content=\"summary_large_image\" \/>\n<meta name=\"twitter:label1\" content=\"Dur\u00e9e de lecture estim\u00e9e\" \/>\n\t<meta name=\"twitter:data1\" content=\"1 minute\" \/>\n<script type=\"application\/ld+json\" class=\"yoast-schema-graph\">{\"@context\":\"https:\/\/schema.org\",\"@graph\":[{\"@type\":\"WebPage\",\"@id\":\"https:\/\/mack4seasons.com\/negozio\/extraflame\/caldaie-extraflame\/hp-30\/pressostato-cod-2000589\/\",\"url\":\"https:\/\/mack4seasons.com\/negozio\/extraflame\/caldaie-extraflame\/hp-30\/pressostato-cod-2000589\/\",\"name\":\"Pressostato per stufa a pellet Nordica Extraflame - Mack4Season\",\"isPartOf\":{\"@id\":\"https:\/\/mack4seasons.com\/#website\"},\"primaryImageOfPage\":{\"@id\":\"https:\/\/mack4seasons.com\/negozio\/extraflame\/caldaie-extraflame\/hp-30\/pressostato-cod-2000589\/#primaryimage\"},\"image\":{\"@id\":\"https:\/\/mack4seasons.com\/negozio\/extraflame\/caldaie-extraflame\/hp-30\/pressostato-cod-2000589\/#primaryimage\"},\"thumbnailUrl\":\"https:\/\/mack4seasons.com\/wp-content\/uploads\/2021\/09\/w-SITO-KAUSIFLAM-01-M.jpg\",\"datePublished\":\"2021-01-07T12:42:00+00:00\",\"dateModified\":\"2022-12-14T09:32:03+00:00\",\"description\":\"Pressostato sicurezza fumi per stufe e caldaie a pellet Nordica Extraflame,Pressostato controllo fumi per stufe e termostufe a pellet Nordica\",\"breadcrumb\":{\"@id\":\"https:\/\/mack4seasons.com\/negozio\/extraflame\/caldaie-extraflame\/hp-30\/pressostato-cod-2000589\/#breadcrumb\"},\"inLanguage\":\"fr-FR\",\"potentialAction\":[{\"@type\":\"ReadAction\",\"target\":[\"https:\/\/mack4seasons.com\/negozio\/extraflame\/caldaie-extraflame\/hp-30\/pressostato-cod-2000589\/\"]}]},{\"@type\":\"ImageObject\",\"inLanguage\":\"fr-FR\",\"@id\":\"https:\/\/mack4seasons.com\/negozio\/extraflame\/caldaie-extraflame\/hp-30\/pressostato-cod-2000589\/#primaryimage\",\"url\":\"https:\/\/mack4seasons.com\/wp-content\/uploads\/2021\/09\/w-SITO-KAUSIFLAM-01-M.jpg\",\"contentUrl\":\"https:\/\/mack4seasons.com\/wp-content\/uploads\/2021\/09\/w-SITO-KAUSIFLAM-01-M.jpg\",\"width\":960,\"height\":960},{\"@type\":\"BreadcrumbList\",\"@id\":\"https:\/\/mack4seasons.com\/negozio\/extraflame\/caldaie-extraflame\/hp-30\/pressostato-cod-2000589\/#breadcrumb\",\"itemListElement\":[{\"@type\":\"ListItem\",\"position\":1,\"name\":\"Home\",\"item\":\"https:\/\/mack4seasons.com\/ricambi-accessori-stufe-e-caldaie-pellet\/\"},{\"@type\":\"ListItem\",\"position\":2,\"name\":\"Shop\",\"item\":\"https:\/\/mack4seasons.com\/negozio\/\"},{\"@type\":\"ListItem\",\"position\":3,\"name\":\"Pressostato per stufa a pellet Nordica Extraflame Codice 2000589\"}]},{\"@type\":\"WebSite\",\"@id\":\"https:\/\/mack4seasons.com\/#website\",\"url\":\"https:\/\/mack4seasons.com\/\",\"name\":\"Mack4Season\",\"description\":\"Per il comfort termico della tua casa\",\"publisher\":{\"@id\":\"https:\/\/mack4seasons.com\/#organization\"},\"potentialAction\":[{\"@type\":\"SearchAction\",\"target\":{\"@type\":\"EntryPoint\",\"urlTemplate\":\"https:\/\/mack4seasons.com\/?s={search_term_string}\"},\"query-input\":{\"@type\":\"PropertyValueSpecification\",\"valueRequired\":true,\"valueName\":\"search_term_string\"}}],\"inLanguage\":\"fr-FR\"},{\"@type\":\"Organization\",\"@id\":\"https:\/\/mack4seasons.com\/#organization\",\"name\":\"Mack4Season\",\"url\":\"https:\/\/mack4seasons.com\/\",\"logo\":{\"@type\":\"ImageObject\",\"inLanguage\":\"fr-FR\",\"@id\":\"https:\/\/mack4seasons.com\/#\/schema\/logo\/image\/\",\"url\":\"https:\/\/mack4seasons.com\/wp-content\/uploads\/2021\/06\/w-MACK-logo-pantone-02A19E.png\",\"contentUrl\":\"https:\/\/mack4seasons.com\/wp-content\/uploads\/2021\/06\/w-MACK-logo-pantone-02A19E.png\",\"width\":809,\"height\":425,\"caption\":\"Mack4Season\"},\"image\":{\"@id\":\"https:\/\/mack4seasons.com\/#\/schema\/logo\/image\/\"},\"sameAs\":[\"https:\/\/www.facebook.com\/profile.php?id=100075990468585\"]}]}<\/script>\n<!-- \/ Yoast SEO plugin. -->","yoast_head_json":{"title":"Pressostato per stufa a pellet Nordica Extraflame - Mack4Season","description":"Pressostato sicurezza fumi per stufe e caldaie a pellet Nordica Extraflame,Pressostato controllo fumi per stufe e termostufe a pellet Nordica","robots":{"index":"index","follow":"follow","max-snippet":"max-snippet:-1","max-image-preview":"max-image-preview:large","max-video-preview":"max-video-preview:-1"},"canonical":"https:\/\/mack4seasons.com\/fr\/negozio\/extraflame\/caldaie-extraflame\/hp-30\/pressostato-cod-2000589\/","og_locale":"fr_FR","og_type":"article","og_title":"Pressostato per stufa a pellet Nordica Extraflame - Mack4Season","og_description":"Pressostato sicurezza fumi per stufe e caldaie a pellet Nordica Extraflame,Pressostato controllo fumi per stufe e termostufe a pellet Nordica","og_url":"https:\/\/mack4seasons.com\/fr\/negozio\/extraflame\/caldaie-extraflame\/hp-30\/pressostato-cod-2000589\/","og_site_name":"Mack4Season","article_publisher":"https:\/\/www.facebook.com\/profile.php?id=100075990468585","article_modified_time":"2022-12-14T09:32:03+00:00","og_image":[{"width":960,"height":960,"url":"https:\/\/mack4seasons.com\/wp-content\/uploads\/2021\/09\/w-SITO-KAUSIFLAM-01-M.jpg","type":"image\/jpeg"}],"twitter_card":"summary_large_image","twitter_misc":{"Dur\u00e9e de lecture estim\u00e9e":"1 minute"},"schema":{"@context":"https:\/\/schema.org","@graph":[{"@type":"WebPage","@id":"https:\/\/mack4seasons.com\/negozio\/extraflame\/caldaie-extraflame\/hp-30\/pressostato-cod-2000589\/","url":"https:\/\/mack4seasons.com\/negozio\/extraflame\/caldaie-extraflame\/hp-30\/pressostato-cod-2000589\/","name":"Pressostato per stufa a pellet Nordica Extraflame - Mack4Season","isPartOf":{"@id":"https:\/\/mack4seasons.com\/#website"},"primaryImageOfPage":{"@id":"https:\/\/mack4seasons.com\/negozio\/extraflame\/caldaie-extraflame\/hp-30\/pressostato-cod-2000589\/#primaryimage"},"image":{"@id":"https:\/\/mack4seasons.com\/negozio\/extraflame\/caldaie-extraflame\/hp-30\/pressostato-cod-2000589\/#primaryimage"},"thumbnailUrl":"https:\/\/mack4seasons.com\/wp-content\/uploads\/2021\/09\/w-SITO-KAUSIFLAM-01-M.jpg","datePublished":"2021-01-07T12:42:00+00:00","dateModified":"2022-12-14T09:32:03+00:00","description":"Pressostato sicurezza fumi per stufe e caldaie a pellet Nordica Extraflame,Pressostato controllo fumi per stufe e termostufe a pellet Nordica","breadcrumb":{"@id":"https:\/\/mack4seasons.com\/negozio\/extraflame\/caldaie-extraflame\/hp-30\/pressostato-cod-2000589\/#breadcrumb"},"inLanguage":"fr-FR","potentialAction":[{"@type":"ReadAction","target":["https:\/\/mack4seasons.com\/negozio\/extraflame\/caldaie-extraflame\/hp-30\/pressostato-cod-2000589\/"]}]},{"@type":"ImageObject","inLanguage":"fr-FR","@id":"https:\/\/mack4seasons.com\/negozio\/extraflame\/caldaie-extraflame\/hp-30\/pressostato-cod-2000589\/#primaryimage","url":"https:\/\/mack4seasons.com\/wp-content\/uploads\/2021\/09\/w-SITO-KAUSIFLAM-01-M.jpg","contentUrl":"https:\/\/mack4seasons.com\/wp-content\/uploads\/2021\/09\/w-SITO-KAUSIFLAM-01-M.jpg","width":960,"height":960},{"@type":"BreadcrumbList","@id":"https:\/\/mack4seasons.com\/negozio\/extraflame\/caldaie-extraflame\/hp-30\/pressostato-cod-2000589\/#breadcrumb","itemListElement":[{"@type":"ListItem","position":1,"name":"Home","item":"https:\/\/mack4seasons.com\/ricambi-accessori-stufe-e-caldaie-pellet\/"},{"@type":"ListItem","position":2,"name":"Shop","item":"https:\/\/mack4seasons.com\/negozio\/"},{"@type":"ListItem","position":3,"name":"Pressostato per stufa a pellet Nordica Extraflame Codice 2000589"}]},{"@type":"WebSite","@id":"https:\/\/mack4seasons.com\/#website","url":"https:\/\/mack4seasons.com\/","name":"Mack4Season","description":"Pour le confort thermique de votre maison","publisher":{"@id":"https:\/\/mack4seasons.com\/#organization"},"potentialAction":[{"@type":"SearchAction","target":{"@type":"EntryPoint","urlTemplate":"https:\/\/mack4seasons.com\/?s={search_term_string}"},"query-input":{"@type":"PropertyValueSpecification","valueRequired":true,"valueName":"search_term_string"}}],"inLanguage":"fr-FR"},{"@type":"Organization","@id":"https:\/\/mack4seasons.com\/#organization","name":"Mack4Season","url":"https:\/\/mack4seasons.com\/","logo":{"@type":"ImageObject","inLanguage":"fr-FR","@id":"https:\/\/mack4seasons.com\/#\/schema\/logo\/image\/","url":"https:\/\/mack4seasons.com\/wp-content\/uploads\/2021\/06\/w-MACK-logo-pantone-02A19E.png","contentUrl":"https:\/\/mack4seasons.com\/wp-content\/uploads\/2021\/06\/w-MACK-logo-pantone-02A19E.png","width":809,"height":425,"caption":"Mack4Season"},"image":{"@id":"https:\/\/mack4seasons.com\/#\/schema\/logo\/image\/"},"sameAs":["https:\/\/www.facebook.com\/profile.php?id=100075990468585"]}]}},"_links":{"self":[{"href":"https:\/\/mack4seasons.com\/fr\/wp-json\/wp\/v2\/product\/9007","targetHints":{"allow":["GET"]}}],"collection":[{"href":"https:\/\/mack4seasons.com\/fr\/wp-json\/wp\/v2\/product"}],"about":[{"href":"https:\/\/mack4seasons.com\/fr\/wp-json\/wp\/v2\/types\/product"}],"wp:featuredmedia":[{"embeddable":true,"href":"https:\/\/mack4seasons.com\/fr\/wp-json\/wp\/v2\/media\/12720"}],"wp:attachment":[{"href":"https:\/\/mack4seasons.com\/fr\/wp-json\/wp\/v2\/media?parent=9007"}],"wp:term":[{"taxonomy":"product_brand","embeddable":true,"href":"https:\/\/mack4seasons.com\/fr\/wp-json\/wp\/v2\/product_brand?post=9007"},{"taxonomy":"product_cat","embeddable":true,"href":"https:\/\/mack4seasons.com\/fr\/wp-json\/wp\/v2\/product_cat?post=9007"},{"taxonomy":"product_tag","embeddable":true,"href":"https:\/\/mack4seasons.com\/fr\/wp-json\/wp\/v2\/product_tag?post=9007"}],"curies":[{"name":"wp","href":"https:\/\/api.w.org\/{rel}","templated":true}]}}