{"id":9006,"date":"2021-01-07T12:42:00","date_gmt":"2021-01-07T12:42:00","guid":{"rendered":"https:\/\/mack4seasons.com\/?post_type=product&#038;p=9006"},"modified":"2022-12-14T09:32:02","modified_gmt":"2022-12-14T09:32:02","slug":"termostato-a-bulbo-cod-2000567","status":"publish","type":"product","link":"https:\/\/mack4seasons.com\/fr\/negozio\/extraflame\/stufe-a-pellet-extraflame\/anastasia-plus\/termostato-a-bulbo-cod-2000567\/","title":{"rendered":"Thermostat pour po\u00eale \u00e0 pellets Nordica Extraflame Code 2000567"},"content":{"rendered":"<hr \/>\n<h2>Thermostat pour po\u00eale \u00e0 pellets Nordica Extraflame<\/h2>\n<p>Codice 2000567<br \/>\n<strong> Pour les mod\u00e8les de po\u00eales \u00e0 granules Nordica Extraflame suivants : <\/strong> Anastasia Plus 2015, Giusy, Giusy Evo 2018, Giusy Plus, Giusy Plus Evo, Glenda, Ketty, Serafina, Comfort Idro, Diadema Idro 2013, Diadema Idro 2015, Diadema Idro 2016, Diadema Idro 2017, Diadema ACS Idro 2013, Diadema ACS Idro 2015, Diadema ACS Idro 2016, Diadema ACS Idro 2017, Duchessa Idro 2012, Duchessa Idro 2014, Duchessa Idro 2016, Duchessa Idro Steel 2012, Duchessa Idro Steel 2014, Duchessa Idro Steel 2016, Ecologica Idro, Elisir Idro, Fiandra Idro, Giordana Idro, Iside Idro 2014, Iside Idro 2.0, Liliana Idro, Lucrezia Idro, Lucrezia Idro Steel, Melinda Idro, Melinda Idro Steel, Melinda Idro Steel 2.0, Raffaella Idro 2.0, HP 15, HP 22, HP 30, LP 14, LP 20, LP 30, TC 30, TP 30<\/p>","protected":false},"excerpt":{"rendered":"<hr \/>\n<p>Compatible avec le code original Nordica Extraflame <strong>Codice 2000567<\/strong><\/p>","protected":false},"featured_media":12744,"template":"","meta":[],"product_brand":[],"product_cat":[212,185,189,260,206,205,261,262,290,264,177,291,265,232,182,233,183,282,296,297,191,266,267,243,207,294,295,298,292,293,269,270,209,272,251,178,299,300],"product_tag":[],"class_list":{"0":"post-9006","1":"product","2":"type-product","3":"status-publish","4":"has-post-thumbnail","6":"product_cat-anastasia-plus","7":"product_cat-apparecchi-hydro-extraflame","8":"product_cat-caldaie-extraflame","9":"product_cat-comfort-idro","10":"product_cat-diadema-acs-idro","11":"product_cat-diadema-idro","12":"product_cat-duchessa-idro","13":"product_cat-duchessa-idro-steel","14":"product_cat-ecologica-idro","15":"product_cat-elisir-idro","16":"product_cat-extraflame","17":"product_cat-fiandra-idro","18":"product_cat-giordana-idro","19":"product_cat-giusy","20":"product_cat-giusy-evo","21":"product_cat-giusy-plus","22":"product_cat-giusy-plus-evo","23":"product_cat-glenda","24":"product_cat-hp-15","25":"product_cat-hp-22","26":"product_cat-hp-30","27":"product_cat-iside-idro","28":"product_cat-iside-idro-2-0","29":"product_cat-ketty","30":"product_cat-liliana-idro","31":"product_cat-lp-14","32":"product_cat-lp-20","33":"product_cat-lp-30","34":"product_cat-lucrezia-idro","35":"product_cat-lucrezia-idro-steel","36":"product_cat-melinda-idro","37":"product_cat-melinda-idro-steel","38":"product_cat-melinda-idro-steel-2-0","39":"product_cat-raffaella-idro-2-0","40":"product_cat-serafina","41":"product_cat-stufe-a-pellet-extraflame","42":"product_cat-tc-30","43":"product_cat-tp-30","45":"first","46":"instock","47":"taxable","48":"shipping-taxable","49":"purchasable","50":"product-type-simple"},"yoast_head":"<!-- This site is optimized with the Yoast SEO plugin v26.3 - https:\/\/yoast.com\/wordpress\/plugins\/seo\/ -->\n<title>Termostato a bulbo per stufa a pellet Nordica Extraflame - Mack4Season<\/title>\n<meta name=\"description\" content=\"Termostato sicurezza a bulbo per stufe Nordica , Termostato per stufe caldaie Nordica,Termostato sicurezza per stufe caldaie a pellet Nordica\" \/>\n<meta name=\"robots\" content=\"index, follow, max-snippet:-1, max-image-preview:large, max-video-preview:-1\" \/>\n<link rel=\"canonical\" href=\"https:\/\/mack4seasons.com\/fr\/negozio\/extraflame\/caldaie-extraflame\/hp-30\/termostato-a-bulbo-cod-2000567\/\" \/>\n<meta property=\"og:locale\" content=\"fr_FR\" \/>\n<meta property=\"og:type\" content=\"article\" \/>\n<meta property=\"og:title\" content=\"Termostato a bulbo per stufa a pellet Nordica Extraflame - Mack4Season\" \/>\n<meta property=\"og:description\" content=\"Termostato sicurezza a bulbo per stufe Nordica , Termostato per stufe caldaie Nordica,Termostato sicurezza per stufe caldaie a pellet Nordica\" \/>\n<meta property=\"og:url\" content=\"https:\/\/mack4seasons.com\/fr\/negozio\/extraflame\/caldaie-extraflame\/hp-30\/termostato-a-bulbo-cod-2000567\/\" \/>\n<meta property=\"og:site_name\" content=\"Mack4Season\" \/>\n<meta property=\"article:publisher\" content=\"https:\/\/www.facebook.com\/profile.php?id=100075990468585\" \/>\n<meta property=\"article:modified_time\" content=\"2022-12-14T09:32:02+00:00\" \/>\n<meta property=\"og:image\" content=\"https:\/\/mack4seasons.com\/wp-content\/uploads\/2021\/09\/w-SITO-MAN-TER-01-M.jpg\" \/>\n\t<meta property=\"og:image:width\" content=\"960\" \/>\n\t<meta property=\"og:image:height\" content=\"960\" \/>\n\t<meta property=\"og:image:type\" content=\"image\/jpeg\" \/>\n<meta name=\"twitter:card\" content=\"summary_large_image\" \/>\n<meta name=\"twitter:label1\" content=\"Dur\u00e9e de lecture estim\u00e9e\" \/>\n\t<meta name=\"twitter:data1\" content=\"1 minute\" \/>\n<script type=\"application\/ld+json\" class=\"yoast-schema-graph\">{\"@context\":\"https:\/\/schema.org\",\"@graph\":[{\"@type\":\"WebPage\",\"@id\":\"https:\/\/mack4seasons.com\/negozio\/extraflame\/caldaie-extraflame\/hp-30\/termostato-a-bulbo-cod-2000567\/\",\"url\":\"https:\/\/mack4seasons.com\/negozio\/extraflame\/caldaie-extraflame\/hp-30\/termostato-a-bulbo-cod-2000567\/\",\"name\":\"Termostato a bulbo per stufa a pellet Nordica Extraflame - Mack4Season\",\"isPartOf\":{\"@id\":\"https:\/\/mack4seasons.com\/#website\"},\"primaryImageOfPage\":{\"@id\":\"https:\/\/mack4seasons.com\/negozio\/extraflame\/caldaie-extraflame\/hp-30\/termostato-a-bulbo-cod-2000567\/#primaryimage\"},\"image\":{\"@id\":\"https:\/\/mack4seasons.com\/negozio\/extraflame\/caldaie-extraflame\/hp-30\/termostato-a-bulbo-cod-2000567\/#primaryimage\"},\"thumbnailUrl\":\"https:\/\/mack4seasons.com\/wp-content\/uploads\/2021\/09\/w-SITO-MAN-TER-01-M.jpg\",\"datePublished\":\"2021-01-07T12:42:00+00:00\",\"dateModified\":\"2022-12-14T09:32:02+00:00\",\"description\":\"Termostato sicurezza a bulbo per stufe Nordica , Termostato per stufe caldaie Nordica,Termostato sicurezza per stufe caldaie a pellet Nordica\",\"breadcrumb\":{\"@id\":\"https:\/\/mack4seasons.com\/negozio\/extraflame\/caldaie-extraflame\/hp-30\/termostato-a-bulbo-cod-2000567\/#breadcrumb\"},\"inLanguage\":\"fr-FR\",\"potentialAction\":[{\"@type\":\"ReadAction\",\"target\":[\"https:\/\/mack4seasons.com\/negozio\/extraflame\/caldaie-extraflame\/hp-30\/termostato-a-bulbo-cod-2000567\/\"]}]},{\"@type\":\"ImageObject\",\"inLanguage\":\"fr-FR\",\"@id\":\"https:\/\/mack4seasons.com\/negozio\/extraflame\/caldaie-extraflame\/hp-30\/termostato-a-bulbo-cod-2000567\/#primaryimage\",\"url\":\"https:\/\/mack4seasons.com\/wp-content\/uploads\/2021\/09\/w-SITO-MAN-TER-01-M.jpg\",\"contentUrl\":\"https:\/\/mack4seasons.com\/wp-content\/uploads\/2021\/09\/w-SITO-MAN-TER-01-M.jpg\",\"width\":960,\"height\":960},{\"@type\":\"BreadcrumbList\",\"@id\":\"https:\/\/mack4seasons.com\/negozio\/extraflame\/caldaie-extraflame\/hp-30\/termostato-a-bulbo-cod-2000567\/#breadcrumb\",\"itemListElement\":[{\"@type\":\"ListItem\",\"position\":1,\"name\":\"Home\",\"item\":\"https:\/\/mack4seasons.com\/ricambi-accessori-stufe-e-caldaie-pellet\/\"},{\"@type\":\"ListItem\",\"position\":2,\"name\":\"Shop\",\"item\":\"https:\/\/mack4seasons.com\/negozio\/\"},{\"@type\":\"ListItem\",\"position\":3,\"name\":\"Termostato a bulbo per stufa a pellet Nordica Extraflame Codice 2000567\"}]},{\"@type\":\"WebSite\",\"@id\":\"https:\/\/mack4seasons.com\/#website\",\"url\":\"https:\/\/mack4seasons.com\/\",\"name\":\"Mack4Season\",\"description\":\"Per il comfort termico della tua casa\",\"publisher\":{\"@id\":\"https:\/\/mack4seasons.com\/#organization\"},\"potentialAction\":[{\"@type\":\"SearchAction\",\"target\":{\"@type\":\"EntryPoint\",\"urlTemplate\":\"https:\/\/mack4seasons.com\/?s={search_term_string}\"},\"query-input\":{\"@type\":\"PropertyValueSpecification\",\"valueRequired\":true,\"valueName\":\"search_term_string\"}}],\"inLanguage\":\"fr-FR\"},{\"@type\":\"Organization\",\"@id\":\"https:\/\/mack4seasons.com\/#organization\",\"name\":\"Mack4Season\",\"url\":\"https:\/\/mack4seasons.com\/\",\"logo\":{\"@type\":\"ImageObject\",\"inLanguage\":\"fr-FR\",\"@id\":\"https:\/\/mack4seasons.com\/#\/schema\/logo\/image\/\",\"url\":\"https:\/\/mack4seasons.com\/wp-content\/uploads\/2021\/06\/w-MACK-logo-pantone-02A19E.png\",\"contentUrl\":\"https:\/\/mack4seasons.com\/wp-content\/uploads\/2021\/06\/w-MACK-logo-pantone-02A19E.png\",\"width\":809,\"height\":425,\"caption\":\"Mack4Season\"},\"image\":{\"@id\":\"https:\/\/mack4seasons.com\/#\/schema\/logo\/image\/\"},\"sameAs\":[\"https:\/\/www.facebook.com\/profile.php?id=100075990468585\"]}]}<\/script>\n<!-- \/ Yoast SEO plugin. -->","yoast_head_json":{"title":"Termostato a bulbo per stufa a pellet Nordica Extraflame - Mack4Season","description":"Termostato sicurezza a bulbo per stufe Nordica , Termostato per stufe caldaie Nordica,Termostato sicurezza per stufe caldaie a pellet Nordica","robots":{"index":"index","follow":"follow","max-snippet":"max-snippet:-1","max-image-preview":"max-image-preview:large","max-video-preview":"max-video-preview:-1"},"canonical":"https:\/\/mack4seasons.com\/fr\/negozio\/extraflame\/caldaie-extraflame\/hp-30\/termostato-a-bulbo-cod-2000567\/","og_locale":"fr_FR","og_type":"article","og_title":"Termostato a bulbo per stufa a pellet Nordica Extraflame - Mack4Season","og_description":"Termostato sicurezza a bulbo per stufe Nordica , Termostato per stufe caldaie Nordica,Termostato sicurezza per stufe caldaie a pellet Nordica","og_url":"https:\/\/mack4seasons.com\/fr\/negozio\/extraflame\/caldaie-extraflame\/hp-30\/termostato-a-bulbo-cod-2000567\/","og_site_name":"Mack4Season","article_publisher":"https:\/\/www.facebook.com\/profile.php?id=100075990468585","article_modified_time":"2022-12-14T09:32:02+00:00","og_image":[{"width":960,"height":960,"url":"https:\/\/mack4seasons.com\/wp-content\/uploads\/2021\/09\/w-SITO-MAN-TER-01-M.jpg","type":"image\/jpeg"}],"twitter_card":"summary_large_image","twitter_misc":{"Dur\u00e9e de lecture estim\u00e9e":"1 minute"},"schema":{"@context":"https:\/\/schema.org","@graph":[{"@type":"WebPage","@id":"https:\/\/mack4seasons.com\/negozio\/extraflame\/caldaie-extraflame\/hp-30\/termostato-a-bulbo-cod-2000567\/","url":"https:\/\/mack4seasons.com\/negozio\/extraflame\/caldaie-extraflame\/hp-30\/termostato-a-bulbo-cod-2000567\/","name":"Termostato a bulbo per stufa a pellet Nordica Extraflame - Mack4Season","isPartOf":{"@id":"https:\/\/mack4seasons.com\/#website"},"primaryImageOfPage":{"@id":"https:\/\/mack4seasons.com\/negozio\/extraflame\/caldaie-extraflame\/hp-30\/termostato-a-bulbo-cod-2000567\/#primaryimage"},"image":{"@id":"https:\/\/mack4seasons.com\/negozio\/extraflame\/caldaie-extraflame\/hp-30\/termostato-a-bulbo-cod-2000567\/#primaryimage"},"thumbnailUrl":"https:\/\/mack4seasons.com\/wp-content\/uploads\/2021\/09\/w-SITO-MAN-TER-01-M.jpg","datePublished":"2021-01-07T12:42:00+00:00","dateModified":"2022-12-14T09:32:02+00:00","description":"Termostato sicurezza a bulbo per stufe Nordica , Termostato per stufe caldaie Nordica,Termostato sicurezza per stufe caldaie a pellet Nordica","breadcrumb":{"@id":"https:\/\/mack4seasons.com\/negozio\/extraflame\/caldaie-extraflame\/hp-30\/termostato-a-bulbo-cod-2000567\/#breadcrumb"},"inLanguage":"fr-FR","potentialAction":[{"@type":"ReadAction","target":["https:\/\/mack4seasons.com\/negozio\/extraflame\/caldaie-extraflame\/hp-30\/termostato-a-bulbo-cod-2000567\/"]}]},{"@type":"ImageObject","inLanguage":"fr-FR","@id":"https:\/\/mack4seasons.com\/negozio\/extraflame\/caldaie-extraflame\/hp-30\/termostato-a-bulbo-cod-2000567\/#primaryimage","url":"https:\/\/mack4seasons.com\/wp-content\/uploads\/2021\/09\/w-SITO-MAN-TER-01-M.jpg","contentUrl":"https:\/\/mack4seasons.com\/wp-content\/uploads\/2021\/09\/w-SITO-MAN-TER-01-M.jpg","width":960,"height":960},{"@type":"BreadcrumbList","@id":"https:\/\/mack4seasons.com\/negozio\/extraflame\/caldaie-extraflame\/hp-30\/termostato-a-bulbo-cod-2000567\/#breadcrumb","itemListElement":[{"@type":"ListItem","position":1,"name":"Home","item":"https:\/\/mack4seasons.com\/ricambi-accessori-stufe-e-caldaie-pellet\/"},{"@type":"ListItem","position":2,"name":"Shop","item":"https:\/\/mack4seasons.com\/negozio\/"},{"@type":"ListItem","position":3,"name":"Termostato a bulbo per stufa a pellet Nordica Extraflame Codice 2000567"}]},{"@type":"WebSite","@id":"https:\/\/mack4seasons.com\/#website","url":"https:\/\/mack4seasons.com\/","name":"Mack4Season","description":"Pour le confort thermique de votre maison","publisher":{"@id":"https:\/\/mack4seasons.com\/#organization"},"potentialAction":[{"@type":"SearchAction","target":{"@type":"EntryPoint","urlTemplate":"https:\/\/mack4seasons.com\/?s={search_term_string}"},"query-input":{"@type":"PropertyValueSpecification","valueRequired":true,"valueName":"search_term_string"}}],"inLanguage":"fr-FR"},{"@type":"Organization","@id":"https:\/\/mack4seasons.com\/#organization","name":"Mack4Season","url":"https:\/\/mack4seasons.com\/","logo":{"@type":"ImageObject","inLanguage":"fr-FR","@id":"https:\/\/mack4seasons.com\/#\/schema\/logo\/image\/","url":"https:\/\/mack4seasons.com\/wp-content\/uploads\/2021\/06\/w-MACK-logo-pantone-02A19E.png","contentUrl":"https:\/\/mack4seasons.com\/wp-content\/uploads\/2021\/06\/w-MACK-logo-pantone-02A19E.png","width":809,"height":425,"caption":"Mack4Season"},"image":{"@id":"https:\/\/mack4seasons.com\/#\/schema\/logo\/image\/"},"sameAs":["https:\/\/www.facebook.com\/profile.php?id=100075990468585"]}]}},"_links":{"self":[{"href":"https:\/\/mack4seasons.com\/fr\/wp-json\/wp\/v2\/product\/9006","targetHints":{"allow":["GET"]}}],"collection":[{"href":"https:\/\/mack4seasons.com\/fr\/wp-json\/wp\/v2\/product"}],"about":[{"href":"https:\/\/mack4seasons.com\/fr\/wp-json\/wp\/v2\/types\/product"}],"wp:featuredmedia":[{"embeddable":true,"href":"https:\/\/mack4seasons.com\/fr\/wp-json\/wp\/v2\/media\/12744"}],"wp:attachment":[{"href":"https:\/\/mack4seasons.com\/fr\/wp-json\/wp\/v2\/media?parent=9006"}],"wp:term":[{"taxonomy":"product_brand","embeddable":true,"href":"https:\/\/mack4seasons.com\/fr\/wp-json\/wp\/v2\/product_brand?post=9006"},{"taxonomy":"product_cat","embeddable":true,"href":"https:\/\/mack4seasons.com\/fr\/wp-json\/wp\/v2\/product_cat?post=9006"},{"taxonomy":"product_tag","embeddable":true,"href":"https:\/\/mack4seasons.com\/fr\/wp-json\/wp\/v2\/product_tag?post=9006"}],"curies":[{"name":"wp","href":"https:\/\/api.w.org\/{rel}","templated":true}]}}