{"id":9005,"date":"2021-01-07T12:42:00","date_gmt":"2021-01-07T12:42:00","guid":{"rendered":"https:\/\/mack4seasons.com\/?post_type=product&#038;p=9005"},"modified":"2022-12-14T09:32:02","modified_gmt":"2022-12-14T09:32:02","slug":"encoder-cod-2272635","status":"publish","type":"product","link":"https:\/\/mack4seasons.com\/fr\/negozio\/extraflame\/stufe-a-pellet-extraflame\/anastasia-plus\/encoder-cod-2272635\/","title":{"rendered":"Encodeur pour po\u00eale \u00e0 pellets Nordica Extraflame Code 2272635"},"content":{"rendered":"<hr \/>\n<h2>Encodeur pour po\u00eale \u00e0 pellets Nordica Extraflame<\/h2>\n<p>Codice 2272635<br \/>\n<strong> Pour les mod\u00e8les de po\u00eales \u00e0 granules Nordica Extraflame suivants : <\/strong> Anastasia Plus 2015, Anastasia Plus 2016, Giusy, Giusy Plus, Ketty, Serafina, Comfort Idro L80, Duchessa Idro 2014, Duchessa Idro 2016, Duchessa Idro Steel 2014, Duchessa Idro Steel 2016, Duchessa Idro Steel 2018, Megan Idro Steel, Melinda Idro 2014, Melinda Idro 2.0, Melinda Idro Steel 2014, Melinda Idro Steel 2.0<\/p>","protected":false},"excerpt":{"rendered":"<hr \/>\n<p>Compatible avec le code original Nordica Extraflame <strong>Codice 2272635<\/strong><\/p>","protected":false},"featured_media":13021,"template":"","meta":[],"product_brand":[],"product_cat":[212,185,204,261,262,177,232,233,243,268,269,208,270,209,251,178],"product_tag":[],"class_list":{"0":"post-9005","1":"product","2":"type-product","3":"status-publish","4":"has-post-thumbnail","6":"product_cat-anastasia-plus","7":"product_cat-apparecchi-hydro-extraflame","8":"product_cat-comfort-idro-l80","9":"product_cat-duchessa-idro","10":"product_cat-duchessa-idro-steel","11":"product_cat-extraflame","12":"product_cat-giusy","13":"product_cat-giusy-plus","14":"product_cat-ketty","15":"product_cat-megan-idro-steel","16":"product_cat-melinda-idro","17":"product_cat-melinda-idro-2-0","18":"product_cat-melinda-idro-steel","19":"product_cat-melinda-idro-steel-2-0","20":"product_cat-serafina","21":"product_cat-stufe-a-pellet-extraflame","22":"product_shipping_class-classe-di-spedizione-01","24":"first","25":"instock","26":"taxable","27":"shipping-taxable","28":"purchasable","29":"product-type-simple"},"yoast_head":"<!-- This site is optimized with the Yoast SEO plugin v26.3 - https:\/\/yoast.com\/wordpress\/plugins\/seo\/ -->\n<title>Encoder per stufa a pellet Nordica - Mack4Season<\/title>\n<meta name=\"description\" content=\"Encoder per stufa a pellet Nordica Extraflame, Encoder per termostufe e caldaie a pellet Nordica, Encoder per stufa Extraflame\" \/>\n<meta name=\"robots\" content=\"index, follow, max-snippet:-1, max-image-preview:large, max-video-preview:-1\" \/>\n<link rel=\"canonical\" href=\"https:\/\/mack4seasons.com\/fr\/negozio\/extraflame\/apparecchi-hydro-extraflame\/comfort-idro-l80\/encoder-cod-2272635\/\" \/>\n<meta property=\"og:locale\" content=\"fr_FR\" \/>\n<meta property=\"og:type\" content=\"article\" \/>\n<meta property=\"og:title\" content=\"Encoder per stufa a pellet Nordica - Mack4Season\" \/>\n<meta property=\"og:description\" content=\"Encoder per stufa a pellet Nordica Extraflame, Encoder per termostufe e caldaie a pellet Nordica, Encoder per stufa Extraflame\" \/>\n<meta property=\"og:url\" content=\"https:\/\/mack4seasons.com\/fr\/negozio\/extraflame\/apparecchi-hydro-extraflame\/comfort-idro-l80\/encoder-cod-2272635\/\" \/>\n<meta property=\"og:site_name\" content=\"Mack4Season\" \/>\n<meta property=\"article:publisher\" content=\"https:\/\/www.facebook.com\/profile.php?id=100075990468585\" \/>\n<meta property=\"article:modified_time\" content=\"2022-12-14T09:32:02+00:00\" \/>\n<meta property=\"og:image\" content=\"https:\/\/mack4seasons.com\/wp-content\/uploads\/2021\/09\/1018662-M.jpg\" \/>\n\t<meta property=\"og:image:width\" content=\"640\" \/>\n\t<meta property=\"og:image:height\" content=\"640\" \/>\n\t<meta property=\"og:image:type\" content=\"image\/jpeg\" \/>\n<meta name=\"twitter:card\" content=\"summary_large_image\" \/>\n<script type=\"application\/ld+json\" class=\"yoast-schema-graph\">{\"@context\":\"https:\/\/schema.org\",\"@graph\":[{\"@type\":\"WebPage\",\"@id\":\"https:\/\/mack4seasons.com\/negozio\/extraflame\/apparecchi-hydro-extraflame\/comfort-idro-l80\/encoder-cod-2272635\/\",\"url\":\"https:\/\/mack4seasons.com\/negozio\/extraflame\/apparecchi-hydro-extraflame\/comfort-idro-l80\/encoder-cod-2272635\/\",\"name\":\"Encoder per stufa a pellet Nordica - Mack4Season\",\"isPartOf\":{\"@id\":\"https:\/\/mack4seasons.com\/#website\"},\"primaryImageOfPage\":{\"@id\":\"https:\/\/mack4seasons.com\/negozio\/extraflame\/apparecchi-hydro-extraflame\/comfort-idro-l80\/encoder-cod-2272635\/#primaryimage\"},\"image\":{\"@id\":\"https:\/\/mack4seasons.com\/negozio\/extraflame\/apparecchi-hydro-extraflame\/comfort-idro-l80\/encoder-cod-2272635\/#primaryimage\"},\"thumbnailUrl\":\"https:\/\/mack4seasons.com\/wp-content\/uploads\/2021\/09\/1018662-M.jpg\",\"datePublished\":\"2021-01-07T12:42:00+00:00\",\"dateModified\":\"2022-12-14T09:32:02+00:00\",\"description\":\"Encoder per stufa a pellet Nordica Extraflame, Encoder per termostufe e caldaie a pellet Nordica, Encoder per stufa Extraflame\",\"breadcrumb\":{\"@id\":\"https:\/\/mack4seasons.com\/negozio\/extraflame\/apparecchi-hydro-extraflame\/comfort-idro-l80\/encoder-cod-2272635\/#breadcrumb\"},\"inLanguage\":\"fr-FR\",\"potentialAction\":[{\"@type\":\"ReadAction\",\"target\":[\"https:\/\/mack4seasons.com\/negozio\/extraflame\/apparecchi-hydro-extraflame\/comfort-idro-l80\/encoder-cod-2272635\/\"]}]},{\"@type\":\"ImageObject\",\"inLanguage\":\"fr-FR\",\"@id\":\"https:\/\/mack4seasons.com\/negozio\/extraflame\/apparecchi-hydro-extraflame\/comfort-idro-l80\/encoder-cod-2272635\/#primaryimage\",\"url\":\"https:\/\/mack4seasons.com\/wp-content\/uploads\/2021\/09\/1018662-M.jpg\",\"contentUrl\":\"https:\/\/mack4seasons.com\/wp-content\/uploads\/2021\/09\/1018662-M.jpg\",\"width\":640,\"height\":640},{\"@type\":\"BreadcrumbList\",\"@id\":\"https:\/\/mack4seasons.com\/negozio\/extraflame\/apparecchi-hydro-extraflame\/comfort-idro-l80\/encoder-cod-2272635\/#breadcrumb\",\"itemListElement\":[{\"@type\":\"ListItem\",\"position\":1,\"name\":\"Home\",\"item\":\"https:\/\/mack4seasons.com\/ricambi-accessori-stufe-e-caldaie-pellet\/\"},{\"@type\":\"ListItem\",\"position\":2,\"name\":\"Shop\",\"item\":\"https:\/\/mack4seasons.com\/negozio\/\"},{\"@type\":\"ListItem\",\"position\":3,\"name\":\"Encoder per stufa a pellet Nordica Extraflame Codice 2272635\"}]},{\"@type\":\"WebSite\",\"@id\":\"https:\/\/mack4seasons.com\/#website\",\"url\":\"https:\/\/mack4seasons.com\/\",\"name\":\"Mack4Season\",\"description\":\"Per il comfort termico della tua casa\",\"publisher\":{\"@id\":\"https:\/\/mack4seasons.com\/#organization\"},\"potentialAction\":[{\"@type\":\"SearchAction\",\"target\":{\"@type\":\"EntryPoint\",\"urlTemplate\":\"https:\/\/mack4seasons.com\/?s={search_term_string}\"},\"query-input\":{\"@type\":\"PropertyValueSpecification\",\"valueRequired\":true,\"valueName\":\"search_term_string\"}}],\"inLanguage\":\"fr-FR\"},{\"@type\":\"Organization\",\"@id\":\"https:\/\/mack4seasons.com\/#organization\",\"name\":\"Mack4Season\",\"url\":\"https:\/\/mack4seasons.com\/\",\"logo\":{\"@type\":\"ImageObject\",\"inLanguage\":\"fr-FR\",\"@id\":\"https:\/\/mack4seasons.com\/#\/schema\/logo\/image\/\",\"url\":\"https:\/\/mack4seasons.com\/wp-content\/uploads\/2021\/06\/w-MACK-logo-pantone-02A19E.png\",\"contentUrl\":\"https:\/\/mack4seasons.com\/wp-content\/uploads\/2021\/06\/w-MACK-logo-pantone-02A19E.png\",\"width\":809,\"height\":425,\"caption\":\"Mack4Season\"},\"image\":{\"@id\":\"https:\/\/mack4seasons.com\/#\/schema\/logo\/image\/\"},\"sameAs\":[\"https:\/\/www.facebook.com\/profile.php?id=100075990468585\"]}]}<\/script>\n<!-- \/ Yoast SEO plugin. -->","yoast_head_json":{"title":"Encoder per stufa a pellet Nordica - Mack4Season","description":"Encoder per stufa a pellet Nordica Extraflame, Encoder per termostufe e caldaie a pellet Nordica, Encoder per stufa Extraflame","robots":{"index":"index","follow":"follow","max-snippet":"max-snippet:-1","max-image-preview":"max-image-preview:large","max-video-preview":"max-video-preview:-1"},"canonical":"https:\/\/mack4seasons.com\/fr\/negozio\/extraflame\/apparecchi-hydro-extraflame\/comfort-idro-l80\/encoder-cod-2272635\/","og_locale":"fr_FR","og_type":"article","og_title":"Encoder per stufa a pellet Nordica - Mack4Season","og_description":"Encoder per stufa a pellet Nordica Extraflame, Encoder per termostufe e caldaie a pellet Nordica, Encoder per stufa Extraflame","og_url":"https:\/\/mack4seasons.com\/fr\/negozio\/extraflame\/apparecchi-hydro-extraflame\/comfort-idro-l80\/encoder-cod-2272635\/","og_site_name":"Mack4Season","article_publisher":"https:\/\/www.facebook.com\/profile.php?id=100075990468585","article_modified_time":"2022-12-14T09:32:02+00:00","og_image":[{"width":640,"height":640,"url":"https:\/\/mack4seasons.com\/wp-content\/uploads\/2021\/09\/1018662-M.jpg","type":"image\/jpeg"}],"twitter_card":"summary_large_image","schema":{"@context":"https:\/\/schema.org","@graph":[{"@type":"WebPage","@id":"https:\/\/mack4seasons.com\/negozio\/extraflame\/apparecchi-hydro-extraflame\/comfort-idro-l80\/encoder-cod-2272635\/","url":"https:\/\/mack4seasons.com\/negozio\/extraflame\/apparecchi-hydro-extraflame\/comfort-idro-l80\/encoder-cod-2272635\/","name":"Encoder per stufa a pellet Nordica - Mack4Season","isPartOf":{"@id":"https:\/\/mack4seasons.com\/#website"},"primaryImageOfPage":{"@id":"https:\/\/mack4seasons.com\/negozio\/extraflame\/apparecchi-hydro-extraflame\/comfort-idro-l80\/encoder-cod-2272635\/#primaryimage"},"image":{"@id":"https:\/\/mack4seasons.com\/negozio\/extraflame\/apparecchi-hydro-extraflame\/comfort-idro-l80\/encoder-cod-2272635\/#primaryimage"},"thumbnailUrl":"https:\/\/mack4seasons.com\/wp-content\/uploads\/2021\/09\/1018662-M.jpg","datePublished":"2021-01-07T12:42:00+00:00","dateModified":"2022-12-14T09:32:02+00:00","description":"Encoder per stufa a pellet Nordica Extraflame, Encoder per termostufe e caldaie a pellet Nordica, Encoder per stufa Extraflame","breadcrumb":{"@id":"https:\/\/mack4seasons.com\/negozio\/extraflame\/apparecchi-hydro-extraflame\/comfort-idro-l80\/encoder-cod-2272635\/#breadcrumb"},"inLanguage":"fr-FR","potentialAction":[{"@type":"ReadAction","target":["https:\/\/mack4seasons.com\/negozio\/extraflame\/apparecchi-hydro-extraflame\/comfort-idro-l80\/encoder-cod-2272635\/"]}]},{"@type":"ImageObject","inLanguage":"fr-FR","@id":"https:\/\/mack4seasons.com\/negozio\/extraflame\/apparecchi-hydro-extraflame\/comfort-idro-l80\/encoder-cod-2272635\/#primaryimage","url":"https:\/\/mack4seasons.com\/wp-content\/uploads\/2021\/09\/1018662-M.jpg","contentUrl":"https:\/\/mack4seasons.com\/wp-content\/uploads\/2021\/09\/1018662-M.jpg","width":640,"height":640},{"@type":"BreadcrumbList","@id":"https:\/\/mack4seasons.com\/negozio\/extraflame\/apparecchi-hydro-extraflame\/comfort-idro-l80\/encoder-cod-2272635\/#breadcrumb","itemListElement":[{"@type":"ListItem","position":1,"name":"Home","item":"https:\/\/mack4seasons.com\/ricambi-accessori-stufe-e-caldaie-pellet\/"},{"@type":"ListItem","position":2,"name":"Shop","item":"https:\/\/mack4seasons.com\/negozio\/"},{"@type":"ListItem","position":3,"name":"Encoder per stufa a pellet Nordica Extraflame Codice 2272635"}]},{"@type":"WebSite","@id":"https:\/\/mack4seasons.com\/#website","url":"https:\/\/mack4seasons.com\/","name":"Mack4Season","description":"Pour le confort thermique de votre maison","publisher":{"@id":"https:\/\/mack4seasons.com\/#organization"},"potentialAction":[{"@type":"SearchAction","target":{"@type":"EntryPoint","urlTemplate":"https:\/\/mack4seasons.com\/?s={search_term_string}"},"query-input":{"@type":"PropertyValueSpecification","valueRequired":true,"valueName":"search_term_string"}}],"inLanguage":"fr-FR"},{"@type":"Organization","@id":"https:\/\/mack4seasons.com\/#organization","name":"Mack4Season","url":"https:\/\/mack4seasons.com\/","logo":{"@type":"ImageObject","inLanguage":"fr-FR","@id":"https:\/\/mack4seasons.com\/#\/schema\/logo\/image\/","url":"https:\/\/mack4seasons.com\/wp-content\/uploads\/2021\/06\/w-MACK-logo-pantone-02A19E.png","contentUrl":"https:\/\/mack4seasons.com\/wp-content\/uploads\/2021\/06\/w-MACK-logo-pantone-02A19E.png","width":809,"height":425,"caption":"Mack4Season"},"image":{"@id":"https:\/\/mack4seasons.com\/#\/schema\/logo\/image\/"},"sameAs":["https:\/\/www.facebook.com\/profile.php?id=100075990468585"]}]}},"_links":{"self":[{"href":"https:\/\/mack4seasons.com\/fr\/wp-json\/wp\/v2\/product\/9005","targetHints":{"allow":["GET"]}}],"collection":[{"href":"https:\/\/mack4seasons.com\/fr\/wp-json\/wp\/v2\/product"}],"about":[{"href":"https:\/\/mack4seasons.com\/fr\/wp-json\/wp\/v2\/types\/product"}],"wp:featuredmedia":[{"embeddable":true,"href":"https:\/\/mack4seasons.com\/fr\/wp-json\/wp\/v2\/media\/13021"}],"wp:attachment":[{"href":"https:\/\/mack4seasons.com\/fr\/wp-json\/wp\/v2\/media?parent=9005"}],"wp:term":[{"taxonomy":"product_brand","embeddable":true,"href":"https:\/\/mack4seasons.com\/fr\/wp-json\/wp\/v2\/product_brand?post=9005"},{"taxonomy":"product_cat","embeddable":true,"href":"https:\/\/mack4seasons.com\/fr\/wp-json\/wp\/v2\/product_cat?post=9005"},{"taxonomy":"product_tag","embeddable":true,"href":"https:\/\/mack4seasons.com\/fr\/wp-json\/wp\/v2\/product_tag?post=9005"}],"curies":[{"name":"wp","href":"https:\/\/api.w.org\/{rel}","templated":true}]}}