{"id":8997,"date":"2021-01-07T12:42:00","date_gmt":"2021-01-07T12:42:00","guid":{"rendered":"https:\/\/mack4seasons.com\/?post_type=product&#038;p=8997"},"modified":"2024-04-05T08:38:11","modified_gmt":"2024-04-05T08:38:11","slug":"candeletta-cod-2271070","status":"publish","type":"product","link":"https:\/\/mack4seasons.com\/fr\/negozio\/extraflame\/stufe-a-pellet-extraflame\/amika\/candeletta-cod-2271070\/","title":{"rendered":"Bougie pour po\u00eale \u00e0 pellets Nordica Extraflame Code 2271070"},"content":{"rendered":"<hr \/>\n<h2>Bougie pour po\u00eale \u00e0 pellets Nordica Extraflame<\/h2>\n<p>Codice 2271070<br \/>\n<strong> Per i seguenti modelli di stufe a pellet Nordica Extraflame: <\/strong> Amika, Debby, Debby Cx, Comfort Idro L80, Diadema Idro 2017, Diadema Idro 2018, Diadema ACS Idro 2017, Diadema ACS Idro 2018, Liliana Idro 2017, Liliana Idro 2018, Melinda Idro 2.0 2016, Melinda Idro 2.0 2017, Melinda Idro Steel 2.0, HP 15 Evo, HP 22 Evo, HP 30 Evo<\/p>","protected":false},"excerpt":{"rendered":"<hr \/>\n<p>Compatible avec le code original Nordica Extraflame <strong>Codice 2271070<\/strong><\/p>","protected":false},"featured_media":12802,"template":"","meta":[],"product_brand":[],"product_cat":[179,185,189,204,180,181,206,205,177,210,192,207,208,209,211,178],"product_tag":[],"class_list":{"0":"post-8997","1":"product","2":"type-product","3":"status-publish","4":"has-post-thumbnail","6":"product_cat-amika","7":"product_cat-apparecchi-hydro-extraflame","8":"product_cat-caldaie-extraflame","9":"product_cat-comfort-idro-l80","10":"product_cat-debby","11":"product_cat-debby-cx","12":"product_cat-diadema-acs-idro","13":"product_cat-diadema-idro","14":"product_cat-extraflame","15":"product_cat-hp-15-evo","16":"product_cat-hp-30-evo","17":"product_cat-liliana-idro","18":"product_cat-melinda-idro-2-0","19":"product_cat-melinda-idro-steel-2-0","20":"product_cat-php-22-evo","21":"product_cat-stufe-a-pellet-extraflame","22":"product_shipping_class-classe-di-spedizione-01","24":"first","25":"instock","26":"taxable","27":"shipping-taxable","28":"purchasable","29":"product-type-simple"},"yoast_head":"<!-- This site is optimized with the Yoast SEO plugin v26.3 - https:\/\/yoast.com\/wordpress\/plugins\/seo\/ -->\n<title>Candeletta per stufa a pellet Nordica Extraflame - Mack4Season<\/title>\n<meta name=\"description\" content=\"Candeletta per stufe caldaie Nordica Extraflame, Resistenza per termostufe a pellet Nordica, Cartuccia accensione per stufe a pellet Nordica\" \/>\n<meta name=\"robots\" content=\"index, follow, max-snippet:-1, max-image-preview:large, max-video-preview:-1\" \/>\n<link rel=\"canonical\" href=\"https:\/\/mack4seasons.com\/fr\/negozio\/extraflame\/caldaie-extraflame\/hp-30-evo\/candeletta-cod-2271070\/\" \/>\n<meta property=\"og:locale\" content=\"fr_FR\" \/>\n<meta property=\"og:type\" content=\"article\" \/>\n<meta property=\"og:title\" content=\"Candeletta per stufa a pellet Nordica Extraflame - Mack4Season\" \/>\n<meta property=\"og:description\" content=\"Candeletta per stufe caldaie Nordica Extraflame, Resistenza per termostufe a pellet Nordica, Cartuccia accensione per stufe a pellet Nordica\" \/>\n<meta property=\"og:url\" content=\"https:\/\/mack4seasons.com\/fr\/negozio\/extraflame\/caldaie-extraflame\/hp-30-evo\/candeletta-cod-2271070\/\" \/>\n<meta property=\"og:site_name\" content=\"Mack4Season\" \/>\n<meta property=\"article:publisher\" content=\"https:\/\/www.facebook.com\/profile.php?id=100075990468585\" \/>\n<meta property=\"article:modified_time\" content=\"2024-04-05T08:38:11+00:00\" \/>\n<meta property=\"og:image\" content=\"https:\/\/mack4seasons.com\/wp-content\/uploads\/2021\/09\/w-SITO-CANDELETTE-15.jpg\" \/>\n\t<meta property=\"og:image:width\" content=\"960\" \/>\n\t<meta property=\"og:image:height\" content=\"960\" \/>\n\t<meta property=\"og:image:type\" content=\"image\/jpeg\" \/>\n<meta name=\"twitter:card\" content=\"summary_large_image\" \/>\n<meta name=\"twitter:label1\" content=\"Dur\u00e9e de lecture estim\u00e9e\" \/>\n\t<meta name=\"twitter:data1\" content=\"1 minute\" \/>\n<script type=\"application\/ld+json\" class=\"yoast-schema-graph\">{\"@context\":\"https:\/\/schema.org\",\"@graph\":[{\"@type\":\"WebPage\",\"@id\":\"https:\/\/mack4seasons.com\/negozio\/extraflame\/caldaie-extraflame\/hp-30-evo\/candeletta-cod-2271070\/\",\"url\":\"https:\/\/mack4seasons.com\/negozio\/extraflame\/caldaie-extraflame\/hp-30-evo\/candeletta-cod-2271070\/\",\"name\":\"Candeletta per stufa a pellet Nordica Extraflame - Mack4Season\",\"isPartOf\":{\"@id\":\"https:\/\/mack4seasons.com\/#website\"},\"primaryImageOfPage\":{\"@id\":\"https:\/\/mack4seasons.com\/negozio\/extraflame\/caldaie-extraflame\/hp-30-evo\/candeletta-cod-2271070\/#primaryimage\"},\"image\":{\"@id\":\"https:\/\/mack4seasons.com\/negozio\/extraflame\/caldaie-extraflame\/hp-30-evo\/candeletta-cod-2271070\/#primaryimage\"},\"thumbnailUrl\":\"https:\/\/mack4seasons.com\/wp-content\/uploads\/2021\/09\/w-SITO-CANDELETTE-15.jpg\",\"datePublished\":\"2021-01-07T12:42:00+00:00\",\"dateModified\":\"2024-04-05T08:38:11+00:00\",\"description\":\"Candeletta per stufe caldaie Nordica Extraflame, Resistenza per termostufe a pellet Nordica, Cartuccia accensione per stufe a pellet Nordica\",\"breadcrumb\":{\"@id\":\"https:\/\/mack4seasons.com\/negozio\/extraflame\/caldaie-extraflame\/hp-30-evo\/candeletta-cod-2271070\/#breadcrumb\"},\"inLanguage\":\"fr-FR\",\"potentialAction\":[{\"@type\":\"ReadAction\",\"target\":[\"https:\/\/mack4seasons.com\/negozio\/extraflame\/caldaie-extraflame\/hp-30-evo\/candeletta-cod-2271070\/\"]}]},{\"@type\":\"ImageObject\",\"inLanguage\":\"fr-FR\",\"@id\":\"https:\/\/mack4seasons.com\/negozio\/extraflame\/caldaie-extraflame\/hp-30-evo\/candeletta-cod-2271070\/#primaryimage\",\"url\":\"https:\/\/mack4seasons.com\/wp-content\/uploads\/2021\/09\/w-SITO-CANDELETTE-15.jpg\",\"contentUrl\":\"https:\/\/mack4seasons.com\/wp-content\/uploads\/2021\/09\/w-SITO-CANDELETTE-15.jpg\",\"width\":960,\"height\":960},{\"@type\":\"BreadcrumbList\",\"@id\":\"https:\/\/mack4seasons.com\/negozio\/extraflame\/caldaie-extraflame\/hp-30-evo\/candeletta-cod-2271070\/#breadcrumb\",\"itemListElement\":[{\"@type\":\"ListItem\",\"position\":1,\"name\":\"Home\",\"item\":\"https:\/\/mack4seasons.com\/ricambi-accessori-stufe-e-caldaie-pellet\/\"},{\"@type\":\"ListItem\",\"position\":2,\"name\":\"Shop\",\"item\":\"https:\/\/mack4seasons.com\/negozio\/\"},{\"@type\":\"ListItem\",\"position\":3,\"name\":\"Candeletta per stufa a pellet Nordica Extraflame Codice 2271070\"}]},{\"@type\":\"WebSite\",\"@id\":\"https:\/\/mack4seasons.com\/#website\",\"url\":\"https:\/\/mack4seasons.com\/\",\"name\":\"Mack4Season\",\"description\":\"Per il comfort termico della tua casa\",\"publisher\":{\"@id\":\"https:\/\/mack4seasons.com\/#organization\"},\"potentialAction\":[{\"@type\":\"SearchAction\",\"target\":{\"@type\":\"EntryPoint\",\"urlTemplate\":\"https:\/\/mack4seasons.com\/?s={search_term_string}\"},\"query-input\":{\"@type\":\"PropertyValueSpecification\",\"valueRequired\":true,\"valueName\":\"search_term_string\"}}],\"inLanguage\":\"fr-FR\"},{\"@type\":\"Organization\",\"@id\":\"https:\/\/mack4seasons.com\/#organization\",\"name\":\"Mack4Season\",\"url\":\"https:\/\/mack4seasons.com\/\",\"logo\":{\"@type\":\"ImageObject\",\"inLanguage\":\"fr-FR\",\"@id\":\"https:\/\/mack4seasons.com\/#\/schema\/logo\/image\/\",\"url\":\"https:\/\/mack4seasons.com\/wp-content\/uploads\/2021\/06\/w-MACK-logo-pantone-02A19E.png\",\"contentUrl\":\"https:\/\/mack4seasons.com\/wp-content\/uploads\/2021\/06\/w-MACK-logo-pantone-02A19E.png\",\"width\":809,\"height\":425,\"caption\":\"Mack4Season\"},\"image\":{\"@id\":\"https:\/\/mack4seasons.com\/#\/schema\/logo\/image\/\"},\"sameAs\":[\"https:\/\/www.facebook.com\/profile.php?id=100075990468585\"]}]}<\/script>\n<!-- \/ Yoast SEO plugin. -->","yoast_head_json":{"title":"Bougie de pr\u00e9chauffage pour po\u00eale \u00e0 granul\u00e9s Nordica Extraflame - Mack4Season","description":"Candeletta per stufe caldaie Nordica Extraflame, Resistenza per termostufe a pellet Nordica, Cartuccia accensione per stufe a pellet Nordica","robots":{"index":"index","follow":"follow","max-snippet":"max-snippet:-1","max-image-preview":"max-image-preview:large","max-video-preview":"max-video-preview:-1"},"canonical":"https:\/\/mack4seasons.com\/fr\/negozio\/extraflame\/caldaie-extraflame\/hp-30-evo\/candeletta-cod-2271070\/","og_locale":"fr_FR","og_type":"article","og_title":"Candeletta per stufa a pellet Nordica Extraflame - Mack4Season","og_description":"Candeletta per stufe caldaie Nordica Extraflame, Resistenza per termostufe a pellet Nordica, Cartuccia accensione per stufe a pellet Nordica","og_url":"https:\/\/mack4seasons.com\/fr\/negozio\/extraflame\/caldaie-extraflame\/hp-30-evo\/candeletta-cod-2271070\/","og_site_name":"Mack4Season","article_publisher":"https:\/\/www.facebook.com\/profile.php?id=100075990468585","article_modified_time":"2024-04-05T08:38:11+00:00","og_image":[{"width":960,"height":960,"url":"https:\/\/mack4seasons.com\/wp-content\/uploads\/2021\/09\/w-SITO-CANDELETTE-15.jpg","type":"image\/jpeg"}],"twitter_card":"summary_large_image","twitter_misc":{"Dur\u00e9e de lecture estim\u00e9e":"1 minute"},"schema":{"@context":"https:\/\/schema.org","@graph":[{"@type":"WebPage","@id":"https:\/\/mack4seasons.com\/negozio\/extraflame\/caldaie-extraflame\/hp-30-evo\/candeletta-cod-2271070\/","url":"https:\/\/mack4seasons.com\/negozio\/extraflame\/caldaie-extraflame\/hp-30-evo\/candeletta-cod-2271070\/","name":"Bougie de pr\u00e9chauffage pour po\u00eale \u00e0 granul\u00e9s Nordica Extraflame - Mack4Season","isPartOf":{"@id":"https:\/\/mack4seasons.com\/#website"},"primaryImageOfPage":{"@id":"https:\/\/mack4seasons.com\/negozio\/extraflame\/caldaie-extraflame\/hp-30-evo\/candeletta-cod-2271070\/#primaryimage"},"image":{"@id":"https:\/\/mack4seasons.com\/negozio\/extraflame\/caldaie-extraflame\/hp-30-evo\/candeletta-cod-2271070\/#primaryimage"},"thumbnailUrl":"https:\/\/mack4seasons.com\/wp-content\/uploads\/2021\/09\/w-SITO-CANDELETTE-15.jpg","datePublished":"2021-01-07T12:42:00+00:00","dateModified":"2024-04-05T08:38:11+00:00","description":"Candeletta per stufe caldaie Nordica Extraflame, Resistenza per termostufe a pellet Nordica, Cartuccia accensione per stufe a pellet Nordica","breadcrumb":{"@id":"https:\/\/mack4seasons.com\/negozio\/extraflame\/caldaie-extraflame\/hp-30-evo\/candeletta-cod-2271070\/#breadcrumb"},"inLanguage":"fr-FR","potentialAction":[{"@type":"ReadAction","target":["https:\/\/mack4seasons.com\/negozio\/extraflame\/caldaie-extraflame\/hp-30-evo\/candeletta-cod-2271070\/"]}]},{"@type":"ImageObject","inLanguage":"fr-FR","@id":"https:\/\/mack4seasons.com\/negozio\/extraflame\/caldaie-extraflame\/hp-30-evo\/candeletta-cod-2271070\/#primaryimage","url":"https:\/\/mack4seasons.com\/wp-content\/uploads\/2021\/09\/w-SITO-CANDELETTE-15.jpg","contentUrl":"https:\/\/mack4seasons.com\/wp-content\/uploads\/2021\/09\/w-SITO-CANDELETTE-15.jpg","width":960,"height":960},{"@type":"BreadcrumbList","@id":"https:\/\/mack4seasons.com\/negozio\/extraflame\/caldaie-extraflame\/hp-30-evo\/candeletta-cod-2271070\/#breadcrumb","itemListElement":[{"@type":"ListItem","position":1,"name":"Home","item":"https:\/\/mack4seasons.com\/ricambi-accessori-stufe-e-caldaie-pellet\/"},{"@type":"ListItem","position":2,"name":"Shop","item":"https:\/\/mack4seasons.com\/negozio\/"},{"@type":"ListItem","position":3,"name":"Candeletta per stufa a pellet Nordica Extraflame Codice 2271070"}]},{"@type":"WebSite","@id":"https:\/\/mack4seasons.com\/#website","url":"https:\/\/mack4seasons.com\/","name":"Mack4Season","description":"Pour le confort thermique de votre maison","publisher":{"@id":"https:\/\/mack4seasons.com\/#organization"},"potentialAction":[{"@type":"SearchAction","target":{"@type":"EntryPoint","urlTemplate":"https:\/\/mack4seasons.com\/?s={search_term_string}"},"query-input":{"@type":"PropertyValueSpecification","valueRequired":true,"valueName":"search_term_string"}}],"inLanguage":"fr-FR"},{"@type":"Organization","@id":"https:\/\/mack4seasons.com\/#organization","name":"Mack4Season","url":"https:\/\/mack4seasons.com\/","logo":{"@type":"ImageObject","inLanguage":"fr-FR","@id":"https:\/\/mack4seasons.com\/#\/schema\/logo\/image\/","url":"https:\/\/mack4seasons.com\/wp-content\/uploads\/2021\/06\/w-MACK-logo-pantone-02A19E.png","contentUrl":"https:\/\/mack4seasons.com\/wp-content\/uploads\/2021\/06\/w-MACK-logo-pantone-02A19E.png","width":809,"height":425,"caption":"Mack4Season"},"image":{"@id":"https:\/\/mack4seasons.com\/#\/schema\/logo\/image\/"},"sameAs":["https:\/\/www.facebook.com\/profile.php?id=100075990468585"]}]}},"_links":{"self":[{"href":"https:\/\/mack4seasons.com\/fr\/wp-json\/wp\/v2\/product\/8997","targetHints":{"allow":["GET"]}}],"collection":[{"href":"https:\/\/mack4seasons.com\/fr\/wp-json\/wp\/v2\/product"}],"about":[{"href":"https:\/\/mack4seasons.com\/fr\/wp-json\/wp\/v2\/types\/product"}],"wp:featuredmedia":[{"embeddable":true,"href":"https:\/\/mack4seasons.com\/fr\/wp-json\/wp\/v2\/media\/12802"}],"wp:attachment":[{"href":"https:\/\/mack4seasons.com\/fr\/wp-json\/wp\/v2\/media?parent=8997"}],"wp:term":[{"taxonomy":"product_brand","embeddable":true,"href":"https:\/\/mack4seasons.com\/fr\/wp-json\/wp\/v2\/product_brand?post=8997"},{"taxonomy":"product_cat","embeddable":true,"href":"https:\/\/mack4seasons.com\/fr\/wp-json\/wp\/v2\/product_cat?post=8997"},{"taxonomy":"product_tag","embeddable":true,"href":"https:\/\/mack4seasons.com\/fr\/wp-json\/wp\/v2\/product_tag?post=8997"}],"curies":[{"name":"wp","href":"https:\/\/api.w.org\/{rel}","templated":true}]}}