{"id":19718,"date":"2024-06-21T15:08:29","date_gmt":"2024-06-21T15:08:29","guid":{"rendered":"https:\/\/mack4seasons.com\/?post_type=product&#038;p=19718"},"modified":"2024-06-21T15:08:29","modified_gmt":"2024-06-21T15:08:29","slug":"motoriduttore-per-stufe-e-caldaie-a-pellet-etna-codice-m4s1etn","status":"publish","type":"product","link":"https:\/\/mack4seasons.com\/fr\/negozio\/etna\/motoriduttore-per-stufe-e-caldaie-a-pellet-etna-codice-m4s1etn\/","title":{"rendered":"Motor\u00e9ducteur pour po\u00eales et chaudi\u00e8res \u00e0 granul\u00e9s Etna Code M4S1ETN"},"content":{"rendered":"<h2>Motoriduttore per stufe e caldaie a pellet Etna<\/h2>\n<p>Codice M4S1ETN<\/p>\n<p><strong>Per i seguenti modelli di stufe e caldaie a pellet Etna:<\/strong><\/p>\n<p>AMANZA<br \/>\nBAGGIA<br \/>\nBALIUTRA<br \/>\nBANED UP<br \/>\nCAMBOMBIA<br \/>\nCAYENNE<br \/>\nCHICHIME<br \/>\nCIPRIANU<br \/>\nFANGO<br \/>\nFOLACA<br \/>\nGIULIA<br \/>\nKUANID UP<br \/>\nLAVEZZI<br \/>\nMAOQUI<br \/>\nMIGNON<br \/>\nNARGANA<br \/>\nNONZA<br \/>\nORCINO<br \/>\nPERRO<br \/>\nPINARELLO<br \/>\nREDONDA<br \/>\nRICANTO<br \/>\nROCCAPINA<br \/>\nRONDINARA<br \/>\nSALECCIA<br \/>\nSALERD UP<br \/>\nSPERONE<br \/>\nTONNARA<\/p>\n<p>&nbsp;<\/p>","protected":false},"excerpt":{"rendered":"<p>Motor\u00e9ducteur pour po\u00eales et chaudi\u00e8res \u00e0 granul\u00e9s Etna Code M4S1ETN Pour les mod\u00e8les suivants de po\u00eales et chaudi\u00e8res \u00e0 granul\u00e9s Etna : AMANZA BAGGIA BALIUTRA BANED UP CAMBOMBIA CAYENNE CHICHIME CIPRIANU FANGO FOLACA GIULIA KUANID UP LAVEZZI MAOQUI MIGNON NARGANA NONZA ORCINO PERRO PINARELLO REDONDA RICANTO ROCCAPINA RONDINARA SALECCIA SALERD UP SPERONE TONNARA &nbsp;<\/p>","protected":false},"featured_media":19719,"template":"","meta":[],"product_brand":[],"product_cat":[1883],"product_tag":[],"class_list":{"0":"post-19718","1":"product","2":"type-product","3":"status-publish","4":"has-post-thumbnail","6":"product_cat-etna","8":"first","9":"instock","10":"taxable","11":"shipping-taxable","12":"product-type-simple"},"yoast_head":"<!-- This site is optimized with the Yoast SEO plugin v26.3 - https:\/\/yoast.com\/wordpress\/plugins\/seo\/ -->\n<title>Motoriduttore per stufe e caldaie a pellet Etna Codice M4S1ETN - Mack4Season<\/title>\n<meta name=\"robots\" content=\"index, follow, max-snippet:-1, max-image-preview:large, max-video-preview:-1\" \/>\n<link rel=\"canonical\" href=\"https:\/\/mack4seasons.com\/fr\/negozio\/etna\/motoriduttore-per-stufe-e-caldaie-a-pellet-etna-codice-m4s1etn\/\" \/>\n<meta property=\"og:locale\" content=\"fr_FR\" \/>\n<meta property=\"og:type\" content=\"article\" \/>\n<meta property=\"og:title\" content=\"Motoriduttore per stufe e caldaie a pellet Etna Codice M4S1ETN - Mack4Season\" \/>\n<meta property=\"og:description\" content=\"Motoriduttore per stufe e caldaie a pellet Etna Codice M4S1ETN Per i seguenti modelli di stufe e caldaie a pellet Etna: AMANZA BAGGIA BALIUTRA BANED UP CAMBOMBIA CAYENNE CHICHIME CIPRIANU FANGO FOLACA GIULIA KUANID UP LAVEZZI MAOQUI MIGNON NARGANA NONZA ORCINO PERRO PINARELLO REDONDA RICANTO ROCCAPINA RONDINARA SALECCIA SALERD UP SPERONE TONNARA &nbsp;\" \/>\n<meta property=\"og:url\" content=\"https:\/\/mack4seasons.com\/fr\/negozio\/etna\/motoriduttore-per-stufe-e-caldaie-a-pellet-etna-codice-m4s1etn\/\" \/>\n<meta property=\"og:site_name\" content=\"Mack4Season\" \/>\n<meta property=\"article:publisher\" content=\"https:\/\/www.facebook.com\/profile.php?id=100075990468585\" \/>\n<meta property=\"og:image\" content=\"https:\/\/mack4seasons.com\/wp-content\/uploads\/2024\/06\/w-SITO-MOTOR-09-32.jpg\" \/>\n\t<meta property=\"og:image:width\" content=\"960\" \/>\n\t<meta property=\"og:image:height\" content=\"960\" \/>\n\t<meta property=\"og:image:type\" content=\"image\/jpeg\" \/>\n<meta name=\"twitter:card\" content=\"summary_large_image\" \/>\n<meta name=\"twitter:label1\" content=\"Dur\u00e9e de lecture estim\u00e9e\" \/>\n\t<meta name=\"twitter:data1\" content=\"1 minute\" \/>\n<script type=\"application\/ld+json\" class=\"yoast-schema-graph\">{\"@context\":\"https:\/\/schema.org\",\"@graph\":[{\"@type\":\"WebPage\",\"@id\":\"https:\/\/mack4seasons.com\/negozio\/etna\/motoriduttore-per-stufe-e-caldaie-a-pellet-etna-codice-m4s1etn\/\",\"url\":\"https:\/\/mack4seasons.com\/negozio\/etna\/motoriduttore-per-stufe-e-caldaie-a-pellet-etna-codice-m4s1etn\/\",\"name\":\"Motoriduttore per stufe e caldaie a pellet Etna Codice M4S1ETN - Mack4Season\",\"isPartOf\":{\"@id\":\"https:\/\/mack4seasons.com\/#website\"},\"primaryImageOfPage\":{\"@id\":\"https:\/\/mack4seasons.com\/negozio\/etna\/motoriduttore-per-stufe-e-caldaie-a-pellet-etna-codice-m4s1etn\/#primaryimage\"},\"image\":{\"@id\":\"https:\/\/mack4seasons.com\/negozio\/etna\/motoriduttore-per-stufe-e-caldaie-a-pellet-etna-codice-m4s1etn\/#primaryimage\"},\"thumbnailUrl\":\"https:\/\/mack4seasons.com\/wp-content\/uploads\/2024\/06\/w-SITO-MOTOR-09-32.jpg\",\"datePublished\":\"2024-06-21T15:08:29+00:00\",\"breadcrumb\":{\"@id\":\"https:\/\/mack4seasons.com\/negozio\/etna\/motoriduttore-per-stufe-e-caldaie-a-pellet-etna-codice-m4s1etn\/#breadcrumb\"},\"inLanguage\":\"fr-FR\",\"potentialAction\":[{\"@type\":\"ReadAction\",\"target\":[\"https:\/\/mack4seasons.com\/negozio\/etna\/motoriduttore-per-stufe-e-caldaie-a-pellet-etna-codice-m4s1etn\/\"]}]},{\"@type\":\"ImageObject\",\"inLanguage\":\"fr-FR\",\"@id\":\"https:\/\/mack4seasons.com\/negozio\/etna\/motoriduttore-per-stufe-e-caldaie-a-pellet-etna-codice-m4s1etn\/#primaryimage\",\"url\":\"https:\/\/mack4seasons.com\/wp-content\/uploads\/2024\/06\/w-SITO-MOTOR-09-32.jpg\",\"contentUrl\":\"https:\/\/mack4seasons.com\/wp-content\/uploads\/2024\/06\/w-SITO-MOTOR-09-32.jpg\",\"width\":960,\"height\":960,\"caption\":\"Motoriduttore per stufe e caldaie a pellet Etna Codice M4S1ETN Per i seguenti modelli di stufe e caldaie a pellet Etna: AMANZA BAGGIA BALIUTRA BANED UP CAMBOMBIA CAYENNE CHICHIME CIPRIANU FANGO FOLACA GIULIA KUANID UP LAVEZZI MAOQUI MIGNON NARGANA NONZA ORCINO PERRO PINARELLO REDONDA RICANTO ROCCAPINA RONDINARA SALECCIA SALERD UP SPERONE TONNARA\"},{\"@type\":\"BreadcrumbList\",\"@id\":\"https:\/\/mack4seasons.com\/negozio\/etna\/motoriduttore-per-stufe-e-caldaie-a-pellet-etna-codice-m4s1etn\/#breadcrumb\",\"itemListElement\":[{\"@type\":\"ListItem\",\"position\":1,\"name\":\"Home\",\"item\":\"https:\/\/mack4seasons.com\/ricambi-accessori-stufe-e-caldaie-pellet\/\"},{\"@type\":\"ListItem\",\"position\":2,\"name\":\"Shop\",\"item\":\"https:\/\/mack4seasons.com\/negozio\/\"},{\"@type\":\"ListItem\",\"position\":3,\"name\":\"Motoriduttore per stufe e caldaie a pellet Etna Codice M4S1ETN\"}]},{\"@type\":\"WebSite\",\"@id\":\"https:\/\/mack4seasons.com\/#website\",\"url\":\"https:\/\/mack4seasons.com\/\",\"name\":\"Mack4Season\",\"description\":\"Per il comfort termico della tua casa\",\"publisher\":{\"@id\":\"https:\/\/mack4seasons.com\/#organization\"},\"potentialAction\":[{\"@type\":\"SearchAction\",\"target\":{\"@type\":\"EntryPoint\",\"urlTemplate\":\"https:\/\/mack4seasons.com\/?s={search_term_string}\"},\"query-input\":{\"@type\":\"PropertyValueSpecification\",\"valueRequired\":true,\"valueName\":\"search_term_string\"}}],\"inLanguage\":\"fr-FR\"},{\"@type\":\"Organization\",\"@id\":\"https:\/\/mack4seasons.com\/#organization\",\"name\":\"Mack4Season\",\"url\":\"https:\/\/mack4seasons.com\/\",\"logo\":{\"@type\":\"ImageObject\",\"inLanguage\":\"fr-FR\",\"@id\":\"https:\/\/mack4seasons.com\/#\/schema\/logo\/image\/\",\"url\":\"https:\/\/mack4seasons.com\/wp-content\/uploads\/2021\/06\/w-MACK-logo-pantone-02A19E.png\",\"contentUrl\":\"https:\/\/mack4seasons.com\/wp-content\/uploads\/2021\/06\/w-MACK-logo-pantone-02A19E.png\",\"width\":809,\"height\":425,\"caption\":\"Mack4Season\"},\"image\":{\"@id\":\"https:\/\/mack4seasons.com\/#\/schema\/logo\/image\/\"},\"sameAs\":[\"https:\/\/www.facebook.com\/profile.php?id=100075990468585\"]}]}<\/script>\n<!-- \/ Yoast SEO plugin. -->","yoast_head_json":{"title":"Motoriduttore per stufe e caldaie a pellet Etna Codice M4S1ETN - Mack4Season","robots":{"index":"index","follow":"follow","max-snippet":"max-snippet:-1","max-image-preview":"max-image-preview:large","max-video-preview":"max-video-preview:-1"},"canonical":"https:\/\/mack4seasons.com\/fr\/negozio\/etna\/motoriduttore-per-stufe-e-caldaie-a-pellet-etna-codice-m4s1etn\/","og_locale":"fr_FR","og_type":"article","og_title":"Motoriduttore per stufe e caldaie a pellet Etna Codice M4S1ETN - Mack4Season","og_description":"Motoriduttore per stufe e caldaie a pellet Etna Codice M4S1ETN Per i seguenti modelli di stufe e caldaie a pellet Etna: AMANZA BAGGIA BALIUTRA BANED UP CAMBOMBIA CAYENNE CHICHIME CIPRIANU FANGO FOLACA GIULIA KUANID UP LAVEZZI MAOQUI MIGNON NARGANA NONZA ORCINO PERRO PINARELLO REDONDA RICANTO ROCCAPINA RONDINARA SALECCIA SALERD UP SPERONE TONNARA &nbsp;","og_url":"https:\/\/mack4seasons.com\/fr\/negozio\/etna\/motoriduttore-per-stufe-e-caldaie-a-pellet-etna-codice-m4s1etn\/","og_site_name":"Mack4Season","article_publisher":"https:\/\/www.facebook.com\/profile.php?id=100075990468585","og_image":[{"width":960,"height":960,"url":"https:\/\/mack4seasons.com\/wp-content\/uploads\/2024\/06\/w-SITO-MOTOR-09-32.jpg","type":"image\/jpeg"}],"twitter_card":"summary_large_image","twitter_misc":{"Dur\u00e9e de lecture estim\u00e9e":"1 minute"},"schema":{"@context":"https:\/\/schema.org","@graph":[{"@type":"WebPage","@id":"https:\/\/mack4seasons.com\/negozio\/etna\/motoriduttore-per-stufe-e-caldaie-a-pellet-etna-codice-m4s1etn\/","url":"https:\/\/mack4seasons.com\/negozio\/etna\/motoriduttore-per-stufe-e-caldaie-a-pellet-etna-codice-m4s1etn\/","name":"Motoriduttore per stufe e caldaie a pellet Etna Codice M4S1ETN - Mack4Season","isPartOf":{"@id":"https:\/\/mack4seasons.com\/#website"},"primaryImageOfPage":{"@id":"https:\/\/mack4seasons.com\/negozio\/etna\/motoriduttore-per-stufe-e-caldaie-a-pellet-etna-codice-m4s1etn\/#primaryimage"},"image":{"@id":"https:\/\/mack4seasons.com\/negozio\/etna\/motoriduttore-per-stufe-e-caldaie-a-pellet-etna-codice-m4s1etn\/#primaryimage"},"thumbnailUrl":"https:\/\/mack4seasons.com\/wp-content\/uploads\/2024\/06\/w-SITO-MOTOR-09-32.jpg","datePublished":"2024-06-21T15:08:29+00:00","breadcrumb":{"@id":"https:\/\/mack4seasons.com\/negozio\/etna\/motoriduttore-per-stufe-e-caldaie-a-pellet-etna-codice-m4s1etn\/#breadcrumb"},"inLanguage":"fr-FR","potentialAction":[{"@type":"ReadAction","target":["https:\/\/mack4seasons.com\/negozio\/etna\/motoriduttore-per-stufe-e-caldaie-a-pellet-etna-codice-m4s1etn\/"]}]},{"@type":"ImageObject","inLanguage":"fr-FR","@id":"https:\/\/mack4seasons.com\/negozio\/etna\/motoriduttore-per-stufe-e-caldaie-a-pellet-etna-codice-m4s1etn\/#primaryimage","url":"https:\/\/mack4seasons.com\/wp-content\/uploads\/2024\/06\/w-SITO-MOTOR-09-32.jpg","contentUrl":"https:\/\/mack4seasons.com\/wp-content\/uploads\/2024\/06\/w-SITO-MOTOR-09-32.jpg","width":960,"height":960,"caption":"Motoriduttore per stufe e caldaie a pellet Etna Codice M4S1ETN Per i seguenti modelli di stufe e caldaie a pellet Etna: AMANZA BAGGIA BALIUTRA BANED UP CAMBOMBIA CAYENNE CHICHIME CIPRIANU FANGO FOLACA GIULIA KUANID UP LAVEZZI MAOQUI MIGNON NARGANA NONZA ORCINO PERRO PINARELLO REDONDA RICANTO ROCCAPINA RONDINARA SALECCIA SALERD UP SPERONE TONNARA"},{"@type":"BreadcrumbList","@id":"https:\/\/mack4seasons.com\/negozio\/etna\/motoriduttore-per-stufe-e-caldaie-a-pellet-etna-codice-m4s1etn\/#breadcrumb","itemListElement":[{"@type":"ListItem","position":1,"name":"Home","item":"https:\/\/mack4seasons.com\/ricambi-accessori-stufe-e-caldaie-pellet\/"},{"@type":"ListItem","position":2,"name":"Shop","item":"https:\/\/mack4seasons.com\/negozio\/"},{"@type":"ListItem","position":3,"name":"Motoriduttore per stufe e caldaie a pellet Etna Codice M4S1ETN"}]},{"@type":"WebSite","@id":"https:\/\/mack4seasons.com\/#website","url":"https:\/\/mack4seasons.com\/","name":"Mack4Season","description":"Pour le confort thermique de votre maison","publisher":{"@id":"https:\/\/mack4seasons.com\/#organization"},"potentialAction":[{"@type":"SearchAction","target":{"@type":"EntryPoint","urlTemplate":"https:\/\/mack4seasons.com\/?s={search_term_string}"},"query-input":{"@type":"PropertyValueSpecification","valueRequired":true,"valueName":"search_term_string"}}],"inLanguage":"fr-FR"},{"@type":"Organization","@id":"https:\/\/mack4seasons.com\/#organization","name":"Mack4Season","url":"https:\/\/mack4seasons.com\/","logo":{"@type":"ImageObject","inLanguage":"fr-FR","@id":"https:\/\/mack4seasons.com\/#\/schema\/logo\/image\/","url":"https:\/\/mack4seasons.com\/wp-content\/uploads\/2021\/06\/w-MACK-logo-pantone-02A19E.png","contentUrl":"https:\/\/mack4seasons.com\/wp-content\/uploads\/2021\/06\/w-MACK-logo-pantone-02A19E.png","width":809,"height":425,"caption":"Mack4Season"},"image":{"@id":"https:\/\/mack4seasons.com\/#\/schema\/logo\/image\/"},"sameAs":["https:\/\/www.facebook.com\/profile.php?id=100075990468585"]}]}},"_links":{"self":[{"href":"https:\/\/mack4seasons.com\/fr\/wp-json\/wp\/v2\/product\/19718","targetHints":{"allow":["GET"]}}],"collection":[{"href":"https:\/\/mack4seasons.com\/fr\/wp-json\/wp\/v2\/product"}],"about":[{"href":"https:\/\/mack4seasons.com\/fr\/wp-json\/wp\/v2\/types\/product"}],"wp:featuredmedia":[{"embeddable":true,"href":"https:\/\/mack4seasons.com\/fr\/wp-json\/wp\/v2\/media\/19719"}],"wp:attachment":[{"href":"https:\/\/mack4seasons.com\/fr\/wp-json\/wp\/v2\/media?parent=19718"}],"wp:term":[{"taxonomy":"product_brand","embeddable":true,"href":"https:\/\/mack4seasons.com\/fr\/wp-json\/wp\/v2\/product_brand?post=19718"},{"taxonomy":"product_cat","embeddable":true,"href":"https:\/\/mack4seasons.com\/fr\/wp-json\/wp\/v2\/product_cat?post=19718"},{"taxonomy":"product_tag","embeddable":true,"href":"https:\/\/mack4seasons.com\/fr\/wp-json\/wp\/v2\/product_tag?post=19718"}],"curies":[{"name":"wp","href":"https:\/\/api.w.org\/{rel}","templated":true}]}}