{"id":19509,"date":"2024-06-19T14:14:10","date_gmt":"2024-06-19T14:14:10","guid":{"rendered":"https:\/\/mack4seasons.com\/?post_type=product&#038;p=19509"},"modified":"2024-06-21T07:30:03","modified_gmt":"2024-06-21T07:30:03","slug":"ventilatore-tangenziale-trial-codice-tas48b-031-d8-lunghezza-ventola-485-mm-lunghezza-totale-576-mm","status":"publish","type":"product","link":"https:\/\/mack4seasons.com\/fr\/negozio\/ricambi-vari-stufe-caldaie\/ventilatori-tangenziali-flusso-trasversale\/ventilatori-tangenziali-trial\/ventilatori-tangenziali-trial-o-60mm\/ventilatore-tangenziale-trial-codice-tas48b-031-d8-lunghezza-ventola-485-mm-lunghezza-totale-576-mm\/","title":{"rendered":"Ventilateur tangentiel Code d'essai TAS48B-031-D8 - Longueur du ventilateur 485 mm - Longueur totale 576 mm"},"content":{"rendered":"<p>Codice TAS48B-031-D8<\/p>\n<p>Moteur  droite<br \/>\nVentilateur \u00f8 60 mm<br \/>\nLunghezza ventola 485 mm<br \/>\nLunghezza totale : 576 mm<br \/>\nHauteur totale : 83 mm<br \/>\nIngombro profondit\u00e0 : 105 mm<br \/>\nDimensioni bochetta : 38 x 487 mm<br \/>\nPortata : 460 m\u00b3\/h<br \/>\nAltezza pacco : 40 mm<br \/>\nPotenza : 58 W<br \/>\nProtezione termica 140<\/p>\n<h3>Les avantages de MACK FOUR SEASONS :<\/h3>\n<p>MACK FOUR SEASONS peut \u00e9galement fournir une gamme d\u2019accessoires et de pi\u00e8ces de rechange et de composants pour tous les po\u00eales et chaudi\u00e8res \u00e0 pellets pr\u00e9sents sur le march\u00e9.<br \/>\nVous trouverez sur notre e-commerce toujours disponible en stock toutes les pi\u00e8ces de premi\u00e8re n\u00e9cessit\u00e9.<br \/>\nLe personnel de MACK FOUR SEASONS a \u00e9t\u00e9 form\u00e9 avec soin pour vous aider \u00e0 identifier les \u00e9ventuels composants \u00e0 remplacer en offrant une assistance t\u00e9l\u00e9phonique en fran\u00e7ais, anglais, roumain et italien.<br \/>\nMACK FOUR SEASONS<br \/>\nN\u2019h\u00e9sitez pas \u00e0 nous contacter pour toute information.<\/p>","protected":false},"excerpt":{"rendered":"<h2>Disponible<\/h2>","protected":false},"featured_media":19581,"template":"","meta":[],"product_brand":[],"product_cat":[812,926,927,930],"product_tag":[],"class_list":{"0":"post-19509","1":"product","2":"type-product","3":"status-publish","4":"has-post-thumbnail","6":"product_cat-ricambi-vari-stufe-caldaie","7":"product_cat-ventilatori-tangenziali-flusso-trasversale","8":"product_cat-ventilatori-tangenziali-trial","9":"product_cat-ventilatori-tangenziali-trial-o-60mm","10":"product_shipping_class-classe-di-spedizione-02","12":"first","13":"instock","14":"taxable","15":"shipping-taxable","16":"purchasable","17":"product-type-simple"},"yoast_head":"<!-- This site is optimized with the Yoast SEO plugin v26.3 - https:\/\/yoast.com\/wordpress\/plugins\/seo\/ -->\n<title>Ventilatore tangenziale Trial \u00f8 60 mm ventola 485 mm<\/title>\n<meta name=\"description\" content=\"Ventilatore tangenziale Trial \u00f8 60 mm ventola 485 mm-Ventilatore ambiente tangenziale stufe a pellet-Ventilatore aria calda tangenziale per stufa a pellet\" \/>\n<meta name=\"robots\" content=\"index, follow, max-snippet:-1, max-image-preview:large, max-video-preview:-1\" \/>\n<link rel=\"canonical\" href=\"https:\/\/mack4seasons.com\/fr\/negozio\/ricambi-vari-stufe-caldaie\/ventilatori-tangenziali-flusso-trasversale\/ventilatori-tangenziali-trial\/ventilatori-tangenziali-trial-o-60mm\/ventilatore-tangenziale-trial-codice-tas48b-031-d8-lunghezza-ventola-485-mm-lunghezza-totale-576-mm\/\" \/>\n<meta property=\"og:locale\" content=\"fr_FR\" \/>\n<meta property=\"og:type\" content=\"article\" \/>\n<meta property=\"og:title\" content=\"Ventilatore tangenziale Trial \u00f8 60 mm ventola 485 mm\" \/>\n<meta property=\"og:description\" content=\"Ventilatore tangenziale Trial \u00f8 60 mm ventola 485 mm-Ventilatore ambiente tangenziale stufe a pellet-Ventilatore aria calda tangenziale per stufa a pellet\" \/>\n<meta property=\"og:url\" content=\"https:\/\/mack4seasons.com\/fr\/negozio\/ricambi-vari-stufe-caldaie\/ventilatori-tangenziali-flusso-trasversale\/ventilatori-tangenziali-trial\/ventilatori-tangenziali-trial-o-60mm\/ventilatore-tangenziale-trial-codice-tas48b-031-d8-lunghezza-ventola-485-mm-lunghezza-totale-576-mm\/\" \/>\n<meta property=\"og:site_name\" content=\"Mack4Season\" \/>\n<meta property=\"article:publisher\" content=\"https:\/\/www.facebook.com\/profile.php?id=100075990468585\" \/>\n<meta property=\"article:modified_time\" content=\"2024-06-21T07:30:03+00:00\" \/>\n<meta property=\"og:image\" content=\"https:\/\/mack4seasons.com\/wp-content\/uploads\/2024\/06\/TAS48B031D8.jpg\" \/>\n\t<meta property=\"og:image:width\" content=\"960\" \/>\n\t<meta property=\"og:image:height\" content=\"960\" \/>\n\t<meta property=\"og:image:type\" content=\"image\/jpeg\" \/>\n<meta name=\"twitter:card\" content=\"summary_large_image\" \/>\n<meta name=\"twitter:label1\" content=\"Dur\u00e9e de lecture estim\u00e9e\" \/>\n\t<meta name=\"twitter:data1\" content=\"1 minute\" \/>\n<script type=\"application\/ld+json\" class=\"yoast-schema-graph\">{\"@context\":\"https:\/\/schema.org\",\"@graph\":[{\"@type\":\"WebPage\",\"@id\":\"https:\/\/mack4seasons.com\/negozio\/ricambi-vari-stufe-caldaie\/ventilatori-tangenziali-flusso-trasversale\/ventilatori-tangenziali-trial\/ventilatori-tangenziali-trial-o-60mm\/ventilatore-tangenziale-trial-codice-tas48b-031-d8-lunghezza-ventola-485-mm-lunghezza-totale-576-mm\/\",\"url\":\"https:\/\/mack4seasons.com\/negozio\/ricambi-vari-stufe-caldaie\/ventilatori-tangenziali-flusso-trasversale\/ventilatori-tangenziali-trial\/ventilatori-tangenziali-trial-o-60mm\/ventilatore-tangenziale-trial-codice-tas48b-031-d8-lunghezza-ventola-485-mm-lunghezza-totale-576-mm\/\",\"name\":\"Ventilatore tangenziale Trial \u00f8 60 mm ventola 485 mm\",\"isPartOf\":{\"@id\":\"https:\/\/mack4seasons.com\/#website\"},\"primaryImageOfPage\":{\"@id\":\"https:\/\/mack4seasons.com\/negozio\/ricambi-vari-stufe-caldaie\/ventilatori-tangenziali-flusso-trasversale\/ventilatori-tangenziali-trial\/ventilatori-tangenziali-trial-o-60mm\/ventilatore-tangenziale-trial-codice-tas48b-031-d8-lunghezza-ventola-485-mm-lunghezza-totale-576-mm\/#primaryimage\"},\"image\":{\"@id\":\"https:\/\/mack4seasons.com\/negozio\/ricambi-vari-stufe-caldaie\/ventilatori-tangenziali-flusso-trasversale\/ventilatori-tangenziali-trial\/ventilatori-tangenziali-trial-o-60mm\/ventilatore-tangenziale-trial-codice-tas48b-031-d8-lunghezza-ventola-485-mm-lunghezza-totale-576-mm\/#primaryimage\"},\"thumbnailUrl\":\"https:\/\/mack4seasons.com\/wp-content\/uploads\/2024\/06\/TAS48B031D8.jpg\",\"datePublished\":\"2024-06-19T14:14:10+00:00\",\"dateModified\":\"2024-06-21T07:30:03+00:00\",\"description\":\"Ventilatore tangenziale Trial \u00f8 60 mm ventola 485 mm-Ventilatore ambiente tangenziale stufe a pellet-Ventilatore aria calda tangenziale per stufa a pellet\",\"breadcrumb\":{\"@id\":\"https:\/\/mack4seasons.com\/negozio\/ricambi-vari-stufe-caldaie\/ventilatori-tangenziali-flusso-trasversale\/ventilatori-tangenziali-trial\/ventilatori-tangenziali-trial-o-60mm\/ventilatore-tangenziale-trial-codice-tas48b-031-d8-lunghezza-ventola-485-mm-lunghezza-totale-576-mm\/#breadcrumb\"},\"inLanguage\":\"fr-FR\",\"potentialAction\":[{\"@type\":\"ReadAction\",\"target\":[\"https:\/\/mack4seasons.com\/negozio\/ricambi-vari-stufe-caldaie\/ventilatori-tangenziali-flusso-trasversale\/ventilatori-tangenziali-trial\/ventilatori-tangenziali-trial-o-60mm\/ventilatore-tangenziale-trial-codice-tas48b-031-d8-lunghezza-ventola-485-mm-lunghezza-totale-576-mm\/\"]}]},{\"@type\":\"ImageObject\",\"inLanguage\":\"fr-FR\",\"@id\":\"https:\/\/mack4seasons.com\/negozio\/ricambi-vari-stufe-caldaie\/ventilatori-tangenziali-flusso-trasversale\/ventilatori-tangenziali-trial\/ventilatori-tangenziali-trial-o-60mm\/ventilatore-tangenziale-trial-codice-tas48b-031-d8-lunghezza-ventola-485-mm-lunghezza-totale-576-mm\/#primaryimage\",\"url\":\"https:\/\/mack4seasons.com\/wp-content\/uploads\/2024\/06\/TAS48B031D8.jpg\",\"contentUrl\":\"https:\/\/mack4seasons.com\/wp-content\/uploads\/2024\/06\/TAS48B031D8.jpg\",\"width\":960,\"height\":960,\"caption\":\"Ventilatore tangenziale Trial Codice TAS42B-018-D6 - Lunghezza ventola 424 mm - Lunghezza totale 501 mm\"},{\"@type\":\"BreadcrumbList\",\"@id\":\"https:\/\/mack4seasons.com\/negozio\/ricambi-vari-stufe-caldaie\/ventilatori-tangenziali-flusso-trasversale\/ventilatori-tangenziali-trial\/ventilatori-tangenziali-trial-o-60mm\/ventilatore-tangenziale-trial-codice-tas48b-031-d8-lunghezza-ventola-485-mm-lunghezza-totale-576-mm\/#breadcrumb\",\"itemListElement\":[{\"@type\":\"ListItem\",\"position\":1,\"name\":\"Home\",\"item\":\"https:\/\/mack4seasons.com\/ricambi-accessori-stufe-e-caldaie-pellet\/\"},{\"@type\":\"ListItem\",\"position\":2,\"name\":\"Shop\",\"item\":\"https:\/\/mack4seasons.com\/negozio\/\"},{\"@type\":\"ListItem\",\"position\":3,\"name\":\"Ventilatore tangenziale Trial Codice TAS48B-031-D8 &#8211; Lunghezza ventola 485 mm &#8211; Lunghezza totale 576 mm\"}]},{\"@type\":\"WebSite\",\"@id\":\"https:\/\/mack4seasons.com\/#website\",\"url\":\"https:\/\/mack4seasons.com\/\",\"name\":\"Mack4Season\",\"description\":\"Per il comfort termico della tua casa\",\"publisher\":{\"@id\":\"https:\/\/mack4seasons.com\/#organization\"},\"potentialAction\":[{\"@type\":\"SearchAction\",\"target\":{\"@type\":\"EntryPoint\",\"urlTemplate\":\"https:\/\/mack4seasons.com\/?s={search_term_string}\"},\"query-input\":{\"@type\":\"PropertyValueSpecification\",\"valueRequired\":true,\"valueName\":\"search_term_string\"}}],\"inLanguage\":\"fr-FR\"},{\"@type\":\"Organization\",\"@id\":\"https:\/\/mack4seasons.com\/#organization\",\"name\":\"Mack4Season\",\"url\":\"https:\/\/mack4seasons.com\/\",\"logo\":{\"@type\":\"ImageObject\",\"inLanguage\":\"fr-FR\",\"@id\":\"https:\/\/mack4seasons.com\/#\/schema\/logo\/image\/\",\"url\":\"https:\/\/mack4seasons.com\/wp-content\/uploads\/2021\/06\/w-MACK-logo-pantone-02A19E.png\",\"contentUrl\":\"https:\/\/mack4seasons.com\/wp-content\/uploads\/2021\/06\/w-MACK-logo-pantone-02A19E.png\",\"width\":809,\"height\":425,\"caption\":\"Mack4Season\"},\"image\":{\"@id\":\"https:\/\/mack4seasons.com\/#\/schema\/logo\/image\/\"},\"sameAs\":[\"https:\/\/www.facebook.com\/profile.php?id=100075990468585\"]}]}<\/script>\n<!-- \/ Yoast SEO plugin. -->","yoast_head_json":{"title":"Ventilatore tangenziale Trial \u00f8 60 mm ventola 485 mm","description":"Ventilatore tangenziale Trial \u00f8 60 mm ventola 485 mm-Ventilatore ambiente tangenziale stufe a pellet-Ventilatore aria calda tangenziale per stufa a pellet","robots":{"index":"index","follow":"follow","max-snippet":"max-snippet:-1","max-image-preview":"max-image-preview:large","max-video-preview":"max-video-preview:-1"},"canonical":"https:\/\/mack4seasons.com\/fr\/negozio\/ricambi-vari-stufe-caldaie\/ventilatori-tangenziali-flusso-trasversale\/ventilatori-tangenziali-trial\/ventilatori-tangenziali-trial-o-60mm\/ventilatore-tangenziale-trial-codice-tas48b-031-d8-lunghezza-ventola-485-mm-lunghezza-totale-576-mm\/","og_locale":"fr_FR","og_type":"article","og_title":"Ventilatore tangenziale Trial \u00f8 60 mm ventola 485 mm","og_description":"Ventilatore tangenziale Trial \u00f8 60 mm ventola 485 mm-Ventilatore ambiente tangenziale stufe a pellet-Ventilatore aria calda tangenziale per stufa a pellet","og_url":"https:\/\/mack4seasons.com\/fr\/negozio\/ricambi-vari-stufe-caldaie\/ventilatori-tangenziali-flusso-trasversale\/ventilatori-tangenziali-trial\/ventilatori-tangenziali-trial-o-60mm\/ventilatore-tangenziale-trial-codice-tas48b-031-d8-lunghezza-ventola-485-mm-lunghezza-totale-576-mm\/","og_site_name":"Mack4Season","article_publisher":"https:\/\/www.facebook.com\/profile.php?id=100075990468585","article_modified_time":"2024-06-21T07:30:03+00:00","og_image":[{"width":960,"height":960,"url":"https:\/\/mack4seasons.com\/wp-content\/uploads\/2024\/06\/TAS48B031D8.jpg","type":"image\/jpeg"}],"twitter_card":"summary_large_image","twitter_misc":{"Dur\u00e9e de lecture estim\u00e9e":"1 minute"},"schema":{"@context":"https:\/\/schema.org","@graph":[{"@type":"WebPage","@id":"https:\/\/mack4seasons.com\/negozio\/ricambi-vari-stufe-caldaie\/ventilatori-tangenziali-flusso-trasversale\/ventilatori-tangenziali-trial\/ventilatori-tangenziali-trial-o-60mm\/ventilatore-tangenziale-trial-codice-tas48b-031-d8-lunghezza-ventola-485-mm-lunghezza-totale-576-mm\/","url":"https:\/\/mack4seasons.com\/negozio\/ricambi-vari-stufe-caldaie\/ventilatori-tangenziali-flusso-trasversale\/ventilatori-tangenziali-trial\/ventilatori-tangenziali-trial-o-60mm\/ventilatore-tangenziale-trial-codice-tas48b-031-d8-lunghezza-ventola-485-mm-lunghezza-totale-576-mm\/","name":"Ventilatore tangenziale Trial \u00f8 60 mm ventola 485 mm","isPartOf":{"@id":"https:\/\/mack4seasons.com\/#website"},"primaryImageOfPage":{"@id":"https:\/\/mack4seasons.com\/negozio\/ricambi-vari-stufe-caldaie\/ventilatori-tangenziali-flusso-trasversale\/ventilatori-tangenziali-trial\/ventilatori-tangenziali-trial-o-60mm\/ventilatore-tangenziale-trial-codice-tas48b-031-d8-lunghezza-ventola-485-mm-lunghezza-totale-576-mm\/#primaryimage"},"image":{"@id":"https:\/\/mack4seasons.com\/negozio\/ricambi-vari-stufe-caldaie\/ventilatori-tangenziali-flusso-trasversale\/ventilatori-tangenziali-trial\/ventilatori-tangenziali-trial-o-60mm\/ventilatore-tangenziale-trial-codice-tas48b-031-d8-lunghezza-ventola-485-mm-lunghezza-totale-576-mm\/#primaryimage"},"thumbnailUrl":"https:\/\/mack4seasons.com\/wp-content\/uploads\/2024\/06\/TAS48B031D8.jpg","datePublished":"2024-06-19T14:14:10+00:00","dateModified":"2024-06-21T07:30:03+00:00","description":"Ventilatore tangenziale Trial \u00f8 60 mm ventola 485 mm-Ventilatore ambiente tangenziale stufe a pellet-Ventilatore aria calda tangenziale per stufa a pellet","breadcrumb":{"@id":"https:\/\/mack4seasons.com\/negozio\/ricambi-vari-stufe-caldaie\/ventilatori-tangenziali-flusso-trasversale\/ventilatori-tangenziali-trial\/ventilatori-tangenziali-trial-o-60mm\/ventilatore-tangenziale-trial-codice-tas48b-031-d8-lunghezza-ventola-485-mm-lunghezza-totale-576-mm\/#breadcrumb"},"inLanguage":"fr-FR","potentialAction":[{"@type":"ReadAction","target":["https:\/\/mack4seasons.com\/negozio\/ricambi-vari-stufe-caldaie\/ventilatori-tangenziali-flusso-trasversale\/ventilatori-tangenziali-trial\/ventilatori-tangenziali-trial-o-60mm\/ventilatore-tangenziale-trial-codice-tas48b-031-d8-lunghezza-ventola-485-mm-lunghezza-totale-576-mm\/"]}]},{"@type":"ImageObject","inLanguage":"fr-FR","@id":"https:\/\/mack4seasons.com\/negozio\/ricambi-vari-stufe-caldaie\/ventilatori-tangenziali-flusso-trasversale\/ventilatori-tangenziali-trial\/ventilatori-tangenziali-trial-o-60mm\/ventilatore-tangenziale-trial-codice-tas48b-031-d8-lunghezza-ventola-485-mm-lunghezza-totale-576-mm\/#primaryimage","url":"https:\/\/mack4seasons.com\/wp-content\/uploads\/2024\/06\/TAS48B031D8.jpg","contentUrl":"https:\/\/mack4seasons.com\/wp-content\/uploads\/2024\/06\/TAS48B031D8.jpg","width":960,"height":960,"caption":"Ventilatore tangenziale Trial Codice TAS42B-018-D6 - Lunghezza ventola 424 mm - Lunghezza totale 501 mm"},{"@type":"BreadcrumbList","@id":"https:\/\/mack4seasons.com\/negozio\/ricambi-vari-stufe-caldaie\/ventilatori-tangenziali-flusso-trasversale\/ventilatori-tangenziali-trial\/ventilatori-tangenziali-trial-o-60mm\/ventilatore-tangenziale-trial-codice-tas48b-031-d8-lunghezza-ventola-485-mm-lunghezza-totale-576-mm\/#breadcrumb","itemListElement":[{"@type":"ListItem","position":1,"name":"Home","item":"https:\/\/mack4seasons.com\/ricambi-accessori-stufe-e-caldaie-pellet\/"},{"@type":"ListItem","position":2,"name":"Shop","item":"https:\/\/mack4seasons.com\/negozio\/"},{"@type":"ListItem","position":3,"name":"Ventilatore tangenziale Trial Codice TAS48B-031-D8 &#8211; Lunghezza ventola 485 mm &#8211; Lunghezza totale 576 mm"}]},{"@type":"WebSite","@id":"https:\/\/mack4seasons.com\/#website","url":"https:\/\/mack4seasons.com\/","name":"Mack4Season","description":"Pour le confort thermique de votre maison","publisher":{"@id":"https:\/\/mack4seasons.com\/#organization"},"potentialAction":[{"@type":"SearchAction","target":{"@type":"EntryPoint","urlTemplate":"https:\/\/mack4seasons.com\/?s={search_term_string}"},"query-input":{"@type":"PropertyValueSpecification","valueRequired":true,"valueName":"search_term_string"}}],"inLanguage":"fr-FR"},{"@type":"Organization","@id":"https:\/\/mack4seasons.com\/#organization","name":"Mack4Season","url":"https:\/\/mack4seasons.com\/","logo":{"@type":"ImageObject","inLanguage":"fr-FR","@id":"https:\/\/mack4seasons.com\/#\/schema\/logo\/image\/","url":"https:\/\/mack4seasons.com\/wp-content\/uploads\/2021\/06\/w-MACK-logo-pantone-02A19E.png","contentUrl":"https:\/\/mack4seasons.com\/wp-content\/uploads\/2021\/06\/w-MACK-logo-pantone-02A19E.png","width":809,"height":425,"caption":"Mack4Season"},"image":{"@id":"https:\/\/mack4seasons.com\/#\/schema\/logo\/image\/"},"sameAs":["https:\/\/www.facebook.com\/profile.php?id=100075990468585"]}]}},"_links":{"self":[{"href":"https:\/\/mack4seasons.com\/fr\/wp-json\/wp\/v2\/product\/19509","targetHints":{"allow":["GET"]}}],"collection":[{"href":"https:\/\/mack4seasons.com\/fr\/wp-json\/wp\/v2\/product"}],"about":[{"href":"https:\/\/mack4seasons.com\/fr\/wp-json\/wp\/v2\/types\/product"}],"wp:featuredmedia":[{"embeddable":true,"href":"https:\/\/mack4seasons.com\/fr\/wp-json\/wp\/v2\/media\/19581"}],"wp:attachment":[{"href":"https:\/\/mack4seasons.com\/fr\/wp-json\/wp\/v2\/media?parent=19509"}],"wp:term":[{"taxonomy":"product_brand","embeddable":true,"href":"https:\/\/mack4seasons.com\/fr\/wp-json\/wp\/v2\/product_brand?post=19509"},{"taxonomy":"product_cat","embeddable":true,"href":"https:\/\/mack4seasons.com\/fr\/wp-json\/wp\/v2\/product_cat?post=19509"},{"taxonomy":"product_tag","embeddable":true,"href":"https:\/\/mack4seasons.com\/fr\/wp-json\/wp\/v2\/product_tag?post=19509"}],"curies":[{"name":"wp","href":"https:\/\/api.w.org\/{rel}","templated":true}]}}