{"id":19277,"date":"2024-05-15T07:29:41","date_gmt":"2024-05-15T07:29:41","guid":{"rendered":"https:\/\/mack4seasons.com\/?post_type=product&#038;p=19277"},"modified":"2024-05-15T07:29:41","modified_gmt":"2024-05-15T07:29:41","slug":"motoriduttore-per-stufa-a-pellet-moretti-design-codice-mfrml30","status":"publish","type":"product","link":"https:\/\/mack4seasons.com\/fr\/negozio\/moretti-design\/motoriduttore-per-stufa-a-pellet-moretti-design-codice-mfrml30\/","title":{"rendered":"Motor\u00e9ducteur pour po\u00eale \u00e0 granul\u00e9s Moretti Design Code MFRML30\u00a0"},"content":{"rendered":"<h2>Motor\u00e9ducteur Moretti Design pour po\u00eales et chaudi\u00e8res \u00e0 pellets<\/h2>\n<p>Codice MFRML30<\/p>\n<p><strong>Pour les mod\u00e8les suivants de po\u00eales et chaudi\u00e8res \u00e0 granul\u00e9s Moretti Design :<\/strong><\/p>\n<p>ALBA<br \/>\nAQUA 11 GLASS<br \/>\nAQUA 11 IRON<br \/>\nAQUA 11 STONE<br \/>\nAQUA 12 RETRO<br \/>\nAQUA 12 SLOT<br \/>\nAQUA 13 ALL STYLE<br \/>\nAQUA 13 STYLE<br \/>\nAQUA 15 IRON<br \/>\nAQUA 15 RETRO<br \/>\nAQUA 15 STONE<br \/>\nAQUA 16 SLOT<br \/>\nAQUA 9 ALL STYLE<br \/>\nAQUA 9 STYLE<br \/>\nARTEMIDE<br \/>\nCLESSIDRA<br \/>\nCOMPACT<br \/>\nGIOIA<br \/>\nMINI 7kW<br \/>\nOLDY<br \/>\nPOSEIDON 1<br \/>\nJOLI<br \/>\nSIXTY<br \/>\nTECNIKA 15<br \/>\nTECNIKA 15 COMPACT IRIDE<br \/>\nVENERE<br \/>\nVESTA<br \/>\nZEUS<\/p>","protected":false},"excerpt":{"rendered":"<p>Motoriduttore per stufe e caldaie a pellet Moretti Design Codice MFRML30 Per i seguenti modelli di stufe e caldaie a pellet Moretti Design: ALBA AQUA 11 GLASS AQUA 11 IRON AQUA 11 STONE AQUA 12 RETRO AQUA 12 SLOT AQUA 13 ALL STYLE AQUA 13 STYLE AQUA 15 IRON AQUA 15 RETRO AQUA 15 STONE [&hellip;]<\/p>\n","protected":false},"featured_media":19279,"template":"","meta":[],"product_brand":[],"product_cat":[1841],"product_tag":[],"class_list":{"0":"post-19277","1":"product","2":"type-product","3":"status-publish","4":"has-post-thumbnail","6":"product_cat-moretti-design","7":"product_shipping_class-classe-di-spedizione-02","9":"first","10":"instock","11":"taxable","12":"shipping-taxable","13":"purchasable","14":"product-type-simple"},"yoast_head":"<!-- This site is optimized with the Yoast SEO plugin v26.3 - https:\/\/yoast.com\/wordpress\/plugins\/seo\/ -->\n<title>Motoriduttore per stufa a pellet Moretti Design Codice MFRML30\u00a0 - Mack4Season<\/title>\n<meta name=\"robots\" content=\"index, follow, max-snippet:-1, max-image-preview:large, max-video-preview:-1\" \/>\n<link rel=\"canonical\" href=\"https:\/\/mack4seasons.com\/fr\/negozio\/moretti-design\/motoriduttore-per-stufa-a-pellet-moretti-design-codice-mfrml30\/\" \/>\n<meta property=\"og:locale\" content=\"fr_FR\" \/>\n<meta property=\"og:type\" content=\"article\" \/>\n<meta property=\"og:title\" content=\"Motoriduttore per stufa a pellet Moretti Design Codice MFRML30\u00a0 - Mack4Season\" \/>\n<meta property=\"og:description\" content=\"Motoriduttore per stufe e caldaie a pellet Moretti Design Codice MFRML30 Per i seguenti modelli di stufe e caldaie a pellet Moretti Design: ALBA AQUA 11 GLASS AQUA 11 IRON AQUA 11 STONE AQUA 12 RETRO AQUA 12 SLOT AQUA 13 ALL STYLE AQUA 13 STYLE AQUA 15 IRON AQUA 15 RETRO AQUA 15 STONE [&hellip;]\" \/>\n<meta property=\"og:url\" content=\"https:\/\/mack4seasons.com\/fr\/negozio\/moretti-design\/motoriduttore-per-stufa-a-pellet-moretti-design-codice-mfrml30\/\" \/>\n<meta property=\"og:site_name\" content=\"Mack4Season\" \/>\n<meta property=\"article:publisher\" content=\"https:\/\/www.facebook.com\/profile.php?id=100075990468585\" \/>\n<meta property=\"og:image\" content=\"https:\/\/mack4seasons.com\/wp-content\/uploads\/2024\/05\/AMBZ0132-B-1.jpg\" \/>\n\t<meta property=\"og:image:width\" content=\"960\" \/>\n\t<meta property=\"og:image:height\" content=\"960\" \/>\n\t<meta property=\"og:image:type\" content=\"image\/jpeg\" \/>\n<meta name=\"twitter:card\" content=\"summary_large_image\" \/>\n<meta name=\"twitter:label1\" content=\"Dur\u00e9e de lecture estim\u00e9e\" \/>\n\t<meta name=\"twitter:data1\" content=\"1 minute\" \/>\n<script type=\"application\/ld+json\" class=\"yoast-schema-graph\">{\"@context\":\"https:\/\/schema.org\",\"@graph\":[{\"@type\":\"WebPage\",\"@id\":\"https:\/\/mack4seasons.com\/negozio\/moretti-design\/motoriduttore-per-stufa-a-pellet-moretti-design-codice-mfrml30\/\",\"url\":\"https:\/\/mack4seasons.com\/negozio\/moretti-design\/motoriduttore-per-stufa-a-pellet-moretti-design-codice-mfrml30\/\",\"name\":\"Motoriduttore per stufa a pellet Moretti Design Codice MFRML30\u00a0 - Mack4Season\",\"isPartOf\":{\"@id\":\"https:\/\/mack4seasons.com\/#website\"},\"primaryImageOfPage\":{\"@id\":\"https:\/\/mack4seasons.com\/negozio\/moretti-design\/motoriduttore-per-stufa-a-pellet-moretti-design-codice-mfrml30\/#primaryimage\"},\"image\":{\"@id\":\"https:\/\/mack4seasons.com\/negozio\/moretti-design\/motoriduttore-per-stufa-a-pellet-moretti-design-codice-mfrml30\/#primaryimage\"},\"thumbnailUrl\":\"https:\/\/mack4seasons.com\/wp-content\/uploads\/2024\/05\/AMBZ0132-B-1.jpg\",\"datePublished\":\"2024-05-15T07:29:41+00:00\",\"breadcrumb\":{\"@id\":\"https:\/\/mack4seasons.com\/negozio\/moretti-design\/motoriduttore-per-stufa-a-pellet-moretti-design-codice-mfrml30\/#breadcrumb\"},\"inLanguage\":\"fr-FR\",\"potentialAction\":[{\"@type\":\"ReadAction\",\"target\":[\"https:\/\/mack4seasons.com\/negozio\/moretti-design\/motoriduttore-per-stufa-a-pellet-moretti-design-codice-mfrml30\/\"]}]},{\"@type\":\"ImageObject\",\"inLanguage\":\"fr-FR\",\"@id\":\"https:\/\/mack4seasons.com\/negozio\/moretti-design\/motoriduttore-per-stufa-a-pellet-moretti-design-codice-mfrml30\/#primaryimage\",\"url\":\"https:\/\/mack4seasons.com\/wp-content\/uploads\/2024\/05\/AMBZ0132-B-1.jpg\",\"contentUrl\":\"https:\/\/mack4seasons.com\/wp-content\/uploads\/2024\/05\/AMBZ0132-B-1.jpg\",\"width\":960,\"height\":960,\"caption\":\"Motoriduttore per stufe e caldaie a pellet Moretti Design Codice MFRML30\u00a0 Per i seguenti modelli di stufe e caldaie a pellet Moretti Design: ALBA AQUA 11 GLASS AQUA 11 IRON AQUA 11 STONE AQUA 12 RETRO AQUA 12 SLOT\"},{\"@type\":\"BreadcrumbList\",\"@id\":\"https:\/\/mack4seasons.com\/negozio\/moretti-design\/motoriduttore-per-stufa-a-pellet-moretti-design-codice-mfrml30\/#breadcrumb\",\"itemListElement\":[{\"@type\":\"ListItem\",\"position\":1,\"name\":\"Home\",\"item\":\"https:\/\/mack4seasons.com\/ricambi-accessori-stufe-e-caldaie-pellet\/\"},{\"@type\":\"ListItem\",\"position\":2,\"name\":\"Shop\",\"item\":\"https:\/\/mack4seasons.com\/negozio\/\"},{\"@type\":\"ListItem\",\"position\":3,\"name\":\"Motoriduttore per stufa a pellet Moretti Design Codice MFRML30\u00a0\"}]},{\"@type\":\"WebSite\",\"@id\":\"https:\/\/mack4seasons.com\/#website\",\"url\":\"https:\/\/mack4seasons.com\/\",\"name\":\"Mack4Season\",\"description\":\"Per il comfort termico della tua casa\",\"publisher\":{\"@id\":\"https:\/\/mack4seasons.com\/#organization\"},\"potentialAction\":[{\"@type\":\"SearchAction\",\"target\":{\"@type\":\"EntryPoint\",\"urlTemplate\":\"https:\/\/mack4seasons.com\/?s={search_term_string}\"},\"query-input\":{\"@type\":\"PropertyValueSpecification\",\"valueRequired\":true,\"valueName\":\"search_term_string\"}}],\"inLanguage\":\"fr-FR\"},{\"@type\":\"Organization\",\"@id\":\"https:\/\/mack4seasons.com\/#organization\",\"name\":\"Mack4Season\",\"url\":\"https:\/\/mack4seasons.com\/\",\"logo\":{\"@type\":\"ImageObject\",\"inLanguage\":\"fr-FR\",\"@id\":\"https:\/\/mack4seasons.com\/#\/schema\/logo\/image\/\",\"url\":\"https:\/\/mack4seasons.com\/wp-content\/uploads\/2021\/06\/w-MACK-logo-pantone-02A19E.png\",\"contentUrl\":\"https:\/\/mack4seasons.com\/wp-content\/uploads\/2021\/06\/w-MACK-logo-pantone-02A19E.png\",\"width\":809,\"height\":425,\"caption\":\"Mack4Season\"},\"image\":{\"@id\":\"https:\/\/mack4seasons.com\/#\/schema\/logo\/image\/\"},\"sameAs\":[\"https:\/\/www.facebook.com\/profile.php?id=100075990468585\"]}]}<\/script>\n<!-- \/ Yoast SEO plugin. -->","yoast_head_json":{"title":"Motoriduttore per stufa a pellet Moretti Design Codice MFRML30\u00a0 - Mack4Season","robots":{"index":"index","follow":"follow","max-snippet":"max-snippet:-1","max-image-preview":"max-image-preview:large","max-video-preview":"max-video-preview:-1"},"canonical":"https:\/\/mack4seasons.com\/fr\/negozio\/moretti-design\/motoriduttore-per-stufa-a-pellet-moretti-design-codice-mfrml30\/","og_locale":"fr_FR","og_type":"article","og_title":"Motoriduttore per stufa a pellet Moretti Design Codice MFRML30\u00a0 - Mack4Season","og_description":"Motoriduttore per stufe e caldaie a pellet Moretti Design Codice MFRML30 Per i seguenti modelli di stufe e caldaie a pellet Moretti Design: ALBA AQUA 11 GLASS AQUA 11 IRON AQUA 11 STONE AQUA 12 RETRO AQUA 12 SLOT AQUA 13 ALL STYLE AQUA 13 STYLE AQUA 15 IRON AQUA 15 RETRO AQUA 15 STONE [&hellip;]","og_url":"https:\/\/mack4seasons.com\/fr\/negozio\/moretti-design\/motoriduttore-per-stufa-a-pellet-moretti-design-codice-mfrml30\/","og_site_name":"Mack4Season","article_publisher":"https:\/\/www.facebook.com\/profile.php?id=100075990468585","og_image":[{"width":960,"height":960,"url":"https:\/\/mack4seasons.com\/wp-content\/uploads\/2024\/05\/AMBZ0132-B-1.jpg","type":"image\/jpeg"}],"twitter_card":"summary_large_image","twitter_misc":{"Dur\u00e9e de lecture estim\u00e9e":"1 minute"},"schema":{"@context":"https:\/\/schema.org","@graph":[{"@type":"WebPage","@id":"https:\/\/mack4seasons.com\/negozio\/moretti-design\/motoriduttore-per-stufa-a-pellet-moretti-design-codice-mfrml30\/","url":"https:\/\/mack4seasons.com\/negozio\/moretti-design\/motoriduttore-per-stufa-a-pellet-moretti-design-codice-mfrml30\/","name":"Motoriduttore per stufa a pellet Moretti Design Codice MFRML30\u00a0 - Mack4Season","isPartOf":{"@id":"https:\/\/mack4seasons.com\/#website"},"primaryImageOfPage":{"@id":"https:\/\/mack4seasons.com\/negozio\/moretti-design\/motoriduttore-per-stufa-a-pellet-moretti-design-codice-mfrml30\/#primaryimage"},"image":{"@id":"https:\/\/mack4seasons.com\/negozio\/moretti-design\/motoriduttore-per-stufa-a-pellet-moretti-design-codice-mfrml30\/#primaryimage"},"thumbnailUrl":"https:\/\/mack4seasons.com\/wp-content\/uploads\/2024\/05\/AMBZ0132-B-1.jpg","datePublished":"2024-05-15T07:29:41+00:00","breadcrumb":{"@id":"https:\/\/mack4seasons.com\/negozio\/moretti-design\/motoriduttore-per-stufa-a-pellet-moretti-design-codice-mfrml30\/#breadcrumb"},"inLanguage":"fr-FR","potentialAction":[{"@type":"ReadAction","target":["https:\/\/mack4seasons.com\/negozio\/moretti-design\/motoriduttore-per-stufa-a-pellet-moretti-design-codice-mfrml30\/"]}]},{"@type":"ImageObject","inLanguage":"fr-FR","@id":"https:\/\/mack4seasons.com\/negozio\/moretti-design\/motoriduttore-per-stufa-a-pellet-moretti-design-codice-mfrml30\/#primaryimage","url":"https:\/\/mack4seasons.com\/wp-content\/uploads\/2024\/05\/AMBZ0132-B-1.jpg","contentUrl":"https:\/\/mack4seasons.com\/wp-content\/uploads\/2024\/05\/AMBZ0132-B-1.jpg","width":960,"height":960,"caption":"Motoriduttore per stufe e caldaie a pellet Moretti Design Codice MFRML30\u00a0 Per i seguenti modelli di stufe e caldaie a pellet Moretti Design: ALBA AQUA 11 GLASS AQUA 11 IRON AQUA 11 STONE AQUA 12 RETRO AQUA 12 SLOT"},{"@type":"BreadcrumbList","@id":"https:\/\/mack4seasons.com\/negozio\/moretti-design\/motoriduttore-per-stufa-a-pellet-moretti-design-codice-mfrml30\/#breadcrumb","itemListElement":[{"@type":"ListItem","position":1,"name":"Home","item":"https:\/\/mack4seasons.com\/ricambi-accessori-stufe-e-caldaie-pellet\/"},{"@type":"ListItem","position":2,"name":"Shop","item":"https:\/\/mack4seasons.com\/negozio\/"},{"@type":"ListItem","position":3,"name":"Motoriduttore per stufa a pellet Moretti Design Codice MFRML30\u00a0"}]},{"@type":"WebSite","@id":"https:\/\/mack4seasons.com\/#website","url":"https:\/\/mack4seasons.com\/","name":"Mack4Season","description":"Pour le confort thermique de votre maison","publisher":{"@id":"https:\/\/mack4seasons.com\/#organization"},"potentialAction":[{"@type":"SearchAction","target":{"@type":"EntryPoint","urlTemplate":"https:\/\/mack4seasons.com\/?s={search_term_string}"},"query-input":{"@type":"PropertyValueSpecification","valueRequired":true,"valueName":"search_term_string"}}],"inLanguage":"fr-FR"},{"@type":"Organization","@id":"https:\/\/mack4seasons.com\/#organization","name":"Mack4Season","url":"https:\/\/mack4seasons.com\/","logo":{"@type":"ImageObject","inLanguage":"fr-FR","@id":"https:\/\/mack4seasons.com\/#\/schema\/logo\/image\/","url":"https:\/\/mack4seasons.com\/wp-content\/uploads\/2021\/06\/w-MACK-logo-pantone-02A19E.png","contentUrl":"https:\/\/mack4seasons.com\/wp-content\/uploads\/2021\/06\/w-MACK-logo-pantone-02A19E.png","width":809,"height":425,"caption":"Mack4Season"},"image":{"@id":"https:\/\/mack4seasons.com\/#\/schema\/logo\/image\/"},"sameAs":["https:\/\/www.facebook.com\/profile.php?id=100075990468585"]}]}},"_links":{"self":[{"href":"https:\/\/mack4seasons.com\/fr\/wp-json\/wp\/v2\/product\/19277","targetHints":{"allow":["GET"]}}],"collection":[{"href":"https:\/\/mack4seasons.com\/fr\/wp-json\/wp\/v2\/product"}],"about":[{"href":"https:\/\/mack4seasons.com\/fr\/wp-json\/wp\/v2\/types\/product"}],"wp:featuredmedia":[{"embeddable":true,"href":"https:\/\/mack4seasons.com\/fr\/wp-json\/wp\/v2\/media\/19279"}],"wp:attachment":[{"href":"https:\/\/mack4seasons.com\/fr\/wp-json\/wp\/v2\/media?parent=19277"}],"wp:term":[{"taxonomy":"product_brand","embeddable":true,"href":"https:\/\/mack4seasons.com\/fr\/wp-json\/wp\/v2\/product_brand?post=19277"},{"taxonomy":"product_cat","embeddable":true,"href":"https:\/\/mack4seasons.com\/fr\/wp-json\/wp\/v2\/product_cat?post=19277"},{"taxonomy":"product_tag","embeddable":true,"href":"https:\/\/mack4seasons.com\/fr\/wp-json\/wp\/v2\/product_tag?post=19277"}],"curies":[{"name":"wp","href":"https:\/\/api.w.org\/{rel}","templated":true}]}}