{"id":19187,"date":"2024-05-10T08:50:51","date_gmt":"2024-05-10T08:50:51","guid":{"rendered":"https:\/\/mack4seasons.com\/?post_type=product&#038;p=19187"},"modified":"2024-05-10T08:51:42","modified_gmt":"2024-05-10T08:51:42","slug":"motoriduttore-per-stufa-a-pellet-palazzetti-codice-895700800-2","status":"publish","type":"product","link":"https:\/\/mack4seasons.com\/fr\/negozio\/palazzetti\/motoriduttore-per-stufa-a-pellet-palazzetti-codice-895700800-2\/","title":{"rendered":"Motoriduttore per stufa a pellet Palazzetti Codice 895700800PZ"},"content":{"rendered":"<h2>Motor\u00e9ducteur pour po\u00eale \u00e0 pellets et chaudi\u00e8re Palazzetti<\/h2>\n<p>Codice 895700800PZ<br \/>\n<strong> Pour les mod\u00e8les suivants de po\u00eales et chaudi\u00e8res \u00e0 granul\u00e9s Palazzetti :<\/strong><\/p>\n<p>NICOLETTA ARIA<br \/>\nCLEMY<br \/>\nECOFIRE CLASSIC<br \/>\nECOFIRE DUE CLASSIC.MINI<br \/>\nECOFIRE FEDRA<br \/>\nECOFIRE IDRO<br \/>\nECOFIRE MAXI IDRO<br \/>\nECOFIRE MINI LUX<br \/>\nECOFIRE STANDARD<br \/>\nFLORA THUN<br \/>\nFREDDY IDRO<br \/>\nFREDDY IDRO 04<br \/>\nGAJA<br \/>\nGAJA CANALIZZATA<br \/>\nGINEVRA IDRO<br \/>\nINSERIMENTO IDRO<br \/>\nLORA HYDRO<br \/>\nMOLLY-SISSY IDRO<br \/>\nMULTIFIRE 45 ARIA<br \/>\nMULTIFIRE 45 IDRO<br \/>\nNICOLETTA IDRO<br \/>\nSISSY<\/p>","protected":false},"excerpt":{"rendered":"<p>Motoriduttore per stufe e caldaie a pellet Palazzetti Codice 895700800PZ Per i seguenti modelli di stufe e caldaie a pellet Palazzetti: NICOLETTA ARIA CLEMY ECOFIRE CLASSIC ECOFIRE DUE CLASSIC.MINI ECOFIRE FEDRA ECOFIRE IDRO ECOFIRE MAXI IDRO ECOFIRE MINI LUX ECOFIRE STANDARD FLORA THUN FREDDY IDRO FREDDY IDRO 04 GAJA GAJA CANALIZZATA GINEVRA IDRO INSERIMENTO IDRO [&hellip;]<\/p>\n","protected":false},"featured_media":19188,"template":"","meta":[],"product_brand":[],"product_cat":[1803],"product_tag":[],"class_list":{"0":"post-19187","1":"product","2":"type-product","3":"status-publish","4":"has-post-thumbnail","6":"product_cat-palazzetti","7":"product_shipping_class-classe-di-spedizione-02","9":"first","10":"instock","11":"taxable","12":"shipping-taxable","13":"purchasable","14":"product-type-simple"},"yoast_head":"<!-- This site is optimized with the Yoast SEO plugin v26.3 - https:\/\/yoast.com\/wordpress\/plugins\/seo\/ -->\n<title>Motoriduttore per stufa a pellet Palazzetti Codice 895700800PZ - Mack4Season<\/title>\n<meta name=\"robots\" content=\"index, follow, max-snippet:-1, max-image-preview:large, max-video-preview:-1\" \/>\n<link rel=\"canonical\" href=\"https:\/\/mack4seasons.com\/fr\/negozio\/palazzetti\/motoriduttore-per-stufa-a-pellet-palazzetti-codice-895700800-2\/\" \/>\n<meta property=\"og:locale\" content=\"fr_FR\" \/>\n<meta property=\"og:type\" content=\"article\" \/>\n<meta property=\"og:title\" content=\"Motoriduttore per stufa a pellet Palazzetti Codice 895700800PZ - Mack4Season\" \/>\n<meta property=\"og:description\" content=\"Motoriduttore per stufe e caldaie a pellet Palazzetti Codice 895700800PZ Per i seguenti modelli di stufe e caldaie a pellet Palazzetti: NICOLETTA ARIA CLEMY ECOFIRE CLASSIC ECOFIRE DUE CLASSIC.MINI ECOFIRE FEDRA ECOFIRE IDRO ECOFIRE MAXI IDRO ECOFIRE MINI LUX ECOFIRE STANDARD FLORA THUN FREDDY IDRO FREDDY IDRO 04 GAJA GAJA CANALIZZATA GINEVRA IDRO INSERIMENTO IDRO [&hellip;]\" \/>\n<meta property=\"og:url\" content=\"https:\/\/mack4seasons.com\/fr\/negozio\/palazzetti\/motoriduttore-per-stufa-a-pellet-palazzetti-codice-895700800-2\/\" \/>\n<meta property=\"og:site_name\" content=\"Mack4Season\" \/>\n<meta property=\"article:publisher\" content=\"https:\/\/www.facebook.com\/profile.php?id=100075990468585\" \/>\n<meta property=\"article:modified_time\" content=\"2024-05-10T08:51:42+00:00\" \/>\n<meta property=\"og:image\" content=\"https:\/\/mack4seasons.com\/wp-content\/uploads\/2024\/05\/06-rotated.jpg\" \/>\n\t<meta property=\"og:image:width\" content=\"960\" \/>\n\t<meta property=\"og:image:height\" content=\"960\" \/>\n\t<meta property=\"og:image:type\" content=\"image\/jpeg\" \/>\n<meta name=\"twitter:card\" content=\"summary_large_image\" \/>\n<meta name=\"twitter:label1\" content=\"Dur\u00e9e de lecture estim\u00e9e\" \/>\n\t<meta name=\"twitter:data1\" content=\"1 minute\" \/>\n<script type=\"application\/ld+json\" class=\"yoast-schema-graph\">{\"@context\":\"https:\/\/schema.org\",\"@graph\":[{\"@type\":\"WebPage\",\"@id\":\"https:\/\/mack4seasons.com\/negozio\/palazzetti\/motoriduttore-per-stufa-a-pellet-palazzetti-codice-895700800-2\/\",\"url\":\"https:\/\/mack4seasons.com\/negozio\/palazzetti\/motoriduttore-per-stufa-a-pellet-palazzetti-codice-895700800-2\/\",\"name\":\"Motoriduttore per stufa a pellet Palazzetti Codice 895700800PZ - Mack4Season\",\"isPartOf\":{\"@id\":\"https:\/\/mack4seasons.com\/#website\"},\"primaryImageOfPage\":{\"@id\":\"https:\/\/mack4seasons.com\/negozio\/palazzetti\/motoriduttore-per-stufa-a-pellet-palazzetti-codice-895700800-2\/#primaryimage\"},\"image\":{\"@id\":\"https:\/\/mack4seasons.com\/negozio\/palazzetti\/motoriduttore-per-stufa-a-pellet-palazzetti-codice-895700800-2\/#primaryimage\"},\"thumbnailUrl\":\"https:\/\/mack4seasons.com\/wp-content\/uploads\/2024\/05\/06-rotated.jpg\",\"datePublished\":\"2024-05-10T08:50:51+00:00\",\"dateModified\":\"2024-05-10T08:51:42+00:00\",\"breadcrumb\":{\"@id\":\"https:\/\/mack4seasons.com\/negozio\/palazzetti\/motoriduttore-per-stufa-a-pellet-palazzetti-codice-895700800-2\/#breadcrumb\"},\"inLanguage\":\"fr-FR\",\"potentialAction\":[{\"@type\":\"ReadAction\",\"target\":[\"https:\/\/mack4seasons.com\/negozio\/palazzetti\/motoriduttore-per-stufa-a-pellet-palazzetti-codice-895700800-2\/\"]}]},{\"@type\":\"ImageObject\",\"inLanguage\":\"fr-FR\",\"@id\":\"https:\/\/mack4seasons.com\/negozio\/palazzetti\/motoriduttore-per-stufa-a-pellet-palazzetti-codice-895700800-2\/#primaryimage\",\"url\":\"https:\/\/mack4seasons.com\/wp-content\/uploads\/2024\/05\/06-rotated.jpg\",\"contentUrl\":\"https:\/\/mack4seasons.com\/wp-content\/uploads\/2024\/05\/06-rotated.jpg\",\"width\":960,\"height\":960,\"caption\":\"Motoriduttore per stufe e caldaie a pellet Palazzetti Codice 895700800 Per i seguenti modelli di stufe e caldaie a pellet Palazzetti: NICOLETTA ARIA CLEMY ECOFIRE CLASSIC ECOFIRE DUE CLASSIC.MINI ECOFIRE FEDRA ECOFIRE IDRO\"},{\"@type\":\"BreadcrumbList\",\"@id\":\"https:\/\/mack4seasons.com\/negozio\/palazzetti\/motoriduttore-per-stufa-a-pellet-palazzetti-codice-895700800-2\/#breadcrumb\",\"itemListElement\":[{\"@type\":\"ListItem\",\"position\":1,\"name\":\"Home\",\"item\":\"https:\/\/mack4seasons.com\/ricambi-accessori-stufe-e-caldaie-pellet\/\"},{\"@type\":\"ListItem\",\"position\":2,\"name\":\"Shop\",\"item\":\"https:\/\/mack4seasons.com\/negozio\/\"},{\"@type\":\"ListItem\",\"position\":3,\"name\":\"Motoriduttore per stufa a pellet Palazzetti Codice 895700800PZ\"}]},{\"@type\":\"WebSite\",\"@id\":\"https:\/\/mack4seasons.com\/#website\",\"url\":\"https:\/\/mack4seasons.com\/\",\"name\":\"Mack4Season\",\"description\":\"Per il comfort termico della tua casa\",\"publisher\":{\"@id\":\"https:\/\/mack4seasons.com\/#organization\"},\"potentialAction\":[{\"@type\":\"SearchAction\",\"target\":{\"@type\":\"EntryPoint\",\"urlTemplate\":\"https:\/\/mack4seasons.com\/?s={search_term_string}\"},\"query-input\":{\"@type\":\"PropertyValueSpecification\",\"valueRequired\":true,\"valueName\":\"search_term_string\"}}],\"inLanguage\":\"fr-FR\"},{\"@type\":\"Organization\",\"@id\":\"https:\/\/mack4seasons.com\/#organization\",\"name\":\"Mack4Season\",\"url\":\"https:\/\/mack4seasons.com\/\",\"logo\":{\"@type\":\"ImageObject\",\"inLanguage\":\"fr-FR\",\"@id\":\"https:\/\/mack4seasons.com\/#\/schema\/logo\/image\/\",\"url\":\"https:\/\/mack4seasons.com\/wp-content\/uploads\/2021\/06\/w-MACK-logo-pantone-02A19E.png\",\"contentUrl\":\"https:\/\/mack4seasons.com\/wp-content\/uploads\/2021\/06\/w-MACK-logo-pantone-02A19E.png\",\"width\":809,\"height\":425,\"caption\":\"Mack4Season\"},\"image\":{\"@id\":\"https:\/\/mack4seasons.com\/#\/schema\/logo\/image\/\"},\"sameAs\":[\"https:\/\/www.facebook.com\/profile.php?id=100075990468585\"]}]}<\/script>\n<!-- \/ Yoast SEO plugin. -->","yoast_head_json":{"title":"Motoriduttore per stufa a pellet Palazzetti Codice 895700800PZ - Mack4Season","robots":{"index":"index","follow":"follow","max-snippet":"max-snippet:-1","max-image-preview":"max-image-preview:large","max-video-preview":"max-video-preview:-1"},"canonical":"https:\/\/mack4seasons.com\/fr\/negozio\/palazzetti\/motoriduttore-per-stufa-a-pellet-palazzetti-codice-895700800-2\/","og_locale":"fr_FR","og_type":"article","og_title":"Motoriduttore per stufa a pellet Palazzetti Codice 895700800PZ - Mack4Season","og_description":"Motoriduttore per stufe e caldaie a pellet Palazzetti Codice 895700800PZ Per i seguenti modelli di stufe e caldaie a pellet Palazzetti: NICOLETTA ARIA CLEMY ECOFIRE CLASSIC ECOFIRE DUE CLASSIC.MINI ECOFIRE FEDRA ECOFIRE IDRO ECOFIRE MAXI IDRO ECOFIRE MINI LUX ECOFIRE STANDARD FLORA THUN FREDDY IDRO FREDDY IDRO 04 GAJA GAJA CANALIZZATA GINEVRA IDRO INSERIMENTO IDRO [&hellip;]","og_url":"https:\/\/mack4seasons.com\/fr\/negozio\/palazzetti\/motoriduttore-per-stufa-a-pellet-palazzetti-codice-895700800-2\/","og_site_name":"Mack4Season","article_publisher":"https:\/\/www.facebook.com\/profile.php?id=100075990468585","article_modified_time":"2024-05-10T08:51:42+00:00","og_image":[{"width":960,"height":960,"url":"https:\/\/mack4seasons.com\/wp-content\/uploads\/2024\/05\/06-rotated.jpg","type":"image\/jpeg"}],"twitter_card":"summary_large_image","twitter_misc":{"Dur\u00e9e de lecture estim\u00e9e":"1 minute"},"schema":{"@context":"https:\/\/schema.org","@graph":[{"@type":"WebPage","@id":"https:\/\/mack4seasons.com\/negozio\/palazzetti\/motoriduttore-per-stufa-a-pellet-palazzetti-codice-895700800-2\/","url":"https:\/\/mack4seasons.com\/negozio\/palazzetti\/motoriduttore-per-stufa-a-pellet-palazzetti-codice-895700800-2\/","name":"Motoriduttore per stufa a pellet Palazzetti Codice 895700800PZ - Mack4Season","isPartOf":{"@id":"https:\/\/mack4seasons.com\/#website"},"primaryImageOfPage":{"@id":"https:\/\/mack4seasons.com\/negozio\/palazzetti\/motoriduttore-per-stufa-a-pellet-palazzetti-codice-895700800-2\/#primaryimage"},"image":{"@id":"https:\/\/mack4seasons.com\/negozio\/palazzetti\/motoriduttore-per-stufa-a-pellet-palazzetti-codice-895700800-2\/#primaryimage"},"thumbnailUrl":"https:\/\/mack4seasons.com\/wp-content\/uploads\/2024\/05\/06-rotated.jpg","datePublished":"2024-05-10T08:50:51+00:00","dateModified":"2024-05-10T08:51:42+00:00","breadcrumb":{"@id":"https:\/\/mack4seasons.com\/negozio\/palazzetti\/motoriduttore-per-stufa-a-pellet-palazzetti-codice-895700800-2\/#breadcrumb"},"inLanguage":"fr-FR","potentialAction":[{"@type":"ReadAction","target":["https:\/\/mack4seasons.com\/negozio\/palazzetti\/motoriduttore-per-stufa-a-pellet-palazzetti-codice-895700800-2\/"]}]},{"@type":"ImageObject","inLanguage":"fr-FR","@id":"https:\/\/mack4seasons.com\/negozio\/palazzetti\/motoriduttore-per-stufa-a-pellet-palazzetti-codice-895700800-2\/#primaryimage","url":"https:\/\/mack4seasons.com\/wp-content\/uploads\/2024\/05\/06-rotated.jpg","contentUrl":"https:\/\/mack4seasons.com\/wp-content\/uploads\/2024\/05\/06-rotated.jpg","width":960,"height":960,"caption":"Motoriduttore per stufe e caldaie a pellet Palazzetti Codice 895700800 Per i seguenti modelli di stufe e caldaie a pellet Palazzetti: NICOLETTA ARIA CLEMY ECOFIRE CLASSIC ECOFIRE DUE CLASSIC.MINI ECOFIRE FEDRA ECOFIRE IDRO"},{"@type":"BreadcrumbList","@id":"https:\/\/mack4seasons.com\/negozio\/palazzetti\/motoriduttore-per-stufa-a-pellet-palazzetti-codice-895700800-2\/#breadcrumb","itemListElement":[{"@type":"ListItem","position":1,"name":"Home","item":"https:\/\/mack4seasons.com\/ricambi-accessori-stufe-e-caldaie-pellet\/"},{"@type":"ListItem","position":2,"name":"Shop","item":"https:\/\/mack4seasons.com\/negozio\/"},{"@type":"ListItem","position":3,"name":"Motoriduttore per stufa a pellet Palazzetti Codice 895700800PZ"}]},{"@type":"WebSite","@id":"https:\/\/mack4seasons.com\/#website","url":"https:\/\/mack4seasons.com\/","name":"Mack4Season","description":"Pour le confort thermique de votre maison","publisher":{"@id":"https:\/\/mack4seasons.com\/#organization"},"potentialAction":[{"@type":"SearchAction","target":{"@type":"EntryPoint","urlTemplate":"https:\/\/mack4seasons.com\/?s={search_term_string}"},"query-input":{"@type":"PropertyValueSpecification","valueRequired":true,"valueName":"search_term_string"}}],"inLanguage":"fr-FR"},{"@type":"Organization","@id":"https:\/\/mack4seasons.com\/#organization","name":"Mack4Season","url":"https:\/\/mack4seasons.com\/","logo":{"@type":"ImageObject","inLanguage":"fr-FR","@id":"https:\/\/mack4seasons.com\/#\/schema\/logo\/image\/","url":"https:\/\/mack4seasons.com\/wp-content\/uploads\/2021\/06\/w-MACK-logo-pantone-02A19E.png","contentUrl":"https:\/\/mack4seasons.com\/wp-content\/uploads\/2021\/06\/w-MACK-logo-pantone-02A19E.png","width":809,"height":425,"caption":"Mack4Season"},"image":{"@id":"https:\/\/mack4seasons.com\/#\/schema\/logo\/image\/"},"sameAs":["https:\/\/www.facebook.com\/profile.php?id=100075990468585"]}]}},"_links":{"self":[{"href":"https:\/\/mack4seasons.com\/fr\/wp-json\/wp\/v2\/product\/19187","targetHints":{"allow":["GET"]}}],"collection":[{"href":"https:\/\/mack4seasons.com\/fr\/wp-json\/wp\/v2\/product"}],"about":[{"href":"https:\/\/mack4seasons.com\/fr\/wp-json\/wp\/v2\/types\/product"}],"wp:featuredmedia":[{"embeddable":true,"href":"https:\/\/mack4seasons.com\/fr\/wp-json\/wp\/v2\/media\/19188"}],"wp:attachment":[{"href":"https:\/\/mack4seasons.com\/fr\/wp-json\/wp\/v2\/media?parent=19187"}],"wp:term":[{"taxonomy":"product_brand","embeddable":true,"href":"https:\/\/mack4seasons.com\/fr\/wp-json\/wp\/v2\/product_brand?post=19187"},{"taxonomy":"product_cat","embeddable":true,"href":"https:\/\/mack4seasons.com\/fr\/wp-json\/wp\/v2\/product_cat?post=19187"},{"taxonomy":"product_tag","embeddable":true,"href":"https:\/\/mack4seasons.com\/fr\/wp-json\/wp\/v2\/product_tag?post=19187"}],"curies":[{"name":"wp","href":"https:\/\/api.w.org\/{rel}","templated":true}]}}