{"id":18752,"date":"2024-04-10T08:38:18","date_gmt":"2024-04-10T08:38:18","guid":{"rendered":"https:\/\/mack4seasons.com\/?post_type=product&#038;p=18752"},"modified":"2024-04-10T08:38:18","modified_gmt":"2024-04-10T08:38:18","slug":"candeletta-per-stufe-e-caldaie-a-pellet-palazzetti-7","status":"publish","type":"product","link":"https:\/\/mack4seasons.com\/fr\/negozio\/palazzetti\/candeletta-per-stufe-e-caldaie-a-pellet-palazzetti-7\/","title":{"rendered":"Bougie de pr\u00e9chauffage pour po\u00eales et chaudi\u00e8res \u00e0 granul\u00e9s Palazzetti"},"content":{"rendered":"<h2>Bougie de pr\u00e9chauffage pour po\u00eales et chaudi\u00e8res \u00e0 granul\u00e9s Palazzetti<\/h2>\n<p>Codice M4S003A<br \/>\n<strong> Pour les mod\u00e8les suivants de po\u00eales et chaudi\u00e8res \u00e0 granul\u00e9s Palazzetti :<\/strong><\/p>\n<p>805707300 &#8211; ECOFIRE LETIZIA (004760080)PALAZZETTI<br \/>\n805707301 &#8211; ECOFIRE LETIZIA (004760080)PALAZZETTI<br \/>\n805707302 &#8211; ECOFIRE LETIZIA (004760080)PALAZZETTI<br \/>\n805707305 &#8211; ECOF LETIZIA (004760080)PALAZZETTI<br \/>\n805706170 &#8211; ECOFIRE TRACY CERAMICA<br \/>\n805707320 &#8211; ECOFIRE TRACY AIR (004760081)PALAZZETTI<br \/>\n805707321 &#8211; ECOFIRE TRACY AIR (004760081)PALAZZETTI<br \/>\n805707322 &#8211; ECOFIRE TRACY (004760081)PALAZZETTI<br \/>\n805707325 &#8211; ECOF TRACY AIR (004760081)PALAZZETTI<br \/>\n805707620 &#8211; ECOFIRE SLIMMY (004760190)PALAZZETTI<br \/>\n805707790 &#8211; ECOFIRE SLIMMY (004760190)PALAZZETTI<br \/>\n805707791 &#8211; ECOFIRE SLIMMY (004760190)PALAZZETTI<br \/>\n805707792 &#8211; ECOFIRE SLIMMY (004760190)PALAZZETTI<br \/>\n805707793 &#8211; ECOFIRE SLIMMY (004760190)PALAZZETTI<br \/>\n805708660 &#8211; ECOFIRE SLIMMY 6KW (004760190)PALAZZETTI<br \/>\n805708670 &#8211; ECOFIRE SLIMMY 6KW (004760190)PALAZZETTI<br \/>\n805708671 &#8211; ECOFIRE SLIMMY 6KW (004760190)PALAZZETTI<br \/>\n805708680 &#8211; ECOFIRE SLIMMY TOP GHISA(004760190)PALAZZETTI<br \/>\n805801380 &#8211; ECOFIRE SLIMMY(004760190)PALAZZETTI<br \/>\n805707330 &#8211; ECOFIRE ANGELICA (004760086)PALAZZETTI<br \/>\n805710970 &#8211; ECOFIRE ALICE (004760150)PALAZZETTI<br \/>\n805710971 &#8211; ECOFIRE ALICE (004760150)PALAZZETTI<br \/>\n805200200 &#8211; ZAIRA<br \/>\n805200210 &#8211; ZAIRA (004760067)PALAZZETTI<br \/>\n805200220 &#8211; ZAIRA (004760067)PALAZZETTI<br \/>\n805200230 &#8211; ZAIRA (004760067)PALAZZETTI<br \/>\n805707900 &#8211; ECOFIRE MARISA (004760121)PALAZZETTI<br \/>\n805706550 &#8211; ECOFIRE TRACY V10 (004760127)PALAZZETTI<br \/>\n805706560 &#8211; ECOFIRE TRACY V10 (004760127)PALAZZETTI<br \/>\n802601700 &#8211; MULTIFIRE 45 IDRO V09 (004760203)PALAZZETTI<br \/>\n802601710 &#8211; MULTIFIRE 45 IDRO V09 (004760203)PALAZZETTI<br \/>\n802601730 &#8211; MULTIFIRE 45 IDRO TOP V09 (004760203)PALAZZETTI<br \/>\n802601740 &#8211; MULTIFIRE 45 AIR V09 (004760204)PALAZZETTI<br \/>\n802601750 &#8211; MULTIFIRE 45 AIR V09 (004760204)PALAZZETTI<br \/>\n805710850 &#8211; ECOFIRE GIULIETTA (004760131)PALAZZETTI<br \/>\n805710860 &#8211; ECOFIRE GIULIETTA (004760131)PALAZZETTI<br \/>\n805710870 &#8211; ECOFIRE GIULIETTA (004760131)PALAZZETTI<br \/>\n805710880 &#8211; ECOFIRE GIULIETTA (004760131)PALAZZETTI<br \/>\n805710890 &#8211; ECOFIRE GIULIETTA (004760131)PALAZZETTI<br \/>\n805707310 &#8211; ECOFIRE ISABELLA (004760107)PALAZZETTI<br \/>\n805707980 &#8211; ECOFIRE ISABELLA V10 (004760126)PALAZZETTI<br \/>\n805706500 &#8211; ECOFIRE MARGHERITA<br \/>\n805706501 &#8211; ECOFIRE MARGHERITA NEW FLEURS (004760082)PALAZZETTI<br \/>\n805706510 &#8211; ECOFIRE MARGHERITA (004760082)PALAZZETTI<br \/>\n805706511 &#8211; ECOFIRE MARGHERITA (004760082)PALAZZETTI<br \/>\n805706512 &#8211; ECOFIRE MARGHERITA (004760082)PALAZZETTI<br \/>\n805707275 &#8211; ECOFIRE MARGHERITA (004760082)PALAZZETTI<br \/>\n805707270 &#8211; ECOFIRE MARGHERITA (004760205)PALAZZETTI<br \/>\n805707271 &#8211; ECOFIRE MARGHERITA (004760205)PALAZZETTI<br \/>\n805707290 &#8211; ECOFIRE MARGHERITA<br \/>\n805707291 &#8211; ECOFIRE MARGHERITA<br \/>\n805707292 &#8211; ECOFIRE MARGHERITA (004760205)PALAZZETTI<br \/>\n805708300 &#8211; ECOFIRE CESARE (004760084)PALAZZETTI<br \/>\n805708301 &#8211; ECOFIRE CESARE V1 (004760084)PALAZZETTI<br \/>\n805708560 &#8211; ECOFIRE ANITA-ROSA 12KW (004760252)PALAZZETTI<br \/>\n805708590 &#8211; ECOFIRE ANITA-ROSA 12KW (004760252)PALAZZETTI<br \/>\n805708610 &#8211; ECOF CARLOTTA-CRISTINA 12KW (004760255)PALAZZETTI<br \/>\n805709560 &#8211; ECOFCARLOTTA-CRIS12KW (004760255)PALAZZETTI<br \/>\n805708460 &#8211; ECOFIRE CARLA 12KW (004760266)PALAZZETTI<br \/>\n805708470 &#8211; ECOFIRE CARLA 12KW (004760266)PALAZZETTI<br \/>\n805708520 &#8211; ECOFIRE CAMILLA 12KW (004760263)PALAZZETTI<br \/>\n805708530 &#8211; ECOFIRE CAMILLA 12KW (004760263)PALAZZETTI<br \/>\n805709000 &#8211; ECOFIRE MICHELA V_1 (004760275)PALAZZETTI<br \/>\n805709080 &#8211; ECOFIRE MICHELA NC (004760275)PALAZZETTI<br \/>\n805708620 &#8211; ECOFIRE MARISA NC (004760279)PALAZZETTI<br \/>\n805709010 &#8211; ECOFIRE MARISA V_1 (004760279)PALAZZETTI<br \/>\n805709030 &#8211; ECOFIRE TRACY V_1 (004760278)PALAZZETTI<br \/>\n805709090 &#8211; ECOFIRE TRACY NC (004760278)PALAZZETTI<br \/>\n805220700 &#8211; ECOFIRE X AURORA-DIAMANTE-FENICE (004760095)PALAZZETTI<br \/>\n805706310 &#8211; ECOFIRE 12KW (004760302)PALAZZETTI<br \/>\n805706610 &#8211; ECOFIRE 12KW (004760302)PALAZZETTI<br \/>\n807710520 &#8211; DEMETRA (004760475)PALAZZETTI CHORO<br \/>\n807710521 &#8211; DEMETRA (004760475)PALAZZETTI CHORO<br \/>\n807710522 &#8211; DEMETRA (004760475)PALAZZETTI CHORO<br \/>\n805709850 &#8211; ECOFIRE MARGHERITA N100<br \/>\n805709851 &#8211; ECOFIRE MARGHERITA N100 (004760509)PALAZZETTI<br \/>\n805709852 &#8211; ECOFIRE MARGHERITA N100 (004760509)PALAZZETTI<br \/>\n805709860 &#8211; ECOFIRE MARGHERITA N100<br \/>\n805709861 &#8211; ECOFIRE MARGHERITA N100 (004760509)PALAZZETTI<br \/>\n805709880 &#8211; ECOFIRE MARGHERITA N100 (004760509)PALAZZETTI<br \/>\n805709840 &#8211; ECOFIRE TRACY N100 (004760508)PALAZZETTI<br \/>\n805709810 &#8211; ECOFIRE MICHELA N100 (004760505)PALAZZETTI<br \/>\n805709815 &#8211; MICHELA N100\/AR (004760505)PALAZZETTI<br \/>\n805709830 &#8211; ECOFIRE MARISA N100 (004760507)PALAZZETTI<br \/>\n805801070 &#8211; ECOFIRE &#8220;NADIA 12&#8221; (004760650)PALAZZETTI<br \/>\n805709470 &#8211; &#8220;JESSICA 12KW&#8221; (004760723)PALAZZETTI<br \/>\n805709471 &#8211; &#8220;JESSICA 12KW&#8221; (004760723)PALAZZETTI<br \/>\n805709472 &#8211; &#8220;JESSICA 12KW&#8221; (004760723)PALAZZETTI<br \/>\n802601720 &#8211; MULTIFIRE 45 IDRO (004760739)PALAZZETTI<br \/>\n802601770 &#8211; MULTIFIRE 45 IDRO TOP (004760739)PALAZZETTI<br \/>\n802601760 &#8211; MULTIFIRE 45\/NEW AIR (004760869)PALAZZETTI<br \/>\n805708302 &#8211; ECOFIRE CESARE II (004761105)PALAZZETTI<br \/>\n805120550 &#8211; CINDY (004761190)PALAZZETTI<br \/>\n805120570 &#8211; CINDY (004761190)PALAZZETTI<br \/>\n805200400 &#8211; GINEVRA AIR NEW (004761142)PALAZZETTI<br \/>\n805200410 &#8211; GINEVRA AIR (004761142)PALAZZETTI<br \/>\n805200420 &#8211; GINEVRA AIR NEW (004761142)PALAZZETTI<br \/>\n805200430 &#8211; GINEVRA AIR NEW (004761142)PALAZZETTI<br \/>\n805200440 &#8211; GINEVRA AIR NEW (004761142)PALAZZETTI<br \/>\n805200450 &#8211; GINEVRA AIR NEW (004761142)PALAZZETTI<br \/>\n805200460 &#8211; GINEVRA AIR NEW (004761142)PALAZZETTI<br \/>\n805708303 &#8211; ECOFIRE CESARE II V2 (004761568)PALAZZETTI<\/p>","protected":false},"excerpt":{"rendered":"<p>Candeletta per stufe e caldaie a pellet Palazzetti Codice M4S003A Per i seguenti modelli di stufe e caldaie a pellet Palazzetti: 805707300 &#8211; ECOFIRE LETIZIA (004760080)PALAZZETTI 805707301 &#8211; ECOFIRE LETIZIA (004760080)PALAZZETTI 805707302 &#8211; ECOFIRE LETIZIA (004760080)PALAZZETTI 805707305 &#8211; ECOF LETIZIA (004760080)PALAZZETTI 805706170 &#8211; ECOFIRE TRACY CERAMICA 805707320 &#8211; ECOFIRE TRACY AIR (004760081)PALAZZETTI 805707321 &#8211; ECOFIRE [&hellip;]<\/p>\n","protected":false},"featured_media":18754,"template":"","meta":[],"product_brand":[],"product_cat":[1803],"product_tag":[],"class_list":{"0":"post-18752","1":"product","2":"type-product","3":"status-publish","4":"has-post-thumbnail","6":"product_cat-palazzetti","7":"product_shipping_class-classe-di-spedizione-01","9":"first","10":"instock","11":"taxable","12":"shipping-taxable","13":"purchasable","14":"product-type-simple"},"yoast_head":"<!-- This site is optimized with the Yoast SEO plugin v26.3 - https:\/\/yoast.com\/wordpress\/plugins\/seo\/ -->\n<title>Candeletta per stufe e caldaie a pellet Palazzetti - Mack4Season<\/title>\n<meta name=\"robots\" content=\"index, follow, max-snippet:-1, max-image-preview:large, max-video-preview:-1\" \/>\n<link rel=\"canonical\" href=\"https:\/\/mack4seasons.com\/fr\/negozio\/palazzetti\/candeletta-per-stufe-e-caldaie-a-pellet-palazzetti-7\/\" \/>\n<meta property=\"og:locale\" content=\"fr_FR\" \/>\n<meta property=\"og:type\" content=\"article\" \/>\n<meta property=\"og:title\" content=\"Candeletta per stufe e caldaie a pellet Palazzetti - Mack4Season\" \/>\n<meta property=\"og:description\" content=\"Candeletta per stufe e caldaie a pellet Palazzetti Codice M4S003A Per i seguenti modelli di stufe e caldaie a pellet Palazzetti: 805707300 &#8211; ECOFIRE LETIZIA (004760080)PALAZZETTI 805707301 &#8211; ECOFIRE LETIZIA (004760080)PALAZZETTI 805707302 &#8211; ECOFIRE LETIZIA (004760080)PALAZZETTI 805707305 &#8211; ECOF LETIZIA (004760080)PALAZZETTI 805706170 &#8211; ECOFIRE TRACY CERAMICA 805707320 &#8211; ECOFIRE TRACY AIR (004760081)PALAZZETTI 805707321 &#8211; ECOFIRE [&hellip;]\" \/>\n<meta property=\"og:url\" content=\"https:\/\/mack4seasons.com\/fr\/negozio\/palazzetti\/candeletta-per-stufe-e-caldaie-a-pellet-palazzetti-7\/\" \/>\n<meta property=\"og:site_name\" content=\"Mack4Season\" \/>\n<meta property=\"article:publisher\" content=\"https:\/\/www.facebook.com\/profile.php?id=100075990468585\" \/>\n<meta property=\"og:image\" content=\"https:\/\/mack4seasons.com\/wp-content\/uploads\/2024\/04\/ELF60024-SENZA-DISEGNO-4.jpg\" \/>\n\t<meta property=\"og:image:width\" content=\"960\" \/>\n\t<meta property=\"og:image:height\" content=\"960\" \/>\n\t<meta property=\"og:image:type\" content=\"image\/jpeg\" \/>\n<meta name=\"twitter:card\" content=\"summary_large_image\" \/>\n<meta name=\"twitter:label1\" content=\"Dur\u00e9e de lecture estim\u00e9e\" \/>\n\t<meta name=\"twitter:data1\" content=\"3 minutes\" \/>\n<script type=\"application\/ld+json\" class=\"yoast-schema-graph\">{\"@context\":\"https:\/\/schema.org\",\"@graph\":[{\"@type\":\"WebPage\",\"@id\":\"https:\/\/mack4seasons.com\/negozio\/palazzetti\/candeletta-per-stufe-e-caldaie-a-pellet-palazzetti-7\/\",\"url\":\"https:\/\/mack4seasons.com\/negozio\/palazzetti\/candeletta-per-stufe-e-caldaie-a-pellet-palazzetti-7\/\",\"name\":\"Candeletta per stufe e caldaie a pellet Palazzetti - Mack4Season\",\"isPartOf\":{\"@id\":\"https:\/\/mack4seasons.com\/#website\"},\"primaryImageOfPage\":{\"@id\":\"https:\/\/mack4seasons.com\/negozio\/palazzetti\/candeletta-per-stufe-e-caldaie-a-pellet-palazzetti-7\/#primaryimage\"},\"image\":{\"@id\":\"https:\/\/mack4seasons.com\/negozio\/palazzetti\/candeletta-per-stufe-e-caldaie-a-pellet-palazzetti-7\/#primaryimage\"},\"thumbnailUrl\":\"https:\/\/mack4seasons.com\/wp-content\/uploads\/2024\/04\/ELF60024-SENZA-DISEGNO-4.jpg\",\"datePublished\":\"2024-04-10T08:38:18+00:00\",\"breadcrumb\":{\"@id\":\"https:\/\/mack4seasons.com\/negozio\/palazzetti\/candeletta-per-stufe-e-caldaie-a-pellet-palazzetti-7\/#breadcrumb\"},\"inLanguage\":\"fr-FR\",\"potentialAction\":[{\"@type\":\"ReadAction\",\"target\":[\"https:\/\/mack4seasons.com\/negozio\/palazzetti\/candeletta-per-stufe-e-caldaie-a-pellet-palazzetti-7\/\"]}]},{\"@type\":\"ImageObject\",\"inLanguage\":\"fr-FR\",\"@id\":\"https:\/\/mack4seasons.com\/negozio\/palazzetti\/candeletta-per-stufe-e-caldaie-a-pellet-palazzetti-7\/#primaryimage\",\"url\":\"https:\/\/mack4seasons.com\/wp-content\/uploads\/2024\/04\/ELF60024-SENZA-DISEGNO-4.jpg\",\"contentUrl\":\"https:\/\/mack4seasons.com\/wp-content\/uploads\/2024\/04\/ELF60024-SENZA-DISEGNO-4.jpg\",\"width\":960,\"height\":960,\"caption\":\"Candeletta per stufe e caldaie a pellet Palazzetti Codice M4S003A Per i seguenti modelli di stufe e caldaie a pellet Palazzetti:\"},{\"@type\":\"BreadcrumbList\",\"@id\":\"https:\/\/mack4seasons.com\/negozio\/palazzetti\/candeletta-per-stufe-e-caldaie-a-pellet-palazzetti-7\/#breadcrumb\",\"itemListElement\":[{\"@type\":\"ListItem\",\"position\":1,\"name\":\"Home\",\"item\":\"https:\/\/mack4seasons.com\/ricambi-accessori-stufe-e-caldaie-pellet\/\"},{\"@type\":\"ListItem\",\"position\":2,\"name\":\"Shop\",\"item\":\"https:\/\/mack4seasons.com\/negozio\/\"},{\"@type\":\"ListItem\",\"position\":3,\"name\":\"Candeletta per stufe e caldaie a pellet Palazzetti\"}]},{\"@type\":\"WebSite\",\"@id\":\"https:\/\/mack4seasons.com\/#website\",\"url\":\"https:\/\/mack4seasons.com\/\",\"name\":\"Mack4Season\",\"description\":\"Per il comfort termico della tua casa\",\"publisher\":{\"@id\":\"https:\/\/mack4seasons.com\/#organization\"},\"potentialAction\":[{\"@type\":\"SearchAction\",\"target\":{\"@type\":\"EntryPoint\",\"urlTemplate\":\"https:\/\/mack4seasons.com\/?s={search_term_string}\"},\"query-input\":{\"@type\":\"PropertyValueSpecification\",\"valueRequired\":true,\"valueName\":\"search_term_string\"}}],\"inLanguage\":\"fr-FR\"},{\"@type\":\"Organization\",\"@id\":\"https:\/\/mack4seasons.com\/#organization\",\"name\":\"Mack4Season\",\"url\":\"https:\/\/mack4seasons.com\/\",\"logo\":{\"@type\":\"ImageObject\",\"inLanguage\":\"fr-FR\",\"@id\":\"https:\/\/mack4seasons.com\/#\/schema\/logo\/image\/\",\"url\":\"https:\/\/mack4seasons.com\/wp-content\/uploads\/2021\/06\/w-MACK-logo-pantone-02A19E.png\",\"contentUrl\":\"https:\/\/mack4seasons.com\/wp-content\/uploads\/2021\/06\/w-MACK-logo-pantone-02A19E.png\",\"width\":809,\"height\":425,\"caption\":\"Mack4Season\"},\"image\":{\"@id\":\"https:\/\/mack4seasons.com\/#\/schema\/logo\/image\/\"},\"sameAs\":[\"https:\/\/www.facebook.com\/profile.php?id=100075990468585\"]}]}<\/script>\n<!-- \/ Yoast SEO plugin. -->","yoast_head_json":{"title":"Bougie de pr\u00e9chauffage pour po\u00eales et chaudi\u00e8res \u00e0 granul\u00e9s Palazzetti - Mack4Season","robots":{"index":"index","follow":"follow","max-snippet":"max-snippet:-1","max-image-preview":"max-image-preview:large","max-video-preview":"max-video-preview:-1"},"canonical":"https:\/\/mack4seasons.com\/fr\/negozio\/palazzetti\/candeletta-per-stufe-e-caldaie-a-pellet-palazzetti-7\/","og_locale":"fr_FR","og_type":"article","og_title":"Candeletta per stufe e caldaie a pellet Palazzetti - Mack4Season","og_description":"Candeletta per stufe e caldaie a pellet Palazzetti Codice M4S003A Per i seguenti modelli di stufe e caldaie a pellet Palazzetti: 805707300 &#8211; ECOFIRE LETIZIA (004760080)PALAZZETTI 805707301 &#8211; ECOFIRE LETIZIA (004760080)PALAZZETTI 805707302 &#8211; ECOFIRE LETIZIA (004760080)PALAZZETTI 805707305 &#8211; ECOF LETIZIA (004760080)PALAZZETTI 805706170 &#8211; ECOFIRE TRACY CERAMICA 805707320 &#8211; ECOFIRE TRACY AIR (004760081)PALAZZETTI 805707321 &#8211; ECOFIRE [&hellip;]","og_url":"https:\/\/mack4seasons.com\/fr\/negozio\/palazzetti\/candeletta-per-stufe-e-caldaie-a-pellet-palazzetti-7\/","og_site_name":"Mack4Season","article_publisher":"https:\/\/www.facebook.com\/profile.php?id=100075990468585","og_image":[{"width":960,"height":960,"url":"https:\/\/mack4seasons.com\/wp-content\/uploads\/2024\/04\/ELF60024-SENZA-DISEGNO-4.jpg","type":"image\/jpeg"}],"twitter_card":"summary_large_image","twitter_misc":{"Dur\u00e9e de lecture estim\u00e9e":"3 minutes"},"schema":{"@context":"https:\/\/schema.org","@graph":[{"@type":"WebPage","@id":"https:\/\/mack4seasons.com\/negozio\/palazzetti\/candeletta-per-stufe-e-caldaie-a-pellet-palazzetti-7\/","url":"https:\/\/mack4seasons.com\/negozio\/palazzetti\/candeletta-per-stufe-e-caldaie-a-pellet-palazzetti-7\/","name":"Bougie de pr\u00e9chauffage pour po\u00eales et chaudi\u00e8res \u00e0 granul\u00e9s Palazzetti - Mack4Season","isPartOf":{"@id":"https:\/\/mack4seasons.com\/#website"},"primaryImageOfPage":{"@id":"https:\/\/mack4seasons.com\/negozio\/palazzetti\/candeletta-per-stufe-e-caldaie-a-pellet-palazzetti-7\/#primaryimage"},"image":{"@id":"https:\/\/mack4seasons.com\/negozio\/palazzetti\/candeletta-per-stufe-e-caldaie-a-pellet-palazzetti-7\/#primaryimage"},"thumbnailUrl":"https:\/\/mack4seasons.com\/wp-content\/uploads\/2024\/04\/ELF60024-SENZA-DISEGNO-4.jpg","datePublished":"2024-04-10T08:38:18+00:00","breadcrumb":{"@id":"https:\/\/mack4seasons.com\/negozio\/palazzetti\/candeletta-per-stufe-e-caldaie-a-pellet-palazzetti-7\/#breadcrumb"},"inLanguage":"fr-FR","potentialAction":[{"@type":"ReadAction","target":["https:\/\/mack4seasons.com\/negozio\/palazzetti\/candeletta-per-stufe-e-caldaie-a-pellet-palazzetti-7\/"]}]},{"@type":"ImageObject","inLanguage":"fr-FR","@id":"https:\/\/mack4seasons.com\/negozio\/palazzetti\/candeletta-per-stufe-e-caldaie-a-pellet-palazzetti-7\/#primaryimage","url":"https:\/\/mack4seasons.com\/wp-content\/uploads\/2024\/04\/ELF60024-SENZA-DISEGNO-4.jpg","contentUrl":"https:\/\/mack4seasons.com\/wp-content\/uploads\/2024\/04\/ELF60024-SENZA-DISEGNO-4.jpg","width":960,"height":960,"caption":"Candeletta per stufe e caldaie a pellet Palazzetti Codice M4S003A Per i seguenti modelli di stufe e caldaie a pellet Palazzetti:"},{"@type":"BreadcrumbList","@id":"https:\/\/mack4seasons.com\/negozio\/palazzetti\/candeletta-per-stufe-e-caldaie-a-pellet-palazzetti-7\/#breadcrumb","itemListElement":[{"@type":"ListItem","position":1,"name":"Home","item":"https:\/\/mack4seasons.com\/ricambi-accessori-stufe-e-caldaie-pellet\/"},{"@type":"ListItem","position":2,"name":"Shop","item":"https:\/\/mack4seasons.com\/negozio\/"},{"@type":"ListItem","position":3,"name":"Candeletta per stufe e caldaie a pellet Palazzetti"}]},{"@type":"WebSite","@id":"https:\/\/mack4seasons.com\/#website","url":"https:\/\/mack4seasons.com\/","name":"Mack4Season","description":"Pour le confort thermique de votre maison","publisher":{"@id":"https:\/\/mack4seasons.com\/#organization"},"potentialAction":[{"@type":"SearchAction","target":{"@type":"EntryPoint","urlTemplate":"https:\/\/mack4seasons.com\/?s={search_term_string}"},"query-input":{"@type":"PropertyValueSpecification","valueRequired":true,"valueName":"search_term_string"}}],"inLanguage":"fr-FR"},{"@type":"Organization","@id":"https:\/\/mack4seasons.com\/#organization","name":"Mack4Season","url":"https:\/\/mack4seasons.com\/","logo":{"@type":"ImageObject","inLanguage":"fr-FR","@id":"https:\/\/mack4seasons.com\/#\/schema\/logo\/image\/","url":"https:\/\/mack4seasons.com\/wp-content\/uploads\/2021\/06\/w-MACK-logo-pantone-02A19E.png","contentUrl":"https:\/\/mack4seasons.com\/wp-content\/uploads\/2021\/06\/w-MACK-logo-pantone-02A19E.png","width":809,"height":425,"caption":"Mack4Season"},"image":{"@id":"https:\/\/mack4seasons.com\/#\/schema\/logo\/image\/"},"sameAs":["https:\/\/www.facebook.com\/profile.php?id=100075990468585"]}]}},"_links":{"self":[{"href":"https:\/\/mack4seasons.com\/fr\/wp-json\/wp\/v2\/product\/18752","targetHints":{"allow":["GET"]}}],"collection":[{"href":"https:\/\/mack4seasons.com\/fr\/wp-json\/wp\/v2\/product"}],"about":[{"href":"https:\/\/mack4seasons.com\/fr\/wp-json\/wp\/v2\/types\/product"}],"wp:featuredmedia":[{"embeddable":true,"href":"https:\/\/mack4seasons.com\/fr\/wp-json\/wp\/v2\/media\/18754"}],"wp:attachment":[{"href":"https:\/\/mack4seasons.com\/fr\/wp-json\/wp\/v2\/media?parent=18752"}],"wp:term":[{"taxonomy":"product_brand","embeddable":true,"href":"https:\/\/mack4seasons.com\/fr\/wp-json\/wp\/v2\/product_brand?post=18752"},{"taxonomy":"product_cat","embeddable":true,"href":"https:\/\/mack4seasons.com\/fr\/wp-json\/wp\/v2\/product_cat?post=18752"},{"taxonomy":"product_tag","embeddable":true,"href":"https:\/\/mack4seasons.com\/fr\/wp-json\/wp\/v2\/product_tag?post=18752"}],"curies":[{"name":"wp","href":"https:\/\/api.w.org\/{rel}","templated":true}]}}