{"id":18725,"date":"2024-04-09T13:37:30","date_gmt":"2024-04-09T13:37:30","guid":{"rendered":"https:\/\/mack4seasons.com\/?post_type=product&#038;p=18725"},"modified":"2024-04-09T13:39:24","modified_gmt":"2024-04-09T13:39:24","slug":"candeletta-per-stufe-e-caldaie-a-pellet-palazzetti-6","status":"publish","type":"product","link":"https:\/\/mack4seasons.com\/fr\/negozio\/palazzetti\/candeletta-per-stufe-e-caldaie-a-pellet-palazzetti-6\/","title":{"rendered":"Bougie de pr\u00e9chauffage pour po\u00eales et chaudi\u00e8res \u00e0 granul\u00e9s Palazzetti"},"content":{"rendered":"<h2>Bougie de pr\u00e9chauffage pour po\u00eales et chaudi\u00e8res \u00e0 granul\u00e9s Palazzetti<\/h2>\n<p>Codice M4S005B<br \/>\n<strong> Pour les mod\u00e8les suivants de po\u00eales et chaudi\u00e8res \u00e0 granul\u00e9s Palazzetti :<\/strong><\/p>\n<p>805710500 &#8211; ECOFIRE NICOLETTA (004760062)PALAZZETTI<br \/>\n805710510 &#8211; ECOFIRE NICOLETTA HYDRO (004760062)PALAZZETTI<br \/>\n805710520 &#8211; ECOFIRE NICOLETTA HYDRO (004760062)PALAZZETTI<br \/>\n805710530 &#8211; ECOFIRE NICOLETTA HYDRO (004760062)PALAZZETTI<br \/>\n141821501 &#8211; ASS CLEMY (004760044)PALAZZETTI<br \/>\n805707000 &#8211; &#8220;CLEMY&#8221;CT (004760044)PALAZZETTI<br \/>\n805707010 &#8211; &#8220;CLEMY&#8221;CT (004760044)PALAZZETTI<br \/>\n805707100 &#8211; &#8220;CLEMY&#8221; TOP (004760044)PALAZZETTI<br \/>\n805707110 &#8211; &#8220;CLEMY&#8221; TOP (004760044)PALAZZETTI<br \/>\n805707120 &#8211; &#8220;CLEMY&#8221; TOP (004760044)PALAZZETTI<br \/>\n805707130 &#8211; &#8220;CLEMY&#8221; TOP\u00a0 (004760044)PALAZZETTI<br \/>\n805707140 &#8211; &#8220;CLEMY&#8221; TOP\u00a0 (004760044)PALAZZETTI<br \/>\n805707180 &#8211; &#8220;CLEMY&#8221; TOP\u00a0 (004760044)PALAZZETTI<br \/>\n805706200 &#8211; ECOFIRE INSER CANALIS\u00c9 (004760041)PALAZZETTI<br \/>\n805710400 &#8211; ECOFIRE INSERTION HYDRO (004760042)PALAZZETTI<br \/>\n805710410 &#8211; ECOFIRE INSERTION HYDRO S\/TELAIO (004760042)PALAZZETTI<br \/>\n805706100 &#8211; ECOFIRE NICOLETTA AIR (004760056)PALAZZETTI<br \/>\n805706110 &#8211; ECOFIRE NICOLETTA AIR (004760056)PALAZZETTI<br \/>\n805706120 &#8211; ECOFIRE NICOLETTA AIR\u00a0 (004760056)PALAZZETTI<br \/>\n805706130 &#8211; ECOFIRE NICOLETTA AIR (004760056)PALAZZETTI<br \/>\n805706140 &#8211; ECOFIRE NICOLETTA AIR\u00a0 (004760056)PALAZZETTI<br \/>\n805710050 &#8211; ECOFIRE HYDRO 2 CLASSIC (004760012)PALAZZETTI<br \/>\n805700900 &#8211; ECOFIRE DUE CLASSICMINI (004721397)PALAZZETTI<br \/>\n805700910 &#8211; ECOFIRE DUE CLASSICMINI (004721397)PALAZZETTI<br \/>\n805700920 &#8211; ECOFIRE DUE CLASSICMINI (004721397)PALAZZETTI<br \/>\n805700930 &#8211; ECOFIRE DUE CLASSICMINI\u00a0 (004721397)PALAZZETTI<br \/>\n805700940 &#8211; ECOFIRE DUE CLASSICMINI (004721397)PALAZZETTI<br \/>\n805701000 &#8211; ECOFIRE MINI STD\u00a0 (004721399)PALAZZETTI<br \/>\n805701410 &#8211; ECOFIRE MODFREDDY 04 (004721272)PALAZZETTI<br \/>\n805701020 &#8211; ECOFIRE MINI LUX ACCGRIS MET (004721398)PALAZZETTI<br \/>\n805701030 &#8211; ECOFIRE MINI LUX CERAMIQUE (004721398)PALAZZETTI<br \/>\n805701040 &#8211; ECOFIRE MINI LUX CERAMIQUE (004721398)PALAZZETTI<br \/>\n805701850 &#8211; ECOFIRE &#8220;GAJA&#8221;&#8216; (004721617)PALAZZETTI<br \/>\n805701860 &#8211; ECOFIRE &#8220;GAJA&#8221;\u00a0 (004721617)PALAZZETTI<br \/>\n805701870 &#8211; ECOFIRE &#8220;GAJA&#8221;\u00a0 (004721617)PALAZZETTI<br \/>\n805701880 &#8211; ECOF&#8221;GAJA&#8221;\u00a0 (004721617)PALAZZETTI<br \/>\n805701100 &#8211; ECOFIRE MAXI (004721054)PALAZZETTI<br \/>\n805701110 &#8211; ECOFIRE MAXI (004721054)PALAZZETTI<br \/>\n805701120 &#8211; ECOFIRE MAXI TDM (004721054)PALAZZETTI<br \/>\n805710100 &#8211; ECOFIRE HYDRO MAXI\u00a0 (004721055)PALAZZETTI<br \/>\n805710110 &#8211; ECOFIRE HYDRO MAXI (004721055)PALAZZETTI<br \/>\n805710120 &#8211; ECOFIRE HYDRO MAXI TDM (004721055)PALAZZETTI<br \/>\n802601460 &#8211; MULTIFIRE 45 VERSAIR PORTE RONDE (004721554)PALAZZETTI<br \/>\n802601470 &#8211; MULTIFIRE 45 VERSAIR (004721554)PALAZZETTI<br \/>\n802601420 &#8211; MULTIFIRE 45 HYDRO (004721527)PALAZZETTI<br \/>\n802601430 &#8211; MULTIFIRE 45 HYDRO MOD TOP (004721527)PALAZZETTI<br \/>\n802601440 &#8211; MULTIFIRE 45 HYDRO (004721527)PALAZZETTI<br \/>\n802601450 &#8211; MULTIFIRE 45 HYDRO (004721527)PALAZZETTI<br \/>\n805710370 &#8211; SISSI HYDRO CERAMIQUE\u00a0 (004760047)PALAZZETTI<br \/>\n805710375 &#8211; SISSI HYDRO\u00a0 CERAMIQUE\u00a0 (004760047)PALAZZETTI<br \/>\n805710380 &#8211; SISSI HYDRO CERAMIQUE (004760047)PALAZZETTI<br \/>\n805710385 &#8211; SISSI HYDRO CERAMIQUE (004760047)PALAZZETTI<br \/>\n805710390 &#8211; SISSI HYDRO JAUNE SAHARA (004760047)PALAZZETTI<br \/>\n805710395 &#8211; SISSI HYDRO JAUNE SAHARA (004760047)PALAZZETTI<br \/>\n805710450 &#8211; MOLLY HYDRO CERAMIQUE (004760047)PALAZZETTI<br \/>\n805710460 &#8211; MOLLY HYDRO CERAMIQUE (004760047)PALAZZETTI<br \/>\n805710470 &#8211; MOLLY HYDRO JAUNE SAHARA (004760047)PALAZZETTI<br \/>\n805710600 &#8211; MOLLY SISSI HYDROA (004760047)PALAZZETTI<br \/>\n805706000 &#8211; ECOFIRE &#8220;MOLLY SISSI&#8221;(004721594)PALAZZETTI<br \/>\n805706050 &#8211; ECOFIRE &#8220;SISSI&#8221;CERAMIQUE &#8216; (004721594)PALAZZETTI<br \/>\n805706055 &#8211; &#8220;SISSI&#8221;(004721594)PALAZZETTI<\/p>\n<p>805706060 &#8211; ECOFIRE &#8220;SISSI&#8221;CERAMIQUE (004721594)PALAZZETTI<br \/>\n805706065 &#8211; ECOF&#8221;SISSI&#8221;CERAMIQUE (004721594)PALAZZETTI<br \/>\n805706070 &#8211; ECOFIRE &#8220;SISSI&#8221; SAHARA (004721594)PALAZZETTI<br \/>\n805706075 &#8211; &#8220;SISSI&#8221; CERAM GIASAHARA (004721594)PALAZZETTI<br \/>\n141821920 &#8211; ECOFIRE AIR PER ZAIRA (004760043)PALAZZETTI<br \/>\n805706220 &#8211; ECOFIRE INSER AIR FRONTALE (004760043)PALAZZETTI<br \/>\n805706230 &#8211; ECOFIRE INSERIM FRONTALE S\/TELAIO (004760043)PALAZZETTI<br \/>\n805710150 &#8211; ECOFIRE FREDDY HYDRO (004721057)PALAZZETTI<br \/>\n805706000 &#8211; ECOFIRE &#8220;MOLLY\/SISSI&#8221; (004721603)PALAZZETTI<br \/>\n805706010 &#8211; ECOFIRE &#8220;MOLLY&#8221;CERAMIQUE\u00a0 (004721603)PALAZZETTI<br \/>\n805706020 &#8211; ECOFIRE &#8220;MOLLY&#8221;CERAMIQUE (004721603)PALAZZETTI<br \/>\n805706030 &#8211; ECOFIRE &#8220;MOLLY&#8221;CERAMIQUE JAUNE (004721603)PALAZZETTI<br \/>\n805701500 &#8211; ECOFIRE MINI CERAM&#8221;LARA&#8221; (004721060)PALAZZETTI<br \/>\n805701510 &#8211; ECOFIRE MINI CERAM&#8221;LARA&#8221;\u00a0 (004721060)PALAZZETTI<br \/>\n805701520 &#8211; ECOFIRE MINI CERAM&#8221;LARA&#8221; (004721060)PALAZZETTI<br \/>\n805701530 &#8211; ECOFIRE MINI CERAM&#8221;LARA&#8221;\u00a0 (004721060)PALAZZETTI<br \/>\n805701540 &#8211; ECOFIRE MINI CERAM&#8221;LARA&#8221; (004721060)PALAZZETTI<br \/>\n805701800 &#8211; ECOFIRE &#8220;GAJA&#8221;CERAMIQUE (004721052)PALAZZETTI<br \/>\n805701810 &#8211; ECOFIRE &#8220;GAJA&#8221;CERAMIQUE (004721052)PALAZZETTI<br \/>\n805701820 &#8211; ECOFIRE &#8220;GAJA&#8221;CERAMIQUE (004721052)PALAZZETTI<br \/>\n805701830 &#8211; ECOFIRE &#8220;GAJA&#8221;CERAMIQUE (004721052)PALAZZETTI<br \/>\n805710250 &#8211; ECOFIRE FREDDY HYDRO (004721555)PALAZZETTI<br \/>\n805701400 &#8211; ECOFIRE FREDDY (004721056)PALAZZETTI<br \/>\n805701200 &#8211; ECOFIRE MINI CHAUFFEPLATS (004721400)PALAZZETTI<br \/>\n805701210 &#8211; ECOFIRE MINI CHAUFFEPLATS (004721400)PALAZZETTI<br \/>\n805701220 &#8211; ECOFIRE MINI C\/(004721400)PALAZZETTI<br \/>\n805701230 &#8211; ECOFIRE MINI C\/(004721400)PALAZZETTI<br \/>\n805701240 &#8211; ECOFIRE MINI C\/(004721400)PALAZZETTI<br \/>\n805701050 &#8211; ECOFIRE MINI &#8220;FEDRA&#8221;PIETRA OLLARE (004721401)PALAZZETTI<br \/>\n805710200 &#8211; LORA HYDRO (004721059)PALAZZETTI<br \/>\n805120300 &#8211; FLORA MARE GHIBLI (004721331)PALAZZETTI<br \/>\n805120310 &#8211; FLORA COTTO GHIBLI (004721331)PALAZZETTI<br \/>\n805120320 &#8211; FLORA JAUNE (004721331)PALAZZETTI<br \/>\n805200250 &#8211;\u00a0 GINEVRA HYDRO (004721619)PALAZZETTI<br \/>\n805200260 &#8211; GINEVRA HYDRO (004721619)PALAZZETTI<br \/>\n805200261 &#8211;\u00a0 GINEVRA HYDRO C\/DECORO (004721619)PALAZZETTI<br \/>\n805200270 &#8211;\u00a0 GINEVRA HYDRO BORDEAUX (004721619)PALAZZETTI<br \/>\n805200280 &#8211; GINEVRA HYDRO (004721619)PALAZZETTI<br \/>\n805200290 &#8211;\u00a0 GINEVRA HYDRO (004721619)PALAZZETTI<br \/>\n805200300 &#8211;\u00a0 GINEVRA HYDRO (004721619)PALAZZETTI<br \/>\n805200310 &#8211;\u00a0 GINEVRA HYDRO TERRA DI SIENA (004721619)PALAZZETTI<br \/>\n805200320 &#8211;\u00a0 GINEVRA HYDRO\u00a0 (004721619)PALAZZETTI<br \/>\n805200100 &#8211; GINEVRA\u00a0 (004721618)PALAZZETTI<br \/>\n805200110 &#8211; GINEVRA MARRON (004721618)PALAZZETTI<br \/>\n805200120 &#8211;\u00a0 GINEVRA\u00a0(004721618)PALAZZETTI<br \/>\n805200130 &#8211;\u00a0 GINEVRA\u00a0 (004721618)PALAZZETTI<br \/>\n805200131 &#8211;\u00a0 GINEVRA\u00a0 (004721618)PALAZZETTI<br \/>\n805200150 &#8211;\u00a0 GINEVRA TDI SIENA\u00a0 (004721618)PALAZZETTI<br \/>\n805200160 &#8211;\u00a0 GINEVRA\u00a0 (004721618)PALAZZETTI<br \/>\n805200180 &#8211; GINEVRA\u00a0 (004721618)PALAZZETTI<br \/>\n805220310 &#8211; MARGOT (004760011)PALAZZETTI<br \/>\n805220330 &#8211; MARGOT TERRA DI SIENA\u00a0 (004760011)PALAZZETTI<br \/>\n805220340 &#8211; MARGOT\u00a0 (004760011)PALAZZETTI<br \/>\n805220360 &#8211; MARGOT\u00a0 (004760011)PALAZZETTI<br \/>\n805220380 &#8211; MARGOT (004760011)PALAZZETTI<br \/>\n805700700 &#8211; ECOFIRE DUE CLASSIC\u00a0 (004760011)PALAZZETTI<br \/>\n805700701 &#8211; ECOFIRE DUE CLASSIC (004760011)PALAZZETTI<br \/>\n805700720 &#8211; ECOFIRE DUE\u00a0 (004760011)PALAZZETTI<br \/>\n805700721 &#8211; ECOFIRE DUE\u00a0 (004760011)PALAZZETTI<br \/>\n805700750 &#8211; ECOFIRE DUE CLASSIC BRUN FONC\u00c9 (004760011)PALAZZETTI<br \/>\n805700751 &#8211; ECOFIRE DUE CLASSIC BRUN FONC\u00c9 (004760011)PALAZZETTI<br \/>\n141820190 &#8211; ASSIEME ECOFIRE PER GINEVRA\u00a0 (004760013)PALAZZETTI<br \/>\n141820410 &#8211; ASSIEME ECOFIRE PER MARGOT\u00a0 (004760013)PALAZZETTI<br \/>\n141820470 &#8211; ASSIEME ECOFIRE X GINEVRA (004760013)PALAZZETTI<br \/>\n141820540 &#8211; ASSIEME ECOFIRE PER MARGOT\u00a0 (004760013)PALAZZETTI<br \/>\n805700800 &#8211; ECOFIRE DUE STANDARD (004760013)PALAZZETTI<br \/>\n805700801 &#8211; ECOFIRE DUE STANDARD\u00a0 (004760013)PALAZZETTI<br \/>\n805700820 &#8211; ECOFIRE DUE STANDARD (004760013)PALAZZETTI<br \/>\n805700821 &#8211; ECOFIRE DUE STANDARD (004760013)PALAZZETTI<br \/>\n805700850 &#8211; ECOFIRE DUE STANDARD (004760013)PALAZZETTI<br \/>\n805700851 &#8211; ECOFIRE DUE STANDARD (004760013)PALAZZETTI<\/p>","protected":false},"excerpt":{"rendered":"<p>Candeletta per stufe e caldaie a pellet Palazzetti Codice M4S005B Per i seguenti modelli di stufe e caldaie a pellet Palazzetti: 805710500 &#8211; ECOFIRE NICOLETTA (004760062)PALAZZETTI 805710510 &#8211; ECOFIRE NICOLETTA HYDRO (004760062)PALAZZETTI 805710520 &#8211; ECOFIRE NICOLETTA HYDRO (004760062)PALAZZETTI 805710530 &#8211; ECOFIRE NICOLETTA HYDRO (004760062)PALAZZETTI 141821501 &#8211; ASS CLEMY (004760044)PALAZZETTI 805707000 &#8211; &#8220;CLEMY&#8221;CT (004760044)PALAZZETTI 805707010 &#8211; [&hellip;]<\/p>\n","protected":false},"featured_media":18729,"template":"","meta":[],"product_brand":[],"product_cat":[1803],"product_tag":[],"class_list":{"0":"post-18725","1":"product","2":"type-product","3":"status-publish","4":"has-post-thumbnail","6":"product_cat-palazzetti","7":"product_shipping_class-classe-di-spedizione-01","9":"first","10":"instock","11":"taxable","12":"shipping-taxable","13":"purchasable","14":"product-type-simple"},"yoast_head":"<!-- This site is optimized with the Yoast SEO plugin v26.3 - https:\/\/yoast.com\/wordpress\/plugins\/seo\/ -->\n<title>Candeletta per stufe e caldaie a pellet Palazzetti - Mack4Season<\/title>\n<meta name=\"robots\" content=\"index, follow, max-snippet:-1, max-image-preview:large, max-video-preview:-1\" \/>\n<link rel=\"canonical\" href=\"https:\/\/mack4seasons.com\/fr\/negozio\/palazzetti\/candeletta-per-stufe-e-caldaie-a-pellet-palazzetti-6\/\" \/>\n<meta property=\"og:locale\" content=\"fr_FR\" \/>\n<meta property=\"og:type\" content=\"article\" \/>\n<meta property=\"og:title\" content=\"Candeletta per stufe e caldaie a pellet Palazzetti - Mack4Season\" \/>\n<meta property=\"og:description\" content=\"Candeletta per stufe e caldaie a pellet Palazzetti Codice M4S005B Per i seguenti modelli di stufe e caldaie a pellet Palazzetti: 805710500 &#8211; ECOFIRE NICOLETTA (004760062)PALAZZETTI 805710510 &#8211; ECOFIRE NICOLETTA HYDRO (004760062)PALAZZETTI 805710520 &#8211; ECOFIRE NICOLETTA HYDRO (004760062)PALAZZETTI 805710530 &#8211; ECOFIRE NICOLETTA HYDRO (004760062)PALAZZETTI 141821501 &#8211; ASS CLEMY (004760044)PALAZZETTI 805707000 &#8211; &#8220;CLEMY&#8221;CT (004760044)PALAZZETTI 805707010 &#8211; [&hellip;]\" \/>\n<meta property=\"og:url\" content=\"https:\/\/mack4seasons.com\/fr\/negozio\/palazzetti\/candeletta-per-stufe-e-caldaie-a-pellet-palazzetti-6\/\" \/>\n<meta property=\"og:site_name\" content=\"Mack4Season\" \/>\n<meta property=\"article:publisher\" content=\"https:\/\/www.facebook.com\/profile.php?id=100075990468585\" \/>\n<meta property=\"article:modified_time\" content=\"2024-04-09T13:39:24+00:00\" \/>\n<meta property=\"og:image\" content=\"https:\/\/mack4seasons.com\/wp-content\/uploads\/2024\/04\/ELF60024-SENZA-DISEGNO-2.jpg\" \/>\n\t<meta property=\"og:image:width\" content=\"960\" \/>\n\t<meta property=\"og:image:height\" content=\"960\" \/>\n\t<meta property=\"og:image:type\" content=\"image\/jpeg\" \/>\n<meta name=\"twitter:card\" content=\"summary_large_image\" \/>\n<meta name=\"twitter:label1\" content=\"Dur\u00e9e de lecture estim\u00e9e\" \/>\n\t<meta name=\"twitter:data1\" content=\"4 minutes\" \/>\n<script type=\"application\/ld+json\" class=\"yoast-schema-graph\">{\"@context\":\"https:\/\/schema.org\",\"@graph\":[{\"@type\":\"WebPage\",\"@id\":\"https:\/\/mack4seasons.com\/negozio\/palazzetti\/candeletta-per-stufe-e-caldaie-a-pellet-palazzetti-6\/\",\"url\":\"https:\/\/mack4seasons.com\/negozio\/palazzetti\/candeletta-per-stufe-e-caldaie-a-pellet-palazzetti-6\/\",\"name\":\"Candeletta per stufe e caldaie a pellet Palazzetti - Mack4Season\",\"isPartOf\":{\"@id\":\"https:\/\/mack4seasons.com\/#website\"},\"primaryImageOfPage\":{\"@id\":\"https:\/\/mack4seasons.com\/negozio\/palazzetti\/candeletta-per-stufe-e-caldaie-a-pellet-palazzetti-6\/#primaryimage\"},\"image\":{\"@id\":\"https:\/\/mack4seasons.com\/negozio\/palazzetti\/candeletta-per-stufe-e-caldaie-a-pellet-palazzetti-6\/#primaryimage\"},\"thumbnailUrl\":\"https:\/\/mack4seasons.com\/wp-content\/uploads\/2024\/04\/ELF60024-SENZA-DISEGNO-2.jpg\",\"datePublished\":\"2024-04-09T13:37:30+00:00\",\"dateModified\":\"2024-04-09T13:39:24+00:00\",\"breadcrumb\":{\"@id\":\"https:\/\/mack4seasons.com\/negozio\/palazzetti\/candeletta-per-stufe-e-caldaie-a-pellet-palazzetti-6\/#breadcrumb\"},\"inLanguage\":\"fr-FR\",\"potentialAction\":[{\"@type\":\"ReadAction\",\"target\":[\"https:\/\/mack4seasons.com\/negozio\/palazzetti\/candeletta-per-stufe-e-caldaie-a-pellet-palazzetti-6\/\"]}]},{\"@type\":\"ImageObject\",\"inLanguage\":\"fr-FR\",\"@id\":\"https:\/\/mack4seasons.com\/negozio\/palazzetti\/candeletta-per-stufe-e-caldaie-a-pellet-palazzetti-6\/#primaryimage\",\"url\":\"https:\/\/mack4seasons.com\/wp-content\/uploads\/2024\/04\/ELF60024-SENZA-DISEGNO-2.jpg\",\"contentUrl\":\"https:\/\/mack4seasons.com\/wp-content\/uploads\/2024\/04\/ELF60024-SENZA-DISEGNO-2.jpg\",\"width\":960,\"height\":960,\"caption\":\"Candeletta per stufe e caldaie a pellet Palazzetti Codice M4S005B Per i seguenti modelli di stufe e caldaie a pellet Palazzetti:\"},{\"@type\":\"BreadcrumbList\",\"@id\":\"https:\/\/mack4seasons.com\/negozio\/palazzetti\/candeletta-per-stufe-e-caldaie-a-pellet-palazzetti-6\/#breadcrumb\",\"itemListElement\":[{\"@type\":\"ListItem\",\"position\":1,\"name\":\"Home\",\"item\":\"https:\/\/mack4seasons.com\/ricambi-accessori-stufe-e-caldaie-pellet\/\"},{\"@type\":\"ListItem\",\"position\":2,\"name\":\"Shop\",\"item\":\"https:\/\/mack4seasons.com\/negozio\/\"},{\"@type\":\"ListItem\",\"position\":3,\"name\":\"Candeletta per stufe e caldaie a pellet Palazzetti\"}]},{\"@type\":\"WebSite\",\"@id\":\"https:\/\/mack4seasons.com\/#website\",\"url\":\"https:\/\/mack4seasons.com\/\",\"name\":\"Mack4Season\",\"description\":\"Per il comfort termico della tua casa\",\"publisher\":{\"@id\":\"https:\/\/mack4seasons.com\/#organization\"},\"potentialAction\":[{\"@type\":\"SearchAction\",\"target\":{\"@type\":\"EntryPoint\",\"urlTemplate\":\"https:\/\/mack4seasons.com\/?s={search_term_string}\"},\"query-input\":{\"@type\":\"PropertyValueSpecification\",\"valueRequired\":true,\"valueName\":\"search_term_string\"}}],\"inLanguage\":\"fr-FR\"},{\"@type\":\"Organization\",\"@id\":\"https:\/\/mack4seasons.com\/#organization\",\"name\":\"Mack4Season\",\"url\":\"https:\/\/mack4seasons.com\/\",\"logo\":{\"@type\":\"ImageObject\",\"inLanguage\":\"fr-FR\",\"@id\":\"https:\/\/mack4seasons.com\/#\/schema\/logo\/image\/\",\"url\":\"https:\/\/mack4seasons.com\/wp-content\/uploads\/2021\/06\/w-MACK-logo-pantone-02A19E.png\",\"contentUrl\":\"https:\/\/mack4seasons.com\/wp-content\/uploads\/2021\/06\/w-MACK-logo-pantone-02A19E.png\",\"width\":809,\"height\":425,\"caption\":\"Mack4Season\"},\"image\":{\"@id\":\"https:\/\/mack4seasons.com\/#\/schema\/logo\/image\/\"},\"sameAs\":[\"https:\/\/www.facebook.com\/profile.php?id=100075990468585\"]}]}<\/script>\n<!-- \/ Yoast SEO plugin. -->","yoast_head_json":{"title":"Bougie de pr\u00e9chauffage pour po\u00eales et chaudi\u00e8res \u00e0 granul\u00e9s Palazzetti - Mack4Season","robots":{"index":"index","follow":"follow","max-snippet":"max-snippet:-1","max-image-preview":"max-image-preview:large","max-video-preview":"max-video-preview:-1"},"canonical":"https:\/\/mack4seasons.com\/fr\/negozio\/palazzetti\/candeletta-per-stufe-e-caldaie-a-pellet-palazzetti-6\/","og_locale":"fr_FR","og_type":"article","og_title":"Candeletta per stufe e caldaie a pellet Palazzetti - Mack4Season","og_description":"Candeletta per stufe e caldaie a pellet Palazzetti Codice M4S005B Per i seguenti modelli di stufe e caldaie a pellet Palazzetti: 805710500 &#8211; ECOFIRE NICOLETTA (004760062)PALAZZETTI 805710510 &#8211; ECOFIRE NICOLETTA HYDRO (004760062)PALAZZETTI 805710520 &#8211; ECOFIRE NICOLETTA HYDRO (004760062)PALAZZETTI 805710530 &#8211; ECOFIRE NICOLETTA HYDRO (004760062)PALAZZETTI 141821501 &#8211; ASS CLEMY (004760044)PALAZZETTI 805707000 &#8211; &#8220;CLEMY&#8221;CT (004760044)PALAZZETTI 805707010 &#8211; [&hellip;]","og_url":"https:\/\/mack4seasons.com\/fr\/negozio\/palazzetti\/candeletta-per-stufe-e-caldaie-a-pellet-palazzetti-6\/","og_site_name":"Mack4Season","article_publisher":"https:\/\/www.facebook.com\/profile.php?id=100075990468585","article_modified_time":"2024-04-09T13:39:24+00:00","og_image":[{"width":960,"height":960,"url":"https:\/\/mack4seasons.com\/wp-content\/uploads\/2024\/04\/ELF60024-SENZA-DISEGNO-2.jpg","type":"image\/jpeg"}],"twitter_card":"summary_large_image","twitter_misc":{"Dur\u00e9e de lecture estim\u00e9e":"4 minutes"},"schema":{"@context":"https:\/\/schema.org","@graph":[{"@type":"WebPage","@id":"https:\/\/mack4seasons.com\/negozio\/palazzetti\/candeletta-per-stufe-e-caldaie-a-pellet-palazzetti-6\/","url":"https:\/\/mack4seasons.com\/negozio\/palazzetti\/candeletta-per-stufe-e-caldaie-a-pellet-palazzetti-6\/","name":"Bougie de pr\u00e9chauffage pour po\u00eales et chaudi\u00e8res \u00e0 granul\u00e9s Palazzetti - Mack4Season","isPartOf":{"@id":"https:\/\/mack4seasons.com\/#website"},"primaryImageOfPage":{"@id":"https:\/\/mack4seasons.com\/negozio\/palazzetti\/candeletta-per-stufe-e-caldaie-a-pellet-palazzetti-6\/#primaryimage"},"image":{"@id":"https:\/\/mack4seasons.com\/negozio\/palazzetti\/candeletta-per-stufe-e-caldaie-a-pellet-palazzetti-6\/#primaryimage"},"thumbnailUrl":"https:\/\/mack4seasons.com\/wp-content\/uploads\/2024\/04\/ELF60024-SENZA-DISEGNO-2.jpg","datePublished":"2024-04-09T13:37:30+00:00","dateModified":"2024-04-09T13:39:24+00:00","breadcrumb":{"@id":"https:\/\/mack4seasons.com\/negozio\/palazzetti\/candeletta-per-stufe-e-caldaie-a-pellet-palazzetti-6\/#breadcrumb"},"inLanguage":"fr-FR","potentialAction":[{"@type":"ReadAction","target":["https:\/\/mack4seasons.com\/negozio\/palazzetti\/candeletta-per-stufe-e-caldaie-a-pellet-palazzetti-6\/"]}]},{"@type":"ImageObject","inLanguage":"fr-FR","@id":"https:\/\/mack4seasons.com\/negozio\/palazzetti\/candeletta-per-stufe-e-caldaie-a-pellet-palazzetti-6\/#primaryimage","url":"https:\/\/mack4seasons.com\/wp-content\/uploads\/2024\/04\/ELF60024-SENZA-DISEGNO-2.jpg","contentUrl":"https:\/\/mack4seasons.com\/wp-content\/uploads\/2024\/04\/ELF60024-SENZA-DISEGNO-2.jpg","width":960,"height":960,"caption":"Candeletta per stufe e caldaie a pellet Palazzetti Codice M4S005B Per i seguenti modelli di stufe e caldaie a pellet Palazzetti:"},{"@type":"BreadcrumbList","@id":"https:\/\/mack4seasons.com\/negozio\/palazzetti\/candeletta-per-stufe-e-caldaie-a-pellet-palazzetti-6\/#breadcrumb","itemListElement":[{"@type":"ListItem","position":1,"name":"Home","item":"https:\/\/mack4seasons.com\/ricambi-accessori-stufe-e-caldaie-pellet\/"},{"@type":"ListItem","position":2,"name":"Shop","item":"https:\/\/mack4seasons.com\/negozio\/"},{"@type":"ListItem","position":3,"name":"Candeletta per stufe e caldaie a pellet Palazzetti"}]},{"@type":"WebSite","@id":"https:\/\/mack4seasons.com\/#website","url":"https:\/\/mack4seasons.com\/","name":"Mack4Season","description":"Pour le confort thermique de votre maison","publisher":{"@id":"https:\/\/mack4seasons.com\/#organization"},"potentialAction":[{"@type":"SearchAction","target":{"@type":"EntryPoint","urlTemplate":"https:\/\/mack4seasons.com\/?s={search_term_string}"},"query-input":{"@type":"PropertyValueSpecification","valueRequired":true,"valueName":"search_term_string"}}],"inLanguage":"fr-FR"},{"@type":"Organization","@id":"https:\/\/mack4seasons.com\/#organization","name":"Mack4Season","url":"https:\/\/mack4seasons.com\/","logo":{"@type":"ImageObject","inLanguage":"fr-FR","@id":"https:\/\/mack4seasons.com\/#\/schema\/logo\/image\/","url":"https:\/\/mack4seasons.com\/wp-content\/uploads\/2021\/06\/w-MACK-logo-pantone-02A19E.png","contentUrl":"https:\/\/mack4seasons.com\/wp-content\/uploads\/2021\/06\/w-MACK-logo-pantone-02A19E.png","width":809,"height":425,"caption":"Mack4Season"},"image":{"@id":"https:\/\/mack4seasons.com\/#\/schema\/logo\/image\/"},"sameAs":["https:\/\/www.facebook.com\/profile.php?id=100075990468585"]}]}},"_links":{"self":[{"href":"https:\/\/mack4seasons.com\/fr\/wp-json\/wp\/v2\/product\/18725","targetHints":{"allow":["GET"]}}],"collection":[{"href":"https:\/\/mack4seasons.com\/fr\/wp-json\/wp\/v2\/product"}],"about":[{"href":"https:\/\/mack4seasons.com\/fr\/wp-json\/wp\/v2\/types\/product"}],"wp:featuredmedia":[{"embeddable":true,"href":"https:\/\/mack4seasons.com\/fr\/wp-json\/wp\/v2\/media\/18729"}],"wp:attachment":[{"href":"https:\/\/mack4seasons.com\/fr\/wp-json\/wp\/v2\/media?parent=18725"}],"wp:term":[{"taxonomy":"product_brand","embeddable":true,"href":"https:\/\/mack4seasons.com\/fr\/wp-json\/wp\/v2\/product_brand?post=18725"},{"taxonomy":"product_cat","embeddable":true,"href":"https:\/\/mack4seasons.com\/fr\/wp-json\/wp\/v2\/product_cat?post=18725"},{"taxonomy":"product_tag","embeddable":true,"href":"https:\/\/mack4seasons.com\/fr\/wp-json\/wp\/v2\/product_tag?post=18725"}],"curies":[{"name":"wp","href":"https:\/\/api.w.org\/{rel}","templated":true}]}}