{"id":17587,"date":"2023-02-13T14:46:34","date_gmt":"2023-02-13T14:46:34","guid":{"rendered":"https:\/\/mack4seasons.com\/?post_type=product&#038;p=17587"},"modified":"2024-05-09T09:02:48","modified_gmt":"2024-05-09T09:02:48","slug":"candeletta-stagna-in-quarzo","status":"publish","type":"product","link":"https:\/\/mack4seasons.com\/fr\/negozio\/ricambi-vari-stufe-caldaie\/candelette\/candelette-stagne-in-quarzo-con-flangia-in-ceramica\/candeletta-stagna-in-quarzo\/","title":{"rendered":"Bougie \u00e9tanche en quartz avec bride en c\u00e9ramique -Dimensions quartz 72,5 x 4 mm \u2013 350 Watt \u2013 longueur totale 110 mm \u2013 Code PS1S"},"content":{"rendered":"<h3>Bougie \u00e9tanche en quartz<\/h3>\n<p><b>Mack 4 seasons <\/b> offre una variet\u00e0 Candeletta a Cristallo di Quarzo nero componente per accessione rapida di biomasse : pellet, legna, paglia ecc. di varie lunghezze, con flangia, raccordo 3\/8\u201de liscia.<\/p>\n<p>Une innovation importante dans le domaine des allumages de po\u00eales et chaudi\u00e8res \u00e0 pellets. \u00a0 La bougie de pr\u00e9chauffage en cristal de quartz noir est la prochaine g\u00e9n\u00e9ration pour la combustion des pellets et d\u2019autres biomasses.<\/p>\n<p>Gr\u00e2ce \u00e0 sa rapidit\u00e9 d\u2019allumage, il r\u00e9duit la consommation d\u2019\u00e9nergie, la bougie de cristal de quartz noir enflamme le pellet en quelques secondes.<\/p>\n<p>Il atteint une temp\u00e9rature nettement plus \u00e9lev\u00e9e, environ le double de celle des bougies de pr\u00e9chauffage traditionnelles en m\u00e9tal et en c\u00e9ramique. Il atteint une efficacit\u00e9 maximale en moins de 60 secondes.<\/p>\n<p>Ne n\u00e9cessite aucun entretien. Structure dure comme un diamant, contrairement \u00e0 la bougie de pr\u00e9chauffage traditionnelle en c\u00e9ramique.<\/p>\n<p>La bougie d\u2019allumage en cristal de quartz ne g\u00e9n\u00e8re aucun type de probl\u00e8me ou court.<\/p>\n<p>Avec cette structure unique, l\u2019air ambiant est inject\u00e9 dans le support de bougie, il passe d\u2019une temp\u00e9rature de 25 \u00e0 1000 \u00baC en quelques secondes, la vitesse de combustion est augment\u00e9e d\u2019environ deux fois plus vite que par le pass\u00e9.<\/p>\n<h3>Les avantages des bougies de pr\u00e9chauffage en quartz<\/h3>\n<ul>\n<li>En 10 secondes, il atteint plus de 1000 \u00b0 et la temp\u00e9rature reste constante.<\/li>\n<li>Fixation universelle G 3\/8 ou bride con\u00e7ue pour s\u2019adapter \u00e0 toute chaudi\u00e8re ou po\u00eale existant<\/li>\n<li>Haute r\u00e9sistance \u00e0 l\u2019oxydation et \u00e0 la corrosion naturelle ou chimique.<\/li>\n<li>Allume le bois, la sciure, les copeaux de bois, le charbon<\/li>\n<li>Convertible en mod\u00e8le herm\u00e9tique ou standard- Versions 24 V et 240 V (disponible mod\u00e8le de Cristal de Quartz Noir de 24 V 90 Watts).<\/li>\n<li>Sans risque de court-circuit. - Les s\u00e9ries Vulcano et Nitro sont 2 fois plus r\u00e9sistantes m\u00e9caniquement aux chocs que la c\u00e9ramique.<\/li>\n<li>Haute r\u00e9sistance aux cendres de combustion et shock thermique.<\/li>\n<li>Flangia progettata per permettere il passaggio del&#8217;aria e volume ridotto del Cristallo di Quarzo Nero.<\/li>\n<li>Possibilit\u00e9 de connecteurs et de fournir le tube personnalis\u00e9 (Contactez-nous pour plus d\u2019informations).<\/li>\n<li>La candeletta a Cristallo di Quarzo Nero a un elemento di fissaggio che permette il passaggio dell&#8217;aria di combustione sia per stufe ermetiche che tradizionali<\/li>\n<\/ul>\n<h3>Utilisation de la bougie \u00e9tanche en quartz<\/h3>\n<p>La candeletta resistenza o cartuccia di accensione\u00a0stagna in quarzo con flangia in ceramica &#8211; Dimensioni quarzo 72,5 x 4 mm &#8211; 350 Watt &#8211; Lunghezza totale 110 mm &#8211; Codice PS1S commercializzate da <b>Mack 4 seasons<\/b> servent \u00e0 d\u00e9clencher l\u2019allumage de copeaux de bois, de troncs divis\u00e9s, de briquettes de bois ou d\u2019autres biomasse, de paille, de ma\u00efs, etc. par air pr\u00e9sent dans les g\u00e9n\u00e9rateurs de chaleur \u00e0 biomasse<\/p>\n<p>Pr\u00e9sents dans les appareils types - Po\u00eale \u00e0 pellets - Chaudi\u00e8re \u00e0 pellets - Br\u00fbleur \u00e0 pellets - Pellets BBQ\/grill Chaudi\u00e8re \u00e0 biomasse - Br\u00fbleur \u00e0 biomasse - Et beaucoup d\u2019autres br\u00fbleurs<\/p>\n<h3>Int\u00e9rieur<\/h3>\n<p><a href=\"https:\/\/wekos.it\/\">po\u00eales, cuisini\u00e8res et cuisini\u00e8res \u00e0 bois<\/a>\u00a0-\u00a0<a href=\"https:\/\/www.greenpuros.com\/\">chemin\u00e9es, po\u00eales et chaudi\u00e8res \u00e0 pellets.<\/a><\/p>\n<h3>Gamme de pi\u00e8ces de rechange et accessoires <b>Mack 4 seasons <\/b><\/h3>\n<p><a href=\"https:\/\/amrtop.com\/B2B\/categoria-prodotto\/ricambi-vari-stufe-e-caldaie\/candelette\/\">Bougies de pr\u00e9chauffage<\/a><\/p>\n<p><a href=\"https:\/\/amrtop.com\/B2B\/categoria-prodotto\/ricambi-vari-stufe-e-caldaie\/elettronica\/\">\u00c9lectronique<\/a><\/p>\n<p><a href=\"https:\/\/amrtop.com\/B2B\/categoria-prodotto\/ricambi-vari-stufe-e-caldaie\/estrattori-fumo\/\">Extracteurs de fum\u00e9e<\/a><\/p>\n<p><a href=\"https:\/\/amrtop.com\/B2B\/categoria-prodotto\/ricambi-vari-stufe-e-caldaie\/guaine-cavi-connettori\/\">Gaines c\u00e2bles connecteurs<\/a><\/p>\n<p><a href=\"https:\/\/amrtop.com\/B2B\/categoria-prodotto\/ricambi-vari-stufe-e-caldaie\/guaine-cavi-connettori\/\">Joints en silicone<\/a><\/p>\n<p><a href=\"https:\/\/amrtop.com\/B2B\/categoria-prodotto\/ricambi-vari-stufe-e-caldaie\/motoriduttori\/\">Motor\u00e9ducteurs<\/a><\/p>\n<p><a href=\"https:\/\/amrtop.com\/B2B\/categoria-prodotto\/ricambi-vari-stufe-e-caldaie\/pressostati-e-trasduttori\/\">Pressostats et transducteurs<\/a><\/p>\n<p><a href=\"https:\/\/amrtop.com\/B2B\/categoria-prodotto\/ricambi-vari-stufe-e-caldaie\/sonde-termostati-manometri-termometri\/\">Sondes thermostats manom\u00e8tres thermom\u00e8tres<\/a><\/p>\n<p><a href=\"https:\/\/amrtop.com\/B2B\/categoria-prodotto\/ricambi-vari-stufe-e-caldaie\/trecce-di-tenuta\/\">Tresses d\u2019\u00e9tanch\u00e9it\u00e9<\/a><\/p>\n<p><a href=\"https:\/\/amrtop.com\/B2B\/categoria-prodotto\/ricambi-vari-stufe-e-caldaie\/ventilatori-centrifughi\/\">Ventilateurs centrifuges<\/a><\/p>\n<p><a href=\"https:\/\/amrtop.com\/B2B\/categoria-prodotto\/ricambi-vari-stufe-e-caldaie\/ventilatori-tangenziali\/\">Ventilateurs tangentiels<\/a><\/p>\n<p><a href=\"https:\/\/amrtop.com\/B2B\/categoria-prodotto\/ricambi-vari-stufe-e-caldaie\/adesivi-e-sigillanti\/\">Colles et mastics<\/a><\/p>\n<p>le personnel de <b>Mack 4 seasons <\/b> a \u00e9t\u00e9 soigneusement form\u00e9 pour vous aider \u00e0 identifier les pi\u00e8ces de rechange \u00e0 remplacer en offrant un service d\u2019assistance t\u00e9l\u00e9phonique en fran\u00e7ais, anglais, roumain et italien.<br \/>\nN\u2019h\u00e9sitez pas \u00e0 nous contacter<\/p>\n<p>&nbsp;<\/p>","protected":false},"excerpt":{"rendered":"<h2>Disponible<\/h2>\n<hr \/>\n<h3>Bougie \u00e9tanche en quartz avec bride en c\u00e9ramique<\/h3>\n<p>Code PS1S<\/p>\n<p>Dimensions quartz : 72,5 x 4 mm<br \/>\nLongueur totale : 110 mm<br \/>\nLongueur sous-\u00e9crou : 92,5 mm<br \/>\nPuissances : 350 W<br \/>\nLongueur c\u00e2bles 520 mm<\/p>\n<h3><\/h3>\n<hr \/>\n<p>&nbsp;<\/p>","protected":false},"featured_media":17588,"template":"","meta":[],"product_brand":[],"product_cat":[813,894,812],"product_tag":[],"class_list":{"0":"post-17587","1":"product","2":"type-product","3":"status-publish","4":"has-post-thumbnail","6":"product_cat-candelette","7":"product_cat-candelette-stagne-in-quarzo-con-flangia-in-ceramica","8":"product_cat-ricambi-vari-stufe-caldaie","10":"first","11":"instock","12":"taxable","13":"shipping-taxable","14":"purchasable","15":"product-type-simple"},"yoast_head":"<!-- This site is optimized with the Yoast SEO plugin v26.3 - https:\/\/yoast.com\/wordpress\/plugins\/seo\/ -->\n<title>Candeletta stagna in quarzo<\/title>\n<meta name=\"description\" content=\"Candeletta stagna in quarzo stufe a pellet-resistenza accensionestagna in quarzo stufe pellet-cartuccia accensione stagna in quarzo stufe pellet\" \/>\n<meta name=\"robots\" content=\"index, follow, max-snippet:-1, max-image-preview:large, max-video-preview:-1\" \/>\n<link rel=\"canonical\" href=\"https:\/\/mack4seasons.com\/fr\/negozio\/ricambi-vari-stufe-caldaie\/candelette\/candelette-stagne-in-quarzo-con-flangia-in-ceramica\/candeletta-stagna-in-quarzo\/\" \/>\n<meta property=\"og:locale\" content=\"fr_FR\" \/>\n<meta property=\"og:type\" content=\"article\" \/>\n<meta property=\"og:title\" content=\"Candeletta stagna in quarzo\" \/>\n<meta property=\"og:description\" content=\"Candeletta stagna in quarzo stufe a pellet-resistenza accensionestagna in quarzo stufe pellet-cartuccia accensione stagna in quarzo stufe pellet\" \/>\n<meta property=\"og:url\" content=\"https:\/\/mack4seasons.com\/fr\/negozio\/ricambi-vari-stufe-caldaie\/candelette\/candelette-stagne-in-quarzo-con-flangia-in-ceramica\/candeletta-stagna-in-quarzo\/\" \/>\n<meta property=\"og:site_name\" content=\"Mack4Season\" \/>\n<meta property=\"article:publisher\" content=\"https:\/\/www.facebook.com\/profile.php?id=100075990468585\" \/>\n<meta property=\"article:modified_time\" content=\"2024-05-09T09:02:48+00:00\" \/>\n<meta property=\"og:image\" content=\"https:\/\/mack4seasons.com\/wp-content\/uploads\/2023\/02\/ms-ps1s.jpg\" \/>\n\t<meta property=\"og:image:width\" content=\"960\" \/>\n\t<meta property=\"og:image:height\" content=\"960\" \/>\n\t<meta property=\"og:image:type\" content=\"image\/jpeg\" \/>\n<meta name=\"twitter:card\" content=\"summary_large_image\" \/>\n<meta name=\"twitter:label1\" content=\"Dur\u00e9e de lecture estim\u00e9e\" \/>\n\t<meta name=\"twitter:data1\" content=\"3 minutes\" \/>\n<script type=\"application\/ld+json\" class=\"yoast-schema-graph\">{\"@context\":\"https:\/\/schema.org\",\"@graph\":[{\"@type\":\"WebPage\",\"@id\":\"https:\/\/mack4seasons.com\/negozio\/ricambi-vari-stufe-caldaie\/candelette\/candelette-stagne-in-quarzo-con-flangia-in-ceramica\/candeletta-stagna-in-quarzo\/\",\"url\":\"https:\/\/mack4seasons.com\/negozio\/ricambi-vari-stufe-caldaie\/candelette\/candelette-stagne-in-quarzo-con-flangia-in-ceramica\/candeletta-stagna-in-quarzo\/\",\"name\":\"Candeletta stagna in quarzo\",\"isPartOf\":{\"@id\":\"https:\/\/mack4seasons.com\/#website\"},\"primaryImageOfPage\":{\"@id\":\"https:\/\/mack4seasons.com\/negozio\/ricambi-vari-stufe-caldaie\/candelette\/candelette-stagne-in-quarzo-con-flangia-in-ceramica\/candeletta-stagna-in-quarzo\/#primaryimage\"},\"image\":{\"@id\":\"https:\/\/mack4seasons.com\/negozio\/ricambi-vari-stufe-caldaie\/candelette\/candelette-stagne-in-quarzo-con-flangia-in-ceramica\/candeletta-stagna-in-quarzo\/#primaryimage\"},\"thumbnailUrl\":\"https:\/\/mack4seasons.com\/wp-content\/uploads\/2023\/02\/ms-ps1s.jpg\",\"datePublished\":\"2023-02-13T14:46:34+00:00\",\"dateModified\":\"2024-05-09T09:02:48+00:00\",\"description\":\"Candeletta stagna in quarzo stufe a pellet-resistenza accensionestagna in quarzo stufe pellet-cartuccia accensione stagna in quarzo stufe pellet\",\"breadcrumb\":{\"@id\":\"https:\/\/mack4seasons.com\/negozio\/ricambi-vari-stufe-caldaie\/candelette\/candelette-stagne-in-quarzo-con-flangia-in-ceramica\/candeletta-stagna-in-quarzo\/#breadcrumb\"},\"inLanguage\":\"fr-FR\",\"potentialAction\":[{\"@type\":\"ReadAction\",\"target\":[\"https:\/\/mack4seasons.com\/negozio\/ricambi-vari-stufe-caldaie\/candelette\/candelette-stagne-in-quarzo-con-flangia-in-ceramica\/candeletta-stagna-in-quarzo\/\"]}]},{\"@type\":\"ImageObject\",\"inLanguage\":\"fr-FR\",\"@id\":\"https:\/\/mack4seasons.com\/negozio\/ricambi-vari-stufe-caldaie\/candelette\/candelette-stagne-in-quarzo-con-flangia-in-ceramica\/candeletta-stagna-in-quarzo\/#primaryimage\",\"url\":\"https:\/\/mack4seasons.com\/wp-content\/uploads\/2023\/02\/ms-ps1s.jpg\",\"contentUrl\":\"https:\/\/mack4seasons.com\/wp-content\/uploads\/2023\/02\/ms-ps1s.jpg\",\"width\":960,\"height\":960,\"caption\":\"Candeletta stagna in quarzo con flangia in ceramica - Dimensioni quarzo 72,5 x 4 mm - 350 Watt - Lunghezza totale 110 mm - Codice PS1S\"},{\"@type\":\"BreadcrumbList\",\"@id\":\"https:\/\/mack4seasons.com\/negozio\/ricambi-vari-stufe-caldaie\/candelette\/candelette-stagne-in-quarzo-con-flangia-in-ceramica\/candeletta-stagna-in-quarzo\/#breadcrumb\",\"itemListElement\":[{\"@type\":\"ListItem\",\"position\":1,\"name\":\"Home\",\"item\":\"https:\/\/mack4seasons.com\/ricambi-accessori-stufe-e-caldaie-pellet\/\"},{\"@type\":\"ListItem\",\"position\":2,\"name\":\"Shop\",\"item\":\"https:\/\/mack4seasons.com\/negozio\/\"},{\"@type\":\"ListItem\",\"position\":3,\"name\":\"Candeletta stagna in quarzo con flangia in ceramica &#8211; Dimensioni quarzo 72,5 x 4 mm &#8211; 350 Watt &#8211; Lunghezza totale 110 mm &#8211; Codice PS1S\"}]},{\"@type\":\"WebSite\",\"@id\":\"https:\/\/mack4seasons.com\/#website\",\"url\":\"https:\/\/mack4seasons.com\/\",\"name\":\"Mack4Season\",\"description\":\"Per il comfort termico della tua casa\",\"publisher\":{\"@id\":\"https:\/\/mack4seasons.com\/#organization\"},\"potentialAction\":[{\"@type\":\"SearchAction\",\"target\":{\"@type\":\"EntryPoint\",\"urlTemplate\":\"https:\/\/mack4seasons.com\/?s={search_term_string}\"},\"query-input\":{\"@type\":\"PropertyValueSpecification\",\"valueRequired\":true,\"valueName\":\"search_term_string\"}}],\"inLanguage\":\"fr-FR\"},{\"@type\":\"Organization\",\"@id\":\"https:\/\/mack4seasons.com\/#organization\",\"name\":\"Mack4Season\",\"url\":\"https:\/\/mack4seasons.com\/\",\"logo\":{\"@type\":\"ImageObject\",\"inLanguage\":\"fr-FR\",\"@id\":\"https:\/\/mack4seasons.com\/#\/schema\/logo\/image\/\",\"url\":\"https:\/\/mack4seasons.com\/wp-content\/uploads\/2021\/06\/w-MACK-logo-pantone-02A19E.png\",\"contentUrl\":\"https:\/\/mack4seasons.com\/wp-content\/uploads\/2021\/06\/w-MACK-logo-pantone-02A19E.png\",\"width\":809,\"height\":425,\"caption\":\"Mack4Season\"},\"image\":{\"@id\":\"https:\/\/mack4seasons.com\/#\/schema\/logo\/image\/\"},\"sameAs\":[\"https:\/\/www.facebook.com\/profile.php?id=100075990468585\"]}]}<\/script>\n<!-- \/ Yoast SEO plugin. -->","yoast_head_json":{"title":"Bougie \u00e9tanche en quartz","description":"Candeletta stagna in quarzo stufe a pellet-resistenza accensionestagna in quarzo stufe pellet-cartuccia accensione stagna in quarzo stufe pellet","robots":{"index":"index","follow":"follow","max-snippet":"max-snippet:-1","max-image-preview":"max-image-preview:large","max-video-preview":"max-video-preview:-1"},"canonical":"https:\/\/mack4seasons.com\/fr\/negozio\/ricambi-vari-stufe-caldaie\/candelette\/candelette-stagne-in-quarzo-con-flangia-in-ceramica\/candeletta-stagna-in-quarzo\/","og_locale":"fr_FR","og_type":"article","og_title":"Candeletta stagna in quarzo","og_description":"Candeletta stagna in quarzo stufe a pellet-resistenza accensionestagna in quarzo stufe pellet-cartuccia accensione stagna in quarzo stufe pellet","og_url":"https:\/\/mack4seasons.com\/fr\/negozio\/ricambi-vari-stufe-caldaie\/candelette\/candelette-stagne-in-quarzo-con-flangia-in-ceramica\/candeletta-stagna-in-quarzo\/","og_site_name":"Mack4Season","article_publisher":"https:\/\/www.facebook.com\/profile.php?id=100075990468585","article_modified_time":"2024-05-09T09:02:48+00:00","og_image":[{"width":960,"height":960,"url":"https:\/\/mack4seasons.com\/wp-content\/uploads\/2023\/02\/ms-ps1s.jpg","type":"image\/jpeg"}],"twitter_card":"summary_large_image","twitter_misc":{"Dur\u00e9e de lecture estim\u00e9e":"3 minutes"},"schema":{"@context":"https:\/\/schema.org","@graph":[{"@type":"WebPage","@id":"https:\/\/mack4seasons.com\/negozio\/ricambi-vari-stufe-caldaie\/candelette\/candelette-stagne-in-quarzo-con-flangia-in-ceramica\/candeletta-stagna-in-quarzo\/","url":"https:\/\/mack4seasons.com\/negozio\/ricambi-vari-stufe-caldaie\/candelette\/candelette-stagne-in-quarzo-con-flangia-in-ceramica\/candeletta-stagna-in-quarzo\/","name":"Bougie \u00e9tanche en quartz","isPartOf":{"@id":"https:\/\/mack4seasons.com\/#website"},"primaryImageOfPage":{"@id":"https:\/\/mack4seasons.com\/negozio\/ricambi-vari-stufe-caldaie\/candelette\/candelette-stagne-in-quarzo-con-flangia-in-ceramica\/candeletta-stagna-in-quarzo\/#primaryimage"},"image":{"@id":"https:\/\/mack4seasons.com\/negozio\/ricambi-vari-stufe-caldaie\/candelette\/candelette-stagne-in-quarzo-con-flangia-in-ceramica\/candeletta-stagna-in-quarzo\/#primaryimage"},"thumbnailUrl":"https:\/\/mack4seasons.com\/wp-content\/uploads\/2023\/02\/ms-ps1s.jpg","datePublished":"2023-02-13T14:46:34+00:00","dateModified":"2024-05-09T09:02:48+00:00","description":"Candeletta stagna in quarzo stufe a pellet-resistenza accensionestagna in quarzo stufe pellet-cartuccia accensione stagna in quarzo stufe pellet","breadcrumb":{"@id":"https:\/\/mack4seasons.com\/negozio\/ricambi-vari-stufe-caldaie\/candelette\/candelette-stagne-in-quarzo-con-flangia-in-ceramica\/candeletta-stagna-in-quarzo\/#breadcrumb"},"inLanguage":"fr-FR","potentialAction":[{"@type":"ReadAction","target":["https:\/\/mack4seasons.com\/negozio\/ricambi-vari-stufe-caldaie\/candelette\/candelette-stagne-in-quarzo-con-flangia-in-ceramica\/candeletta-stagna-in-quarzo\/"]}]},{"@type":"ImageObject","inLanguage":"fr-FR","@id":"https:\/\/mack4seasons.com\/negozio\/ricambi-vari-stufe-caldaie\/candelette\/candelette-stagne-in-quarzo-con-flangia-in-ceramica\/candeletta-stagna-in-quarzo\/#primaryimage","url":"https:\/\/mack4seasons.com\/wp-content\/uploads\/2023\/02\/ms-ps1s.jpg","contentUrl":"https:\/\/mack4seasons.com\/wp-content\/uploads\/2023\/02\/ms-ps1s.jpg","width":960,"height":960,"caption":"Candeletta stagna in quarzo con flangia in ceramica - Dimensioni quarzo 72,5 x 4 mm - 350 Watt - Lunghezza totale 110 mm - Codice PS1S"},{"@type":"BreadcrumbList","@id":"https:\/\/mack4seasons.com\/negozio\/ricambi-vari-stufe-caldaie\/candelette\/candelette-stagne-in-quarzo-con-flangia-in-ceramica\/candeletta-stagna-in-quarzo\/#breadcrumb","itemListElement":[{"@type":"ListItem","position":1,"name":"Home","item":"https:\/\/mack4seasons.com\/ricambi-accessori-stufe-e-caldaie-pellet\/"},{"@type":"ListItem","position":2,"name":"Shop","item":"https:\/\/mack4seasons.com\/negozio\/"},{"@type":"ListItem","position":3,"name":"Candeletta stagna in quarzo con flangia in ceramica &#8211; Dimensioni quarzo 72,5 x 4 mm &#8211; 350 Watt &#8211; Lunghezza totale 110 mm &#8211; Codice PS1S"}]},{"@type":"WebSite","@id":"https:\/\/mack4seasons.com\/#website","url":"https:\/\/mack4seasons.com\/","name":"Mack4Season","description":"Pour le confort thermique de votre maison","publisher":{"@id":"https:\/\/mack4seasons.com\/#organization"},"potentialAction":[{"@type":"SearchAction","target":{"@type":"EntryPoint","urlTemplate":"https:\/\/mack4seasons.com\/?s={search_term_string}"},"query-input":{"@type":"PropertyValueSpecification","valueRequired":true,"valueName":"search_term_string"}}],"inLanguage":"fr-FR"},{"@type":"Organization","@id":"https:\/\/mack4seasons.com\/#organization","name":"Mack4Season","url":"https:\/\/mack4seasons.com\/","logo":{"@type":"ImageObject","inLanguage":"fr-FR","@id":"https:\/\/mack4seasons.com\/#\/schema\/logo\/image\/","url":"https:\/\/mack4seasons.com\/wp-content\/uploads\/2021\/06\/w-MACK-logo-pantone-02A19E.png","contentUrl":"https:\/\/mack4seasons.com\/wp-content\/uploads\/2021\/06\/w-MACK-logo-pantone-02A19E.png","width":809,"height":425,"caption":"Mack4Season"},"image":{"@id":"https:\/\/mack4seasons.com\/#\/schema\/logo\/image\/"},"sameAs":["https:\/\/www.facebook.com\/profile.php?id=100075990468585"]}]}},"_links":{"self":[{"href":"https:\/\/mack4seasons.com\/fr\/wp-json\/wp\/v2\/product\/17587","targetHints":{"allow":["GET"]}}],"collection":[{"href":"https:\/\/mack4seasons.com\/fr\/wp-json\/wp\/v2\/product"}],"about":[{"href":"https:\/\/mack4seasons.com\/fr\/wp-json\/wp\/v2\/types\/product"}],"wp:featuredmedia":[{"embeddable":true,"href":"https:\/\/mack4seasons.com\/fr\/wp-json\/wp\/v2\/media\/17588"}],"wp:attachment":[{"href":"https:\/\/mack4seasons.com\/fr\/wp-json\/wp\/v2\/media?parent=17587"}],"wp:term":[{"taxonomy":"product_brand","embeddable":true,"href":"https:\/\/mack4seasons.com\/fr\/wp-json\/wp\/v2\/product_brand?post=17587"},{"taxonomy":"product_cat","embeddable":true,"href":"https:\/\/mack4seasons.com\/fr\/wp-json\/wp\/v2\/product_cat?post=17587"},{"taxonomy":"product_tag","embeddable":true,"href":"https:\/\/mack4seasons.com\/fr\/wp-json\/wp\/v2\/product_tag?post=17587"}],"curies":[{"name":"wp","href":"https:\/\/api.w.org\/{rel}","templated":true}]}}