{"id":17575,"date":"2023-02-13T11:12:13","date_gmt":"2023-02-13T11:12:13","guid":{"rendered":"https:\/\/mack4seasons.com\/?post_type=product&#038;p=17575"},"modified":"2023-02-13T13:08:01","modified_gmt":"2023-02-13T13:08:01","slug":"candeletta-in-quarzo-3-8","status":"publish","type":"product","link":"https:\/\/mack4seasons.com\/fr\/negozio\/ricambi-vari-stufe-caldaie\/candelette\/candelette-quarzo-raccordo-3-8\/candeletta-in-quarzo-3-8\/","title":{"rendered":"Bougie en quartz raccord 3\/8 avec prise d'air \u2013Dimensions \u00e0 quartz 68 x 4 mm \u2013 330 Watt \u2013 longueur totale 104 mm \u2013 Code PS19S"},"content":{"rendered":"<h3>Bougie en quartz 3\/8\"<\/h3>\n<p><strong>Mack4seasons<\/strong>\u00a0offre une vari\u00e9t\u00e9 de bougies de pr\u00e9chauffage \u00e0\u00a0<strong>Cristal de quartz noir<\/strong>\u00a0composant pour l\u2019acc\u00e8s rapide \u00e0 la biomasse\u00a0: granul\u00e9s, bois, paille, etc. de diff\u00e9rentes longueurs, avec bride, raccord 3\/8\"et lisse.<\/p>\n<p>Une innovation importante dans le domaine des allumages de po\u00eales et chaudi\u00e8res \u00e0 pellets. \u00a0 La bougie de pr\u00e9chauffage en cristal de quartz noir est la prochaine g\u00e9n\u00e9ration pour la combustion des pellets et d\u2019autres biomasses.<\/p>\n<p>Gr\u00e2ce \u00e0 sa rapidit\u00e9 d\u2019allumage, il r\u00e9duit la consommation d\u2019\u00e9nergie, la bougie de cristal de quartz noir enflamme le pellet en quelques secondes.<\/p>\n<p>Il atteint une temp\u00e9rature nettement plus \u00e9lev\u00e9e, environ le double de celle des bougies de pr\u00e9chauffage traditionnelles en m\u00e9tal et en c\u00e9ramique. Il atteint une efficacit\u00e9 maximale en moins de 60 secondes.<\/p>\n<p>Ne n\u00e9cessite aucun entretien. Structure dure comme un diamant, contrairement \u00e0 la bougie de pr\u00e9chauffage traditionnelle en c\u00e9ramique.<\/p>\n<p>La bougie d\u2019allumage en cristal de quartz ne g\u00e9n\u00e8re aucun type de probl\u00e8me ou court.<\/p>\n<p>Avec cette structure unique, l\u2019air ambiant est inject\u00e9 dans le support de bougie, il passe d\u2019une temp\u00e9rature de 25 \u00e0 1000 \u00baC en quelques secondes, la vitesse de combustion est augment\u00e9e d\u2019environ deux fois plus vite que par le pass\u00e9.<\/p>\n<h3>Les avantages des bougies de pr\u00e9chauffage en quartz<\/h3>\n<ul>\n<li>En 10 secondes, il atteint plus de 1000 \u00b0 et la temp\u00e9rature reste constante.<\/li>\n<li>Fixation universelle G 3\/8 ou bride con\u00e7ue pour s\u2019adapter \u00e0 toute chaudi\u00e8re ou po\u00eale existant<\/li>\n<li>Haute r\u00e9sistance \u00e0 l\u2019oxydation et \u00e0 la corrosion naturelle ou chimique.<\/li>\n<li>Allume le bois, la sciure, les copeaux de bois, le charbon<\/li>\n<li>Convertible en mod\u00e8le herm\u00e9tique ou standard- Versions 24 V et 240 V (disponible mod\u00e8le de Cristal de Quartz Noir de 24 V 90 Watts).<\/li>\n<li>Sans risque de court-circuit. - Les s\u00e9ries Vulcano et Nitro sont 2 fois plus r\u00e9sistantes m\u00e9caniquement aux chocs que la c\u00e9ramique.<\/li>\n<li>Haute r\u00e9sistance aux cendres de combustion et shock thermique.<\/li>\n<li>Bride con\u00e7ue pour permettre le passage de l\u2019air et volume r\u00e9duit du Cristal de Quartz Noir.<\/li>\n<li>Possibilit\u00e9 de connecteurs et de fournir le tube personnalis\u00e9 (Contactez-nous pour plus d\u2019informations).<\/li>\n<li>La bougie \u00e0 cristal de quartz noir a un \u00e9l\u00e9ment de fixation qui permet le passage de l\u2019air de combustion pour les po\u00eales \u00e9tanches et traditionnels<\/li>\n<\/ul>\n<h3>Utilisation de la bougie en quartz 3\/8\"<\/h3>\n<p>Bougie en quartz raccord 3\/8 avec prise d'air \u2013Dimensions \u00e0 quartz 68 x 4 mm \u2013 330 Watt \u2013 longueur totale 104 mm \u2013 Code PS19S-commercialis\u00e9es par <strong>Mack4seasons<\/strong>\u00a0sert \u00e0 d\u00e9clencher l\u2019allumage de copeaux de bois, troncs divis\u00e9s, briquettes de bois ou autre biomasse, paille, ma\u00efs, etc., par l\u2019air pr\u00e9sent dans les g\u00e9n\u00e9rateurs de chaleur \u00e0 biomasse<\/p>\n<p><strong>Pr\u00e9sents dans des appareils types<\/strong>\u00a0- Po\u00eale \u00e0 pellets - Chaudi\u00e8re \u00e0 pellets - Br\u00fbleur \u00e0 pellets - Pellets BBQ\/grill Chaudi\u00e8re \u00e0 biomasse - Br\u00fbleur \u00e0 biomasse - Et bien d\u2019autres br\u00fbleurs<\/p>\n<h3><strong>Int\u00e9rieur<\/strong><\/h3>\n<p><a href=\"https:\/\/wekos.it\/\">po\u00eales, cuisini\u00e8res et cuisini\u00e8res \u00e0 bois<\/a>\u00a0-\u00a0<a href=\"https:\/\/www.greenpuros.com\/\">chemin\u00e9es, po\u00eales et chaudi\u00e8res \u00e0 pellets.<\/a><\/p>\n<h3><strong>Gamme de pi\u00e8ces de rechange et accessoires Mack4seasons<\/strong><\/h3>\n<p><a href=\"https:\/\/amrtop.com\/B2B\/categoria-prodotto\/ricambi-vari-stufe-e-caldaie\/candelette\/\"><strong>Bougies de pr\u00e9chauffage<\/strong><\/a><\/p>\n<p><a href=\"https:\/\/amrtop.com\/B2B\/categoria-prodotto\/ricambi-vari-stufe-e-caldaie\/elettronica\/\">\u00c9lectronique<\/a><\/p>\n<p><a href=\"https:\/\/amrtop.com\/B2B\/categoria-prodotto\/ricambi-vari-stufe-e-caldaie\/estrattori-fumo\/\">Extracteurs de fum\u00e9e<\/a><\/p>\n<p><a href=\"https:\/\/amrtop.com\/B2B\/categoria-prodotto\/ricambi-vari-stufe-e-caldaie\/guaine-cavi-connettori\/\">Gaines c\u00e2bles connecteurs<\/a><\/p>\n<p><a href=\"https:\/\/amrtop.com\/B2B\/categoria-prodotto\/ricambi-vari-stufe-e-caldaie\/guaine-cavi-connettori\/\">Joints en silicone<\/a><\/p>\n<p><a href=\"https:\/\/amrtop.com\/B2B\/categoria-prodotto\/ricambi-vari-stufe-e-caldaie\/motoriduttori\/\">Motor\u00e9ducteurs<\/a><\/p>\n<p><a href=\"https:\/\/amrtop.com\/B2B\/categoria-prodotto\/ricambi-vari-stufe-e-caldaie\/pressostati-e-trasduttori\/\">Pressostats et transducteurs<\/a><\/p>\n<p><a href=\"https:\/\/amrtop.com\/B2B\/categoria-prodotto\/ricambi-vari-stufe-e-caldaie\/sonde-termostati-manometri-termometri\/\">Sondes thermostats manom\u00e8tres thermom\u00e8tres<\/a><\/p>\n<p><a href=\"https:\/\/amrtop.com\/B2B\/categoria-prodotto\/ricambi-vari-stufe-e-caldaie\/trecce-di-tenuta\/\">Tresses d\u2019\u00e9tanch\u00e9it\u00e9<\/a><\/p>\n<p><a href=\"https:\/\/amrtop.com\/B2B\/categoria-prodotto\/ricambi-vari-stufe-e-caldaie\/ventilatori-centrifughi\/\">Ventilateurs centrifuges<\/a><\/p>\n<p><a href=\"https:\/\/amrtop.com\/B2B\/categoria-prodotto\/ricambi-vari-stufe-e-caldaie\/ventilatori-tangenziali\/\">Ventilateurs tangentiels<\/a><\/p>\n<p><a href=\"https:\/\/amrtop.com\/B2B\/categoria-prodotto\/ricambi-vari-stufe-e-caldaie\/adesivi-e-sigillanti\/\">Colles et mastics<\/a><\/p>\n<p>le personnel de <strong>Mack4seasons<\/strong>\u00a0a \u00e9t\u00e9 soigneusement form\u00e9 pour vous aider \u00e0 identifier les pi\u00e8ces de rechange \u00e0 remplacer en offrant un service d\u2019assistance t\u00e9l\u00e9phonique en fran\u00e7ais, anglais, roumain et italien.<br \/>\nN\u2019h\u00e9sitez pas \u00e0 nous contacter<\/p>","protected":false},"excerpt":{"rendered":"<h2>Disponible<\/h2>\n<hr \/>\n<h3>Bougie en quartz raccord 3\/8\" avec prise d\u2019air<\/h3>\n<p>Code PS19S<\/p>\n<p>Dimensions quartz : 68 x 4 mm<br \/>\nLongueur totale : 104 mm<br \/>\nLongueur sous-\u00e9crou : 79 mm<br \/>\nPuissances : 330 W<br \/>\nLongueur c\u00e2ble 350 mm<\/p>","protected":false},"featured_media":17576,"template":"","meta":[],"product_brand":[],"product_cat":[813,901,812],"product_tag":[],"class_list":{"0":"post-17575","1":"product","2":"type-product","3":"status-publish","4":"has-post-thumbnail","6":"product_cat-candelette","7":"product_cat-candelette-quarzo-raccordo-3-8","8":"product_cat-ricambi-vari-stufe-caldaie","10":"first","11":"instock","12":"taxable","13":"shipping-taxable","14":"purchasable","15":"product-type-simple"},"yoast_head":"<!-- This site is optimized with the Yoast SEO plugin v26.3 - https:\/\/yoast.com\/wordpress\/plugins\/seo\/ -->\n<title>Candeletta in quarzo 3\/8&quot;<\/title>\n<meta name=\"description\" content=\"Candeletta in quarzo 3\/8&quot; stufe a pellet-resistenza accensione in quarzo 3\/8&quot; stufe pellet-cartuccia accensione in quarzo 3\/8&quot; stufe pellet\" \/>\n<meta name=\"robots\" content=\"index, follow, max-snippet:-1, max-image-preview:large, max-video-preview:-1\" \/>\n<link rel=\"canonical\" href=\"https:\/\/mack4seasons.com\/fr\/negozio\/ricambi-vari-stufe-caldaie\/candelette\/candelette-quarzo-raccordo-3-8\/candeletta-in-quarzo-3-8\/\" \/>\n<meta property=\"og:locale\" content=\"fr_FR\" \/>\n<meta property=\"og:type\" content=\"article\" \/>\n<meta property=\"og:title\" content=\"Candeletta in quarzo 3\/8&quot;\" \/>\n<meta property=\"og:description\" content=\"Candeletta in quarzo 3\/8&quot; stufe a pellet-resistenza accensione in quarzo 3\/8&quot; stufe pellet-cartuccia accensione in quarzo 3\/8&quot; stufe pellet\" \/>\n<meta property=\"og:url\" content=\"https:\/\/mack4seasons.com\/fr\/negozio\/ricambi-vari-stufe-caldaie\/candelette\/candelette-quarzo-raccordo-3-8\/candeletta-in-quarzo-3-8\/\" \/>\n<meta property=\"og:site_name\" content=\"Mack4Season\" \/>\n<meta property=\"article:publisher\" content=\"https:\/\/www.facebook.com\/profile.php?id=100075990468585\" \/>\n<meta property=\"article:modified_time\" content=\"2023-02-13T13:08:01+00:00\" \/>\n<meta property=\"og:image\" content=\"https:\/\/mack4seasons.com\/wp-content\/uploads\/2023\/02\/ms-ps19s.jpg\" \/>\n\t<meta property=\"og:image:width\" content=\"960\" \/>\n\t<meta property=\"og:image:height\" content=\"960\" \/>\n\t<meta property=\"og:image:type\" content=\"image\/jpeg\" \/>\n<meta name=\"twitter:card\" content=\"summary_large_image\" \/>\n<meta name=\"twitter:label1\" content=\"Dur\u00e9e de lecture estim\u00e9e\" \/>\n\t<meta name=\"twitter:data1\" content=\"3 minutes\" \/>\n<script type=\"application\/ld+json\" class=\"yoast-schema-graph\">{\"@context\":\"https:\/\/schema.org\",\"@graph\":[{\"@type\":\"WebPage\",\"@id\":\"https:\/\/mack4seasons.com\/negozio\/ricambi-vari-stufe-caldaie\/candelette\/candelette-quarzo-raccordo-3-8\/candeletta-in-quarzo-3-8\/\",\"url\":\"https:\/\/mack4seasons.com\/negozio\/ricambi-vari-stufe-caldaie\/candelette\/candelette-quarzo-raccordo-3-8\/candeletta-in-quarzo-3-8\/\",\"name\":\"Candeletta in quarzo 3\/8\\\"\",\"isPartOf\":{\"@id\":\"https:\/\/mack4seasons.com\/#website\"},\"primaryImageOfPage\":{\"@id\":\"https:\/\/mack4seasons.com\/negozio\/ricambi-vari-stufe-caldaie\/candelette\/candelette-quarzo-raccordo-3-8\/candeletta-in-quarzo-3-8\/#primaryimage\"},\"image\":{\"@id\":\"https:\/\/mack4seasons.com\/negozio\/ricambi-vari-stufe-caldaie\/candelette\/candelette-quarzo-raccordo-3-8\/candeletta-in-quarzo-3-8\/#primaryimage\"},\"thumbnailUrl\":\"https:\/\/mack4seasons.com\/wp-content\/uploads\/2023\/02\/ms-ps19s.jpg\",\"datePublished\":\"2023-02-13T11:12:13+00:00\",\"dateModified\":\"2023-02-13T13:08:01+00:00\",\"description\":\"Candeletta in quarzo 3\/8\\\" stufe a pellet-resistenza accensione in quarzo 3\/8\\\" stufe pellet-cartuccia accensione in quarzo 3\/8\\\" stufe pellet\",\"breadcrumb\":{\"@id\":\"https:\/\/mack4seasons.com\/negozio\/ricambi-vari-stufe-caldaie\/candelette\/candelette-quarzo-raccordo-3-8\/candeletta-in-quarzo-3-8\/#breadcrumb\"},\"inLanguage\":\"fr-FR\",\"potentialAction\":[{\"@type\":\"ReadAction\",\"target\":[\"https:\/\/mack4seasons.com\/negozio\/ricambi-vari-stufe-caldaie\/candelette\/candelette-quarzo-raccordo-3-8\/candeletta-in-quarzo-3-8\/\"]}]},{\"@type\":\"ImageObject\",\"inLanguage\":\"fr-FR\",\"@id\":\"https:\/\/mack4seasons.com\/negozio\/ricambi-vari-stufe-caldaie\/candelette\/candelette-quarzo-raccordo-3-8\/candeletta-in-quarzo-3-8\/#primaryimage\",\"url\":\"https:\/\/mack4seasons.com\/wp-content\/uploads\/2023\/02\/ms-ps19s.jpg\",\"contentUrl\":\"https:\/\/mack4seasons.com\/wp-content\/uploads\/2023\/02\/ms-ps19s.jpg\",\"width\":960,\"height\":960,\"caption\":\"Candeletta in quarzo raccordo 3\/8\\\" con presa d'aria - Dimensioni quarzo 68 x 4 mm - 330 Watt - Lunghezza totale 104 mm - Codice PS19S\"},{\"@type\":\"BreadcrumbList\",\"@id\":\"https:\/\/mack4seasons.com\/negozio\/ricambi-vari-stufe-caldaie\/candelette\/candelette-quarzo-raccordo-3-8\/candeletta-in-quarzo-3-8\/#breadcrumb\",\"itemListElement\":[{\"@type\":\"ListItem\",\"position\":1,\"name\":\"Home\",\"item\":\"https:\/\/mack4seasons.com\/ricambi-accessori-stufe-e-caldaie-pellet\/\"},{\"@type\":\"ListItem\",\"position\":2,\"name\":\"Shop\",\"item\":\"https:\/\/mack4seasons.com\/negozio\/\"},{\"@type\":\"ListItem\",\"position\":3,\"name\":\"Candeletta in quarzo raccordo 3\/8&#8243; con presa d&#8217;aria &#8211; Dimensioni quarzo 68 x 4 mm &#8211; 330 Watt &#8211; Lunghezza totale 104 mm &#8211; Codice PS19S\"}]},{\"@type\":\"WebSite\",\"@id\":\"https:\/\/mack4seasons.com\/#website\",\"url\":\"https:\/\/mack4seasons.com\/\",\"name\":\"Mack4Season\",\"description\":\"Per il comfort termico della tua casa\",\"publisher\":{\"@id\":\"https:\/\/mack4seasons.com\/#organization\"},\"potentialAction\":[{\"@type\":\"SearchAction\",\"target\":{\"@type\":\"EntryPoint\",\"urlTemplate\":\"https:\/\/mack4seasons.com\/?s={search_term_string}\"},\"query-input\":{\"@type\":\"PropertyValueSpecification\",\"valueRequired\":true,\"valueName\":\"search_term_string\"}}],\"inLanguage\":\"fr-FR\"},{\"@type\":\"Organization\",\"@id\":\"https:\/\/mack4seasons.com\/#organization\",\"name\":\"Mack4Season\",\"url\":\"https:\/\/mack4seasons.com\/\",\"logo\":{\"@type\":\"ImageObject\",\"inLanguage\":\"fr-FR\",\"@id\":\"https:\/\/mack4seasons.com\/#\/schema\/logo\/image\/\",\"url\":\"https:\/\/mack4seasons.com\/wp-content\/uploads\/2021\/06\/w-MACK-logo-pantone-02A19E.png\",\"contentUrl\":\"https:\/\/mack4seasons.com\/wp-content\/uploads\/2021\/06\/w-MACK-logo-pantone-02A19E.png\",\"width\":809,\"height\":425,\"caption\":\"Mack4Season\"},\"image\":{\"@id\":\"https:\/\/mack4seasons.com\/#\/schema\/logo\/image\/\"},\"sameAs\":[\"https:\/\/www.facebook.com\/profile.php?id=100075990468585\"]}]}<\/script>\n<!-- \/ Yoast SEO plugin. -->","yoast_head_json":{"title":"Candeletta in quarzo 3\/8\"","description":"Candeletta in quarzo 3\/8\" stufe a pellet-resistenza accensione in quarzo 3\/8\" stufe pellet-cartuccia accensione in quarzo 3\/8\" stufe pellet","robots":{"index":"index","follow":"follow","max-snippet":"max-snippet:-1","max-image-preview":"max-image-preview:large","max-video-preview":"max-video-preview:-1"},"canonical":"https:\/\/mack4seasons.com\/fr\/negozio\/ricambi-vari-stufe-caldaie\/candelette\/candelette-quarzo-raccordo-3-8\/candeletta-in-quarzo-3-8\/","og_locale":"fr_FR","og_type":"article","og_title":"Candeletta in quarzo 3\/8\"","og_description":"Candeletta in quarzo 3\/8\" stufe a pellet-resistenza accensione in quarzo 3\/8\" stufe pellet-cartuccia accensione in quarzo 3\/8\" stufe pellet","og_url":"https:\/\/mack4seasons.com\/fr\/negozio\/ricambi-vari-stufe-caldaie\/candelette\/candelette-quarzo-raccordo-3-8\/candeletta-in-quarzo-3-8\/","og_site_name":"Mack4Season","article_publisher":"https:\/\/www.facebook.com\/profile.php?id=100075990468585","article_modified_time":"2023-02-13T13:08:01+00:00","og_image":[{"width":960,"height":960,"url":"https:\/\/mack4seasons.com\/wp-content\/uploads\/2023\/02\/ms-ps19s.jpg","type":"image\/jpeg"}],"twitter_card":"summary_large_image","twitter_misc":{"Dur\u00e9e de lecture estim\u00e9e":"3 minutes"},"schema":{"@context":"https:\/\/schema.org","@graph":[{"@type":"WebPage","@id":"https:\/\/mack4seasons.com\/negozio\/ricambi-vari-stufe-caldaie\/candelette\/candelette-quarzo-raccordo-3-8\/candeletta-in-quarzo-3-8\/","url":"https:\/\/mack4seasons.com\/negozio\/ricambi-vari-stufe-caldaie\/candelette\/candelette-quarzo-raccordo-3-8\/candeletta-in-quarzo-3-8\/","name":"Candeletta in quarzo 3\/8\"","isPartOf":{"@id":"https:\/\/mack4seasons.com\/#website"},"primaryImageOfPage":{"@id":"https:\/\/mack4seasons.com\/negozio\/ricambi-vari-stufe-caldaie\/candelette\/candelette-quarzo-raccordo-3-8\/candeletta-in-quarzo-3-8\/#primaryimage"},"image":{"@id":"https:\/\/mack4seasons.com\/negozio\/ricambi-vari-stufe-caldaie\/candelette\/candelette-quarzo-raccordo-3-8\/candeletta-in-quarzo-3-8\/#primaryimage"},"thumbnailUrl":"https:\/\/mack4seasons.com\/wp-content\/uploads\/2023\/02\/ms-ps19s.jpg","datePublished":"2023-02-13T11:12:13+00:00","dateModified":"2023-02-13T13:08:01+00:00","description":"Candeletta in quarzo 3\/8\" stufe a pellet-resistenza accensione in quarzo 3\/8\" stufe pellet-cartuccia accensione in quarzo 3\/8\" stufe pellet","breadcrumb":{"@id":"https:\/\/mack4seasons.com\/negozio\/ricambi-vari-stufe-caldaie\/candelette\/candelette-quarzo-raccordo-3-8\/candeletta-in-quarzo-3-8\/#breadcrumb"},"inLanguage":"fr-FR","potentialAction":[{"@type":"ReadAction","target":["https:\/\/mack4seasons.com\/negozio\/ricambi-vari-stufe-caldaie\/candelette\/candelette-quarzo-raccordo-3-8\/candeletta-in-quarzo-3-8\/"]}]},{"@type":"ImageObject","inLanguage":"fr-FR","@id":"https:\/\/mack4seasons.com\/negozio\/ricambi-vari-stufe-caldaie\/candelette\/candelette-quarzo-raccordo-3-8\/candeletta-in-quarzo-3-8\/#primaryimage","url":"https:\/\/mack4seasons.com\/wp-content\/uploads\/2023\/02\/ms-ps19s.jpg","contentUrl":"https:\/\/mack4seasons.com\/wp-content\/uploads\/2023\/02\/ms-ps19s.jpg","width":960,"height":960,"caption":"Candeletta in quarzo raccordo 3\/8\" con presa d'aria - Dimensioni quarzo 68 x 4 mm - 330 Watt - Lunghezza totale 104 mm - Codice PS19S"},{"@type":"BreadcrumbList","@id":"https:\/\/mack4seasons.com\/negozio\/ricambi-vari-stufe-caldaie\/candelette\/candelette-quarzo-raccordo-3-8\/candeletta-in-quarzo-3-8\/#breadcrumb","itemListElement":[{"@type":"ListItem","position":1,"name":"Home","item":"https:\/\/mack4seasons.com\/ricambi-accessori-stufe-e-caldaie-pellet\/"},{"@type":"ListItem","position":2,"name":"Shop","item":"https:\/\/mack4seasons.com\/negozio\/"},{"@type":"ListItem","position":3,"name":"Candeletta in quarzo raccordo 3\/8&#8243; con presa d&#8217;aria &#8211; Dimensioni quarzo 68 x 4 mm &#8211; 330 Watt &#8211; Lunghezza totale 104 mm &#8211; Codice PS19S"}]},{"@type":"WebSite","@id":"https:\/\/mack4seasons.com\/#website","url":"https:\/\/mack4seasons.com\/","name":"Mack4Season","description":"Pour le confort thermique de votre maison","publisher":{"@id":"https:\/\/mack4seasons.com\/#organization"},"potentialAction":[{"@type":"SearchAction","target":{"@type":"EntryPoint","urlTemplate":"https:\/\/mack4seasons.com\/?s={search_term_string}"},"query-input":{"@type":"PropertyValueSpecification","valueRequired":true,"valueName":"search_term_string"}}],"inLanguage":"fr-FR"},{"@type":"Organization","@id":"https:\/\/mack4seasons.com\/#organization","name":"Mack4Season","url":"https:\/\/mack4seasons.com\/","logo":{"@type":"ImageObject","inLanguage":"fr-FR","@id":"https:\/\/mack4seasons.com\/#\/schema\/logo\/image\/","url":"https:\/\/mack4seasons.com\/wp-content\/uploads\/2021\/06\/w-MACK-logo-pantone-02A19E.png","contentUrl":"https:\/\/mack4seasons.com\/wp-content\/uploads\/2021\/06\/w-MACK-logo-pantone-02A19E.png","width":809,"height":425,"caption":"Mack4Season"},"image":{"@id":"https:\/\/mack4seasons.com\/#\/schema\/logo\/image\/"},"sameAs":["https:\/\/www.facebook.com\/profile.php?id=100075990468585"]}]}},"_links":{"self":[{"href":"https:\/\/mack4seasons.com\/fr\/wp-json\/wp\/v2\/product\/17575","targetHints":{"allow":["GET"]}}],"collection":[{"href":"https:\/\/mack4seasons.com\/fr\/wp-json\/wp\/v2\/product"}],"about":[{"href":"https:\/\/mack4seasons.com\/fr\/wp-json\/wp\/v2\/types\/product"}],"wp:featuredmedia":[{"embeddable":true,"href":"https:\/\/mack4seasons.com\/fr\/wp-json\/wp\/v2\/media\/17576"}],"wp:attachment":[{"href":"https:\/\/mack4seasons.com\/fr\/wp-json\/wp\/v2\/media?parent=17575"}],"wp:term":[{"taxonomy":"product_brand","embeddable":true,"href":"https:\/\/mack4seasons.com\/fr\/wp-json\/wp\/v2\/product_brand?post=17575"},{"taxonomy":"product_cat","embeddable":true,"href":"https:\/\/mack4seasons.com\/fr\/wp-json\/wp\/v2\/product_cat?post=17575"},{"taxonomy":"product_tag","embeddable":true,"href":"https:\/\/mack4seasons.com\/fr\/wp-json\/wp\/v2\/product_tag?post=17575"}],"curies":[{"name":"wp","href":"https:\/\/api.w.org\/{rel}","templated":true}]}}