{"id":17458,"date":"2020-10-01T00:00:00","date_gmt":"2020-10-01T00:00:00","guid":{"rendered":"https:\/\/mack4seasons.com\/?post_type=product&#038;p=17458"},"modified":"2023-02-03T14:45:26","modified_gmt":"2023-02-03T14:45:26","slug":"telecomando-con-display-per-stufe-e-termostufe-a-pellet-mcz-compatibile-con-il-codice-41451111800","status":"publish","type":"product","link":"https:\/\/mack4seasons.com\/fr\/negozio\/mcz-ricambi-per-stufe-termostufe-e-caldaie-a-pellet-mcz\/stufe-a-pellet-mcz\/antares\/telecomando-con-display-per-stufe-e-termostufe-a-pellet-mcz-compatibile-con-il-codice-41451111800\/","title":{"rendered":"Telecomando con display per stufe e termostufe a pellet MCZ compatibile con il Codice 41451111800"},"content":{"rendered":"<hr ->\n<h2>Telecomando con display per stufa a pellet MCZ<-h2><br \/>\nCompatibile con il Codice 41451111800<br \/>\n<strong> Pour les mod\u00e8les de po\u00eales \u00e0 pellets MCZ suivants : <-strong>Antares, Astra, Athos Multi air, Aurora, Gea, Modulo Pellet, Nova air, Nova Multi air, Omega, Panorama, Planet, Polar air, Polar Multi air, PowerBox Compact, PowerBox LINK, Powersystem, Saturn,<br \/>\nSolar, <\/p>","protected":false},"excerpt":{"rendered":"<hr ->\n<p>Compatible avec le code MCZ original <strong>Codice 41451111800<-strong><\/p>","protected":false},"featured_media":17298,"template":"","meta":[],"product_brand":[],"product_cat":[1520,1521,1663,1522,1668,1212,1695,1675,1676,1698,1620,1699,1678,1679,1641,1642,1643,1700,1681,1529],"product_tag":[],"class_list":{"0":"post-17458","1":"product","2":"type-product","3":"status-publish","4":"has-post-thumbnail","6":"product_cat-antares","7":"product_cat-astra","8":"product_cat-athos-multi-air","9":"product_cat-aurora","10":"product_cat-gea","11":"product_cat-mcz-ricambi-per-stufe-termostufe-e-caldaie-a-pellet-mcz","12":"product_cat-modulo-pellet","13":"product_cat-nova-air","14":"product_cat-nova-multi-air","15":"product_cat-omega","16":"product_cat-panorama","17":"product_cat-planet","18":"product_cat-polar-air","19":"product_cat-polar-multi-air","20":"product_cat-powerbox-compact","21":"product_cat-powerbox-link","22":"product_cat-powersystem","23":"product_cat-saturn","24":"product_cat-solar","25":"product_cat-vega","26":"product_shipping_class-classe-di-spedizione-01","28":"first","29":"instock","30":"taxable","31":"shipping-taxable","32":"purchasable","33":"product-type-simple"},"yoast_head":"<!-- This site is optimized with the Yoast SEO plugin v26.3 - https:\/\/yoast.com\/wordpress\/plugins\/seo\/ -->\n<title>Telecomando con display per stufe e termostufe a pellet MCZ compatibile con il Codice 41451111800 - Mack4Season<\/title>\n<meta name=\"robots\" content=\"index, follow, max-snippet:-1, max-image-preview:large, max-video-preview:-1\" \/>\n<link rel=\"canonical\" href=\"https:\/\/mack4seasons.com\/fr\/negozio\/senza-categoria\/telecomando-con-display-per-stufe-e-termostufe-a-pellet-mcz-compatibile-con-il-codice-41451111800\/\" \/>\n<meta property=\"og:locale\" content=\"fr_FR\" \/>\n<meta property=\"og:type\" content=\"article\" \/>\n<meta property=\"og:title\" content=\"Telecomando con display per stufe e termostufe a pellet MCZ compatibile con il Codice 41451111800 - Mack4Season\" \/>\n<meta property=\"og:description\" content=\"Compatibile con il codice originale MCZ Codice 41451111800\" \/>\n<meta property=\"og:url\" content=\"https:\/\/mack4seasons.com\/fr\/negozio\/senza-categoria\/telecomando-con-display-per-stufe-e-termostufe-a-pellet-mcz-compatibile-con-il-codice-41451111800\/\" \/>\n<meta property=\"og:site_name\" content=\"Mack4Season\" \/>\n<meta property=\"article:publisher\" content=\"https:\/\/www.facebook.com\/profile.php?id=100075990468585\" \/>\n<meta property=\"article:modified_time\" content=\"2023-02-03T14:45:26+00:00\" \/>\n<meta name=\"twitter:card\" content=\"summary_large_image\" \/>\n<script type=\"application\/ld+json\" class=\"yoast-schema-graph\">{\"@context\":\"https:\/\/schema.org\",\"@graph\":[{\"@type\":\"WebPage\",\"@id\":\"https:\/\/mack4seasons.com\/negozio\/senza-categoria\/telecomando-con-display-per-stufe-e-termostufe-a-pellet-mcz-compatibile-con-il-codice-41451111800\/\",\"url\":\"https:\/\/mack4seasons.com\/negozio\/senza-categoria\/telecomando-con-display-per-stufe-e-termostufe-a-pellet-mcz-compatibile-con-il-codice-41451111800\/\",\"name\":\"Telecomando con display per stufe e termostufe a pellet MCZ compatibile con il Codice 41451111800 - Mack4Season\",\"isPartOf\":{\"@id\":\"https:\/\/mack4seasons.com\/#website\"},\"primaryImageOfPage\":{\"@id\":\"https:\/\/mack4seasons.com\/negozio\/senza-categoria\/telecomando-con-display-per-stufe-e-termostufe-a-pellet-mcz-compatibile-con-il-codice-41451111800\/#primaryimage\"},\"image\":{\"@id\":\"https:\/\/mack4seasons.com\/negozio\/senza-categoria\/telecomando-con-display-per-stufe-e-termostufe-a-pellet-mcz-compatibile-con-il-codice-41451111800\/#primaryimage\"},\"thumbnailUrl\":\"https:\/\/mack4seasons.com\/wp-content\/uploads\/2023\/01\/Telecomando-con-display-per-stufe-e-termostufe-a-pellet-MCZ-compatibile-con-il-Codice-41451111800.jpg\",\"datePublished\":\"2020-10-01T00:00:00+00:00\",\"dateModified\":\"2023-02-03T14:45:26+00:00\",\"breadcrumb\":{\"@id\":\"https:\/\/mack4seasons.com\/negozio\/senza-categoria\/telecomando-con-display-per-stufe-e-termostufe-a-pellet-mcz-compatibile-con-il-codice-41451111800\/#breadcrumb\"},\"inLanguage\":\"fr-FR\",\"potentialAction\":[{\"@type\":\"ReadAction\",\"target\":[\"https:\/\/mack4seasons.com\/negozio\/senza-categoria\/telecomando-con-display-per-stufe-e-termostufe-a-pellet-mcz-compatibile-con-il-codice-41451111800\/\"]}]},{\"@type\":\"ImageObject\",\"inLanguage\":\"fr-FR\",\"@id\":\"https:\/\/mack4seasons.com\/negozio\/senza-categoria\/telecomando-con-display-per-stufe-e-termostufe-a-pellet-mcz-compatibile-con-il-codice-41451111800\/#primaryimage\",\"url\":\"https:\/\/mack4seasons.com\/wp-content\/uploads\/2023\/01\/Telecomando-con-display-per-stufe-e-termostufe-a-pellet-MCZ-compatibile-con-il-Codice-41451111800.jpg\",\"contentUrl\":\"https:\/\/mack4seasons.com\/wp-content\/uploads\/2023\/01\/Telecomando-con-display-per-stufe-e-termostufe-a-pellet-MCZ-compatibile-con-il-Codice-41451111800.jpg\",\"width\":640,\"height\":640},{\"@type\":\"BreadcrumbList\",\"@id\":\"https:\/\/mack4seasons.com\/negozio\/senza-categoria\/telecomando-con-display-per-stufe-e-termostufe-a-pellet-mcz-compatibile-con-il-codice-41451111800\/#breadcrumb\",\"itemListElement\":[{\"@type\":\"ListItem\",\"position\":1,\"name\":\"Home\",\"item\":\"https:\/\/mack4seasons.com\/ricambi-accessori-stufe-e-caldaie-pellet\/\"},{\"@type\":\"ListItem\",\"position\":2,\"name\":\"Shop\",\"item\":\"https:\/\/mack4seasons.com\/negozio\/\"},{\"@type\":\"ListItem\",\"position\":3,\"name\":\"Telecomando con display per stufe e termostufe a pellet MCZ compatibile con il Codice 41451111800\"}]},{\"@type\":\"WebSite\",\"@id\":\"https:\/\/mack4seasons.com\/#website\",\"url\":\"https:\/\/mack4seasons.com\/\",\"name\":\"Mack4Season\",\"description\":\"Per il comfort termico della tua casa\",\"publisher\":{\"@id\":\"https:\/\/mack4seasons.com\/#organization\"},\"potentialAction\":[{\"@type\":\"SearchAction\",\"target\":{\"@type\":\"EntryPoint\",\"urlTemplate\":\"https:\/\/mack4seasons.com\/?s={search_term_string}\"},\"query-input\":{\"@type\":\"PropertyValueSpecification\",\"valueRequired\":true,\"valueName\":\"search_term_string\"}}],\"inLanguage\":\"fr-FR\"},{\"@type\":\"Organization\",\"@id\":\"https:\/\/mack4seasons.com\/#organization\",\"name\":\"Mack4Season\",\"url\":\"https:\/\/mack4seasons.com\/\",\"logo\":{\"@type\":\"ImageObject\",\"inLanguage\":\"fr-FR\",\"@id\":\"https:\/\/mack4seasons.com\/#\/schema\/logo\/image\/\",\"url\":\"https:\/\/mack4seasons.com\/wp-content\/uploads\/2021\/06\/w-MACK-logo-pantone-02A19E.png\",\"contentUrl\":\"https:\/\/mack4seasons.com\/wp-content\/uploads\/2021\/06\/w-MACK-logo-pantone-02A19E.png\",\"width\":809,\"height\":425,\"caption\":\"Mack4Season\"},\"image\":{\"@id\":\"https:\/\/mack4seasons.com\/#\/schema\/logo\/image\/\"},\"sameAs\":[\"https:\/\/www.facebook.com\/profile.php?id=100075990468585\"]}]}<\/script>\n<!-- \/ Yoast SEO plugin. -->","yoast_head_json":{"title":"Telecomando con display per stufe e termostufe a pellet MCZ compatibile con il Codice 41451111800 - Mack4Season","robots":{"index":"index","follow":"follow","max-snippet":"max-snippet:-1","max-image-preview":"max-image-preview:large","max-video-preview":"max-video-preview:-1"},"canonical":"https:\/\/mack4seasons.com\/fr\/negozio\/senza-categoria\/telecomando-con-display-per-stufe-e-termostufe-a-pellet-mcz-compatibile-con-il-codice-41451111800\/","og_locale":"fr_FR","og_type":"article","og_title":"Telecomando con display per stufe e termostufe a pellet MCZ compatibile con il Codice 41451111800 - Mack4Season","og_description":"Compatibile con il codice originale MCZ Codice 41451111800","og_url":"https:\/\/mack4seasons.com\/fr\/negozio\/senza-categoria\/telecomando-con-display-per-stufe-e-termostufe-a-pellet-mcz-compatibile-con-il-codice-41451111800\/","og_site_name":"Mack4Season","article_publisher":"https:\/\/www.facebook.com\/profile.php?id=100075990468585","article_modified_time":"2023-02-03T14:45:26+00:00","twitter_card":"summary_large_image","schema":{"@context":"https:\/\/schema.org","@graph":[{"@type":"WebPage","@id":"https:\/\/mack4seasons.com\/negozio\/senza-categoria\/telecomando-con-display-per-stufe-e-termostufe-a-pellet-mcz-compatibile-con-il-codice-41451111800\/","url":"https:\/\/mack4seasons.com\/negozio\/senza-categoria\/telecomando-con-display-per-stufe-e-termostufe-a-pellet-mcz-compatibile-con-il-codice-41451111800\/","name":"Telecomando con display per stufe e termostufe a pellet MCZ compatibile con il Codice 41451111800 - Mack4Season","isPartOf":{"@id":"https:\/\/mack4seasons.com\/#website"},"primaryImageOfPage":{"@id":"https:\/\/mack4seasons.com\/negozio\/senza-categoria\/telecomando-con-display-per-stufe-e-termostufe-a-pellet-mcz-compatibile-con-il-codice-41451111800\/#primaryimage"},"image":{"@id":"https:\/\/mack4seasons.com\/negozio\/senza-categoria\/telecomando-con-display-per-stufe-e-termostufe-a-pellet-mcz-compatibile-con-il-codice-41451111800\/#primaryimage"},"thumbnailUrl":"https:\/\/mack4seasons.com\/wp-content\/uploads\/2023\/01\/Telecomando-con-display-per-stufe-e-termostufe-a-pellet-MCZ-compatibile-con-il-Codice-41451111800.jpg","datePublished":"2020-10-01T00:00:00+00:00","dateModified":"2023-02-03T14:45:26+00:00","breadcrumb":{"@id":"https:\/\/mack4seasons.com\/negozio\/senza-categoria\/telecomando-con-display-per-stufe-e-termostufe-a-pellet-mcz-compatibile-con-il-codice-41451111800\/#breadcrumb"},"inLanguage":"fr-FR","potentialAction":[{"@type":"ReadAction","target":["https:\/\/mack4seasons.com\/negozio\/senza-categoria\/telecomando-con-display-per-stufe-e-termostufe-a-pellet-mcz-compatibile-con-il-codice-41451111800\/"]}]},{"@type":"ImageObject","inLanguage":"fr-FR","@id":"https:\/\/mack4seasons.com\/negozio\/senza-categoria\/telecomando-con-display-per-stufe-e-termostufe-a-pellet-mcz-compatibile-con-il-codice-41451111800\/#primaryimage","url":"https:\/\/mack4seasons.com\/wp-content\/uploads\/2023\/01\/Telecomando-con-display-per-stufe-e-termostufe-a-pellet-MCZ-compatibile-con-il-Codice-41451111800.jpg","contentUrl":"https:\/\/mack4seasons.com\/wp-content\/uploads\/2023\/01\/Telecomando-con-display-per-stufe-e-termostufe-a-pellet-MCZ-compatibile-con-il-Codice-41451111800.jpg","width":640,"height":640},{"@type":"BreadcrumbList","@id":"https:\/\/mack4seasons.com\/negozio\/senza-categoria\/telecomando-con-display-per-stufe-e-termostufe-a-pellet-mcz-compatibile-con-il-codice-41451111800\/#breadcrumb","itemListElement":[{"@type":"ListItem","position":1,"name":"Home","item":"https:\/\/mack4seasons.com\/ricambi-accessori-stufe-e-caldaie-pellet\/"},{"@type":"ListItem","position":2,"name":"Shop","item":"https:\/\/mack4seasons.com\/negozio\/"},{"@type":"ListItem","position":3,"name":"Telecomando con display per stufe e termostufe a pellet MCZ compatibile con il Codice 41451111800"}]},{"@type":"WebSite","@id":"https:\/\/mack4seasons.com\/#website","url":"https:\/\/mack4seasons.com\/","name":"Mack4Season","description":"Pour le confort thermique de votre maison","publisher":{"@id":"https:\/\/mack4seasons.com\/#organization"},"potentialAction":[{"@type":"SearchAction","target":{"@type":"EntryPoint","urlTemplate":"https:\/\/mack4seasons.com\/?s={search_term_string}"},"query-input":{"@type":"PropertyValueSpecification","valueRequired":true,"valueName":"search_term_string"}}],"inLanguage":"fr-FR"},{"@type":"Organization","@id":"https:\/\/mack4seasons.com\/#organization","name":"Mack4Season","url":"https:\/\/mack4seasons.com\/","logo":{"@type":"ImageObject","inLanguage":"fr-FR","@id":"https:\/\/mack4seasons.com\/#\/schema\/logo\/image\/","url":"https:\/\/mack4seasons.com\/wp-content\/uploads\/2021\/06\/w-MACK-logo-pantone-02A19E.png","contentUrl":"https:\/\/mack4seasons.com\/wp-content\/uploads\/2021\/06\/w-MACK-logo-pantone-02A19E.png","width":809,"height":425,"caption":"Mack4Season"},"image":{"@id":"https:\/\/mack4seasons.com\/#\/schema\/logo\/image\/"},"sameAs":["https:\/\/www.facebook.com\/profile.php?id=100075990468585"]}]}},"_links":{"self":[{"href":"https:\/\/mack4seasons.com\/fr\/wp-json\/wp\/v2\/product\/17458","targetHints":{"allow":["GET"]}}],"collection":[{"href":"https:\/\/mack4seasons.com\/fr\/wp-json\/wp\/v2\/product"}],"about":[{"href":"https:\/\/mack4seasons.com\/fr\/wp-json\/wp\/v2\/types\/product"}],"wp:featuredmedia":[{"embeddable":true,"href":"https:\/\/mack4seasons.com\/fr\/wp-json\/wp\/v2\/media\/17298"}],"wp:attachment":[{"href":"https:\/\/mack4seasons.com\/fr\/wp-json\/wp\/v2\/media?parent=17458"}],"wp:term":[{"taxonomy":"product_brand","embeddable":true,"href":"https:\/\/mack4seasons.com\/fr\/wp-json\/wp\/v2\/product_brand?post=17458"},{"taxonomy":"product_cat","embeddable":true,"href":"https:\/\/mack4seasons.com\/fr\/wp-json\/wp\/v2\/product_cat?post=17458"},{"taxonomy":"product_tag","embeddable":true,"href":"https:\/\/mack4seasons.com\/fr\/wp-json\/wp\/v2\/product_tag?post=17458"}],"curies":[{"name":"wp","href":"https:\/\/api.w.org\/{rel}","templated":true}]}}