{"id":17379,"date":"2020-10-01T00:00:00","date_gmt":"2020-10-01T00:00:00","guid":{"rendered":"https:\/\/mack4seasons.com\/?post_type=product&#038;p=17379"},"modified":"2023-02-02T08:16:24","modified_gmt":"2023-02-02T08:16:24","slug":"candeletta-per-stufe-e-termostufe-a-pellet-mcz-compatibile-con-il-codice-41451209600","status":"publish","type":"product","link":"https:\/\/mack4seasons.com\/fr\/negozio\/mcz-ricambi-per-stufe-termostufe-e-caldaie-a-pellet-mcz\/stufe-a-pellet-mcz\/athos-power-hydro-24-kw\/candeletta-per-stufe-e-termostufe-a-pellet-mcz-compatibile-con-il-codice-41451209600\/","title":{"rendered":"Motoriduttore per stufe e termostufe a pellet MCZ compatibile con il Codice 41450901600"},"content":{"rendered":"<hr ->\n<h2>Motor\u00e9ducteur pour po\u00eale \u00e0 granul\u00e9s MCZ<-h2><br \/>\nCompatibile con il Codice 41450901600<br \/>\n<strong> Pour les mod\u00e8les de po\u00eales \u00e0 pellets MCZ suivants : <-strong>Athos Power Hydro 24 kW, Clio Hydro 16, Clio Hydro 16 S1 &#8211; Easy Connect, Clio Hydro 23, Clio Hydro 23 S1 &#8211; Easy Connect, Clio Hydro 23-S, Club Hydro 15 kW, Club Hydro 15 kW High Efficiency, Club Hydro 15 kW Ver.2009 cod. 7109007, Club Hydro 22 kW, Club Hydro 22 kW High Efficiency, Ego Hydro, Ego Hydro High Efficieny, Musa Hydro 15 kW, Musa Hydro 15 kW Ver.2009 cod. 7109008, Musa Hydro 15 kW High Efficiency, Musa Hydro 22 kW, Musa Hydro 22 kW High Efficiency,<br \/>\nNova Hydro, Performa 15 Hq Easy Clean H1, Performa 20 Hq Easy Clean H1, Performa 25 Hq Easy Clean H1, Performa 30 Hq Easy Clean H1, Performa 35 Hq Easy Clean H1, Polar Hydro, Selecta 15 Hq S1, Selecta 20 Hq S1, Selecta 25 Hq Acs S1, Selecta 25 Hq S1, Star Hydro, Star Hydro High Efficieny, Suite Hydro 15 kW, Suite Hydro 15 kW High Efficiency, Suite Hydro 15 kW Ver. 2009 cod. 7109007, Suite Hydro 22 kW, Suite Hydro 22 kW High Efficiency, Thea Hydro 16 S1, Thea Hydro 23 S1, Vivo 80 Pellet Hydro, Vivo 85 Pellet Hydro<\/p>","protected":false},"excerpt":{"rendered":"<hr ->\n<p>Compatible avec le code MCZ original <strong> 41450901600 Codice <-strong><\/p>","protected":false},"featured_media":17247,"template":"","meta":[],"product_brand":[],"product_cat":[1432,1434,1435,1436,1437,1438,1664,1665,1500,1666,1667,1503,1504,1212,1671,1672,1508,1673,1674,1462,1467,1468,1469,1470,1364,1473,1476,1477,1478,1479,1511,1512,1683,1684,1513,1685,1686,1526,1527,1657,1688],"product_tag":[],"class_list":{"0":"post-17379","1":"product","2":"type-product","3":"status-publish","4":"has-post-thumbnail","6":"product_cat-athos-power-hydro-24-kw","7":"product_cat-clio-hydro-16","8":"product_cat-clio-hydro-16-s1-easy-connect","9":"product_cat-clio-hydro-23","10":"product_cat-clio-hydro-23-s1-easy-connect","11":"product_cat-clio-hydro-23-s","12":"product_cat-club-hydro-15-kw","13":"product_cat-club-hydro-15-kw-high-efficiency","14":"product_cat-club-hydro-15-kw-ver-2009-cod-7109007","15":"product_cat-club-hydro-22-kw","16":"product_cat-club-hydro-22-kw-high-efficiency","17":"product_cat-ego-hydro","18":"product_cat-ego-hydro-high-efficieny","19":"product_cat-mcz-ricambi-per-stufe-termostufe-e-caldaie-a-pellet-mcz","20":"product_cat-musa-hydro-15-kw","21":"product_cat-musa-hydro-15-kw-high-efficiency","22":"product_cat-musa-hydro-15-kw-ver-2009-cod-7109008","23":"product_cat-musa-hydro-22-kw","24":"product_cat-musa-hydro-22-kw-high-efficiency","25":"product_cat-nova-hydro","26":"product_cat-performa-15-hq-easy-clean-h1","27":"product_cat-performa-20-hq-easy-clean-h1","28":"product_cat-performa-25-hq-easy-clean-h1","29":"product_cat-performa-30-hq-easy-clean-h1","30":"product_cat-performa-35-hq-easy-clean-h1","31":"product_cat-polar-hydro","32":"product_cat-selecta-15-hq-s1","33":"product_cat-selecta-20-hq-s1","34":"product_cat-selecta-25-hq-acs-s1","35":"product_cat-selecta-25-hq-s1","36":"product_cat-star-hydro","37":"product_cat-star-hydro-high-efficieny","38":"product_cat-suite-hydro-15-kw","39":"product_cat-suite-hydro-15-kw-high-efficiency","40":"product_cat-suite-hydro-15-kw-ver-2009-cod-7109007","41":"product_cat-suite-hydro-22-kw","42":"product_cat-suite-hydro-22-kw-high-efficiency","43":"product_cat-thea-hydro-16-s1","44":"product_cat-thea-hydro-23-s1","45":"product_cat-vivo-80-pellet-hydro","46":"product_cat-vivo-85-pellet-hydro","47":"product_shipping_class-classe-di-spedizione-01","49":"first","50":"instock","51":"taxable","52":"shipping-taxable","53":"purchasable","54":"product-type-simple"},"yoast_head":"<!-- This site is optimized with the Yoast SEO plugin v26.3 - https:\/\/yoast.com\/wordpress\/plugins\/seo\/ -->\n<title>Motoriduttore per stufe e termostufe a pellet MCZ compatibile con il Codice 41450901600 - Mack4Season<\/title>\n<meta name=\"robots\" content=\"index, follow, max-snippet:-1, max-image-preview:large, max-video-preview:-1\" \/>\n<link rel=\"canonical\" href=\"https:\/\/mack4seasons.com\/fr\/negozio\/mcz-ricambi-per-stufe-termostufe-e-caldaie-a-pellet-mcz\/stufe-a-pellet-mcz\/performa-35-hq-easy-clean-h1\/candeletta-per-stufe-e-termostufe-a-pellet-mcz-compatibile-con-il-codice-41451209600\/\" \/>\n<meta property=\"og:locale\" content=\"fr_FR\" \/>\n<meta property=\"og:type\" content=\"article\" \/>\n<meta property=\"og:title\" content=\"Motoriduttore per stufe e termostufe a pellet MCZ compatibile con il Codice 41450901600 - Mack4Season\" \/>\n<meta property=\"og:description\" content=\"Compatibile con il codice originale MCZ 41450901600 Codice\" \/>\n<meta property=\"og:url\" content=\"https:\/\/mack4seasons.com\/fr\/negozio\/mcz-ricambi-per-stufe-termostufe-e-caldaie-a-pellet-mcz\/stufe-a-pellet-mcz\/performa-35-hq-easy-clean-h1\/candeletta-per-stufe-e-termostufe-a-pellet-mcz-compatibile-con-il-codice-41451209600\/\" \/>\n<meta property=\"og:site_name\" content=\"Mack4Season\" \/>\n<meta property=\"article:publisher\" content=\"https:\/\/www.facebook.com\/profile.php?id=100075990468585\" \/>\n<meta property=\"article:modified_time\" content=\"2023-02-02T08:16:24+00:00\" \/>\n<meta property=\"og:image\" content=\"https:\/\/mack4seasons.com\/wp-content\/uploads\/2023\/01\/Candeletta-per-stufe-e-termostufe-a-pellet-MCZ-compatibile-con-il-Codice-41451209600.jpg\" \/>\n\t<meta property=\"og:image:width\" content=\"960\" \/>\n\t<meta property=\"og:image:height\" content=\"960\" \/>\n\t<meta property=\"og:image:type\" content=\"image\/jpeg\" \/>\n<meta name=\"twitter:card\" content=\"summary_large_image\" \/>\n<meta name=\"twitter:label1\" content=\"Dur\u00e9e de lecture estim\u00e9e\" \/>\n\t<meta name=\"twitter:data1\" content=\"1 minute\" \/>\n<script type=\"application\/ld+json\" class=\"yoast-schema-graph\">{\"@context\":\"https:\/\/schema.org\",\"@graph\":[{\"@type\":\"WebPage\",\"@id\":\"https:\/\/mack4seasons.com\/negozio\/mcz-ricambi-per-stufe-termostufe-e-caldaie-a-pellet-mcz\/stufe-a-pellet-mcz\/performa-35-hq-easy-clean-h1\/candeletta-per-stufe-e-termostufe-a-pellet-mcz-compatibile-con-il-codice-41451209600\/\",\"url\":\"https:\/\/mack4seasons.com\/negozio\/mcz-ricambi-per-stufe-termostufe-e-caldaie-a-pellet-mcz\/stufe-a-pellet-mcz\/performa-35-hq-easy-clean-h1\/candeletta-per-stufe-e-termostufe-a-pellet-mcz-compatibile-con-il-codice-41451209600\/\",\"name\":\"Motoriduttore per stufe e termostufe a pellet MCZ compatibile con il Codice 41450901600 - Mack4Season\",\"isPartOf\":{\"@id\":\"https:\/\/mack4seasons.com\/#website\"},\"primaryImageOfPage\":{\"@id\":\"https:\/\/mack4seasons.com\/negozio\/mcz-ricambi-per-stufe-termostufe-e-caldaie-a-pellet-mcz\/stufe-a-pellet-mcz\/performa-35-hq-easy-clean-h1\/candeletta-per-stufe-e-termostufe-a-pellet-mcz-compatibile-con-il-codice-41451209600\/#primaryimage\"},\"image\":{\"@id\":\"https:\/\/mack4seasons.com\/negozio\/mcz-ricambi-per-stufe-termostufe-e-caldaie-a-pellet-mcz\/stufe-a-pellet-mcz\/performa-35-hq-easy-clean-h1\/candeletta-per-stufe-e-termostufe-a-pellet-mcz-compatibile-con-il-codice-41451209600\/#primaryimage\"},\"thumbnailUrl\":\"https:\/\/mack4seasons.com\/wp-content\/uploads\/2023\/01\/Motoriduttore-per-stufe-e-termostufe-a-pellet-MCZ-compatibile-con-il-Codice-41450901600.jpg\",\"datePublished\":\"2020-10-01T00:00:00+00:00\",\"dateModified\":\"2023-02-02T08:16:24+00:00\",\"breadcrumb\":{\"@id\":\"https:\/\/mack4seasons.com\/negozio\/mcz-ricambi-per-stufe-termostufe-e-caldaie-a-pellet-mcz\/stufe-a-pellet-mcz\/performa-35-hq-easy-clean-h1\/candeletta-per-stufe-e-termostufe-a-pellet-mcz-compatibile-con-il-codice-41451209600\/#breadcrumb\"},\"inLanguage\":\"fr-FR\",\"potentialAction\":[{\"@type\":\"ReadAction\",\"target\":[\"https:\/\/mack4seasons.com\/negozio\/mcz-ricambi-per-stufe-termostufe-e-caldaie-a-pellet-mcz\/stufe-a-pellet-mcz\/performa-35-hq-easy-clean-h1\/candeletta-per-stufe-e-termostufe-a-pellet-mcz-compatibile-con-il-codice-41451209600\/\"]}]},{\"@type\":\"ImageObject\",\"inLanguage\":\"fr-FR\",\"@id\":\"https:\/\/mack4seasons.com\/negozio\/mcz-ricambi-per-stufe-termostufe-e-caldaie-a-pellet-mcz\/stufe-a-pellet-mcz\/performa-35-hq-easy-clean-h1\/candeletta-per-stufe-e-termostufe-a-pellet-mcz-compatibile-con-il-codice-41451209600\/#primaryimage\",\"url\":\"https:\/\/mack4seasons.com\/wp-content\/uploads\/2023\/01\/Motoriduttore-per-stufe-e-termostufe-a-pellet-MCZ-compatibile-con-il-Codice-41450901600.jpg\",\"contentUrl\":\"https:\/\/mack4seasons.com\/wp-content\/uploads\/2023\/01\/Motoriduttore-per-stufe-e-termostufe-a-pellet-MCZ-compatibile-con-il-Codice-41450901600.jpg\",\"width\":960,\"height\":960},{\"@type\":\"BreadcrumbList\",\"@id\":\"https:\/\/mack4seasons.com\/negozio\/mcz-ricambi-per-stufe-termostufe-e-caldaie-a-pellet-mcz\/stufe-a-pellet-mcz\/performa-35-hq-easy-clean-h1\/candeletta-per-stufe-e-termostufe-a-pellet-mcz-compatibile-con-il-codice-41451209600\/#breadcrumb\",\"itemListElement\":[{\"@type\":\"ListItem\",\"position\":1,\"name\":\"Home\",\"item\":\"https:\/\/mack4seasons.com\/ricambi-accessori-stufe-e-caldaie-pellet\/\"},{\"@type\":\"ListItem\",\"position\":2,\"name\":\"Shop\",\"item\":\"https:\/\/mack4seasons.com\/negozio\/\"},{\"@type\":\"ListItem\",\"position\":3,\"name\":\"Motoriduttore per stufe e termostufe a pellet MCZ compatibile con il Codice 41450901600\"}]},{\"@type\":\"WebSite\",\"@id\":\"https:\/\/mack4seasons.com\/#website\",\"url\":\"https:\/\/mack4seasons.com\/\",\"name\":\"Mack4Season\",\"description\":\"Per il comfort termico della tua casa\",\"publisher\":{\"@id\":\"https:\/\/mack4seasons.com\/#organization\"},\"potentialAction\":[{\"@type\":\"SearchAction\",\"target\":{\"@type\":\"EntryPoint\",\"urlTemplate\":\"https:\/\/mack4seasons.com\/?s={search_term_string}\"},\"query-input\":{\"@type\":\"PropertyValueSpecification\",\"valueRequired\":true,\"valueName\":\"search_term_string\"}}],\"inLanguage\":\"fr-FR\"},{\"@type\":\"Organization\",\"@id\":\"https:\/\/mack4seasons.com\/#organization\",\"name\":\"Mack4Season\",\"url\":\"https:\/\/mack4seasons.com\/\",\"logo\":{\"@type\":\"ImageObject\",\"inLanguage\":\"fr-FR\",\"@id\":\"https:\/\/mack4seasons.com\/#\/schema\/logo\/image\/\",\"url\":\"https:\/\/mack4seasons.com\/wp-content\/uploads\/2021\/06\/w-MACK-logo-pantone-02A19E.png\",\"contentUrl\":\"https:\/\/mack4seasons.com\/wp-content\/uploads\/2021\/06\/w-MACK-logo-pantone-02A19E.png\",\"width\":809,\"height\":425,\"caption\":\"Mack4Season\"},\"image\":{\"@id\":\"https:\/\/mack4seasons.com\/#\/schema\/logo\/image\/\"},\"sameAs\":[\"https:\/\/www.facebook.com\/profile.php?id=100075990468585\"]}]}<\/script>\n<!-- \/ Yoast SEO plugin. -->","yoast_head_json":{"title":"Motoriduttore per stufe e termostufe a pellet MCZ compatibile con il Codice 41450901600 - Mack4Season","robots":{"index":"index","follow":"follow","max-snippet":"max-snippet:-1","max-image-preview":"max-image-preview:large","max-video-preview":"max-video-preview:-1"},"canonical":"https:\/\/mack4seasons.com\/fr\/negozio\/mcz-ricambi-per-stufe-termostufe-e-caldaie-a-pellet-mcz\/stufe-a-pellet-mcz\/performa-35-hq-easy-clean-h1\/candeletta-per-stufe-e-termostufe-a-pellet-mcz-compatibile-con-il-codice-41451209600\/","og_locale":"fr_FR","og_type":"article","og_title":"Motoriduttore per stufe e termostufe a pellet MCZ compatibile con il Codice 41450901600 - Mack4Season","og_description":"Compatibile con il codice originale MCZ 41450901600 Codice","og_url":"https:\/\/mack4seasons.com\/fr\/negozio\/mcz-ricambi-per-stufe-termostufe-e-caldaie-a-pellet-mcz\/stufe-a-pellet-mcz\/performa-35-hq-easy-clean-h1\/candeletta-per-stufe-e-termostufe-a-pellet-mcz-compatibile-con-il-codice-41451209600\/","og_site_name":"Mack4Season","article_publisher":"https:\/\/www.facebook.com\/profile.php?id=100075990468585","article_modified_time":"2023-02-02T08:16:24+00:00","og_image":[{"width":960,"height":960,"url":"https:\/\/mack4seasons.com\/wp-content\/uploads\/2023\/01\/Candeletta-per-stufe-e-termostufe-a-pellet-MCZ-compatibile-con-il-Codice-41451209600.jpg","type":"image\/jpeg"}],"twitter_card":"summary_large_image","twitter_misc":{"Dur\u00e9e de lecture estim\u00e9e":"1 minute"},"schema":{"@context":"https:\/\/schema.org","@graph":[{"@type":"WebPage","@id":"https:\/\/mack4seasons.com\/negozio\/mcz-ricambi-per-stufe-termostufe-e-caldaie-a-pellet-mcz\/stufe-a-pellet-mcz\/performa-35-hq-easy-clean-h1\/candeletta-per-stufe-e-termostufe-a-pellet-mcz-compatibile-con-il-codice-41451209600\/","url":"https:\/\/mack4seasons.com\/negozio\/mcz-ricambi-per-stufe-termostufe-e-caldaie-a-pellet-mcz\/stufe-a-pellet-mcz\/performa-35-hq-easy-clean-h1\/candeletta-per-stufe-e-termostufe-a-pellet-mcz-compatibile-con-il-codice-41451209600\/","name":"Motoriduttore per stufe e termostufe a pellet MCZ compatibile con il Codice 41450901600 - Mack4Season","isPartOf":{"@id":"https:\/\/mack4seasons.com\/#website"},"primaryImageOfPage":{"@id":"https:\/\/mack4seasons.com\/negozio\/mcz-ricambi-per-stufe-termostufe-e-caldaie-a-pellet-mcz\/stufe-a-pellet-mcz\/performa-35-hq-easy-clean-h1\/candeletta-per-stufe-e-termostufe-a-pellet-mcz-compatibile-con-il-codice-41451209600\/#primaryimage"},"image":{"@id":"https:\/\/mack4seasons.com\/negozio\/mcz-ricambi-per-stufe-termostufe-e-caldaie-a-pellet-mcz\/stufe-a-pellet-mcz\/performa-35-hq-easy-clean-h1\/candeletta-per-stufe-e-termostufe-a-pellet-mcz-compatibile-con-il-codice-41451209600\/#primaryimage"},"thumbnailUrl":"https:\/\/mack4seasons.com\/wp-content\/uploads\/2023\/01\/Motoriduttore-per-stufe-e-termostufe-a-pellet-MCZ-compatibile-con-il-Codice-41450901600.jpg","datePublished":"2020-10-01T00:00:00+00:00","dateModified":"2023-02-02T08:16:24+00:00","breadcrumb":{"@id":"https:\/\/mack4seasons.com\/negozio\/mcz-ricambi-per-stufe-termostufe-e-caldaie-a-pellet-mcz\/stufe-a-pellet-mcz\/performa-35-hq-easy-clean-h1\/candeletta-per-stufe-e-termostufe-a-pellet-mcz-compatibile-con-il-codice-41451209600\/#breadcrumb"},"inLanguage":"fr-FR","potentialAction":[{"@type":"ReadAction","target":["https:\/\/mack4seasons.com\/negozio\/mcz-ricambi-per-stufe-termostufe-e-caldaie-a-pellet-mcz\/stufe-a-pellet-mcz\/performa-35-hq-easy-clean-h1\/candeletta-per-stufe-e-termostufe-a-pellet-mcz-compatibile-con-il-codice-41451209600\/"]}]},{"@type":"ImageObject","inLanguage":"fr-FR","@id":"https:\/\/mack4seasons.com\/negozio\/mcz-ricambi-per-stufe-termostufe-e-caldaie-a-pellet-mcz\/stufe-a-pellet-mcz\/performa-35-hq-easy-clean-h1\/candeletta-per-stufe-e-termostufe-a-pellet-mcz-compatibile-con-il-codice-41451209600\/#primaryimage","url":"https:\/\/mack4seasons.com\/wp-content\/uploads\/2023\/01\/Motoriduttore-per-stufe-e-termostufe-a-pellet-MCZ-compatibile-con-il-Codice-41450901600.jpg","contentUrl":"https:\/\/mack4seasons.com\/wp-content\/uploads\/2023\/01\/Motoriduttore-per-stufe-e-termostufe-a-pellet-MCZ-compatibile-con-il-Codice-41450901600.jpg","width":960,"height":960},{"@type":"BreadcrumbList","@id":"https:\/\/mack4seasons.com\/negozio\/mcz-ricambi-per-stufe-termostufe-e-caldaie-a-pellet-mcz\/stufe-a-pellet-mcz\/performa-35-hq-easy-clean-h1\/candeletta-per-stufe-e-termostufe-a-pellet-mcz-compatibile-con-il-codice-41451209600\/#breadcrumb","itemListElement":[{"@type":"ListItem","position":1,"name":"Home","item":"https:\/\/mack4seasons.com\/ricambi-accessori-stufe-e-caldaie-pellet\/"},{"@type":"ListItem","position":2,"name":"Shop","item":"https:\/\/mack4seasons.com\/negozio\/"},{"@type":"ListItem","position":3,"name":"Motoriduttore per stufe e termostufe a pellet MCZ compatibile con il Codice 41450901600"}]},{"@type":"WebSite","@id":"https:\/\/mack4seasons.com\/#website","url":"https:\/\/mack4seasons.com\/","name":"Mack4Season","description":"Pour le confort thermique de votre maison","publisher":{"@id":"https:\/\/mack4seasons.com\/#organization"},"potentialAction":[{"@type":"SearchAction","target":{"@type":"EntryPoint","urlTemplate":"https:\/\/mack4seasons.com\/?s={search_term_string}"},"query-input":{"@type":"PropertyValueSpecification","valueRequired":true,"valueName":"search_term_string"}}],"inLanguage":"fr-FR"},{"@type":"Organization","@id":"https:\/\/mack4seasons.com\/#organization","name":"Mack4Season","url":"https:\/\/mack4seasons.com\/","logo":{"@type":"ImageObject","inLanguage":"fr-FR","@id":"https:\/\/mack4seasons.com\/#\/schema\/logo\/image\/","url":"https:\/\/mack4seasons.com\/wp-content\/uploads\/2021\/06\/w-MACK-logo-pantone-02A19E.png","contentUrl":"https:\/\/mack4seasons.com\/wp-content\/uploads\/2021\/06\/w-MACK-logo-pantone-02A19E.png","width":809,"height":425,"caption":"Mack4Season"},"image":{"@id":"https:\/\/mack4seasons.com\/#\/schema\/logo\/image\/"},"sameAs":["https:\/\/www.facebook.com\/profile.php?id=100075990468585"]}]}},"_links":{"self":[{"href":"https:\/\/mack4seasons.com\/fr\/wp-json\/wp\/v2\/product\/17379","targetHints":{"allow":["GET"]}}],"collection":[{"href":"https:\/\/mack4seasons.com\/fr\/wp-json\/wp\/v2\/product"}],"about":[{"href":"https:\/\/mack4seasons.com\/fr\/wp-json\/wp\/v2\/types\/product"}],"wp:featuredmedia":[{"embeddable":true,"href":"https:\/\/mack4seasons.com\/fr\/wp-json\/wp\/v2\/media\/17247"}],"wp:attachment":[{"href":"https:\/\/mack4seasons.com\/fr\/wp-json\/wp\/v2\/media?parent=17379"}],"wp:term":[{"taxonomy":"product_brand","embeddable":true,"href":"https:\/\/mack4seasons.com\/fr\/wp-json\/wp\/v2\/product_brand?post=17379"},{"taxonomy":"product_cat","embeddable":true,"href":"https:\/\/mack4seasons.com\/fr\/wp-json\/wp\/v2\/product_cat?post=17379"},{"taxonomy":"product_tag","embeddable":true,"href":"https:\/\/mack4seasons.com\/fr\/wp-json\/wp\/v2\/product_tag?post=17379"}],"curies":[{"name":"wp","href":"https:\/\/api.w.org\/{rel}","templated":true}]}}