{"id":17373,"date":"2020-10-01T00:00:00","date_gmt":"2020-10-01T00:00:00","guid":{"rendered":"https:\/\/mack4seasons.com\/?post_type=product&#038;p=17373"},"modified":"2023-02-02T08:16:13","modified_gmt":"2023-02-02T08:16:13","slug":"termostato-clickson-per-stufe-e-termostufe-a-pellet-mcz-compatibile-con-il-codice-41450901100","status":"publish","type":"product","link":"https:\/\/mack4seasons.com\/fr\/negozio\/mcz-ricambi-per-stufe-termostufe-e-caldaie-a-pellet-mcz\/stufe-a-pellet-mcz\/clio-hydro-16\/termostato-clickson-per-stufe-e-termostufe-a-pellet-mcz-compatibile-con-il-codice-41450901100\/","title":{"rendered":"Termostato clickson per stufe e termostufe a pellet MCZ compatibile con il Codice 41450901100"},"content":{"rendered":"<hr ->\n<h2>Termostato clickson per stufa a pellet MCZ<-h2><br \/>\nCompatibile con il Codice 41450901100<br \/>\n<strong> Pour les mod\u00e8les de po\u00eales \u00e0 pellets MCZ suivants : <-strong>Aki Hydro matic  16 M1, Aki Hydro matic  24 M1, Clio Hydro 16, Clio Hydro 16 S1 &#8211; Easy Connect, Clio Hydro 23, Clio Hydro 23 S1 &#8211; Easy Connect, Clio Hydro 23-S, Club Hydro 15 kw, Club Hydro 15 kw High Efficiency,<br \/>\nClub Hydro 15 kw Versione2009 cod. 7109007, Club Hydro 22 kw, Club Hydro 22 kw High Efficiency, Club Hydro matic  16 kw, Club Hydro matic  16 M1, Club Hydro matic  24 Acs M1, Club Hydro matic  24 kw, Club Hydro matic  24 M1, Club Hydro matic -S 24 kw, Duo Hydro Air, Duo Hydro Air High Efficiency, Ego Hydro, Ego Hydro High Efficieny, Ego Hydro matic  12, Ego Hydro matic  12 M1, Ego Hydro matic  12 M2 &#8211; Ego Hydro matic  12 M2+, Flux Hydro, Flux Hydro High Efficiency, Musa Hydro 15 kw, Musa Hydro 15 kw Versione2009 cod. 7109008, Musa Hydro 15 kw High Efficiency, Musa Hydro 22 kw, Musa Hydro 22 kw High Efficiency, Musa Hydro matic  16 kw, Musa Hydro matic  16 M1, Musa Hydro matic  24 kw, Musa Hydro matic  24 M1, Musa Hydro matic -S 24 kw, Star Hydro, Star Hydro High Efficieny, Star Hydro matic  12, Star Hydro matic  12 M1, Star Hydro matic  12 M2+, Suite Hydro 15 kw, Suite Hydro 15 kw High Efficiency, Suite Hydro 15 kw Versione 2009 cod. 7109007, Suite Hydro 22 kw, Suite Hydro 22 kw High Efficiency, Suite Hydro matic  16 kw, Suite Hydro matic  16 M1, Suite Hydro matic  24 Acs M1, Suite 24 kw Hydro matic , Suite Hydro matic  24 M1, Suite Hydro matic -S 24 kw, Swing Hydro, Thea 16 S1 Hydro, Thea Hydro 23 S1, Toba Hydro 22, Toba Hydro 22 HE, Toba Hydro-S 22, Vivo 80 Pellet Hydro, Vivo 85 Pellet Hydro, Vivo 90 Hydro 16 M1, Vivo 90 Hydro 24 M1 <\/p>","protected":false},"excerpt":{"rendered":"<hr ->\n<p>Compatible avec le code MCZ original <strong>Codice 41450901100<-strong><\/p>","protected":false},"featured_media":17287,"template":"","meta":[],"product_brand":[],"product_cat":[1562,1563,1434,1435,1436,1437,1438,1664,1665,1761,1666,1667,1402,1400,1439,1441,1401,1443,1447,1448,1503,1504,1403,1449,1450,1411,1412,1212,1671,1672,1762,1673,1674,1406,1404,1459,1405,1460,1511,1512,1407,1482,1483,1683,1684,1763,1685,1686,1410,1408,1486,1488,1409,1490,1492,1526,1527,1493,1494,1495,1657,1688,1568,1569],"product_tag":[],"class_list":{"0":"post-17373","1":"product","2":"type-product","3":"status-publish","4":"has-post-thumbnail","6":"product_cat-aki-hydro-matic-16-m1","7":"product_cat-aki-hydro-matic-24-m1","8":"product_cat-clio-hydro-16","9":"product_cat-clio-hydro-16-s1-easy-connect","10":"product_cat-clio-hydro-23","11":"product_cat-clio-hydro-23-s1-easy-connect","12":"product_cat-clio-hydro-23-s","13":"product_cat-club-hydro-15-kw","14":"product_cat-club-hydro-15-kw-high-efficiency","15":"product_cat-club-hydro-15-kw-versione2009-cod-7109007","16":"product_cat-club-hydro-22-kw","17":"product_cat-club-hydro-22-kw-high-efficiency","18":"product_cat-club-hydro-matic-s-24-kw","19":"product_cat-club-hydro-matic-16-kw","20":"product_cat-club-hydro-matic-16-m1","21":"product_cat-club-hydro-matic-24-acs-m1","22":"product_cat-club-hydro-matic-24-kw","23":"product_cat-club-hydro-matic-24-m1","24":"product_cat-duo-hydro-air","25":"product_cat-duo-hydro-air-high-efficiency","26":"product_cat-ego-hydro","27":"product_cat-ego-hydro-high-efficieny","28":"product_cat-ego-hydro-matic-12","29":"product_cat-ego-hydro-matic-12-m1","30":"product_cat-ego-hydro-matic-12-m2-ego-hydro-matic-12-m2","31":"product_cat-flux-hydro","32":"product_cat-flux-hydro-high-efficiency","33":"product_cat-mcz-ricambi-per-stufe-termostufe-e-caldaie-a-pellet-mcz","34":"product_cat-musa-hydro-15-kw","35":"product_cat-musa-hydro-15-kw-high-efficiency","36":"product_cat-musa-hydro-15-kw-versione2009-cod-7109008","37":"product_cat-musa-hydro-22-kw","38":"product_cat-musa-hydro-22-kw-high-efficiency","39":"product_cat-musa-hydro-matic-s-24-kw","40":"product_cat-musa-hydro-matic-16-kw","41":"product_cat-musa-hydro-matic-16-m1","42":"product_cat-musa-hydro-matic-24-kw","43":"product_cat-musa-hydro-matic-24-m1","44":"product_cat-star-hydro","45":"product_cat-star-hydro-high-efficieny","46":"product_cat-star-hydro-matic-12","47":"product_cat-star-hydro-matic-12-m1","48":"product_cat-star-hydro-matic-12-m2","49":"product_cat-suite-hydro-15-kw","50":"product_cat-suite-hydro-15-kw-high-efficiency","51":"product_cat-suite-hydro-15-kw-versione-2009-cod-7109007","52":"product_cat-suite-hydro-22-kw","53":"product_cat-suite-hydro-22-kw-high-efficiency","54":"product_cat-suite-hydro-matic-s-24-kw","55":"product_cat-suite-hydro-matic-16-kw","56":"product_cat-suite-hydro-matic-16-m1","57":"product_cat-suite-hydro-matic-24-acs-m1","58":"product_cat-suite-hydro-matic-24-kw","59":"product_cat-suite-hydro-matic-24-m1","60":"product_cat-swing-hydro","61":"product_cat-thea-hydro-16-s1","62":"product_cat-thea-hydro-23-s1","63":"product_cat-toba-hydro-22","64":"product_cat-toba-hydro-22-he","65":"product_cat-toba-hydro-s-22","66":"product_cat-vivo-80-pellet-hydro","67":"product_cat-vivo-85-pellet-hydro","68":"product_cat-vivo-90-hydro-16-m1","69":"product_cat-vivo-90-hydro-24-m1","70":"product_shipping_class-classe-di-spedizione-01","72":"first","73":"instock","74":"taxable","75":"shipping-taxable","76":"purchasable","77":"product-type-simple"},"yoast_head":"<!-- This site is optimized with the Yoast SEO plugin v26.3 - https:\/\/yoast.com\/wordpress\/plugins\/seo\/ -->\n<title>Termostato clickson per stufe e termostufe a pellet MCZ compatibile con il Codice 41450901100 - Mack4Season<\/title>\n<meta name=\"robots\" content=\"index, follow, max-snippet:-1, max-image-preview:large, max-video-preview:-1\" \/>\n<link rel=\"canonical\" href=\"https:\/\/mack4seasons.com\/fr\/negozio\/mcz-ricambi-per-stufe-termostufe-e-caldaie-a-pellet-mcz\/termostufe-a-pellet-mcz\/aki-hydro-matic-16-m1\/termostato-clickson-per-stufe-e-termostufe-a-pellet-mcz-compatibile-con-il-codice-41450901100\/\" \/>\n<meta property=\"og:locale\" content=\"fr_FR\" \/>\n<meta property=\"og:type\" content=\"article\" \/>\n<meta property=\"og:title\" content=\"Termostato clickson per stufe e termostufe a pellet MCZ compatibile con il Codice 41450901100 - Mack4Season\" \/>\n<meta property=\"og:description\" content=\"Compatibile con il codice originale MCZ Codice 41450901100\" \/>\n<meta property=\"og:url\" content=\"https:\/\/mack4seasons.com\/fr\/negozio\/mcz-ricambi-per-stufe-termostufe-e-caldaie-a-pellet-mcz\/termostufe-a-pellet-mcz\/aki-hydro-matic-16-m1\/termostato-clickson-per-stufe-e-termostufe-a-pellet-mcz-compatibile-con-il-codice-41450901100\/\" \/>\n<meta property=\"og:site_name\" content=\"Mack4Season\" \/>\n<meta property=\"article:publisher\" content=\"https:\/\/www.facebook.com\/profile.php?id=100075990468585\" \/>\n<meta property=\"article:modified_time\" content=\"2023-02-02T08:16:13+00:00\" \/>\n<meta property=\"og:image\" content=\"https:\/\/mack4seasons.com\/wp-content\/uploads\/2023\/01\/Termostato-clickson-per-stufe-e-termostufe-a-pellet-MCZ-compatibile-con-il-Codice-41450901100.jpg\" \/>\n\t<meta property=\"og:image:width\" content=\"960\" \/>\n\t<meta property=\"og:image:height\" content=\"960\" \/>\n\t<meta property=\"og:image:type\" content=\"image\/jpeg\" \/>\n<meta name=\"twitter:card\" content=\"summary_large_image\" \/>\n<meta name=\"twitter:label1\" content=\"Dur\u00e9e de lecture estim\u00e9e\" \/>\n\t<meta name=\"twitter:data1\" content=\"1 minute\" \/>\n<script type=\"application\/ld+json\" class=\"yoast-schema-graph\">{\"@context\":\"https:\/\/schema.org\",\"@graph\":[{\"@type\":\"WebPage\",\"@id\":\"https:\/\/mack4seasons.com\/negozio\/mcz-ricambi-per-stufe-termostufe-e-caldaie-a-pellet-mcz\/termostufe-a-pellet-mcz\/aki-hydro-matic-16-m1\/termostato-clickson-per-stufe-e-termostufe-a-pellet-mcz-compatibile-con-il-codice-41450901100\/\",\"url\":\"https:\/\/mack4seasons.com\/negozio\/mcz-ricambi-per-stufe-termostufe-e-caldaie-a-pellet-mcz\/termostufe-a-pellet-mcz\/aki-hydro-matic-16-m1\/termostato-clickson-per-stufe-e-termostufe-a-pellet-mcz-compatibile-con-il-codice-41450901100\/\",\"name\":\"Termostato clickson per stufe e termostufe a pellet MCZ compatibile con il Codice 41450901100 - Mack4Season\",\"isPartOf\":{\"@id\":\"https:\/\/mack4seasons.com\/#website\"},\"primaryImageOfPage\":{\"@id\":\"https:\/\/mack4seasons.com\/negozio\/mcz-ricambi-per-stufe-termostufe-e-caldaie-a-pellet-mcz\/termostufe-a-pellet-mcz\/aki-hydro-matic-16-m1\/termostato-clickson-per-stufe-e-termostufe-a-pellet-mcz-compatibile-con-il-codice-41450901100\/#primaryimage\"},\"image\":{\"@id\":\"https:\/\/mack4seasons.com\/negozio\/mcz-ricambi-per-stufe-termostufe-e-caldaie-a-pellet-mcz\/termostufe-a-pellet-mcz\/aki-hydro-matic-16-m1\/termostato-clickson-per-stufe-e-termostufe-a-pellet-mcz-compatibile-con-il-codice-41450901100\/#primaryimage\"},\"thumbnailUrl\":\"https:\/\/mack4seasons.com\/wp-content\/uploads\/2023\/01\/Termostato-clickson-per-stufe-e-termostufe-a-pellet-MCZ-compatibile-con-il-Codice-41450901100.jpg\",\"datePublished\":\"2020-10-01T00:00:00+00:00\",\"dateModified\":\"2023-02-02T08:16:13+00:00\",\"breadcrumb\":{\"@id\":\"https:\/\/mack4seasons.com\/negozio\/mcz-ricambi-per-stufe-termostufe-e-caldaie-a-pellet-mcz\/termostufe-a-pellet-mcz\/aki-hydro-matic-16-m1\/termostato-clickson-per-stufe-e-termostufe-a-pellet-mcz-compatibile-con-il-codice-41450901100\/#breadcrumb\"},\"inLanguage\":\"fr-FR\",\"potentialAction\":[{\"@type\":\"ReadAction\",\"target\":[\"https:\/\/mack4seasons.com\/negozio\/mcz-ricambi-per-stufe-termostufe-e-caldaie-a-pellet-mcz\/termostufe-a-pellet-mcz\/aki-hydro-matic-16-m1\/termostato-clickson-per-stufe-e-termostufe-a-pellet-mcz-compatibile-con-il-codice-41450901100\/\"]}]},{\"@type\":\"ImageObject\",\"inLanguage\":\"fr-FR\",\"@id\":\"https:\/\/mack4seasons.com\/negozio\/mcz-ricambi-per-stufe-termostufe-e-caldaie-a-pellet-mcz\/termostufe-a-pellet-mcz\/aki-hydro-matic-16-m1\/termostato-clickson-per-stufe-e-termostufe-a-pellet-mcz-compatibile-con-il-codice-41450901100\/#primaryimage\",\"url\":\"https:\/\/mack4seasons.com\/wp-content\/uploads\/2023\/01\/Termostato-clickson-per-stufe-e-termostufe-a-pellet-MCZ-compatibile-con-il-Codice-41450901100.jpg\",\"contentUrl\":\"https:\/\/mack4seasons.com\/wp-content\/uploads\/2023\/01\/Termostato-clickson-per-stufe-e-termostufe-a-pellet-MCZ-compatibile-con-il-Codice-41450901100.jpg\",\"width\":960,\"height\":960},{\"@type\":\"BreadcrumbList\",\"@id\":\"https:\/\/mack4seasons.com\/negozio\/mcz-ricambi-per-stufe-termostufe-e-caldaie-a-pellet-mcz\/termostufe-a-pellet-mcz\/aki-hydro-matic-16-m1\/termostato-clickson-per-stufe-e-termostufe-a-pellet-mcz-compatibile-con-il-codice-41450901100\/#breadcrumb\",\"itemListElement\":[{\"@type\":\"ListItem\",\"position\":1,\"name\":\"Home\",\"item\":\"https:\/\/mack4seasons.com\/ricambi-accessori-stufe-e-caldaie-pellet\/\"},{\"@type\":\"ListItem\",\"position\":2,\"name\":\"Shop\",\"item\":\"https:\/\/mack4seasons.com\/negozio\/\"},{\"@type\":\"ListItem\",\"position\":3,\"name\":\"Termostato clickson per stufe e termostufe a pellet MCZ compatibile con il Codice 41450901100\"}]},{\"@type\":\"WebSite\",\"@id\":\"https:\/\/mack4seasons.com\/#website\",\"url\":\"https:\/\/mack4seasons.com\/\",\"name\":\"Mack4Season\",\"description\":\"Per il comfort termico della tua casa\",\"publisher\":{\"@id\":\"https:\/\/mack4seasons.com\/#organization\"},\"potentialAction\":[{\"@type\":\"SearchAction\",\"target\":{\"@type\":\"EntryPoint\",\"urlTemplate\":\"https:\/\/mack4seasons.com\/?s={search_term_string}\"},\"query-input\":{\"@type\":\"PropertyValueSpecification\",\"valueRequired\":true,\"valueName\":\"search_term_string\"}}],\"inLanguage\":\"fr-FR\"},{\"@type\":\"Organization\",\"@id\":\"https:\/\/mack4seasons.com\/#organization\",\"name\":\"Mack4Season\",\"url\":\"https:\/\/mack4seasons.com\/\",\"logo\":{\"@type\":\"ImageObject\",\"inLanguage\":\"fr-FR\",\"@id\":\"https:\/\/mack4seasons.com\/#\/schema\/logo\/image\/\",\"url\":\"https:\/\/mack4seasons.com\/wp-content\/uploads\/2021\/06\/w-MACK-logo-pantone-02A19E.png\",\"contentUrl\":\"https:\/\/mack4seasons.com\/wp-content\/uploads\/2021\/06\/w-MACK-logo-pantone-02A19E.png\",\"width\":809,\"height\":425,\"caption\":\"Mack4Season\"},\"image\":{\"@id\":\"https:\/\/mack4seasons.com\/#\/schema\/logo\/image\/\"},\"sameAs\":[\"https:\/\/www.facebook.com\/profile.php?id=100075990468585\"]}]}<\/script>\n<!-- \/ Yoast SEO plugin. -->","yoast_head_json":{"title":"Termostato clickson per stufe e termostufe a pellet MCZ compatibile con il Codice 41450901100 - Mack4Season","robots":{"index":"index","follow":"follow","max-snippet":"max-snippet:-1","max-image-preview":"max-image-preview:large","max-video-preview":"max-video-preview:-1"},"canonical":"https:\/\/mack4seasons.com\/fr\/negozio\/mcz-ricambi-per-stufe-termostufe-e-caldaie-a-pellet-mcz\/termostufe-a-pellet-mcz\/aki-hydro-matic-16-m1\/termostato-clickson-per-stufe-e-termostufe-a-pellet-mcz-compatibile-con-il-codice-41450901100\/","og_locale":"fr_FR","og_type":"article","og_title":"Termostato clickson per stufe e termostufe a pellet MCZ compatibile con il Codice 41450901100 - Mack4Season","og_description":"Compatibile con il codice originale MCZ Codice 41450901100","og_url":"https:\/\/mack4seasons.com\/fr\/negozio\/mcz-ricambi-per-stufe-termostufe-e-caldaie-a-pellet-mcz\/termostufe-a-pellet-mcz\/aki-hydro-matic-16-m1\/termostato-clickson-per-stufe-e-termostufe-a-pellet-mcz-compatibile-con-il-codice-41450901100\/","og_site_name":"Mack4Season","article_publisher":"https:\/\/www.facebook.com\/profile.php?id=100075990468585","article_modified_time":"2023-02-02T08:16:13+00:00","og_image":[{"width":960,"height":960,"url":"https:\/\/mack4seasons.com\/wp-content\/uploads\/2023\/01\/Termostato-clickson-per-stufe-e-termostufe-a-pellet-MCZ-compatibile-con-il-Codice-41450901100.jpg","type":"image\/jpeg"}],"twitter_card":"summary_large_image","twitter_misc":{"Dur\u00e9e de lecture estim\u00e9e":"1 minute"},"schema":{"@context":"https:\/\/schema.org","@graph":[{"@type":"WebPage","@id":"https:\/\/mack4seasons.com\/negozio\/mcz-ricambi-per-stufe-termostufe-e-caldaie-a-pellet-mcz\/termostufe-a-pellet-mcz\/aki-hydro-matic-16-m1\/termostato-clickson-per-stufe-e-termostufe-a-pellet-mcz-compatibile-con-il-codice-41450901100\/","url":"https:\/\/mack4seasons.com\/negozio\/mcz-ricambi-per-stufe-termostufe-e-caldaie-a-pellet-mcz\/termostufe-a-pellet-mcz\/aki-hydro-matic-16-m1\/termostato-clickson-per-stufe-e-termostufe-a-pellet-mcz-compatibile-con-il-codice-41450901100\/","name":"Termostato clickson per stufe e termostufe a pellet MCZ compatibile con il Codice 41450901100 - Mack4Season","isPartOf":{"@id":"https:\/\/mack4seasons.com\/#website"},"primaryImageOfPage":{"@id":"https:\/\/mack4seasons.com\/negozio\/mcz-ricambi-per-stufe-termostufe-e-caldaie-a-pellet-mcz\/termostufe-a-pellet-mcz\/aki-hydro-matic-16-m1\/termostato-clickson-per-stufe-e-termostufe-a-pellet-mcz-compatibile-con-il-codice-41450901100\/#primaryimage"},"image":{"@id":"https:\/\/mack4seasons.com\/negozio\/mcz-ricambi-per-stufe-termostufe-e-caldaie-a-pellet-mcz\/termostufe-a-pellet-mcz\/aki-hydro-matic-16-m1\/termostato-clickson-per-stufe-e-termostufe-a-pellet-mcz-compatibile-con-il-codice-41450901100\/#primaryimage"},"thumbnailUrl":"https:\/\/mack4seasons.com\/wp-content\/uploads\/2023\/01\/Termostato-clickson-per-stufe-e-termostufe-a-pellet-MCZ-compatibile-con-il-Codice-41450901100.jpg","datePublished":"2020-10-01T00:00:00+00:00","dateModified":"2023-02-02T08:16:13+00:00","breadcrumb":{"@id":"https:\/\/mack4seasons.com\/negozio\/mcz-ricambi-per-stufe-termostufe-e-caldaie-a-pellet-mcz\/termostufe-a-pellet-mcz\/aki-hydro-matic-16-m1\/termostato-clickson-per-stufe-e-termostufe-a-pellet-mcz-compatibile-con-il-codice-41450901100\/#breadcrumb"},"inLanguage":"fr-FR","potentialAction":[{"@type":"ReadAction","target":["https:\/\/mack4seasons.com\/negozio\/mcz-ricambi-per-stufe-termostufe-e-caldaie-a-pellet-mcz\/termostufe-a-pellet-mcz\/aki-hydro-matic-16-m1\/termostato-clickson-per-stufe-e-termostufe-a-pellet-mcz-compatibile-con-il-codice-41450901100\/"]}]},{"@type":"ImageObject","inLanguage":"fr-FR","@id":"https:\/\/mack4seasons.com\/negozio\/mcz-ricambi-per-stufe-termostufe-e-caldaie-a-pellet-mcz\/termostufe-a-pellet-mcz\/aki-hydro-matic-16-m1\/termostato-clickson-per-stufe-e-termostufe-a-pellet-mcz-compatibile-con-il-codice-41450901100\/#primaryimage","url":"https:\/\/mack4seasons.com\/wp-content\/uploads\/2023\/01\/Termostato-clickson-per-stufe-e-termostufe-a-pellet-MCZ-compatibile-con-il-Codice-41450901100.jpg","contentUrl":"https:\/\/mack4seasons.com\/wp-content\/uploads\/2023\/01\/Termostato-clickson-per-stufe-e-termostufe-a-pellet-MCZ-compatibile-con-il-Codice-41450901100.jpg","width":960,"height":960},{"@type":"BreadcrumbList","@id":"https:\/\/mack4seasons.com\/negozio\/mcz-ricambi-per-stufe-termostufe-e-caldaie-a-pellet-mcz\/termostufe-a-pellet-mcz\/aki-hydro-matic-16-m1\/termostato-clickson-per-stufe-e-termostufe-a-pellet-mcz-compatibile-con-il-codice-41450901100\/#breadcrumb","itemListElement":[{"@type":"ListItem","position":1,"name":"Home","item":"https:\/\/mack4seasons.com\/ricambi-accessori-stufe-e-caldaie-pellet\/"},{"@type":"ListItem","position":2,"name":"Shop","item":"https:\/\/mack4seasons.com\/negozio\/"},{"@type":"ListItem","position":3,"name":"Termostato clickson per stufe e termostufe a pellet MCZ compatibile con il Codice 41450901100"}]},{"@type":"WebSite","@id":"https:\/\/mack4seasons.com\/#website","url":"https:\/\/mack4seasons.com\/","name":"Mack4Season","description":"Pour le confort thermique de votre maison","publisher":{"@id":"https:\/\/mack4seasons.com\/#organization"},"potentialAction":[{"@type":"SearchAction","target":{"@type":"EntryPoint","urlTemplate":"https:\/\/mack4seasons.com\/?s={search_term_string}"},"query-input":{"@type":"PropertyValueSpecification","valueRequired":true,"valueName":"search_term_string"}}],"inLanguage":"fr-FR"},{"@type":"Organization","@id":"https:\/\/mack4seasons.com\/#organization","name":"Mack4Season","url":"https:\/\/mack4seasons.com\/","logo":{"@type":"ImageObject","inLanguage":"fr-FR","@id":"https:\/\/mack4seasons.com\/#\/schema\/logo\/image\/","url":"https:\/\/mack4seasons.com\/wp-content\/uploads\/2021\/06\/w-MACK-logo-pantone-02A19E.png","contentUrl":"https:\/\/mack4seasons.com\/wp-content\/uploads\/2021\/06\/w-MACK-logo-pantone-02A19E.png","width":809,"height":425,"caption":"Mack4Season"},"image":{"@id":"https:\/\/mack4seasons.com\/#\/schema\/logo\/image\/"},"sameAs":["https:\/\/www.facebook.com\/profile.php?id=100075990468585"]}]}},"_links":{"self":[{"href":"https:\/\/mack4seasons.com\/fr\/wp-json\/wp\/v2\/product\/17373","targetHints":{"allow":["GET"]}}],"collection":[{"href":"https:\/\/mack4seasons.com\/fr\/wp-json\/wp\/v2\/product"}],"about":[{"href":"https:\/\/mack4seasons.com\/fr\/wp-json\/wp\/v2\/types\/product"}],"wp:featuredmedia":[{"embeddable":true,"href":"https:\/\/mack4seasons.com\/fr\/wp-json\/wp\/v2\/media\/17287"}],"wp:attachment":[{"href":"https:\/\/mack4seasons.com\/fr\/wp-json\/wp\/v2\/media?parent=17373"}],"wp:term":[{"taxonomy":"product_brand","embeddable":true,"href":"https:\/\/mack4seasons.com\/fr\/wp-json\/wp\/v2\/product_brand?post=17373"},{"taxonomy":"product_cat","embeddable":true,"href":"https:\/\/mack4seasons.com\/fr\/wp-json\/wp\/v2\/product_cat?post=17373"},{"taxonomy":"product_tag","embeddable":true,"href":"https:\/\/mack4seasons.com\/fr\/wp-json\/wp\/v2\/product_tag?post=17373"}],"curies":[{"name":"wp","href":"https:\/\/api.w.org\/{rel}","templated":true}]}}