{"id":17360,"date":"2020-10-01T00:00:00","date_gmt":"2020-10-01T00:00:00","guid":{"rendered":"https:\/\/mack4seasons.com\/?post_type=product&#038;p=17360"},"modified":"2023-02-02T08:15:37","modified_gmt":"2023-02-02T08:15:37","slug":"scheda-elettronica-ceza-per-stufe-e-termostufe-a-pellet-mcz-compatibile-con-il-codice-41451101050","status":"publish","type":"product","link":"https:\/\/mack4seasons.com\/fr\/negozio\/mcz-ricambi-per-stufe-termostufe-e-caldaie-a-pellet-mcz\/stufe-a-pellet-mcz\/club-hydro-15-kw\/scheda-elettronica-ceza-per-stufe-e-termostufe-a-pellet-mcz-compatibile-con-il-codice-41451101050\/","title":{"rendered":"Scheda elettronica Ceza per stufe e termostufe a pellet MCZ compatibile con il Codice 41451101050"},"content":{"rendered":"<hr ->\n<h2>SchedA elettronica Ceza per stufa a pellet MCZ<-h2><br \/>\nCompatibile con il Codice 41451101050<br \/>\n<strong> Pour les mod\u00e8les de po\u00eales \u00e0 pellets MCZ suivants : <-strong>Club Hydro 15 kw, Club Hydro 15 kw High Efficiency, Club Hydro 15 kw Versionee 2009 cod. 7109007, Club Hydro 22 kw, Club Hydro 22 kw High Efficiency, Ego Hydro, Ego Hydro High Efficieny, Musa Hydro 15 kw,<br \/>\nMusa Hydro 15 kw Versionee 2009 cod. 7109008, Musa Hydro 15 kw High Efficiency, Musa Hydro 22 kw, Musa Hydro 22 kw High Efficiency, Star Hydro, Star Hydro High Efficieny, Suite Hydro 15 kw, Suite Hydro 15 kw High Efficiency, Suite Hydro 15 kw Versionee 2009 cod. 7109007, Suite Hydro 22 kw, Suite Hydro 22 kw High Efficiency, Vivo 80 Pellet Hydro, Vivo 85 Pellet Hydro, <\/p>","protected":false},"excerpt":{"rendered":"<hr ->\n<p>Compatible avec le code MCZ original <strong>Codice 41451101050<-strong><\/p>","protected":false},"featured_media":17230,"template":"","meta":[],"product_brand":[],"product_cat":[1664,1665,1745,1666,1667,1503,1504,1212,1671,1672,1747,1673,1674,1511,1512,1683,1684,1749,1685,1686,1657,1688],"product_tag":[],"class_list":{"0":"post-17360","1":"product","2":"type-product","3":"status-publish","4":"has-post-thumbnail","6":"product_cat-club-hydro-15-kw","7":"product_cat-club-hydro-15-kw-high-efficiency","8":"product_cat-club-hydro-15-kw-versionee-2009-cod-7109007","9":"product_cat-club-hydro-22-kw","10":"product_cat-club-hydro-22-kw-high-efficiency","11":"product_cat-ego-hydro","12":"product_cat-ego-hydro-high-efficieny","13":"product_cat-mcz-ricambi-per-stufe-termostufe-e-caldaie-a-pellet-mcz","14":"product_cat-musa-hydro-15-kw","15":"product_cat-musa-hydro-15-kw-high-efficiency","16":"product_cat-musa-hydro-15-kw-versionee-2009-cod-7109008","17":"product_cat-musa-hydro-22-kw","18":"product_cat-musa-hydro-22-kw-high-efficiency","19":"product_cat-star-hydro","20":"product_cat-star-hydro-high-efficieny","21":"product_cat-suite-hydro-15-kw","22":"product_cat-suite-hydro-15-kw-high-efficiency","23":"product_cat-suite-hydro-15-kw-versionee-2009-cod-7109007","24":"product_cat-suite-hydro-22-kw","25":"product_cat-suite-hydro-22-kw-high-efficiency","26":"product_cat-vivo-80-pellet-hydro","27":"product_cat-vivo-85-pellet-hydro","28":"product_shipping_class-classe-di-spedizione-01","30":"first","31":"instock","32":"taxable","33":"shipping-taxable","34":"purchasable","35":"product-type-simple"},"yoast_head":"<!-- This site is optimized with the Yoast SEO plugin v26.3 - https:\/\/yoast.com\/wordpress\/plugins\/seo\/ -->\n<title>Scheda elettronica Ceza per stufe e termostufe a pellet MCZ compatibile con il Codice 41451101050 - Mack4Season<\/title>\n<meta name=\"robots\" content=\"index, follow, max-snippet:-1, max-image-preview:large, max-video-preview:-1\" \/>\n<link rel=\"canonical\" href=\"https:\/\/mack4seasons.com\/fr\/negozio\/mcz-ricambi-per-stufe-termostufe-e-caldaie-a-pellet-mcz\/stufe-a-pellet-mcz\/ego-hydro\/scheda-elettronica-ceza-per-stufe-e-termostufe-a-pellet-mcz-compatibile-con-il-codice-41451101050\/\" \/>\n<meta property=\"og:locale\" content=\"fr_FR\" \/>\n<meta property=\"og:type\" content=\"article\" \/>\n<meta property=\"og:title\" content=\"Scheda elettronica Ceza per stufe e termostufe a pellet MCZ compatibile con il Codice 41451101050 - Mack4Season\" \/>\n<meta property=\"og:description\" content=\"Compatibile con il codice originale MCZ Codice 41451101050\" \/>\n<meta property=\"og:url\" content=\"https:\/\/mack4seasons.com\/fr\/negozio\/mcz-ricambi-per-stufe-termostufe-e-caldaie-a-pellet-mcz\/stufe-a-pellet-mcz\/ego-hydro\/scheda-elettronica-ceza-per-stufe-e-termostufe-a-pellet-mcz-compatibile-con-il-codice-41451101050\/\" \/>\n<meta property=\"og:site_name\" content=\"Mack4Season\" \/>\n<meta property=\"article:publisher\" content=\"https:\/\/www.facebook.com\/profile.php?id=100075990468585\" \/>\n<meta property=\"article:modified_time\" content=\"2023-02-02T08:15:37+00:00\" \/>\n<meta property=\"og:image\" content=\"https:\/\/mack4seasons.com\/wp-content\/uploads\/2023\/01\/Scheda-elettronica-Ceza-per-stufe-e-termostufe-a-pellet-MCZ-compatibile-con-il-Codice-41451101050.jpg\" \/>\n\t<meta property=\"og:image:width\" content=\"960\" \/>\n\t<meta property=\"og:image:height\" content=\"960\" \/>\n\t<meta property=\"og:image:type\" content=\"image\/jpeg\" \/>\n<meta name=\"twitter:card\" content=\"summary_large_image\" \/>\n<meta name=\"twitter:label1\" content=\"Dur\u00e9e de lecture estim\u00e9e\" \/>\n\t<meta name=\"twitter:data1\" content=\"1 minute\" \/>\n<script type=\"application\/ld+json\" class=\"yoast-schema-graph\">{\"@context\":\"https:\/\/schema.org\",\"@graph\":[{\"@type\":\"WebPage\",\"@id\":\"https:\/\/mack4seasons.com\/negozio\/mcz-ricambi-per-stufe-termostufe-e-caldaie-a-pellet-mcz\/stufe-a-pellet-mcz\/ego-hydro\/scheda-elettronica-ceza-per-stufe-e-termostufe-a-pellet-mcz-compatibile-con-il-codice-41451101050\/\",\"url\":\"https:\/\/mack4seasons.com\/negozio\/mcz-ricambi-per-stufe-termostufe-e-caldaie-a-pellet-mcz\/stufe-a-pellet-mcz\/ego-hydro\/scheda-elettronica-ceza-per-stufe-e-termostufe-a-pellet-mcz-compatibile-con-il-codice-41451101050\/\",\"name\":\"Scheda elettronica Ceza per stufe e termostufe a pellet MCZ compatibile con il Codice 41451101050 - Mack4Season\",\"isPartOf\":{\"@id\":\"https:\/\/mack4seasons.com\/#website\"},\"primaryImageOfPage\":{\"@id\":\"https:\/\/mack4seasons.com\/negozio\/mcz-ricambi-per-stufe-termostufe-e-caldaie-a-pellet-mcz\/stufe-a-pellet-mcz\/ego-hydro\/scheda-elettronica-ceza-per-stufe-e-termostufe-a-pellet-mcz-compatibile-con-il-codice-41451101050\/#primaryimage\"},\"image\":{\"@id\":\"https:\/\/mack4seasons.com\/negozio\/mcz-ricambi-per-stufe-termostufe-e-caldaie-a-pellet-mcz\/stufe-a-pellet-mcz\/ego-hydro\/scheda-elettronica-ceza-per-stufe-e-termostufe-a-pellet-mcz-compatibile-con-il-codice-41451101050\/#primaryimage\"},\"thumbnailUrl\":\"https:\/\/mack4seasons.com\/wp-content\/uploads\/2023\/01\/Scheda-elettronica-Ceza-per-stufe-e-termostufe-a-pellet-MCZ-compatibile-con-il-Codice-41451101050.jpg\",\"datePublished\":\"2020-10-01T00:00:00+00:00\",\"dateModified\":\"2023-02-02T08:15:37+00:00\",\"breadcrumb\":{\"@id\":\"https:\/\/mack4seasons.com\/negozio\/mcz-ricambi-per-stufe-termostufe-e-caldaie-a-pellet-mcz\/stufe-a-pellet-mcz\/ego-hydro\/scheda-elettronica-ceza-per-stufe-e-termostufe-a-pellet-mcz-compatibile-con-il-codice-41451101050\/#breadcrumb\"},\"inLanguage\":\"fr-FR\",\"potentialAction\":[{\"@type\":\"ReadAction\",\"target\":[\"https:\/\/mack4seasons.com\/negozio\/mcz-ricambi-per-stufe-termostufe-e-caldaie-a-pellet-mcz\/stufe-a-pellet-mcz\/ego-hydro\/scheda-elettronica-ceza-per-stufe-e-termostufe-a-pellet-mcz-compatibile-con-il-codice-41451101050\/\"]}]},{\"@type\":\"ImageObject\",\"inLanguage\":\"fr-FR\",\"@id\":\"https:\/\/mack4seasons.com\/negozio\/mcz-ricambi-per-stufe-termostufe-e-caldaie-a-pellet-mcz\/stufe-a-pellet-mcz\/ego-hydro\/scheda-elettronica-ceza-per-stufe-e-termostufe-a-pellet-mcz-compatibile-con-il-codice-41451101050\/#primaryimage\",\"url\":\"https:\/\/mack4seasons.com\/wp-content\/uploads\/2023\/01\/Scheda-elettronica-Ceza-per-stufe-e-termostufe-a-pellet-MCZ-compatibile-con-il-Codice-41451101050.jpg\",\"contentUrl\":\"https:\/\/mack4seasons.com\/wp-content\/uploads\/2023\/01\/Scheda-elettronica-Ceza-per-stufe-e-termostufe-a-pellet-MCZ-compatibile-con-il-Codice-41451101050.jpg\",\"width\":960,\"height\":960},{\"@type\":\"BreadcrumbList\",\"@id\":\"https:\/\/mack4seasons.com\/negozio\/mcz-ricambi-per-stufe-termostufe-e-caldaie-a-pellet-mcz\/stufe-a-pellet-mcz\/ego-hydro\/scheda-elettronica-ceza-per-stufe-e-termostufe-a-pellet-mcz-compatibile-con-il-codice-41451101050\/#breadcrumb\",\"itemListElement\":[{\"@type\":\"ListItem\",\"position\":1,\"name\":\"Home\",\"item\":\"https:\/\/mack4seasons.com\/ricambi-accessori-stufe-e-caldaie-pellet\/\"},{\"@type\":\"ListItem\",\"position\":2,\"name\":\"Shop\",\"item\":\"https:\/\/mack4seasons.com\/negozio\/\"},{\"@type\":\"ListItem\",\"position\":3,\"name\":\"Scheda elettronica Ceza per stufe e termostufe a pellet MCZ compatibile con il Codice 41451101050\"}]},{\"@type\":\"WebSite\",\"@id\":\"https:\/\/mack4seasons.com\/#website\",\"url\":\"https:\/\/mack4seasons.com\/\",\"name\":\"Mack4Season\",\"description\":\"Per il comfort termico della tua casa\",\"publisher\":{\"@id\":\"https:\/\/mack4seasons.com\/#organization\"},\"potentialAction\":[{\"@type\":\"SearchAction\",\"target\":{\"@type\":\"EntryPoint\",\"urlTemplate\":\"https:\/\/mack4seasons.com\/?s={search_term_string}\"},\"query-input\":{\"@type\":\"PropertyValueSpecification\",\"valueRequired\":true,\"valueName\":\"search_term_string\"}}],\"inLanguage\":\"fr-FR\"},{\"@type\":\"Organization\",\"@id\":\"https:\/\/mack4seasons.com\/#organization\",\"name\":\"Mack4Season\",\"url\":\"https:\/\/mack4seasons.com\/\",\"logo\":{\"@type\":\"ImageObject\",\"inLanguage\":\"fr-FR\",\"@id\":\"https:\/\/mack4seasons.com\/#\/schema\/logo\/image\/\",\"url\":\"https:\/\/mack4seasons.com\/wp-content\/uploads\/2021\/06\/w-MACK-logo-pantone-02A19E.png\",\"contentUrl\":\"https:\/\/mack4seasons.com\/wp-content\/uploads\/2021\/06\/w-MACK-logo-pantone-02A19E.png\",\"width\":809,\"height\":425,\"caption\":\"Mack4Season\"},\"image\":{\"@id\":\"https:\/\/mack4seasons.com\/#\/schema\/logo\/image\/\"},\"sameAs\":[\"https:\/\/www.facebook.com\/profile.php?id=100075990468585\"]}]}<\/script>\n<!-- \/ Yoast SEO plugin. -->","yoast_head_json":{"title":"Scheda elettronica Ceza per stufe e termostufe a pellet MCZ compatibile con il Codice 41451101050 - Mack4Season","robots":{"index":"index","follow":"follow","max-snippet":"max-snippet:-1","max-image-preview":"max-image-preview:large","max-video-preview":"max-video-preview:-1"},"canonical":"https:\/\/mack4seasons.com\/fr\/negozio\/mcz-ricambi-per-stufe-termostufe-e-caldaie-a-pellet-mcz\/stufe-a-pellet-mcz\/ego-hydro\/scheda-elettronica-ceza-per-stufe-e-termostufe-a-pellet-mcz-compatibile-con-il-codice-41451101050\/","og_locale":"fr_FR","og_type":"article","og_title":"Scheda elettronica Ceza per stufe e termostufe a pellet MCZ compatibile con il Codice 41451101050 - Mack4Season","og_description":"Compatibile con il codice originale MCZ Codice 41451101050","og_url":"https:\/\/mack4seasons.com\/fr\/negozio\/mcz-ricambi-per-stufe-termostufe-e-caldaie-a-pellet-mcz\/stufe-a-pellet-mcz\/ego-hydro\/scheda-elettronica-ceza-per-stufe-e-termostufe-a-pellet-mcz-compatibile-con-il-codice-41451101050\/","og_site_name":"Mack4Season","article_publisher":"https:\/\/www.facebook.com\/profile.php?id=100075990468585","article_modified_time":"2023-02-02T08:15:37+00:00","og_image":[{"width":960,"height":960,"url":"https:\/\/mack4seasons.com\/wp-content\/uploads\/2023\/01\/Scheda-elettronica-Ceza-per-stufe-e-termostufe-a-pellet-MCZ-compatibile-con-il-Codice-41451101050.jpg","type":"image\/jpeg"}],"twitter_card":"summary_large_image","twitter_misc":{"Dur\u00e9e de lecture estim\u00e9e":"1 minute"},"schema":{"@context":"https:\/\/schema.org","@graph":[{"@type":"WebPage","@id":"https:\/\/mack4seasons.com\/negozio\/mcz-ricambi-per-stufe-termostufe-e-caldaie-a-pellet-mcz\/stufe-a-pellet-mcz\/ego-hydro\/scheda-elettronica-ceza-per-stufe-e-termostufe-a-pellet-mcz-compatibile-con-il-codice-41451101050\/","url":"https:\/\/mack4seasons.com\/negozio\/mcz-ricambi-per-stufe-termostufe-e-caldaie-a-pellet-mcz\/stufe-a-pellet-mcz\/ego-hydro\/scheda-elettronica-ceza-per-stufe-e-termostufe-a-pellet-mcz-compatibile-con-il-codice-41451101050\/","name":"Scheda elettronica Ceza per stufe e termostufe a pellet MCZ compatibile con il Codice 41451101050 - Mack4Season","isPartOf":{"@id":"https:\/\/mack4seasons.com\/#website"},"primaryImageOfPage":{"@id":"https:\/\/mack4seasons.com\/negozio\/mcz-ricambi-per-stufe-termostufe-e-caldaie-a-pellet-mcz\/stufe-a-pellet-mcz\/ego-hydro\/scheda-elettronica-ceza-per-stufe-e-termostufe-a-pellet-mcz-compatibile-con-il-codice-41451101050\/#primaryimage"},"image":{"@id":"https:\/\/mack4seasons.com\/negozio\/mcz-ricambi-per-stufe-termostufe-e-caldaie-a-pellet-mcz\/stufe-a-pellet-mcz\/ego-hydro\/scheda-elettronica-ceza-per-stufe-e-termostufe-a-pellet-mcz-compatibile-con-il-codice-41451101050\/#primaryimage"},"thumbnailUrl":"https:\/\/mack4seasons.com\/wp-content\/uploads\/2023\/01\/Scheda-elettronica-Ceza-per-stufe-e-termostufe-a-pellet-MCZ-compatibile-con-il-Codice-41451101050.jpg","datePublished":"2020-10-01T00:00:00+00:00","dateModified":"2023-02-02T08:15:37+00:00","breadcrumb":{"@id":"https:\/\/mack4seasons.com\/negozio\/mcz-ricambi-per-stufe-termostufe-e-caldaie-a-pellet-mcz\/stufe-a-pellet-mcz\/ego-hydro\/scheda-elettronica-ceza-per-stufe-e-termostufe-a-pellet-mcz-compatibile-con-il-codice-41451101050\/#breadcrumb"},"inLanguage":"fr-FR","potentialAction":[{"@type":"ReadAction","target":["https:\/\/mack4seasons.com\/negozio\/mcz-ricambi-per-stufe-termostufe-e-caldaie-a-pellet-mcz\/stufe-a-pellet-mcz\/ego-hydro\/scheda-elettronica-ceza-per-stufe-e-termostufe-a-pellet-mcz-compatibile-con-il-codice-41451101050\/"]}]},{"@type":"ImageObject","inLanguage":"fr-FR","@id":"https:\/\/mack4seasons.com\/negozio\/mcz-ricambi-per-stufe-termostufe-e-caldaie-a-pellet-mcz\/stufe-a-pellet-mcz\/ego-hydro\/scheda-elettronica-ceza-per-stufe-e-termostufe-a-pellet-mcz-compatibile-con-il-codice-41451101050\/#primaryimage","url":"https:\/\/mack4seasons.com\/wp-content\/uploads\/2023\/01\/Scheda-elettronica-Ceza-per-stufe-e-termostufe-a-pellet-MCZ-compatibile-con-il-Codice-41451101050.jpg","contentUrl":"https:\/\/mack4seasons.com\/wp-content\/uploads\/2023\/01\/Scheda-elettronica-Ceza-per-stufe-e-termostufe-a-pellet-MCZ-compatibile-con-il-Codice-41451101050.jpg","width":960,"height":960},{"@type":"BreadcrumbList","@id":"https:\/\/mack4seasons.com\/negozio\/mcz-ricambi-per-stufe-termostufe-e-caldaie-a-pellet-mcz\/stufe-a-pellet-mcz\/ego-hydro\/scheda-elettronica-ceza-per-stufe-e-termostufe-a-pellet-mcz-compatibile-con-il-codice-41451101050\/#breadcrumb","itemListElement":[{"@type":"ListItem","position":1,"name":"Home","item":"https:\/\/mack4seasons.com\/ricambi-accessori-stufe-e-caldaie-pellet\/"},{"@type":"ListItem","position":2,"name":"Shop","item":"https:\/\/mack4seasons.com\/negozio\/"},{"@type":"ListItem","position":3,"name":"Scheda elettronica Ceza per stufe e termostufe a pellet MCZ compatibile con il Codice 41451101050"}]},{"@type":"WebSite","@id":"https:\/\/mack4seasons.com\/#website","url":"https:\/\/mack4seasons.com\/","name":"Mack4Season","description":"Pour le confort thermique de votre maison","publisher":{"@id":"https:\/\/mack4seasons.com\/#organization"},"potentialAction":[{"@type":"SearchAction","target":{"@type":"EntryPoint","urlTemplate":"https:\/\/mack4seasons.com\/?s={search_term_string}"},"query-input":{"@type":"PropertyValueSpecification","valueRequired":true,"valueName":"search_term_string"}}],"inLanguage":"fr-FR"},{"@type":"Organization","@id":"https:\/\/mack4seasons.com\/#organization","name":"Mack4Season","url":"https:\/\/mack4seasons.com\/","logo":{"@type":"ImageObject","inLanguage":"fr-FR","@id":"https:\/\/mack4seasons.com\/#\/schema\/logo\/image\/","url":"https:\/\/mack4seasons.com\/wp-content\/uploads\/2021\/06\/w-MACK-logo-pantone-02A19E.png","contentUrl":"https:\/\/mack4seasons.com\/wp-content\/uploads\/2021\/06\/w-MACK-logo-pantone-02A19E.png","width":809,"height":425,"caption":"Mack4Season"},"image":{"@id":"https:\/\/mack4seasons.com\/#\/schema\/logo\/image\/"},"sameAs":["https:\/\/www.facebook.com\/profile.php?id=100075990468585"]}]}},"_links":{"self":[{"href":"https:\/\/mack4seasons.com\/fr\/wp-json\/wp\/v2\/product\/17360","targetHints":{"allow":["GET"]}}],"collection":[{"href":"https:\/\/mack4seasons.com\/fr\/wp-json\/wp\/v2\/product"}],"about":[{"href":"https:\/\/mack4seasons.com\/fr\/wp-json\/wp\/v2\/types\/product"}],"wp:featuredmedia":[{"embeddable":true,"href":"https:\/\/mack4seasons.com\/fr\/wp-json\/wp\/v2\/media\/17230"}],"wp:attachment":[{"href":"https:\/\/mack4seasons.com\/fr\/wp-json\/wp\/v2\/media?parent=17360"}],"wp:term":[{"taxonomy":"product_brand","embeddable":true,"href":"https:\/\/mack4seasons.com\/fr\/wp-json\/wp\/v2\/product_brand?post=17360"},{"taxonomy":"product_cat","embeddable":true,"href":"https:\/\/mack4seasons.com\/fr\/wp-json\/wp\/v2\/product_cat?post=17360"},{"taxonomy":"product_tag","embeddable":true,"href":"https:\/\/mack4seasons.com\/fr\/wp-json\/wp\/v2\/product_tag?post=17360"}],"curies":[{"name":"wp","href":"https:\/\/api.w.org\/{rel}","templated":true}]}}