{"id":17359,"date":"2020-10-01T00:00:00","date_gmt":"2020-10-01T00:00:00","guid":{"rendered":"https:\/\/mack4seasons.com\/?post_type=product&#038;p=17359"},"modified":"2023-02-02T08:15:37","modified_gmt":"2023-02-02T08:15:37","slug":"display-lcd-con-pannello-comandi-per-stufe-e-termostufe-a-pellet-mcz-compatibile-con-il-codice-4160388","status":"publish","type":"product","link":"https:\/\/mack4seasons.com\/fr\/negozio\/mcz-ricambi-per-stufe-termostufe-e-caldaie-a-pellet-mcz\/stufe-a-pellet-mcz\/mercury-6-kw\/display-lcd-con-pannello-comandi-per-stufe-e-termostufe-a-pellet-mcz-compatibile-con-il-codice-4160388\/","title":{"rendered":"Display Lcd con pannello comandi per stufe e termostufe a pellet MCZ compatibile con il Codice 4160388"},"content":{"rendered":"<hr ->\n<h2>Display Lcd con pannello comandi per stufa a pellet MCZ<-h2><br \/>\nCompatibile con il Codice 4160388<br \/>\n<strong> Pour les mod\u00e8les de po\u00eales \u00e0 pellets MCZ suivants : <-strong>Mercury 6 kw, Mercury 8 kw, Nova AIR &#8211; Box Pellet, Nova Multi air &#8211; Box Pellet, Omega 05, Planet 05, Polar Air &#8211; Box Pellet, Polar Multi air &#8211; Box Pellet, Saturn 05<\/p>","protected":false},"excerpt":{"rendered":"<hr ->\n<p>Compatible avec le code MCZ original <strong>Codice 4160388<-strong><\/p>","protected":false},"featured_media":17229,"template":"","meta":[],"product_brand":[],"product_cat":[1212,1456,1457,1461,1677,1464,1471,1472,1680,1475],"product_tag":[],"class_list":{"0":"post-17359","1":"product","2":"type-product","3":"status-publish","4":"has-post-thumbnail","6":"product_cat-mcz-ricambi-per-stufe-termostufe-e-caldaie-a-pellet-mcz","7":"product_cat-mercury-6-kw","8":"product_cat-mercury-8-kw","9":"product_cat-nova-air-box-pellet","10":"product_cat-nova-multi-air-box-pellet","11":"product_cat-omega-05","12":"product_cat-planet-05","13":"product_cat-polar-air-box-pellet","14":"product_cat-polar-multi-air-box-pellet","15":"product_cat-saturn-05","16":"product_shipping_class-classe-di-spedizione-01","18":"first","19":"instock","20":"taxable","21":"shipping-taxable","22":"purchasable","23":"product-type-simple"},"yoast_head":"<!-- This site is optimized with the Yoast SEO plugin v26.3 - https:\/\/yoast.com\/wordpress\/plugins\/seo\/ -->\n<title>Display Lcd con pannello comandi per stufe e termostufe a pellet MCZ compatibile con il Codice 4160388 - Mack4Season<\/title>\n<meta name=\"robots\" content=\"index, follow, max-snippet:-1, max-image-preview:large, max-video-preview:-1\" \/>\n<link rel=\"canonical\" href=\"https:\/\/mack4seasons.com\/fr\/negozio\/mcz-ricambi-per-stufe-termostufe-e-caldaie-a-pellet-mcz\/stufe-a-pellet-mcz\/mercury-6-kw\/display-lcd-con-pannello-comandi-per-stufe-e-termostufe-a-pellet-mcz-compatibile-con-il-codice-4160388\/\" \/>\n<meta property=\"og:locale\" content=\"fr_FR\" \/>\n<meta property=\"og:type\" content=\"article\" \/>\n<meta property=\"og:title\" content=\"Display Lcd con pannello comandi per stufe e termostufe a pellet MCZ compatibile con il Codice 4160388 - Mack4Season\" \/>\n<meta property=\"og:description\" content=\"Compatibile con il codice originale MCZ Codice 4160388\" \/>\n<meta property=\"og:url\" content=\"https:\/\/mack4seasons.com\/fr\/negozio\/mcz-ricambi-per-stufe-termostufe-e-caldaie-a-pellet-mcz\/stufe-a-pellet-mcz\/mercury-6-kw\/display-lcd-con-pannello-comandi-per-stufe-e-termostufe-a-pellet-mcz-compatibile-con-il-codice-4160388\/\" \/>\n<meta property=\"og:site_name\" content=\"Mack4Season\" \/>\n<meta property=\"article:publisher\" content=\"https:\/\/www.facebook.com\/profile.php?id=100075990468585\" \/>\n<meta property=\"article:modified_time\" content=\"2023-02-02T08:15:37+00:00\" \/>\n<meta property=\"og:image\" content=\"https:\/\/mack4seasons.com\/wp-content\/uploads\/2023\/01\/Display-Lcd-con-pannello-comandi-per-stufe-e-termostufe-a-pellet-MCZ-compatibile-con-il-Codice-4160388.jpg\" \/>\n\t<meta property=\"og:image:width\" content=\"960\" \/>\n\t<meta property=\"og:image:height\" content=\"960\" \/>\n\t<meta property=\"og:image:type\" content=\"image\/jpeg\" \/>\n<meta name=\"twitter:card\" content=\"summary_large_image\" \/>\n<script type=\"application\/ld+json\" class=\"yoast-schema-graph\">{\"@context\":\"https:\/\/schema.org\",\"@graph\":[{\"@type\":\"WebPage\",\"@id\":\"https:\/\/mack4seasons.com\/negozio\/mcz-ricambi-per-stufe-termostufe-e-caldaie-a-pellet-mcz\/stufe-a-pellet-mcz\/mercury-6-kw\/display-lcd-con-pannello-comandi-per-stufe-e-termostufe-a-pellet-mcz-compatibile-con-il-codice-4160388\/\",\"url\":\"https:\/\/mack4seasons.com\/negozio\/mcz-ricambi-per-stufe-termostufe-e-caldaie-a-pellet-mcz\/stufe-a-pellet-mcz\/mercury-6-kw\/display-lcd-con-pannello-comandi-per-stufe-e-termostufe-a-pellet-mcz-compatibile-con-il-codice-4160388\/\",\"name\":\"Display Lcd con pannello comandi per stufe e termostufe a pellet MCZ compatibile con il Codice 4160388 - Mack4Season\",\"isPartOf\":{\"@id\":\"https:\/\/mack4seasons.com\/#website\"},\"primaryImageOfPage\":{\"@id\":\"https:\/\/mack4seasons.com\/negozio\/mcz-ricambi-per-stufe-termostufe-e-caldaie-a-pellet-mcz\/stufe-a-pellet-mcz\/mercury-6-kw\/display-lcd-con-pannello-comandi-per-stufe-e-termostufe-a-pellet-mcz-compatibile-con-il-codice-4160388\/#primaryimage\"},\"image\":{\"@id\":\"https:\/\/mack4seasons.com\/negozio\/mcz-ricambi-per-stufe-termostufe-e-caldaie-a-pellet-mcz\/stufe-a-pellet-mcz\/mercury-6-kw\/display-lcd-con-pannello-comandi-per-stufe-e-termostufe-a-pellet-mcz-compatibile-con-il-codice-4160388\/#primaryimage\"},\"thumbnailUrl\":\"https:\/\/mack4seasons.com\/wp-content\/uploads\/2023\/01\/Display-Lcd-con-pannello-comandi-per-stufe-e-termostufe-a-pellet-MCZ-compatibile-con-il-Codice-4160388.jpg\",\"datePublished\":\"2020-10-01T00:00:00+00:00\",\"dateModified\":\"2023-02-02T08:15:37+00:00\",\"breadcrumb\":{\"@id\":\"https:\/\/mack4seasons.com\/negozio\/mcz-ricambi-per-stufe-termostufe-e-caldaie-a-pellet-mcz\/stufe-a-pellet-mcz\/mercury-6-kw\/display-lcd-con-pannello-comandi-per-stufe-e-termostufe-a-pellet-mcz-compatibile-con-il-codice-4160388\/#breadcrumb\"},\"inLanguage\":\"fr-FR\",\"potentialAction\":[{\"@type\":\"ReadAction\",\"target\":[\"https:\/\/mack4seasons.com\/negozio\/mcz-ricambi-per-stufe-termostufe-e-caldaie-a-pellet-mcz\/stufe-a-pellet-mcz\/mercury-6-kw\/display-lcd-con-pannello-comandi-per-stufe-e-termostufe-a-pellet-mcz-compatibile-con-il-codice-4160388\/\"]}]},{\"@type\":\"ImageObject\",\"inLanguage\":\"fr-FR\",\"@id\":\"https:\/\/mack4seasons.com\/negozio\/mcz-ricambi-per-stufe-termostufe-e-caldaie-a-pellet-mcz\/stufe-a-pellet-mcz\/mercury-6-kw\/display-lcd-con-pannello-comandi-per-stufe-e-termostufe-a-pellet-mcz-compatibile-con-il-codice-4160388\/#primaryimage\",\"url\":\"https:\/\/mack4seasons.com\/wp-content\/uploads\/2023\/01\/Display-Lcd-con-pannello-comandi-per-stufe-e-termostufe-a-pellet-MCZ-compatibile-con-il-Codice-4160388.jpg\",\"contentUrl\":\"https:\/\/mack4seasons.com\/wp-content\/uploads\/2023\/01\/Display-Lcd-con-pannello-comandi-per-stufe-e-termostufe-a-pellet-MCZ-compatibile-con-il-Codice-4160388.jpg\",\"width\":960,\"height\":960},{\"@type\":\"BreadcrumbList\",\"@id\":\"https:\/\/mack4seasons.com\/negozio\/mcz-ricambi-per-stufe-termostufe-e-caldaie-a-pellet-mcz\/stufe-a-pellet-mcz\/mercury-6-kw\/display-lcd-con-pannello-comandi-per-stufe-e-termostufe-a-pellet-mcz-compatibile-con-il-codice-4160388\/#breadcrumb\",\"itemListElement\":[{\"@type\":\"ListItem\",\"position\":1,\"name\":\"Home\",\"item\":\"https:\/\/mack4seasons.com\/ricambi-accessori-stufe-e-caldaie-pellet\/\"},{\"@type\":\"ListItem\",\"position\":2,\"name\":\"Shop\",\"item\":\"https:\/\/mack4seasons.com\/negozio\/\"},{\"@type\":\"ListItem\",\"position\":3,\"name\":\"Display Lcd con pannello comandi per stufe e termostufe a pellet MCZ compatibile con il Codice 4160388\"}]},{\"@type\":\"WebSite\",\"@id\":\"https:\/\/mack4seasons.com\/#website\",\"url\":\"https:\/\/mack4seasons.com\/\",\"name\":\"Mack4Season\",\"description\":\"Per il comfort termico della tua casa\",\"publisher\":{\"@id\":\"https:\/\/mack4seasons.com\/#organization\"},\"potentialAction\":[{\"@type\":\"SearchAction\",\"target\":{\"@type\":\"EntryPoint\",\"urlTemplate\":\"https:\/\/mack4seasons.com\/?s={search_term_string}\"},\"query-input\":{\"@type\":\"PropertyValueSpecification\",\"valueRequired\":true,\"valueName\":\"search_term_string\"}}],\"inLanguage\":\"fr-FR\"},{\"@type\":\"Organization\",\"@id\":\"https:\/\/mack4seasons.com\/#organization\",\"name\":\"Mack4Season\",\"url\":\"https:\/\/mack4seasons.com\/\",\"logo\":{\"@type\":\"ImageObject\",\"inLanguage\":\"fr-FR\",\"@id\":\"https:\/\/mack4seasons.com\/#\/schema\/logo\/image\/\",\"url\":\"https:\/\/mack4seasons.com\/wp-content\/uploads\/2021\/06\/w-MACK-logo-pantone-02A19E.png\",\"contentUrl\":\"https:\/\/mack4seasons.com\/wp-content\/uploads\/2021\/06\/w-MACK-logo-pantone-02A19E.png\",\"width\":809,\"height\":425,\"caption\":\"Mack4Season\"},\"image\":{\"@id\":\"https:\/\/mack4seasons.com\/#\/schema\/logo\/image\/\"},\"sameAs\":[\"https:\/\/www.facebook.com\/profile.php?id=100075990468585\"]}]}<\/script>\n<!-- \/ Yoast SEO plugin. -->","yoast_head_json":{"title":"Display Lcd con pannello comandi per stufe e termostufe a pellet MCZ compatibile con il Codice 4160388 - Mack4Season","robots":{"index":"index","follow":"follow","max-snippet":"max-snippet:-1","max-image-preview":"max-image-preview:large","max-video-preview":"max-video-preview:-1"},"canonical":"https:\/\/mack4seasons.com\/fr\/negozio\/mcz-ricambi-per-stufe-termostufe-e-caldaie-a-pellet-mcz\/stufe-a-pellet-mcz\/mercury-6-kw\/display-lcd-con-pannello-comandi-per-stufe-e-termostufe-a-pellet-mcz-compatibile-con-il-codice-4160388\/","og_locale":"fr_FR","og_type":"article","og_title":"Display Lcd con pannello comandi per stufe e termostufe a pellet MCZ compatibile con il Codice 4160388 - Mack4Season","og_description":"Compatibile con il codice originale MCZ Codice 4160388","og_url":"https:\/\/mack4seasons.com\/fr\/negozio\/mcz-ricambi-per-stufe-termostufe-e-caldaie-a-pellet-mcz\/stufe-a-pellet-mcz\/mercury-6-kw\/display-lcd-con-pannello-comandi-per-stufe-e-termostufe-a-pellet-mcz-compatibile-con-il-codice-4160388\/","og_site_name":"Mack4Season","article_publisher":"https:\/\/www.facebook.com\/profile.php?id=100075990468585","article_modified_time":"2023-02-02T08:15:37+00:00","og_image":[{"width":960,"height":960,"url":"https:\/\/mack4seasons.com\/wp-content\/uploads\/2023\/01\/Display-Lcd-con-pannello-comandi-per-stufe-e-termostufe-a-pellet-MCZ-compatibile-con-il-Codice-4160388.jpg","type":"image\/jpeg"}],"twitter_card":"summary_large_image","schema":{"@context":"https:\/\/schema.org","@graph":[{"@type":"WebPage","@id":"https:\/\/mack4seasons.com\/negozio\/mcz-ricambi-per-stufe-termostufe-e-caldaie-a-pellet-mcz\/stufe-a-pellet-mcz\/mercury-6-kw\/display-lcd-con-pannello-comandi-per-stufe-e-termostufe-a-pellet-mcz-compatibile-con-il-codice-4160388\/","url":"https:\/\/mack4seasons.com\/negozio\/mcz-ricambi-per-stufe-termostufe-e-caldaie-a-pellet-mcz\/stufe-a-pellet-mcz\/mercury-6-kw\/display-lcd-con-pannello-comandi-per-stufe-e-termostufe-a-pellet-mcz-compatibile-con-il-codice-4160388\/","name":"Display Lcd con pannello comandi per stufe e termostufe a pellet MCZ compatibile con il Codice 4160388 - Mack4Season","isPartOf":{"@id":"https:\/\/mack4seasons.com\/#website"},"primaryImageOfPage":{"@id":"https:\/\/mack4seasons.com\/negozio\/mcz-ricambi-per-stufe-termostufe-e-caldaie-a-pellet-mcz\/stufe-a-pellet-mcz\/mercury-6-kw\/display-lcd-con-pannello-comandi-per-stufe-e-termostufe-a-pellet-mcz-compatibile-con-il-codice-4160388\/#primaryimage"},"image":{"@id":"https:\/\/mack4seasons.com\/negozio\/mcz-ricambi-per-stufe-termostufe-e-caldaie-a-pellet-mcz\/stufe-a-pellet-mcz\/mercury-6-kw\/display-lcd-con-pannello-comandi-per-stufe-e-termostufe-a-pellet-mcz-compatibile-con-il-codice-4160388\/#primaryimage"},"thumbnailUrl":"https:\/\/mack4seasons.com\/wp-content\/uploads\/2023\/01\/Display-Lcd-con-pannello-comandi-per-stufe-e-termostufe-a-pellet-MCZ-compatibile-con-il-Codice-4160388.jpg","datePublished":"2020-10-01T00:00:00+00:00","dateModified":"2023-02-02T08:15:37+00:00","breadcrumb":{"@id":"https:\/\/mack4seasons.com\/negozio\/mcz-ricambi-per-stufe-termostufe-e-caldaie-a-pellet-mcz\/stufe-a-pellet-mcz\/mercury-6-kw\/display-lcd-con-pannello-comandi-per-stufe-e-termostufe-a-pellet-mcz-compatibile-con-il-codice-4160388\/#breadcrumb"},"inLanguage":"fr-FR","potentialAction":[{"@type":"ReadAction","target":["https:\/\/mack4seasons.com\/negozio\/mcz-ricambi-per-stufe-termostufe-e-caldaie-a-pellet-mcz\/stufe-a-pellet-mcz\/mercury-6-kw\/display-lcd-con-pannello-comandi-per-stufe-e-termostufe-a-pellet-mcz-compatibile-con-il-codice-4160388\/"]}]},{"@type":"ImageObject","inLanguage":"fr-FR","@id":"https:\/\/mack4seasons.com\/negozio\/mcz-ricambi-per-stufe-termostufe-e-caldaie-a-pellet-mcz\/stufe-a-pellet-mcz\/mercury-6-kw\/display-lcd-con-pannello-comandi-per-stufe-e-termostufe-a-pellet-mcz-compatibile-con-il-codice-4160388\/#primaryimage","url":"https:\/\/mack4seasons.com\/wp-content\/uploads\/2023\/01\/Display-Lcd-con-pannello-comandi-per-stufe-e-termostufe-a-pellet-MCZ-compatibile-con-il-Codice-4160388.jpg","contentUrl":"https:\/\/mack4seasons.com\/wp-content\/uploads\/2023\/01\/Display-Lcd-con-pannello-comandi-per-stufe-e-termostufe-a-pellet-MCZ-compatibile-con-il-Codice-4160388.jpg","width":960,"height":960},{"@type":"BreadcrumbList","@id":"https:\/\/mack4seasons.com\/negozio\/mcz-ricambi-per-stufe-termostufe-e-caldaie-a-pellet-mcz\/stufe-a-pellet-mcz\/mercury-6-kw\/display-lcd-con-pannello-comandi-per-stufe-e-termostufe-a-pellet-mcz-compatibile-con-il-codice-4160388\/#breadcrumb","itemListElement":[{"@type":"ListItem","position":1,"name":"Home","item":"https:\/\/mack4seasons.com\/ricambi-accessori-stufe-e-caldaie-pellet\/"},{"@type":"ListItem","position":2,"name":"Shop","item":"https:\/\/mack4seasons.com\/negozio\/"},{"@type":"ListItem","position":3,"name":"Display Lcd con pannello comandi per stufe e termostufe a pellet MCZ compatibile con il Codice 4160388"}]},{"@type":"WebSite","@id":"https:\/\/mack4seasons.com\/#website","url":"https:\/\/mack4seasons.com\/","name":"Mack4Season","description":"Pour le confort thermique de votre maison","publisher":{"@id":"https:\/\/mack4seasons.com\/#organization"},"potentialAction":[{"@type":"SearchAction","target":{"@type":"EntryPoint","urlTemplate":"https:\/\/mack4seasons.com\/?s={search_term_string}"},"query-input":{"@type":"PropertyValueSpecification","valueRequired":true,"valueName":"search_term_string"}}],"inLanguage":"fr-FR"},{"@type":"Organization","@id":"https:\/\/mack4seasons.com\/#organization","name":"Mack4Season","url":"https:\/\/mack4seasons.com\/","logo":{"@type":"ImageObject","inLanguage":"fr-FR","@id":"https:\/\/mack4seasons.com\/#\/schema\/logo\/image\/","url":"https:\/\/mack4seasons.com\/wp-content\/uploads\/2021\/06\/w-MACK-logo-pantone-02A19E.png","contentUrl":"https:\/\/mack4seasons.com\/wp-content\/uploads\/2021\/06\/w-MACK-logo-pantone-02A19E.png","width":809,"height":425,"caption":"Mack4Season"},"image":{"@id":"https:\/\/mack4seasons.com\/#\/schema\/logo\/image\/"},"sameAs":["https:\/\/www.facebook.com\/profile.php?id=100075990468585"]}]}},"_links":{"self":[{"href":"https:\/\/mack4seasons.com\/fr\/wp-json\/wp\/v2\/product\/17359","targetHints":{"allow":["GET"]}}],"collection":[{"href":"https:\/\/mack4seasons.com\/fr\/wp-json\/wp\/v2\/product"}],"about":[{"href":"https:\/\/mack4seasons.com\/fr\/wp-json\/wp\/v2\/types\/product"}],"wp:featuredmedia":[{"embeddable":true,"href":"https:\/\/mack4seasons.com\/fr\/wp-json\/wp\/v2\/media\/17229"}],"wp:attachment":[{"href":"https:\/\/mack4seasons.com\/fr\/wp-json\/wp\/v2\/media?parent=17359"}],"wp:term":[{"taxonomy":"product_brand","embeddable":true,"href":"https:\/\/mack4seasons.com\/fr\/wp-json\/wp\/v2\/product_brand?post=17359"},{"taxonomy":"product_cat","embeddable":true,"href":"https:\/\/mack4seasons.com\/fr\/wp-json\/wp\/v2\/product_cat?post=17359"},{"taxonomy":"product_tag","embeddable":true,"href":"https:\/\/mack4seasons.com\/fr\/wp-json\/wp\/v2\/product_tag?post=17359"}],"curies":[{"name":"wp","href":"https:\/\/api.w.org\/{rel}","templated":true}]}}