{"id":17353,"date":"2020-10-01T00:00:00","date_gmt":"2020-10-01T00:00:00","guid":{"rendered":"https:\/\/mack4seasons.com\/?post_type=product&#038;p=17353"},"modified":"2023-02-02T08:15:32","modified_gmt":"2023-02-02T08:15:32","slug":"ventilatore-centrifugo-aria-per-stufe-e-termostufe-a-pellet-mcz-compatibile-con-il-codice-41451002903","status":"publish","type":"product","link":"https:\/\/mack4seasons.com\/fr\/negozio\/mcz-ricambi-per-stufe-termostufe-e-caldaie-a-pellet-mcz\/stufe-a-pellet-mcz\/chari\/ventilatore-centrifugo-aria-per-stufe-e-termostufe-a-pellet-mcz-compatibile-con-il-codice-41451002903\/","title":{"rendered":"Ventilatore centrifugo aria per stufe e termostufe a pellet MCZ compatibile con il Codice 41451002903"},"content":{"rendered":"<hr ->\n<h2>Ventilatore centrifugo aria per stufa a pellet MCZ<-h2><br \/>\nCompatibile con il Codice 41451002903<br \/>\n<strong> Pour les mod\u00e8les de po\u00eales \u00e0 pellets MCZ suivants : <-strong>Chari, Club Comfort air, Comfort air Basic Vf, Comfort air Slim, Comfort air Vf, Ego Comfort air, Flair, Flat, Kama, Kasai, Musa Comfort air, Nasik, Nima, Philo, PowerTherm, Star Comfort air, Suite Comfort air,<br \/>\nToba Comfort air, Tube, Tube 2013, Vivo 80 Pellet Comfort air &#8211; 2012, Vivo 80 Pellet Comfort air &#8211; 2012, Vivo 90 Comfort air 11 M1, Vivo 90 Comfort air 11 M1, Vivo 90 Comfort air 9 M1, Vivo 90 Comfort air 9 M1, Vivo 90 Pellet Comfort air, Vivo 90 Pellet Comfort air <\/p>","protected":false},"excerpt":{"rendered":"<hr ->\n<p>Compatible avec le code MCZ original <strong>Codice 41451002903<-strong><\/p>","protected":false},"featured_media":17225,"template":"","meta":[],"product_brand":[],"product_cat":[1690,1248,1742,1743,1744,1502,1258,1259,1261,1691,1212,1266,1271,1272,1273,1274,1510,1283,1289,1290,1291,1293,1427,1428,1294],"product_tag":[],"class_list":{"0":"post-17353","1":"product","2":"type-product","3":"status-publish","4":"has-post-thumbnail","6":"product_cat-chari","7":"product_cat-club-comfort-air","8":"product_cat-comfort-air-basic-vf","9":"product_cat-comfort-air-slim","10":"product_cat-comfort-air-vf","11":"product_cat-ego-comfort-air","12":"product_cat-flair","13":"product_cat-flat","14":"product_cat-kama","15":"product_cat-kasai","16":"product_cat-mcz-ricambi-per-stufe-termostufe-e-caldaie-a-pellet-mcz","17":"product_cat-musa-comfort-air","18":"product_cat-nasik","19":"product_cat-nima","20":"product_cat-philo","21":"product_cat-powertherm","22":"product_cat-star-comfort-air","23":"product_cat-suite-comfort-air","24":"product_cat-toba-comfort-air","25":"product_cat-tube","26":"product_cat-tube-2013","27":"product_cat-vivo-80-pellet-comfort-air-2012","28":"product_cat-vivo-90-comfort-air-11-m1","29":"product_cat-vivo-90-comfort-air-9-m1","30":"product_cat-vivo-90-pellet-comfort-air","31":"product_shipping_class-classe-di-spedizione-01","33":"first","34":"instock","35":"taxable","36":"shipping-taxable","37":"purchasable","38":"product-type-simple"},"yoast_head":"<!-- This site is optimized with the Yoast SEO plugin v26.3 - https:\/\/yoast.com\/wordpress\/plugins\/seo\/ -->\n<title>Ventilatore centrifugo aria per stufe e termostufe a pellet MCZ compatibile con il Codice 41451002903 - Mack4Season<\/title>\n<meta name=\"robots\" content=\"index, follow, max-snippet:-1, max-image-preview:large, max-video-preview:-1\" \/>\n<link rel=\"canonical\" href=\"https:\/\/mack4seasons.com\/fr\/negozio\/mcz-ricambi-per-stufe-termostufe-e-caldaie-a-pellet-mcz\/stufe-a-pellet-mcz\/club-comfort-air\/ventilatore-centrifugo-aria-per-stufe-e-termostufe-a-pellet-mcz-compatibile-con-il-codice-41451002903\/\" \/>\n<meta property=\"og:locale\" content=\"fr_FR\" \/>\n<meta property=\"og:type\" content=\"article\" \/>\n<meta property=\"og:title\" content=\"Ventilatore centrifugo aria per stufe e termostufe a pellet MCZ compatibile con il Codice 41451002903 - Mack4Season\" \/>\n<meta property=\"og:description\" content=\"Compatibile con il codice originale MCZ Codice 41451002903\" \/>\n<meta property=\"og:url\" content=\"https:\/\/mack4seasons.com\/fr\/negozio\/mcz-ricambi-per-stufe-termostufe-e-caldaie-a-pellet-mcz\/stufe-a-pellet-mcz\/club-comfort-air\/ventilatore-centrifugo-aria-per-stufe-e-termostufe-a-pellet-mcz-compatibile-con-il-codice-41451002903\/\" \/>\n<meta property=\"og:site_name\" content=\"Mack4Season\" \/>\n<meta property=\"article:publisher\" content=\"https:\/\/www.facebook.com\/profile.php?id=100075990468585\" \/>\n<meta property=\"article:modified_time\" content=\"2023-02-02T08:15:32+00:00\" \/>\n<meta property=\"og:image\" content=\"https:\/\/mack4seasons.com\/wp-content\/uploads\/2023\/01\/Ventilatore-centrifugo-aria-per-stufe-e-termostufe-a-pellet-MCZ-compatibile-con-il-Codice-41451002903.jpg\" \/>\n\t<meta property=\"og:image:width\" content=\"960\" \/>\n\t<meta property=\"og:image:height\" content=\"960\" \/>\n\t<meta property=\"og:image:type\" content=\"image\/jpeg\" \/>\n<meta name=\"twitter:card\" content=\"summary_large_image\" \/>\n<script type=\"application\/ld+json\" class=\"yoast-schema-graph\">{\"@context\":\"https:\/\/schema.org\",\"@graph\":[{\"@type\":\"WebPage\",\"@id\":\"https:\/\/mack4seasons.com\/negozio\/mcz-ricambi-per-stufe-termostufe-e-caldaie-a-pellet-mcz\/stufe-a-pellet-mcz\/club-comfort-air\/ventilatore-centrifugo-aria-per-stufe-e-termostufe-a-pellet-mcz-compatibile-con-il-codice-41451002903\/\",\"url\":\"https:\/\/mack4seasons.com\/negozio\/mcz-ricambi-per-stufe-termostufe-e-caldaie-a-pellet-mcz\/stufe-a-pellet-mcz\/club-comfort-air\/ventilatore-centrifugo-aria-per-stufe-e-termostufe-a-pellet-mcz-compatibile-con-il-codice-41451002903\/\",\"name\":\"Ventilatore centrifugo aria per stufe e termostufe a pellet MCZ compatibile con il Codice 41451002903 - Mack4Season\",\"isPartOf\":{\"@id\":\"https:\/\/mack4seasons.com\/#website\"},\"primaryImageOfPage\":{\"@id\":\"https:\/\/mack4seasons.com\/negozio\/mcz-ricambi-per-stufe-termostufe-e-caldaie-a-pellet-mcz\/stufe-a-pellet-mcz\/club-comfort-air\/ventilatore-centrifugo-aria-per-stufe-e-termostufe-a-pellet-mcz-compatibile-con-il-codice-41451002903\/#primaryimage\"},\"image\":{\"@id\":\"https:\/\/mack4seasons.com\/negozio\/mcz-ricambi-per-stufe-termostufe-e-caldaie-a-pellet-mcz\/stufe-a-pellet-mcz\/club-comfort-air\/ventilatore-centrifugo-aria-per-stufe-e-termostufe-a-pellet-mcz-compatibile-con-il-codice-41451002903\/#primaryimage\"},\"thumbnailUrl\":\"https:\/\/mack4seasons.com\/wp-content\/uploads\/2023\/01\/Ventilatore-centrifugo-aria-per-stufe-e-termostufe-a-pellet-MCZ-compatibile-con-il-Codice-41451002903.jpg\",\"datePublished\":\"2020-10-01T00:00:00+00:00\",\"dateModified\":\"2023-02-02T08:15:32+00:00\",\"breadcrumb\":{\"@id\":\"https:\/\/mack4seasons.com\/negozio\/mcz-ricambi-per-stufe-termostufe-e-caldaie-a-pellet-mcz\/stufe-a-pellet-mcz\/club-comfort-air\/ventilatore-centrifugo-aria-per-stufe-e-termostufe-a-pellet-mcz-compatibile-con-il-codice-41451002903\/#breadcrumb\"},\"inLanguage\":\"fr-FR\",\"potentialAction\":[{\"@type\":\"ReadAction\",\"target\":[\"https:\/\/mack4seasons.com\/negozio\/mcz-ricambi-per-stufe-termostufe-e-caldaie-a-pellet-mcz\/stufe-a-pellet-mcz\/club-comfort-air\/ventilatore-centrifugo-aria-per-stufe-e-termostufe-a-pellet-mcz-compatibile-con-il-codice-41451002903\/\"]}]},{\"@type\":\"ImageObject\",\"inLanguage\":\"fr-FR\",\"@id\":\"https:\/\/mack4seasons.com\/negozio\/mcz-ricambi-per-stufe-termostufe-e-caldaie-a-pellet-mcz\/stufe-a-pellet-mcz\/club-comfort-air\/ventilatore-centrifugo-aria-per-stufe-e-termostufe-a-pellet-mcz-compatibile-con-il-codice-41451002903\/#primaryimage\",\"url\":\"https:\/\/mack4seasons.com\/wp-content\/uploads\/2023\/01\/Ventilatore-centrifugo-aria-per-stufe-e-termostufe-a-pellet-MCZ-compatibile-con-il-Codice-41451002903.jpg\",\"contentUrl\":\"https:\/\/mack4seasons.com\/wp-content\/uploads\/2023\/01\/Ventilatore-centrifugo-aria-per-stufe-e-termostufe-a-pellet-MCZ-compatibile-con-il-Codice-41451002903.jpg\",\"width\":960,\"height\":960},{\"@type\":\"BreadcrumbList\",\"@id\":\"https:\/\/mack4seasons.com\/negozio\/mcz-ricambi-per-stufe-termostufe-e-caldaie-a-pellet-mcz\/stufe-a-pellet-mcz\/club-comfort-air\/ventilatore-centrifugo-aria-per-stufe-e-termostufe-a-pellet-mcz-compatibile-con-il-codice-41451002903\/#breadcrumb\",\"itemListElement\":[{\"@type\":\"ListItem\",\"position\":1,\"name\":\"Home\",\"item\":\"https:\/\/mack4seasons.com\/ricambi-accessori-stufe-e-caldaie-pellet\/\"},{\"@type\":\"ListItem\",\"position\":2,\"name\":\"Shop\",\"item\":\"https:\/\/mack4seasons.com\/negozio\/\"},{\"@type\":\"ListItem\",\"position\":3,\"name\":\"Ventilatore centrifugo aria per stufe e termostufe a pellet MCZ compatibile con il Codice 41451002903\"}]},{\"@type\":\"WebSite\",\"@id\":\"https:\/\/mack4seasons.com\/#website\",\"url\":\"https:\/\/mack4seasons.com\/\",\"name\":\"Mack4Season\",\"description\":\"Per il comfort termico della tua casa\",\"publisher\":{\"@id\":\"https:\/\/mack4seasons.com\/#organization\"},\"potentialAction\":[{\"@type\":\"SearchAction\",\"target\":{\"@type\":\"EntryPoint\",\"urlTemplate\":\"https:\/\/mack4seasons.com\/?s={search_term_string}\"},\"query-input\":{\"@type\":\"PropertyValueSpecification\",\"valueRequired\":true,\"valueName\":\"search_term_string\"}}],\"inLanguage\":\"fr-FR\"},{\"@type\":\"Organization\",\"@id\":\"https:\/\/mack4seasons.com\/#organization\",\"name\":\"Mack4Season\",\"url\":\"https:\/\/mack4seasons.com\/\",\"logo\":{\"@type\":\"ImageObject\",\"inLanguage\":\"fr-FR\",\"@id\":\"https:\/\/mack4seasons.com\/#\/schema\/logo\/image\/\",\"url\":\"https:\/\/mack4seasons.com\/wp-content\/uploads\/2021\/06\/w-MACK-logo-pantone-02A19E.png\",\"contentUrl\":\"https:\/\/mack4seasons.com\/wp-content\/uploads\/2021\/06\/w-MACK-logo-pantone-02A19E.png\",\"width\":809,\"height\":425,\"caption\":\"Mack4Season\"},\"image\":{\"@id\":\"https:\/\/mack4seasons.com\/#\/schema\/logo\/image\/\"},\"sameAs\":[\"https:\/\/www.facebook.com\/profile.php?id=100075990468585\"]}]}<\/script>\n<!-- \/ Yoast SEO plugin. -->","yoast_head_json":{"title":"Ventilatore centrifugo aria per stufe e termostufe a pellet MCZ compatibile con il Codice 41451002903 - Mack4Season","robots":{"index":"index","follow":"follow","max-snippet":"max-snippet:-1","max-image-preview":"max-image-preview:large","max-video-preview":"max-video-preview:-1"},"canonical":"https:\/\/mack4seasons.com\/fr\/negozio\/mcz-ricambi-per-stufe-termostufe-e-caldaie-a-pellet-mcz\/stufe-a-pellet-mcz\/club-comfort-air\/ventilatore-centrifugo-aria-per-stufe-e-termostufe-a-pellet-mcz-compatibile-con-il-codice-41451002903\/","og_locale":"fr_FR","og_type":"article","og_title":"Ventilatore centrifugo aria per stufe e termostufe a pellet MCZ compatibile con il Codice 41451002903 - Mack4Season","og_description":"Compatibile con il codice originale MCZ Codice 41451002903","og_url":"https:\/\/mack4seasons.com\/fr\/negozio\/mcz-ricambi-per-stufe-termostufe-e-caldaie-a-pellet-mcz\/stufe-a-pellet-mcz\/club-comfort-air\/ventilatore-centrifugo-aria-per-stufe-e-termostufe-a-pellet-mcz-compatibile-con-il-codice-41451002903\/","og_site_name":"Mack4Season","article_publisher":"https:\/\/www.facebook.com\/profile.php?id=100075990468585","article_modified_time":"2023-02-02T08:15:32+00:00","og_image":[{"width":960,"height":960,"url":"https:\/\/mack4seasons.com\/wp-content\/uploads\/2023\/01\/Ventilatore-centrifugo-aria-per-stufe-e-termostufe-a-pellet-MCZ-compatibile-con-il-Codice-41451002903.jpg","type":"image\/jpeg"}],"twitter_card":"summary_large_image","schema":{"@context":"https:\/\/schema.org","@graph":[{"@type":"WebPage","@id":"https:\/\/mack4seasons.com\/negozio\/mcz-ricambi-per-stufe-termostufe-e-caldaie-a-pellet-mcz\/stufe-a-pellet-mcz\/club-comfort-air\/ventilatore-centrifugo-aria-per-stufe-e-termostufe-a-pellet-mcz-compatibile-con-il-codice-41451002903\/","url":"https:\/\/mack4seasons.com\/negozio\/mcz-ricambi-per-stufe-termostufe-e-caldaie-a-pellet-mcz\/stufe-a-pellet-mcz\/club-comfort-air\/ventilatore-centrifugo-aria-per-stufe-e-termostufe-a-pellet-mcz-compatibile-con-il-codice-41451002903\/","name":"Ventilatore centrifugo aria per stufe e termostufe a pellet MCZ compatibile con il Codice 41451002903 - Mack4Season","isPartOf":{"@id":"https:\/\/mack4seasons.com\/#website"},"primaryImageOfPage":{"@id":"https:\/\/mack4seasons.com\/negozio\/mcz-ricambi-per-stufe-termostufe-e-caldaie-a-pellet-mcz\/stufe-a-pellet-mcz\/club-comfort-air\/ventilatore-centrifugo-aria-per-stufe-e-termostufe-a-pellet-mcz-compatibile-con-il-codice-41451002903\/#primaryimage"},"image":{"@id":"https:\/\/mack4seasons.com\/negozio\/mcz-ricambi-per-stufe-termostufe-e-caldaie-a-pellet-mcz\/stufe-a-pellet-mcz\/club-comfort-air\/ventilatore-centrifugo-aria-per-stufe-e-termostufe-a-pellet-mcz-compatibile-con-il-codice-41451002903\/#primaryimage"},"thumbnailUrl":"https:\/\/mack4seasons.com\/wp-content\/uploads\/2023\/01\/Ventilatore-centrifugo-aria-per-stufe-e-termostufe-a-pellet-MCZ-compatibile-con-il-Codice-41451002903.jpg","datePublished":"2020-10-01T00:00:00+00:00","dateModified":"2023-02-02T08:15:32+00:00","breadcrumb":{"@id":"https:\/\/mack4seasons.com\/negozio\/mcz-ricambi-per-stufe-termostufe-e-caldaie-a-pellet-mcz\/stufe-a-pellet-mcz\/club-comfort-air\/ventilatore-centrifugo-aria-per-stufe-e-termostufe-a-pellet-mcz-compatibile-con-il-codice-41451002903\/#breadcrumb"},"inLanguage":"fr-FR","potentialAction":[{"@type":"ReadAction","target":["https:\/\/mack4seasons.com\/negozio\/mcz-ricambi-per-stufe-termostufe-e-caldaie-a-pellet-mcz\/stufe-a-pellet-mcz\/club-comfort-air\/ventilatore-centrifugo-aria-per-stufe-e-termostufe-a-pellet-mcz-compatibile-con-il-codice-41451002903\/"]}]},{"@type":"ImageObject","inLanguage":"fr-FR","@id":"https:\/\/mack4seasons.com\/negozio\/mcz-ricambi-per-stufe-termostufe-e-caldaie-a-pellet-mcz\/stufe-a-pellet-mcz\/club-comfort-air\/ventilatore-centrifugo-aria-per-stufe-e-termostufe-a-pellet-mcz-compatibile-con-il-codice-41451002903\/#primaryimage","url":"https:\/\/mack4seasons.com\/wp-content\/uploads\/2023\/01\/Ventilatore-centrifugo-aria-per-stufe-e-termostufe-a-pellet-MCZ-compatibile-con-il-Codice-41451002903.jpg","contentUrl":"https:\/\/mack4seasons.com\/wp-content\/uploads\/2023\/01\/Ventilatore-centrifugo-aria-per-stufe-e-termostufe-a-pellet-MCZ-compatibile-con-il-Codice-41451002903.jpg","width":960,"height":960},{"@type":"BreadcrumbList","@id":"https:\/\/mack4seasons.com\/negozio\/mcz-ricambi-per-stufe-termostufe-e-caldaie-a-pellet-mcz\/stufe-a-pellet-mcz\/club-comfort-air\/ventilatore-centrifugo-aria-per-stufe-e-termostufe-a-pellet-mcz-compatibile-con-il-codice-41451002903\/#breadcrumb","itemListElement":[{"@type":"ListItem","position":1,"name":"Home","item":"https:\/\/mack4seasons.com\/ricambi-accessori-stufe-e-caldaie-pellet\/"},{"@type":"ListItem","position":2,"name":"Shop","item":"https:\/\/mack4seasons.com\/negozio\/"},{"@type":"ListItem","position":3,"name":"Ventilatore centrifugo aria per stufe e termostufe a pellet MCZ compatibile con il Codice 41451002903"}]},{"@type":"WebSite","@id":"https:\/\/mack4seasons.com\/#website","url":"https:\/\/mack4seasons.com\/","name":"Mack4Season","description":"Pour le confort thermique de votre maison","publisher":{"@id":"https:\/\/mack4seasons.com\/#organization"},"potentialAction":[{"@type":"SearchAction","target":{"@type":"EntryPoint","urlTemplate":"https:\/\/mack4seasons.com\/?s={search_term_string}"},"query-input":{"@type":"PropertyValueSpecification","valueRequired":true,"valueName":"search_term_string"}}],"inLanguage":"fr-FR"},{"@type":"Organization","@id":"https:\/\/mack4seasons.com\/#organization","name":"Mack4Season","url":"https:\/\/mack4seasons.com\/","logo":{"@type":"ImageObject","inLanguage":"fr-FR","@id":"https:\/\/mack4seasons.com\/#\/schema\/logo\/image\/","url":"https:\/\/mack4seasons.com\/wp-content\/uploads\/2021\/06\/w-MACK-logo-pantone-02A19E.png","contentUrl":"https:\/\/mack4seasons.com\/wp-content\/uploads\/2021\/06\/w-MACK-logo-pantone-02A19E.png","width":809,"height":425,"caption":"Mack4Season"},"image":{"@id":"https:\/\/mack4seasons.com\/#\/schema\/logo\/image\/"},"sameAs":["https:\/\/www.facebook.com\/profile.php?id=100075990468585"]}]}},"_links":{"self":[{"href":"https:\/\/mack4seasons.com\/fr\/wp-json\/wp\/v2\/product\/17353","targetHints":{"allow":["GET"]}}],"collection":[{"href":"https:\/\/mack4seasons.com\/fr\/wp-json\/wp\/v2\/product"}],"about":[{"href":"https:\/\/mack4seasons.com\/fr\/wp-json\/wp\/v2\/types\/product"}],"wp:featuredmedia":[{"embeddable":true,"href":"https:\/\/mack4seasons.com\/fr\/wp-json\/wp\/v2\/media\/17225"}],"wp:attachment":[{"href":"https:\/\/mack4seasons.com\/fr\/wp-json\/wp\/v2\/media?parent=17353"}],"wp:term":[{"taxonomy":"product_brand","embeddable":true,"href":"https:\/\/mack4seasons.com\/fr\/wp-json\/wp\/v2\/product_brand?post=17353"},{"taxonomy":"product_cat","embeddable":true,"href":"https:\/\/mack4seasons.com\/fr\/wp-json\/wp\/v2\/product_cat?post=17353"},{"taxonomy":"product_tag","embeddable":true,"href":"https:\/\/mack4seasons.com\/fr\/wp-json\/wp\/v2\/product_tag?post=17353"}],"curies":[{"name":"wp","href":"https:\/\/api.w.org\/{rel}","templated":true}]}}