{"id":17345,"date":"2020-10-01T00:00:00","date_gmt":"2020-10-01T00:00:00","guid":{"rendered":"https:\/\/mack4seasons.com\/?post_type=product&#038;p=17345"},"modified":"2023-02-02T08:15:26","modified_gmt":"2023-02-02T08:15:26","slug":"guarnizione-rettangolare-in-panno-per-stufe-e-termostufe-a-pellet-mcz-compatibile-con-il-codice-41801209600","status":"publish","type":"product","link":"https:\/\/mack4seasons.com\/fr\/negozio\/mcz-ricambi-per-stufe-termostufe-e-caldaie-a-pellet-mcz\/stufe-a-pellet-mcz\/athos-multi-air\/guarnizione-rettangolare-in-panno-per-stufe-e-termostufe-a-pellet-mcz-compatibile-con-il-codice-41801209600\/","title":{"rendered":"Guarnizione rettangolare in panno  per stufe e termostufe a pellet MCZ compatibile con il Codice 41801209600"},"content":{"rendered":"<hr ->\n<h2>Guarnizione rettangolare in panno per stufa a pellet MCZ<-h2><br \/>\nCompatibile con il Codice 41801209600<br \/>\n<strong> Pour les mod\u00e8les de po\u00eales \u00e0 pellets MCZ suivants : <-strong>Athos Hydro 14 kw, Athos Multi air, Athos Power Hydro 24 kw, Nova AIR, Nova AIR -Box Pellet, Nova Hydro, Nova Multi air, Nova Multi air -Box Pellet, Polar AIR, Polar AIR -Box Pellet, Polar Hydro, Polar Multi air, Polar Multi air -Box Pellet, Swing Hydro<\/p>","protected":false},"excerpt":{"rendered":"<hr ->\n<p>Compatible avec le code MCZ original <strong>Codice 41801209600<-strong><\/p>","protected":false},"featured_media":17278,"template":"","meta":[],"product_brand":[],"product_cat":[1662,1663,1432,1212,1675,1461,1462,1676,1677,1678,1472,1473,1679,1680,1492],"product_tag":[],"class_list":{"0":"post-17345","1":"product","2":"type-product","3":"status-publish","4":"has-post-thumbnail","6":"product_cat-athos-hydro-14-kw","7":"product_cat-athos-multi-air","8":"product_cat-athos-power-hydro-24-kw","9":"product_cat-mcz-ricambi-per-stufe-termostufe-e-caldaie-a-pellet-mcz","10":"product_cat-nova-air","11":"product_cat-nova-air-box-pellet","12":"product_cat-nova-hydro","13":"product_cat-nova-multi-air","14":"product_cat-nova-multi-air-box-pellet","15":"product_cat-polar-air","16":"product_cat-polar-air-box-pellet","17":"product_cat-polar-hydro","18":"product_cat-polar-multi-air","19":"product_cat-polar-multi-air-box-pellet","20":"product_cat-swing-hydro","21":"product_shipping_class-classe-di-spedizione-01","23":"first","24":"instock","25":"taxable","26":"shipping-taxable","27":"purchasable","28":"product-type-simple"},"yoast_head":"<!-- This site is optimized with the Yoast SEO plugin v26.3 - https:\/\/yoast.com\/wordpress\/plugins\/seo\/ -->\n<title>Guarnizione rettangolare in panno per stufe e termostufe a pellet MCZ compatibile con il Codice 41801209600 - Mack4Season<\/title>\n<meta name=\"robots\" content=\"index, follow, max-snippet:-1, max-image-preview:large, max-video-preview:-1\" \/>\n<link rel=\"canonical\" href=\"https:\/\/mack4seasons.com\/fr\/negozio\/mcz-ricambi-per-stufe-termostufe-e-caldaie-a-pellet-mcz\/termostufe-a-pellet-mcz\/athos-hydro-14-kw\/guarnizione-rettangolare-in-panno-per-stufe-e-termostufe-a-pellet-mcz-compatibile-con-il-codice-41801209600\/\" \/>\n<meta property=\"og:locale\" content=\"fr_FR\" \/>\n<meta property=\"og:type\" content=\"article\" \/>\n<meta property=\"og:title\" content=\"Guarnizione rettangolare in panno per stufe e termostufe a pellet MCZ compatibile con il Codice 41801209600 - Mack4Season\" \/>\n<meta property=\"og:description\" content=\"Compatibile con il codice originale MCZ Codice 41801209600\" \/>\n<meta property=\"og:url\" content=\"https:\/\/mack4seasons.com\/fr\/negozio\/mcz-ricambi-per-stufe-termostufe-e-caldaie-a-pellet-mcz\/termostufe-a-pellet-mcz\/athos-hydro-14-kw\/guarnizione-rettangolare-in-panno-per-stufe-e-termostufe-a-pellet-mcz-compatibile-con-il-codice-41801209600\/\" \/>\n<meta property=\"og:site_name\" content=\"Mack4Season\" \/>\n<meta property=\"article:publisher\" content=\"https:\/\/www.facebook.com\/profile.php?id=100075990468585\" \/>\n<meta property=\"article:modified_time\" content=\"2023-02-02T08:15:26+00:00\" \/>\n<meta property=\"og:image\" content=\"https:\/\/mack4seasons.com\/wp-content\/uploads\/2023\/01\/Guarnizione-rettangolare-in-panno-per-stufe-e-termostufe-a-pellet-MCZ-compatibile-con-il-Codice-41801209600-1.jpg\" \/>\n\t<meta property=\"og:image:width\" content=\"960\" \/>\n\t<meta property=\"og:image:height\" content=\"960\" \/>\n\t<meta property=\"og:image:type\" content=\"image\/jpeg\" \/>\n<meta name=\"twitter:card\" content=\"summary_large_image\" \/>\n<script type=\"application\/ld+json\" class=\"yoast-schema-graph\">{\"@context\":\"https:\/\/schema.org\",\"@graph\":[{\"@type\":\"WebPage\",\"@id\":\"https:\/\/mack4seasons.com\/negozio\/mcz-ricambi-per-stufe-termostufe-e-caldaie-a-pellet-mcz\/termostufe-a-pellet-mcz\/athos-hydro-14-kw\/guarnizione-rettangolare-in-panno-per-stufe-e-termostufe-a-pellet-mcz-compatibile-con-il-codice-41801209600\/\",\"url\":\"https:\/\/mack4seasons.com\/negozio\/mcz-ricambi-per-stufe-termostufe-e-caldaie-a-pellet-mcz\/termostufe-a-pellet-mcz\/athos-hydro-14-kw\/guarnizione-rettangolare-in-panno-per-stufe-e-termostufe-a-pellet-mcz-compatibile-con-il-codice-41801209600\/\",\"name\":\"Guarnizione rettangolare in panno per stufe e termostufe a pellet MCZ compatibile con il Codice 41801209600 - Mack4Season\",\"isPartOf\":{\"@id\":\"https:\/\/mack4seasons.com\/#website\"},\"primaryImageOfPage\":{\"@id\":\"https:\/\/mack4seasons.com\/negozio\/mcz-ricambi-per-stufe-termostufe-e-caldaie-a-pellet-mcz\/termostufe-a-pellet-mcz\/athos-hydro-14-kw\/guarnizione-rettangolare-in-panno-per-stufe-e-termostufe-a-pellet-mcz-compatibile-con-il-codice-41801209600\/#primaryimage\"},\"image\":{\"@id\":\"https:\/\/mack4seasons.com\/negozio\/mcz-ricambi-per-stufe-termostufe-e-caldaie-a-pellet-mcz\/termostufe-a-pellet-mcz\/athos-hydro-14-kw\/guarnizione-rettangolare-in-panno-per-stufe-e-termostufe-a-pellet-mcz-compatibile-con-il-codice-41801209600\/#primaryimage\"},\"thumbnailUrl\":\"https:\/\/mack4seasons.com\/wp-content\/uploads\/2023\/01\/Guarnizione-rettangolare-in-panno-per-stufe-e-termostufe-a-pellet-MCZ-compatibile-con-il-Codice-41801209600-1.jpg\",\"datePublished\":\"2020-10-01T00:00:00+00:00\",\"dateModified\":\"2023-02-02T08:15:26+00:00\",\"breadcrumb\":{\"@id\":\"https:\/\/mack4seasons.com\/negozio\/mcz-ricambi-per-stufe-termostufe-e-caldaie-a-pellet-mcz\/termostufe-a-pellet-mcz\/athos-hydro-14-kw\/guarnizione-rettangolare-in-panno-per-stufe-e-termostufe-a-pellet-mcz-compatibile-con-il-codice-41801209600\/#breadcrumb\"},\"inLanguage\":\"fr-FR\",\"potentialAction\":[{\"@type\":\"ReadAction\",\"target\":[\"https:\/\/mack4seasons.com\/negozio\/mcz-ricambi-per-stufe-termostufe-e-caldaie-a-pellet-mcz\/termostufe-a-pellet-mcz\/athos-hydro-14-kw\/guarnizione-rettangolare-in-panno-per-stufe-e-termostufe-a-pellet-mcz-compatibile-con-il-codice-41801209600\/\"]}]},{\"@type\":\"ImageObject\",\"inLanguage\":\"fr-FR\",\"@id\":\"https:\/\/mack4seasons.com\/negozio\/mcz-ricambi-per-stufe-termostufe-e-caldaie-a-pellet-mcz\/termostufe-a-pellet-mcz\/athos-hydro-14-kw\/guarnizione-rettangolare-in-panno-per-stufe-e-termostufe-a-pellet-mcz-compatibile-con-il-codice-41801209600\/#primaryimage\",\"url\":\"https:\/\/mack4seasons.com\/wp-content\/uploads\/2023\/01\/Guarnizione-rettangolare-in-panno-per-stufe-e-termostufe-a-pellet-MCZ-compatibile-con-il-Codice-41801209600-1.jpg\",\"contentUrl\":\"https:\/\/mack4seasons.com\/wp-content\/uploads\/2023\/01\/Guarnizione-rettangolare-in-panno-per-stufe-e-termostufe-a-pellet-MCZ-compatibile-con-il-Codice-41801209600-1.jpg\",\"width\":960,\"height\":960},{\"@type\":\"BreadcrumbList\",\"@id\":\"https:\/\/mack4seasons.com\/negozio\/mcz-ricambi-per-stufe-termostufe-e-caldaie-a-pellet-mcz\/termostufe-a-pellet-mcz\/athos-hydro-14-kw\/guarnizione-rettangolare-in-panno-per-stufe-e-termostufe-a-pellet-mcz-compatibile-con-il-codice-41801209600\/#breadcrumb\",\"itemListElement\":[{\"@type\":\"ListItem\",\"position\":1,\"name\":\"Home\",\"item\":\"https:\/\/mack4seasons.com\/ricambi-accessori-stufe-e-caldaie-pellet\/\"},{\"@type\":\"ListItem\",\"position\":2,\"name\":\"Shop\",\"item\":\"https:\/\/mack4seasons.com\/negozio\/\"},{\"@type\":\"ListItem\",\"position\":3,\"name\":\"Guarnizione rettangolare in panno per stufe e termostufe a pellet MCZ compatibile con il Codice 41801209600\"}]},{\"@type\":\"WebSite\",\"@id\":\"https:\/\/mack4seasons.com\/#website\",\"url\":\"https:\/\/mack4seasons.com\/\",\"name\":\"Mack4Season\",\"description\":\"Per il comfort termico della tua casa\",\"publisher\":{\"@id\":\"https:\/\/mack4seasons.com\/#organization\"},\"potentialAction\":[{\"@type\":\"SearchAction\",\"target\":{\"@type\":\"EntryPoint\",\"urlTemplate\":\"https:\/\/mack4seasons.com\/?s={search_term_string}\"},\"query-input\":{\"@type\":\"PropertyValueSpecification\",\"valueRequired\":true,\"valueName\":\"search_term_string\"}}],\"inLanguage\":\"fr-FR\"},{\"@type\":\"Organization\",\"@id\":\"https:\/\/mack4seasons.com\/#organization\",\"name\":\"Mack4Season\",\"url\":\"https:\/\/mack4seasons.com\/\",\"logo\":{\"@type\":\"ImageObject\",\"inLanguage\":\"fr-FR\",\"@id\":\"https:\/\/mack4seasons.com\/#\/schema\/logo\/image\/\",\"url\":\"https:\/\/mack4seasons.com\/wp-content\/uploads\/2021\/06\/w-MACK-logo-pantone-02A19E.png\",\"contentUrl\":\"https:\/\/mack4seasons.com\/wp-content\/uploads\/2021\/06\/w-MACK-logo-pantone-02A19E.png\",\"width\":809,\"height\":425,\"caption\":\"Mack4Season\"},\"image\":{\"@id\":\"https:\/\/mack4seasons.com\/#\/schema\/logo\/image\/\"},\"sameAs\":[\"https:\/\/www.facebook.com\/profile.php?id=100075990468585\"]}]}<\/script>\n<!-- \/ Yoast SEO plugin. -->","yoast_head_json":{"title":"Guarnizione rettangolare in panno per stufe e termostufe a pellet MCZ compatibile con il Codice 41801209600 - Mack4Season","robots":{"index":"index","follow":"follow","max-snippet":"max-snippet:-1","max-image-preview":"max-image-preview:large","max-video-preview":"max-video-preview:-1"},"canonical":"https:\/\/mack4seasons.com\/fr\/negozio\/mcz-ricambi-per-stufe-termostufe-e-caldaie-a-pellet-mcz\/termostufe-a-pellet-mcz\/athos-hydro-14-kw\/guarnizione-rettangolare-in-panno-per-stufe-e-termostufe-a-pellet-mcz-compatibile-con-il-codice-41801209600\/","og_locale":"fr_FR","og_type":"article","og_title":"Guarnizione rettangolare in panno per stufe e termostufe a pellet MCZ compatibile con il Codice 41801209600 - Mack4Season","og_description":"Compatibile con il codice originale MCZ Codice 41801209600","og_url":"https:\/\/mack4seasons.com\/fr\/negozio\/mcz-ricambi-per-stufe-termostufe-e-caldaie-a-pellet-mcz\/termostufe-a-pellet-mcz\/athos-hydro-14-kw\/guarnizione-rettangolare-in-panno-per-stufe-e-termostufe-a-pellet-mcz-compatibile-con-il-codice-41801209600\/","og_site_name":"Mack4Season","article_publisher":"https:\/\/www.facebook.com\/profile.php?id=100075990468585","article_modified_time":"2023-02-02T08:15:26+00:00","og_image":[{"width":960,"height":960,"url":"https:\/\/mack4seasons.com\/wp-content\/uploads\/2023\/01\/Guarnizione-rettangolare-in-panno-per-stufe-e-termostufe-a-pellet-MCZ-compatibile-con-il-Codice-41801209600-1.jpg","type":"image\/jpeg"}],"twitter_card":"summary_large_image","schema":{"@context":"https:\/\/schema.org","@graph":[{"@type":"WebPage","@id":"https:\/\/mack4seasons.com\/negozio\/mcz-ricambi-per-stufe-termostufe-e-caldaie-a-pellet-mcz\/termostufe-a-pellet-mcz\/athos-hydro-14-kw\/guarnizione-rettangolare-in-panno-per-stufe-e-termostufe-a-pellet-mcz-compatibile-con-il-codice-41801209600\/","url":"https:\/\/mack4seasons.com\/negozio\/mcz-ricambi-per-stufe-termostufe-e-caldaie-a-pellet-mcz\/termostufe-a-pellet-mcz\/athos-hydro-14-kw\/guarnizione-rettangolare-in-panno-per-stufe-e-termostufe-a-pellet-mcz-compatibile-con-il-codice-41801209600\/","name":"Guarnizione rettangolare in panno per stufe e termostufe a pellet MCZ compatibile con il Codice 41801209600 - Mack4Season","isPartOf":{"@id":"https:\/\/mack4seasons.com\/#website"},"primaryImageOfPage":{"@id":"https:\/\/mack4seasons.com\/negozio\/mcz-ricambi-per-stufe-termostufe-e-caldaie-a-pellet-mcz\/termostufe-a-pellet-mcz\/athos-hydro-14-kw\/guarnizione-rettangolare-in-panno-per-stufe-e-termostufe-a-pellet-mcz-compatibile-con-il-codice-41801209600\/#primaryimage"},"image":{"@id":"https:\/\/mack4seasons.com\/negozio\/mcz-ricambi-per-stufe-termostufe-e-caldaie-a-pellet-mcz\/termostufe-a-pellet-mcz\/athos-hydro-14-kw\/guarnizione-rettangolare-in-panno-per-stufe-e-termostufe-a-pellet-mcz-compatibile-con-il-codice-41801209600\/#primaryimage"},"thumbnailUrl":"https:\/\/mack4seasons.com\/wp-content\/uploads\/2023\/01\/Guarnizione-rettangolare-in-panno-per-stufe-e-termostufe-a-pellet-MCZ-compatibile-con-il-Codice-41801209600-1.jpg","datePublished":"2020-10-01T00:00:00+00:00","dateModified":"2023-02-02T08:15:26+00:00","breadcrumb":{"@id":"https:\/\/mack4seasons.com\/negozio\/mcz-ricambi-per-stufe-termostufe-e-caldaie-a-pellet-mcz\/termostufe-a-pellet-mcz\/athos-hydro-14-kw\/guarnizione-rettangolare-in-panno-per-stufe-e-termostufe-a-pellet-mcz-compatibile-con-il-codice-41801209600\/#breadcrumb"},"inLanguage":"fr-FR","potentialAction":[{"@type":"ReadAction","target":["https:\/\/mack4seasons.com\/negozio\/mcz-ricambi-per-stufe-termostufe-e-caldaie-a-pellet-mcz\/termostufe-a-pellet-mcz\/athos-hydro-14-kw\/guarnizione-rettangolare-in-panno-per-stufe-e-termostufe-a-pellet-mcz-compatibile-con-il-codice-41801209600\/"]}]},{"@type":"ImageObject","inLanguage":"fr-FR","@id":"https:\/\/mack4seasons.com\/negozio\/mcz-ricambi-per-stufe-termostufe-e-caldaie-a-pellet-mcz\/termostufe-a-pellet-mcz\/athos-hydro-14-kw\/guarnizione-rettangolare-in-panno-per-stufe-e-termostufe-a-pellet-mcz-compatibile-con-il-codice-41801209600\/#primaryimage","url":"https:\/\/mack4seasons.com\/wp-content\/uploads\/2023\/01\/Guarnizione-rettangolare-in-panno-per-stufe-e-termostufe-a-pellet-MCZ-compatibile-con-il-Codice-41801209600-1.jpg","contentUrl":"https:\/\/mack4seasons.com\/wp-content\/uploads\/2023\/01\/Guarnizione-rettangolare-in-panno-per-stufe-e-termostufe-a-pellet-MCZ-compatibile-con-il-Codice-41801209600-1.jpg","width":960,"height":960},{"@type":"BreadcrumbList","@id":"https:\/\/mack4seasons.com\/negozio\/mcz-ricambi-per-stufe-termostufe-e-caldaie-a-pellet-mcz\/termostufe-a-pellet-mcz\/athos-hydro-14-kw\/guarnizione-rettangolare-in-panno-per-stufe-e-termostufe-a-pellet-mcz-compatibile-con-il-codice-41801209600\/#breadcrumb","itemListElement":[{"@type":"ListItem","position":1,"name":"Home","item":"https:\/\/mack4seasons.com\/ricambi-accessori-stufe-e-caldaie-pellet\/"},{"@type":"ListItem","position":2,"name":"Shop","item":"https:\/\/mack4seasons.com\/negozio\/"},{"@type":"ListItem","position":3,"name":"Guarnizione rettangolare in panno per stufe e termostufe a pellet MCZ compatibile con il Codice 41801209600"}]},{"@type":"WebSite","@id":"https:\/\/mack4seasons.com\/#website","url":"https:\/\/mack4seasons.com\/","name":"Mack4Season","description":"Pour le confort thermique de votre maison","publisher":{"@id":"https:\/\/mack4seasons.com\/#organization"},"potentialAction":[{"@type":"SearchAction","target":{"@type":"EntryPoint","urlTemplate":"https:\/\/mack4seasons.com\/?s={search_term_string}"},"query-input":{"@type":"PropertyValueSpecification","valueRequired":true,"valueName":"search_term_string"}}],"inLanguage":"fr-FR"},{"@type":"Organization","@id":"https:\/\/mack4seasons.com\/#organization","name":"Mack4Season","url":"https:\/\/mack4seasons.com\/","logo":{"@type":"ImageObject","inLanguage":"fr-FR","@id":"https:\/\/mack4seasons.com\/#\/schema\/logo\/image\/","url":"https:\/\/mack4seasons.com\/wp-content\/uploads\/2021\/06\/w-MACK-logo-pantone-02A19E.png","contentUrl":"https:\/\/mack4seasons.com\/wp-content\/uploads\/2021\/06\/w-MACK-logo-pantone-02A19E.png","width":809,"height":425,"caption":"Mack4Season"},"image":{"@id":"https:\/\/mack4seasons.com\/#\/schema\/logo\/image\/"},"sameAs":["https:\/\/www.facebook.com\/profile.php?id=100075990468585"]}]}},"_links":{"self":[{"href":"https:\/\/mack4seasons.com\/fr\/wp-json\/wp\/v2\/product\/17345","targetHints":{"allow":["GET"]}}],"collection":[{"href":"https:\/\/mack4seasons.com\/fr\/wp-json\/wp\/v2\/product"}],"about":[{"href":"https:\/\/mack4seasons.com\/fr\/wp-json\/wp\/v2\/types\/product"}],"wp:featuredmedia":[{"embeddable":true,"href":"https:\/\/mack4seasons.com\/fr\/wp-json\/wp\/v2\/media\/17278"}],"wp:attachment":[{"href":"https:\/\/mack4seasons.com\/fr\/wp-json\/wp\/v2\/media?parent=17345"}],"wp:term":[{"taxonomy":"product_brand","embeddable":true,"href":"https:\/\/mack4seasons.com\/fr\/wp-json\/wp\/v2\/product_brand?post=17345"},{"taxonomy":"product_cat","embeddable":true,"href":"https:\/\/mack4seasons.com\/fr\/wp-json\/wp\/v2\/product_cat?post=17345"},{"taxonomy":"product_tag","embeddable":true,"href":"https:\/\/mack4seasons.com\/fr\/wp-json\/wp\/v2\/product_tag?post=17345"}],"curies":[{"name":"wp","href":"https:\/\/api.w.org\/{rel}","templated":true}]}}