{"id":17336,"date":"2020-10-01T00:00:00","date_gmt":"2020-10-01T00:00:00","guid":{"rendered":"https:\/\/mack4seasons.com\/?post_type=product&#038;p=17336"},"modified":"2023-02-02T08:15:11","modified_gmt":"2023-02-02T08:15:11","slug":"sensore-aria-per-stufe-e-termostufe-a-pellet-mcz-compatibile-con-il-codice-41451205000","status":"publish","type":"product","link":"https:\/\/mack4seasons.com\/fr\/negozio\/mcz-ricambi-per-stufe-termostufe-e-caldaie-a-pellet-mcz\/stufe-a-pellet-mcz\/antares\/sensore-aria-per-stufe-e-termostufe-a-pellet-mcz-compatibile-con-il-codice-41451205000\/","title":{"rendered":"Sensore aria per stufe e termostufe a pellet MCZ compatibile con il Codice 41451205000"},"content":{"rendered":"<hr ->\n<h2>Sensore aria per stufa a pellet MCZ<-h2><br \/>\nCompatibile con il Codice 41451205000<br \/>\n<strong> Pour les mod\u00e8les de po\u00eales \u00e0 pellets MCZ suivants : <-strong>Antares, Astra, Athos Multi air, Aurora, Boxtherm 60 Pellet, Boxtherm 70 Pellet, Club air, Club Comfort air, Club Hydro 15 kw, Club Hydro 15 kw High Efficiency, Club Hydro 15 kw Ver.2009 cod. 7109007,<br \/>\nClub Hydro 22 kw, Club Hydro 22 kw High Efficiency, Ego air, Ego Comfort air, Ego Hydro, Ego Hydro High Efficieny, Flair, Flat, Gea, Kama, Modulo Pellet, Musa air, Musa Comfort air, Musa Hydro 15 kw, Musa Hydro 15 kw Ver.2009 cod. 7109008, Musa Hydro 15 kw High Efficiency, Musa Hydro 22 kw, Musa Hydro 22 kw High Efficiency, Nasik, Nima, Nova air, Nova Multi air, Omega, Panorama, Philo, Planet, Polar air, Polar Multi air, PowerBox Compact,<br \/>\nPowerBox Link, Powersystem, PowerTherm, Sagar, Saturn, Solar, Star air, Star Comfort air, Star Hydro, Star Hydro High Efficieny, Suite air, Suite Comfort air, Suite Hydro 15 kw, Suite Hydro 15 kw High Efficiency, Suite Hydro 15 kw Ver. 2009 cod. 7109007, Suite Hydro 22 kw,<br \/>\nSuite Hydro 22 kw High Efficiency, Toba air, Toba Comfort air, Tube, Tube 2013, Vega, Vivo 80 Pellet, Vivo 80 Pellet Comfort air &#8211; 2012, Vivo 80 Pellet Hydro <\/p>","protected":false},"excerpt":{"rendered":"<hr ->\n<p>Compatible avec le code MCZ original <strong>Codice 41451205000<-strong><\/p>","protected":false},"featured_media":17207,"template":"","meta":[],"product_brand":[],"product_cat":[1520,1521,1663,1522,1243,1244,1245,1248,1664,1665,1500,1666,1667,1501,1502,1503,1504,1258,1259,1668,1261,1212,1695,1263,1266,1671,1672,1508,1673,1674,1271,1272,1675,1676,1698,1620,1273,1699,1678,1679,1641,1642,1643,1274,1275,1700,1681,1509,1510,1511,1512,1280,1283,1683,1684,1513,1685,1686,1288,1289,1290,1291,1529,1292,1293,1657],"product_tag":[],"class_list":{"0":"post-17336","1":"product","2":"type-product","3":"status-publish","4":"has-post-thumbnail","6":"product_cat-antares","7":"product_cat-astra","8":"product_cat-athos-multi-air","9":"product_cat-aurora","10":"product_cat-boxtherm-60-pellet","11":"product_cat-boxtherm-70-pellet","12":"product_cat-club-air","13":"product_cat-club-comfort-air","14":"product_cat-club-hydro-15-kw","15":"product_cat-club-hydro-15-kw-high-efficiency","16":"product_cat-club-hydro-15-kw-ver-2009-cod-7109007","17":"product_cat-club-hydro-22-kw","18":"product_cat-club-hydro-22-kw-high-efficiency","19":"product_cat-ego-air","20":"product_cat-ego-comfort-air","21":"product_cat-ego-hydro","22":"product_cat-ego-hydro-high-efficieny","23":"product_cat-flair","24":"product_cat-flat","25":"product_cat-gea","26":"product_cat-kama","27":"product_cat-mcz-ricambi-per-stufe-termostufe-e-caldaie-a-pellet-mcz","28":"product_cat-modulo-pellet","29":"product_cat-musa-air","30":"product_cat-musa-comfort-air","31":"product_cat-musa-hydro-15-kw","32":"product_cat-musa-hydro-15-kw-high-efficiency","33":"product_cat-musa-hydro-15-kw-ver-2009-cod-7109008","34":"product_cat-musa-hydro-22-kw","35":"product_cat-musa-hydro-22-kw-high-efficiency","36":"product_cat-nasik","37":"product_cat-nima","38":"product_cat-nova-air","39":"product_cat-nova-multi-air","40":"product_cat-omega","41":"product_cat-panorama","42":"product_cat-philo","43":"product_cat-planet","44":"product_cat-polar-air","45":"product_cat-polar-multi-air","46":"product_cat-powerbox-compact","47":"product_cat-powerbox-link","48":"product_cat-powersystem","49":"product_cat-powertherm","50":"product_cat-sagar","51":"product_cat-saturn","52":"product_cat-solar","53":"product_cat-star-air","54":"product_cat-star-comfort-air","55":"product_cat-star-hydro","56":"product_cat-star-hydro-high-efficieny","57":"product_cat-suite-air","58":"product_cat-suite-comfort-air","59":"product_cat-suite-hydro-15-kw","60":"product_cat-suite-hydro-15-kw-high-efficiency","61":"product_cat-suite-hydro-15-kw-ver-2009-cod-7109007","62":"product_cat-suite-hydro-22-kw","63":"product_cat-suite-hydro-22-kw-high-efficiency","64":"product_cat-toba-air","65":"product_cat-toba-comfort-air","66":"product_cat-tube","67":"product_cat-tube-2013","68":"product_cat-vega","69":"product_cat-vivo-80-pellet","70":"product_cat-vivo-80-pellet-comfort-air-2012","71":"product_cat-vivo-80-pellet-hydro","72":"product_shipping_class-classe-di-spedizione-01","74":"first","75":"instock","76":"taxable","77":"shipping-taxable","78":"purchasable","79":"product-type-simple"},"yoast_head":"<!-- This site is optimized with the Yoast SEO plugin v26.3 - https:\/\/yoast.com\/wordpress\/plugins\/seo\/ -->\n<title>Sensore aria per stufe e termostufe a pellet MCZ compatibile con il Codice 41451205000 - Mack4Season<\/title>\n<meta name=\"robots\" content=\"index, follow, max-snippet:-1, max-image-preview:large, max-video-preview:-1\" \/>\n<link rel=\"canonical\" href=\"https:\/\/mack4seasons.com\/fr\/negozio\/mcz-ricambi-per-stufe-termostufe-e-caldaie-a-pellet-mcz\/stufe-a-pellet-mcz\/boxtherm-60-pellet\/sensore-aria-per-stufe-e-termostufe-a-pellet-mcz-compatibile-con-il-codice-41451205000\/\" \/>\n<meta property=\"og:locale\" content=\"fr_FR\" \/>\n<meta property=\"og:type\" content=\"article\" \/>\n<meta property=\"og:title\" content=\"Sensore aria per stufe e termostufe a pellet MCZ compatibile con il Codice 41451205000 - Mack4Season\" \/>\n<meta property=\"og:description\" content=\"Compatibile con il codice originale MCZ Codice 41451205000\" \/>\n<meta property=\"og:url\" content=\"https:\/\/mack4seasons.com\/fr\/negozio\/mcz-ricambi-per-stufe-termostufe-e-caldaie-a-pellet-mcz\/stufe-a-pellet-mcz\/boxtherm-60-pellet\/sensore-aria-per-stufe-e-termostufe-a-pellet-mcz-compatibile-con-il-codice-41451205000\/\" \/>\n<meta property=\"og:site_name\" content=\"Mack4Season\" \/>\n<meta property=\"article:publisher\" content=\"https:\/\/www.facebook.com\/profile.php?id=100075990468585\" \/>\n<meta property=\"article:modified_time\" content=\"2023-02-02T08:15:11+00:00\" \/>\n<meta property=\"og:image\" content=\"https:\/\/mack4seasons.com\/wp-content\/uploads\/2023\/01\/Sensore-aria-per-stufe-e-termostufe-a-pellet-MCZ-compatibile-con-il-Codice-41451205000.jpg\" \/>\n\t<meta property=\"og:image:width\" content=\"960\" \/>\n\t<meta property=\"og:image:height\" content=\"960\" \/>\n\t<meta property=\"og:image:type\" content=\"image\/jpeg\" \/>\n<meta name=\"twitter:card\" content=\"summary_large_image\" \/>\n<meta name=\"twitter:label1\" content=\"Dur\u00e9e de lecture estim\u00e9e\" \/>\n\t<meta name=\"twitter:data1\" content=\"1 minute\" \/>\n<script type=\"application\/ld+json\" class=\"yoast-schema-graph\">{\"@context\":\"https:\/\/schema.org\",\"@graph\":[{\"@type\":\"WebPage\",\"@id\":\"https:\/\/mack4seasons.com\/negozio\/mcz-ricambi-per-stufe-termostufe-e-caldaie-a-pellet-mcz\/stufe-a-pellet-mcz\/boxtherm-60-pellet\/sensore-aria-per-stufe-e-termostufe-a-pellet-mcz-compatibile-con-il-codice-41451205000\/\",\"url\":\"https:\/\/mack4seasons.com\/negozio\/mcz-ricambi-per-stufe-termostufe-e-caldaie-a-pellet-mcz\/stufe-a-pellet-mcz\/boxtherm-60-pellet\/sensore-aria-per-stufe-e-termostufe-a-pellet-mcz-compatibile-con-il-codice-41451205000\/\",\"name\":\"Sensore aria per stufe e termostufe a pellet MCZ compatibile con il Codice 41451205000 - Mack4Season\",\"isPartOf\":{\"@id\":\"https:\/\/mack4seasons.com\/#website\"},\"primaryImageOfPage\":{\"@id\":\"https:\/\/mack4seasons.com\/negozio\/mcz-ricambi-per-stufe-termostufe-e-caldaie-a-pellet-mcz\/stufe-a-pellet-mcz\/boxtherm-60-pellet\/sensore-aria-per-stufe-e-termostufe-a-pellet-mcz-compatibile-con-il-codice-41451205000\/#primaryimage\"},\"image\":{\"@id\":\"https:\/\/mack4seasons.com\/negozio\/mcz-ricambi-per-stufe-termostufe-e-caldaie-a-pellet-mcz\/stufe-a-pellet-mcz\/boxtherm-60-pellet\/sensore-aria-per-stufe-e-termostufe-a-pellet-mcz-compatibile-con-il-codice-41451205000\/#primaryimage\"},\"thumbnailUrl\":\"https:\/\/mack4seasons.com\/wp-content\/uploads\/2023\/01\/Sensore-aria-per-stufe-e-termostufe-a-pellet-MCZ-compatibile-con-il-Codice-41451205000.jpg\",\"datePublished\":\"2020-10-01T00:00:00+00:00\",\"dateModified\":\"2023-02-02T08:15:11+00:00\",\"breadcrumb\":{\"@id\":\"https:\/\/mack4seasons.com\/negozio\/mcz-ricambi-per-stufe-termostufe-e-caldaie-a-pellet-mcz\/stufe-a-pellet-mcz\/boxtherm-60-pellet\/sensore-aria-per-stufe-e-termostufe-a-pellet-mcz-compatibile-con-il-codice-41451205000\/#breadcrumb\"},\"inLanguage\":\"fr-FR\",\"potentialAction\":[{\"@type\":\"ReadAction\",\"target\":[\"https:\/\/mack4seasons.com\/negozio\/mcz-ricambi-per-stufe-termostufe-e-caldaie-a-pellet-mcz\/stufe-a-pellet-mcz\/boxtherm-60-pellet\/sensore-aria-per-stufe-e-termostufe-a-pellet-mcz-compatibile-con-il-codice-41451205000\/\"]}]},{\"@type\":\"ImageObject\",\"inLanguage\":\"fr-FR\",\"@id\":\"https:\/\/mack4seasons.com\/negozio\/mcz-ricambi-per-stufe-termostufe-e-caldaie-a-pellet-mcz\/stufe-a-pellet-mcz\/boxtherm-60-pellet\/sensore-aria-per-stufe-e-termostufe-a-pellet-mcz-compatibile-con-il-codice-41451205000\/#primaryimage\",\"url\":\"https:\/\/mack4seasons.com\/wp-content\/uploads\/2023\/01\/Sensore-aria-per-stufe-e-termostufe-a-pellet-MCZ-compatibile-con-il-Codice-41451205000.jpg\",\"contentUrl\":\"https:\/\/mack4seasons.com\/wp-content\/uploads\/2023\/01\/Sensore-aria-per-stufe-e-termostufe-a-pellet-MCZ-compatibile-con-il-Codice-41451205000.jpg\",\"width\":960,\"height\":960},{\"@type\":\"BreadcrumbList\",\"@id\":\"https:\/\/mack4seasons.com\/negozio\/mcz-ricambi-per-stufe-termostufe-e-caldaie-a-pellet-mcz\/stufe-a-pellet-mcz\/boxtherm-60-pellet\/sensore-aria-per-stufe-e-termostufe-a-pellet-mcz-compatibile-con-il-codice-41451205000\/#breadcrumb\",\"itemListElement\":[{\"@type\":\"ListItem\",\"position\":1,\"name\":\"Home\",\"item\":\"https:\/\/mack4seasons.com\/ricambi-accessori-stufe-e-caldaie-pellet\/\"},{\"@type\":\"ListItem\",\"position\":2,\"name\":\"Shop\",\"item\":\"https:\/\/mack4seasons.com\/negozio\/\"},{\"@type\":\"ListItem\",\"position\":3,\"name\":\"Sensore aria per stufe e termostufe a pellet MCZ compatibile con il Codice 41451205000\"}]},{\"@type\":\"WebSite\",\"@id\":\"https:\/\/mack4seasons.com\/#website\",\"url\":\"https:\/\/mack4seasons.com\/\",\"name\":\"Mack4Season\",\"description\":\"Per il comfort termico della tua casa\",\"publisher\":{\"@id\":\"https:\/\/mack4seasons.com\/#organization\"},\"potentialAction\":[{\"@type\":\"SearchAction\",\"target\":{\"@type\":\"EntryPoint\",\"urlTemplate\":\"https:\/\/mack4seasons.com\/?s={search_term_string}\"},\"query-input\":{\"@type\":\"PropertyValueSpecification\",\"valueRequired\":true,\"valueName\":\"search_term_string\"}}],\"inLanguage\":\"fr-FR\"},{\"@type\":\"Organization\",\"@id\":\"https:\/\/mack4seasons.com\/#organization\",\"name\":\"Mack4Season\",\"url\":\"https:\/\/mack4seasons.com\/\",\"logo\":{\"@type\":\"ImageObject\",\"inLanguage\":\"fr-FR\",\"@id\":\"https:\/\/mack4seasons.com\/#\/schema\/logo\/image\/\",\"url\":\"https:\/\/mack4seasons.com\/wp-content\/uploads\/2021\/06\/w-MACK-logo-pantone-02A19E.png\",\"contentUrl\":\"https:\/\/mack4seasons.com\/wp-content\/uploads\/2021\/06\/w-MACK-logo-pantone-02A19E.png\",\"width\":809,\"height\":425,\"caption\":\"Mack4Season\"},\"image\":{\"@id\":\"https:\/\/mack4seasons.com\/#\/schema\/logo\/image\/\"},\"sameAs\":[\"https:\/\/www.facebook.com\/profile.php?id=100075990468585\"]}]}<\/script>\n<!-- \/ Yoast SEO plugin. -->","yoast_head_json":{"title":"Sensore aria per stufe e termostufe a pellet MCZ compatibile con il Codice 41451205000 - Mack4Season","robots":{"index":"index","follow":"follow","max-snippet":"max-snippet:-1","max-image-preview":"max-image-preview:large","max-video-preview":"max-video-preview:-1"},"canonical":"https:\/\/mack4seasons.com\/fr\/negozio\/mcz-ricambi-per-stufe-termostufe-e-caldaie-a-pellet-mcz\/stufe-a-pellet-mcz\/boxtherm-60-pellet\/sensore-aria-per-stufe-e-termostufe-a-pellet-mcz-compatibile-con-il-codice-41451205000\/","og_locale":"fr_FR","og_type":"article","og_title":"Sensore aria per stufe e termostufe a pellet MCZ compatibile con il Codice 41451205000 - Mack4Season","og_description":"Compatibile con il codice originale MCZ Codice 41451205000","og_url":"https:\/\/mack4seasons.com\/fr\/negozio\/mcz-ricambi-per-stufe-termostufe-e-caldaie-a-pellet-mcz\/stufe-a-pellet-mcz\/boxtherm-60-pellet\/sensore-aria-per-stufe-e-termostufe-a-pellet-mcz-compatibile-con-il-codice-41451205000\/","og_site_name":"Mack4Season","article_publisher":"https:\/\/www.facebook.com\/profile.php?id=100075990468585","article_modified_time":"2023-02-02T08:15:11+00:00","og_image":[{"width":960,"height":960,"url":"https:\/\/mack4seasons.com\/wp-content\/uploads\/2023\/01\/Sensore-aria-per-stufe-e-termostufe-a-pellet-MCZ-compatibile-con-il-Codice-41451205000.jpg","type":"image\/jpeg"}],"twitter_card":"summary_large_image","twitter_misc":{"Dur\u00e9e de lecture estim\u00e9e":"1 minute"},"schema":{"@context":"https:\/\/schema.org","@graph":[{"@type":"WebPage","@id":"https:\/\/mack4seasons.com\/negozio\/mcz-ricambi-per-stufe-termostufe-e-caldaie-a-pellet-mcz\/stufe-a-pellet-mcz\/boxtherm-60-pellet\/sensore-aria-per-stufe-e-termostufe-a-pellet-mcz-compatibile-con-il-codice-41451205000\/","url":"https:\/\/mack4seasons.com\/negozio\/mcz-ricambi-per-stufe-termostufe-e-caldaie-a-pellet-mcz\/stufe-a-pellet-mcz\/boxtherm-60-pellet\/sensore-aria-per-stufe-e-termostufe-a-pellet-mcz-compatibile-con-il-codice-41451205000\/","name":"Sensore aria per stufe e termostufe a pellet MCZ compatibile con il Codice 41451205000 - Mack4Season","isPartOf":{"@id":"https:\/\/mack4seasons.com\/#website"},"primaryImageOfPage":{"@id":"https:\/\/mack4seasons.com\/negozio\/mcz-ricambi-per-stufe-termostufe-e-caldaie-a-pellet-mcz\/stufe-a-pellet-mcz\/boxtherm-60-pellet\/sensore-aria-per-stufe-e-termostufe-a-pellet-mcz-compatibile-con-il-codice-41451205000\/#primaryimage"},"image":{"@id":"https:\/\/mack4seasons.com\/negozio\/mcz-ricambi-per-stufe-termostufe-e-caldaie-a-pellet-mcz\/stufe-a-pellet-mcz\/boxtherm-60-pellet\/sensore-aria-per-stufe-e-termostufe-a-pellet-mcz-compatibile-con-il-codice-41451205000\/#primaryimage"},"thumbnailUrl":"https:\/\/mack4seasons.com\/wp-content\/uploads\/2023\/01\/Sensore-aria-per-stufe-e-termostufe-a-pellet-MCZ-compatibile-con-il-Codice-41451205000.jpg","datePublished":"2020-10-01T00:00:00+00:00","dateModified":"2023-02-02T08:15:11+00:00","breadcrumb":{"@id":"https:\/\/mack4seasons.com\/negozio\/mcz-ricambi-per-stufe-termostufe-e-caldaie-a-pellet-mcz\/stufe-a-pellet-mcz\/boxtherm-60-pellet\/sensore-aria-per-stufe-e-termostufe-a-pellet-mcz-compatibile-con-il-codice-41451205000\/#breadcrumb"},"inLanguage":"fr-FR","potentialAction":[{"@type":"ReadAction","target":["https:\/\/mack4seasons.com\/negozio\/mcz-ricambi-per-stufe-termostufe-e-caldaie-a-pellet-mcz\/stufe-a-pellet-mcz\/boxtherm-60-pellet\/sensore-aria-per-stufe-e-termostufe-a-pellet-mcz-compatibile-con-il-codice-41451205000\/"]}]},{"@type":"ImageObject","inLanguage":"fr-FR","@id":"https:\/\/mack4seasons.com\/negozio\/mcz-ricambi-per-stufe-termostufe-e-caldaie-a-pellet-mcz\/stufe-a-pellet-mcz\/boxtherm-60-pellet\/sensore-aria-per-stufe-e-termostufe-a-pellet-mcz-compatibile-con-il-codice-41451205000\/#primaryimage","url":"https:\/\/mack4seasons.com\/wp-content\/uploads\/2023\/01\/Sensore-aria-per-stufe-e-termostufe-a-pellet-MCZ-compatibile-con-il-Codice-41451205000.jpg","contentUrl":"https:\/\/mack4seasons.com\/wp-content\/uploads\/2023\/01\/Sensore-aria-per-stufe-e-termostufe-a-pellet-MCZ-compatibile-con-il-Codice-41451205000.jpg","width":960,"height":960},{"@type":"BreadcrumbList","@id":"https:\/\/mack4seasons.com\/negozio\/mcz-ricambi-per-stufe-termostufe-e-caldaie-a-pellet-mcz\/stufe-a-pellet-mcz\/boxtherm-60-pellet\/sensore-aria-per-stufe-e-termostufe-a-pellet-mcz-compatibile-con-il-codice-41451205000\/#breadcrumb","itemListElement":[{"@type":"ListItem","position":1,"name":"Home","item":"https:\/\/mack4seasons.com\/ricambi-accessori-stufe-e-caldaie-pellet\/"},{"@type":"ListItem","position":2,"name":"Shop","item":"https:\/\/mack4seasons.com\/negozio\/"},{"@type":"ListItem","position":3,"name":"Sensore aria per stufe e termostufe a pellet MCZ compatibile con il Codice 41451205000"}]},{"@type":"WebSite","@id":"https:\/\/mack4seasons.com\/#website","url":"https:\/\/mack4seasons.com\/","name":"Mack4Season","description":"Pour le confort thermique de votre maison","publisher":{"@id":"https:\/\/mack4seasons.com\/#organization"},"potentialAction":[{"@type":"SearchAction","target":{"@type":"EntryPoint","urlTemplate":"https:\/\/mack4seasons.com\/?s={search_term_string}"},"query-input":{"@type":"PropertyValueSpecification","valueRequired":true,"valueName":"search_term_string"}}],"inLanguage":"fr-FR"},{"@type":"Organization","@id":"https:\/\/mack4seasons.com\/#organization","name":"Mack4Season","url":"https:\/\/mack4seasons.com\/","logo":{"@type":"ImageObject","inLanguage":"fr-FR","@id":"https:\/\/mack4seasons.com\/#\/schema\/logo\/image\/","url":"https:\/\/mack4seasons.com\/wp-content\/uploads\/2021\/06\/w-MACK-logo-pantone-02A19E.png","contentUrl":"https:\/\/mack4seasons.com\/wp-content\/uploads\/2021\/06\/w-MACK-logo-pantone-02A19E.png","width":809,"height":425,"caption":"Mack4Season"},"image":{"@id":"https:\/\/mack4seasons.com\/#\/schema\/logo\/image\/"},"sameAs":["https:\/\/www.facebook.com\/profile.php?id=100075990468585"]}]}},"_links":{"self":[{"href":"https:\/\/mack4seasons.com\/fr\/wp-json\/wp\/v2\/product\/17336","targetHints":{"allow":["GET"]}}],"collection":[{"href":"https:\/\/mack4seasons.com\/fr\/wp-json\/wp\/v2\/product"}],"about":[{"href":"https:\/\/mack4seasons.com\/fr\/wp-json\/wp\/v2\/types\/product"}],"wp:featuredmedia":[{"embeddable":true,"href":"https:\/\/mack4seasons.com\/fr\/wp-json\/wp\/v2\/media\/17207"}],"wp:attachment":[{"href":"https:\/\/mack4seasons.com\/fr\/wp-json\/wp\/v2\/media?parent=17336"}],"wp:term":[{"taxonomy":"product_brand","embeddable":true,"href":"https:\/\/mack4seasons.com\/fr\/wp-json\/wp\/v2\/product_brand?post=17336"},{"taxonomy":"product_cat","embeddable":true,"href":"https:\/\/mack4seasons.com\/fr\/wp-json\/wp\/v2\/product_cat?post=17336"},{"taxonomy":"product_tag","embeddable":true,"href":"https:\/\/mack4seasons.com\/fr\/wp-json\/wp\/v2\/product_tag?post=17336"}],"curies":[{"name":"wp","href":"https:\/\/api.w.org\/{rel}","templated":true}]}}