{"id":17321,"date":"2020-10-01T00:00:00","date_gmt":"2020-10-01T00:00:00","guid":{"rendered":"https:\/\/mack4seasons.com\/?post_type=product&#038;p=17321"},"modified":"2023-02-02T08:14:21","modified_gmt":"2023-02-02T08:14:21","slug":"motoriduttore-per-stufe-e-termostufe-a-pellet-mcz-compatibile-con-il-codice-41451503100","status":"publish","type":"product","link":"https:\/\/mack4seasons.com\/fr\/negozio\/mcz-ricambi-per-stufe-termostufe-e-caldaie-a-pellet-mcz\/stufe-a-pellet-mcz\/aike-air-oyster\/motoriduttore-per-stufe-e-termostufe-a-pellet-mcz-compatibile-con-il-codice-41451503100\/","title":{"rendered":"Motor\u00e9ducteur pour po\u00eales \u00e0 granul\u00e9s MCZ compatible avec le code 41451503100"},"content":{"rendered":"<hr ->\n<h2>Motor\u00e9ducteur pour po\u00eale \u00e0 granul\u00e9s MCZ<-h2><br \/>\nCompatibile con il Codice 41451503100<br \/>\n<strong> Pour les mod\u00e8les de po\u00eales \u00e0 pellets MCZ suivants : <-strong>Aike Comfort air 2016, Berg, Berg Maestro, Berg Maestro, Club Air &#8211; 2016, Club Air &#8211; 2016 Up!, Club Comfort air &#8211; 2016, Club Comfort air &#8211; 2016 Up!, Club Comfort air 14 &#8211; 2016, Club Comfort air 14 &#8211; 2016 Up!,<br \/>\nCurve, Curve Comfort air Maestro, Curve Comfort air Maestro, Doc Comfort air, Ego Air &#8211; 2016, Ego Air &#8211; 2016 Up!, Ego Comfort air &#8211; 2016, Ego Comfort air &#8211; 2016 Up!, Ego Hydro matic  12, Halo, Halo Maestro, Halo Maestro, Halo Up!, Halo Up!, Klin &#8211; 2016, Linea Comfort air,<br \/>\nMaggie Comfort air 10 S1 &#8211; Easy Connect, Mood, Mood Comfort air Maestro, Mood Comfort air Maestro, Musa Air &#8211; 2016, Musa Air &#8211; 2016 Up!, Musa Comfort air &#8211; 2016, Musa Comfort air &#8211; 2016 Up!, Musa Comfort air 14 &#8211; 2016, Musa Comfort air 14 &#8211; 2016 Up!, Raam Comfort air 8 S1 &#8211; Easy Connect, Raam Comfort air 8 S1 from S-N 2110080060021, Raam Comfort air 8 S1 until S-N 2003100060010, Raam Comfort air 8 Up! S1 from S-N 2110190060023, Raam Comfort air 8 Up! S1 UF &#8211; Easy Connect, Raam Comfort air 8 Up! S1 until S-N 1906100060012, Raam Comfort air 8 X-Up! S1, Star Air &#8211; 2016, Star Air &#8211; 2016 Up!, Star Comfort air &#8211; 2016, Star Comfort air &#8211; 2016 Up!, Star Hydro matic  12, Suite Air &#8211; 2016, Suite Air &#8211; 2016 Up!, Suite Comfort air &#8211; 2016, Suite Comfort air &#8211; 2016 Up!, Suite Comfort air 14 &#8211; 2016, Suite Comfort air 14 &#8211; 2016 Up!, Tilda &#8211; 2016, <\/p>","protected":false},"excerpt":{"rendered":"<hr ->\n<p>Compatible avec le code MCZ original <strong>Codice 41451503100 <-strong><\/p>","protected":false},"featured_media":17189,"template":"","meta":[],"product_brand":[],"product_cat":[1214,1295,1242,1298,1246,1247,1249,1250,1251,1252,1253,1446,1322,1254,1255,1256,1257,1403,1260,1339,1340,1343,1346,1544,1212,623,1351,1264,1265,1267,1268,1269,1270,1416,1417,1418,1419,1420,1421,1422,1276,1277,1278,1279,1407,1281,1282,1284,1285,1286,1287,1393],"product_tag":[],"class_list":{"0":"post-17321","1":"product","2":"type-product","3":"status-publish","4":"has-post-thumbnail","6":"product_cat-aike-air-oyster","7":"product_cat-aike-comfort-air-2016","8":"product_cat-berg","9":"product_cat-berg-maestro","10":"product_cat-club-air-2016","11":"product_cat-club-air-2016-up","12":"product_cat-club-comfort-air-2016","13":"product_cat-club-comfort-air-2016-up","14":"product_cat-club-comfort-air-14-2016","15":"product_cat-club-comfort-air-14-2016-up","16":"product_cat-curve","17":"product_cat-curve-comfort-air-maestro","18":"product_cat-doc-comfort-air","19":"product_cat-ego-air-2016","20":"product_cat-ego-air-2016-up","21":"product_cat-ego-comfort-air-2016","22":"product_cat-ego-comfort-air-2016-up","23":"product_cat-ego-hydro-matic-12","24":"product_cat-halo","25":"product_cat-halo-maestro","26":"product_cat-halo-up","27":"product_cat-klin-2016","28":"product_cat-linea-comfort-air","29":"product_cat-maggie-comfort-air-10-s1-easy-connect","30":"product_cat-mcz-ricambi-per-stufe-termostufe-e-caldaie-a-pellet-mcz","31":"product_cat-mood","32":"product_cat-mood-comfort-air-maestro","33":"product_cat-musa-air-2016","34":"product_cat-musa-air-2016-up","35":"product_cat-musa-comfort-air-2016","36":"product_cat-musa-comfort-air-2016-up","37":"product_cat-musa-comfort-air-14-2016","38":"product_cat-musa-comfort-air-14-2016-up","39":"product_cat-raam-comfort-air-8-s1-easy-connect","40":"product_cat-raam-comfort-air-8-s1-from-s-n-2110080060021","41":"product_cat-raam-comfort-air-8-s1-until-s-n-2003100060010","42":"product_cat-raam-comfort-air-8-up-s1-from-s-n-2110190060023","43":"product_cat-raam-comfort-air-8-up-s1-uf-easy-connect","44":"product_cat-raam-comfort-air-8-up-s1-until-s-n-1906100060012","45":"product_cat-raam-comfort-air-8-x-up-s1","46":"product_cat-star-air-2016","47":"product_cat-star-air-2016-up","48":"product_cat-star-comfort-air-2016","49":"product_cat-star-comfort-air-2016-up","50":"product_cat-star-hydro-matic-12","51":"product_cat-suite-air-2016","52":"product_cat-suite-air-2016-up","53":"product_cat-suite-comfort-air-2016","54":"product_cat-suite-comfort-air-2016-up","55":"product_cat-suite-comfort-air-14-2016","56":"product_cat-suite-comfort-air-14-2016-up","57":"product_cat-tilda-2016","58":"product_shipping_class-classe-di-spedizione-01","60":"first","61":"instock","62":"taxable","63":"shipping-taxable","64":"purchasable","65":"product-type-simple"},"yoast_head":"<!-- This site is optimized with the Yoast SEO plugin v26.3 - https:\/\/yoast.com\/wordpress\/plugins\/seo\/ -->\n<title>Motoriduttore per stufe e termostufe a pellet MCZ compatibile con il Codice 41451503100 - Mack4Season<\/title>\n<meta name=\"robots\" content=\"index, follow, max-snippet:-1, max-image-preview:large, max-video-preview:-1\" \/>\n<link rel=\"canonical\" href=\"https:\/\/mack4seasons.com\/fr\/negozio\/mcz-ricambi-per-stufe-termostufe-e-caldaie-a-pellet-mcz\/stufe-a-pellet-mcz\/aike-air-oyster\/motoriduttore-per-stufe-e-termostufe-a-pellet-mcz-compatibile-con-il-codice-41451503100\/\" \/>\n<meta property=\"og:locale\" content=\"fr_FR\" \/>\n<meta property=\"og:type\" content=\"article\" \/>\n<meta property=\"og:title\" content=\"Motoriduttore per stufe e termostufe a pellet MCZ compatibile con il Codice 41451503100 - Mack4Season\" \/>\n<meta property=\"og:description\" content=\"Compatibile con il codice originale MCZ Codice 41451503100\" \/>\n<meta property=\"og:url\" content=\"https:\/\/mack4seasons.com\/fr\/negozio\/mcz-ricambi-per-stufe-termostufe-e-caldaie-a-pellet-mcz\/stufe-a-pellet-mcz\/aike-air-oyster\/motoriduttore-per-stufe-e-termostufe-a-pellet-mcz-compatibile-con-il-codice-41451503100\/\" \/>\n<meta property=\"og:site_name\" content=\"Mack4Season\" \/>\n<meta property=\"article:publisher\" content=\"https:\/\/www.facebook.com\/profile.php?id=100075990468585\" \/>\n<meta property=\"article:modified_time\" content=\"2023-02-02T08:14:21+00:00\" \/>\n<meta property=\"og:image\" content=\"https:\/\/mack4seasons.com\/wp-content\/uploads\/2023\/01\/Motoriduttore-per-stufe-e-termostufe-a-pellet-MCZ-compatibile-con-il-Codice-41451503100.jpg\" \/>\n\t<meta property=\"og:image:width\" content=\"960\" \/>\n\t<meta property=\"og:image:height\" content=\"960\" \/>\n\t<meta property=\"og:image:type\" content=\"image\/jpeg\" \/>\n<meta name=\"twitter:card\" content=\"summary_large_image\" \/>\n<meta name=\"twitter:label1\" content=\"Dur\u00e9e de lecture estim\u00e9e\" \/>\n\t<meta name=\"twitter:data1\" content=\"1 minute\" \/>\n<script type=\"application\/ld+json\" class=\"yoast-schema-graph\">{\"@context\":\"https:\/\/schema.org\",\"@graph\":[{\"@type\":\"WebPage\",\"@id\":\"https:\/\/mack4seasons.com\/negozio\/mcz-ricambi-per-stufe-termostufe-e-caldaie-a-pellet-mcz\/stufe-a-pellet-mcz\/aike-air-oyster\/motoriduttore-per-stufe-e-termostufe-a-pellet-mcz-compatibile-con-il-codice-41451503100\/\",\"url\":\"https:\/\/mack4seasons.com\/negozio\/mcz-ricambi-per-stufe-termostufe-e-caldaie-a-pellet-mcz\/stufe-a-pellet-mcz\/aike-air-oyster\/motoriduttore-per-stufe-e-termostufe-a-pellet-mcz-compatibile-con-il-codice-41451503100\/\",\"name\":\"Motoriduttore per stufe e termostufe a pellet MCZ compatibile con il Codice 41451503100 - Mack4Season\",\"isPartOf\":{\"@id\":\"https:\/\/mack4seasons.com\/#website\"},\"primaryImageOfPage\":{\"@id\":\"https:\/\/mack4seasons.com\/negozio\/mcz-ricambi-per-stufe-termostufe-e-caldaie-a-pellet-mcz\/stufe-a-pellet-mcz\/aike-air-oyster\/motoriduttore-per-stufe-e-termostufe-a-pellet-mcz-compatibile-con-il-codice-41451503100\/#primaryimage\"},\"image\":{\"@id\":\"https:\/\/mack4seasons.com\/negozio\/mcz-ricambi-per-stufe-termostufe-e-caldaie-a-pellet-mcz\/stufe-a-pellet-mcz\/aike-air-oyster\/motoriduttore-per-stufe-e-termostufe-a-pellet-mcz-compatibile-con-il-codice-41451503100\/#primaryimage\"},\"thumbnailUrl\":\"https:\/\/mack4seasons.com\/wp-content\/uploads\/2023\/01\/Motoriduttore-per-stufe-e-termostufe-a-pellet-MCZ-compatibile-con-il-Codice-41451503100.jpg\",\"datePublished\":\"2020-10-01T00:00:00+00:00\",\"dateModified\":\"2023-02-02T08:14:21+00:00\",\"breadcrumb\":{\"@id\":\"https:\/\/mack4seasons.com\/negozio\/mcz-ricambi-per-stufe-termostufe-e-caldaie-a-pellet-mcz\/stufe-a-pellet-mcz\/aike-air-oyster\/motoriduttore-per-stufe-e-termostufe-a-pellet-mcz-compatibile-con-il-codice-41451503100\/#breadcrumb\"},\"inLanguage\":\"fr-FR\",\"potentialAction\":[{\"@type\":\"ReadAction\",\"target\":[\"https:\/\/mack4seasons.com\/negozio\/mcz-ricambi-per-stufe-termostufe-e-caldaie-a-pellet-mcz\/stufe-a-pellet-mcz\/aike-air-oyster\/motoriduttore-per-stufe-e-termostufe-a-pellet-mcz-compatibile-con-il-codice-41451503100\/\"]}]},{\"@type\":\"ImageObject\",\"inLanguage\":\"fr-FR\",\"@id\":\"https:\/\/mack4seasons.com\/negozio\/mcz-ricambi-per-stufe-termostufe-e-caldaie-a-pellet-mcz\/stufe-a-pellet-mcz\/aike-air-oyster\/motoriduttore-per-stufe-e-termostufe-a-pellet-mcz-compatibile-con-il-codice-41451503100\/#primaryimage\",\"url\":\"https:\/\/mack4seasons.com\/wp-content\/uploads\/2023\/01\/Motoriduttore-per-stufe-e-termostufe-a-pellet-MCZ-compatibile-con-il-Codice-41451503100.jpg\",\"contentUrl\":\"https:\/\/mack4seasons.com\/wp-content\/uploads\/2023\/01\/Motoriduttore-per-stufe-e-termostufe-a-pellet-MCZ-compatibile-con-il-Codice-41451503100.jpg\",\"width\":960,\"height\":960},{\"@type\":\"BreadcrumbList\",\"@id\":\"https:\/\/mack4seasons.com\/negozio\/mcz-ricambi-per-stufe-termostufe-e-caldaie-a-pellet-mcz\/stufe-a-pellet-mcz\/aike-air-oyster\/motoriduttore-per-stufe-e-termostufe-a-pellet-mcz-compatibile-con-il-codice-41451503100\/#breadcrumb\",\"itemListElement\":[{\"@type\":\"ListItem\",\"position\":1,\"name\":\"Home\",\"item\":\"https:\/\/mack4seasons.com\/ricambi-accessori-stufe-e-caldaie-pellet\/\"},{\"@type\":\"ListItem\",\"position\":2,\"name\":\"Shop\",\"item\":\"https:\/\/mack4seasons.com\/negozio\/\"},{\"@type\":\"ListItem\",\"position\":3,\"name\":\"Motoriduttore per stufe e termostufe a pellet MCZ compatibile con il Codice 41451503100\"}]},{\"@type\":\"WebSite\",\"@id\":\"https:\/\/mack4seasons.com\/#website\",\"url\":\"https:\/\/mack4seasons.com\/\",\"name\":\"Mack4Season\",\"description\":\"Per il comfort termico della tua casa\",\"publisher\":{\"@id\":\"https:\/\/mack4seasons.com\/#organization\"},\"potentialAction\":[{\"@type\":\"SearchAction\",\"target\":{\"@type\":\"EntryPoint\",\"urlTemplate\":\"https:\/\/mack4seasons.com\/?s={search_term_string}\"},\"query-input\":{\"@type\":\"PropertyValueSpecification\",\"valueRequired\":true,\"valueName\":\"search_term_string\"}}],\"inLanguage\":\"fr-FR\"},{\"@type\":\"Organization\",\"@id\":\"https:\/\/mack4seasons.com\/#organization\",\"name\":\"Mack4Season\",\"url\":\"https:\/\/mack4seasons.com\/\",\"logo\":{\"@type\":\"ImageObject\",\"inLanguage\":\"fr-FR\",\"@id\":\"https:\/\/mack4seasons.com\/#\/schema\/logo\/image\/\",\"url\":\"https:\/\/mack4seasons.com\/wp-content\/uploads\/2021\/06\/w-MACK-logo-pantone-02A19E.png\",\"contentUrl\":\"https:\/\/mack4seasons.com\/wp-content\/uploads\/2021\/06\/w-MACK-logo-pantone-02A19E.png\",\"width\":809,\"height\":425,\"caption\":\"Mack4Season\"},\"image\":{\"@id\":\"https:\/\/mack4seasons.com\/#\/schema\/logo\/image\/\"},\"sameAs\":[\"https:\/\/www.facebook.com\/profile.php?id=100075990468585\"]}]}<\/script>\n<!-- \/ Yoast SEO plugin. -->","yoast_head_json":{"title":"Motoriduttore per stufe e termostufe a pellet MCZ compatibile con il Codice 41451503100 - Mack4Season","robots":{"index":"index","follow":"follow","max-snippet":"max-snippet:-1","max-image-preview":"max-image-preview:large","max-video-preview":"max-video-preview:-1"},"canonical":"https:\/\/mack4seasons.com\/fr\/negozio\/mcz-ricambi-per-stufe-termostufe-e-caldaie-a-pellet-mcz\/stufe-a-pellet-mcz\/aike-air-oyster\/motoriduttore-per-stufe-e-termostufe-a-pellet-mcz-compatibile-con-il-codice-41451503100\/","og_locale":"fr_FR","og_type":"article","og_title":"Motoriduttore per stufe e termostufe a pellet MCZ compatibile con il Codice 41451503100 - Mack4Season","og_description":"Compatibile con il codice originale MCZ Codice 41451503100","og_url":"https:\/\/mack4seasons.com\/fr\/negozio\/mcz-ricambi-per-stufe-termostufe-e-caldaie-a-pellet-mcz\/stufe-a-pellet-mcz\/aike-air-oyster\/motoriduttore-per-stufe-e-termostufe-a-pellet-mcz-compatibile-con-il-codice-41451503100\/","og_site_name":"Mack4Season","article_publisher":"https:\/\/www.facebook.com\/profile.php?id=100075990468585","article_modified_time":"2023-02-02T08:14:21+00:00","og_image":[{"width":960,"height":960,"url":"https:\/\/mack4seasons.com\/wp-content\/uploads\/2023\/01\/Motoriduttore-per-stufe-e-termostufe-a-pellet-MCZ-compatibile-con-il-Codice-41451503100.jpg","type":"image\/jpeg"}],"twitter_card":"summary_large_image","twitter_misc":{"Dur\u00e9e de lecture estim\u00e9e":"1 minute"},"schema":{"@context":"https:\/\/schema.org","@graph":[{"@type":"WebPage","@id":"https:\/\/mack4seasons.com\/negozio\/mcz-ricambi-per-stufe-termostufe-e-caldaie-a-pellet-mcz\/stufe-a-pellet-mcz\/aike-air-oyster\/motoriduttore-per-stufe-e-termostufe-a-pellet-mcz-compatibile-con-il-codice-41451503100\/","url":"https:\/\/mack4seasons.com\/negozio\/mcz-ricambi-per-stufe-termostufe-e-caldaie-a-pellet-mcz\/stufe-a-pellet-mcz\/aike-air-oyster\/motoriduttore-per-stufe-e-termostufe-a-pellet-mcz-compatibile-con-il-codice-41451503100\/","name":"Motoriduttore per stufe e termostufe a pellet MCZ compatibile con il Codice 41451503100 - Mack4Season","isPartOf":{"@id":"https:\/\/mack4seasons.com\/#website"},"primaryImageOfPage":{"@id":"https:\/\/mack4seasons.com\/negozio\/mcz-ricambi-per-stufe-termostufe-e-caldaie-a-pellet-mcz\/stufe-a-pellet-mcz\/aike-air-oyster\/motoriduttore-per-stufe-e-termostufe-a-pellet-mcz-compatibile-con-il-codice-41451503100\/#primaryimage"},"image":{"@id":"https:\/\/mack4seasons.com\/negozio\/mcz-ricambi-per-stufe-termostufe-e-caldaie-a-pellet-mcz\/stufe-a-pellet-mcz\/aike-air-oyster\/motoriduttore-per-stufe-e-termostufe-a-pellet-mcz-compatibile-con-il-codice-41451503100\/#primaryimage"},"thumbnailUrl":"https:\/\/mack4seasons.com\/wp-content\/uploads\/2023\/01\/Motoriduttore-per-stufe-e-termostufe-a-pellet-MCZ-compatibile-con-il-Codice-41451503100.jpg","datePublished":"2020-10-01T00:00:00+00:00","dateModified":"2023-02-02T08:14:21+00:00","breadcrumb":{"@id":"https:\/\/mack4seasons.com\/negozio\/mcz-ricambi-per-stufe-termostufe-e-caldaie-a-pellet-mcz\/stufe-a-pellet-mcz\/aike-air-oyster\/motoriduttore-per-stufe-e-termostufe-a-pellet-mcz-compatibile-con-il-codice-41451503100\/#breadcrumb"},"inLanguage":"fr-FR","potentialAction":[{"@type":"ReadAction","target":["https:\/\/mack4seasons.com\/negozio\/mcz-ricambi-per-stufe-termostufe-e-caldaie-a-pellet-mcz\/stufe-a-pellet-mcz\/aike-air-oyster\/motoriduttore-per-stufe-e-termostufe-a-pellet-mcz-compatibile-con-il-codice-41451503100\/"]}]},{"@type":"ImageObject","inLanguage":"fr-FR","@id":"https:\/\/mack4seasons.com\/negozio\/mcz-ricambi-per-stufe-termostufe-e-caldaie-a-pellet-mcz\/stufe-a-pellet-mcz\/aike-air-oyster\/motoriduttore-per-stufe-e-termostufe-a-pellet-mcz-compatibile-con-il-codice-41451503100\/#primaryimage","url":"https:\/\/mack4seasons.com\/wp-content\/uploads\/2023\/01\/Motoriduttore-per-stufe-e-termostufe-a-pellet-MCZ-compatibile-con-il-Codice-41451503100.jpg","contentUrl":"https:\/\/mack4seasons.com\/wp-content\/uploads\/2023\/01\/Motoriduttore-per-stufe-e-termostufe-a-pellet-MCZ-compatibile-con-il-Codice-41451503100.jpg","width":960,"height":960},{"@type":"BreadcrumbList","@id":"https:\/\/mack4seasons.com\/negozio\/mcz-ricambi-per-stufe-termostufe-e-caldaie-a-pellet-mcz\/stufe-a-pellet-mcz\/aike-air-oyster\/motoriduttore-per-stufe-e-termostufe-a-pellet-mcz-compatibile-con-il-codice-41451503100\/#breadcrumb","itemListElement":[{"@type":"ListItem","position":1,"name":"Home","item":"https:\/\/mack4seasons.com\/ricambi-accessori-stufe-e-caldaie-pellet\/"},{"@type":"ListItem","position":2,"name":"Shop","item":"https:\/\/mack4seasons.com\/negozio\/"},{"@type":"ListItem","position":3,"name":"Motoriduttore per stufe e termostufe a pellet MCZ compatibile con il Codice 41451503100"}]},{"@type":"WebSite","@id":"https:\/\/mack4seasons.com\/#website","url":"https:\/\/mack4seasons.com\/","name":"Mack4Season","description":"Pour le confort thermique de votre maison","publisher":{"@id":"https:\/\/mack4seasons.com\/#organization"},"potentialAction":[{"@type":"SearchAction","target":{"@type":"EntryPoint","urlTemplate":"https:\/\/mack4seasons.com\/?s={search_term_string}"},"query-input":{"@type":"PropertyValueSpecification","valueRequired":true,"valueName":"search_term_string"}}],"inLanguage":"fr-FR"},{"@type":"Organization","@id":"https:\/\/mack4seasons.com\/#organization","name":"Mack4Season","url":"https:\/\/mack4seasons.com\/","logo":{"@type":"ImageObject","inLanguage":"fr-FR","@id":"https:\/\/mack4seasons.com\/#\/schema\/logo\/image\/","url":"https:\/\/mack4seasons.com\/wp-content\/uploads\/2021\/06\/w-MACK-logo-pantone-02A19E.png","contentUrl":"https:\/\/mack4seasons.com\/wp-content\/uploads\/2021\/06\/w-MACK-logo-pantone-02A19E.png","width":809,"height":425,"caption":"Mack4Season"},"image":{"@id":"https:\/\/mack4seasons.com\/#\/schema\/logo\/image\/"},"sameAs":["https:\/\/www.facebook.com\/profile.php?id=100075990468585"]}]}},"_links":{"self":[{"href":"https:\/\/mack4seasons.com\/fr\/wp-json\/wp\/v2\/product\/17321","targetHints":{"allow":["GET"]}}],"collection":[{"href":"https:\/\/mack4seasons.com\/fr\/wp-json\/wp\/v2\/product"}],"about":[{"href":"https:\/\/mack4seasons.com\/fr\/wp-json\/wp\/v2\/types\/product"}],"wp:featuredmedia":[{"embeddable":true,"href":"https:\/\/mack4seasons.com\/fr\/wp-json\/wp\/v2\/media\/17189"}],"wp:attachment":[{"href":"https:\/\/mack4seasons.com\/fr\/wp-json\/wp\/v2\/media?parent=17321"}],"wp:term":[{"taxonomy":"product_brand","embeddable":true,"href":"https:\/\/mack4seasons.com\/fr\/wp-json\/wp\/v2\/product_brand?post=17321"},{"taxonomy":"product_cat","embeddable":true,"href":"https:\/\/mack4seasons.com\/fr\/wp-json\/wp\/v2\/product_cat?post=17321"},{"taxonomy":"product_tag","embeddable":true,"href":"https:\/\/mack4seasons.com\/fr\/wp-json\/wp\/v2\/product_tag?post=17321"}],"curies":[{"name":"wp","href":"https:\/\/api.w.org\/{rel}","templated":true}]}}