{"id":17312,"date":"2020-10-01T00:00:00","date_gmt":"2020-10-01T00:00:00","guid":{"rendered":"https:\/\/mack4seasons.com\/?post_type=product&#038;p=17312"},"modified":"2023-02-02T08:13:52","modified_gmt":"2023-02-02T08:13:52","slug":"sonda-fumi-per-stufe-e-termostufe-a-pellet-mcz-compatibile-con-il-codice-41451404500","status":"publish","type":"product","link":"https:\/\/mack4seasons.com\/fr\/negozio\/mcz-ricambi-per-stufe-termostufe-e-caldaie-a-pellet-mcz\/stufe-a-pellet-mcz\/aike-air-oyster\/sonda-fumi-per-stufe-e-termostufe-a-pellet-mcz-compatibile-con-il-codice-41451404500\/","title":{"rendered":"Capteur de fum\u00e9e pour po\u00eales et chauffages \u00e0 granul\u00e9s MCZ compatible avec le code 41451404500"},"content":{"rendered":"<hr ->\n<h2>Sonda fumi per stufa a pellet MCZ<-h2><br \/>\nCompatibile con il Codice 41451404500<br \/>\n<strong> Pour les mod\u00e8les de po\u00eales \u00e0 pellets MCZ suivants : <-strong>Aike Air Oyster, Aike Comfort air, Club 2.0 Air, Club 2.0 Comfort air, Club Hydro matic  16 kw, Club Hydro matic  24 kw, Club Hydro matic -S 24 kw, Ego 2.0 Air, Ego 2.0 Air &#8211; Top smoke outlet, Ego 2.0 AirOyster, Ego 2.0 Comfort air, Ego Hydro matic  12, Klin, Musa 2.0 Air, Musa 2.0 Comfort air, Musa 2.0 Comfort air &#8211; 14 kw, Musa Hydro matic  16 kw, Musa Hydro matic  24 kw, Musa Hydro matic -S 24 kw, Star 2.0 Air, Star 2.0 Comfort air, Star Hydro matic  12, Suite 2.0 Air, Suite 2.0 Comfort air, Suite Hydro matic  16 kw, Suite Hydro matic  24 kw, Suite Hydro matic -S 24 kw, Tilda, <\/p>","protected":false},"excerpt":{"rendered":"<hr ->\n<p>Compatible avec le code MCZ original <strong>Codice 41451404500 <-strong><\/p>","protected":false},"featured_media":17179,"template":"","meta":[],"product_brand":[],"product_cat":[1214,1215,1217,1218,1402,1400,1401,1222,1230,1224,1225,1403,1226,1212,1228,1229,1231,1406,1404,1405,1232,1233,1407,1235,1236,1410,1408,1409,1241],"product_tag":[],"class_list":{"0":"post-17312","1":"product","2":"type-product","3":"status-publish","4":"has-post-thumbnail","6":"product_cat-aike-air-oyster","7":"product_cat-aike-comfort-air","8":"product_cat-club-2-0-air","9":"product_cat-club-2-0-comfort-air","10":"product_cat-club-hydro-matic-s-24-kw","11":"product_cat-club-hydro-matic-16-kw","12":"product_cat-club-hydro-matic-24-kw","13":"product_cat-ego-2-0-air","14":"product_cat-ego-2-0-air-top-smoke-outlet","15":"product_cat-ego-2-0-air-oyster","16":"product_cat-ego-2-0-comfort-air","17":"product_cat-ego-hydro-matic-12","18":"product_cat-klin","19":"product_cat-mcz-ricambi-per-stufe-termostufe-e-caldaie-a-pellet-mcz","20":"product_cat-musa-2-0-air","21":"product_cat-musa-2-0-comfort-air","22":"product_cat-musa-2-0-comfort-air-14-kw","23":"product_cat-musa-hydro-matic-s-24-kw","24":"product_cat-musa-hydro-matic-16-kw","25":"product_cat-musa-hydro-matic-24-kw","26":"product_cat-star-2-0-air","27":"product_cat-star-2-0-comfort-air","28":"product_cat-star-hydro-matic-12","29":"product_cat-suite-2-0-air","30":"product_cat-suite-2-0-comfort-air","31":"product_cat-suite-hydro-matic-s-24-kw","32":"product_cat-suite-hydro-matic-16-kw","33":"product_cat-suite-hydro-matic-24-kw","34":"product_cat-tilda","35":"product_shipping_class-classe-di-spedizione-01","37":"first","38":"instock","39":"taxable","40":"shipping-taxable","41":"purchasable","42":"product-type-simple"},"yoast_head":"<!-- This site is optimized with the Yoast SEO plugin v26.3 - https:\/\/yoast.com\/wordpress\/plugins\/seo\/ -->\n<title>Sonda fumi per stufe e termostufe a pellet MCZ compatibile con il Codice 41451404500 - Mack4Season<\/title>\n<meta name=\"robots\" content=\"index, follow, max-snippet:-1, max-image-preview:large, max-video-preview:-1\" \/>\n<link rel=\"canonical\" href=\"https:\/\/mack4seasons.com\/fr\/negozio\/mcz-ricambi-per-stufe-termostufe-e-caldaie-a-pellet-mcz\/stufe-a-pellet-mcz\/aike-air-oyster\/sonda-fumi-per-stufe-e-termostufe-a-pellet-mcz-compatibile-con-il-codice-41451404500\/\" \/>\n<meta property=\"og:locale\" content=\"fr_FR\" \/>\n<meta property=\"og:type\" content=\"article\" \/>\n<meta property=\"og:title\" content=\"Sonda fumi per stufe e termostufe a pellet MCZ compatibile con il Codice 41451404500 - Mack4Season\" \/>\n<meta property=\"og:description\" content=\"Compatibile con il codice originale MCZ Codice 41451404500\" \/>\n<meta property=\"og:url\" content=\"https:\/\/mack4seasons.com\/fr\/negozio\/mcz-ricambi-per-stufe-termostufe-e-caldaie-a-pellet-mcz\/stufe-a-pellet-mcz\/aike-air-oyster\/sonda-fumi-per-stufe-e-termostufe-a-pellet-mcz-compatibile-con-il-codice-41451404500\/\" \/>\n<meta property=\"og:site_name\" content=\"Mack4Season\" \/>\n<meta property=\"article:publisher\" content=\"https:\/\/www.facebook.com\/profile.php?id=100075990468585\" \/>\n<meta property=\"article:modified_time\" content=\"2023-02-02T08:13:52+00:00\" \/>\n<meta property=\"og:image\" content=\"https:\/\/mack4seasons.com\/wp-content\/uploads\/2023\/01\/Sonda-fumi-per-stufe-e-termostufe-a-pellet-MCZ-compatibile-con-il-Codice-41451404500.jpg\" \/>\n\t<meta property=\"og:image:width\" content=\"960\" \/>\n\t<meta property=\"og:image:height\" content=\"960\" \/>\n\t<meta property=\"og:image:type\" content=\"image\/jpeg\" \/>\n<meta name=\"twitter:card\" content=\"summary_large_image\" \/>\n<meta name=\"twitter:label1\" content=\"Dur\u00e9e de lecture estim\u00e9e\" \/>\n\t<meta name=\"twitter:data1\" content=\"1 minute\" \/>\n<script type=\"application\/ld+json\" class=\"yoast-schema-graph\">{\"@context\":\"https:\/\/schema.org\",\"@graph\":[{\"@type\":\"WebPage\",\"@id\":\"https:\/\/mack4seasons.com\/negozio\/mcz-ricambi-per-stufe-termostufe-e-caldaie-a-pellet-mcz\/stufe-a-pellet-mcz\/aike-air-oyster\/sonda-fumi-per-stufe-e-termostufe-a-pellet-mcz-compatibile-con-il-codice-41451404500\/\",\"url\":\"https:\/\/mack4seasons.com\/negozio\/mcz-ricambi-per-stufe-termostufe-e-caldaie-a-pellet-mcz\/stufe-a-pellet-mcz\/aike-air-oyster\/sonda-fumi-per-stufe-e-termostufe-a-pellet-mcz-compatibile-con-il-codice-41451404500\/\",\"name\":\"Sonda fumi per stufe e termostufe a pellet MCZ compatibile con il Codice 41451404500 - Mack4Season\",\"isPartOf\":{\"@id\":\"https:\/\/mack4seasons.com\/#website\"},\"primaryImageOfPage\":{\"@id\":\"https:\/\/mack4seasons.com\/negozio\/mcz-ricambi-per-stufe-termostufe-e-caldaie-a-pellet-mcz\/stufe-a-pellet-mcz\/aike-air-oyster\/sonda-fumi-per-stufe-e-termostufe-a-pellet-mcz-compatibile-con-il-codice-41451404500\/#primaryimage\"},\"image\":{\"@id\":\"https:\/\/mack4seasons.com\/negozio\/mcz-ricambi-per-stufe-termostufe-e-caldaie-a-pellet-mcz\/stufe-a-pellet-mcz\/aike-air-oyster\/sonda-fumi-per-stufe-e-termostufe-a-pellet-mcz-compatibile-con-il-codice-41451404500\/#primaryimage\"},\"thumbnailUrl\":\"https:\/\/mack4seasons.com\/wp-content\/uploads\/2023\/01\/Sonda-fumi-per-stufe-e-termostufe-a-pellet-MCZ-compatibile-con-il-Codice-41451404500.jpg\",\"datePublished\":\"2020-10-01T00:00:00+00:00\",\"dateModified\":\"2023-02-02T08:13:52+00:00\",\"breadcrumb\":{\"@id\":\"https:\/\/mack4seasons.com\/negozio\/mcz-ricambi-per-stufe-termostufe-e-caldaie-a-pellet-mcz\/stufe-a-pellet-mcz\/aike-air-oyster\/sonda-fumi-per-stufe-e-termostufe-a-pellet-mcz-compatibile-con-il-codice-41451404500\/#breadcrumb\"},\"inLanguage\":\"fr-FR\",\"potentialAction\":[{\"@type\":\"ReadAction\",\"target\":[\"https:\/\/mack4seasons.com\/negozio\/mcz-ricambi-per-stufe-termostufe-e-caldaie-a-pellet-mcz\/stufe-a-pellet-mcz\/aike-air-oyster\/sonda-fumi-per-stufe-e-termostufe-a-pellet-mcz-compatibile-con-il-codice-41451404500\/\"]}]},{\"@type\":\"ImageObject\",\"inLanguage\":\"fr-FR\",\"@id\":\"https:\/\/mack4seasons.com\/negozio\/mcz-ricambi-per-stufe-termostufe-e-caldaie-a-pellet-mcz\/stufe-a-pellet-mcz\/aike-air-oyster\/sonda-fumi-per-stufe-e-termostufe-a-pellet-mcz-compatibile-con-il-codice-41451404500\/#primaryimage\",\"url\":\"https:\/\/mack4seasons.com\/wp-content\/uploads\/2023\/01\/Sonda-fumi-per-stufe-e-termostufe-a-pellet-MCZ-compatibile-con-il-Codice-41451404500.jpg\",\"contentUrl\":\"https:\/\/mack4seasons.com\/wp-content\/uploads\/2023\/01\/Sonda-fumi-per-stufe-e-termostufe-a-pellet-MCZ-compatibile-con-il-Codice-41451404500.jpg\",\"width\":960,\"height\":960},{\"@type\":\"BreadcrumbList\",\"@id\":\"https:\/\/mack4seasons.com\/negozio\/mcz-ricambi-per-stufe-termostufe-e-caldaie-a-pellet-mcz\/stufe-a-pellet-mcz\/aike-air-oyster\/sonda-fumi-per-stufe-e-termostufe-a-pellet-mcz-compatibile-con-il-codice-41451404500\/#breadcrumb\",\"itemListElement\":[{\"@type\":\"ListItem\",\"position\":1,\"name\":\"Home\",\"item\":\"https:\/\/mack4seasons.com\/ricambi-accessori-stufe-e-caldaie-pellet\/\"},{\"@type\":\"ListItem\",\"position\":2,\"name\":\"Shop\",\"item\":\"https:\/\/mack4seasons.com\/negozio\/\"},{\"@type\":\"ListItem\",\"position\":3,\"name\":\"Sonda fumi per stufe e termostufe a pellet MCZ compatibile con il Codice 41451404500\"}]},{\"@type\":\"WebSite\",\"@id\":\"https:\/\/mack4seasons.com\/#website\",\"url\":\"https:\/\/mack4seasons.com\/\",\"name\":\"Mack4Season\",\"description\":\"Per il comfort termico della tua casa\",\"publisher\":{\"@id\":\"https:\/\/mack4seasons.com\/#organization\"},\"potentialAction\":[{\"@type\":\"SearchAction\",\"target\":{\"@type\":\"EntryPoint\",\"urlTemplate\":\"https:\/\/mack4seasons.com\/?s={search_term_string}\"},\"query-input\":{\"@type\":\"PropertyValueSpecification\",\"valueRequired\":true,\"valueName\":\"search_term_string\"}}],\"inLanguage\":\"fr-FR\"},{\"@type\":\"Organization\",\"@id\":\"https:\/\/mack4seasons.com\/#organization\",\"name\":\"Mack4Season\",\"url\":\"https:\/\/mack4seasons.com\/\",\"logo\":{\"@type\":\"ImageObject\",\"inLanguage\":\"fr-FR\",\"@id\":\"https:\/\/mack4seasons.com\/#\/schema\/logo\/image\/\",\"url\":\"https:\/\/mack4seasons.com\/wp-content\/uploads\/2021\/06\/w-MACK-logo-pantone-02A19E.png\",\"contentUrl\":\"https:\/\/mack4seasons.com\/wp-content\/uploads\/2021\/06\/w-MACK-logo-pantone-02A19E.png\",\"width\":809,\"height\":425,\"caption\":\"Mack4Season\"},\"image\":{\"@id\":\"https:\/\/mack4seasons.com\/#\/schema\/logo\/image\/\"},\"sameAs\":[\"https:\/\/www.facebook.com\/profile.php?id=100075990468585\"]}]}<\/script>\n<!-- \/ Yoast SEO plugin. -->","yoast_head_json":{"title":"Sonda fumi per stufe e termostufe a pellet MCZ compatibile con il Codice 41451404500 - Mack4Season","robots":{"index":"index","follow":"follow","max-snippet":"max-snippet:-1","max-image-preview":"max-image-preview:large","max-video-preview":"max-video-preview:-1"},"canonical":"https:\/\/mack4seasons.com\/fr\/negozio\/mcz-ricambi-per-stufe-termostufe-e-caldaie-a-pellet-mcz\/stufe-a-pellet-mcz\/aike-air-oyster\/sonda-fumi-per-stufe-e-termostufe-a-pellet-mcz-compatibile-con-il-codice-41451404500\/","og_locale":"fr_FR","og_type":"article","og_title":"Sonda fumi per stufe e termostufe a pellet MCZ compatibile con il Codice 41451404500 - Mack4Season","og_description":"Compatibile con il codice originale MCZ Codice 41451404500","og_url":"https:\/\/mack4seasons.com\/fr\/negozio\/mcz-ricambi-per-stufe-termostufe-e-caldaie-a-pellet-mcz\/stufe-a-pellet-mcz\/aike-air-oyster\/sonda-fumi-per-stufe-e-termostufe-a-pellet-mcz-compatibile-con-il-codice-41451404500\/","og_site_name":"Mack4Season","article_publisher":"https:\/\/www.facebook.com\/profile.php?id=100075990468585","article_modified_time":"2023-02-02T08:13:52+00:00","og_image":[{"width":960,"height":960,"url":"https:\/\/mack4seasons.com\/wp-content\/uploads\/2023\/01\/Sonda-fumi-per-stufe-e-termostufe-a-pellet-MCZ-compatibile-con-il-Codice-41451404500.jpg","type":"image\/jpeg"}],"twitter_card":"summary_large_image","twitter_misc":{"Dur\u00e9e de lecture estim\u00e9e":"1 minute"},"schema":{"@context":"https:\/\/schema.org","@graph":[{"@type":"WebPage","@id":"https:\/\/mack4seasons.com\/negozio\/mcz-ricambi-per-stufe-termostufe-e-caldaie-a-pellet-mcz\/stufe-a-pellet-mcz\/aike-air-oyster\/sonda-fumi-per-stufe-e-termostufe-a-pellet-mcz-compatibile-con-il-codice-41451404500\/","url":"https:\/\/mack4seasons.com\/negozio\/mcz-ricambi-per-stufe-termostufe-e-caldaie-a-pellet-mcz\/stufe-a-pellet-mcz\/aike-air-oyster\/sonda-fumi-per-stufe-e-termostufe-a-pellet-mcz-compatibile-con-il-codice-41451404500\/","name":"Sonda fumi per stufe e termostufe a pellet MCZ compatibile con il Codice 41451404500 - Mack4Season","isPartOf":{"@id":"https:\/\/mack4seasons.com\/#website"},"primaryImageOfPage":{"@id":"https:\/\/mack4seasons.com\/negozio\/mcz-ricambi-per-stufe-termostufe-e-caldaie-a-pellet-mcz\/stufe-a-pellet-mcz\/aike-air-oyster\/sonda-fumi-per-stufe-e-termostufe-a-pellet-mcz-compatibile-con-il-codice-41451404500\/#primaryimage"},"image":{"@id":"https:\/\/mack4seasons.com\/negozio\/mcz-ricambi-per-stufe-termostufe-e-caldaie-a-pellet-mcz\/stufe-a-pellet-mcz\/aike-air-oyster\/sonda-fumi-per-stufe-e-termostufe-a-pellet-mcz-compatibile-con-il-codice-41451404500\/#primaryimage"},"thumbnailUrl":"https:\/\/mack4seasons.com\/wp-content\/uploads\/2023\/01\/Sonda-fumi-per-stufe-e-termostufe-a-pellet-MCZ-compatibile-con-il-Codice-41451404500.jpg","datePublished":"2020-10-01T00:00:00+00:00","dateModified":"2023-02-02T08:13:52+00:00","breadcrumb":{"@id":"https:\/\/mack4seasons.com\/negozio\/mcz-ricambi-per-stufe-termostufe-e-caldaie-a-pellet-mcz\/stufe-a-pellet-mcz\/aike-air-oyster\/sonda-fumi-per-stufe-e-termostufe-a-pellet-mcz-compatibile-con-il-codice-41451404500\/#breadcrumb"},"inLanguage":"fr-FR","potentialAction":[{"@type":"ReadAction","target":["https:\/\/mack4seasons.com\/negozio\/mcz-ricambi-per-stufe-termostufe-e-caldaie-a-pellet-mcz\/stufe-a-pellet-mcz\/aike-air-oyster\/sonda-fumi-per-stufe-e-termostufe-a-pellet-mcz-compatibile-con-il-codice-41451404500\/"]}]},{"@type":"ImageObject","inLanguage":"fr-FR","@id":"https:\/\/mack4seasons.com\/negozio\/mcz-ricambi-per-stufe-termostufe-e-caldaie-a-pellet-mcz\/stufe-a-pellet-mcz\/aike-air-oyster\/sonda-fumi-per-stufe-e-termostufe-a-pellet-mcz-compatibile-con-il-codice-41451404500\/#primaryimage","url":"https:\/\/mack4seasons.com\/wp-content\/uploads\/2023\/01\/Sonda-fumi-per-stufe-e-termostufe-a-pellet-MCZ-compatibile-con-il-Codice-41451404500.jpg","contentUrl":"https:\/\/mack4seasons.com\/wp-content\/uploads\/2023\/01\/Sonda-fumi-per-stufe-e-termostufe-a-pellet-MCZ-compatibile-con-il-Codice-41451404500.jpg","width":960,"height":960},{"@type":"BreadcrumbList","@id":"https:\/\/mack4seasons.com\/negozio\/mcz-ricambi-per-stufe-termostufe-e-caldaie-a-pellet-mcz\/stufe-a-pellet-mcz\/aike-air-oyster\/sonda-fumi-per-stufe-e-termostufe-a-pellet-mcz-compatibile-con-il-codice-41451404500\/#breadcrumb","itemListElement":[{"@type":"ListItem","position":1,"name":"Home","item":"https:\/\/mack4seasons.com\/ricambi-accessori-stufe-e-caldaie-pellet\/"},{"@type":"ListItem","position":2,"name":"Shop","item":"https:\/\/mack4seasons.com\/negozio\/"},{"@type":"ListItem","position":3,"name":"Sonda fumi per stufe e termostufe a pellet MCZ compatibile con il Codice 41451404500"}]},{"@type":"WebSite","@id":"https:\/\/mack4seasons.com\/#website","url":"https:\/\/mack4seasons.com\/","name":"Mack4Season","description":"Pour le confort thermique de votre maison","publisher":{"@id":"https:\/\/mack4seasons.com\/#organization"},"potentialAction":[{"@type":"SearchAction","target":{"@type":"EntryPoint","urlTemplate":"https:\/\/mack4seasons.com\/?s={search_term_string}"},"query-input":{"@type":"PropertyValueSpecification","valueRequired":true,"valueName":"search_term_string"}}],"inLanguage":"fr-FR"},{"@type":"Organization","@id":"https:\/\/mack4seasons.com\/#organization","name":"Mack4Season","url":"https:\/\/mack4seasons.com\/","logo":{"@type":"ImageObject","inLanguage":"fr-FR","@id":"https:\/\/mack4seasons.com\/#\/schema\/logo\/image\/","url":"https:\/\/mack4seasons.com\/wp-content\/uploads\/2021\/06\/w-MACK-logo-pantone-02A19E.png","contentUrl":"https:\/\/mack4seasons.com\/wp-content\/uploads\/2021\/06\/w-MACK-logo-pantone-02A19E.png","width":809,"height":425,"caption":"Mack4Season"},"image":{"@id":"https:\/\/mack4seasons.com\/#\/schema\/logo\/image\/"},"sameAs":["https:\/\/www.facebook.com\/profile.php?id=100075990468585"]}]}},"_links":{"self":[{"href":"https:\/\/mack4seasons.com\/fr\/wp-json\/wp\/v2\/product\/17312","targetHints":{"allow":["GET"]}}],"collection":[{"href":"https:\/\/mack4seasons.com\/fr\/wp-json\/wp\/v2\/product"}],"about":[{"href":"https:\/\/mack4seasons.com\/fr\/wp-json\/wp\/v2\/types\/product"}],"wp:featuredmedia":[{"embeddable":true,"href":"https:\/\/mack4seasons.com\/fr\/wp-json\/wp\/v2\/media\/17179"}],"wp:attachment":[{"href":"https:\/\/mack4seasons.com\/fr\/wp-json\/wp\/v2\/media?parent=17312"}],"wp:term":[{"taxonomy":"product_brand","embeddable":true,"href":"https:\/\/mack4seasons.com\/fr\/wp-json\/wp\/v2\/product_brand?post=17312"},{"taxonomy":"product_cat","embeddable":true,"href":"https:\/\/mack4seasons.com\/fr\/wp-json\/wp\/v2\/product_cat?post=17312"},{"taxonomy":"product_tag","embeddable":true,"href":"https:\/\/mack4seasons.com\/fr\/wp-json\/wp\/v2\/product_tag?post=17312"}],"curies":[{"name":"wp","href":"https:\/\/api.w.org\/{rel}","templated":true}]}}