{"id":16289,"date":"2022-11-03T09:42:10","date_gmt":"2022-11-03T09:42:10","guid":{"rendered":"https:\/\/mack4seasons.com\/?post_type=product&#038;p=16289"},"modified":"2022-11-09T15:48:16","modified_gmt":"2022-11-09T15:48:16","slug":"ventilatore-tangenziale-trial-o-30-mm-ventola-303-mm","status":"publish","type":"product","link":"https:\/\/mack4seasons.com\/fr\/negozio\/ricambi-vari-stufe-caldaie\/ventilatori-tangenziali-flusso-trasversale\/ventilatori-tangenziali-trial\/ventilatori-tangenziali-trial-motore-destro-o-30-mm\/ventilatore-tangenziale-trial-o-30-mm-ventola-303-mm\/","title":{"rendered":"Ventilateur tangentiel Essai - Code THS30B3-001KK-D7 - Longueur du ventilateur 303 mm - Longueur totale 366 mm"},"content":{"rendered":"<h3><strong>Ventilatore tangenziale Trial \u00f8 30 mm ventola 303 mm<\/strong><\/h3>\n<h3><strong>Caract\u00e9ristiques g\u00e9n\u00e9rales<\/strong><\/h3>\n<p>Ventilateurs tangentiels\u00a0<strong>Proc\u00e8s<\/strong>\u00a0propos\u00e9s par <b>Mack 4 seasons <\/b>( \u00e0 flux transversal) sont largement r\u00e9pandues dans le domaine des applications domestiques et industrielles, en raison de leurs caract\u00e9ristiques de dimensions radiales tr\u00e8s r\u00e9duites associ\u00e9es \u00e0 un d\u00e9veloppement axial sans contraintes.<\/p>\n<p>Dans ces ventilateurs, le fluide est aspir\u00e9 et envoy\u00e9 perpendiculairement \u00e0 l\u2019axe de la roue.<\/p>\n<p>Un flux d\u2019air uniforme est g\u00e9n\u00e9r\u00e9 et r\u00e9parti longitudinalement sur toute la bouche de refoulement.<\/p>\n<p>Gr\u00e2ce \u00e0 des vitesses d\u2019air relativement faibles, ces ventilateurs garantissent de faibles niveaux de bruit.<\/p>\n<p>La gamme de tangentiels Trial comprend des ventilateurs de diam\u00e8tre 30, 45, 60, 65, 80mm avec des longueurs de 90 \u00e0 610mm.<\/p>\n<h3><strong>Caract\u00e9ristiques de construction<\/strong><\/h3>\n<p>La gamma tangenziali singoli\u00a0<strong>Proc\u00e8s<\/strong>\u00a0si articola su 5 diametri ventola ottimizzati per il soddisfacimento di specifiche esigenze applicative:<\/p>\n<ul>\n<li>\u00f8 30mm - Design ultra-compact, faible encombrement<\/li>\n<li>\u00f8 45mm - Design compact, encombrement minimal<\/li>\n<li>\u00f8 60mm - Le meilleur rapport encombrement performance<\/li>\n<li>\u00f8 65mm - Silence maximal<\/li>\n<li>\u00f8 80mm - Pression et d\u00e9bit maximaux<\/li>\n<\/ul>\n<h3><strong>En utilisant l'indice v<\/strong><strong>entilatore tangenziale Trial \u00f8 30 mm ventola 303 mm<\/strong><\/h3>\n<p>Il ventilatore tangenziale Trial Codice THS30B3-001KK-D7 \u2013 Lunghezza ventola 303 mm \u2013 Lunghezza totale 366 mm proposti da <b>Mack 4 seasons <\/b>si istalla negli apparecchi a biomassa per estrarre l\u2019aria calda creata dal corpo di combustione per poi diffonderla nell\u2019ambiente circostante.<\/p>\n<p><strong>Pr\u00e9sents dans des appareils types<\/strong>\u00a0- Po\u00eale \u00e0 pellets - Chaudi\u00e8re \u00e0 pellets - Br\u00fbleur \u00e0 pellets - Pellets BBQ\/grill Chaudi\u00e8re \u00e0 biomasse - Br\u00fbleur \u00e0 biomasse - Et bien d\u2019autres br\u00fbleurs<\/p>\n<h3><strong>Int\u00e9rieur<\/strong><\/h3>\n<p><a href=\"https:\/\/wekos.it\/\">po\u00eales, cuisini\u00e8res et cuisini\u00e8res \u00e0 bois<\/a>\u00a0-\u00a0<a href=\"https:\/\/www.greenpuros.com\/\">chemin\u00e9es, po\u00eales et chaudi\u00e8res \u00e0 pellets.<\/a><\/p>","protected":false},"excerpt":{"rendered":"<h3><\/h3>\n<h3>Ventilateur tangentiel Essai moteur \u00e0 droite \u00f8 30 mm<\/h3>\n<p>Codice THS30B3-001KK-D7<\/p>\n<p>Moteur  droite<br \/>\nVentilateur \u00f8 30 mm<br \/>\nLunghezza ventola 303 mm<br \/>\nLunghezza totale : 366 mm<br \/>\nHauteur totale : 50 mm<br \/>\nProfondeur totale : 80 mm<br \/>\nDimensioni bochetta : 30 x 323 mm<br \/>\nPortata : 47 m\u00b3\/h<br \/>\nPaquet lamellaire : 16 mm<br \/>\nPotenza : 11 W<br \/>\nPar imp\u00e9dance<\/p>","protected":false},"featured_media":16653,"template":"","meta":[],"product_brand":[],"product_cat":[1210],"product_tag":[],"class_list":{"0":"post-16289","1":"product","2":"type-product","3":"status-publish","4":"has-post-thumbnail","6":"product_cat-ventilatori-tangenziali-trial-motore-destro-o-30-mm","8":"first","9":"instock","10":"taxable","11":"shipping-taxable","12":"purchasable","13":"product-type-simple"},"yoast_head":"<!-- This site is optimized with the Yoast SEO plugin v26.3 - https:\/\/yoast.com\/wordpress\/plugins\/seo\/ -->\n<title>Ventilatore tangenziale Trial \u00f8 30 mm ventola 303 mm<\/title>\n<meta name=\"description\" content=\"Ventilatore tangenziale Trial \u00f8 30 mm ventola 303 mm-Ventilatore tangenziale per stufa a pellet-Ventilatore ambiente tangenziale per stufa a pellet\" \/>\n<meta name=\"robots\" content=\"index, follow, max-snippet:-1, max-image-preview:large, max-video-preview:-1\" \/>\n<link rel=\"canonical\" href=\"https:\/\/mack4seasons.com\/fr\/negozio\/ricambi-vari-stufe-caldaie\/ventilatori-tangenziali-flusso-trasversale\/ventilatori-tangenziali-trial\/ventilatori-tangenziali-trial-motore-destro-o-30-mm\/ventilatore-tangenziale-trial-o-30-mm-ventola-303-mm\/\" \/>\n<meta property=\"og:locale\" content=\"fr_FR\" \/>\n<meta property=\"og:type\" content=\"article\" \/>\n<meta property=\"og:title\" content=\"Ventilatore tangenziale Trial \u00f8 30 mm ventola 303 mm\" \/>\n<meta property=\"og:description\" content=\"Ventilatore tangenziale Trial \u00f8 30 mm ventola 303 mm-Ventilatore tangenziale per stufa a pellet-Ventilatore ambiente tangenziale per stufa a pellet\" \/>\n<meta property=\"og:url\" content=\"https:\/\/mack4seasons.com\/fr\/negozio\/ricambi-vari-stufe-caldaie\/ventilatori-tangenziali-flusso-trasversale\/ventilatori-tangenziali-trial\/ventilatori-tangenziali-trial-motore-destro-o-30-mm\/ventilatore-tangenziale-trial-o-30-mm-ventola-303-mm\/\" \/>\n<meta property=\"og:site_name\" content=\"Mack4Season\" \/>\n<meta property=\"article:publisher\" content=\"https:\/\/www.facebook.com\/profile.php?id=100075990468585\" \/>\n<meta property=\"article:modified_time\" content=\"2022-11-09T15:48:16+00:00\" \/>\n<meta property=\"og:image\" content=\"https:\/\/mack4seasons.com\/wp-content\/uploads\/2022\/11\/MS-THS30B3001KKD7.jpg\" \/>\n\t<meta property=\"og:image:width\" content=\"960\" \/>\n\t<meta property=\"og:image:height\" content=\"960\" \/>\n\t<meta property=\"og:image:type\" content=\"image\/jpeg\" \/>\n<meta name=\"twitter:card\" content=\"summary_large_image\" \/>\n<meta name=\"twitter:label1\" content=\"Dur\u00e9e de lecture estim\u00e9e\" \/>\n\t<meta name=\"twitter:data1\" content=\"2 minutes\" \/>\n<script type=\"application\/ld+json\" class=\"yoast-schema-graph\">{\"@context\":\"https:\/\/schema.org\",\"@graph\":[{\"@type\":\"WebPage\",\"@id\":\"https:\/\/mack4seasons.com\/negozio\/ricambi-vari-stufe-caldaie\/ventilatori-tangenziali-flusso-trasversale\/ventilatori-tangenziali-trial\/ventilatori-tangenziali-trial-motore-destro-o-30-mm\/ventilatore-tangenziale-trial-o-30-mm-ventola-303-mm\/\",\"url\":\"https:\/\/mack4seasons.com\/negozio\/ricambi-vari-stufe-caldaie\/ventilatori-tangenziali-flusso-trasversale\/ventilatori-tangenziali-trial\/ventilatori-tangenziali-trial-motore-destro-o-30-mm\/ventilatore-tangenziale-trial-o-30-mm-ventola-303-mm\/\",\"name\":\"Ventilatore tangenziale Trial \u00f8 30 mm ventola 303 mm\",\"isPartOf\":{\"@id\":\"https:\/\/mack4seasons.com\/#website\"},\"primaryImageOfPage\":{\"@id\":\"https:\/\/mack4seasons.com\/negozio\/ricambi-vari-stufe-caldaie\/ventilatori-tangenziali-flusso-trasversale\/ventilatori-tangenziali-trial\/ventilatori-tangenziali-trial-motore-destro-o-30-mm\/ventilatore-tangenziale-trial-o-30-mm-ventola-303-mm\/#primaryimage\"},\"image\":{\"@id\":\"https:\/\/mack4seasons.com\/negozio\/ricambi-vari-stufe-caldaie\/ventilatori-tangenziali-flusso-trasversale\/ventilatori-tangenziali-trial\/ventilatori-tangenziali-trial-motore-destro-o-30-mm\/ventilatore-tangenziale-trial-o-30-mm-ventola-303-mm\/#primaryimage\"},\"thumbnailUrl\":\"https:\/\/mack4seasons.com\/wp-content\/uploads\/2022\/11\/MS-THS30B3001KKD7.jpg\",\"datePublished\":\"2022-11-03T09:42:10+00:00\",\"dateModified\":\"2022-11-09T15:48:16+00:00\",\"description\":\"Ventilatore tangenziale Trial \u00f8 30 mm ventola 303 mm-Ventilatore tangenziale per stufa a pellet-Ventilatore ambiente tangenziale per stufa a pellet\",\"breadcrumb\":{\"@id\":\"https:\/\/mack4seasons.com\/negozio\/ricambi-vari-stufe-caldaie\/ventilatori-tangenziali-flusso-trasversale\/ventilatori-tangenziali-trial\/ventilatori-tangenziali-trial-motore-destro-o-30-mm\/ventilatore-tangenziale-trial-o-30-mm-ventola-303-mm\/#breadcrumb\"},\"inLanguage\":\"fr-FR\",\"potentialAction\":[{\"@type\":\"ReadAction\",\"target\":[\"https:\/\/mack4seasons.com\/negozio\/ricambi-vari-stufe-caldaie\/ventilatori-tangenziali-flusso-trasversale\/ventilatori-tangenziali-trial\/ventilatori-tangenziali-trial-motore-destro-o-30-mm\/ventilatore-tangenziale-trial-o-30-mm-ventola-303-mm\/\"]}]},{\"@type\":\"ImageObject\",\"inLanguage\":\"fr-FR\",\"@id\":\"https:\/\/mack4seasons.com\/negozio\/ricambi-vari-stufe-caldaie\/ventilatori-tangenziali-flusso-trasversale\/ventilatori-tangenziali-trial\/ventilatori-tangenziali-trial-motore-destro-o-30-mm\/ventilatore-tangenziale-trial-o-30-mm-ventola-303-mm\/#primaryimage\",\"url\":\"https:\/\/mack4seasons.com\/wp-content\/uploads\/2022\/11\/MS-THS30B3001KKD7.jpg\",\"contentUrl\":\"https:\/\/mack4seasons.com\/wp-content\/uploads\/2022\/11\/MS-THS30B3001KKD7.jpg\",\"width\":960,\"height\":960},{\"@type\":\"BreadcrumbList\",\"@id\":\"https:\/\/mack4seasons.com\/negozio\/ricambi-vari-stufe-caldaie\/ventilatori-tangenziali-flusso-trasversale\/ventilatori-tangenziali-trial\/ventilatori-tangenziali-trial-motore-destro-o-30-mm\/ventilatore-tangenziale-trial-o-30-mm-ventola-303-mm\/#breadcrumb\",\"itemListElement\":[{\"@type\":\"ListItem\",\"position\":1,\"name\":\"Home\",\"item\":\"https:\/\/mack4seasons.com\/ricambi-accessori-stufe-e-caldaie-pellet\/\"},{\"@type\":\"ListItem\",\"position\":2,\"name\":\"Shop\",\"item\":\"https:\/\/mack4seasons.com\/negozio\/\"},{\"@type\":\"ListItem\",\"position\":3,\"name\":\"Ventilatore tangenziale Trial &#8211; Codice THS30B3-001KK-D7 \u2013 Lunghezza ventola 303 mm \u2013 Lunghezza totale 366 mm\"}]},{\"@type\":\"WebSite\",\"@id\":\"https:\/\/mack4seasons.com\/#website\",\"url\":\"https:\/\/mack4seasons.com\/\",\"name\":\"Mack4Season\",\"description\":\"Per il comfort termico della tua casa\",\"publisher\":{\"@id\":\"https:\/\/mack4seasons.com\/#organization\"},\"potentialAction\":[{\"@type\":\"SearchAction\",\"target\":{\"@type\":\"EntryPoint\",\"urlTemplate\":\"https:\/\/mack4seasons.com\/?s={search_term_string}\"},\"query-input\":{\"@type\":\"PropertyValueSpecification\",\"valueRequired\":true,\"valueName\":\"search_term_string\"}}],\"inLanguage\":\"fr-FR\"},{\"@type\":\"Organization\",\"@id\":\"https:\/\/mack4seasons.com\/#organization\",\"name\":\"Mack4Season\",\"url\":\"https:\/\/mack4seasons.com\/\",\"logo\":{\"@type\":\"ImageObject\",\"inLanguage\":\"fr-FR\",\"@id\":\"https:\/\/mack4seasons.com\/#\/schema\/logo\/image\/\",\"url\":\"https:\/\/mack4seasons.com\/wp-content\/uploads\/2021\/06\/w-MACK-logo-pantone-02A19E.png\",\"contentUrl\":\"https:\/\/mack4seasons.com\/wp-content\/uploads\/2021\/06\/w-MACK-logo-pantone-02A19E.png\",\"width\":809,\"height\":425,\"caption\":\"Mack4Season\"},\"image\":{\"@id\":\"https:\/\/mack4seasons.com\/#\/schema\/logo\/image\/\"},\"sameAs\":[\"https:\/\/www.facebook.com\/profile.php?id=100075990468585\"]}]}<\/script>\n<!-- \/ Yoast SEO plugin. -->","yoast_head_json":{"title":"Ventilatore tangenziale Trial \u00f8 30 mm ventola 303 mm","description":"Ventilatore tangenziale Trial \u00f8 30 mm ventola 303 mm-Ventilatore tangenziale per stufa a pellet-Ventilatore ambiente tangenziale per stufa a pellet","robots":{"index":"index","follow":"follow","max-snippet":"max-snippet:-1","max-image-preview":"max-image-preview:large","max-video-preview":"max-video-preview:-1"},"canonical":"https:\/\/mack4seasons.com\/fr\/negozio\/ricambi-vari-stufe-caldaie\/ventilatori-tangenziali-flusso-trasversale\/ventilatori-tangenziali-trial\/ventilatori-tangenziali-trial-motore-destro-o-30-mm\/ventilatore-tangenziale-trial-o-30-mm-ventola-303-mm\/","og_locale":"fr_FR","og_type":"article","og_title":"Ventilatore tangenziale Trial \u00f8 30 mm ventola 303 mm","og_description":"Ventilatore tangenziale Trial \u00f8 30 mm ventola 303 mm-Ventilatore tangenziale per stufa a pellet-Ventilatore ambiente tangenziale per stufa a pellet","og_url":"https:\/\/mack4seasons.com\/fr\/negozio\/ricambi-vari-stufe-caldaie\/ventilatori-tangenziali-flusso-trasversale\/ventilatori-tangenziali-trial\/ventilatori-tangenziali-trial-motore-destro-o-30-mm\/ventilatore-tangenziale-trial-o-30-mm-ventola-303-mm\/","og_site_name":"Mack4Season","article_publisher":"https:\/\/www.facebook.com\/profile.php?id=100075990468585","article_modified_time":"2022-11-09T15:48:16+00:00","og_image":[{"width":960,"height":960,"url":"https:\/\/mack4seasons.com\/wp-content\/uploads\/2022\/11\/MS-THS30B3001KKD7.jpg","type":"image\/jpeg"}],"twitter_card":"summary_large_image","twitter_misc":{"Dur\u00e9e de lecture estim\u00e9e":"2 minutes"},"schema":{"@context":"https:\/\/schema.org","@graph":[{"@type":"WebPage","@id":"https:\/\/mack4seasons.com\/negozio\/ricambi-vari-stufe-caldaie\/ventilatori-tangenziali-flusso-trasversale\/ventilatori-tangenziali-trial\/ventilatori-tangenziali-trial-motore-destro-o-30-mm\/ventilatore-tangenziale-trial-o-30-mm-ventola-303-mm\/","url":"https:\/\/mack4seasons.com\/negozio\/ricambi-vari-stufe-caldaie\/ventilatori-tangenziali-flusso-trasversale\/ventilatori-tangenziali-trial\/ventilatori-tangenziali-trial-motore-destro-o-30-mm\/ventilatore-tangenziale-trial-o-30-mm-ventola-303-mm\/","name":"Ventilatore tangenziale Trial \u00f8 30 mm ventola 303 mm","isPartOf":{"@id":"https:\/\/mack4seasons.com\/#website"},"primaryImageOfPage":{"@id":"https:\/\/mack4seasons.com\/negozio\/ricambi-vari-stufe-caldaie\/ventilatori-tangenziali-flusso-trasversale\/ventilatori-tangenziali-trial\/ventilatori-tangenziali-trial-motore-destro-o-30-mm\/ventilatore-tangenziale-trial-o-30-mm-ventola-303-mm\/#primaryimage"},"image":{"@id":"https:\/\/mack4seasons.com\/negozio\/ricambi-vari-stufe-caldaie\/ventilatori-tangenziali-flusso-trasversale\/ventilatori-tangenziali-trial\/ventilatori-tangenziali-trial-motore-destro-o-30-mm\/ventilatore-tangenziale-trial-o-30-mm-ventola-303-mm\/#primaryimage"},"thumbnailUrl":"https:\/\/mack4seasons.com\/wp-content\/uploads\/2022\/11\/MS-THS30B3001KKD7.jpg","datePublished":"2022-11-03T09:42:10+00:00","dateModified":"2022-11-09T15:48:16+00:00","description":"Ventilatore tangenziale Trial \u00f8 30 mm ventola 303 mm-Ventilatore tangenziale per stufa a pellet-Ventilatore ambiente tangenziale per stufa a pellet","breadcrumb":{"@id":"https:\/\/mack4seasons.com\/negozio\/ricambi-vari-stufe-caldaie\/ventilatori-tangenziali-flusso-trasversale\/ventilatori-tangenziali-trial\/ventilatori-tangenziali-trial-motore-destro-o-30-mm\/ventilatore-tangenziale-trial-o-30-mm-ventola-303-mm\/#breadcrumb"},"inLanguage":"fr-FR","potentialAction":[{"@type":"ReadAction","target":["https:\/\/mack4seasons.com\/negozio\/ricambi-vari-stufe-caldaie\/ventilatori-tangenziali-flusso-trasversale\/ventilatori-tangenziali-trial\/ventilatori-tangenziali-trial-motore-destro-o-30-mm\/ventilatore-tangenziale-trial-o-30-mm-ventola-303-mm\/"]}]},{"@type":"ImageObject","inLanguage":"fr-FR","@id":"https:\/\/mack4seasons.com\/negozio\/ricambi-vari-stufe-caldaie\/ventilatori-tangenziali-flusso-trasversale\/ventilatori-tangenziali-trial\/ventilatori-tangenziali-trial-motore-destro-o-30-mm\/ventilatore-tangenziale-trial-o-30-mm-ventola-303-mm\/#primaryimage","url":"https:\/\/mack4seasons.com\/wp-content\/uploads\/2022\/11\/MS-THS30B3001KKD7.jpg","contentUrl":"https:\/\/mack4seasons.com\/wp-content\/uploads\/2022\/11\/MS-THS30B3001KKD7.jpg","width":960,"height":960},{"@type":"BreadcrumbList","@id":"https:\/\/mack4seasons.com\/negozio\/ricambi-vari-stufe-caldaie\/ventilatori-tangenziali-flusso-trasversale\/ventilatori-tangenziali-trial\/ventilatori-tangenziali-trial-motore-destro-o-30-mm\/ventilatore-tangenziale-trial-o-30-mm-ventola-303-mm\/#breadcrumb","itemListElement":[{"@type":"ListItem","position":1,"name":"Home","item":"https:\/\/mack4seasons.com\/ricambi-accessori-stufe-e-caldaie-pellet\/"},{"@type":"ListItem","position":2,"name":"Shop","item":"https:\/\/mack4seasons.com\/negozio\/"},{"@type":"ListItem","position":3,"name":"Ventilatore tangenziale Trial &#8211; Codice THS30B3-001KK-D7 \u2013 Lunghezza ventola 303 mm \u2013 Lunghezza totale 366 mm"}]},{"@type":"WebSite","@id":"https:\/\/mack4seasons.com\/#website","url":"https:\/\/mack4seasons.com\/","name":"Mack4Season","description":"Pour le confort thermique de votre maison","publisher":{"@id":"https:\/\/mack4seasons.com\/#organization"},"potentialAction":[{"@type":"SearchAction","target":{"@type":"EntryPoint","urlTemplate":"https:\/\/mack4seasons.com\/?s={search_term_string}"},"query-input":{"@type":"PropertyValueSpecification","valueRequired":true,"valueName":"search_term_string"}}],"inLanguage":"fr-FR"},{"@type":"Organization","@id":"https:\/\/mack4seasons.com\/#organization","name":"Mack4Season","url":"https:\/\/mack4seasons.com\/","logo":{"@type":"ImageObject","inLanguage":"fr-FR","@id":"https:\/\/mack4seasons.com\/#\/schema\/logo\/image\/","url":"https:\/\/mack4seasons.com\/wp-content\/uploads\/2021\/06\/w-MACK-logo-pantone-02A19E.png","contentUrl":"https:\/\/mack4seasons.com\/wp-content\/uploads\/2021\/06\/w-MACK-logo-pantone-02A19E.png","width":809,"height":425,"caption":"Mack4Season"},"image":{"@id":"https:\/\/mack4seasons.com\/#\/schema\/logo\/image\/"},"sameAs":["https:\/\/www.facebook.com\/profile.php?id=100075990468585"]}]}},"_links":{"self":[{"href":"https:\/\/mack4seasons.com\/fr\/wp-json\/wp\/v2\/product\/16289","targetHints":{"allow":["GET"]}}],"collection":[{"href":"https:\/\/mack4seasons.com\/fr\/wp-json\/wp\/v2\/product"}],"about":[{"href":"https:\/\/mack4seasons.com\/fr\/wp-json\/wp\/v2\/types\/product"}],"wp:featuredmedia":[{"embeddable":true,"href":"https:\/\/mack4seasons.com\/fr\/wp-json\/wp\/v2\/media\/16653"}],"wp:attachment":[{"href":"https:\/\/mack4seasons.com\/fr\/wp-json\/wp\/v2\/media?parent=16289"}],"wp:term":[{"taxonomy":"product_brand","embeddable":true,"href":"https:\/\/mack4seasons.com\/fr\/wp-json\/wp\/v2\/product_brand?post=16289"},{"taxonomy":"product_cat","embeddable":true,"href":"https:\/\/mack4seasons.com\/fr\/wp-json\/wp\/v2\/product_cat?post=16289"},{"taxonomy":"product_tag","embeddable":true,"href":"https:\/\/mack4seasons.com\/fr\/wp-json\/wp\/v2\/product_tag?post=16289"}],"curies":[{"name":"wp","href":"https:\/\/api.w.org\/{rel}","templated":true}]}}