{"id":16200,"date":"2022-10-31T14:32:20","date_gmt":"2022-10-31T14:32:20","guid":{"rendered":"https:\/\/mack4seasons.com\/?post_type=product&#038;p=16200"},"modified":"2022-10-31T14:32:59","modified_gmt":"2022-10-31T14:32:59","slug":"vaso-di-espansione-chiuso-codice-cmg9208","status":"publish","type":"product","link":"https:\/\/mack4seasons.com\/fr\/negozio\/ricambi-vari-stufe-caldaie\/vasi-di-espansione-chiusi-per-caldaie-a-pellet-e-legna\/vaso-di-espansione-chiuso-codice-cmg9208\/","title":{"rendered":"Vase d\u2019expansion ferm\u00e9 - Code CMG9208"},"content":{"rendered":"<h3>Vase d\u2019expansion ferm\u00e9 - Code CMG9208<\/h3>\n<p><b>Mack 4 seasons <\/b>gr\u00e2ce \u00e0 l\u2019\u00e9troite collaboration avec\u00a0<strong>Cimm<\/strong>\u00a0propose une large gamme de pots d\u2019expansion produits par des entreprises certifi\u00e9es et qualifi\u00e9es qui garantissent la qualit\u00e9 et la fiabilit\u00e9 du produit gr\u00e2ce \u00e0 l\u2019utilisation de mati\u00e8res premi\u00e8res s\u00e9lectionn\u00e9es et certifi\u00e9es , et gr\u00e2ce \u00e0 des contr\u00f4les de qualit\u00e9 efficaces et ponctuels.<\/p>\n<p><strong>Cimm\u00a0<\/strong>est une entreprise italienne qui produit et exporte des vases d\u2019expansion d\u2019excellente qualit\u00e9, faits pour r\u00e9sister dans le temps aux augmentations de pression et pour garantir le bon fonctionnement des installations dans lesquelles ils sont install\u00e9s.<\/p>\n<p>Non seulement les produits\u00a0<strong>Cimm<\/strong>\u00a0ont obtenu les homologations des principaux organismes de certification internationaux et portent \u00e9galement le marquage CE conform\u00e9ment \u00e0 la directive europ\u00e9enne 2014\/68\/UE (PED) qui harmonise les normes des diff\u00e9rents pays membres de la Communaut\u00e9 en mati\u00e8re d\u2019\u00e9quipements sous pression, et d\u00e9finit la libre circulation de ces appareils dans toute l\u2019Europe.<\/p>\n<h3>\u00c0 quoi sert le vase d\u2019expansion.<\/h3>\n<p>L\u2019eau qui est chauff\u00e9e dans le syst\u00e8me de chauffage subit une dilatation.<\/p>\n<p>La temp\u00e9rature de l\u2019eau \u00e0 l\u2019int\u00e9rieur d\u2019un syst\u00e8me de chauffage peut varier de 4\u00b0 \u00e0 90\u00b0 centigrades.   .<\/p>\n<p>Ce qui se passe\u00a0:<\/p>\n<p>Un kilogramme d\u2019eau froide \u00e0 4\u00b0 Centigrades occupe un volume d\u2019un litre.<\/p>\n<p>Un kilogramme d\u2019eau chaude \u00e0 90\u00b0 centigrades occupe un volume de 1362 litres.<\/p>\n<p>La t\u00e2che du vase d\u2019expansion et de compenser la dilatation de l\u2019eau qui se r\u00e9chauffe, en donnant la possibilit\u00e9 \u00e0 la pression g\u00e9n\u00e9r\u00e9e de purger en \u00e9vitant que l\u2019installation explose.<\/p>\n<h3>Utilisation du vase d\u2019expansion ferm\u00e9 code CMG9208<\/h3>\n<p>Le vase d\u2019expansion est couramment utilis\u00e9 dans les chaudi\u00e8res domestiques et thermo po\u00eales \u00e0 bois et \u00e0 pellets pour compenser les variations de pression dues \u00e0 des diff\u00e9rences de temp\u00e9rature ou \u00e0 des changements brusques de l\u2019\u00e9coulement du fluide.<\/p>\n<h3><strong>Int\u00e9rieur<\/strong><\/h3>\n<p><a href=\"https:\/\/wekos.it\/\">po\u00eales, cuisini\u00e8res et cuisini\u00e8res \u00e0 bois<\/a>\u00a0-\u00a0<a href=\"https:\/\/www.greenpuros.com\/\">chemin\u00e9es, po\u00eales et chaudi\u00e8res \u00e0 pellets.<\/a><\/p>","protected":false},"excerpt":{"rendered":"<h3><\/h3>\n<h3>Vase d\u2019expansion ferm\u00e9 - Code CMG9208<\/h3>\n<p>Mod\u00e8le\u00a0: RP220 X 450 \/8<\/p>\n<p>Capacit\u00e9 litres\u00a0: 8 lt<\/p>\n<p>Dimensions\u00a0: 220 x 448<\/p>\n<p>Hauteur\u00a0: 87 mm<\/p>\n<p>Raccord d\u2019entr\u00e9e d\u2019eau\u00a0: M 3\/8\u2033 Gas<\/p>\n<p>Pression de pr\u00e9charge standard\u00a0: 1 Bar<\/p>\n<p>Position de la valve\u00a0: 0\u00b0<\/p>\n<p>Pression de service max\u00a0: 3.0 bar<\/p>\n<p>Temp\u00e9rature de fonctionnement\u00a0: -10\u00b0 + 90\u00b0 C<\/p>\n<p>Couleur\u00a0: Gris<\/p>\n<p>Compatible avec les marques suivantes de chaudi\u00e8res \u00e0 pellets\u00a0:<\/p>\n<h3>Montegrappa<\/h3>","protected":false},"featured_media":16201,"template":"","meta":[],"product_brand":[],"product_cat":[812,1209],"product_tag":[],"class_list":{"0":"post-16200","1":"product","2":"type-product","3":"status-publish","4":"has-post-thumbnail","6":"product_cat-ricambi-vari-stufe-caldaie","7":"product_cat-vasi-di-espansione-chiusi-per-caldaie-a-pellet-e-legna","9":"first","10":"instock","11":"taxable","12":"shipping-taxable","13":"purchasable","14":"product-type-simple"},"yoast_head":"<!-- This site is optimized with the Yoast SEO plugin v26.3 - https:\/\/yoast.com\/wordpress\/plugins\/seo\/ -->\n<title>Vaso di espansione chiuso - Codice CMG9208<\/title>\n<meta name=\"description\" content=\"Vaso di espansione chiuso codice CMG9208 - Vaso di sfogo chiuso per caldaie a legna e pellet \u2013 Sfiatatore chiuso per caldaie a legna e pellet - Vaso anti esplosione chiuso per caldaie a legna e pellet - Buttafuori chiuso per caldaie a legna e pellet\" \/>\n<meta name=\"robots\" content=\"index, follow, max-snippet:-1, max-image-preview:large, max-video-preview:-1\" \/>\n<link rel=\"canonical\" href=\"https:\/\/mack4seasons.com\/fr\/negozio\/ricambi-vari-stufe-caldaie\/vasi-di-espansione-chiusi-per-caldaie-a-pellet-e-legna\/vaso-di-espansione-chiuso-codice-cmg9208\/\" \/>\n<meta property=\"og:locale\" content=\"fr_FR\" \/>\n<meta property=\"og:type\" content=\"article\" \/>\n<meta property=\"og:title\" content=\"Vaso di espansione chiuso - Codice CMG9208\" \/>\n<meta property=\"og:description\" content=\"Vaso di espansione chiuso codice CMG9208 - Vaso di sfogo chiuso per caldaie a legna e pellet \u2013 Sfiatatore chiuso per caldaie a legna e pellet - Vaso anti esplosione chiuso per caldaie a legna e pellet - Buttafuori chiuso per caldaie a legna e pellet\" \/>\n<meta property=\"og:url\" content=\"https:\/\/mack4seasons.com\/fr\/negozio\/ricambi-vari-stufe-caldaie\/vasi-di-espansione-chiusi-per-caldaie-a-pellet-e-legna\/vaso-di-espansione-chiuso-codice-cmg9208\/\" \/>\n<meta property=\"og:site_name\" content=\"Mack4Season\" \/>\n<meta property=\"article:publisher\" content=\"https:\/\/www.facebook.com\/profile.php?id=100075990468585\" \/>\n<meta property=\"article:modified_time\" content=\"2022-10-31T14:32:59+00:00\" \/>\n<meta property=\"og:image\" content=\"https:\/\/mack4seasons.com\/wp-content\/uploads\/2022\/10\/CMG9208.jpg\" \/>\n\t<meta property=\"og:image:width\" content=\"640\" \/>\n\t<meta property=\"og:image:height\" content=\"640\" \/>\n\t<meta property=\"og:image:type\" content=\"image\/jpeg\" \/>\n<meta name=\"twitter:card\" content=\"summary_large_image\" \/>\n<meta name=\"twitter:label1\" content=\"Dur\u00e9e de lecture estim\u00e9e\" \/>\n\t<meta name=\"twitter:data1\" content=\"2 minutes\" \/>\n<script type=\"application\/ld+json\" class=\"yoast-schema-graph\">{\"@context\":\"https:\/\/schema.org\",\"@graph\":[{\"@type\":\"WebPage\",\"@id\":\"https:\/\/mack4seasons.com\/negozio\/ricambi-vari-stufe-caldaie\/vasi-di-espansione-chiusi-per-caldaie-a-pellet-e-legna\/vaso-di-espansione-chiuso-codice-cmg9208\/\",\"url\":\"https:\/\/mack4seasons.com\/negozio\/ricambi-vari-stufe-caldaie\/vasi-di-espansione-chiusi-per-caldaie-a-pellet-e-legna\/vaso-di-espansione-chiuso-codice-cmg9208\/\",\"name\":\"Vaso di espansione chiuso - Codice CMG9208\",\"isPartOf\":{\"@id\":\"https:\/\/mack4seasons.com\/#website\"},\"primaryImageOfPage\":{\"@id\":\"https:\/\/mack4seasons.com\/negozio\/ricambi-vari-stufe-caldaie\/vasi-di-espansione-chiusi-per-caldaie-a-pellet-e-legna\/vaso-di-espansione-chiuso-codice-cmg9208\/#primaryimage\"},\"image\":{\"@id\":\"https:\/\/mack4seasons.com\/negozio\/ricambi-vari-stufe-caldaie\/vasi-di-espansione-chiusi-per-caldaie-a-pellet-e-legna\/vaso-di-espansione-chiuso-codice-cmg9208\/#primaryimage\"},\"thumbnailUrl\":\"https:\/\/mack4seasons.com\/wp-content\/uploads\/2022\/10\/CMG9208.jpg\",\"datePublished\":\"2022-10-31T14:32:20+00:00\",\"dateModified\":\"2022-10-31T14:32:59+00:00\",\"description\":\"Vaso di espansione chiuso codice CMG9208 - Vaso di sfogo chiuso per caldaie a legna e pellet \u2013 Sfiatatore chiuso per caldaie a legna e pellet - Vaso anti esplosione chiuso per caldaie a legna e pellet - Buttafuori chiuso per caldaie a legna e pellet\",\"breadcrumb\":{\"@id\":\"https:\/\/mack4seasons.com\/negozio\/ricambi-vari-stufe-caldaie\/vasi-di-espansione-chiusi-per-caldaie-a-pellet-e-legna\/vaso-di-espansione-chiuso-codice-cmg9208\/#breadcrumb\"},\"inLanguage\":\"fr-FR\",\"potentialAction\":[{\"@type\":\"ReadAction\",\"target\":[\"https:\/\/mack4seasons.com\/negozio\/ricambi-vari-stufe-caldaie\/vasi-di-espansione-chiusi-per-caldaie-a-pellet-e-legna\/vaso-di-espansione-chiuso-codice-cmg9208\/\"]}]},{\"@type\":\"ImageObject\",\"inLanguage\":\"fr-FR\",\"@id\":\"https:\/\/mack4seasons.com\/negozio\/ricambi-vari-stufe-caldaie\/vasi-di-espansione-chiusi-per-caldaie-a-pellet-e-legna\/vaso-di-espansione-chiuso-codice-cmg9208\/#primaryimage\",\"url\":\"https:\/\/mack4seasons.com\/wp-content\/uploads\/2022\/10\/CMG9208.jpg\",\"contentUrl\":\"https:\/\/mack4seasons.com\/wp-content\/uploads\/2022\/10\/CMG9208.jpg\",\"width\":640,\"height\":640,\"caption\":\"Vaso di espansione chiuso codice CMG9208\"},{\"@type\":\"BreadcrumbList\",\"@id\":\"https:\/\/mack4seasons.com\/negozio\/ricambi-vari-stufe-caldaie\/vasi-di-espansione-chiusi-per-caldaie-a-pellet-e-legna\/vaso-di-espansione-chiuso-codice-cmg9208\/#breadcrumb\",\"itemListElement\":[{\"@type\":\"ListItem\",\"position\":1,\"name\":\"Home\",\"item\":\"https:\/\/mack4seasons.com\/ricambi-accessori-stufe-e-caldaie-pellet\/\"},{\"@type\":\"ListItem\",\"position\":2,\"name\":\"Shop\",\"item\":\"https:\/\/mack4seasons.com\/negozio\/\"},{\"@type\":\"ListItem\",\"position\":3,\"name\":\"Vaso di espansione chiuso &#8211; Codice CMG9208\"}]},{\"@type\":\"WebSite\",\"@id\":\"https:\/\/mack4seasons.com\/#website\",\"url\":\"https:\/\/mack4seasons.com\/\",\"name\":\"Mack4Season\",\"description\":\"Per il comfort termico della tua casa\",\"publisher\":{\"@id\":\"https:\/\/mack4seasons.com\/#organization\"},\"potentialAction\":[{\"@type\":\"SearchAction\",\"target\":{\"@type\":\"EntryPoint\",\"urlTemplate\":\"https:\/\/mack4seasons.com\/?s={search_term_string}\"},\"query-input\":{\"@type\":\"PropertyValueSpecification\",\"valueRequired\":true,\"valueName\":\"search_term_string\"}}],\"inLanguage\":\"fr-FR\"},{\"@type\":\"Organization\",\"@id\":\"https:\/\/mack4seasons.com\/#organization\",\"name\":\"Mack4Season\",\"url\":\"https:\/\/mack4seasons.com\/\",\"logo\":{\"@type\":\"ImageObject\",\"inLanguage\":\"fr-FR\",\"@id\":\"https:\/\/mack4seasons.com\/#\/schema\/logo\/image\/\",\"url\":\"https:\/\/mack4seasons.com\/wp-content\/uploads\/2021\/06\/w-MACK-logo-pantone-02A19E.png\",\"contentUrl\":\"https:\/\/mack4seasons.com\/wp-content\/uploads\/2021\/06\/w-MACK-logo-pantone-02A19E.png\",\"width\":809,\"height\":425,\"caption\":\"Mack4Season\"},\"image\":{\"@id\":\"https:\/\/mack4seasons.com\/#\/schema\/logo\/image\/\"},\"sameAs\":[\"https:\/\/www.facebook.com\/profile.php?id=100075990468585\"]}]}<\/script>\n<!-- \/ Yoast SEO plugin. -->","yoast_head_json":{"title":"Vaso di espansione chiuso - Codice CMG9208","description":"Vaso di espansione chiuso codice CMG9208 - Vaso di sfogo chiuso per caldaie a legna e pellet \u2013 Sfiatatore chiuso per caldaie a legna e pellet - Vaso anti esplosione chiuso per caldaie a legna e pellet - Buttafuori chiuso per caldaie a legna e pellet","robots":{"index":"index","follow":"follow","max-snippet":"max-snippet:-1","max-image-preview":"max-image-preview:large","max-video-preview":"max-video-preview:-1"},"canonical":"https:\/\/mack4seasons.com\/fr\/negozio\/ricambi-vari-stufe-caldaie\/vasi-di-espansione-chiusi-per-caldaie-a-pellet-e-legna\/vaso-di-espansione-chiuso-codice-cmg9208\/","og_locale":"fr_FR","og_type":"article","og_title":"Vaso di espansione chiuso - Codice CMG9208","og_description":"Vaso di espansione chiuso codice CMG9208 - Vaso di sfogo chiuso per caldaie a legna e pellet \u2013 Sfiatatore chiuso per caldaie a legna e pellet - Vaso anti esplosione chiuso per caldaie a legna e pellet - Buttafuori chiuso per caldaie a legna e pellet","og_url":"https:\/\/mack4seasons.com\/fr\/negozio\/ricambi-vari-stufe-caldaie\/vasi-di-espansione-chiusi-per-caldaie-a-pellet-e-legna\/vaso-di-espansione-chiuso-codice-cmg9208\/","og_site_name":"Mack4Season","article_publisher":"https:\/\/www.facebook.com\/profile.php?id=100075990468585","article_modified_time":"2022-10-31T14:32:59+00:00","og_image":[{"width":640,"height":640,"url":"https:\/\/mack4seasons.com\/wp-content\/uploads\/2022\/10\/CMG9208.jpg","type":"image\/jpeg"}],"twitter_card":"summary_large_image","twitter_misc":{"Dur\u00e9e de lecture estim\u00e9e":"2 minutes"},"schema":{"@context":"https:\/\/schema.org","@graph":[{"@type":"WebPage","@id":"https:\/\/mack4seasons.com\/negozio\/ricambi-vari-stufe-caldaie\/vasi-di-espansione-chiusi-per-caldaie-a-pellet-e-legna\/vaso-di-espansione-chiuso-codice-cmg9208\/","url":"https:\/\/mack4seasons.com\/negozio\/ricambi-vari-stufe-caldaie\/vasi-di-espansione-chiusi-per-caldaie-a-pellet-e-legna\/vaso-di-espansione-chiuso-codice-cmg9208\/","name":"Vaso di espansione chiuso - Codice CMG9208","isPartOf":{"@id":"https:\/\/mack4seasons.com\/#website"},"primaryImageOfPage":{"@id":"https:\/\/mack4seasons.com\/negozio\/ricambi-vari-stufe-caldaie\/vasi-di-espansione-chiusi-per-caldaie-a-pellet-e-legna\/vaso-di-espansione-chiuso-codice-cmg9208\/#primaryimage"},"image":{"@id":"https:\/\/mack4seasons.com\/negozio\/ricambi-vari-stufe-caldaie\/vasi-di-espansione-chiusi-per-caldaie-a-pellet-e-legna\/vaso-di-espansione-chiuso-codice-cmg9208\/#primaryimage"},"thumbnailUrl":"https:\/\/mack4seasons.com\/wp-content\/uploads\/2022\/10\/CMG9208.jpg","datePublished":"2022-10-31T14:32:20+00:00","dateModified":"2022-10-31T14:32:59+00:00","description":"Vaso di espansione chiuso codice CMG9208 - Vaso di sfogo chiuso per caldaie a legna e pellet \u2013 Sfiatatore chiuso per caldaie a legna e pellet - Vaso anti esplosione chiuso per caldaie a legna e pellet - Buttafuori chiuso per caldaie a legna e pellet","breadcrumb":{"@id":"https:\/\/mack4seasons.com\/negozio\/ricambi-vari-stufe-caldaie\/vasi-di-espansione-chiusi-per-caldaie-a-pellet-e-legna\/vaso-di-espansione-chiuso-codice-cmg9208\/#breadcrumb"},"inLanguage":"fr-FR","potentialAction":[{"@type":"ReadAction","target":["https:\/\/mack4seasons.com\/negozio\/ricambi-vari-stufe-caldaie\/vasi-di-espansione-chiusi-per-caldaie-a-pellet-e-legna\/vaso-di-espansione-chiuso-codice-cmg9208\/"]}]},{"@type":"ImageObject","inLanguage":"fr-FR","@id":"https:\/\/mack4seasons.com\/negozio\/ricambi-vari-stufe-caldaie\/vasi-di-espansione-chiusi-per-caldaie-a-pellet-e-legna\/vaso-di-espansione-chiuso-codice-cmg9208\/#primaryimage","url":"https:\/\/mack4seasons.com\/wp-content\/uploads\/2022\/10\/CMG9208.jpg","contentUrl":"https:\/\/mack4seasons.com\/wp-content\/uploads\/2022\/10\/CMG9208.jpg","width":640,"height":640,"caption":"Vaso di espansione chiuso codice CMG9208"},{"@type":"BreadcrumbList","@id":"https:\/\/mack4seasons.com\/negozio\/ricambi-vari-stufe-caldaie\/vasi-di-espansione-chiusi-per-caldaie-a-pellet-e-legna\/vaso-di-espansione-chiuso-codice-cmg9208\/#breadcrumb","itemListElement":[{"@type":"ListItem","position":1,"name":"Home","item":"https:\/\/mack4seasons.com\/ricambi-accessori-stufe-e-caldaie-pellet\/"},{"@type":"ListItem","position":2,"name":"Shop","item":"https:\/\/mack4seasons.com\/negozio\/"},{"@type":"ListItem","position":3,"name":"Vaso di espansione chiuso &#8211; Codice CMG9208"}]},{"@type":"WebSite","@id":"https:\/\/mack4seasons.com\/#website","url":"https:\/\/mack4seasons.com\/","name":"Mack4Season","description":"Pour le confort thermique de votre maison","publisher":{"@id":"https:\/\/mack4seasons.com\/#organization"},"potentialAction":[{"@type":"SearchAction","target":{"@type":"EntryPoint","urlTemplate":"https:\/\/mack4seasons.com\/?s={search_term_string}"},"query-input":{"@type":"PropertyValueSpecification","valueRequired":true,"valueName":"search_term_string"}}],"inLanguage":"fr-FR"},{"@type":"Organization","@id":"https:\/\/mack4seasons.com\/#organization","name":"Mack4Season","url":"https:\/\/mack4seasons.com\/","logo":{"@type":"ImageObject","inLanguage":"fr-FR","@id":"https:\/\/mack4seasons.com\/#\/schema\/logo\/image\/","url":"https:\/\/mack4seasons.com\/wp-content\/uploads\/2021\/06\/w-MACK-logo-pantone-02A19E.png","contentUrl":"https:\/\/mack4seasons.com\/wp-content\/uploads\/2021\/06\/w-MACK-logo-pantone-02A19E.png","width":809,"height":425,"caption":"Mack4Season"},"image":{"@id":"https:\/\/mack4seasons.com\/#\/schema\/logo\/image\/"},"sameAs":["https:\/\/www.facebook.com\/profile.php?id=100075990468585"]}]}},"_links":{"self":[{"href":"https:\/\/mack4seasons.com\/fr\/wp-json\/wp\/v2\/product\/16200","targetHints":{"allow":["GET"]}}],"collection":[{"href":"https:\/\/mack4seasons.com\/fr\/wp-json\/wp\/v2\/product"}],"about":[{"href":"https:\/\/mack4seasons.com\/fr\/wp-json\/wp\/v2\/types\/product"}],"wp:featuredmedia":[{"embeddable":true,"href":"https:\/\/mack4seasons.com\/fr\/wp-json\/wp\/v2\/media\/16201"}],"wp:attachment":[{"href":"https:\/\/mack4seasons.com\/fr\/wp-json\/wp\/v2\/media?parent=16200"}],"wp:term":[{"taxonomy":"product_brand","embeddable":true,"href":"https:\/\/mack4seasons.com\/fr\/wp-json\/wp\/v2\/product_brand?post=16200"},{"taxonomy":"product_cat","embeddable":true,"href":"https:\/\/mack4seasons.com\/fr\/wp-json\/wp\/v2\/product_cat?post=16200"},{"taxonomy":"product_tag","embeddable":true,"href":"https:\/\/mack4seasons.com\/fr\/wp-json\/wp\/v2\/product_tag?post=16200"}],"curies":[{"name":"wp","href":"https:\/\/api.w.org\/{rel}","templated":true}]}}