{"id":16098,"date":"2020-01-10T00:00:00","date_gmt":"2020-01-10T00:00:00","guid":{"rendered":"https:\/\/mack4seasons.com\/?post_type=product&#038;p=16098"},"modified":"2022-10-19T08:21:37","modified_gmt":"2022-10-19T08:21:37","slug":"guarnizione-serbatoio-pelletcod-jnq22","status":"publish","type":"product","link":"https:\/\/mack4seasons.com\/fr\/negozio\/ricambi-vari-stufe-caldaie\/guarnizioni-in-silicone\/guarnizioni-serbatoio-pellet\/guarnizione-serbatoio-pelletcod-jnq22\/","title":{"rendered":"Guarnizione serbatoio pellet &#8211; Codice JNQ22"},"content":{"rendered":"<hr \/>\n<h3> Joint \u00e9tanche pour couvercle r\u00e9servoir  <\/h3>\n<p>Dimension : 303,4 x 254,4 x 14 mm<\/p>\n<p>Code JNQ22<\/p>\n<h3>Les avantages de MACK FOUR SEASONS : <\/h3>\n<p>MACK FOUR SEASONS peut \u00e9galement fournir une gamme d\u2019accessoires et de pi\u00e8ces de rechange et de composants pour tous les po\u00eales et chaudi\u00e8res \u00e0 pellets pr\u00e9sents sur le march\u00e9.<br \/>\nVous trouverez sur notre e-commerce toujours disponible en stock toutes les pi\u00e8ces de premi\u00e8re n\u00e9cessit\u00e9.<br \/>\nLe personnel de MACK FOUR SEASONS a \u00e9t\u00e9 form\u00e9 avec soin pour vous aider \u00e0 identifier les \u00e9ventuels composants \u00e0 remplacer en offrant une assistance t\u00e9l\u00e9phonique en fran\u00e7ais, anglais, roumain et italien.<br \/>\nMACK FOUR SEASONS<br \/>\nN\u2019h\u00e9sitez pas \u00e0 nous contacter pour toute information.<\/p>","protected":false},"excerpt":{"rendered":"<p>Guarnizione tenuta stagna per coperchio serbatoio MISURE : 303,4 x 254,4 x 14 mm Codice JNQ22 I vantaggi di MACK FOUR SEASONS : MACK FOUR SEASONS inoltre pu\u00f2 anche fornire una gamma di accessori e pezzi di ricambio e componenti per tutte le stufe e caldaie a pellet presenti sul mercato. Troverete sul nostro e-commerce [&hellip;]<\/p>\n","protected":false},"featured_media":13347,"template":"","meta":[],"product_brand":[],"product_cat":[943,1208,812],"product_tag":[],"class_list":{"0":"post-16098","1":"product","2":"type-product","3":"status-publish","4":"has-post-thumbnail","6":"product_cat-guarnizioni-in-silicone","7":"product_cat-guarnizioni-serbatoio-pellet","8":"product_cat-ricambi-vari-stufe-caldaie","9":"product_shipping_class-classe-di-spedizione-01","11":"first","12":"instock","13":"taxable","14":"shipping-taxable","15":"purchasable","16":"product-type-simple"},"yoast_head":"<!-- This site is optimized with the Yoast SEO plugin v26.3 - https:\/\/yoast.com\/wordpress\/plugins\/seo\/ -->\n<title>Guarnizione serbatoio pellet - Codice JNQ22 - Mack4Season<\/title>\n<meta name=\"robots\" content=\"index, follow, max-snippet:-1, max-image-preview:large, max-video-preview:-1\" \/>\n<link rel=\"canonical\" href=\"https:\/\/mack4seasons.com\/fr\/negozio\/senza-categoria\/guarnizione-serbatoio-pelletcod-jnq22\/\" \/>\n<meta property=\"og:locale\" content=\"fr_FR\" \/>\n<meta property=\"og:type\" content=\"article\" \/>\n<meta property=\"og:title\" content=\"Guarnizione serbatoio pellet - Codice JNQ22 - Mack4Season\" \/>\n<meta property=\"og:description\" content=\"Guarnizione tenuta stagna per coperchio serbatoio MISURE : 303,4 x 254,4 x 14 mm Codice JNQ22 I vantaggi di MACK FOUR SEASONS : MACK FOUR SEASONS inoltre pu\u00f2 anche fornire una gamma di accessori e pezzi di ricambio e componenti per tutte le stufe e caldaie a pellet presenti sul mercato. Troverete sul nostro e-commerce [&hellip;]\" \/>\n<meta property=\"og:url\" content=\"https:\/\/mack4seasons.com\/fr\/negozio\/senza-categoria\/guarnizione-serbatoio-pelletcod-jnq22\/\" \/>\n<meta property=\"og:site_name\" content=\"Mack4Season\" \/>\n<meta property=\"article:publisher\" content=\"https:\/\/www.facebook.com\/profile.php?id=100075990468585\" \/>\n<meta property=\"article:modified_time\" content=\"2022-10-19T08:21:37+00:00\" \/>\n<meta name=\"twitter:card\" content=\"summary_large_image\" \/>\n<script type=\"application\/ld+json\" class=\"yoast-schema-graph\">{\"@context\":\"https:\/\/schema.org\",\"@graph\":[{\"@type\":\"WebPage\",\"@id\":\"https:\/\/mack4seasons.com\/negozio\/senza-categoria\/guarnizione-serbatoio-pelletcod-jnq22\/\",\"url\":\"https:\/\/mack4seasons.com\/negozio\/senza-categoria\/guarnizione-serbatoio-pelletcod-jnq22\/\",\"name\":\"Guarnizione serbatoio pellet - Codice JNQ22 - Mack4Season\",\"isPartOf\":{\"@id\":\"https:\/\/mack4seasons.com\/#website\"},\"primaryImageOfPage\":{\"@id\":\"https:\/\/mack4seasons.com\/negozio\/senza-categoria\/guarnizione-serbatoio-pelletcod-jnq22\/#primaryimage\"},\"image\":{\"@id\":\"https:\/\/mack4seasons.com\/negozio\/senza-categoria\/guarnizione-serbatoio-pelletcod-jnq22\/#primaryimage\"},\"thumbnailUrl\":\"https:\/\/mack4seasons.com\/wp-content\/uploads\/2021\/10\/w-SITO-GUARNIZIONI-35-M.jpg\",\"datePublished\":\"2020-01-10T00:00:00+00:00\",\"dateModified\":\"2022-10-19T08:21:37+00:00\",\"breadcrumb\":{\"@id\":\"https:\/\/mack4seasons.com\/negozio\/senza-categoria\/guarnizione-serbatoio-pelletcod-jnq22\/#breadcrumb\"},\"inLanguage\":\"fr-FR\",\"potentialAction\":[{\"@type\":\"ReadAction\",\"target\":[\"https:\/\/mack4seasons.com\/negozio\/senza-categoria\/guarnizione-serbatoio-pelletcod-jnq22\/\"]}]},{\"@type\":\"ImageObject\",\"inLanguage\":\"fr-FR\",\"@id\":\"https:\/\/mack4seasons.com\/negozio\/senza-categoria\/guarnizione-serbatoio-pelletcod-jnq22\/#primaryimage\",\"url\":\"https:\/\/mack4seasons.com\/wp-content\/uploads\/2021\/10\/w-SITO-GUARNIZIONI-35-M.jpg\",\"contentUrl\":\"https:\/\/mack4seasons.com\/wp-content\/uploads\/2021\/10\/w-SITO-GUARNIZIONI-35-M.jpg\",\"width\":960,\"height\":960},{\"@type\":\"BreadcrumbList\",\"@id\":\"https:\/\/mack4seasons.com\/negozio\/senza-categoria\/guarnizione-serbatoio-pelletcod-jnq22\/#breadcrumb\",\"itemListElement\":[{\"@type\":\"ListItem\",\"position\":1,\"name\":\"Home\",\"item\":\"https:\/\/mack4seasons.com\/ricambi-accessori-stufe-e-caldaie-pellet\/\"},{\"@type\":\"ListItem\",\"position\":2,\"name\":\"Shop\",\"item\":\"https:\/\/mack4seasons.com\/negozio\/\"},{\"@type\":\"ListItem\",\"position\":3,\"name\":\"Guarnizione serbatoio pellet &#8211; Codice JNQ22\"}]},{\"@type\":\"WebSite\",\"@id\":\"https:\/\/mack4seasons.com\/#website\",\"url\":\"https:\/\/mack4seasons.com\/\",\"name\":\"Mack4Season\",\"description\":\"Per il comfort termico della tua casa\",\"publisher\":{\"@id\":\"https:\/\/mack4seasons.com\/#organization\"},\"potentialAction\":[{\"@type\":\"SearchAction\",\"target\":{\"@type\":\"EntryPoint\",\"urlTemplate\":\"https:\/\/mack4seasons.com\/?s={search_term_string}\"},\"query-input\":{\"@type\":\"PropertyValueSpecification\",\"valueRequired\":true,\"valueName\":\"search_term_string\"}}],\"inLanguage\":\"fr-FR\"},{\"@type\":\"Organization\",\"@id\":\"https:\/\/mack4seasons.com\/#organization\",\"name\":\"Mack4Season\",\"url\":\"https:\/\/mack4seasons.com\/\",\"logo\":{\"@type\":\"ImageObject\",\"inLanguage\":\"fr-FR\",\"@id\":\"https:\/\/mack4seasons.com\/#\/schema\/logo\/image\/\",\"url\":\"https:\/\/mack4seasons.com\/wp-content\/uploads\/2021\/06\/w-MACK-logo-pantone-02A19E.png\",\"contentUrl\":\"https:\/\/mack4seasons.com\/wp-content\/uploads\/2021\/06\/w-MACK-logo-pantone-02A19E.png\",\"width\":809,\"height\":425,\"caption\":\"Mack4Season\"},\"image\":{\"@id\":\"https:\/\/mack4seasons.com\/#\/schema\/logo\/image\/\"},\"sameAs\":[\"https:\/\/www.facebook.com\/profile.php?id=100075990468585\"]}]}<\/script>\n<!-- \/ Yoast SEO plugin. -->","yoast_head_json":{"title":"Guarnizione serbatoio pellet - Codice JNQ22 - Mack4Season","robots":{"index":"index","follow":"follow","max-snippet":"max-snippet:-1","max-image-preview":"max-image-preview:large","max-video-preview":"max-video-preview:-1"},"canonical":"https:\/\/mack4seasons.com\/fr\/negozio\/senza-categoria\/guarnizione-serbatoio-pelletcod-jnq22\/","og_locale":"fr_FR","og_type":"article","og_title":"Guarnizione serbatoio pellet - Codice JNQ22 - Mack4Season","og_description":"Guarnizione tenuta stagna per coperchio serbatoio MISURE : 303,4 x 254,4 x 14 mm Codice JNQ22 I vantaggi di MACK FOUR SEASONS : MACK FOUR SEASONS inoltre pu\u00f2 anche fornire una gamma di accessori e pezzi di ricambio e componenti per tutte le stufe e caldaie a pellet presenti sul mercato. Troverete sul nostro e-commerce [&hellip;]","og_url":"https:\/\/mack4seasons.com\/fr\/negozio\/senza-categoria\/guarnizione-serbatoio-pelletcod-jnq22\/","og_site_name":"Mack4Season","article_publisher":"https:\/\/www.facebook.com\/profile.php?id=100075990468585","article_modified_time":"2022-10-19T08:21:37+00:00","twitter_card":"summary_large_image","schema":{"@context":"https:\/\/schema.org","@graph":[{"@type":"WebPage","@id":"https:\/\/mack4seasons.com\/negozio\/senza-categoria\/guarnizione-serbatoio-pelletcod-jnq22\/","url":"https:\/\/mack4seasons.com\/negozio\/senza-categoria\/guarnizione-serbatoio-pelletcod-jnq22\/","name":"Guarnizione serbatoio pellet - Codice JNQ22 - Mack4Season","isPartOf":{"@id":"https:\/\/mack4seasons.com\/#website"},"primaryImageOfPage":{"@id":"https:\/\/mack4seasons.com\/negozio\/senza-categoria\/guarnizione-serbatoio-pelletcod-jnq22\/#primaryimage"},"image":{"@id":"https:\/\/mack4seasons.com\/negozio\/senza-categoria\/guarnizione-serbatoio-pelletcod-jnq22\/#primaryimage"},"thumbnailUrl":"https:\/\/mack4seasons.com\/wp-content\/uploads\/2021\/10\/w-SITO-GUARNIZIONI-35-M.jpg","datePublished":"2020-01-10T00:00:00+00:00","dateModified":"2022-10-19T08:21:37+00:00","breadcrumb":{"@id":"https:\/\/mack4seasons.com\/negozio\/senza-categoria\/guarnizione-serbatoio-pelletcod-jnq22\/#breadcrumb"},"inLanguage":"fr-FR","potentialAction":[{"@type":"ReadAction","target":["https:\/\/mack4seasons.com\/negozio\/senza-categoria\/guarnizione-serbatoio-pelletcod-jnq22\/"]}]},{"@type":"ImageObject","inLanguage":"fr-FR","@id":"https:\/\/mack4seasons.com\/negozio\/senza-categoria\/guarnizione-serbatoio-pelletcod-jnq22\/#primaryimage","url":"https:\/\/mack4seasons.com\/wp-content\/uploads\/2021\/10\/w-SITO-GUARNIZIONI-35-M.jpg","contentUrl":"https:\/\/mack4seasons.com\/wp-content\/uploads\/2021\/10\/w-SITO-GUARNIZIONI-35-M.jpg","width":960,"height":960},{"@type":"BreadcrumbList","@id":"https:\/\/mack4seasons.com\/negozio\/senza-categoria\/guarnizione-serbatoio-pelletcod-jnq22\/#breadcrumb","itemListElement":[{"@type":"ListItem","position":1,"name":"Home","item":"https:\/\/mack4seasons.com\/ricambi-accessori-stufe-e-caldaie-pellet\/"},{"@type":"ListItem","position":2,"name":"Shop","item":"https:\/\/mack4seasons.com\/negozio\/"},{"@type":"ListItem","position":3,"name":"Guarnizione serbatoio pellet &#8211; Codice JNQ22"}]},{"@type":"WebSite","@id":"https:\/\/mack4seasons.com\/#website","url":"https:\/\/mack4seasons.com\/","name":"Mack4Season","description":"Pour le confort thermique de votre maison","publisher":{"@id":"https:\/\/mack4seasons.com\/#organization"},"potentialAction":[{"@type":"SearchAction","target":{"@type":"EntryPoint","urlTemplate":"https:\/\/mack4seasons.com\/?s={search_term_string}"},"query-input":{"@type":"PropertyValueSpecification","valueRequired":true,"valueName":"search_term_string"}}],"inLanguage":"fr-FR"},{"@type":"Organization","@id":"https:\/\/mack4seasons.com\/#organization","name":"Mack4Season","url":"https:\/\/mack4seasons.com\/","logo":{"@type":"ImageObject","inLanguage":"fr-FR","@id":"https:\/\/mack4seasons.com\/#\/schema\/logo\/image\/","url":"https:\/\/mack4seasons.com\/wp-content\/uploads\/2021\/06\/w-MACK-logo-pantone-02A19E.png","contentUrl":"https:\/\/mack4seasons.com\/wp-content\/uploads\/2021\/06\/w-MACK-logo-pantone-02A19E.png","width":809,"height":425,"caption":"Mack4Season"},"image":{"@id":"https:\/\/mack4seasons.com\/#\/schema\/logo\/image\/"},"sameAs":["https:\/\/www.facebook.com\/profile.php?id=100075990468585"]}]}},"_links":{"self":[{"href":"https:\/\/mack4seasons.com\/fr\/wp-json\/wp\/v2\/product\/16098","targetHints":{"allow":["GET"]}}],"collection":[{"href":"https:\/\/mack4seasons.com\/fr\/wp-json\/wp\/v2\/product"}],"about":[{"href":"https:\/\/mack4seasons.com\/fr\/wp-json\/wp\/v2\/types\/product"}],"wp:featuredmedia":[{"embeddable":true,"href":"https:\/\/mack4seasons.com\/fr\/wp-json\/wp\/v2\/media\/13347"}],"wp:attachment":[{"href":"https:\/\/mack4seasons.com\/fr\/wp-json\/wp\/v2\/media?parent=16098"}],"wp:term":[{"taxonomy":"product_brand","embeddable":true,"href":"https:\/\/mack4seasons.com\/fr\/wp-json\/wp\/v2\/product_brand?post=16098"},{"taxonomy":"product_cat","embeddable":true,"href":"https:\/\/mack4seasons.com\/fr\/wp-json\/wp\/v2\/product_cat?post=16098"},{"taxonomy":"product_tag","embeddable":true,"href":"https:\/\/mack4seasons.com\/fr\/wp-json\/wp\/v2\/product_tag?post=16098"}],"curies":[{"name":"wp","href":"https:\/\/api.w.org\/{rel}","templated":true}]}}