{"id":15641,"date":"1970-01-01T00:00:00","date_gmt":"1970-01-01T00:00:00","guid":{"rendered":"https:\/\/mack4seasons.com\/?post_type=product&#038;p=15641"},"modified":"2022-10-19T08:22:24","modified_gmt":"2022-10-19T08:22:24","slug":"spazzola-orizzontale-per-pulizia-caldaia-in-nylon-larghezza-120mm-lunghezza-250mm-codice-spc3006","status":"publish","type":"product","link":"https:\/\/mack4seasons.com\/fr\/negozio\/accessori-pulizia-canne-fumarie\/accessori-vari\/spazzola-orizzontale-per-pulizia-caldaia-in-nylon-larghezza-120mm-lunghezza-250mm-codice-spc3006\/","title":{"rendered":"Spazzola orizzontale per pulizia caldaia in nylon larghezza 120mm \u2013 lunghezza 250mm &#8211; Codice SPC3006"},"content":{"rendered":"<h3>Brosse en nylon pour nettoyage \u00e0 l\u2019int\u00e9rieur de la chaudi\u00e8re largeur 120 mm longeur 250 mm<\/h3>\n<p>Code SPC3006<\/p>\n<hr \/>\n<p>La Brush horizontale avec cadre triangulaire a \u00e9t\u00e9 con\u00e7ue pour nettoyer les parois int\u00e9rieures des chambres de combustion des po\u00eales et chaudi\u00e8res \u00e0 pellets et bois<\/p>","protected":false},"excerpt":{"rendered":"<p>Spazzola orizzontale per pulizia caldaia in nylon larghezza 120mm \u2013 lunghezza 250mm Codice SPC3006 La spazzola orizzontale con telaio triangolare \u00e8 stata progettata per pulire le pareti interne delle camere di combustione delle stufe e caldaie a pellet e legna<\/p>","protected":false},"featured_media":15696,"template":"","meta":[],"product_brand":[],"product_cat":[1193,1195],"product_tag":[],"class_list":{"0":"post-15641","1":"product","2":"type-product","3":"status-publish","4":"has-post-thumbnail","6":"product_cat-accessori-pulizia-canne-fumarie","7":"product_cat-accessori-vari","9":"first","10":"instock","11":"taxable","12":"shipping-taxable","13":"purchasable","14":"product-type-simple"},"yoast_head":"<!-- This site is optimized with the Yoast SEO plugin v26.3 - https:\/\/yoast.com\/wordpress\/plugins\/seo\/ -->\n<title>Spazzola orizzontale per pulizia caldaia in nylon larghezza 120mm \u2013 lunghezza 250mm - Codice SPC3006 - Mack4Season<\/title>\n<meta name=\"robots\" content=\"index, follow, max-snippet:-1, max-image-preview:large, max-video-preview:-1\" \/>\n<link rel=\"canonical\" href=\"https:\/\/mack4seasons.com\/fr\/negozio\/accessori-pulizia-canne-fumarie\/accessori-vari\/spazzola-orizzontale-per-pulizia-caldaia-in-nylon-larghezza-120mm-lunghezza-250mm-codice-spc3006\/\" \/>\n<meta property=\"og:locale\" content=\"fr_FR\" \/>\n<meta property=\"og:type\" content=\"article\" \/>\n<meta property=\"og:title\" content=\"Spazzola orizzontale per pulizia caldaia in nylon larghezza 120mm \u2013 lunghezza 250mm - Codice SPC3006 - Mack4Season\" \/>\n<meta property=\"og:description\" content=\"Spazzola orizzontale per pulizia caldaia in nylon larghezza 120mm \u2013 lunghezza 250mm Codice SPC3006 La spazzola orizzontale con telaio triangolare \u00e8 stata progettata per pulire le pareti interne delle camere di combustione delle stufe e caldaie a pellet e legna\" \/>\n<meta property=\"og:url\" content=\"https:\/\/mack4seasons.com\/fr\/negozio\/accessori-pulizia-canne-fumarie\/accessori-vari\/spazzola-orizzontale-per-pulizia-caldaia-in-nylon-larghezza-120mm-lunghezza-250mm-codice-spc3006\/\" \/>\n<meta property=\"og:site_name\" content=\"Mack4Season\" \/>\n<meta property=\"article:publisher\" content=\"https:\/\/www.facebook.com\/profile.php?id=100075990468585\" \/>\n<meta property=\"article:modified_time\" content=\"2022-10-19T08:22:24+00:00\" \/>\n<meta property=\"og:image\" content=\"https:\/\/mack4seasons.com\/wp-content\/uploads\/2022\/07\/Spazzola-orizzontale-per-pulizia-caldaia-in-nylon-larghezza-120mm-\u2013-lunghezza-250mm-Codice-SPC3006.jpg\" \/>\n\t<meta property=\"og:image:width\" content=\"640\" \/>\n\t<meta property=\"og:image:height\" content=\"640\" \/>\n\t<meta property=\"og:image:type\" content=\"image\/jpeg\" \/>\n<meta name=\"twitter:card\" content=\"summary_large_image\" \/>\n<meta name=\"twitter:label1\" content=\"Dur\u00e9e de lecture estim\u00e9e\" \/>\n\t<meta name=\"twitter:data1\" content=\"1 minute\" \/>\n<script type=\"application\/ld+json\" class=\"yoast-schema-graph\">{\"@context\":\"https:\/\/schema.org\",\"@graph\":[{\"@type\":\"WebPage\",\"@id\":\"https:\/\/mack4seasons.com\/negozio\/accessori-pulizia-canne-fumarie\/accessori-vari\/spazzola-orizzontale-per-pulizia-caldaia-in-nylon-larghezza-120mm-lunghezza-250mm-codice-spc3006\/\",\"url\":\"https:\/\/mack4seasons.com\/negozio\/accessori-pulizia-canne-fumarie\/accessori-vari\/spazzola-orizzontale-per-pulizia-caldaia-in-nylon-larghezza-120mm-lunghezza-250mm-codice-spc3006\/\",\"name\":\"Spazzola orizzontale per pulizia caldaia in nylon larghezza 120mm \u2013 lunghezza 250mm - Codice SPC3006 - Mack4Season\",\"isPartOf\":{\"@id\":\"https:\/\/mack4seasons.com\/#website\"},\"primaryImageOfPage\":{\"@id\":\"https:\/\/mack4seasons.com\/negozio\/accessori-pulizia-canne-fumarie\/accessori-vari\/spazzola-orizzontale-per-pulizia-caldaia-in-nylon-larghezza-120mm-lunghezza-250mm-codice-spc3006\/#primaryimage\"},\"image\":{\"@id\":\"https:\/\/mack4seasons.com\/negozio\/accessori-pulizia-canne-fumarie\/accessori-vari\/spazzola-orizzontale-per-pulizia-caldaia-in-nylon-larghezza-120mm-lunghezza-250mm-codice-spc3006\/#primaryimage\"},\"thumbnailUrl\":\"https:\/\/mack4seasons.com\/wp-content\/uploads\/2022\/07\/Spazzola-orizzontale-per-pulizia-caldaia-in-nylon-larghezza-120mm-\u2013-lunghezza-250mm-Codice-SPC3006.jpg\",\"datePublished\":\"1970-01-01T00:00:00+00:00\",\"dateModified\":\"2022-10-19T08:22:24+00:00\",\"breadcrumb\":{\"@id\":\"https:\/\/mack4seasons.com\/negozio\/accessori-pulizia-canne-fumarie\/accessori-vari\/spazzola-orizzontale-per-pulizia-caldaia-in-nylon-larghezza-120mm-lunghezza-250mm-codice-spc3006\/#breadcrumb\"},\"inLanguage\":\"fr-FR\",\"potentialAction\":[{\"@type\":\"ReadAction\",\"target\":[\"https:\/\/mack4seasons.com\/negozio\/accessori-pulizia-canne-fumarie\/accessori-vari\/spazzola-orizzontale-per-pulizia-caldaia-in-nylon-larghezza-120mm-lunghezza-250mm-codice-spc3006\/\"]}]},{\"@type\":\"ImageObject\",\"inLanguage\":\"fr-FR\",\"@id\":\"https:\/\/mack4seasons.com\/negozio\/accessori-pulizia-canne-fumarie\/accessori-vari\/spazzola-orizzontale-per-pulizia-caldaia-in-nylon-larghezza-120mm-lunghezza-250mm-codice-spc3006\/#primaryimage\",\"url\":\"https:\/\/mack4seasons.com\/wp-content\/uploads\/2022\/07\/Spazzola-orizzontale-per-pulizia-caldaia-in-nylon-larghezza-120mm-\u2013-lunghezza-250mm-Codice-SPC3006.jpg\",\"contentUrl\":\"https:\/\/mack4seasons.com\/wp-content\/uploads\/2022\/07\/Spazzola-orizzontale-per-pulizia-caldaia-in-nylon-larghezza-120mm-\u2013-lunghezza-250mm-Codice-SPC3006.jpg\",\"width\":640,\"height\":640},{\"@type\":\"BreadcrumbList\",\"@id\":\"https:\/\/mack4seasons.com\/negozio\/accessori-pulizia-canne-fumarie\/accessori-vari\/spazzola-orizzontale-per-pulizia-caldaia-in-nylon-larghezza-120mm-lunghezza-250mm-codice-spc3006\/#breadcrumb\",\"itemListElement\":[{\"@type\":\"ListItem\",\"position\":1,\"name\":\"Home\",\"item\":\"https:\/\/mack4seasons.com\/ricambi-accessori-stufe-e-caldaie-pellet\/\"},{\"@type\":\"ListItem\",\"position\":2,\"name\":\"Shop\",\"item\":\"https:\/\/mack4seasons.com\/negozio\/\"},{\"@type\":\"ListItem\",\"position\":3,\"name\":\"Spazzola orizzontale per pulizia caldaia in nylon larghezza 120mm \u2013 lunghezza 250mm &#8211; Codice SPC3006\"}]},{\"@type\":\"WebSite\",\"@id\":\"https:\/\/mack4seasons.com\/#website\",\"url\":\"https:\/\/mack4seasons.com\/\",\"name\":\"Mack4Season\",\"description\":\"Per il comfort termico della tua casa\",\"publisher\":{\"@id\":\"https:\/\/mack4seasons.com\/#organization\"},\"potentialAction\":[{\"@type\":\"SearchAction\",\"target\":{\"@type\":\"EntryPoint\",\"urlTemplate\":\"https:\/\/mack4seasons.com\/?s={search_term_string}\"},\"query-input\":{\"@type\":\"PropertyValueSpecification\",\"valueRequired\":true,\"valueName\":\"search_term_string\"}}],\"inLanguage\":\"fr-FR\"},{\"@type\":\"Organization\",\"@id\":\"https:\/\/mack4seasons.com\/#organization\",\"name\":\"Mack4Season\",\"url\":\"https:\/\/mack4seasons.com\/\",\"logo\":{\"@type\":\"ImageObject\",\"inLanguage\":\"fr-FR\",\"@id\":\"https:\/\/mack4seasons.com\/#\/schema\/logo\/image\/\",\"url\":\"https:\/\/mack4seasons.com\/wp-content\/uploads\/2021\/06\/w-MACK-logo-pantone-02A19E.png\",\"contentUrl\":\"https:\/\/mack4seasons.com\/wp-content\/uploads\/2021\/06\/w-MACK-logo-pantone-02A19E.png\",\"width\":809,\"height\":425,\"caption\":\"Mack4Season\"},\"image\":{\"@id\":\"https:\/\/mack4seasons.com\/#\/schema\/logo\/image\/\"},\"sameAs\":[\"https:\/\/www.facebook.com\/profile.php?id=100075990468585\"]}]}<\/script>\n<!-- \/ Yoast SEO plugin. -->","yoast_head_json":{"title":"Spazzola orizzontale per pulizia caldaia in nylon larghezza 120mm \u2013 lunghezza 250mm - Codice SPC3006 - Mack4Season","robots":{"index":"index","follow":"follow","max-snippet":"max-snippet:-1","max-image-preview":"max-image-preview:large","max-video-preview":"max-video-preview:-1"},"canonical":"https:\/\/mack4seasons.com\/fr\/negozio\/accessori-pulizia-canne-fumarie\/accessori-vari\/spazzola-orizzontale-per-pulizia-caldaia-in-nylon-larghezza-120mm-lunghezza-250mm-codice-spc3006\/","og_locale":"fr_FR","og_type":"article","og_title":"Spazzola orizzontale per pulizia caldaia in nylon larghezza 120mm \u2013 lunghezza 250mm - Codice SPC3006 - Mack4Season","og_description":"Spazzola orizzontale per pulizia caldaia in nylon larghezza 120mm \u2013 lunghezza 250mm Codice SPC3006 La spazzola orizzontale con telaio triangolare \u00e8 stata progettata per pulire le pareti interne delle camere di combustione delle stufe e caldaie a pellet e legna","og_url":"https:\/\/mack4seasons.com\/fr\/negozio\/accessori-pulizia-canne-fumarie\/accessori-vari\/spazzola-orizzontale-per-pulizia-caldaia-in-nylon-larghezza-120mm-lunghezza-250mm-codice-spc3006\/","og_site_name":"Mack4Season","article_publisher":"https:\/\/www.facebook.com\/profile.php?id=100075990468585","article_modified_time":"2022-10-19T08:22:24+00:00","og_image":[{"width":640,"height":640,"url":"https:\/\/mack4seasons.com\/wp-content\/uploads\/2022\/07\/Spazzola-orizzontale-per-pulizia-caldaia-in-nylon-larghezza-120mm-\u2013-lunghezza-250mm-Codice-SPC3006.jpg","type":"image\/jpeg"}],"twitter_card":"summary_large_image","twitter_misc":{"Dur\u00e9e de lecture estim\u00e9e":"1 minute"},"schema":{"@context":"https:\/\/schema.org","@graph":[{"@type":"WebPage","@id":"https:\/\/mack4seasons.com\/negozio\/accessori-pulizia-canne-fumarie\/accessori-vari\/spazzola-orizzontale-per-pulizia-caldaia-in-nylon-larghezza-120mm-lunghezza-250mm-codice-spc3006\/","url":"https:\/\/mack4seasons.com\/negozio\/accessori-pulizia-canne-fumarie\/accessori-vari\/spazzola-orizzontale-per-pulizia-caldaia-in-nylon-larghezza-120mm-lunghezza-250mm-codice-spc3006\/","name":"Spazzola orizzontale per pulizia caldaia in nylon larghezza 120mm \u2013 lunghezza 250mm - Codice SPC3006 - Mack4Season","isPartOf":{"@id":"https:\/\/mack4seasons.com\/#website"},"primaryImageOfPage":{"@id":"https:\/\/mack4seasons.com\/negozio\/accessori-pulizia-canne-fumarie\/accessori-vari\/spazzola-orizzontale-per-pulizia-caldaia-in-nylon-larghezza-120mm-lunghezza-250mm-codice-spc3006\/#primaryimage"},"image":{"@id":"https:\/\/mack4seasons.com\/negozio\/accessori-pulizia-canne-fumarie\/accessori-vari\/spazzola-orizzontale-per-pulizia-caldaia-in-nylon-larghezza-120mm-lunghezza-250mm-codice-spc3006\/#primaryimage"},"thumbnailUrl":"https:\/\/mack4seasons.com\/wp-content\/uploads\/2022\/07\/Spazzola-orizzontale-per-pulizia-caldaia-in-nylon-larghezza-120mm-\u2013-lunghezza-250mm-Codice-SPC3006.jpg","datePublished":"1970-01-01T00:00:00+00:00","dateModified":"2022-10-19T08:22:24+00:00","breadcrumb":{"@id":"https:\/\/mack4seasons.com\/negozio\/accessori-pulizia-canne-fumarie\/accessori-vari\/spazzola-orizzontale-per-pulizia-caldaia-in-nylon-larghezza-120mm-lunghezza-250mm-codice-spc3006\/#breadcrumb"},"inLanguage":"fr-FR","potentialAction":[{"@type":"ReadAction","target":["https:\/\/mack4seasons.com\/negozio\/accessori-pulizia-canne-fumarie\/accessori-vari\/spazzola-orizzontale-per-pulizia-caldaia-in-nylon-larghezza-120mm-lunghezza-250mm-codice-spc3006\/"]}]},{"@type":"ImageObject","inLanguage":"fr-FR","@id":"https:\/\/mack4seasons.com\/negozio\/accessori-pulizia-canne-fumarie\/accessori-vari\/spazzola-orizzontale-per-pulizia-caldaia-in-nylon-larghezza-120mm-lunghezza-250mm-codice-spc3006\/#primaryimage","url":"https:\/\/mack4seasons.com\/wp-content\/uploads\/2022\/07\/Spazzola-orizzontale-per-pulizia-caldaia-in-nylon-larghezza-120mm-\u2013-lunghezza-250mm-Codice-SPC3006.jpg","contentUrl":"https:\/\/mack4seasons.com\/wp-content\/uploads\/2022\/07\/Spazzola-orizzontale-per-pulizia-caldaia-in-nylon-larghezza-120mm-\u2013-lunghezza-250mm-Codice-SPC3006.jpg","width":640,"height":640},{"@type":"BreadcrumbList","@id":"https:\/\/mack4seasons.com\/negozio\/accessori-pulizia-canne-fumarie\/accessori-vari\/spazzola-orizzontale-per-pulizia-caldaia-in-nylon-larghezza-120mm-lunghezza-250mm-codice-spc3006\/#breadcrumb","itemListElement":[{"@type":"ListItem","position":1,"name":"Home","item":"https:\/\/mack4seasons.com\/ricambi-accessori-stufe-e-caldaie-pellet\/"},{"@type":"ListItem","position":2,"name":"Shop","item":"https:\/\/mack4seasons.com\/negozio\/"},{"@type":"ListItem","position":3,"name":"Spazzola orizzontale per pulizia caldaia in nylon larghezza 120mm \u2013 lunghezza 250mm &#8211; Codice SPC3006"}]},{"@type":"WebSite","@id":"https:\/\/mack4seasons.com\/#website","url":"https:\/\/mack4seasons.com\/","name":"Mack4Season","description":"Pour le confort thermique de votre maison","publisher":{"@id":"https:\/\/mack4seasons.com\/#organization"},"potentialAction":[{"@type":"SearchAction","target":{"@type":"EntryPoint","urlTemplate":"https:\/\/mack4seasons.com\/?s={search_term_string}"},"query-input":{"@type":"PropertyValueSpecification","valueRequired":true,"valueName":"search_term_string"}}],"inLanguage":"fr-FR"},{"@type":"Organization","@id":"https:\/\/mack4seasons.com\/#organization","name":"Mack4Season","url":"https:\/\/mack4seasons.com\/","logo":{"@type":"ImageObject","inLanguage":"fr-FR","@id":"https:\/\/mack4seasons.com\/#\/schema\/logo\/image\/","url":"https:\/\/mack4seasons.com\/wp-content\/uploads\/2021\/06\/w-MACK-logo-pantone-02A19E.png","contentUrl":"https:\/\/mack4seasons.com\/wp-content\/uploads\/2021\/06\/w-MACK-logo-pantone-02A19E.png","width":809,"height":425,"caption":"Mack4Season"},"image":{"@id":"https:\/\/mack4seasons.com\/#\/schema\/logo\/image\/"},"sameAs":["https:\/\/www.facebook.com\/profile.php?id=100075990468585"]}]}},"_links":{"self":[{"href":"https:\/\/mack4seasons.com\/fr\/wp-json\/wp\/v2\/product\/15641","targetHints":{"allow":["GET"]}}],"collection":[{"href":"https:\/\/mack4seasons.com\/fr\/wp-json\/wp\/v2\/product"}],"about":[{"href":"https:\/\/mack4seasons.com\/fr\/wp-json\/wp\/v2\/types\/product"}],"wp:featuredmedia":[{"embeddable":true,"href":"https:\/\/mack4seasons.com\/fr\/wp-json\/wp\/v2\/media\/15696"}],"wp:attachment":[{"href":"https:\/\/mack4seasons.com\/fr\/wp-json\/wp\/v2\/media?parent=15641"}],"wp:term":[{"taxonomy":"product_brand","embeddable":true,"href":"https:\/\/mack4seasons.com\/fr\/wp-json\/wp\/v2\/product_brand?post=15641"},{"taxonomy":"product_cat","embeddable":true,"href":"https:\/\/mack4seasons.com\/fr\/wp-json\/wp\/v2\/product_cat?post=15641"},{"taxonomy":"product_tag","embeddable":true,"href":"https:\/\/mack4seasons.com\/fr\/wp-json\/wp\/v2\/product_tag?post=15641"}],"curies":[{"name":"wp","href":"https:\/\/api.w.org\/{rel}","templated":true}]}}