{"id":15575,"date":"1970-01-01T00:00:00","date_gmt":"1970-01-01T00:00:00","guid":{"rendered":"https:\/\/mack4seasons.com\/?post_type=product&#038;p=15575"},"modified":"2022-10-19T08:22:22","modified_gmt":"2022-10-19T08:22:22","slug":"pennello-pulisci-bracere-in-acciaio-con-raschietto-lunghezza-250-mm-codice-spc3007","status":"publish","type":"product","link":"https:\/\/mack4seasons.com\/fr\/negozio\/accessori-pulizia-canne-fumarie\/accessori-vari\/pennello-pulisci-bracere-in-acciaio-con-raschietto-lunghezza-250-mm-codice-spc3007\/","title":{"rendered":"Pennello pulisci bracere in acciaio con raschietto \u2013 lunghezza 250 mm &#8211; Codice SPC3007"},"content":{"rendered":"<h3>Pinceau nettoyage du brasier en acier inox avec grattoir longeur 250 mm<\/h3>\n<p>Code SPC3007<\/p>\n<hr \/>\n<p>Le pinceau multi-usage en acier avec grattoir est sp\u00e9cialement con\u00e7u pour le nettoyage des po\u00eales et chaudi\u00e8res \u00e0 pellets et bois<br \/>\nSa double utilisation le rend tr\u00e8s efficace et polyvalent dans les situations o\u00f9 il y a des incrustations \u00e9paisses et difficiles \u00e0 \u00e9liminer<\/p>","protected":false},"excerpt":{"rendered":"<p>Pennello pulisci bracere in acciaio con raschietto \u2013 lunghezza 250 mm Codice SPC3007 Il pennello multiuso in acciaio con raschietto \u00e8 stato progettato appositamente per la pulizia del bracere delle stufe e caldaie a pellet e legna. Il suo doppio uso lo rende molto efficace e versatile nelle situazioni dove sono presenti incrostazioni spesse e [&hellip;]<\/p>\n","protected":false},"featured_media":15683,"template":"","meta":[],"product_brand":[],"product_cat":[1193,1195],"product_tag":[],"class_list":{"0":"post-15575","1":"product","2":"type-product","3":"status-publish","4":"has-post-thumbnail","6":"product_cat-accessori-pulizia-canne-fumarie","7":"product_cat-accessori-vari","9":"first","10":"instock","11":"taxable","12":"shipping-taxable","13":"purchasable","14":"product-type-simple"},"yoast_head":"<!-- This site is optimized with the Yoast SEO plugin v26.3 - https:\/\/yoast.com\/wordpress\/plugins\/seo\/ -->\n<title>Pennello pulisci bracere in acciaio con raschietto \u2013 lunghezza 250 mm - Codice SPC3007 - Mack4Season<\/title>\n<meta name=\"robots\" content=\"index, follow, max-snippet:-1, max-image-preview:large, max-video-preview:-1\" \/>\n<link rel=\"canonical\" href=\"https:\/\/mack4seasons.com\/fr\/negozio\/accessori-pulizia-canne-fumarie\/accessori-vari\/pennello-pulisci-bracere-in-acciaio-con-raschietto-lunghezza-250-mm-codice-spc3007\/\" \/>\n<meta property=\"og:locale\" content=\"fr_FR\" \/>\n<meta property=\"og:type\" content=\"article\" \/>\n<meta property=\"og:title\" content=\"Pennello pulisci bracere in acciaio con raschietto \u2013 lunghezza 250 mm - Codice SPC3007 - Mack4Season\" \/>\n<meta property=\"og:description\" content=\"Pennello pulisci bracere in acciaio con raschietto \u2013 lunghezza 250 mm Codice SPC3007 Il pennello multiuso in acciaio con raschietto \u00e8 stato progettato appositamente per la pulizia del bracere delle stufe e caldaie a pellet e legna. Il suo doppio uso lo rende molto efficace e versatile nelle situazioni dove sono presenti incrostazioni spesse e [&hellip;]\" \/>\n<meta property=\"og:url\" content=\"https:\/\/mack4seasons.com\/fr\/negozio\/accessori-pulizia-canne-fumarie\/accessori-vari\/pennello-pulisci-bracere-in-acciaio-con-raschietto-lunghezza-250-mm-codice-spc3007\/\" \/>\n<meta property=\"og:site_name\" content=\"Mack4Season\" \/>\n<meta property=\"article:publisher\" content=\"https:\/\/www.facebook.com\/profile.php?id=100075990468585\" \/>\n<meta property=\"article:modified_time\" content=\"2022-10-19T08:22:22+00:00\" \/>\n<meta property=\"og:image\" content=\"https:\/\/mack4seasons.com\/wp-content\/uploads\/2022\/07\/Pennello-pulisci-bracere-in-acciaio-con-raschietto-\u2013-lunghezza-250-mm-Codice-SPC3007.jpg\" \/>\n\t<meta property=\"og:image:width\" content=\"640\" \/>\n\t<meta property=\"og:image:height\" content=\"640\" \/>\n\t<meta property=\"og:image:type\" content=\"image\/jpeg\" \/>\n<meta name=\"twitter:card\" content=\"summary_large_image\" \/>\n<meta name=\"twitter:label1\" content=\"Dur\u00e9e de lecture estim\u00e9e\" \/>\n\t<meta name=\"twitter:data1\" content=\"1 minute\" \/>\n<script type=\"application\/ld+json\" class=\"yoast-schema-graph\">{\"@context\":\"https:\/\/schema.org\",\"@graph\":[{\"@type\":\"WebPage\",\"@id\":\"https:\/\/mack4seasons.com\/negozio\/accessori-pulizia-canne-fumarie\/accessori-vari\/pennello-pulisci-bracere-in-acciaio-con-raschietto-lunghezza-250-mm-codice-spc3007\/\",\"url\":\"https:\/\/mack4seasons.com\/negozio\/accessori-pulizia-canne-fumarie\/accessori-vari\/pennello-pulisci-bracere-in-acciaio-con-raschietto-lunghezza-250-mm-codice-spc3007\/\",\"name\":\"Pennello pulisci bracere in acciaio con raschietto \u2013 lunghezza 250 mm - Codice SPC3007 - Mack4Season\",\"isPartOf\":{\"@id\":\"https:\/\/mack4seasons.com\/#website\"},\"primaryImageOfPage\":{\"@id\":\"https:\/\/mack4seasons.com\/negozio\/accessori-pulizia-canne-fumarie\/accessori-vari\/pennello-pulisci-bracere-in-acciaio-con-raschietto-lunghezza-250-mm-codice-spc3007\/#primaryimage\"},\"image\":{\"@id\":\"https:\/\/mack4seasons.com\/negozio\/accessori-pulizia-canne-fumarie\/accessori-vari\/pennello-pulisci-bracere-in-acciaio-con-raschietto-lunghezza-250-mm-codice-spc3007\/#primaryimage\"},\"thumbnailUrl\":\"https:\/\/mack4seasons.com\/wp-content\/uploads\/2022\/07\/Pennello-pulisci-bracere-in-acciaio-con-raschietto-\u2013-lunghezza-250-mm-Codice-SPC3007.jpg\",\"datePublished\":\"1970-01-01T00:00:00+00:00\",\"dateModified\":\"2022-10-19T08:22:22+00:00\",\"breadcrumb\":{\"@id\":\"https:\/\/mack4seasons.com\/negozio\/accessori-pulizia-canne-fumarie\/accessori-vari\/pennello-pulisci-bracere-in-acciaio-con-raschietto-lunghezza-250-mm-codice-spc3007\/#breadcrumb\"},\"inLanguage\":\"fr-FR\",\"potentialAction\":[{\"@type\":\"ReadAction\",\"target\":[\"https:\/\/mack4seasons.com\/negozio\/accessori-pulizia-canne-fumarie\/accessori-vari\/pennello-pulisci-bracere-in-acciaio-con-raschietto-lunghezza-250-mm-codice-spc3007\/\"]}]},{\"@type\":\"ImageObject\",\"inLanguage\":\"fr-FR\",\"@id\":\"https:\/\/mack4seasons.com\/negozio\/accessori-pulizia-canne-fumarie\/accessori-vari\/pennello-pulisci-bracere-in-acciaio-con-raschietto-lunghezza-250-mm-codice-spc3007\/#primaryimage\",\"url\":\"https:\/\/mack4seasons.com\/wp-content\/uploads\/2022\/07\/Pennello-pulisci-bracere-in-acciaio-con-raschietto-\u2013-lunghezza-250-mm-Codice-SPC3007.jpg\",\"contentUrl\":\"https:\/\/mack4seasons.com\/wp-content\/uploads\/2022\/07\/Pennello-pulisci-bracere-in-acciaio-con-raschietto-\u2013-lunghezza-250-mm-Codice-SPC3007.jpg\",\"width\":640,\"height\":640},{\"@type\":\"BreadcrumbList\",\"@id\":\"https:\/\/mack4seasons.com\/negozio\/accessori-pulizia-canne-fumarie\/accessori-vari\/pennello-pulisci-bracere-in-acciaio-con-raschietto-lunghezza-250-mm-codice-spc3007\/#breadcrumb\",\"itemListElement\":[{\"@type\":\"ListItem\",\"position\":1,\"name\":\"Home\",\"item\":\"https:\/\/mack4seasons.com\/ricambi-accessori-stufe-e-caldaie-pellet\/\"},{\"@type\":\"ListItem\",\"position\":2,\"name\":\"Shop\",\"item\":\"https:\/\/mack4seasons.com\/negozio\/\"},{\"@type\":\"ListItem\",\"position\":3,\"name\":\"Pennello pulisci bracere in acciaio con raschietto \u2013 lunghezza 250 mm &#8211; Codice SPC3007\"}]},{\"@type\":\"WebSite\",\"@id\":\"https:\/\/mack4seasons.com\/#website\",\"url\":\"https:\/\/mack4seasons.com\/\",\"name\":\"Mack4Season\",\"description\":\"Per il comfort termico della tua casa\",\"publisher\":{\"@id\":\"https:\/\/mack4seasons.com\/#organization\"},\"potentialAction\":[{\"@type\":\"SearchAction\",\"target\":{\"@type\":\"EntryPoint\",\"urlTemplate\":\"https:\/\/mack4seasons.com\/?s={search_term_string}\"},\"query-input\":{\"@type\":\"PropertyValueSpecification\",\"valueRequired\":true,\"valueName\":\"search_term_string\"}}],\"inLanguage\":\"fr-FR\"},{\"@type\":\"Organization\",\"@id\":\"https:\/\/mack4seasons.com\/#organization\",\"name\":\"Mack4Season\",\"url\":\"https:\/\/mack4seasons.com\/\",\"logo\":{\"@type\":\"ImageObject\",\"inLanguage\":\"fr-FR\",\"@id\":\"https:\/\/mack4seasons.com\/#\/schema\/logo\/image\/\",\"url\":\"https:\/\/mack4seasons.com\/wp-content\/uploads\/2021\/06\/w-MACK-logo-pantone-02A19E.png\",\"contentUrl\":\"https:\/\/mack4seasons.com\/wp-content\/uploads\/2021\/06\/w-MACK-logo-pantone-02A19E.png\",\"width\":809,\"height\":425,\"caption\":\"Mack4Season\"},\"image\":{\"@id\":\"https:\/\/mack4seasons.com\/#\/schema\/logo\/image\/\"},\"sameAs\":[\"https:\/\/www.facebook.com\/profile.php?id=100075990468585\"]}]}<\/script>\n<!-- \/ Yoast SEO plugin. -->","yoast_head_json":{"title":"Pennello pulisci bracere in acciaio con raschietto \u2013 lunghezza 250 mm - Codice SPC3007 - Mack4Season","robots":{"index":"index","follow":"follow","max-snippet":"max-snippet:-1","max-image-preview":"max-image-preview:large","max-video-preview":"max-video-preview:-1"},"canonical":"https:\/\/mack4seasons.com\/fr\/negozio\/accessori-pulizia-canne-fumarie\/accessori-vari\/pennello-pulisci-bracere-in-acciaio-con-raschietto-lunghezza-250-mm-codice-spc3007\/","og_locale":"fr_FR","og_type":"article","og_title":"Pennello pulisci bracere in acciaio con raschietto \u2013 lunghezza 250 mm - Codice SPC3007 - Mack4Season","og_description":"Pennello pulisci bracere in acciaio con raschietto \u2013 lunghezza 250 mm Codice SPC3007 Il pennello multiuso in acciaio con raschietto \u00e8 stato progettato appositamente per la pulizia del bracere delle stufe e caldaie a pellet e legna. Il suo doppio uso lo rende molto efficace e versatile nelle situazioni dove sono presenti incrostazioni spesse e [&hellip;]","og_url":"https:\/\/mack4seasons.com\/fr\/negozio\/accessori-pulizia-canne-fumarie\/accessori-vari\/pennello-pulisci-bracere-in-acciaio-con-raschietto-lunghezza-250-mm-codice-spc3007\/","og_site_name":"Mack4Season","article_publisher":"https:\/\/www.facebook.com\/profile.php?id=100075990468585","article_modified_time":"2022-10-19T08:22:22+00:00","og_image":[{"width":640,"height":640,"url":"https:\/\/mack4seasons.com\/wp-content\/uploads\/2022\/07\/Pennello-pulisci-bracere-in-acciaio-con-raschietto-\u2013-lunghezza-250-mm-Codice-SPC3007.jpg","type":"image\/jpeg"}],"twitter_card":"summary_large_image","twitter_misc":{"Dur\u00e9e de lecture estim\u00e9e":"1 minute"},"schema":{"@context":"https:\/\/schema.org","@graph":[{"@type":"WebPage","@id":"https:\/\/mack4seasons.com\/negozio\/accessori-pulizia-canne-fumarie\/accessori-vari\/pennello-pulisci-bracere-in-acciaio-con-raschietto-lunghezza-250-mm-codice-spc3007\/","url":"https:\/\/mack4seasons.com\/negozio\/accessori-pulizia-canne-fumarie\/accessori-vari\/pennello-pulisci-bracere-in-acciaio-con-raschietto-lunghezza-250-mm-codice-spc3007\/","name":"Pennello pulisci bracere in acciaio con raschietto \u2013 lunghezza 250 mm - Codice SPC3007 - Mack4Season","isPartOf":{"@id":"https:\/\/mack4seasons.com\/#website"},"primaryImageOfPage":{"@id":"https:\/\/mack4seasons.com\/negozio\/accessori-pulizia-canne-fumarie\/accessori-vari\/pennello-pulisci-bracere-in-acciaio-con-raschietto-lunghezza-250-mm-codice-spc3007\/#primaryimage"},"image":{"@id":"https:\/\/mack4seasons.com\/negozio\/accessori-pulizia-canne-fumarie\/accessori-vari\/pennello-pulisci-bracere-in-acciaio-con-raschietto-lunghezza-250-mm-codice-spc3007\/#primaryimage"},"thumbnailUrl":"https:\/\/mack4seasons.com\/wp-content\/uploads\/2022\/07\/Pennello-pulisci-bracere-in-acciaio-con-raschietto-\u2013-lunghezza-250-mm-Codice-SPC3007.jpg","datePublished":"1970-01-01T00:00:00+00:00","dateModified":"2022-10-19T08:22:22+00:00","breadcrumb":{"@id":"https:\/\/mack4seasons.com\/negozio\/accessori-pulizia-canne-fumarie\/accessori-vari\/pennello-pulisci-bracere-in-acciaio-con-raschietto-lunghezza-250-mm-codice-spc3007\/#breadcrumb"},"inLanguage":"fr-FR","potentialAction":[{"@type":"ReadAction","target":["https:\/\/mack4seasons.com\/negozio\/accessori-pulizia-canne-fumarie\/accessori-vari\/pennello-pulisci-bracere-in-acciaio-con-raschietto-lunghezza-250-mm-codice-spc3007\/"]}]},{"@type":"ImageObject","inLanguage":"fr-FR","@id":"https:\/\/mack4seasons.com\/negozio\/accessori-pulizia-canne-fumarie\/accessori-vari\/pennello-pulisci-bracere-in-acciaio-con-raschietto-lunghezza-250-mm-codice-spc3007\/#primaryimage","url":"https:\/\/mack4seasons.com\/wp-content\/uploads\/2022\/07\/Pennello-pulisci-bracere-in-acciaio-con-raschietto-\u2013-lunghezza-250-mm-Codice-SPC3007.jpg","contentUrl":"https:\/\/mack4seasons.com\/wp-content\/uploads\/2022\/07\/Pennello-pulisci-bracere-in-acciaio-con-raschietto-\u2013-lunghezza-250-mm-Codice-SPC3007.jpg","width":640,"height":640},{"@type":"BreadcrumbList","@id":"https:\/\/mack4seasons.com\/negozio\/accessori-pulizia-canne-fumarie\/accessori-vari\/pennello-pulisci-bracere-in-acciaio-con-raschietto-lunghezza-250-mm-codice-spc3007\/#breadcrumb","itemListElement":[{"@type":"ListItem","position":1,"name":"Home","item":"https:\/\/mack4seasons.com\/ricambi-accessori-stufe-e-caldaie-pellet\/"},{"@type":"ListItem","position":2,"name":"Shop","item":"https:\/\/mack4seasons.com\/negozio\/"},{"@type":"ListItem","position":3,"name":"Pennello pulisci bracere in acciaio con raschietto \u2013 lunghezza 250 mm &#8211; Codice SPC3007"}]},{"@type":"WebSite","@id":"https:\/\/mack4seasons.com\/#website","url":"https:\/\/mack4seasons.com\/","name":"Mack4Season","description":"Pour le confort thermique de votre maison","publisher":{"@id":"https:\/\/mack4seasons.com\/#organization"},"potentialAction":[{"@type":"SearchAction","target":{"@type":"EntryPoint","urlTemplate":"https:\/\/mack4seasons.com\/?s={search_term_string}"},"query-input":{"@type":"PropertyValueSpecification","valueRequired":true,"valueName":"search_term_string"}}],"inLanguage":"fr-FR"},{"@type":"Organization","@id":"https:\/\/mack4seasons.com\/#organization","name":"Mack4Season","url":"https:\/\/mack4seasons.com\/","logo":{"@type":"ImageObject","inLanguage":"fr-FR","@id":"https:\/\/mack4seasons.com\/#\/schema\/logo\/image\/","url":"https:\/\/mack4seasons.com\/wp-content\/uploads\/2021\/06\/w-MACK-logo-pantone-02A19E.png","contentUrl":"https:\/\/mack4seasons.com\/wp-content\/uploads\/2021\/06\/w-MACK-logo-pantone-02A19E.png","width":809,"height":425,"caption":"Mack4Season"},"image":{"@id":"https:\/\/mack4seasons.com\/#\/schema\/logo\/image\/"},"sameAs":["https:\/\/www.facebook.com\/profile.php?id=100075990468585"]}]}},"_links":{"self":[{"href":"https:\/\/mack4seasons.com\/fr\/wp-json\/wp\/v2\/product\/15575","targetHints":{"allow":["GET"]}}],"collection":[{"href":"https:\/\/mack4seasons.com\/fr\/wp-json\/wp\/v2\/product"}],"about":[{"href":"https:\/\/mack4seasons.com\/fr\/wp-json\/wp\/v2\/types\/product"}],"wp:featuredmedia":[{"embeddable":true,"href":"https:\/\/mack4seasons.com\/fr\/wp-json\/wp\/v2\/media\/15683"}],"wp:attachment":[{"href":"https:\/\/mack4seasons.com\/fr\/wp-json\/wp\/v2\/media?parent=15575"}],"wp:term":[{"taxonomy":"product_brand","embeddable":true,"href":"https:\/\/mack4seasons.com\/fr\/wp-json\/wp\/v2\/product_brand?post=15575"},{"taxonomy":"product_cat","embeddable":true,"href":"https:\/\/mack4seasons.com\/fr\/wp-json\/wp\/v2\/product_cat?post=15575"},{"taxonomy":"product_tag","embeddable":true,"href":"https:\/\/mack4seasons.com\/fr\/wp-json\/wp\/v2\/product_tag?post=15575"}],"curies":[{"name":"wp","href":"https:\/\/api.w.org\/{rel}","templated":true}]}}