{"id":15487,"date":"2022-07-19T07:57:24","date_gmt":"2022-07-19T07:57:24","guid":{"rendered":"https:\/\/mack4seasons.com\/?post_type=product&#038;p=15487"},"modified":"2022-07-19T09:07:07","modified_gmt":"2022-07-19T09:07:07","slug":"scovolo-spazzacamino-in-acciaio","status":"publish","type":"product","link":"https:\/\/mack4seasons.com\/fr\/negozio\/accessori-pulizia-canne-fumarie\/accessori-legna-e-pellet\/scovolo-spazzacamino-in-acciaio\/","title":{"rendered":"H\u00e8risson ramonage en acier"},"content":{"rendered":"<h3>H\u00e9risson de ramonage en acier de 20 mm \u00e0 350 mm<\/h3>\n<hr \/>\n<p>Les H\u00e9rissons de ramonage sont normalement utilis\u00e9s pour le nettoyage des tuyaux et du conduit de fum\u00e9e en t\u00f4le ou en acier.<\/p>\n<p>Les H\u00e9rissons de 20 mm \u00e0 180 mm sont assembl\u00e9es avec du fil d\u2019acier ondul\u00e9 et de 200 mm \u00e0 350 mm en plaque d\u2019acier donc tr\u00e8s agressives sur les incrustations.<\/p>\n<p>Tous les H\u00e9rissons peuvent \u00eatre adapt\u00e9s aux tiges en polypropyl\u00e8ne (code ASP1001) ou \u00e0 la rallonge flexible en ressort en acier (code AFS1001) avec la poign\u00e9e en plastique (code IPP1001).<\/p>","protected":false},"excerpt":{"rendered":"<p>Scovoli spazzacamino in acciaio dal \u00f8 20 mm al \u00f8 350 mm Gli scovoli spazzacamino vengono normalmente utilizzati per effettuare la pulizia dei tubi e della canna fumaria in lamiera o in acciaio. Gli scovoli dal \u00f8 20 mm\u00a0 al \u00f8 180 mm\u00a0 sono assemblati con filo d&#8217;acciaio ondulato e dal \u00f8 200 mm al [&hellip;]<\/p>\n","protected":false},"featured_media":15559,"template":"","meta":[],"product_brand":[],"product_cat":[1194,1193],"product_tag":[],"class_list":{"0":"post-15487","1":"product","2":"type-product","3":"status-publish","4":"has-post-thumbnail","6":"product_cat-accessori-legna-e-pellet","7":"product_cat-accessori-pulizia-canne-fumarie","9":"first","10":"instock","11":"taxable","12":"shipping-taxable","13":"purchasable","14":"product-type-variable"},"yoast_head":"<!-- This site is optimized with the Yoast SEO plugin v26.3 - https:\/\/yoast.com\/wordpress\/plugins\/seo\/ -->\n<title>Scovoli spazzacamino in acciaio - Mack4Season<\/title>\n<meta name=\"robots\" content=\"index, follow, max-snippet:-1, max-image-preview:large, max-video-preview:-1\" \/>\n<link rel=\"canonical\" href=\"https:\/\/mack4seasons.com\/fr\/negozio\/accessori-pulizia-canne-fumarie\/accessori-legna-e-pellet\/scovolo-spazzacamino-in-acciaio\/\" \/>\n<meta property=\"og:locale\" content=\"fr_FR\" \/>\n<meta property=\"og:type\" content=\"article\" \/>\n<meta property=\"og:title\" content=\"Scovoli spazzacamino in acciaio - Mack4Season\" \/>\n<meta property=\"og:description\" content=\"Scovoli spazzacamino in acciaio dal \u00f8 20 mm al \u00f8 350 mm Gli scovoli spazzacamino vengono normalmente utilizzati per effettuare la pulizia dei tubi e della canna fumaria in lamiera o in acciaio. Gli scovoli dal \u00f8 20 mm\u00a0 al \u00f8 180 mm\u00a0 sono assemblati con filo d&#8217;acciaio ondulato e dal \u00f8 200 mm al [&hellip;]\" \/>\n<meta property=\"og:url\" content=\"https:\/\/mack4seasons.com\/fr\/negozio\/accessori-pulizia-canne-fumarie\/accessori-legna-e-pellet\/scovolo-spazzacamino-in-acciaio\/\" \/>\n<meta property=\"og:site_name\" content=\"Mack4Season\" \/>\n<meta property=\"article:publisher\" content=\"https:\/\/www.facebook.com\/profile.php?id=100075990468585\" \/>\n<meta property=\"article:modified_time\" content=\"2022-07-19T09:07:07+00:00\" \/>\n<meta property=\"og:image\" content=\"https:\/\/mack4seasons.com\/wp-content\/uploads\/2022\/07\/Scovoli-spazzacamino-in-acciaio.jpg\" \/>\n\t<meta property=\"og:image:width\" content=\"640\" \/>\n\t<meta property=\"og:image:height\" content=\"640\" \/>\n\t<meta property=\"og:image:type\" content=\"image\/jpeg\" \/>\n<meta name=\"twitter:card\" content=\"summary_large_image\" \/>\n<meta name=\"twitter:label1\" content=\"Dur\u00e9e de lecture estim\u00e9e\" \/>\n\t<meta name=\"twitter:data1\" content=\"1 minute\" \/>\n<script type=\"application\/ld+json\" class=\"yoast-schema-graph\">{\"@context\":\"https:\/\/schema.org\",\"@graph\":[{\"@type\":\"WebPage\",\"@id\":\"https:\/\/mack4seasons.com\/negozio\/accessori-pulizia-canne-fumarie\/accessori-legna-e-pellet\/scovolo-spazzacamino-in-acciaio\/\",\"url\":\"https:\/\/mack4seasons.com\/negozio\/accessori-pulizia-canne-fumarie\/accessori-legna-e-pellet\/scovolo-spazzacamino-in-acciaio\/\",\"name\":\"Scovoli spazzacamino in acciaio - Mack4Season\",\"isPartOf\":{\"@id\":\"https:\/\/mack4seasons.com\/#website\"},\"primaryImageOfPage\":{\"@id\":\"https:\/\/mack4seasons.com\/negozio\/accessori-pulizia-canne-fumarie\/accessori-legna-e-pellet\/scovolo-spazzacamino-in-acciaio\/#primaryimage\"},\"image\":{\"@id\":\"https:\/\/mack4seasons.com\/negozio\/accessori-pulizia-canne-fumarie\/accessori-legna-e-pellet\/scovolo-spazzacamino-in-acciaio\/#primaryimage\"},\"thumbnailUrl\":\"https:\/\/mack4seasons.com\/wp-content\/uploads\/2022\/07\/Scovoli-spazzacamino-in-acciaio.jpg\",\"datePublished\":\"2022-07-19T07:57:24+00:00\",\"dateModified\":\"2022-07-19T09:07:07+00:00\",\"breadcrumb\":{\"@id\":\"https:\/\/mack4seasons.com\/negozio\/accessori-pulizia-canne-fumarie\/accessori-legna-e-pellet\/scovolo-spazzacamino-in-acciaio\/#breadcrumb\"},\"inLanguage\":\"fr-FR\",\"potentialAction\":[{\"@type\":\"ReadAction\",\"target\":[\"https:\/\/mack4seasons.com\/negozio\/accessori-pulizia-canne-fumarie\/accessori-legna-e-pellet\/scovolo-spazzacamino-in-acciaio\/\"]}]},{\"@type\":\"ImageObject\",\"inLanguage\":\"fr-FR\",\"@id\":\"https:\/\/mack4seasons.com\/negozio\/accessori-pulizia-canne-fumarie\/accessori-legna-e-pellet\/scovolo-spazzacamino-in-acciaio\/#primaryimage\",\"url\":\"https:\/\/mack4seasons.com\/wp-content\/uploads\/2022\/07\/Scovoli-spazzacamino-in-acciaio.jpg\",\"contentUrl\":\"https:\/\/mack4seasons.com\/wp-content\/uploads\/2022\/07\/Scovoli-spazzacamino-in-acciaio.jpg\",\"width\":640,\"height\":640},{\"@type\":\"BreadcrumbList\",\"@id\":\"https:\/\/mack4seasons.com\/negozio\/accessori-pulizia-canne-fumarie\/accessori-legna-e-pellet\/scovolo-spazzacamino-in-acciaio\/#breadcrumb\",\"itemListElement\":[{\"@type\":\"ListItem\",\"position\":1,\"name\":\"Home\",\"item\":\"https:\/\/mack4seasons.com\/ricambi-accessori-stufe-e-caldaie-pellet\/\"},{\"@type\":\"ListItem\",\"position\":2,\"name\":\"Shop\",\"item\":\"https:\/\/mack4seasons.com\/negozio\/\"},{\"@type\":\"ListItem\",\"position\":3,\"name\":\"Scovoli spazzacamino in acciaio\"}]},{\"@type\":\"WebSite\",\"@id\":\"https:\/\/mack4seasons.com\/#website\",\"url\":\"https:\/\/mack4seasons.com\/\",\"name\":\"Mack4Season\",\"description\":\"Per il comfort termico della tua casa\",\"publisher\":{\"@id\":\"https:\/\/mack4seasons.com\/#organization\"},\"potentialAction\":[{\"@type\":\"SearchAction\",\"target\":{\"@type\":\"EntryPoint\",\"urlTemplate\":\"https:\/\/mack4seasons.com\/?s={search_term_string}\"},\"query-input\":{\"@type\":\"PropertyValueSpecification\",\"valueRequired\":true,\"valueName\":\"search_term_string\"}}],\"inLanguage\":\"fr-FR\"},{\"@type\":\"Organization\",\"@id\":\"https:\/\/mack4seasons.com\/#organization\",\"name\":\"Mack4Season\",\"url\":\"https:\/\/mack4seasons.com\/\",\"logo\":{\"@type\":\"ImageObject\",\"inLanguage\":\"fr-FR\",\"@id\":\"https:\/\/mack4seasons.com\/#\/schema\/logo\/image\/\",\"url\":\"https:\/\/mack4seasons.com\/wp-content\/uploads\/2021\/06\/w-MACK-logo-pantone-02A19E.png\",\"contentUrl\":\"https:\/\/mack4seasons.com\/wp-content\/uploads\/2021\/06\/w-MACK-logo-pantone-02A19E.png\",\"width\":809,\"height\":425,\"caption\":\"Mack4Season\"},\"image\":{\"@id\":\"https:\/\/mack4seasons.com\/#\/schema\/logo\/image\/\"},\"sameAs\":[\"https:\/\/www.facebook.com\/profile.php?id=100075990468585\"]}]}<\/script>\n<!-- \/ Yoast SEO plugin. -->","yoast_head_json":{"title":"Scovoli spazzacamino in acciaio - Mack4Season","robots":{"index":"index","follow":"follow","max-snippet":"max-snippet:-1","max-image-preview":"max-image-preview:large","max-video-preview":"max-video-preview:-1"},"canonical":"https:\/\/mack4seasons.com\/fr\/negozio\/accessori-pulizia-canne-fumarie\/accessori-legna-e-pellet\/scovolo-spazzacamino-in-acciaio\/","og_locale":"fr_FR","og_type":"article","og_title":"Scovoli spazzacamino in acciaio - Mack4Season","og_description":"Scovoli spazzacamino in acciaio dal \u00f8 20 mm al \u00f8 350 mm Gli scovoli spazzacamino vengono normalmente utilizzati per effettuare la pulizia dei tubi e della canna fumaria in lamiera o in acciaio. Gli scovoli dal \u00f8 20 mm\u00a0 al \u00f8 180 mm\u00a0 sono assemblati con filo d&#8217;acciaio ondulato e dal \u00f8 200 mm al [&hellip;]","og_url":"https:\/\/mack4seasons.com\/fr\/negozio\/accessori-pulizia-canne-fumarie\/accessori-legna-e-pellet\/scovolo-spazzacamino-in-acciaio\/","og_site_name":"Mack4Season","article_publisher":"https:\/\/www.facebook.com\/profile.php?id=100075990468585","article_modified_time":"2022-07-19T09:07:07+00:00","og_image":[{"width":640,"height":640,"url":"https:\/\/mack4seasons.com\/wp-content\/uploads\/2022\/07\/Scovoli-spazzacamino-in-acciaio.jpg","type":"image\/jpeg"}],"twitter_card":"summary_large_image","twitter_misc":{"Dur\u00e9e de lecture estim\u00e9e":"1 minute"},"schema":{"@context":"https:\/\/schema.org","@graph":[{"@type":"WebPage","@id":"https:\/\/mack4seasons.com\/negozio\/accessori-pulizia-canne-fumarie\/accessori-legna-e-pellet\/scovolo-spazzacamino-in-acciaio\/","url":"https:\/\/mack4seasons.com\/negozio\/accessori-pulizia-canne-fumarie\/accessori-legna-e-pellet\/scovolo-spazzacamino-in-acciaio\/","name":"Scovoli spazzacamino in acciaio - Mack4Season","isPartOf":{"@id":"https:\/\/mack4seasons.com\/#website"},"primaryImageOfPage":{"@id":"https:\/\/mack4seasons.com\/negozio\/accessori-pulizia-canne-fumarie\/accessori-legna-e-pellet\/scovolo-spazzacamino-in-acciaio\/#primaryimage"},"image":{"@id":"https:\/\/mack4seasons.com\/negozio\/accessori-pulizia-canne-fumarie\/accessori-legna-e-pellet\/scovolo-spazzacamino-in-acciaio\/#primaryimage"},"thumbnailUrl":"https:\/\/mack4seasons.com\/wp-content\/uploads\/2022\/07\/Scovoli-spazzacamino-in-acciaio.jpg","datePublished":"2022-07-19T07:57:24+00:00","dateModified":"2022-07-19T09:07:07+00:00","breadcrumb":{"@id":"https:\/\/mack4seasons.com\/negozio\/accessori-pulizia-canne-fumarie\/accessori-legna-e-pellet\/scovolo-spazzacamino-in-acciaio\/#breadcrumb"},"inLanguage":"fr-FR","potentialAction":[{"@type":"ReadAction","target":["https:\/\/mack4seasons.com\/negozio\/accessori-pulizia-canne-fumarie\/accessori-legna-e-pellet\/scovolo-spazzacamino-in-acciaio\/"]}]},{"@type":"ImageObject","inLanguage":"fr-FR","@id":"https:\/\/mack4seasons.com\/negozio\/accessori-pulizia-canne-fumarie\/accessori-legna-e-pellet\/scovolo-spazzacamino-in-acciaio\/#primaryimage","url":"https:\/\/mack4seasons.com\/wp-content\/uploads\/2022\/07\/Scovoli-spazzacamino-in-acciaio.jpg","contentUrl":"https:\/\/mack4seasons.com\/wp-content\/uploads\/2022\/07\/Scovoli-spazzacamino-in-acciaio.jpg","width":640,"height":640},{"@type":"BreadcrumbList","@id":"https:\/\/mack4seasons.com\/negozio\/accessori-pulizia-canne-fumarie\/accessori-legna-e-pellet\/scovolo-spazzacamino-in-acciaio\/#breadcrumb","itemListElement":[{"@type":"ListItem","position":1,"name":"Home","item":"https:\/\/mack4seasons.com\/ricambi-accessori-stufe-e-caldaie-pellet\/"},{"@type":"ListItem","position":2,"name":"Shop","item":"https:\/\/mack4seasons.com\/negozio\/"},{"@type":"ListItem","position":3,"name":"Scovoli spazzacamino in acciaio"}]},{"@type":"WebSite","@id":"https:\/\/mack4seasons.com\/#website","url":"https:\/\/mack4seasons.com\/","name":"Mack4Season","description":"Pour le confort thermique de votre maison","publisher":{"@id":"https:\/\/mack4seasons.com\/#organization"},"potentialAction":[{"@type":"SearchAction","target":{"@type":"EntryPoint","urlTemplate":"https:\/\/mack4seasons.com\/?s={search_term_string}"},"query-input":{"@type":"PropertyValueSpecification","valueRequired":true,"valueName":"search_term_string"}}],"inLanguage":"fr-FR"},{"@type":"Organization","@id":"https:\/\/mack4seasons.com\/#organization","name":"Mack4Season","url":"https:\/\/mack4seasons.com\/","logo":{"@type":"ImageObject","inLanguage":"fr-FR","@id":"https:\/\/mack4seasons.com\/#\/schema\/logo\/image\/","url":"https:\/\/mack4seasons.com\/wp-content\/uploads\/2021\/06\/w-MACK-logo-pantone-02A19E.png","contentUrl":"https:\/\/mack4seasons.com\/wp-content\/uploads\/2021\/06\/w-MACK-logo-pantone-02A19E.png","width":809,"height":425,"caption":"Mack4Season"},"image":{"@id":"https:\/\/mack4seasons.com\/#\/schema\/logo\/image\/"},"sameAs":["https:\/\/www.facebook.com\/profile.php?id=100075990468585"]}]}},"_links":{"self":[{"href":"https:\/\/mack4seasons.com\/fr\/wp-json\/wp\/v2\/product\/15487","targetHints":{"allow":["GET"]}}],"collection":[{"href":"https:\/\/mack4seasons.com\/fr\/wp-json\/wp\/v2\/product"}],"about":[{"href":"https:\/\/mack4seasons.com\/fr\/wp-json\/wp\/v2\/types\/product"}],"wp:featuredmedia":[{"embeddable":true,"href":"https:\/\/mack4seasons.com\/fr\/wp-json\/wp\/v2\/media\/15559"}],"wp:attachment":[{"href":"https:\/\/mack4seasons.com\/fr\/wp-json\/wp\/v2\/media?parent=15487"}],"wp:term":[{"taxonomy":"product_brand","embeddable":true,"href":"https:\/\/mack4seasons.com\/fr\/wp-json\/wp\/v2\/product_brand?post=15487"},{"taxonomy":"product_cat","embeddable":true,"href":"https:\/\/mack4seasons.com\/fr\/wp-json\/wp\/v2\/product_cat?post=15487"},{"taxonomy":"product_tag","embeddable":true,"href":"https:\/\/mack4seasons.com\/fr\/wp-json\/wp\/v2\/product_tag?post=15487"}],"curies":[{"name":"wp","href":"https:\/\/api.w.org\/{rel}","templated":true}]}}