{"id":15204,"date":"1970-01-01T00:00:00","date_gmt":"1970-01-01T00:00:00","guid":{"rendered":"https:\/\/mack4seasons.com\/?post_type=product&#038;p=15204"},"modified":"2022-10-19T08:22:21","modified_gmt":"2022-10-19T08:22:21","slug":"impugnatura-in-plastica-per-prolunga-codice-ipp1001","status":"publish","type":"product","link":"https:\/\/mack4seasons.com\/fr\/negozio\/accessori-pulizia-canne-fumarie\/accessori-legna-e-pellet\/impugnatura-in-plastica-per-prolunga-codice-ipp1001\/","title":{"rendered":"Poign\u00e9e standard pour prolonge - Code IPP1001"},"content":{"rendered":"<h3>Poign\u00e9e standard en plastique pour prolonge<\/h3>\n<p>Code IPP1001<\/p>\n<hr \/>\n<p>La poign\u00e9e standard en plastique se visse sur le filetage qui se trouve sur la partie oppos\u00e9e \u00e0 la poign\u00e9e compatible avec tous les types de rallonges en polypropyl\u00e8ne et en acier pr\u00e9sentes sur notre e-commerce.<br \/>\nMACK 4 SEASONS dispose de tous les accessoires n\u00e9cessaires au nettoyage classique de la chemin\u00e9e.<br \/>\nRallonges compatibles : PFX1001 \u2013 ASP1001 \u2013 AFS1001<\/p>","protected":false},"excerpt":{"rendered":"<p>Impugnatura standard in plastica per prolunghe Codice IPP1001 L\u2019impugnatura standard in plastica si avvvita al filetto che si trova sulla parte opposta all\u2019impugnature compatibile con tutti i tipi di prolunghe in polipropilene ed acciaio presenti sul nostro e-commerce. MACK 4 SEASONS dispone di tutti gli accessori inerenti alla pulizia classica della canna fumaria. Prolunghe compatibili [&hellip;]<\/p>\n","protected":false},"featured_media":15550,"template":"","meta":[],"product_brand":[],"product_cat":[1194,1193],"product_tag":[],"class_list":{"0":"post-15204","1":"product","2":"type-product","3":"status-publish","4":"has-post-thumbnail","6":"product_cat-accessori-legna-e-pellet","7":"product_cat-accessori-pulizia-canne-fumarie","9":"first","10":"instock","11":"taxable","12":"shipping-taxable","13":"purchasable","14":"product-type-simple"},"yoast_head":"<!-- This site is optimized with the Yoast SEO plugin v26.3 - https:\/\/yoast.com\/wordpress\/plugins\/seo\/ -->\n<title>Impugnatura in plastica per prolunga - Codice IPP1001 - Mack4Season<\/title>\n<meta name=\"robots\" content=\"index, follow, max-snippet:-1, max-image-preview:large, max-video-preview:-1\" \/>\n<link rel=\"canonical\" href=\"https:\/\/mack4seasons.com\/fr\/negozio\/accessori-pulizia-canne-fumarie\/accessori-legna-e-pellet\/impugnatura-in-plastica-per-prolunga-codice-ipp1001\/\" \/>\n<meta property=\"og:locale\" content=\"fr_FR\" \/>\n<meta property=\"og:type\" content=\"article\" \/>\n<meta property=\"og:title\" content=\"Impugnatura in plastica per prolunga - Codice IPP1001 - Mack4Season\" \/>\n<meta property=\"og:description\" content=\"Impugnatura standard in plastica per prolunghe Codice IPP1001 L\u2019impugnatura standard in plastica si avvvita al filetto che si trova sulla parte opposta all\u2019impugnature compatibile con tutti i tipi di prolunghe in polipropilene ed acciaio presenti sul nostro e-commerce. MACK 4 SEASONS dispone di tutti gli accessori inerenti alla pulizia classica della canna fumaria. Prolunghe compatibili [&hellip;]\" \/>\n<meta property=\"og:url\" content=\"https:\/\/mack4seasons.com\/fr\/negozio\/accessori-pulizia-canne-fumarie\/accessori-legna-e-pellet\/impugnatura-in-plastica-per-prolunga-codice-ipp1001\/\" \/>\n<meta property=\"og:site_name\" content=\"Mack4Season\" \/>\n<meta property=\"article:publisher\" content=\"https:\/\/www.facebook.com\/profile.php?id=100075990468585\" \/>\n<meta property=\"article:modified_time\" content=\"2022-10-19T08:22:21+00:00\" \/>\n<meta property=\"og:image\" content=\"https:\/\/mack4seasons.com\/wp-content\/uploads\/2022\/07\/Impugnatura-in-plastica-per-prolunga-Codice-IPP1001.jpg\" \/>\n\t<meta property=\"og:image:width\" content=\"640\" \/>\n\t<meta property=\"og:image:height\" content=\"640\" \/>\n\t<meta property=\"og:image:type\" content=\"image\/jpeg\" \/>\n<meta name=\"twitter:card\" content=\"summary_large_image\" \/>\n<meta name=\"twitter:label1\" content=\"Dur\u00e9e de lecture estim\u00e9e\" \/>\n\t<meta name=\"twitter:data1\" content=\"1 minute\" \/>\n<script type=\"application\/ld+json\" class=\"yoast-schema-graph\">{\"@context\":\"https:\/\/schema.org\",\"@graph\":[{\"@type\":\"WebPage\",\"@id\":\"https:\/\/mack4seasons.com\/negozio\/accessori-pulizia-canne-fumarie\/accessori-legna-e-pellet\/impugnatura-in-plastica-per-prolunga-codice-ipp1001\/\",\"url\":\"https:\/\/mack4seasons.com\/negozio\/accessori-pulizia-canne-fumarie\/accessori-legna-e-pellet\/impugnatura-in-plastica-per-prolunga-codice-ipp1001\/\",\"name\":\"Impugnatura in plastica per prolunga - Codice IPP1001 - Mack4Season\",\"isPartOf\":{\"@id\":\"https:\/\/mack4seasons.com\/#website\"},\"primaryImageOfPage\":{\"@id\":\"https:\/\/mack4seasons.com\/negozio\/accessori-pulizia-canne-fumarie\/accessori-legna-e-pellet\/impugnatura-in-plastica-per-prolunga-codice-ipp1001\/#primaryimage\"},\"image\":{\"@id\":\"https:\/\/mack4seasons.com\/negozio\/accessori-pulizia-canne-fumarie\/accessori-legna-e-pellet\/impugnatura-in-plastica-per-prolunga-codice-ipp1001\/#primaryimage\"},\"thumbnailUrl\":\"https:\/\/mack4seasons.com\/wp-content\/uploads\/2022\/07\/Impugnatura-in-plastica-per-prolunga-Codice-IPP1001.jpg\",\"datePublished\":\"1970-01-01T00:00:00+00:00\",\"dateModified\":\"2022-10-19T08:22:21+00:00\",\"breadcrumb\":{\"@id\":\"https:\/\/mack4seasons.com\/negozio\/accessori-pulizia-canne-fumarie\/accessori-legna-e-pellet\/impugnatura-in-plastica-per-prolunga-codice-ipp1001\/#breadcrumb\"},\"inLanguage\":\"fr-FR\",\"potentialAction\":[{\"@type\":\"ReadAction\",\"target\":[\"https:\/\/mack4seasons.com\/negozio\/accessori-pulizia-canne-fumarie\/accessori-legna-e-pellet\/impugnatura-in-plastica-per-prolunga-codice-ipp1001\/\"]}]},{\"@type\":\"ImageObject\",\"inLanguage\":\"fr-FR\",\"@id\":\"https:\/\/mack4seasons.com\/negozio\/accessori-pulizia-canne-fumarie\/accessori-legna-e-pellet\/impugnatura-in-plastica-per-prolunga-codice-ipp1001\/#primaryimage\",\"url\":\"https:\/\/mack4seasons.com\/wp-content\/uploads\/2022\/07\/Impugnatura-in-plastica-per-prolunga-Codice-IPP1001.jpg\",\"contentUrl\":\"https:\/\/mack4seasons.com\/wp-content\/uploads\/2022\/07\/Impugnatura-in-plastica-per-prolunga-Codice-IPP1001.jpg\",\"width\":640,\"height\":640},{\"@type\":\"BreadcrumbList\",\"@id\":\"https:\/\/mack4seasons.com\/negozio\/accessori-pulizia-canne-fumarie\/accessori-legna-e-pellet\/impugnatura-in-plastica-per-prolunga-codice-ipp1001\/#breadcrumb\",\"itemListElement\":[{\"@type\":\"ListItem\",\"position\":1,\"name\":\"Home\",\"item\":\"https:\/\/mack4seasons.com\/ricambi-accessori-stufe-e-caldaie-pellet\/\"},{\"@type\":\"ListItem\",\"position\":2,\"name\":\"Shop\",\"item\":\"https:\/\/mack4seasons.com\/negozio\/\"},{\"@type\":\"ListItem\",\"position\":3,\"name\":\"Impugnatura in plastica per prolunga &#8211; Codice IPP1001\"}]},{\"@type\":\"WebSite\",\"@id\":\"https:\/\/mack4seasons.com\/#website\",\"url\":\"https:\/\/mack4seasons.com\/\",\"name\":\"Mack4Season\",\"description\":\"Per il comfort termico della tua casa\",\"publisher\":{\"@id\":\"https:\/\/mack4seasons.com\/#organization\"},\"potentialAction\":[{\"@type\":\"SearchAction\",\"target\":{\"@type\":\"EntryPoint\",\"urlTemplate\":\"https:\/\/mack4seasons.com\/?s={search_term_string}\"},\"query-input\":{\"@type\":\"PropertyValueSpecification\",\"valueRequired\":true,\"valueName\":\"search_term_string\"}}],\"inLanguage\":\"fr-FR\"},{\"@type\":\"Organization\",\"@id\":\"https:\/\/mack4seasons.com\/#organization\",\"name\":\"Mack4Season\",\"url\":\"https:\/\/mack4seasons.com\/\",\"logo\":{\"@type\":\"ImageObject\",\"inLanguage\":\"fr-FR\",\"@id\":\"https:\/\/mack4seasons.com\/#\/schema\/logo\/image\/\",\"url\":\"https:\/\/mack4seasons.com\/wp-content\/uploads\/2021\/06\/w-MACK-logo-pantone-02A19E.png\",\"contentUrl\":\"https:\/\/mack4seasons.com\/wp-content\/uploads\/2021\/06\/w-MACK-logo-pantone-02A19E.png\",\"width\":809,\"height\":425,\"caption\":\"Mack4Season\"},\"image\":{\"@id\":\"https:\/\/mack4seasons.com\/#\/schema\/logo\/image\/\"},\"sameAs\":[\"https:\/\/www.facebook.com\/profile.php?id=100075990468585\"]}]}<\/script>\n<!-- \/ Yoast SEO plugin. -->","yoast_head_json":{"title":"Impugnatura in plastica per prolunga - Codice IPP1001 - Mack4Season","robots":{"index":"index","follow":"follow","max-snippet":"max-snippet:-1","max-image-preview":"max-image-preview:large","max-video-preview":"max-video-preview:-1"},"canonical":"https:\/\/mack4seasons.com\/fr\/negozio\/accessori-pulizia-canne-fumarie\/accessori-legna-e-pellet\/impugnatura-in-plastica-per-prolunga-codice-ipp1001\/","og_locale":"fr_FR","og_type":"article","og_title":"Impugnatura in plastica per prolunga - Codice IPP1001 - Mack4Season","og_description":"Impugnatura standard in plastica per prolunghe Codice IPP1001 L\u2019impugnatura standard in plastica si avvvita al filetto che si trova sulla parte opposta all\u2019impugnature compatibile con tutti i tipi di prolunghe in polipropilene ed acciaio presenti sul nostro e-commerce. MACK 4 SEASONS dispone di tutti gli accessori inerenti alla pulizia classica della canna fumaria. Prolunghe compatibili [&hellip;]","og_url":"https:\/\/mack4seasons.com\/fr\/negozio\/accessori-pulizia-canne-fumarie\/accessori-legna-e-pellet\/impugnatura-in-plastica-per-prolunga-codice-ipp1001\/","og_site_name":"Mack4Season","article_publisher":"https:\/\/www.facebook.com\/profile.php?id=100075990468585","article_modified_time":"2022-10-19T08:22:21+00:00","og_image":[{"width":640,"height":640,"url":"https:\/\/mack4seasons.com\/wp-content\/uploads\/2022\/07\/Impugnatura-in-plastica-per-prolunga-Codice-IPP1001.jpg","type":"image\/jpeg"}],"twitter_card":"summary_large_image","twitter_misc":{"Dur\u00e9e de lecture estim\u00e9e":"1 minute"},"schema":{"@context":"https:\/\/schema.org","@graph":[{"@type":"WebPage","@id":"https:\/\/mack4seasons.com\/negozio\/accessori-pulizia-canne-fumarie\/accessori-legna-e-pellet\/impugnatura-in-plastica-per-prolunga-codice-ipp1001\/","url":"https:\/\/mack4seasons.com\/negozio\/accessori-pulizia-canne-fumarie\/accessori-legna-e-pellet\/impugnatura-in-plastica-per-prolunga-codice-ipp1001\/","name":"Impugnatura in plastica per prolunga - Codice IPP1001 - Mack4Season","isPartOf":{"@id":"https:\/\/mack4seasons.com\/#website"},"primaryImageOfPage":{"@id":"https:\/\/mack4seasons.com\/negozio\/accessori-pulizia-canne-fumarie\/accessori-legna-e-pellet\/impugnatura-in-plastica-per-prolunga-codice-ipp1001\/#primaryimage"},"image":{"@id":"https:\/\/mack4seasons.com\/negozio\/accessori-pulizia-canne-fumarie\/accessori-legna-e-pellet\/impugnatura-in-plastica-per-prolunga-codice-ipp1001\/#primaryimage"},"thumbnailUrl":"https:\/\/mack4seasons.com\/wp-content\/uploads\/2022\/07\/Impugnatura-in-plastica-per-prolunga-Codice-IPP1001.jpg","datePublished":"1970-01-01T00:00:00+00:00","dateModified":"2022-10-19T08:22:21+00:00","breadcrumb":{"@id":"https:\/\/mack4seasons.com\/negozio\/accessori-pulizia-canne-fumarie\/accessori-legna-e-pellet\/impugnatura-in-plastica-per-prolunga-codice-ipp1001\/#breadcrumb"},"inLanguage":"fr-FR","potentialAction":[{"@type":"ReadAction","target":["https:\/\/mack4seasons.com\/negozio\/accessori-pulizia-canne-fumarie\/accessori-legna-e-pellet\/impugnatura-in-plastica-per-prolunga-codice-ipp1001\/"]}]},{"@type":"ImageObject","inLanguage":"fr-FR","@id":"https:\/\/mack4seasons.com\/negozio\/accessori-pulizia-canne-fumarie\/accessori-legna-e-pellet\/impugnatura-in-plastica-per-prolunga-codice-ipp1001\/#primaryimage","url":"https:\/\/mack4seasons.com\/wp-content\/uploads\/2022\/07\/Impugnatura-in-plastica-per-prolunga-Codice-IPP1001.jpg","contentUrl":"https:\/\/mack4seasons.com\/wp-content\/uploads\/2022\/07\/Impugnatura-in-plastica-per-prolunga-Codice-IPP1001.jpg","width":640,"height":640},{"@type":"BreadcrumbList","@id":"https:\/\/mack4seasons.com\/negozio\/accessori-pulizia-canne-fumarie\/accessori-legna-e-pellet\/impugnatura-in-plastica-per-prolunga-codice-ipp1001\/#breadcrumb","itemListElement":[{"@type":"ListItem","position":1,"name":"Home","item":"https:\/\/mack4seasons.com\/ricambi-accessori-stufe-e-caldaie-pellet\/"},{"@type":"ListItem","position":2,"name":"Shop","item":"https:\/\/mack4seasons.com\/negozio\/"},{"@type":"ListItem","position":3,"name":"Impugnatura in plastica per prolunga &#8211; Codice IPP1001"}]},{"@type":"WebSite","@id":"https:\/\/mack4seasons.com\/#website","url":"https:\/\/mack4seasons.com\/","name":"Mack4Season","description":"Pour le confort thermique de votre maison","publisher":{"@id":"https:\/\/mack4seasons.com\/#organization"},"potentialAction":[{"@type":"SearchAction","target":{"@type":"EntryPoint","urlTemplate":"https:\/\/mack4seasons.com\/?s={search_term_string}"},"query-input":{"@type":"PropertyValueSpecification","valueRequired":true,"valueName":"search_term_string"}}],"inLanguage":"fr-FR"},{"@type":"Organization","@id":"https:\/\/mack4seasons.com\/#organization","name":"Mack4Season","url":"https:\/\/mack4seasons.com\/","logo":{"@type":"ImageObject","inLanguage":"fr-FR","@id":"https:\/\/mack4seasons.com\/#\/schema\/logo\/image\/","url":"https:\/\/mack4seasons.com\/wp-content\/uploads\/2021\/06\/w-MACK-logo-pantone-02A19E.png","contentUrl":"https:\/\/mack4seasons.com\/wp-content\/uploads\/2021\/06\/w-MACK-logo-pantone-02A19E.png","width":809,"height":425,"caption":"Mack4Season"},"image":{"@id":"https:\/\/mack4seasons.com\/#\/schema\/logo\/image\/"},"sameAs":["https:\/\/www.facebook.com\/profile.php?id=100075990468585"]}]}},"_links":{"self":[{"href":"https:\/\/mack4seasons.com\/fr\/wp-json\/wp\/v2\/product\/15204","targetHints":{"allow":["GET"]}}],"collection":[{"href":"https:\/\/mack4seasons.com\/fr\/wp-json\/wp\/v2\/product"}],"about":[{"href":"https:\/\/mack4seasons.com\/fr\/wp-json\/wp\/v2\/types\/product"}],"wp:featuredmedia":[{"embeddable":true,"href":"https:\/\/mack4seasons.com\/fr\/wp-json\/wp\/v2\/media\/15550"}],"wp:attachment":[{"href":"https:\/\/mack4seasons.com\/fr\/wp-json\/wp\/v2\/media?parent=15204"}],"wp:term":[{"taxonomy":"product_brand","embeddable":true,"href":"https:\/\/mack4seasons.com\/fr\/wp-json\/wp\/v2\/product_brand?post=15204"},{"taxonomy":"product_cat","embeddable":true,"href":"https:\/\/mack4seasons.com\/fr\/wp-json\/wp\/v2\/product_cat?post=15204"},{"taxonomy":"product_tag","embeddable":true,"href":"https:\/\/mack4seasons.com\/fr\/wp-json\/wp\/v2\/product_tag?post=15204"}],"curies":[{"name":"wp","href":"https:\/\/api.w.org\/{rel}","templated":true}]}}