{"id":14568,"date":"2020-10-01T00:00:00","date_gmt":"2020-10-01T00:00:00","guid":{"rendered":"https:\/\/mack4seasons.com\/?post_type=product&#038;p=14568"},"modified":"2023-05-22T12:24:17","modified_gmt":"2023-05-22T12:24:17","slug":"motoriduttore-sincrono-ipc-3-5-rpm","status":"publish","type":"product","link":"https:\/\/mack4seasons.com\/fr\/negozio\/ricambi-vari-stufe-caldaie\/motoriduttori-per-stufe-caldaie-pellet\/motoriduttori-sincrono-ipc\/motoriduttore-sincrono-ipc-3-5-rpm\/","title":{"rendered":"Motor\u00e9ducteur synchrone IPC 3,5 rpm - Code GMF235D901 - Arbre \u00f8 9,5 mm"},"content":{"rendered":"<hr \/>\n<h3>Motor\u00e9ducteur sincrono IPC 3,5 rpm<\/h3>\n<p>Code GMF235D901<\/p>\n<p>Arbre \u00f8 9.5 mm<\/p>\n<p>Vitesse : 3,5 rpm<\/p>\n<p>T\u00f4les feuillet\u00e9es : 30 mm<\/p>\n<p>Aplatissement : simple<\/p>\n<p>Sens de rotation : antiorarie<\/p>\n<p>Couple de serrage : 18 Nm<\/p>\n<h3>Compatible avec les marques suivantes :<\/h3>\n<p>&nbsp;<\/p>\n<p>- CLEMENTS<\/p>\n<p>- BISHOPS<\/p>\n<p><b>-Ungaro<\/b><\/p>\n<p>- ECOTECK ref. 55057 - FB1152<\/p>\n<p>- Edilkamin (ref.625560)<\/p>\n<p>- MCZ<\/p>\n<p>- Lincar<\/p>\n<p>- PASQUALICCHIO mod. Cantinola SV2 27<\/p>\n<p>- CS Thermos (5007017) : Lyre 16-19-23-27<\/p>\n<p><span class=\"tagged_as\">Pour les po\u00eales \u00e0 granul\u00e9s <\/span> ENVIRO r\u00e9f. 50-1024 mod. EF Thermo 28<\/p>\n<p><span class=\"tagged_as\">Pour les po\u00eales \u00e0 granul\u00e9s Caminetti Montegrappa (1044000700) : AKTIV 22, AKTIV 27, AKTIV 32, 15000 Power<\/span><\/p>\n<p><span class=\"tagged_as\">Pour les po\u00eales \u00e0 granul\u00e9s \u00a0<\/span>CLAM r\u00e9f. 05010842 mod. Vittoria 34 kW - Vittoria EVO 26\/34 kW - Vittoria S. 34 kW - Tivoli 26\/34 kW - Termofavilla T.P. 30 - Petite tour +<\/p>\n<p><span class=\"tagged_as\">Pour les po\u00eales \u00e0 granul\u00e9s<\/span> ARCE ref. 1611909494 mod. Lexia - Lexia plus - Hetna - Hetna plus - Circle - Circle plus - Circle ducted - Circle ducted plus - Circle hydro large - Circle hydro medium - Circle hydro small<\/p>\n<p><span class=\"tagged_as\">Pour les po\u00eales \u00e0 granul\u00e9s<\/span> MORETTI DESIGN r\u00e9f. MFRML30 mod. MINI 7kW - VENERE - ALBA - SIXTY - ZEUS - OLDY - GIOIA <span class=\"tagged_as\">Pour les po\u00eales \u00e0 granul\u00e9s\u00a0<\/span> PRETTY &lt; MAT : 04905001 - AQUA 9 STYLE - AQUA 9 ALL STYLE - AQUA 11 GLASS - AQUA 11 IRON - AQUA 11 STONE - AQUA 12 RETRO - AQUA 15 RETRO - AQUA 13 STYLE - AQUA 13 ALL STYLE - HOURGLASS - AQUA 15 IRON - AQUA 15 STONE - AQUA 12 SLOT - AQUA 16 SLOT - TECNIKA 15 - TECNIKA 15 COMPACT - IRIDE - ARTEMIDE -VESTA - COMPACT - POSEIDON 1<\/p>\n<p><span class=\"tagged_as\">Pour les po\u00eales \u00e0 granul\u00e9s<\/span> RAVELLI r\u00e9f. 55057 - FB1152 mod. Chiara - Genova - Pisa - Riviera - HR100 - HRV120 - HRB160 - HRV120 Style - HR evo14 - HR evo14 Touch - HRB120 - HRV135 ver.1 - HR evo Slim<\/p>\n<p><span class=\"tagged_as\">Pour les po\u00eales \u00e0 granul\u00e9s\u00a0<\/span> CASATELLI : MATTIA 8, MATTIA 9, MATTIA 12, LEONARDO 8, LEONARDO 9, LEONARDO 12, FILIPPO 8, FILIPPO 9, FILIPPO 12<\/p>\n<p><span class=\"tagged_as\">Pour les po\u00eales \u00e0 granul\u00e9s\u00a0<\/span> Royal : DORA AIR 80, GRAZIA AIR 80, ILDE AIR 80,<\/p>\n<p>&nbsp;<\/p>\n<h3>Motor\u00e9ducteur sincrono IPC 3.5-rpm<\/h3>\n<p>Avec plus de vingt ans d\u2019exp\u00e9rience \"hands on\" dans toutes les applications utilis\u00e9es dans les po\u00eales \u00e0 pellets \/ biomasse, IPC est aujourd\u2019hui leader sur le march\u00e9 de la fourniture de composants et de syst\u00e8mes dans cette niche du secteur du chauffage.<\/p>\n<p>L\u2019exp\u00e9rience acquise nous permet de d\u00e9velopper des solutions sp\u00e9cifiques pour les fabricants de syst\u00e8mes HVACR, et sur le march\u00e9 des po\u00eales \u00e0 pellets et des chemin\u00e9es \u00e0 biomasse, nous concevons et fabriquons des composants innovants en utilisant des technologies de pointe.<\/p>\n<p>Nos motor\u00e9ducteurs BRUSHLESS pour le chargement en CONTINU et nos ventilateurs EC 230V pour l\u2019extraction des fum\u00e9es sont aujourd\u2019hui la r\u00e9f\u00e9rence pour tous les fabricants de syst\u00e8mes \u00e0 biomasse les plus c\u00e9l\u00e8bres.<\/p>\n<h3><strong>Caract\u00e9ristiques de construction:<\/strong><\/h3>\n<p>Le motor\u00e9ducteur synchrone IPC 3,5 rpm Code GMF235D901 - Arbre \u00f8 9,5 mm propos\u00e9 par <b>Mack 4 seasons <\/b>peuvent \u00eatre pilot\u00e9es m\u00eame en basse tension et fournissent un COUPLE CONSTANT m\u00eame \u00e0 de faibles tours; les cha\u00eenes d\u2019engrenages sont sp\u00e9cialement con\u00e7ues pour obtenir les meilleures performances et limiter au maximum l\u2019usure, En garantissant une longue dur\u00e9e de vie au composant ainsi qu\u2019un silence maximal.<\/p>\n<p>Nous avons con\u00e7u des solutions ad hoc pour le CHARGEMENT EN CONTINU du combustible (pellets); par rapport aux composants standard, les syst\u00e8mes IPC augmentent de mani\u00e8re significative la pr\u00e9cision de chargement, Cela permet une gestion plus efficace et un meilleur rendement de la combustion.<\/p>\n<h3><strong>Utilisation du m<\/strong>otor\u00e9ducteur synchrone IPC 3.5-rpm<\/h3>\n<p>Le motor\u00e9ducteur synchrone IPC 3,5 rpm Code GMF235D901 - Arbre \u00f8 9,5 mm vendu par <b>Mack 4 seasons <\/b>et install\u00e9 sur les appareils \u00e0 pellets a pour t\u00e2che de faire tourner la vis sans fin pr\u00e9sente dans le r\u00e9servoir du pellet en le transportant dans le creuset pour \u00eatre br\u00fbl\u00e9, ou les syst\u00e8mes de plus en plus utilis\u00e9s de nettoyage automatique du brasier pr\u00e9sent sur de nombreux po\u00eales et chaudi\u00e8res \u00e0 biomasse.<\/p>\n<p>La vis sans fin est positionn\u00e9e de mani\u00e8re \u00e0 pr\u00e9lever le pellet du bas du r\u00e9servoir pour le transporter ensuite vers le haut du po\u00eale<\/p>\n<p>Arriv\u00e9 au sommet de la cochl\u00e9e, le pellet tombe naturellement \u00e0 l\u2019int\u00e9rieur d\u2019un toboggan qui l\u2019accompagnera \u00e0 l\u2019int\u00e9rieur du br\u00fbleur.<\/p>\n<h3><strong>Applications typiques<\/strong><\/h3>\n<ul>\n<li>Po\u00eales \u00e0 pellets<\/li>\n<li>Machines \u00e0 caf\u00e9<\/li>\n<li>Girarrosti-Gyros<\/li>\n<li>M\u00e9langeurs<\/li>\n<li>Chocolatier<\/li>\n<li>Actionneurs pour l\u2019industrie<\/li>\n<\/ul>\n<h3><strong>Int\u00e9rieur<\/strong><\/h3>\n<p><a href=\"https:\/\/wekos.it\/\">po\u00eales, cuisini\u00e8res et cuisini\u00e8res \u00e0 bois<\/a>\u00a0-\u00a0<a href=\"https:\/\/www.greenpuros.com\/\">chemin\u00e9es, po\u00eales et chaudi\u00e8res \u00e0 pellets.<\/a><\/p>\n<h3>Les avantages de MACK FOUR SEASONS :<\/h3>\n<p>MACK FOUR SEASONS peut \u00e9galement fournir une gamme d\u2019accessoires et de pi\u00e8ces de rechange et de composants pour tous les po\u00eales et chaudi\u00e8res \u00e0 pellets pr\u00e9sents sur le march\u00e9.<br \/>\nVous trouverez sur notre e-commerce toujours disponible en stock toutes les pi\u00e8ces de premi\u00e8re n\u00e9cessit\u00e9.<br \/>\nLe personnel de MACK FOUR SEASONS a \u00e9t\u00e9 form\u00e9 avec soin pour vous aider \u00e0 identifier les \u00e9ventuels composants \u00e0 remplacer en offrant une assistance t\u00e9l\u00e9phonique en fran\u00e7ais, anglais, roumain et italien.<br \/>\nMACK FOUR SEASONS<br \/>\nN\u2019h\u00e9sitez pas \u00e0 nous contacter pour toute information.<\/p>\n<div><a href=\"https:\/\/mack4seasons.com\/fr\/categorie-produit\/ricambi-vari-stufe-caldaie\/motoriduttori-per-stufe-caldaie-pellet\/motoriduttori-merkle-korff\/\" target=\"_blank\" rel=\"noopener\">Motor\u00e9ducteurs Merkle Korff<\/a><\/div>\n<div><\/div>\n<div><a href=\"https:\/\/mack4seasons.com\/fr\/categorie-produit\/ricambi-vari-stufe-caldaie\/motoriduttori-per-stufe-caldaie-pellet\/motoriduttori-per-coclea-bcz\/\" target=\"_blank\" rel=\"noopener\">Motor\u00e9ducteurs BCZ<\/a><\/div>\n<div><\/div>\n<div><a href=\"https:\/\/mack4seasons.com\/fr\/categorie-produit\/ricambi-vari-stufe-caldaie\/motoriduttori-per-stufe-caldaie-pellet\/motoriduttori-per-coclea-kenta\/\">Motor\u00e9ducteurs Kenta<\/a><\/div>\n<div><\/div>\n<div><a href=\"https:\/\/mack4seasons.com\/fr\/categorie-produit\/ricambi-vari-stufe-caldaie\/motoriduttori-per-stufe-caldaie-pellet\/motoriduttori-mellor-per-coclea\/\" target=\"_blank\" rel=\"noopener\">Motor\u00e9ducteurs Mellor<\/a><\/div>\n<div><\/div>\n<div><a href=\"https:\/\/mack4seasons.com\/fr\/categorie-produit\/ricambi-vari-stufe-caldaie\/motoriduttori-per-stufe-caldaie-pellet\/motoriduttori-sincrono-ipc\/\" target=\"_blank\" rel=\"noopener\">Motor\u00e9ducteurs IPC<\/a><\/div>\n<div><\/div>\n<div><a href=\"https:\/\/mack4seasons.com\/fr\/categorie-produit\/ricambi-vari-stufe-caldaie\/\" target=\"_blank\" rel=\"noopener\">Pi\u00e8ces de rechange pour po\u00eales et chaudi\u00e8res Mack 4 seasons<\/a><\/div>\n<div><\/div>\n<div><a href=\"https:\/\/mack4seasons.com\/fr\/categorie-produit\/ricambi-vari-stufe-caldaie\/candelette\/\" target=\"_blank\" rel=\"noopener\">Bougies de pr\u00e9chauffage pour po\u00eales et chaudi\u00e8res \u00e0 pellets Mack 4 seasons<\/a><\/div>\n<div><\/div>\n<div><a href=\"https:\/\/mack4seasons.com\/fr\/categorie-produit\/ricambi-vari-stufe-caldaie\/elettronica\/\" target=\"_blank\" rel=\"noopener\">\u00c9lectronique pour po\u00eales et chaudi\u00e8res \u00e0 pellets Mack 4 seasons<\/a><\/div>\n<div><\/div>\n<div><a href=\"https:\/\/mack4seasons.com\/fr\/categorie-produit\/ricambi-vari-stufe-caldaie\/estrattori-fumo\/\" target=\"_blank\" rel=\"noopener\">Extracteurs de fum\u00e9e pour po\u00eales et chaudi\u00e8res \u00e0 pellets Mack 4 seasons<\/a><\/div>\n<div><\/div>\n<div><a href=\"https:\/\/mack4seasons.com\/fr\/categorie-produit\/ricambi-vari-stufe-caldaie\/ventilatori-centrifughi\/\" target=\"_blank\" rel=\"noopener\">Ventilateurs centrifuges pour po\u00eales et chaudi\u00e8res \u00e0 pellets Mack 4 seasons<\/a><\/div>\n<div><\/div>\n<div><a href=\"https:\/\/mack4seasons.com\/fr\/categorie-produit\/ricambi-vari-stufe-caldaie\/ventilatori-tangenziali\/\">Ventilateurs tangentiels pour po\u00eales et chaudi\u00e8res \u00e0 pellets Mack 4 seasons<\/a><\/div>","protected":false},"excerpt":{"rendered":"<hr \/>\n<h2><span style=\"color: 77a464;\">Disponible<\/span><\/h2>","protected":false},"featured_media":16945,"template":"","meta":[],"product_brand":[],"product_cat":[904,920],"product_tag":[],"class_list":{"0":"post-14568","1":"product","2":"type-product","3":"status-publish","4":"has-post-thumbnail","6":"product_cat-motoriduttori-per-stufe-caldaie-pellet","7":"product_cat-motoriduttori-sincrono-ipc","8":"product_shipping_class-classe-di-spedizione-02","10":"first","11":"instock","12":"taxable","13":"shipping-taxable","14":"purchasable","15":"product-type-simple"},"yoast_head":"<!-- This site is optimized with the Yoast SEO plugin v26.3 - https:\/\/yoast.com\/wordpress\/plugins\/seo\/ -->\n<title>Motoriduttore sincrono IPC 3.5-rpm<\/title>\n<meta name=\"description\" content=\"Motoriduttore sincrono IPC 3.5-rpm ha il compito di far ruotare la coclea presente nel serbatoio del pellet trasportandolo nel crogiolo per essere bruciato\" \/>\n<meta name=\"robots\" content=\"index, follow, max-snippet:-1, max-image-preview:large, max-video-preview:-1\" \/>\n<link rel=\"canonical\" href=\"https:\/\/mack4seasons.com\/fr\/negozio\/ricambi-vari-stufe-caldaie\/motoriduttori-per-stufe-caldaie-pellet\/motoriduttori-sincrono-ipc\/motoriduttore-sincrono-ipc-3-5-rpm\/\" \/>\n<meta property=\"og:locale\" content=\"fr_FR\" \/>\n<meta property=\"og:type\" content=\"article\" \/>\n<meta property=\"og:title\" content=\"Motoriduttore sincrono IPC 3.5-rpm\" \/>\n<meta property=\"og:description\" content=\"Motoriduttore sincrono IPC 3.5-rpm ha il compito di far ruotare la coclea presente nel serbatoio del pellet trasportandolo nel crogiolo per essere bruciato\" \/>\n<meta property=\"og:url\" content=\"https:\/\/mack4seasons.com\/fr\/negozio\/ricambi-vari-stufe-caldaie\/motoriduttori-per-stufe-caldaie-pellet\/motoriduttori-sincrono-ipc\/motoriduttore-sincrono-ipc-3-5-rpm\/\" \/>\n<meta property=\"og:site_name\" content=\"Mack4Season\" \/>\n<meta property=\"article:publisher\" content=\"https:\/\/www.facebook.com\/profile.php?id=100075990468585\" \/>\n<meta property=\"article:modified_time\" content=\"2023-05-22T12:24:17+00:00\" \/>\n<meta property=\"og:image\" content=\"https:\/\/mack4seasons.com\/wp-content\/uploads\/2020\/01\/MS-GMF235D901.jpg\" \/>\n\t<meta property=\"og:image:width\" content=\"960\" \/>\n\t<meta property=\"og:image:height\" content=\"960\" \/>\n\t<meta property=\"og:image:type\" content=\"image\/jpeg\" \/>\n<meta name=\"twitter:card\" content=\"summary_large_image\" \/>\n<meta name=\"twitter:label1\" content=\"Dur\u00e9e de lecture estim\u00e9e\" \/>\n\t<meta name=\"twitter:data1\" content=\"5 minutes\" \/>\n<script type=\"application\/ld+json\" class=\"yoast-schema-graph\">{\"@context\":\"https:\/\/schema.org\",\"@graph\":[{\"@type\":\"WebPage\",\"@id\":\"https:\/\/mack4seasons.com\/negozio\/ricambi-vari-stufe-caldaie\/motoriduttori-per-stufe-caldaie-pellet\/motoriduttori-sincrono-ipc\/motoriduttore-sincrono-ipc-3-5-rpm\/\",\"url\":\"https:\/\/mack4seasons.com\/negozio\/ricambi-vari-stufe-caldaie\/motoriduttori-per-stufe-caldaie-pellet\/motoriduttori-sincrono-ipc\/motoriduttore-sincrono-ipc-3-5-rpm\/\",\"name\":\"Motoriduttore sincrono IPC 3.5-rpm\",\"isPartOf\":{\"@id\":\"https:\/\/mack4seasons.com\/#website\"},\"primaryImageOfPage\":{\"@id\":\"https:\/\/mack4seasons.com\/negozio\/ricambi-vari-stufe-caldaie\/motoriduttori-per-stufe-caldaie-pellet\/motoriduttori-sincrono-ipc\/motoriduttore-sincrono-ipc-3-5-rpm\/#primaryimage\"},\"image\":{\"@id\":\"https:\/\/mack4seasons.com\/negozio\/ricambi-vari-stufe-caldaie\/motoriduttori-per-stufe-caldaie-pellet\/motoriduttori-sincrono-ipc\/motoriduttore-sincrono-ipc-3-5-rpm\/#primaryimage\"},\"thumbnailUrl\":\"https:\/\/mack4seasons.com\/wp-content\/uploads\/2020\/01\/MS-GMF235D901.jpg\",\"datePublished\":\"2020-10-01T00:00:00+00:00\",\"dateModified\":\"2023-05-22T12:24:17+00:00\",\"description\":\"Motoriduttore sincrono IPC 3.5-rpm ha il compito di far ruotare la coclea presente nel serbatoio del pellet trasportandolo nel crogiolo per essere bruciato\",\"breadcrumb\":{\"@id\":\"https:\/\/mack4seasons.com\/negozio\/ricambi-vari-stufe-caldaie\/motoriduttori-per-stufe-caldaie-pellet\/motoriduttori-sincrono-ipc\/motoriduttore-sincrono-ipc-3-5-rpm\/#breadcrumb\"},\"inLanguage\":\"fr-FR\",\"potentialAction\":[{\"@type\":\"ReadAction\",\"target\":[\"https:\/\/mack4seasons.com\/negozio\/ricambi-vari-stufe-caldaie\/motoriduttori-per-stufe-caldaie-pellet\/motoriduttori-sincrono-ipc\/motoriduttore-sincrono-ipc-3-5-rpm\/\"]}]},{\"@type\":\"ImageObject\",\"inLanguage\":\"fr-FR\",\"@id\":\"https:\/\/mack4seasons.com\/negozio\/ricambi-vari-stufe-caldaie\/motoriduttori-per-stufe-caldaie-pellet\/motoriduttori-sincrono-ipc\/motoriduttore-sincrono-ipc-3-5-rpm\/#primaryimage\",\"url\":\"https:\/\/mack4seasons.com\/wp-content\/uploads\/2020\/01\/MS-GMF235D901.jpg\",\"contentUrl\":\"https:\/\/mack4seasons.com\/wp-content\/uploads\/2020\/01\/MS-GMF235D901.jpg\",\"width\":960,\"height\":960,\"caption\":\"Motoriduttore sincrono IPC 3.5-rpm\"},{\"@type\":\"BreadcrumbList\",\"@id\":\"https:\/\/mack4seasons.com\/negozio\/ricambi-vari-stufe-caldaie\/motoriduttori-per-stufe-caldaie-pellet\/motoriduttori-sincrono-ipc\/motoriduttore-sincrono-ipc-3-5-rpm\/#breadcrumb\",\"itemListElement\":[{\"@type\":\"ListItem\",\"position\":1,\"name\":\"Home\",\"item\":\"https:\/\/mack4seasons.com\/ricambi-accessori-stufe-e-caldaie-pellet\/\"},{\"@type\":\"ListItem\",\"position\":2,\"name\":\"Shop\",\"item\":\"https:\/\/mack4seasons.com\/negozio\/\"},{\"@type\":\"ListItem\",\"position\":3,\"name\":\"Motoriduttore sincrono IPC 3,5 rpm &#8211; Codice GMF235D901 &#8211; Albero \u00f8 9,5 mm\"}]},{\"@type\":\"WebSite\",\"@id\":\"https:\/\/mack4seasons.com\/#website\",\"url\":\"https:\/\/mack4seasons.com\/\",\"name\":\"Mack4Season\",\"description\":\"Per il comfort termico della tua casa\",\"publisher\":{\"@id\":\"https:\/\/mack4seasons.com\/#organization\"},\"potentialAction\":[{\"@type\":\"SearchAction\",\"target\":{\"@type\":\"EntryPoint\",\"urlTemplate\":\"https:\/\/mack4seasons.com\/?s={search_term_string}\"},\"query-input\":{\"@type\":\"PropertyValueSpecification\",\"valueRequired\":true,\"valueName\":\"search_term_string\"}}],\"inLanguage\":\"fr-FR\"},{\"@type\":\"Organization\",\"@id\":\"https:\/\/mack4seasons.com\/#organization\",\"name\":\"Mack4Season\",\"url\":\"https:\/\/mack4seasons.com\/\",\"logo\":{\"@type\":\"ImageObject\",\"inLanguage\":\"fr-FR\",\"@id\":\"https:\/\/mack4seasons.com\/#\/schema\/logo\/image\/\",\"url\":\"https:\/\/mack4seasons.com\/wp-content\/uploads\/2021\/06\/w-MACK-logo-pantone-02A19E.png\",\"contentUrl\":\"https:\/\/mack4seasons.com\/wp-content\/uploads\/2021\/06\/w-MACK-logo-pantone-02A19E.png\",\"width\":809,\"height\":425,\"caption\":\"Mack4Season\"},\"image\":{\"@id\":\"https:\/\/mack4seasons.com\/#\/schema\/logo\/image\/\"},\"sameAs\":[\"https:\/\/www.facebook.com\/profile.php?id=100075990468585\"]}]}<\/script>\n<!-- \/ Yoast SEO plugin. -->","yoast_head_json":{"title":"Motor\u00e9ducteur sincrono IPC 3.5-rpm","description":"Le motor\u00e9ducteur synchrone IPC \u00e0 3,5 tours\/minute fait tourner la vis sans fin dans la tr\u00e9mie \u00e0 granul\u00e9s et la transporte jusqu'au creuset pour y \u00eatre br\u00fbl\u00e9e.","robots":{"index":"index","follow":"follow","max-snippet":"max-snippet:-1","max-image-preview":"max-image-preview:large","max-video-preview":"max-video-preview:-1"},"canonical":"https:\/\/mack4seasons.com\/fr\/negozio\/ricambi-vari-stufe-caldaie\/motoriduttori-per-stufe-caldaie-pellet\/motoriduttori-sincrono-ipc\/motoriduttore-sincrono-ipc-3-5-rpm\/","og_locale":"fr_FR","og_type":"article","og_title":"Motoriduttore sincrono IPC 3.5-rpm","og_description":"Motoriduttore sincrono IPC 3.5-rpm ha il compito di far ruotare la coclea presente nel serbatoio del pellet trasportandolo nel crogiolo per essere bruciato","og_url":"https:\/\/mack4seasons.com\/fr\/negozio\/ricambi-vari-stufe-caldaie\/motoriduttori-per-stufe-caldaie-pellet\/motoriduttori-sincrono-ipc\/motoriduttore-sincrono-ipc-3-5-rpm\/","og_site_name":"Mack4Season","article_publisher":"https:\/\/www.facebook.com\/profile.php?id=100075990468585","article_modified_time":"2023-05-22T12:24:17+00:00","og_image":[{"width":960,"height":960,"url":"https:\/\/mack4seasons.com\/wp-content\/uploads\/2020\/01\/MS-GMF235D901.jpg","type":"image\/jpeg"}],"twitter_card":"summary_large_image","twitter_misc":{"Dur\u00e9e de lecture estim\u00e9e":"5 minutes"},"schema":{"@context":"https:\/\/schema.org","@graph":[{"@type":"WebPage","@id":"https:\/\/mack4seasons.com\/negozio\/ricambi-vari-stufe-caldaie\/motoriduttori-per-stufe-caldaie-pellet\/motoriduttori-sincrono-ipc\/motoriduttore-sincrono-ipc-3-5-rpm\/","url":"https:\/\/mack4seasons.com\/negozio\/ricambi-vari-stufe-caldaie\/motoriduttori-per-stufe-caldaie-pellet\/motoriduttori-sincrono-ipc\/motoriduttore-sincrono-ipc-3-5-rpm\/","name":"Motor\u00e9ducteur sincrono IPC 3.5-rpm","isPartOf":{"@id":"https:\/\/mack4seasons.com\/#website"},"primaryImageOfPage":{"@id":"https:\/\/mack4seasons.com\/negozio\/ricambi-vari-stufe-caldaie\/motoriduttori-per-stufe-caldaie-pellet\/motoriduttori-sincrono-ipc\/motoriduttore-sincrono-ipc-3-5-rpm\/#primaryimage"},"image":{"@id":"https:\/\/mack4seasons.com\/negozio\/ricambi-vari-stufe-caldaie\/motoriduttori-per-stufe-caldaie-pellet\/motoriduttori-sincrono-ipc\/motoriduttore-sincrono-ipc-3-5-rpm\/#primaryimage"},"thumbnailUrl":"https:\/\/mack4seasons.com\/wp-content\/uploads\/2020\/01\/MS-GMF235D901.jpg","datePublished":"2020-10-01T00:00:00+00:00","dateModified":"2023-05-22T12:24:17+00:00","description":"Le motor\u00e9ducteur synchrone IPC \u00e0 3,5 tours\/minute fait tourner la vis sans fin dans la tr\u00e9mie \u00e0 granul\u00e9s et la transporte jusqu'au creuset pour y \u00eatre br\u00fbl\u00e9e.","breadcrumb":{"@id":"https:\/\/mack4seasons.com\/negozio\/ricambi-vari-stufe-caldaie\/motoriduttori-per-stufe-caldaie-pellet\/motoriduttori-sincrono-ipc\/motoriduttore-sincrono-ipc-3-5-rpm\/#breadcrumb"},"inLanguage":"fr-FR","potentialAction":[{"@type":"ReadAction","target":["https:\/\/mack4seasons.com\/negozio\/ricambi-vari-stufe-caldaie\/motoriduttori-per-stufe-caldaie-pellet\/motoriduttori-sincrono-ipc\/motoriduttore-sincrono-ipc-3-5-rpm\/"]}]},{"@type":"ImageObject","inLanguage":"fr-FR","@id":"https:\/\/mack4seasons.com\/negozio\/ricambi-vari-stufe-caldaie\/motoriduttori-per-stufe-caldaie-pellet\/motoriduttori-sincrono-ipc\/motoriduttore-sincrono-ipc-3-5-rpm\/#primaryimage","url":"https:\/\/mack4seasons.com\/wp-content\/uploads\/2020\/01\/MS-GMF235D901.jpg","contentUrl":"https:\/\/mack4seasons.com\/wp-content\/uploads\/2020\/01\/MS-GMF235D901.jpg","width":960,"height":960,"caption":"Motoriduttore sincrono IPC 3.5-rpm"},{"@type":"BreadcrumbList","@id":"https:\/\/mack4seasons.com\/negozio\/ricambi-vari-stufe-caldaie\/motoriduttori-per-stufe-caldaie-pellet\/motoriduttori-sincrono-ipc\/motoriduttore-sincrono-ipc-3-5-rpm\/#breadcrumb","itemListElement":[{"@type":"ListItem","position":1,"name":"Home","item":"https:\/\/mack4seasons.com\/ricambi-accessori-stufe-e-caldaie-pellet\/"},{"@type":"ListItem","position":2,"name":"Shop","item":"https:\/\/mack4seasons.com\/negozio\/"},{"@type":"ListItem","position":3,"name":"Motoriduttore sincrono IPC 3,5 rpm &#8211; Codice GMF235D901 &#8211; Albero \u00f8 9,5 mm"}]},{"@type":"WebSite","@id":"https:\/\/mack4seasons.com\/#website","url":"https:\/\/mack4seasons.com\/","name":"Mack4Season","description":"Pour le confort thermique de votre maison","publisher":{"@id":"https:\/\/mack4seasons.com\/#organization"},"potentialAction":[{"@type":"SearchAction","target":{"@type":"EntryPoint","urlTemplate":"https:\/\/mack4seasons.com\/?s={search_term_string}"},"query-input":{"@type":"PropertyValueSpecification","valueRequired":true,"valueName":"search_term_string"}}],"inLanguage":"fr-FR"},{"@type":"Organization","@id":"https:\/\/mack4seasons.com\/#organization","name":"Mack4Season","url":"https:\/\/mack4seasons.com\/","logo":{"@type":"ImageObject","inLanguage":"fr-FR","@id":"https:\/\/mack4seasons.com\/#\/schema\/logo\/image\/","url":"https:\/\/mack4seasons.com\/wp-content\/uploads\/2021\/06\/w-MACK-logo-pantone-02A19E.png","contentUrl":"https:\/\/mack4seasons.com\/wp-content\/uploads\/2021\/06\/w-MACK-logo-pantone-02A19E.png","width":809,"height":425,"caption":"Mack4Season"},"image":{"@id":"https:\/\/mack4seasons.com\/#\/schema\/logo\/image\/"},"sameAs":["https:\/\/www.facebook.com\/profile.php?id=100075990468585"]}]}},"_links":{"self":[{"href":"https:\/\/mack4seasons.com\/fr\/wp-json\/wp\/v2\/product\/14568","targetHints":{"allow":["GET"]}}],"collection":[{"href":"https:\/\/mack4seasons.com\/fr\/wp-json\/wp\/v2\/product"}],"about":[{"href":"https:\/\/mack4seasons.com\/fr\/wp-json\/wp\/v2\/types\/product"}],"wp:featuredmedia":[{"embeddable":true,"href":"https:\/\/mack4seasons.com\/fr\/wp-json\/wp\/v2\/media\/16945"}],"wp:attachment":[{"href":"https:\/\/mack4seasons.com\/fr\/wp-json\/wp\/v2\/media?parent=14568"}],"wp:term":[{"taxonomy":"product_brand","embeddable":true,"href":"https:\/\/mack4seasons.com\/fr\/wp-json\/wp\/v2\/product_brand?post=14568"},{"taxonomy":"product_cat","embeddable":true,"href":"https:\/\/mack4seasons.com\/fr\/wp-json\/wp\/v2\/product_cat?post=14568"},{"taxonomy":"product_tag","embeddable":true,"href":"https:\/\/mack4seasons.com\/fr\/wp-json\/wp\/v2\/product_tag?post=14568"}],"curies":[{"name":"wp","href":"https:\/\/api.w.org\/{rel}","templated":true}]}}