{"id":14266,"date":"2020-01-10T00:00:00","date_gmt":"2020-01-10T00:00:00","guid":{"rendered":"https:\/\/mack4seasons.com\/?post_type=product&#038;p=14266"},"modified":"2022-10-03T08:29:32","modified_gmt":"2022-10-03T08:29:32","slug":"ventilatore-centrifugo-per-stufe-a-pellet-equation-codice-300350","status":"publish","type":"product","link":"https:\/\/mack4seasons.com\/fr\/negozio\/equation-ricambi-specifici-per-marchio\/cube-equation-ricambi-specifici-per-marchio\/ventilatore-centrifugo-per-stufe-a-pellet-equation-codice-300350\/","title":{"rendered":"Ventilatore centrifugo per stufe a pellet Equation Codice 300350"},"content":{"rendered":"<hr \/>\n<h2>Ventilateur centrifuge pour po\u00eales \u00e0 pellets Equation<\/h2>\n<p>Code 300350<\/p>\n<p>Pour les mod\u00e8les : Cube, EQ 8 Evo , EQ 10 Burgundy, EQ 10 Burgundy Pied, EQ 10 Burgundy \u00c9tanche, EQM 10, EQ 20 Canalis\u00e9e, EQ 20 Top, Loft<\/p>","protected":false},"excerpt":{"rendered":"<p>Ventilatore centrifugo per stufe a pellet Equation Codice 300350 Per i modelli : Cube, EQ 8 Evo , EQ 10 Burgundy, EQ 10 Burgundy Pied, EQ 10 Burgundy \u00c9tanche, EQM 10, EQ 20 Canalis\u00e9e, EQ 20 Top, Loft<\/p>","protected":false},"featured_media":12764,"template":"","meta":[],"product_brand":[],"product_cat":[1082,1084,1086,1085,1088,1089,1083,1087,1081,1090],"product_tag":[],"class_list":{"0":"post-14266","1":"product","2":"type-product","3":"status-publish","4":"has-post-thumbnail","6":"product_cat-cube-equation-ricambi-specifici-per-marchio","7":"product_cat-eq-10-burgundy-equation-ricambi-specifici-per-marchio","8":"product_cat-eq-10-burgundy-etanche-equation-ricambi-specifici-per-marchio","9":"product_cat-eq-10-burgundy-pied-equation-ricambi-specifici-per-marchio","10":"product_cat-eq-20-canalisee-equation-ricambi-specifici-per-marchio","11":"product_cat-eq-20-top-equation-ricambi-specifici-per-marchio","12":"product_cat-eq-8-evo-equation-ricambi-specifici-per-marchio","13":"product_cat-eqm-10-equation-ricambi-specifici-per-marchio","14":"product_cat-equation-ricambi-specifici-per-marchio","15":"product_cat-loft-equation-ricambi-specifici-per-marchio","16":"product_shipping_class-classe-di-spedizione-02","18":"first","19":"instock","20":"taxable","21":"shipping-taxable","22":"purchasable","23":"product-type-simple"},"yoast_head":"<!-- This site is optimized with the Yoast SEO plugin v26.3 - https:\/\/yoast.com\/wordpress\/plugins\/seo\/ -->\n<title>Ventilatore centrifugo per stufe a pellet Equation Codice 300350 - Mack4Season<\/title>\n<meta name=\"robots\" content=\"index, follow, max-snippet:-1, max-image-preview:large, max-video-preview:-1\" \/>\n<link rel=\"canonical\" href=\"https:\/\/mack4seasons.com\/fr\/negozio\/equation-ricambi-specifici-per-marchio\/cube-equation-ricambi-specifici-per-marchio\/ventilatore-centrifugo-per-stufe-a-pellet-equation-codice-300350\/\" \/>\n<meta property=\"og:locale\" content=\"fr_FR\" \/>\n<meta property=\"og:type\" content=\"article\" \/>\n<meta property=\"og:title\" content=\"Ventilatore centrifugo per stufe a pellet Equation Codice 300350 - Mack4Season\" \/>\n<meta property=\"og:description\" content=\"Ventilatore centrifugo per stufe a pellet Equation Codice 300350 Per i modelli : Cube, EQ 8 Evo , EQ 10 Burgundy, EQ 10 Burgundy Pied, EQ 10 Burgundy \u00c9tanche, EQM 10, EQ 20 Canalis\u00e9e, EQ 20 Top, Loft\" \/>\n<meta property=\"og:url\" content=\"https:\/\/mack4seasons.com\/fr\/negozio\/equation-ricambi-specifici-per-marchio\/cube-equation-ricambi-specifici-per-marchio\/ventilatore-centrifugo-per-stufe-a-pellet-equation-codice-300350\/\" \/>\n<meta property=\"og:site_name\" content=\"Mack4Season\" \/>\n<meta property=\"article:publisher\" content=\"https:\/\/www.facebook.com\/profile.php?id=100075990468585\" \/>\n<meta property=\"article:modified_time\" content=\"2022-10-03T08:29:32+00:00\" \/>\n<meta property=\"og:image\" content=\"https:\/\/mack4seasons.com\/wp-content\/uploads\/2021\/09\/w-SITO-PAG-24-M.jpg\" \/>\n\t<meta property=\"og:image:width\" content=\"960\" \/>\n\t<meta property=\"og:image:height\" content=\"960\" \/>\n\t<meta property=\"og:image:type\" content=\"image\/jpeg\" \/>\n<meta name=\"twitter:card\" content=\"summary_large_image\" \/>\n<script type=\"application\/ld+json\" class=\"yoast-schema-graph\">{\"@context\":\"https:\/\/schema.org\",\"@graph\":[{\"@type\":\"WebPage\",\"@id\":\"https:\/\/mack4seasons.com\/negozio\/equation-ricambi-specifici-per-marchio\/cube-equation-ricambi-specifici-per-marchio\/ventilatore-centrifugo-per-stufe-a-pellet-equation-codice-300350\/\",\"url\":\"https:\/\/mack4seasons.com\/negozio\/equation-ricambi-specifici-per-marchio\/cube-equation-ricambi-specifici-per-marchio\/ventilatore-centrifugo-per-stufe-a-pellet-equation-codice-300350\/\",\"name\":\"Ventilatore centrifugo per stufe a pellet Equation Codice 300350 - Mack4Season\",\"isPartOf\":{\"@id\":\"https:\/\/mack4seasons.com\/#website\"},\"primaryImageOfPage\":{\"@id\":\"https:\/\/mack4seasons.com\/negozio\/equation-ricambi-specifici-per-marchio\/cube-equation-ricambi-specifici-per-marchio\/ventilatore-centrifugo-per-stufe-a-pellet-equation-codice-300350\/#primaryimage\"},\"image\":{\"@id\":\"https:\/\/mack4seasons.com\/negozio\/equation-ricambi-specifici-per-marchio\/cube-equation-ricambi-specifici-per-marchio\/ventilatore-centrifugo-per-stufe-a-pellet-equation-codice-300350\/#primaryimage\"},\"thumbnailUrl\":\"https:\/\/mack4seasons.com\/wp-content\/uploads\/2021\/09\/w-SITO-PAG-24-M.jpg\",\"datePublished\":\"2020-01-10T00:00:00+00:00\",\"dateModified\":\"2022-10-03T08:29:32+00:00\",\"breadcrumb\":{\"@id\":\"https:\/\/mack4seasons.com\/negozio\/equation-ricambi-specifici-per-marchio\/cube-equation-ricambi-specifici-per-marchio\/ventilatore-centrifugo-per-stufe-a-pellet-equation-codice-300350\/#breadcrumb\"},\"inLanguage\":\"fr-FR\",\"potentialAction\":[{\"@type\":\"ReadAction\",\"target\":[\"https:\/\/mack4seasons.com\/negozio\/equation-ricambi-specifici-per-marchio\/cube-equation-ricambi-specifici-per-marchio\/ventilatore-centrifugo-per-stufe-a-pellet-equation-codice-300350\/\"]}]},{\"@type\":\"ImageObject\",\"inLanguage\":\"fr-FR\",\"@id\":\"https:\/\/mack4seasons.com\/negozio\/equation-ricambi-specifici-per-marchio\/cube-equation-ricambi-specifici-per-marchio\/ventilatore-centrifugo-per-stufe-a-pellet-equation-codice-300350\/#primaryimage\",\"url\":\"https:\/\/mack4seasons.com\/wp-content\/uploads\/2021\/09\/w-SITO-PAG-24-M.jpg\",\"contentUrl\":\"https:\/\/mack4seasons.com\/wp-content\/uploads\/2021\/09\/w-SITO-PAG-24-M.jpg\",\"width\":960,\"height\":960},{\"@type\":\"BreadcrumbList\",\"@id\":\"https:\/\/mack4seasons.com\/negozio\/equation-ricambi-specifici-per-marchio\/cube-equation-ricambi-specifici-per-marchio\/ventilatore-centrifugo-per-stufe-a-pellet-equation-codice-300350\/#breadcrumb\",\"itemListElement\":[{\"@type\":\"ListItem\",\"position\":1,\"name\":\"Home\",\"item\":\"https:\/\/mack4seasons.com\/ricambi-accessori-stufe-e-caldaie-pellet\/\"},{\"@type\":\"ListItem\",\"position\":2,\"name\":\"Shop\",\"item\":\"https:\/\/mack4seasons.com\/negozio\/\"},{\"@type\":\"ListItem\",\"position\":3,\"name\":\"Ventilatore centrifugo per stufe a pellet Equation Codice 300350\"}]},{\"@type\":\"WebSite\",\"@id\":\"https:\/\/mack4seasons.com\/#website\",\"url\":\"https:\/\/mack4seasons.com\/\",\"name\":\"Mack4Season\",\"description\":\"Per il comfort termico della tua casa\",\"publisher\":{\"@id\":\"https:\/\/mack4seasons.com\/#organization\"},\"potentialAction\":[{\"@type\":\"SearchAction\",\"target\":{\"@type\":\"EntryPoint\",\"urlTemplate\":\"https:\/\/mack4seasons.com\/?s={search_term_string}\"},\"query-input\":{\"@type\":\"PropertyValueSpecification\",\"valueRequired\":true,\"valueName\":\"search_term_string\"}}],\"inLanguage\":\"fr-FR\"},{\"@type\":\"Organization\",\"@id\":\"https:\/\/mack4seasons.com\/#organization\",\"name\":\"Mack4Season\",\"url\":\"https:\/\/mack4seasons.com\/\",\"logo\":{\"@type\":\"ImageObject\",\"inLanguage\":\"fr-FR\",\"@id\":\"https:\/\/mack4seasons.com\/#\/schema\/logo\/image\/\",\"url\":\"https:\/\/mack4seasons.com\/wp-content\/uploads\/2021\/06\/w-MACK-logo-pantone-02A19E.png\",\"contentUrl\":\"https:\/\/mack4seasons.com\/wp-content\/uploads\/2021\/06\/w-MACK-logo-pantone-02A19E.png\",\"width\":809,\"height\":425,\"caption\":\"Mack4Season\"},\"image\":{\"@id\":\"https:\/\/mack4seasons.com\/#\/schema\/logo\/image\/\"},\"sameAs\":[\"https:\/\/www.facebook.com\/profile.php?id=100075990468585\"]}]}<\/script>\n<!-- \/ Yoast SEO plugin. -->","yoast_head_json":{"title":"Ventilatore centrifugo per stufe a pellet Equation Codice 300350 - Mack4Season","robots":{"index":"index","follow":"follow","max-snippet":"max-snippet:-1","max-image-preview":"max-image-preview:large","max-video-preview":"max-video-preview:-1"},"canonical":"https:\/\/mack4seasons.com\/fr\/negozio\/equation-ricambi-specifici-per-marchio\/cube-equation-ricambi-specifici-per-marchio\/ventilatore-centrifugo-per-stufe-a-pellet-equation-codice-300350\/","og_locale":"fr_FR","og_type":"article","og_title":"Ventilatore centrifugo per stufe a pellet Equation Codice 300350 - Mack4Season","og_description":"Ventilatore centrifugo per stufe a pellet Equation Codice 300350 Per i modelli : Cube, EQ 8 Evo , EQ 10 Burgundy, EQ 10 Burgundy Pied, EQ 10 Burgundy \u00c9tanche, EQM 10, EQ 20 Canalis\u00e9e, EQ 20 Top, Loft","og_url":"https:\/\/mack4seasons.com\/fr\/negozio\/equation-ricambi-specifici-per-marchio\/cube-equation-ricambi-specifici-per-marchio\/ventilatore-centrifugo-per-stufe-a-pellet-equation-codice-300350\/","og_site_name":"Mack4Season","article_publisher":"https:\/\/www.facebook.com\/profile.php?id=100075990468585","article_modified_time":"2022-10-03T08:29:32+00:00","og_image":[{"width":960,"height":960,"url":"https:\/\/mack4seasons.com\/wp-content\/uploads\/2021\/09\/w-SITO-PAG-24-M.jpg","type":"image\/jpeg"}],"twitter_card":"summary_large_image","schema":{"@context":"https:\/\/schema.org","@graph":[{"@type":"WebPage","@id":"https:\/\/mack4seasons.com\/negozio\/equation-ricambi-specifici-per-marchio\/cube-equation-ricambi-specifici-per-marchio\/ventilatore-centrifugo-per-stufe-a-pellet-equation-codice-300350\/","url":"https:\/\/mack4seasons.com\/negozio\/equation-ricambi-specifici-per-marchio\/cube-equation-ricambi-specifici-per-marchio\/ventilatore-centrifugo-per-stufe-a-pellet-equation-codice-300350\/","name":"Ventilatore centrifugo per stufe a pellet Equation Codice 300350 - Mack4Season","isPartOf":{"@id":"https:\/\/mack4seasons.com\/#website"},"primaryImageOfPage":{"@id":"https:\/\/mack4seasons.com\/negozio\/equation-ricambi-specifici-per-marchio\/cube-equation-ricambi-specifici-per-marchio\/ventilatore-centrifugo-per-stufe-a-pellet-equation-codice-300350\/#primaryimage"},"image":{"@id":"https:\/\/mack4seasons.com\/negozio\/equation-ricambi-specifici-per-marchio\/cube-equation-ricambi-specifici-per-marchio\/ventilatore-centrifugo-per-stufe-a-pellet-equation-codice-300350\/#primaryimage"},"thumbnailUrl":"https:\/\/mack4seasons.com\/wp-content\/uploads\/2021\/09\/w-SITO-PAG-24-M.jpg","datePublished":"2020-01-10T00:00:00+00:00","dateModified":"2022-10-03T08:29:32+00:00","breadcrumb":{"@id":"https:\/\/mack4seasons.com\/negozio\/equation-ricambi-specifici-per-marchio\/cube-equation-ricambi-specifici-per-marchio\/ventilatore-centrifugo-per-stufe-a-pellet-equation-codice-300350\/#breadcrumb"},"inLanguage":"fr-FR","potentialAction":[{"@type":"ReadAction","target":["https:\/\/mack4seasons.com\/negozio\/equation-ricambi-specifici-per-marchio\/cube-equation-ricambi-specifici-per-marchio\/ventilatore-centrifugo-per-stufe-a-pellet-equation-codice-300350\/"]}]},{"@type":"ImageObject","inLanguage":"fr-FR","@id":"https:\/\/mack4seasons.com\/negozio\/equation-ricambi-specifici-per-marchio\/cube-equation-ricambi-specifici-per-marchio\/ventilatore-centrifugo-per-stufe-a-pellet-equation-codice-300350\/#primaryimage","url":"https:\/\/mack4seasons.com\/wp-content\/uploads\/2021\/09\/w-SITO-PAG-24-M.jpg","contentUrl":"https:\/\/mack4seasons.com\/wp-content\/uploads\/2021\/09\/w-SITO-PAG-24-M.jpg","width":960,"height":960},{"@type":"BreadcrumbList","@id":"https:\/\/mack4seasons.com\/negozio\/equation-ricambi-specifici-per-marchio\/cube-equation-ricambi-specifici-per-marchio\/ventilatore-centrifugo-per-stufe-a-pellet-equation-codice-300350\/#breadcrumb","itemListElement":[{"@type":"ListItem","position":1,"name":"Home","item":"https:\/\/mack4seasons.com\/ricambi-accessori-stufe-e-caldaie-pellet\/"},{"@type":"ListItem","position":2,"name":"Shop","item":"https:\/\/mack4seasons.com\/negozio\/"},{"@type":"ListItem","position":3,"name":"Ventilatore centrifugo per stufe a pellet Equation Codice 300350"}]},{"@type":"WebSite","@id":"https:\/\/mack4seasons.com\/#website","url":"https:\/\/mack4seasons.com\/","name":"Mack4Season","description":"Pour le confort thermique de votre maison","publisher":{"@id":"https:\/\/mack4seasons.com\/#organization"},"potentialAction":[{"@type":"SearchAction","target":{"@type":"EntryPoint","urlTemplate":"https:\/\/mack4seasons.com\/?s={search_term_string}"},"query-input":{"@type":"PropertyValueSpecification","valueRequired":true,"valueName":"search_term_string"}}],"inLanguage":"fr-FR"},{"@type":"Organization","@id":"https:\/\/mack4seasons.com\/#organization","name":"Mack4Season","url":"https:\/\/mack4seasons.com\/","logo":{"@type":"ImageObject","inLanguage":"fr-FR","@id":"https:\/\/mack4seasons.com\/#\/schema\/logo\/image\/","url":"https:\/\/mack4seasons.com\/wp-content\/uploads\/2021\/06\/w-MACK-logo-pantone-02A19E.png","contentUrl":"https:\/\/mack4seasons.com\/wp-content\/uploads\/2021\/06\/w-MACK-logo-pantone-02A19E.png","width":809,"height":425,"caption":"Mack4Season"},"image":{"@id":"https:\/\/mack4seasons.com\/#\/schema\/logo\/image\/"},"sameAs":["https:\/\/www.facebook.com\/profile.php?id=100075990468585"]}]}},"_links":{"self":[{"href":"https:\/\/mack4seasons.com\/fr\/wp-json\/wp\/v2\/product\/14266","targetHints":{"allow":["GET"]}}],"collection":[{"href":"https:\/\/mack4seasons.com\/fr\/wp-json\/wp\/v2\/product"}],"about":[{"href":"https:\/\/mack4seasons.com\/fr\/wp-json\/wp\/v2\/types\/product"}],"wp:featuredmedia":[{"embeddable":true,"href":"https:\/\/mack4seasons.com\/fr\/wp-json\/wp\/v2\/media\/12764"}],"wp:attachment":[{"href":"https:\/\/mack4seasons.com\/fr\/wp-json\/wp\/v2\/media?parent=14266"}],"wp:term":[{"taxonomy":"product_brand","embeddable":true,"href":"https:\/\/mack4seasons.com\/fr\/wp-json\/wp\/v2\/product_brand?post=14266"},{"taxonomy":"product_cat","embeddable":true,"href":"https:\/\/mack4seasons.com\/fr\/wp-json\/wp\/v2\/product_cat?post=14266"},{"taxonomy":"product_tag","embeddable":true,"href":"https:\/\/mack4seasons.com\/fr\/wp-json\/wp\/v2\/product_tag?post=14266"}],"curies":[{"name":"wp","href":"https:\/\/api.w.org\/{rel}","templated":true}]}}