{"id":14114,"date":"2020-01-10T00:00:00","date_gmt":"2020-01-10T00:00:00","guid":{"rendered":"https:\/\/mack4seasons.com\/?post_type=product&#038;p=14114"},"modified":"2022-10-03T08:29:00","modified_gmt":"2022-10-03T08:29:00","slug":"boucle-support-arbre-vis-sans-fin-pour-poele-a-granules-kausiflam-code-ri-01490","status":"publish","type":"product","link":"https:\/\/mack4seasons.com\/fr\/negozio\/kausiflam-ricambi-specifici-per-marchio\/terra-eco-kausiflam-ricambi-specifici-per-marchio\/boucle-support-arbre-vis-sans-fin-pour-poele-a-granules-kausiflam-code-ri-01490\/","title":{"rendered":"Boucle support arbre vis sans fin pour po\u00eale \u00e0 granul\u00e9s Kausiflam code.RI.01490"},"content":{"rendered":"<hr \/>\n<h2> Boucle support arbre vis sans fin pour po\u00eale \u00e0 granul\u00e9s Kausiflam<\/h2>\n<p>code.RI.01490<\/p>\n<p> Pour les mod\u00e8les des po\u00eales \u00e0 granul\u00e9s Kausiflam: Terra Villa, Terra Villa, \u00c9tanche, Terra Eco, Terra, \u00c9tanche, Terra Eco \u00c9tanche, Terra Nova \u00c9tanche<\/p>\n<hr \/>\n<p>On \u00e0 toujours disponibles en stock une gamme, d'accessoires et de pi\u00e8ces de rechange et de composants de premi\u00e8re n\u00e9cessit\u00e9 pour tous les po\u00eales et chaudi\u00e8res \u00e0 pellets pr\u00e9sents sur le march\u00e9.<br \/>\nNous pouvons vous fournir les pi\u00e8ces ext\u00e9rieures esth\u00e9tiques et de charpenterie, en gardant que les d\u00e9lais de livraison peuvent varier de 30 \u00e0 60 jours ouvrables.<br \/>\nLe personnel d'MACK FOUR SEASONS a \u00e9t\u00e9 form\u00e9 avec soin afin de vous aider \u00e0 identifier les \u00e9ventuelles pi\u00e8ces d\u00e9tach\u00e9es \u00e0 remplacer en proposant une assistance t\u00e9l\u00e9phonique en fran\u00e7ais, anglais, roumain et italien.<br \/>\nN'h\u00e9sitez pas \u00e0 nous contacter pour toute information.<\/p>","protected":false},"excerpt":{"rendered":"<p>Boucle support arbre vis sans fin pour po\u00eale \u00e0 granul\u00e9s Kausiflam code.RI.01490 Pour les mod\u00e8les des po\u00eales \u00e0 granul\u00e9s Kausiflam: Terra Villa, Terra Villa, \u00c9tanche, Terra Eco, Terra, \u00c9tanche, Terra Eco \u00c9tanche, Terra Nova \u00c9tanche On \u00e0 toujours disponibles en stock une gamme, d\u2019accessoires et de pi\u00e8ces de rechange et de composants de premi\u00e8re n\u00e9cessit\u00e9 [&hellip;]<\/p>\n","protected":false},"featured_media":13601,"template":"","meta":[],"product_brand":[],"product_cat":[1106,1145,1146,1147,1148,1149,1150],"product_tag":[],"class_list":{"0":"post-14114","1":"product","2":"type-product","3":"status-publish","4":"has-post-thumbnail","6":"product_cat-kausiflam-ricambi-specifici-per-marchio","7":"product_cat-terra-eco-kausiflam-ricambi-specifici-per-marchio","8":"product_cat-terra-eco-etanche-kausiflam-ricambi-specifici-per-marchio","9":"product_cat-terra-etanche-kausiflam-ricambi-specifici-per-marchio","10":"product_cat-terra-nova-etanche-kausiflam-ricambi-specifici-per-marchio","11":"product_cat-terra-villa-kausiflam-ricambi-specifici-per-marchio","12":"product_cat-terra-villa-etanche-kausiflam-ricambi-specifici-per-marchio","13":"product_shipping_class-classe-di-spedizione-01","15":"first","16":"instock","17":"taxable","18":"shipping-taxable","19":"purchasable","20":"product-type-simple"},"yoast_head":"<!-- This site is optimized with the Yoast SEO plugin v26.3 - https:\/\/yoast.com\/wordpress\/plugins\/seo\/ -->\n<title>Boucle support arbre vis sans fin pour po\u00eale \u00e0 granul\u00e9s Kausiflam code.RI.01490 - Mack4Season<\/title>\n<meta name=\"robots\" content=\"index, follow, max-snippet:-1, max-image-preview:large, max-video-preview:-1\" \/>\n<link rel=\"canonical\" href=\"https:\/\/mack4seasons.com\/fr\/negozio\/kausiflam-ricambi-specifici-per-marchio\/terra-eco-kausiflam-ricambi-specifici-per-marchio\/boucle-support-arbre-vis-sans-fin-pour-poele-a-granules-kausiflam-code-ri-01490\/\" \/>\n<meta property=\"og:locale\" content=\"fr_FR\" \/>\n<meta property=\"og:type\" content=\"article\" \/>\n<meta property=\"og:title\" content=\"Boucle support arbre vis sans fin pour po\u00eale \u00e0 granul\u00e9s Kausiflam code.RI.01490 - Mack4Season\" \/>\n<meta property=\"og:description\" content=\"Boucle support arbre vis sans fin pour po\u00eale \u00e0 granul\u00e9s Kausiflam code.RI.01490 Pour les mod\u00e8les des po\u00eales \u00e0 granul\u00e9s Kausiflam: Terra Villa, Terra Villa, \u00c9tanche, Terra Eco, Terra, \u00c9tanche, Terra Eco \u00c9tanche, Terra Nova \u00c9tanche On \u00e0 toujours disponibles en stock une gamme, d\u2019accessoires et de pi\u00e8ces de rechange et de composants de premi\u00e8re n\u00e9cessit\u00e9 [&hellip;]\" \/>\n<meta property=\"og:url\" content=\"https:\/\/mack4seasons.com\/fr\/negozio\/kausiflam-ricambi-specifici-per-marchio\/terra-eco-kausiflam-ricambi-specifici-per-marchio\/boucle-support-arbre-vis-sans-fin-pour-poele-a-granules-kausiflam-code-ri-01490\/\" \/>\n<meta property=\"og:site_name\" content=\"Mack4Season\" \/>\n<meta property=\"article:publisher\" content=\"https:\/\/www.facebook.com\/profile.php?id=100075990468585\" \/>\n<meta property=\"article:modified_time\" content=\"2022-10-03T08:29:00+00:00\" \/>\n<meta property=\"og:image\" content=\"https:\/\/mack4seasons.com\/wp-content\/uploads\/2021\/11\/w-SITO-KAUSIFLAM-640.jpg\" \/>\n\t<meta property=\"og:image:width\" content=\"640\" \/>\n\t<meta property=\"og:image:height\" content=\"640\" \/>\n\t<meta property=\"og:image:type\" content=\"image\/jpeg\" \/>\n<meta name=\"twitter:card\" content=\"summary_large_image\" \/>\n<meta name=\"twitter:label1\" content=\"Dur\u00e9e de lecture estim\u00e9e\" \/>\n\t<meta name=\"twitter:data1\" content=\"1 minute\" \/>\n<script type=\"application\/ld+json\" class=\"yoast-schema-graph\">{\"@context\":\"https:\/\/schema.org\",\"@graph\":[{\"@type\":\"WebPage\",\"@id\":\"https:\/\/mack4seasons.com\/negozio\/kausiflam-ricambi-specifici-per-marchio\/terra-eco-kausiflam-ricambi-specifici-per-marchio\/boucle-support-arbre-vis-sans-fin-pour-poele-a-granules-kausiflam-code-ri-01490\/\",\"url\":\"https:\/\/mack4seasons.com\/negozio\/kausiflam-ricambi-specifici-per-marchio\/terra-eco-kausiflam-ricambi-specifici-per-marchio\/boucle-support-arbre-vis-sans-fin-pour-poele-a-granules-kausiflam-code-ri-01490\/\",\"name\":\"Boucle support arbre vis sans fin pour po\u00eale \u00e0 granul\u00e9s Kausiflam code.RI.01490 - Mack4Season\",\"isPartOf\":{\"@id\":\"https:\/\/mack4seasons.com\/#website\"},\"primaryImageOfPage\":{\"@id\":\"https:\/\/mack4seasons.com\/negozio\/kausiflam-ricambi-specifici-per-marchio\/terra-eco-kausiflam-ricambi-specifici-per-marchio\/boucle-support-arbre-vis-sans-fin-pour-poele-a-granules-kausiflam-code-ri-01490\/#primaryimage\"},\"image\":{\"@id\":\"https:\/\/mack4seasons.com\/negozio\/kausiflam-ricambi-specifici-per-marchio\/terra-eco-kausiflam-ricambi-specifici-per-marchio\/boucle-support-arbre-vis-sans-fin-pour-poele-a-granules-kausiflam-code-ri-01490\/#primaryimage\"},\"thumbnailUrl\":\"https:\/\/mack4seasons.com\/wp-content\/uploads\/2021\/11\/w-SITO-KAUSIFLAM-640.jpg\",\"datePublished\":\"2020-01-10T00:00:00+00:00\",\"dateModified\":\"2022-10-03T08:29:00+00:00\",\"breadcrumb\":{\"@id\":\"https:\/\/mack4seasons.com\/negozio\/kausiflam-ricambi-specifici-per-marchio\/terra-eco-kausiflam-ricambi-specifici-per-marchio\/boucle-support-arbre-vis-sans-fin-pour-poele-a-granules-kausiflam-code-ri-01490\/#breadcrumb\"},\"inLanguage\":\"fr-FR\",\"potentialAction\":[{\"@type\":\"ReadAction\",\"target\":[\"https:\/\/mack4seasons.com\/negozio\/kausiflam-ricambi-specifici-per-marchio\/terra-eco-kausiflam-ricambi-specifici-per-marchio\/boucle-support-arbre-vis-sans-fin-pour-poele-a-granules-kausiflam-code-ri-01490\/\"]}]},{\"@type\":\"ImageObject\",\"inLanguage\":\"fr-FR\",\"@id\":\"https:\/\/mack4seasons.com\/negozio\/kausiflam-ricambi-specifici-per-marchio\/terra-eco-kausiflam-ricambi-specifici-per-marchio\/boucle-support-arbre-vis-sans-fin-pour-poele-a-granules-kausiflam-code-ri-01490\/#primaryimage\",\"url\":\"https:\/\/mack4seasons.com\/wp-content\/uploads\/2021\/11\/w-SITO-KAUSIFLAM-640.jpg\",\"contentUrl\":\"https:\/\/mack4seasons.com\/wp-content\/uploads\/2021\/11\/w-SITO-KAUSIFLAM-640.jpg\",\"width\":640,\"height\":640},{\"@type\":\"BreadcrumbList\",\"@id\":\"https:\/\/mack4seasons.com\/negozio\/kausiflam-ricambi-specifici-per-marchio\/terra-eco-kausiflam-ricambi-specifici-per-marchio\/boucle-support-arbre-vis-sans-fin-pour-poele-a-granules-kausiflam-code-ri-01490\/#breadcrumb\",\"itemListElement\":[{\"@type\":\"ListItem\",\"position\":1,\"name\":\"Home\",\"item\":\"https:\/\/mack4seasons.com\/ricambi-accessori-stufe-e-caldaie-pellet\/\"},{\"@type\":\"ListItem\",\"position\":2,\"name\":\"Shop\",\"item\":\"https:\/\/mack4seasons.com\/negozio\/\"},{\"@type\":\"ListItem\",\"position\":3,\"name\":\"Boucle support arbre vis sans fin pour po\u00eale \u00e0 granul\u00e9s Kausiflam code.RI.01490\"}]},{\"@type\":\"WebSite\",\"@id\":\"https:\/\/mack4seasons.com\/#website\",\"url\":\"https:\/\/mack4seasons.com\/\",\"name\":\"Mack4Season\",\"description\":\"Per il comfort termico della tua casa\",\"publisher\":{\"@id\":\"https:\/\/mack4seasons.com\/#organization\"},\"potentialAction\":[{\"@type\":\"SearchAction\",\"target\":{\"@type\":\"EntryPoint\",\"urlTemplate\":\"https:\/\/mack4seasons.com\/?s={search_term_string}\"},\"query-input\":{\"@type\":\"PropertyValueSpecification\",\"valueRequired\":true,\"valueName\":\"search_term_string\"}}],\"inLanguage\":\"fr-FR\"},{\"@type\":\"Organization\",\"@id\":\"https:\/\/mack4seasons.com\/#organization\",\"name\":\"Mack4Season\",\"url\":\"https:\/\/mack4seasons.com\/\",\"logo\":{\"@type\":\"ImageObject\",\"inLanguage\":\"fr-FR\",\"@id\":\"https:\/\/mack4seasons.com\/#\/schema\/logo\/image\/\",\"url\":\"https:\/\/mack4seasons.com\/wp-content\/uploads\/2021\/06\/w-MACK-logo-pantone-02A19E.png\",\"contentUrl\":\"https:\/\/mack4seasons.com\/wp-content\/uploads\/2021\/06\/w-MACK-logo-pantone-02A19E.png\",\"width\":809,\"height\":425,\"caption\":\"Mack4Season\"},\"image\":{\"@id\":\"https:\/\/mack4seasons.com\/#\/schema\/logo\/image\/\"},\"sameAs\":[\"https:\/\/www.facebook.com\/profile.php?id=100075990468585\"]}]}<\/script>\n<!-- \/ Yoast SEO plugin. -->","yoast_head_json":{"title":"Boucle support arbre vis sans fin pour po\u00eale \u00e0 granul\u00e9s Kausiflam code.RI.01490 - Mack4Season","robots":{"index":"index","follow":"follow","max-snippet":"max-snippet:-1","max-image-preview":"max-image-preview:large","max-video-preview":"max-video-preview:-1"},"canonical":"https:\/\/mack4seasons.com\/fr\/negozio\/kausiflam-ricambi-specifici-per-marchio\/terra-eco-kausiflam-ricambi-specifici-per-marchio\/boucle-support-arbre-vis-sans-fin-pour-poele-a-granules-kausiflam-code-ri-01490\/","og_locale":"fr_FR","og_type":"article","og_title":"Boucle support arbre vis sans fin pour po\u00eale \u00e0 granul\u00e9s Kausiflam code.RI.01490 - Mack4Season","og_description":"Boucle support arbre vis sans fin pour po\u00eale \u00e0 granul\u00e9s Kausiflam code.RI.01490 Pour les mod\u00e8les des po\u00eales \u00e0 granul\u00e9s Kausiflam: Terra Villa, Terra Villa, \u00c9tanche, Terra Eco, Terra, \u00c9tanche, Terra Eco \u00c9tanche, Terra Nova \u00c9tanche On \u00e0 toujours disponibles en stock une gamme, d\u2019accessoires et de pi\u00e8ces de rechange et de composants de premi\u00e8re n\u00e9cessit\u00e9 [&hellip;]","og_url":"https:\/\/mack4seasons.com\/fr\/negozio\/kausiflam-ricambi-specifici-per-marchio\/terra-eco-kausiflam-ricambi-specifici-per-marchio\/boucle-support-arbre-vis-sans-fin-pour-poele-a-granules-kausiflam-code-ri-01490\/","og_site_name":"Mack4Season","article_publisher":"https:\/\/www.facebook.com\/profile.php?id=100075990468585","article_modified_time":"2022-10-03T08:29:00+00:00","og_image":[{"width":640,"height":640,"url":"https:\/\/mack4seasons.com\/wp-content\/uploads\/2021\/11\/w-SITO-KAUSIFLAM-640.jpg","type":"image\/jpeg"}],"twitter_card":"summary_large_image","twitter_misc":{"Dur\u00e9e de lecture estim\u00e9e":"1 minute"},"schema":{"@context":"https:\/\/schema.org","@graph":[{"@type":"WebPage","@id":"https:\/\/mack4seasons.com\/negozio\/kausiflam-ricambi-specifici-per-marchio\/terra-eco-kausiflam-ricambi-specifici-per-marchio\/boucle-support-arbre-vis-sans-fin-pour-poele-a-granules-kausiflam-code-ri-01490\/","url":"https:\/\/mack4seasons.com\/negozio\/kausiflam-ricambi-specifici-per-marchio\/terra-eco-kausiflam-ricambi-specifici-per-marchio\/boucle-support-arbre-vis-sans-fin-pour-poele-a-granules-kausiflam-code-ri-01490\/","name":"Boucle support arbre vis sans fin pour po\u00eale \u00e0 granul\u00e9s Kausiflam code.RI.01490 - Mack4Season","isPartOf":{"@id":"https:\/\/mack4seasons.com\/#website"},"primaryImageOfPage":{"@id":"https:\/\/mack4seasons.com\/negozio\/kausiflam-ricambi-specifici-per-marchio\/terra-eco-kausiflam-ricambi-specifici-per-marchio\/boucle-support-arbre-vis-sans-fin-pour-poele-a-granules-kausiflam-code-ri-01490\/#primaryimage"},"image":{"@id":"https:\/\/mack4seasons.com\/negozio\/kausiflam-ricambi-specifici-per-marchio\/terra-eco-kausiflam-ricambi-specifici-per-marchio\/boucle-support-arbre-vis-sans-fin-pour-poele-a-granules-kausiflam-code-ri-01490\/#primaryimage"},"thumbnailUrl":"https:\/\/mack4seasons.com\/wp-content\/uploads\/2021\/11\/w-SITO-KAUSIFLAM-640.jpg","datePublished":"2020-01-10T00:00:00+00:00","dateModified":"2022-10-03T08:29:00+00:00","breadcrumb":{"@id":"https:\/\/mack4seasons.com\/negozio\/kausiflam-ricambi-specifici-per-marchio\/terra-eco-kausiflam-ricambi-specifici-per-marchio\/boucle-support-arbre-vis-sans-fin-pour-poele-a-granules-kausiflam-code-ri-01490\/#breadcrumb"},"inLanguage":"fr-FR","potentialAction":[{"@type":"ReadAction","target":["https:\/\/mack4seasons.com\/negozio\/kausiflam-ricambi-specifici-per-marchio\/terra-eco-kausiflam-ricambi-specifici-per-marchio\/boucle-support-arbre-vis-sans-fin-pour-poele-a-granules-kausiflam-code-ri-01490\/"]}]},{"@type":"ImageObject","inLanguage":"fr-FR","@id":"https:\/\/mack4seasons.com\/negozio\/kausiflam-ricambi-specifici-per-marchio\/terra-eco-kausiflam-ricambi-specifici-per-marchio\/boucle-support-arbre-vis-sans-fin-pour-poele-a-granules-kausiflam-code-ri-01490\/#primaryimage","url":"https:\/\/mack4seasons.com\/wp-content\/uploads\/2021\/11\/w-SITO-KAUSIFLAM-640.jpg","contentUrl":"https:\/\/mack4seasons.com\/wp-content\/uploads\/2021\/11\/w-SITO-KAUSIFLAM-640.jpg","width":640,"height":640},{"@type":"BreadcrumbList","@id":"https:\/\/mack4seasons.com\/negozio\/kausiflam-ricambi-specifici-per-marchio\/terra-eco-kausiflam-ricambi-specifici-per-marchio\/boucle-support-arbre-vis-sans-fin-pour-poele-a-granules-kausiflam-code-ri-01490\/#breadcrumb","itemListElement":[{"@type":"ListItem","position":1,"name":"Home","item":"https:\/\/mack4seasons.com\/ricambi-accessori-stufe-e-caldaie-pellet\/"},{"@type":"ListItem","position":2,"name":"Shop","item":"https:\/\/mack4seasons.com\/negozio\/"},{"@type":"ListItem","position":3,"name":"Boucle support arbre vis sans fin pour po\u00eale \u00e0 granul\u00e9s Kausiflam code.RI.01490"}]},{"@type":"WebSite","@id":"https:\/\/mack4seasons.com\/#website","url":"https:\/\/mack4seasons.com\/","name":"Mack4Season","description":"Pour le confort thermique de votre maison","publisher":{"@id":"https:\/\/mack4seasons.com\/#organization"},"potentialAction":[{"@type":"SearchAction","target":{"@type":"EntryPoint","urlTemplate":"https:\/\/mack4seasons.com\/?s={search_term_string}"},"query-input":{"@type":"PropertyValueSpecification","valueRequired":true,"valueName":"search_term_string"}}],"inLanguage":"fr-FR"},{"@type":"Organization","@id":"https:\/\/mack4seasons.com\/#organization","name":"Mack4Season","url":"https:\/\/mack4seasons.com\/","logo":{"@type":"ImageObject","inLanguage":"fr-FR","@id":"https:\/\/mack4seasons.com\/#\/schema\/logo\/image\/","url":"https:\/\/mack4seasons.com\/wp-content\/uploads\/2021\/06\/w-MACK-logo-pantone-02A19E.png","contentUrl":"https:\/\/mack4seasons.com\/wp-content\/uploads\/2021\/06\/w-MACK-logo-pantone-02A19E.png","width":809,"height":425,"caption":"Mack4Season"},"image":{"@id":"https:\/\/mack4seasons.com\/#\/schema\/logo\/image\/"},"sameAs":["https:\/\/www.facebook.com\/profile.php?id=100075990468585"]}]}},"_links":{"self":[{"href":"https:\/\/mack4seasons.com\/fr\/wp-json\/wp\/v2\/product\/14114","targetHints":{"allow":["GET"]}}],"collection":[{"href":"https:\/\/mack4seasons.com\/fr\/wp-json\/wp\/v2\/product"}],"about":[{"href":"https:\/\/mack4seasons.com\/fr\/wp-json\/wp\/v2\/types\/product"}],"wp:featuredmedia":[{"embeddable":true,"href":"https:\/\/mack4seasons.com\/fr\/wp-json\/wp\/v2\/media\/13601"}],"wp:attachment":[{"href":"https:\/\/mack4seasons.com\/fr\/wp-json\/wp\/v2\/media?parent=14114"}],"wp:term":[{"taxonomy":"product_brand","embeddable":true,"href":"https:\/\/mack4seasons.com\/fr\/wp-json\/wp\/v2\/product_brand?post=14114"},{"taxonomy":"product_cat","embeddable":true,"href":"https:\/\/mack4seasons.com\/fr\/wp-json\/wp\/v2\/product_cat?post=14114"},{"taxonomy":"product_tag","embeddable":true,"href":"https:\/\/mack4seasons.com\/fr\/wp-json\/wp\/v2\/product_tag?post=14114"}],"curies":[{"name":"wp","href":"https:\/\/api.w.org\/{rel}","templated":true}]}}