{"id":13964,"date":"2020-01-10T00:00:00","date_gmt":"2020-01-10T00:00:00","guid":{"rendered":"https:\/\/mack4seasons.com\/?post_type=product&#038;p=13964"},"modified":"2022-10-03T08:28:24","modified_gmt":"2022-10-03T08:28:24","slug":"carte-electronique-programmee-pour-poele-a-granules-kausiflam-code-a12-00005-050","status":"publish","type":"product","link":"https:\/\/mack4seasons.com\/fr\/negozio\/kausiflam-ricambi-specifici-per-marchio\/laura-kausiflam-ricambi-specifici-per-marchio\/carte-electronique-programmee-pour-poele-a-granules-kausiflam-code-a12-00005-050\/","title":{"rendered":"Carte \u00e9lectronique programm\u00e9e pour po\u00eale \u00e0 granul\u00e9s Kausiflam code.A12 00005-050"},"content":{"rendered":"<hr \/>\n<h2>Carte \u00e9lectronique<\/h2>\n<p>code. A12 00005-050<\/p>\n<p>Pour le mod\u00e8le: Laura<\/p>\n<hr \/>\n<p>MACK FOUR SEASONS collabore directement avec les principaux producteurs d'Electronique Leader en Europe.<br \/>\nNos cartes ou fiche \u00e9lectroniques sont d\u00e9j\u00e0 fournies programm\u00e9es donc elles sont pr\u00eates \u00e0 l'emploi.<br \/>\nOn \u00e0 toujours disponibles en stock une gamme d'accessoires et de pi\u00e8ces de rechange et de composants de premi\u00e8re n\u00e9cessit\u00e9 de plus de 2000 r\u00e9f\u00e9rences pour tous les po\u00eales et chaudi\u00e8res \u00e0 pellets pr\u00e9sents sur le march\u00e9.<br \/>\nNous pouvons vous fournir les pi\u00e8ces ext\u00e9rieures esth\u00e9tiques et de charpenterie, avec une d\u00e9lais de livraison de 30 \u00e0 60 jours ouvrables.<br \/>\nLe personnel d'MACK FOUR SEASONS a \u00e9t\u00e9 form\u00e9 avec soin afin de vous aider \u00e0 identifier les \u00e9ventuelles pi\u00e8ces d\u00e9tach\u00e9es \u00e0 remplacer en proposant une assistance t\u00e9l\u00e9phonique en fran\u00e7ais, anglais, roumain et italien.<br \/>\nN'h\u00e9sitez pas \u00e0 nous contacter pour toute information<\/p>","protected":false},"excerpt":{"rendered":"<p>Carte \u00e9lectronique code. A12 00005-050 Pour le mod\u00e8le: Laura MACK FOUR SEASONS collabore directement avec les principaux producteurs d\u2019Electronique Leader en Europe. Nos cartes ou fiche \u00e9lectroniques sont d\u00e9j\u00e0 fournies programm\u00e9es donc elles sont pr\u00eates \u00e0 l\u2019emploi. On \u00e0 toujours disponibles en stock une gamme d\u2019accessoires et de pi\u00e8ces de rechange et de composants de [&hellip;]<\/p>\n","protected":false},"featured_media":13965,"template":"","meta":[],"product_brand":[],"product_cat":[1106,1121],"product_tag":[],"class_list":{"0":"post-13964","1":"product","2":"type-product","3":"status-publish","4":"has-post-thumbnail","6":"product_cat-kausiflam-ricambi-specifici-per-marchio","7":"product_cat-laura-kausiflam-ricambi-specifici-per-marchio","8":"product_shipping_class-classe-di-spedizione-01","10":"first","11":"instock","12":"taxable","13":"shipping-taxable","14":"purchasable","15":"product-type-simple"},"yoast_head":"<!-- This site is optimized with the Yoast SEO plugin v26.3 - https:\/\/yoast.com\/wordpress\/plugins\/seo\/ -->\n<title>Carte \u00e9lectronique programm\u00e9e pour po\u00eale \u00e0 granul\u00e9s Kausiflam code.A12 00005-050 - Mack4Season<\/title>\n<meta name=\"robots\" content=\"index, follow, max-snippet:-1, max-image-preview:large, max-video-preview:-1\" \/>\n<link rel=\"canonical\" href=\"https:\/\/mack4seasons.com\/fr\/negozio\/kausiflam-ricambi-specifici-per-marchio\/laura-kausiflam-ricambi-specifici-per-marchio\/carte-electronique-programmee-pour-poele-a-granules-kausiflam-code-a12-00005-050\/\" \/>\n<meta property=\"og:locale\" content=\"fr_FR\" \/>\n<meta property=\"og:type\" content=\"article\" \/>\n<meta property=\"og:title\" content=\"Carte \u00e9lectronique programm\u00e9e pour po\u00eale \u00e0 granul\u00e9s Kausiflam code.A12 00005-050 - Mack4Season\" \/>\n<meta property=\"og:description\" content=\"Carte \u00e9lectronique code. A12 00005-050 Pour le mod\u00e8le: Laura MACK FOUR SEASONS collabore directement avec les principaux producteurs d\u2019Electronique Leader en Europe. Nos cartes ou fiche \u00e9lectroniques sont d\u00e9j\u00e0 fournies programm\u00e9es donc elles sont pr\u00eates \u00e0 l\u2019emploi. On \u00e0 toujours disponibles en stock une gamme d\u2019accessoires et de pi\u00e8ces de rechange et de composants de [&hellip;]\" \/>\n<meta property=\"og:url\" content=\"https:\/\/mack4seasons.com\/fr\/negozio\/kausiflam-ricambi-specifici-per-marchio\/laura-kausiflam-ricambi-specifici-per-marchio\/carte-electronique-programmee-pour-poele-a-granules-kausiflam-code-a12-00005-050\/\" \/>\n<meta property=\"og:site_name\" content=\"Mack4Season\" \/>\n<meta property=\"article:publisher\" content=\"https:\/\/www.facebook.com\/profile.php?id=100075990468585\" \/>\n<meta property=\"article:modified_time\" content=\"2022-10-03T08:28:24+00:00\" \/>\n<meta property=\"og:image\" content=\"https:\/\/mack4seasons.com\/wp-content\/uploads\/2021\/11\/w-SITO-PAG-63-B.jpg\" \/>\n\t<meta property=\"og:image:width\" content=\"960\" \/>\n\t<meta property=\"og:image:height\" content=\"960\" \/>\n\t<meta property=\"og:image:type\" content=\"image\/jpeg\" \/>\n<meta name=\"twitter:card\" content=\"summary_large_image\" \/>\n<meta name=\"twitter:label1\" content=\"Dur\u00e9e de lecture estim\u00e9e\" \/>\n\t<meta name=\"twitter:data1\" content=\"1 minute\" \/>\n<script type=\"application\/ld+json\" class=\"yoast-schema-graph\">{\"@context\":\"https:\/\/schema.org\",\"@graph\":[{\"@type\":\"WebPage\",\"@id\":\"https:\/\/mack4seasons.com\/negozio\/kausiflam-ricambi-specifici-per-marchio\/laura-kausiflam-ricambi-specifici-per-marchio\/carte-electronique-programmee-pour-poele-a-granules-kausiflam-code-a12-00005-050\/\",\"url\":\"https:\/\/mack4seasons.com\/negozio\/kausiflam-ricambi-specifici-per-marchio\/laura-kausiflam-ricambi-specifici-per-marchio\/carte-electronique-programmee-pour-poele-a-granules-kausiflam-code-a12-00005-050\/\",\"name\":\"Carte \u00e9lectronique programm\u00e9e pour po\u00eale \u00e0 granul\u00e9s Kausiflam code.A12 00005-050 - Mack4Season\",\"isPartOf\":{\"@id\":\"https:\/\/mack4seasons.com\/#website\"},\"primaryImageOfPage\":{\"@id\":\"https:\/\/mack4seasons.com\/negozio\/kausiflam-ricambi-specifici-per-marchio\/laura-kausiflam-ricambi-specifici-per-marchio\/carte-electronique-programmee-pour-poele-a-granules-kausiflam-code-a12-00005-050\/#primaryimage\"},\"image\":{\"@id\":\"https:\/\/mack4seasons.com\/negozio\/kausiflam-ricambi-specifici-per-marchio\/laura-kausiflam-ricambi-specifici-per-marchio\/carte-electronique-programmee-pour-poele-a-granules-kausiflam-code-a12-00005-050\/#primaryimage\"},\"thumbnailUrl\":\"https:\/\/mack4seasons.com\/wp-content\/uploads\/2021\/11\/w-SITO-PAG-63-B.jpg\",\"datePublished\":\"2020-01-10T00:00:00+00:00\",\"dateModified\":\"2022-10-03T08:28:24+00:00\",\"breadcrumb\":{\"@id\":\"https:\/\/mack4seasons.com\/negozio\/kausiflam-ricambi-specifici-per-marchio\/laura-kausiflam-ricambi-specifici-per-marchio\/carte-electronique-programmee-pour-poele-a-granules-kausiflam-code-a12-00005-050\/#breadcrumb\"},\"inLanguage\":\"fr-FR\",\"potentialAction\":[{\"@type\":\"ReadAction\",\"target\":[\"https:\/\/mack4seasons.com\/negozio\/kausiflam-ricambi-specifici-per-marchio\/laura-kausiflam-ricambi-specifici-per-marchio\/carte-electronique-programmee-pour-poele-a-granules-kausiflam-code-a12-00005-050\/\"]}]},{\"@type\":\"ImageObject\",\"inLanguage\":\"fr-FR\",\"@id\":\"https:\/\/mack4seasons.com\/negozio\/kausiflam-ricambi-specifici-per-marchio\/laura-kausiflam-ricambi-specifici-per-marchio\/carte-electronique-programmee-pour-poele-a-granules-kausiflam-code-a12-00005-050\/#primaryimage\",\"url\":\"https:\/\/mack4seasons.com\/wp-content\/uploads\/2021\/11\/w-SITO-PAG-63-B.jpg\",\"contentUrl\":\"https:\/\/mack4seasons.com\/wp-content\/uploads\/2021\/11\/w-SITO-PAG-63-B.jpg\",\"width\":960,\"height\":960},{\"@type\":\"BreadcrumbList\",\"@id\":\"https:\/\/mack4seasons.com\/negozio\/kausiflam-ricambi-specifici-per-marchio\/laura-kausiflam-ricambi-specifici-per-marchio\/carte-electronique-programmee-pour-poele-a-granules-kausiflam-code-a12-00005-050\/#breadcrumb\",\"itemListElement\":[{\"@type\":\"ListItem\",\"position\":1,\"name\":\"Home\",\"item\":\"https:\/\/mack4seasons.com\/ricambi-accessori-stufe-e-caldaie-pellet\/\"},{\"@type\":\"ListItem\",\"position\":2,\"name\":\"Shop\",\"item\":\"https:\/\/mack4seasons.com\/negozio\/\"},{\"@type\":\"ListItem\",\"position\":3,\"name\":\"Carte \u00e9lectronique programm\u00e9e pour po\u00eale \u00e0 granul\u00e9s Kausiflam code.A12 00005-050\"}]},{\"@type\":\"WebSite\",\"@id\":\"https:\/\/mack4seasons.com\/#website\",\"url\":\"https:\/\/mack4seasons.com\/\",\"name\":\"Mack4Season\",\"description\":\"Per il comfort termico della tua casa\",\"publisher\":{\"@id\":\"https:\/\/mack4seasons.com\/#organization\"},\"potentialAction\":[{\"@type\":\"SearchAction\",\"target\":{\"@type\":\"EntryPoint\",\"urlTemplate\":\"https:\/\/mack4seasons.com\/?s={search_term_string}\"},\"query-input\":{\"@type\":\"PropertyValueSpecification\",\"valueRequired\":true,\"valueName\":\"search_term_string\"}}],\"inLanguage\":\"fr-FR\"},{\"@type\":\"Organization\",\"@id\":\"https:\/\/mack4seasons.com\/#organization\",\"name\":\"Mack4Season\",\"url\":\"https:\/\/mack4seasons.com\/\",\"logo\":{\"@type\":\"ImageObject\",\"inLanguage\":\"fr-FR\",\"@id\":\"https:\/\/mack4seasons.com\/#\/schema\/logo\/image\/\",\"url\":\"https:\/\/mack4seasons.com\/wp-content\/uploads\/2021\/06\/w-MACK-logo-pantone-02A19E.png\",\"contentUrl\":\"https:\/\/mack4seasons.com\/wp-content\/uploads\/2021\/06\/w-MACK-logo-pantone-02A19E.png\",\"width\":809,\"height\":425,\"caption\":\"Mack4Season\"},\"image\":{\"@id\":\"https:\/\/mack4seasons.com\/#\/schema\/logo\/image\/\"},\"sameAs\":[\"https:\/\/www.facebook.com\/profile.php?id=100075990468585\"]}]}<\/script>\n<!-- \/ Yoast SEO plugin. -->","yoast_head_json":{"title":"Carte \u00e9lectronique programm\u00e9e pour po\u00eale \u00e0 granul\u00e9s Kausiflam code.A12 00005-050 - Mack4Season","robots":{"index":"index","follow":"follow","max-snippet":"max-snippet:-1","max-image-preview":"max-image-preview:large","max-video-preview":"max-video-preview:-1"},"canonical":"https:\/\/mack4seasons.com\/fr\/negozio\/kausiflam-ricambi-specifici-per-marchio\/laura-kausiflam-ricambi-specifici-per-marchio\/carte-electronique-programmee-pour-poele-a-granules-kausiflam-code-a12-00005-050\/","og_locale":"fr_FR","og_type":"article","og_title":"Carte \u00e9lectronique programm\u00e9e pour po\u00eale \u00e0 granul\u00e9s Kausiflam code.A12 00005-050 - Mack4Season","og_description":"Carte \u00e9lectronique code. A12 00005-050 Pour le mod\u00e8le: Laura MACK FOUR SEASONS collabore directement avec les principaux producteurs d\u2019Electronique Leader en Europe. Nos cartes ou fiche \u00e9lectroniques sont d\u00e9j\u00e0 fournies programm\u00e9es donc elles sont pr\u00eates \u00e0 l\u2019emploi. On \u00e0 toujours disponibles en stock une gamme d\u2019accessoires et de pi\u00e8ces de rechange et de composants de [&hellip;]","og_url":"https:\/\/mack4seasons.com\/fr\/negozio\/kausiflam-ricambi-specifici-per-marchio\/laura-kausiflam-ricambi-specifici-per-marchio\/carte-electronique-programmee-pour-poele-a-granules-kausiflam-code-a12-00005-050\/","og_site_name":"Mack4Season","article_publisher":"https:\/\/www.facebook.com\/profile.php?id=100075990468585","article_modified_time":"2022-10-03T08:28:24+00:00","og_image":[{"width":960,"height":960,"url":"https:\/\/mack4seasons.com\/wp-content\/uploads\/2021\/11\/w-SITO-PAG-63-B.jpg","type":"image\/jpeg"}],"twitter_card":"summary_large_image","twitter_misc":{"Dur\u00e9e de lecture estim\u00e9e":"1 minute"},"schema":{"@context":"https:\/\/schema.org","@graph":[{"@type":"WebPage","@id":"https:\/\/mack4seasons.com\/negozio\/kausiflam-ricambi-specifici-per-marchio\/laura-kausiflam-ricambi-specifici-per-marchio\/carte-electronique-programmee-pour-poele-a-granules-kausiflam-code-a12-00005-050\/","url":"https:\/\/mack4seasons.com\/negozio\/kausiflam-ricambi-specifici-per-marchio\/laura-kausiflam-ricambi-specifici-per-marchio\/carte-electronique-programmee-pour-poele-a-granules-kausiflam-code-a12-00005-050\/","name":"Carte \u00e9lectronique programm\u00e9e pour po\u00eale \u00e0 granul\u00e9s Kausiflam code.A12 00005-050 - Mack4Season","isPartOf":{"@id":"https:\/\/mack4seasons.com\/#website"},"primaryImageOfPage":{"@id":"https:\/\/mack4seasons.com\/negozio\/kausiflam-ricambi-specifici-per-marchio\/laura-kausiflam-ricambi-specifici-per-marchio\/carte-electronique-programmee-pour-poele-a-granules-kausiflam-code-a12-00005-050\/#primaryimage"},"image":{"@id":"https:\/\/mack4seasons.com\/negozio\/kausiflam-ricambi-specifici-per-marchio\/laura-kausiflam-ricambi-specifici-per-marchio\/carte-electronique-programmee-pour-poele-a-granules-kausiflam-code-a12-00005-050\/#primaryimage"},"thumbnailUrl":"https:\/\/mack4seasons.com\/wp-content\/uploads\/2021\/11\/w-SITO-PAG-63-B.jpg","datePublished":"2020-01-10T00:00:00+00:00","dateModified":"2022-10-03T08:28:24+00:00","breadcrumb":{"@id":"https:\/\/mack4seasons.com\/negozio\/kausiflam-ricambi-specifici-per-marchio\/laura-kausiflam-ricambi-specifici-per-marchio\/carte-electronique-programmee-pour-poele-a-granules-kausiflam-code-a12-00005-050\/#breadcrumb"},"inLanguage":"fr-FR","potentialAction":[{"@type":"ReadAction","target":["https:\/\/mack4seasons.com\/negozio\/kausiflam-ricambi-specifici-per-marchio\/laura-kausiflam-ricambi-specifici-per-marchio\/carte-electronique-programmee-pour-poele-a-granules-kausiflam-code-a12-00005-050\/"]}]},{"@type":"ImageObject","inLanguage":"fr-FR","@id":"https:\/\/mack4seasons.com\/negozio\/kausiflam-ricambi-specifici-per-marchio\/laura-kausiflam-ricambi-specifici-per-marchio\/carte-electronique-programmee-pour-poele-a-granules-kausiflam-code-a12-00005-050\/#primaryimage","url":"https:\/\/mack4seasons.com\/wp-content\/uploads\/2021\/11\/w-SITO-PAG-63-B.jpg","contentUrl":"https:\/\/mack4seasons.com\/wp-content\/uploads\/2021\/11\/w-SITO-PAG-63-B.jpg","width":960,"height":960},{"@type":"BreadcrumbList","@id":"https:\/\/mack4seasons.com\/negozio\/kausiflam-ricambi-specifici-per-marchio\/laura-kausiflam-ricambi-specifici-per-marchio\/carte-electronique-programmee-pour-poele-a-granules-kausiflam-code-a12-00005-050\/#breadcrumb","itemListElement":[{"@type":"ListItem","position":1,"name":"Home","item":"https:\/\/mack4seasons.com\/ricambi-accessori-stufe-e-caldaie-pellet\/"},{"@type":"ListItem","position":2,"name":"Shop","item":"https:\/\/mack4seasons.com\/negozio\/"},{"@type":"ListItem","position":3,"name":"Carte \u00e9lectronique programm\u00e9e pour po\u00eale \u00e0 granul\u00e9s Kausiflam code.A12 00005-050"}]},{"@type":"WebSite","@id":"https:\/\/mack4seasons.com\/#website","url":"https:\/\/mack4seasons.com\/","name":"Mack4Season","description":"Pour le confort thermique de votre maison","publisher":{"@id":"https:\/\/mack4seasons.com\/#organization"},"potentialAction":[{"@type":"SearchAction","target":{"@type":"EntryPoint","urlTemplate":"https:\/\/mack4seasons.com\/?s={search_term_string}"},"query-input":{"@type":"PropertyValueSpecification","valueRequired":true,"valueName":"search_term_string"}}],"inLanguage":"fr-FR"},{"@type":"Organization","@id":"https:\/\/mack4seasons.com\/#organization","name":"Mack4Season","url":"https:\/\/mack4seasons.com\/","logo":{"@type":"ImageObject","inLanguage":"fr-FR","@id":"https:\/\/mack4seasons.com\/#\/schema\/logo\/image\/","url":"https:\/\/mack4seasons.com\/wp-content\/uploads\/2021\/06\/w-MACK-logo-pantone-02A19E.png","contentUrl":"https:\/\/mack4seasons.com\/wp-content\/uploads\/2021\/06\/w-MACK-logo-pantone-02A19E.png","width":809,"height":425,"caption":"Mack4Season"},"image":{"@id":"https:\/\/mack4seasons.com\/#\/schema\/logo\/image\/"},"sameAs":["https:\/\/www.facebook.com\/profile.php?id=100075990468585"]}]}},"_links":{"self":[{"href":"https:\/\/mack4seasons.com\/fr\/wp-json\/wp\/v2\/product\/13964","targetHints":{"allow":["GET"]}}],"collection":[{"href":"https:\/\/mack4seasons.com\/fr\/wp-json\/wp\/v2\/product"}],"about":[{"href":"https:\/\/mack4seasons.com\/fr\/wp-json\/wp\/v2\/types\/product"}],"wp:featuredmedia":[{"embeddable":true,"href":"https:\/\/mack4seasons.com\/fr\/wp-json\/wp\/v2\/media\/13965"}],"wp:attachment":[{"href":"https:\/\/mack4seasons.com\/fr\/wp-json\/wp\/v2\/media?parent=13964"}],"wp:term":[{"taxonomy":"product_brand","embeddable":true,"href":"https:\/\/mack4seasons.com\/fr\/wp-json\/wp\/v2\/product_brand?post=13964"},{"taxonomy":"product_cat","embeddable":true,"href":"https:\/\/mack4seasons.com\/fr\/wp-json\/wp\/v2\/product_cat?post=13964"},{"taxonomy":"product_tag","embeddable":true,"href":"https:\/\/mack4seasons.com\/fr\/wp-json\/wp\/v2\/product_tag?post=13964"}],"curies":[{"name":"wp","href":"https:\/\/api.w.org\/{rel}","templated":true}]}}