{"id":13872,"date":"2020-01-10T00:00:00","date_gmt":"2020-01-10T00:00:00","guid":{"rendered":"https:\/\/mack4seasons.com\/?post_type=product&#038;p=13872"},"modified":"2022-10-03T08:28:01","modified_gmt":"2022-10-03T08:28:01","slug":"joint-verre-double-porte-pour-les-poeles-a-granules-kausiflam-code-ri-01487","status":"publish","type":"product","link":"https:\/\/mack4seasons.com\/fr\/negozio\/kausiflam-ricambi-specifici-per-marchio\/terra-eco-kausiflam-ricambi-specifici-per-marchio\/joint-verre-double-porte-pour-les-poeles-a-granules-kausiflam-code-ri-01487\/","title":{"rendered":"Joint verre double porte pour les po\u00eales \u00e0 granul\u00e9s Kausiflam code.RI.01487"},"content":{"rendered":"<hr \/>\n<h2> Joint verre double porte pour les po\u00eales \u00e0 granul\u00e9s Kausiflam <\/h2>\n<p>code.RI.01487<\/p>\n<p>Pour les mod\u00e8les des po\u00eales \u00e0 granul\u00e9s Kausiflam : Terra Villa, Terra Villa \u00c9tanche , Terra Eco, Terra Eco \u00c9tanche , Terra Nova \u00c9tanche<\/p>\n<hr \/>\n<p>Garnitures tresses,corde ou joint pour porte foyer,d\u2019inspection des fum\u00e9es pour les mod\u00e8les des po\u00eales \u00e0 granul\u00e9s Kausiflam<br \/>\nMACK FOUR SEASONS vous offre les pi\u00e8ces int\u00e9rieures,ext\u00e9rieures,esth\u00e9tiques,Verre vitroceramique haute temp\u00e9rature et de charpenterie,en gardant que les d\u00e9lais de livraison peuvent varier de 30 \u00e0 60 jours ouvrables.<br \/>\nOn \u00e0 toujours disponibles en stock une gamme, d'accessoires et de pi\u00e8ces de rechange et de composants de premi\u00e8re n\u00e9cessit\u00e9 pour tous les po\u00eales et chaudi\u00e8res \u00e0 pellets pr\u00e9sents sur le march\u00e9 que vous pouvez consulter sur notre catalogue en ligne<br \/>\nLe personnel d'MACK FOUR SEASONS a \u00e9t\u00e9 form\u00e9 avec soin afin de vous aider \u00e0 identifier les \u00e9ventuelles pi\u00e8ces d\u00e9tach\u00e9es \u00e0 remplacer en proposant une assistance t\u00e9l\u00e9phonique en fran\u00e7ais, anglais, roumain et italien.<br \/>\nN'h\u00e9sitez pas \u00e0 nous contacter pour toute information<\/p>","protected":false},"excerpt":{"rendered":"<hr \/>\n<h2><font color=\"77a464\">Disponible<\/font><\/h2>","protected":false},"featured_media":13640,"template":"","meta":[],"product_brand":[],"product_cat":[1106,1145,1146,1148,1149,1150],"product_tag":[],"class_list":{"0":"post-13872","1":"product","2":"type-product","3":"status-publish","4":"has-post-thumbnail","6":"product_cat-kausiflam-ricambi-specifici-per-marchio","7":"product_cat-terra-eco-kausiflam-ricambi-specifici-per-marchio","8":"product_cat-terra-eco-etanche-kausiflam-ricambi-specifici-per-marchio","9":"product_cat-terra-nova-etanche-kausiflam-ricambi-specifici-per-marchio","10":"product_cat-terra-villa-kausiflam-ricambi-specifici-per-marchio","11":"product_cat-terra-villa-etanche-kausiflam-ricambi-specifici-per-marchio","12":"product_shipping_class-classe-di-spedizione-01","14":"first","15":"instock","16":"taxable","17":"shipping-taxable","18":"purchasable","19":"product-type-simple"},"yoast_head":"<!-- This site is optimized with the Yoast SEO plugin v26.3 - https:\/\/yoast.com\/wordpress\/plugins\/seo\/ -->\n<title>Joint verre double porte pour les po\u00eales \u00e0 granul\u00e9s Kausiflam code.RI.01487 - Mack4Season<\/title>\n<meta name=\"robots\" content=\"index, follow, max-snippet:-1, max-image-preview:large, max-video-preview:-1\" \/>\n<link rel=\"canonical\" href=\"https:\/\/mack4seasons.com\/fr\/negozio\/kausiflam-ricambi-specifici-per-marchio\/terra-eco-kausiflam-ricambi-specifici-per-marchio\/joint-verre-double-porte-pour-les-poeles-a-granules-kausiflam-code-ri-01487\/\" \/>\n<meta property=\"og:locale\" content=\"fr_FR\" \/>\n<meta property=\"og:type\" content=\"article\" \/>\n<meta property=\"og:title\" content=\"Joint verre double porte pour les po\u00eales \u00e0 granul\u00e9s Kausiflam code.RI.01487 - Mack4Season\" \/>\n<meta property=\"og:description\" content=\"Disponibile\" \/>\n<meta property=\"og:url\" content=\"https:\/\/mack4seasons.com\/fr\/negozio\/kausiflam-ricambi-specifici-per-marchio\/terra-eco-kausiflam-ricambi-specifici-per-marchio\/joint-verre-double-porte-pour-les-poeles-a-granules-kausiflam-code-ri-01487\/\" \/>\n<meta property=\"og:site_name\" content=\"Mack4Season\" \/>\n<meta property=\"article:publisher\" content=\"https:\/\/www.facebook.com\/profile.php?id=100075990468585\" \/>\n<meta property=\"article:modified_time\" content=\"2022-10-03T08:28:01+00:00\" \/>\n<meta property=\"og:image\" content=\"https:\/\/mack4seasons.com\/wp-content\/uploads\/2021\/11\/w-SITO-NASTRI-6-2.jpg\" \/>\n\t<meta property=\"og:image:width\" content=\"640\" \/>\n\t<meta property=\"og:image:height\" content=\"640\" \/>\n\t<meta property=\"og:image:type\" content=\"image\/jpeg\" \/>\n<meta name=\"twitter:card\" content=\"summary_large_image\" \/>\n<meta name=\"twitter:label1\" content=\"Dur\u00e9e de lecture estim\u00e9e\" \/>\n\t<meta name=\"twitter:data1\" content=\"1 minute\" \/>\n<script type=\"application\/ld+json\" class=\"yoast-schema-graph\">{\"@context\":\"https:\/\/schema.org\",\"@graph\":[{\"@type\":\"WebPage\",\"@id\":\"https:\/\/mack4seasons.com\/negozio\/kausiflam-ricambi-specifici-per-marchio\/terra-eco-kausiflam-ricambi-specifici-per-marchio\/joint-verre-double-porte-pour-les-poeles-a-granules-kausiflam-code-ri-01487\/\",\"url\":\"https:\/\/mack4seasons.com\/negozio\/kausiflam-ricambi-specifici-per-marchio\/terra-eco-kausiflam-ricambi-specifici-per-marchio\/joint-verre-double-porte-pour-les-poeles-a-granules-kausiflam-code-ri-01487\/\",\"name\":\"Joint verre double porte pour les po\u00eales \u00e0 granul\u00e9s Kausiflam code.RI.01487 - Mack4Season\",\"isPartOf\":{\"@id\":\"https:\/\/mack4seasons.com\/#website\"},\"primaryImageOfPage\":{\"@id\":\"https:\/\/mack4seasons.com\/negozio\/kausiflam-ricambi-specifici-per-marchio\/terra-eco-kausiflam-ricambi-specifici-per-marchio\/joint-verre-double-porte-pour-les-poeles-a-granules-kausiflam-code-ri-01487\/#primaryimage\"},\"image\":{\"@id\":\"https:\/\/mack4seasons.com\/negozio\/kausiflam-ricambi-specifici-per-marchio\/terra-eco-kausiflam-ricambi-specifici-per-marchio\/joint-verre-double-porte-pour-les-poeles-a-granules-kausiflam-code-ri-01487\/#primaryimage\"},\"thumbnailUrl\":\"https:\/\/mack4seasons.com\/wp-content\/uploads\/2021\/11\/w-SITO-NASTRI-6-2.jpg\",\"datePublished\":\"2020-01-10T00:00:00+00:00\",\"dateModified\":\"2022-10-03T08:28:01+00:00\",\"breadcrumb\":{\"@id\":\"https:\/\/mack4seasons.com\/negozio\/kausiflam-ricambi-specifici-per-marchio\/terra-eco-kausiflam-ricambi-specifici-per-marchio\/joint-verre-double-porte-pour-les-poeles-a-granules-kausiflam-code-ri-01487\/#breadcrumb\"},\"inLanguage\":\"fr-FR\",\"potentialAction\":[{\"@type\":\"ReadAction\",\"target\":[\"https:\/\/mack4seasons.com\/negozio\/kausiflam-ricambi-specifici-per-marchio\/terra-eco-kausiflam-ricambi-specifici-per-marchio\/joint-verre-double-porte-pour-les-poeles-a-granules-kausiflam-code-ri-01487\/\"]}]},{\"@type\":\"ImageObject\",\"inLanguage\":\"fr-FR\",\"@id\":\"https:\/\/mack4seasons.com\/negozio\/kausiflam-ricambi-specifici-per-marchio\/terra-eco-kausiflam-ricambi-specifici-per-marchio\/joint-verre-double-porte-pour-les-poeles-a-granules-kausiflam-code-ri-01487\/#primaryimage\",\"url\":\"https:\/\/mack4seasons.com\/wp-content\/uploads\/2021\/11\/w-SITO-NASTRI-6-2.jpg\",\"contentUrl\":\"https:\/\/mack4seasons.com\/wp-content\/uploads\/2021\/11\/w-SITO-NASTRI-6-2.jpg\",\"width\":640,\"height\":640},{\"@type\":\"BreadcrumbList\",\"@id\":\"https:\/\/mack4seasons.com\/negozio\/kausiflam-ricambi-specifici-per-marchio\/terra-eco-kausiflam-ricambi-specifici-per-marchio\/joint-verre-double-porte-pour-les-poeles-a-granules-kausiflam-code-ri-01487\/#breadcrumb\",\"itemListElement\":[{\"@type\":\"ListItem\",\"position\":1,\"name\":\"Home\",\"item\":\"https:\/\/mack4seasons.com\/ricambi-accessori-stufe-e-caldaie-pellet\/\"},{\"@type\":\"ListItem\",\"position\":2,\"name\":\"Shop\",\"item\":\"https:\/\/mack4seasons.com\/negozio\/\"},{\"@type\":\"ListItem\",\"position\":3,\"name\":\"Joint verre double porte pour les po\u00eales \u00e0 granul\u00e9s Kausiflam code.RI.01487\"}]},{\"@type\":\"WebSite\",\"@id\":\"https:\/\/mack4seasons.com\/#website\",\"url\":\"https:\/\/mack4seasons.com\/\",\"name\":\"Mack4Season\",\"description\":\"Per il comfort termico della tua casa\",\"publisher\":{\"@id\":\"https:\/\/mack4seasons.com\/#organization\"},\"potentialAction\":[{\"@type\":\"SearchAction\",\"target\":{\"@type\":\"EntryPoint\",\"urlTemplate\":\"https:\/\/mack4seasons.com\/?s={search_term_string}\"},\"query-input\":{\"@type\":\"PropertyValueSpecification\",\"valueRequired\":true,\"valueName\":\"search_term_string\"}}],\"inLanguage\":\"fr-FR\"},{\"@type\":\"Organization\",\"@id\":\"https:\/\/mack4seasons.com\/#organization\",\"name\":\"Mack4Season\",\"url\":\"https:\/\/mack4seasons.com\/\",\"logo\":{\"@type\":\"ImageObject\",\"inLanguage\":\"fr-FR\",\"@id\":\"https:\/\/mack4seasons.com\/#\/schema\/logo\/image\/\",\"url\":\"https:\/\/mack4seasons.com\/wp-content\/uploads\/2021\/06\/w-MACK-logo-pantone-02A19E.png\",\"contentUrl\":\"https:\/\/mack4seasons.com\/wp-content\/uploads\/2021\/06\/w-MACK-logo-pantone-02A19E.png\",\"width\":809,\"height\":425,\"caption\":\"Mack4Season\"},\"image\":{\"@id\":\"https:\/\/mack4seasons.com\/#\/schema\/logo\/image\/\"},\"sameAs\":[\"https:\/\/www.facebook.com\/profile.php?id=100075990468585\"]}]}<\/script>\n<!-- \/ Yoast SEO plugin. -->","yoast_head_json":{"title":"Joint verre double porte pour les po\u00eales \u00e0 granul\u00e9s Kausiflam code.RI.01487 - Mack4Season","robots":{"index":"index","follow":"follow","max-snippet":"max-snippet:-1","max-image-preview":"max-image-preview:large","max-video-preview":"max-video-preview:-1"},"canonical":"https:\/\/mack4seasons.com\/fr\/negozio\/kausiflam-ricambi-specifici-per-marchio\/terra-eco-kausiflam-ricambi-specifici-per-marchio\/joint-verre-double-porte-pour-les-poeles-a-granules-kausiflam-code-ri-01487\/","og_locale":"fr_FR","og_type":"article","og_title":"Joint verre double porte pour les po\u00eales \u00e0 granul\u00e9s Kausiflam code.RI.01487 - Mack4Season","og_description":"Disponibile","og_url":"https:\/\/mack4seasons.com\/fr\/negozio\/kausiflam-ricambi-specifici-per-marchio\/terra-eco-kausiflam-ricambi-specifici-per-marchio\/joint-verre-double-porte-pour-les-poeles-a-granules-kausiflam-code-ri-01487\/","og_site_name":"Mack4Season","article_publisher":"https:\/\/www.facebook.com\/profile.php?id=100075990468585","article_modified_time":"2022-10-03T08:28:01+00:00","og_image":[{"width":640,"height":640,"url":"https:\/\/mack4seasons.com\/wp-content\/uploads\/2021\/11\/w-SITO-NASTRI-6-2.jpg","type":"image\/jpeg"}],"twitter_card":"summary_large_image","twitter_misc":{"Dur\u00e9e de lecture estim\u00e9e":"1 minute"},"schema":{"@context":"https:\/\/schema.org","@graph":[{"@type":"WebPage","@id":"https:\/\/mack4seasons.com\/negozio\/kausiflam-ricambi-specifici-per-marchio\/terra-eco-kausiflam-ricambi-specifici-per-marchio\/joint-verre-double-porte-pour-les-poeles-a-granules-kausiflam-code-ri-01487\/","url":"https:\/\/mack4seasons.com\/negozio\/kausiflam-ricambi-specifici-per-marchio\/terra-eco-kausiflam-ricambi-specifici-per-marchio\/joint-verre-double-porte-pour-les-poeles-a-granules-kausiflam-code-ri-01487\/","name":"Joint verre double porte pour les po\u00eales \u00e0 granul\u00e9s Kausiflam code.RI.01487 - Mack4Season","isPartOf":{"@id":"https:\/\/mack4seasons.com\/#website"},"primaryImageOfPage":{"@id":"https:\/\/mack4seasons.com\/negozio\/kausiflam-ricambi-specifici-per-marchio\/terra-eco-kausiflam-ricambi-specifici-per-marchio\/joint-verre-double-porte-pour-les-poeles-a-granules-kausiflam-code-ri-01487\/#primaryimage"},"image":{"@id":"https:\/\/mack4seasons.com\/negozio\/kausiflam-ricambi-specifici-per-marchio\/terra-eco-kausiflam-ricambi-specifici-per-marchio\/joint-verre-double-porte-pour-les-poeles-a-granules-kausiflam-code-ri-01487\/#primaryimage"},"thumbnailUrl":"https:\/\/mack4seasons.com\/wp-content\/uploads\/2021\/11\/w-SITO-NASTRI-6-2.jpg","datePublished":"2020-01-10T00:00:00+00:00","dateModified":"2022-10-03T08:28:01+00:00","breadcrumb":{"@id":"https:\/\/mack4seasons.com\/negozio\/kausiflam-ricambi-specifici-per-marchio\/terra-eco-kausiflam-ricambi-specifici-per-marchio\/joint-verre-double-porte-pour-les-poeles-a-granules-kausiflam-code-ri-01487\/#breadcrumb"},"inLanguage":"fr-FR","potentialAction":[{"@type":"ReadAction","target":["https:\/\/mack4seasons.com\/negozio\/kausiflam-ricambi-specifici-per-marchio\/terra-eco-kausiflam-ricambi-specifici-per-marchio\/joint-verre-double-porte-pour-les-poeles-a-granules-kausiflam-code-ri-01487\/"]}]},{"@type":"ImageObject","inLanguage":"fr-FR","@id":"https:\/\/mack4seasons.com\/negozio\/kausiflam-ricambi-specifici-per-marchio\/terra-eco-kausiflam-ricambi-specifici-per-marchio\/joint-verre-double-porte-pour-les-poeles-a-granules-kausiflam-code-ri-01487\/#primaryimage","url":"https:\/\/mack4seasons.com\/wp-content\/uploads\/2021\/11\/w-SITO-NASTRI-6-2.jpg","contentUrl":"https:\/\/mack4seasons.com\/wp-content\/uploads\/2021\/11\/w-SITO-NASTRI-6-2.jpg","width":640,"height":640},{"@type":"BreadcrumbList","@id":"https:\/\/mack4seasons.com\/negozio\/kausiflam-ricambi-specifici-per-marchio\/terra-eco-kausiflam-ricambi-specifici-per-marchio\/joint-verre-double-porte-pour-les-poeles-a-granules-kausiflam-code-ri-01487\/#breadcrumb","itemListElement":[{"@type":"ListItem","position":1,"name":"Home","item":"https:\/\/mack4seasons.com\/ricambi-accessori-stufe-e-caldaie-pellet\/"},{"@type":"ListItem","position":2,"name":"Shop","item":"https:\/\/mack4seasons.com\/negozio\/"},{"@type":"ListItem","position":3,"name":"Joint verre double porte pour les po\u00eales \u00e0 granul\u00e9s Kausiflam code.RI.01487"}]},{"@type":"WebSite","@id":"https:\/\/mack4seasons.com\/#website","url":"https:\/\/mack4seasons.com\/","name":"Mack4Season","description":"Pour le confort thermique de votre maison","publisher":{"@id":"https:\/\/mack4seasons.com\/#organization"},"potentialAction":[{"@type":"SearchAction","target":{"@type":"EntryPoint","urlTemplate":"https:\/\/mack4seasons.com\/?s={search_term_string}"},"query-input":{"@type":"PropertyValueSpecification","valueRequired":true,"valueName":"search_term_string"}}],"inLanguage":"fr-FR"},{"@type":"Organization","@id":"https:\/\/mack4seasons.com\/#organization","name":"Mack4Season","url":"https:\/\/mack4seasons.com\/","logo":{"@type":"ImageObject","inLanguage":"fr-FR","@id":"https:\/\/mack4seasons.com\/#\/schema\/logo\/image\/","url":"https:\/\/mack4seasons.com\/wp-content\/uploads\/2021\/06\/w-MACK-logo-pantone-02A19E.png","contentUrl":"https:\/\/mack4seasons.com\/wp-content\/uploads\/2021\/06\/w-MACK-logo-pantone-02A19E.png","width":809,"height":425,"caption":"Mack4Season"},"image":{"@id":"https:\/\/mack4seasons.com\/#\/schema\/logo\/image\/"},"sameAs":["https:\/\/www.facebook.com\/profile.php?id=100075990468585"]}]}},"_links":{"self":[{"href":"https:\/\/mack4seasons.com\/fr\/wp-json\/wp\/v2\/product\/13872","targetHints":{"allow":["GET"]}}],"collection":[{"href":"https:\/\/mack4seasons.com\/fr\/wp-json\/wp\/v2\/product"}],"about":[{"href":"https:\/\/mack4seasons.com\/fr\/wp-json\/wp\/v2\/types\/product"}],"wp:featuredmedia":[{"embeddable":true,"href":"https:\/\/mack4seasons.com\/fr\/wp-json\/wp\/v2\/media\/13640"}],"wp:attachment":[{"href":"https:\/\/mack4seasons.com\/fr\/wp-json\/wp\/v2\/media?parent=13872"}],"wp:term":[{"taxonomy":"product_brand","embeddable":true,"href":"https:\/\/mack4seasons.com\/fr\/wp-json\/wp\/v2\/product_brand?post=13872"},{"taxonomy":"product_cat","embeddable":true,"href":"https:\/\/mack4seasons.com\/fr\/wp-json\/wp\/v2\/product_cat?post=13872"},{"taxonomy":"product_tag","embeddable":true,"href":"https:\/\/mack4seasons.com\/fr\/wp-json\/wp\/v2\/product_tag?post=13872"}],"curies":[{"name":"wp","href":"https:\/\/api.w.org\/{rel}","templated":true}]}}